{"id":76137,"date":"2020-11-16T13:18:22","date_gmt":"2019-09-02T11:18:27","guid":{"rendered":"https:\/\/www.dogmasocks.com\/?post_type=product&#038;p=76137"},"modified":"2020-11-16T21:24:34","modified_gmt":"2020-11-16T20:24:34","slug":"snow-leopard-retro-stripe","status":"publish","type":"product","link":"https:\/\/www.dogmasocks.com\/hr\/proizvod\/snow-leopard-retro-stripe\/","title":{"rendered":"Snow Leopard Retro Stripe"},"content":{"rendered":"<p class=\"_2bZs5FGitKbReTGm_P5_bY direction-ltr align-start para-style-body\">Ultra tehni\u010dka kompresijska \u010darapa dizajnirana za skija\u0161e i snowboardere koji tra\u017ee brzinu i reakciju.<\/p>\n<p class=\"_2bZs5FGitKbReTGm_P5_bY direction-ltr align-start para-style-body\">Optimalna kompresija daje potporu mi\u0161i\u0107ima i omogu\u0107ava br\u017ei oporavak.<\/p>\n<p class=\"_2bZs5FGitKbReTGm_P5_bY direction-ltr align-start para-style-body\">Anatomski oblikovana ojastu\u010denja omogu\u0107avaju direktniji kontakt i br\u017ei prijenos energije.<\/p>\n<p class=\"_2bZs5FGitKbReTGm_P5_bY direction-ltr align-start para-style-body\">Optimalan spoj nje\u017ene merino vune i polipropilena osigurava termoregulaciju.<\/p>\n<p class=\"_2bZs5FGitKbReTGm_P5_bY direction-ltr align-start para-style-body\">Ojastu\u010denja u kriti\u010dnim zonama daju komfor i potporu tokom cjelodnevne aktivnosti na snijegu.<\/p>\n<p><strong>TEHNOLOGIJE:<\/strong><\/p>\n<p>\u2022 Savr\u0161en spoj tehni\u010dkih materijala, merino vune i polipropilana s termoreguliraju\u0107im zna\u010dajkama<br \/>\n\u2022 Strate\u0161ki dizajnirana podstava kroz \u010darapu<br \/>\n\u2022 Optimalna kompresija za du\u017ee vo\u017enje i bolji oporavak mi\u0161i\u0107a<br \/>\n\u2022 Anatomski oblik<br \/>\n\u2022 Tehnologija za\u0161tite ahilove tetive<br \/>\n\u2022 Tehnologija za\u0161tite potkoljenice<br \/>\n\u2022 Tehnologija za\u0161tite lista<\/p>\n","protected":false},"excerpt":{"rendered":"<p class=\"_2bZs5FGitKbReTGm_P5_bY direction-ltr align-start para-style-body\">Ultra tehni\u010dka kompresijska \u010darapa dizajnirana za skija\u0161e i snowboardere koji tra\u017ee brzinu i reakciju.<\/p>\n<p class=\"_2bZs5FGitKbReTGm_P5_bY direction-ltr align-start para-style-body\">Optimalna kompresija daje potporu mi\u0161i\u0107ima i omogu\u0107ava br\u017ei oporavak.<\/p>\n<p class=\"_2bZs5FGitKbReTGm_P5_bY direction-ltr align-start para-style-body\">Anatomski oblikovana ojastu\u010denja omogu\u0107avaju direktniji kontakt i br\u017ei prijenos energije.<\/p>\n<p class=\"_2bZs5FGitKbReTGm_P5_bY direction-ltr align-start para-style-body\">Optimalan spoj nje\u017ene merino vune i polipropilena osigurava termoregulaciju.<\/p>\n<p class=\"_2bZs5FGitKbReTGm_P5_bY direction-ltr align-start para-style-body\">Ojastu\u010denja u kriti\u010dnim zonama daju komfor i potporu tokom cjelodnevne aktivnosti na snijegu.<\/p>\n","protected":false},"featured_media":1470066,"comment_status":"open","ping_status":"closed","template":"","meta":{"_acf_changed":false},"product_brand":[],"product_cat":[840,846,822],"product_tag":[854,856,858,894,919,923,877,899,878,918,920,922,873,883,916],"class_list":{"0":"post-76137","1":"product","2":"type-product","3":"status-publish","4":"has-post-thumbnail","6":"product_cat-zimski-sportovi","7":"product_cat-snow-leopard-hr","8":"product_cat-outlet-hr","9":"product_tag-ahilov-stit","10":"product_tag-aircon-tech-hr","11":"product_tag-anatomski-dizajn","12":"product_tag-besavnost","13":"product_tag-carape-za-skijanje","14":"product_tag-carape-za-snowboarding","15":"product_tag-kompresijske-carape","16":"product_tag-merino-vuna","17":"product_tag-moc-kompresije","18":"product_tag-skijati","19":"product_tag-snijeg","20":"product_tag-snowboardanje","21":"product_tag-stitnik-lista","22":"product_tag-tehnologija-pojastucenja","23":"product_tag-zastita-cjevanice","25":"first","26":"instock","27":"sale","28":"taxable","29":"shipping-taxable","30":"purchasable","31":"product-type-variable"},"acf":[],"yoast_head":"<!-- This site is optimized with the Yoast SEO plugin v24.2 - https:\/\/yoast.com\/wordpress\/plugins\/seo\/ -->\n<title>Snow Leopard Retro Stripe | Dogma Socks - Extreme Design For Your Feet<\/title>\n<meta name=\"robots\" content=\"index, follow, max-snippet:-1, max-image-preview:large, max-video-preview:-1\" \/>\n<link rel=\"canonical\" href=\"https:\/\/www.dogmasocks.com\/hr\/proizvod\/snow-leopard-retro-stripe\/\" \/>\n<meta property=\"og:locale\" content=\"hr_HR\" \/>\n<meta property=\"og:type\" content=\"article\" \/>\n<meta property=\"og:title\" content=\"Snow Leopard Retro Stripe | Dogma Socks - Extreme Design For Your Feet\" \/>\n<meta property=\"og:description\" content=\"Ultra tehni\u010dka kompresijska \u010darapa dizajnirana za skija\u0161e i snowboardere koji tra\u017ee brzinu i reakciju. Optimalna kompresija daje potporu mi\u0161i\u0107ima i omogu\u0107ava br\u017ei oporavak. Anatomski oblikovana ojastu\u010denja omogu\u0107avaju direktniji kontakt i br\u017ei prijenos energije. Optimalan spoj nje\u017ene merino vune i polipropilena osigurava termoregulaciju. Ojastu\u010denja u kriti\u010dnim zonama daju komfor i potporu tokom cjelodnevne aktivnosti na snijegu.\" \/>\n<meta property=\"og:url\" content=\"https:\/\/www.dogmasocks.com\/hr\/proizvod\/snow-leopard-retro-stripe\/\" \/>\n<meta property=\"og:site_name\" content=\"Dogma Socks\" \/>\n<meta property=\"article:publisher\" content=\"https:\/\/www.facebook.com\/dogmasocks\/\" \/>\n<meta property=\"article:modified_time\" content=\"2020-11-16T20:24:34+00:00\" \/>\n<meta property=\"og:image\" content=\"http:\/\/www.dogmasocks.com\/wp-content\/uploads\/2020\/11\/UltraTechnical_4_1.jpg\" \/>\n\t<meta property=\"og:image:width\" content=\"1800\" \/>\n\t<meta property=\"og:image:height\" content=\"1800\" \/>\n\t<meta property=\"og:image:type\" content=\"image\/jpeg\" \/>\n<meta name=\"twitter:card\" content=\"summary_large_image\" \/>\n<meta name=\"twitter:label1\" content=\"Procijenjeno vrijeme \u010ditanja\" \/>\n\t<meta name=\"twitter:data1\" content=\"1 minuta\" \/>\n<script type=\"application\/ld+json\" class=\"yoast-schema-graph\">{\"@context\":\"https:\/\/schema.org\",\"@graph\":[{\"@type\":\"WebPage\",\"@id\":\"https:\/\/www.dogmasocks.com\/hr\/proizvod\/snow-leopard-retro-stripe\/\",\"url\":\"https:\/\/www.dogmasocks.com\/hr\/proizvod\/snow-leopard-retro-stripe\/\",\"name\":\"Snow Leopard Retro Stripe | Dogma Socks - Extreme Design For Your Feet\",\"isPartOf\":{\"@id\":\"https:\/\/www.dogmasocks.com\/hr\/#website\"},\"primaryImageOfPage\":{\"@id\":\"https:\/\/www.dogmasocks.com\/hr\/proizvod\/snow-leopard-retro-stripe\/#primaryimage\"},\"image\":{\"@id\":\"https:\/\/www.dogmasocks.com\/hr\/proizvod\/snow-leopard-retro-stripe\/#primaryimage\"},\"thumbnailUrl\":\"https:\/\/www.dogmasocks.com\/wp-content\/uploads\/2020\/11\/UltraTechnical_4_1.jpg\",\"datePublished\":\"2019-09-02T11:18:27+00:00\",\"dateModified\":\"2020-11-16T20:24:34+00:00\",\"breadcrumb\":{\"@id\":\"https:\/\/www.dogmasocks.com\/hr\/proizvod\/snow-leopard-retro-stripe\/#breadcrumb\"},\"inLanguage\":\"hr\",\"potentialAction\":[{\"@type\":\"ReadAction\",\"target\":[\"https:\/\/www.dogmasocks.com\/hr\/proizvod\/snow-leopard-retro-stripe\/\"]}]},{\"@type\":\"ImageObject\",\"inLanguage\":\"hr\",\"@id\":\"https:\/\/www.dogmasocks.com\/hr\/proizvod\/snow-leopard-retro-stripe\/#primaryimage\",\"url\":\"https:\/\/www.dogmasocks.com\/wp-content\/uploads\/2020\/11\/UltraTechnical_4_1.jpg\",\"contentUrl\":\"https:\/\/www.dogmasocks.com\/wp-content\/uploads\/2020\/11\/UltraTechnical_4_1.jpg\",\"width\":1800,\"height\":1800},{\"@type\":\"BreadcrumbList\",\"@id\":\"https:\/\/www.dogmasocks.com\/hr\/proizvod\/snow-leopard-retro-stripe\/#breadcrumb\",\"itemListElement\":[{\"@type\":\"ListItem\",\"position\":1,\"name\":\"Home\",\"item\":\"https:\/\/www.dogmasocks.com\/hr\/\"},{\"@type\":\"ListItem\",\"position\":2,\"name\":\"Shop\",\"item\":\"http:\/\/www.dogmasocks.com\/hr\/shop\/\"},{\"@type\":\"ListItem\",\"position\":3,\"name\":\"Snow Leopard Retro Stripe\"}]},{\"@type\":\"WebSite\",\"@id\":\"https:\/\/www.dogmasocks.com\/hr\/#website\",\"url\":\"https:\/\/www.dogmasocks.com\/hr\/\",\"name\":\"Dogma Socks\",\"description\":\"eXtreme design for your feet.\",\"potentialAction\":[{\"@type\":\"SearchAction\",\"target\":{\"@type\":\"EntryPoint\",\"urlTemplate\":\"https:\/\/www.dogmasocks.com\/hr\/?s={search_term_string}\"},\"query-input\":{\"@type\":\"PropertyValueSpecification\",\"valueRequired\":true,\"valueName\":\"search_term_string\"}}],\"inLanguage\":\"hr\"}]}<\/script>\n<!-- \/ Yoast SEO plugin. -->","yoast_head_json":{"title":"Snow Leopard Retro Stripe | Dogma Socks - Extreme Design For Your Feet","robots":{"index":"index","follow":"follow","max-snippet":"max-snippet:-1","max-image-preview":"max-image-preview:large","max-video-preview":"max-video-preview:-1"},"canonical":"https:\/\/www.dogmasocks.com\/hr\/proizvod\/snow-leopard-retro-stripe\/","og_locale":"hr_HR","og_type":"article","og_title":"Snow Leopard Retro Stripe | Dogma Socks - Extreme Design For Your Feet","og_description":"Ultra tehni\u010dka kompresijska \u010darapa dizajnirana za skija\u0161e i snowboardere koji tra\u017ee brzinu i reakciju. Optimalna kompresija daje potporu mi\u0161i\u0107ima i omogu\u0107ava br\u017ei oporavak. Anatomski oblikovana ojastu\u010denja omogu\u0107avaju direktniji kontakt i br\u017ei prijenos energije. Optimalan spoj nje\u017ene merino vune i polipropilena osigurava termoregulaciju. Ojastu\u010denja u kriti\u010dnim zonama daju komfor i potporu tokom cjelodnevne aktivnosti na snijegu.","og_url":"https:\/\/www.dogmasocks.com\/hr\/proizvod\/snow-leopard-retro-stripe\/","og_site_name":"Dogma Socks","article_publisher":"https:\/\/www.facebook.com\/dogmasocks\/","article_modified_time":"2020-11-16T20:24:34+00:00","og_image":[{"width":1800,"height":1800,"url":"http:\/\/www.dogmasocks.com\/wp-content\/uploads\/2020\/11\/UltraTechnical_4_1.jpg","type":"image\/jpeg"}],"twitter_card":"summary_large_image","twitter_misc":{"Procijenjeno vrijeme \u010ditanja":"1 minuta"},"schema":{"@context":"https:\/\/schema.org","@graph":[{"@type":"WebPage","@id":"https:\/\/www.dogmasocks.com\/hr\/proizvod\/snow-leopard-retro-stripe\/","url":"https:\/\/www.dogmasocks.com\/hr\/proizvod\/snow-leopard-retro-stripe\/","name":"Snow Leopard Retro Stripe | Dogma Socks - Extreme Design For Your Feet","isPartOf":{"@id":"https:\/\/www.dogmasocks.com\/hr\/#website"},"primaryImageOfPage":{"@id":"https:\/\/www.dogmasocks.com\/hr\/proizvod\/snow-leopard-retro-stripe\/#primaryimage"},"image":{"@id":"https:\/\/www.dogmasocks.com\/hr\/proizvod\/snow-leopard-retro-stripe\/#primaryimage"},"thumbnailUrl":"https:\/\/www.dogmasocks.com\/wp-content\/uploads\/2020\/11\/UltraTechnical_4_1.jpg","datePublished":"2019-09-02T11:18:27+00:00","dateModified":"2020-11-16T20:24:34+00:00","breadcrumb":{"@id":"https:\/\/www.dogmasocks.com\/hr\/proizvod\/snow-leopard-retro-stripe\/#breadcrumb"},"inLanguage":"hr","potentialAction":[{"@type":"ReadAction","target":["https:\/\/www.dogmasocks.com\/hr\/proizvod\/snow-leopard-retro-stripe\/"]}]},{"@type":"ImageObject","inLanguage":"hr","@id":"https:\/\/www.dogmasocks.com\/hr\/proizvod\/snow-leopard-retro-stripe\/#primaryimage","url":"https:\/\/www.dogmasocks.com\/wp-content\/uploads\/2020\/11\/UltraTechnical_4_1.jpg","contentUrl":"https:\/\/www.dogmasocks.com\/wp-content\/uploads\/2020\/11\/UltraTechnical_4_1.jpg","width":1800,"height":1800},{"@type":"BreadcrumbList","@id":"https:\/\/www.dogmasocks.com\/hr\/proizvod\/snow-leopard-retro-stripe\/#breadcrumb","itemListElement":[{"@type":"ListItem","position":1,"name":"Home","item":"https:\/\/www.dogmasocks.com\/hr\/"},{"@type":"ListItem","position":2,"name":"Shop","item":"http:\/\/www.dogmasocks.com\/hr\/shop\/"},{"@type":"ListItem","position":3,"name":"Snow Leopard Retro Stripe"}]},{"@type":"WebSite","@id":"https:\/\/www.dogmasocks.com\/hr\/#website","url":"https:\/\/www.dogmasocks.com\/hr\/","name":"Dogma Socks","description":"eXtreme design for your feet.","potentialAction":[{"@type":"SearchAction","target":{"@type":"EntryPoint","urlTemplate":"https:\/\/www.dogmasocks.com\/hr\/?s={search_term_string}"},"query-input":{"@type":"PropertyValueSpecification","valueRequired":true,"valueName":"search_term_string"}}],"inLanguage":"hr"}]}},"_links":{"self":[{"href":"https:\/\/www.dogmasocks.com\/hr\/wp-json\/wp\/v2\/product\/76137","targetHints":{"allow":["GET"]}}],"collection":[{"href":"https:\/\/www.dogmasocks.com\/hr\/wp-json\/wp\/v2\/product"}],"about":[{"href":"https:\/\/www.dogmasocks.com\/hr\/wp-json\/wp\/v2\/types\/product"}],"replies":[{"embeddable":true,"href":"https:\/\/www.dogmasocks.com\/hr\/wp-json\/wp\/v2\/comments?post=76137"}],"wp:featuredmedia":[{"embeddable":true,"href":"https:\/\/www.dogmasocks.com\/hr\/wp-json\/wp\/v2\/media\/1470066"}],"wp:attachment":[{"href":"https:\/\/www.dogmasocks.com\/hr\/wp-json\/wp\/v2\/media?parent=76137"}],"wp:term":[{"taxonomy":"product_brand","embeddable":true,"href":"https:\/\/www.dogmasocks.com\/hr\/wp-json\/wp\/v2\/product_brand?post=76137"},{"taxonomy":"product_cat","embeddable":true,"href":"https:\/\/www.dogmasocks.com\/hr\/wp-json\/wp\/v2\/product_cat?post=76137"},{"taxonomy":"product_tag","embeddable":true,"href":"https:\/\/www.dogmasocks.com\/hr\/wp-json\/wp\/v2\/product_tag?post=76137"}],"curies":[{"name":"wp","href":"https:\/\/api.w.org\/{rel}","templated":true}]}}