{"id":70172,"date":"2020-04-19T13:27:46","date_gmt":"2019-04-19T11:27:46","guid":{"rendered":"https:\/\/www.dogmasocks.com\/product\/wrist-band-black\/"},"modified":"2025-02-27T10:06:50","modified_gmt":"2025-02-27T09:06:50","slug":"wrist-band-black","status":"publish","type":"product","link":"https:\/\/www.dogmasocks.com\/hr\/proizvod\/wrist-band-black\/","title":{"rendered":"Wrist Band Black"},"content":{"rendered":"<p>Dogma trake su savr\u0161ene za sve sportove. Lagan i upijaju\u0107i materijal odr\u017eava znojenje pod kontrolom kako biste se vi mogli fokusirati na akciju. Prozra\u010dna i rastezljiva traka dolazi u paketu i univerzalnoj veli\u010dini koja odgovara svima.<\/p>\n<p>Savr\u0161ena za sve sportove<br \/>\n2 komada u pakiranju<br \/>\nRastezljiva<br \/>\nLagana i prozra\u010dna<br \/>\nUpijaju\u0107i materijali<br \/>\nUniverzalna veli\u010dina<\/p>\n","protected":false},"excerpt":{"rendered":"<p>Dogma trake su savr\u0161ene za sve sportove. Lagan i upijaju\u0107i materijal odr\u017eava znojenje pod kontrolom kako biste se vi mogli fokusirati na akciju. Prozra\u010dna i rastezljiva traka dolazi u paketu i univerzalnoj veli\u010dini koja odgovara svima.<\/p>\n","protected":false},"featured_media":690173,"comment_status":"open","ping_status":"closed","template":"","meta":{"_acf_changed":false},"product_brand":[],"product_cat":[833,813,816],"product_tag":[887,904,871,928,864,944,931],"class_list":{"0":"post-70172","1":"product","2":"type-product","3":"status-publish","4":"has-post-thumbnail","6":"product_cat-trcanje","7":"product_cat-dodaci","8":"product_cat-znojnici","9":"product_tag-brzo-susenje","10":"product_tag-multifunkcionalne","11":"product_tag-prozracne","12":"product_tag-sport-hr","13":"product_tag-traka","14":"product_tag-traka-za-ruku","15":"product_tag-znojnici","17":"first","18":"outofstock","19":"taxable","20":"shipping-taxable","21":"purchasable","22":"product-type-variable"},"acf":[],"yoast_head":"<!-- This site is optimized with the Yoast SEO plugin v24.2 - https:\/\/yoast.com\/wordpress\/plugins\/seo\/ -->\n<title>Wrist Band Black | Dogma Socks - Extreme Design For Your Feet<\/title>\n<meta name=\"robots\" content=\"index, follow, max-snippet:-1, max-image-preview:large, max-video-preview:-1\" \/>\n<link rel=\"canonical\" href=\"https:\/\/www.dogmasocks.com\/hr\/proizvod\/wrist-band-black\/\" \/>\n<meta property=\"og:locale\" content=\"hr_HR\" \/>\n<meta property=\"og:type\" content=\"article\" \/>\n<meta property=\"og:title\" content=\"Wrist Band Black | Dogma Socks - Extreme Design For Your Feet\" \/>\n<meta property=\"og:description\" content=\"Dogma trake su savr\u0161ene za sve sportove. Lagan i upijaju\u0107i materijal odr\u017eava znojenje pod kontrolom kako biste se vi mogli fokusirati na akciju. Prozra\u010dna i rastezljiva traka dolazi u paketu i univerzalnoj veli\u010dini koja odgovara svima.\" \/>\n<meta property=\"og:url\" content=\"https:\/\/www.dogmasocks.com\/hr\/proizvod\/wrist-band-black\/\" \/>\n<meta property=\"og:site_name\" content=\"Dogma Socks\" \/>\n<meta property=\"article:publisher\" content=\"https:\/\/www.facebook.com\/dogmasocks\/\" \/>\n<meta property=\"article:modified_time\" content=\"2025-02-27T09:06:50+00:00\" \/>\n<meta property=\"og:image\" content=\"https:\/\/www.dogmasocks.com\/wp-content\/uploads\/2020\/04\/Znojnik.jpg\" \/>\n\t<meta property=\"og:image:width\" content=\"1200\" \/>\n\t<meta property=\"og:image:height\" content=\"1200\" \/>\n\t<meta property=\"og:image:type\" content=\"image\/jpeg\" \/>\n<meta name=\"twitter:card\" content=\"summary_large_image\" \/>\n<meta name=\"twitter:label1\" content=\"Procijenjeno vrijeme \u010ditanja\" \/>\n\t<meta name=\"twitter:data1\" content=\"1 minuta\" \/>\n<script type=\"application\/ld+json\" class=\"yoast-schema-graph\">{\"@context\":\"https:\/\/schema.org\",\"@graph\":[{\"@type\":\"WebPage\",\"@id\":\"https:\/\/www.dogmasocks.com\/hr\/proizvod\/wrist-band-black\/\",\"url\":\"https:\/\/www.dogmasocks.com\/hr\/proizvod\/wrist-band-black\/\",\"name\":\"Wrist Band Black | Dogma Socks - Extreme Design For Your Feet\",\"isPartOf\":{\"@id\":\"https:\/\/www.dogmasocks.com\/hr\/#website\"},\"primaryImageOfPage\":{\"@id\":\"https:\/\/www.dogmasocks.com\/hr\/proizvod\/wrist-band-black\/#primaryimage\"},\"image\":{\"@id\":\"https:\/\/www.dogmasocks.com\/hr\/proizvod\/wrist-band-black\/#primaryimage\"},\"thumbnailUrl\":\"https:\/\/www.dogmasocks.com\/wp-content\/uploads\/2020\/04\/Znojnik.jpg\",\"datePublished\":\"2019-04-19T11:27:46+00:00\",\"dateModified\":\"2025-02-27T09:06:50+00:00\",\"breadcrumb\":{\"@id\":\"https:\/\/www.dogmasocks.com\/hr\/proizvod\/wrist-band-black\/#breadcrumb\"},\"inLanguage\":\"hr\",\"potentialAction\":[{\"@type\":\"ReadAction\",\"target\":[\"https:\/\/www.dogmasocks.com\/hr\/proizvod\/wrist-band-black\/\"]}]},{\"@type\":\"ImageObject\",\"inLanguage\":\"hr\",\"@id\":\"https:\/\/www.dogmasocks.com\/hr\/proizvod\/wrist-band-black\/#primaryimage\",\"url\":\"https:\/\/www.dogmasocks.com\/wp-content\/uploads\/2020\/04\/Znojnik.jpg\",\"contentUrl\":\"https:\/\/www.dogmasocks.com\/wp-content\/uploads\/2020\/04\/Znojnik.jpg\",\"width\":1200,\"height\":1200,\"caption\":\"wrist band in black with green dogma logo\"},{\"@type\":\"BreadcrumbList\",\"@id\":\"https:\/\/www.dogmasocks.com\/hr\/proizvod\/wrist-band-black\/#breadcrumb\",\"itemListElement\":[{\"@type\":\"ListItem\",\"position\":1,\"name\":\"Home\",\"item\":\"https:\/\/www.dogmasocks.com\/hr\/\"},{\"@type\":\"ListItem\",\"position\":2,\"name\":\"Shop\",\"item\":\"http:\/\/www.dogmasocks.com\/hr\/shop\/\"},{\"@type\":\"ListItem\",\"position\":3,\"name\":\"Wrist Band Black\"}]},{\"@type\":\"WebSite\",\"@id\":\"https:\/\/www.dogmasocks.com\/hr\/#website\",\"url\":\"https:\/\/www.dogmasocks.com\/hr\/\",\"name\":\"Dogma Socks\",\"description\":\"eXtreme design for your feet.\",\"potentialAction\":[{\"@type\":\"SearchAction\",\"target\":{\"@type\":\"EntryPoint\",\"urlTemplate\":\"https:\/\/www.dogmasocks.com\/hr\/?s={search_term_string}\"},\"query-input\":{\"@type\":\"PropertyValueSpecification\",\"valueRequired\":true,\"valueName\":\"search_term_string\"}}],\"inLanguage\":\"hr\"}]}<\/script>\n<!-- \/ Yoast SEO plugin. -->","yoast_head_json":{"title":"Wrist Band Black | Dogma Socks - Extreme Design For Your Feet","robots":{"index":"index","follow":"follow","max-snippet":"max-snippet:-1","max-image-preview":"max-image-preview:large","max-video-preview":"max-video-preview:-1"},"canonical":"https:\/\/www.dogmasocks.com\/hr\/proizvod\/wrist-band-black\/","og_locale":"hr_HR","og_type":"article","og_title":"Wrist Band Black | Dogma Socks - Extreme Design For Your Feet","og_description":"Dogma trake su savr\u0161ene za sve sportove. Lagan i upijaju\u0107i materijal odr\u017eava znojenje pod kontrolom kako biste se vi mogli fokusirati na akciju. Prozra\u010dna i rastezljiva traka dolazi u paketu i univerzalnoj veli\u010dini koja odgovara svima.","og_url":"https:\/\/www.dogmasocks.com\/hr\/proizvod\/wrist-band-black\/","og_site_name":"Dogma Socks","article_publisher":"https:\/\/www.facebook.com\/dogmasocks\/","article_modified_time":"2025-02-27T09:06:50+00:00","og_image":[{"width":1200,"height":1200,"url":"https:\/\/www.dogmasocks.com\/wp-content\/uploads\/2020\/04\/Znojnik.jpg","type":"image\/jpeg"}],"twitter_card":"summary_large_image","twitter_misc":{"Procijenjeno vrijeme \u010ditanja":"1 minuta"},"schema":{"@context":"https:\/\/schema.org","@graph":[{"@type":"WebPage","@id":"https:\/\/www.dogmasocks.com\/hr\/proizvod\/wrist-band-black\/","url":"https:\/\/www.dogmasocks.com\/hr\/proizvod\/wrist-band-black\/","name":"Wrist Band Black | Dogma Socks - Extreme Design For Your Feet","isPartOf":{"@id":"https:\/\/www.dogmasocks.com\/hr\/#website"},"primaryImageOfPage":{"@id":"https:\/\/www.dogmasocks.com\/hr\/proizvod\/wrist-band-black\/#primaryimage"},"image":{"@id":"https:\/\/www.dogmasocks.com\/hr\/proizvod\/wrist-band-black\/#primaryimage"},"thumbnailUrl":"https:\/\/www.dogmasocks.com\/wp-content\/uploads\/2020\/04\/Znojnik.jpg","datePublished":"2019-04-19T11:27:46+00:00","dateModified":"2025-02-27T09:06:50+00:00","breadcrumb":{"@id":"https:\/\/www.dogmasocks.com\/hr\/proizvod\/wrist-band-black\/#breadcrumb"},"inLanguage":"hr","potentialAction":[{"@type":"ReadAction","target":["https:\/\/www.dogmasocks.com\/hr\/proizvod\/wrist-band-black\/"]}]},{"@type":"ImageObject","inLanguage":"hr","@id":"https:\/\/www.dogmasocks.com\/hr\/proizvod\/wrist-band-black\/#primaryimage","url":"https:\/\/www.dogmasocks.com\/wp-content\/uploads\/2020\/04\/Znojnik.jpg","contentUrl":"https:\/\/www.dogmasocks.com\/wp-content\/uploads\/2020\/04\/Znojnik.jpg","width":1200,"height":1200,"caption":"wrist band in black with green dogma logo"},{"@type":"BreadcrumbList","@id":"https:\/\/www.dogmasocks.com\/hr\/proizvod\/wrist-band-black\/#breadcrumb","itemListElement":[{"@type":"ListItem","position":1,"name":"Home","item":"https:\/\/www.dogmasocks.com\/hr\/"},{"@type":"ListItem","position":2,"name":"Shop","item":"http:\/\/www.dogmasocks.com\/hr\/shop\/"},{"@type":"ListItem","position":3,"name":"Wrist Band Black"}]},{"@type":"WebSite","@id":"https:\/\/www.dogmasocks.com\/hr\/#website","url":"https:\/\/www.dogmasocks.com\/hr\/","name":"Dogma Socks","description":"eXtreme design for your feet.","potentialAction":[{"@type":"SearchAction","target":{"@type":"EntryPoint","urlTemplate":"https:\/\/www.dogmasocks.com\/hr\/?s={search_term_string}"},"query-input":{"@type":"PropertyValueSpecification","valueRequired":true,"valueName":"search_term_string"}}],"inLanguage":"hr"}]}},"_links":{"self":[{"href":"https:\/\/www.dogmasocks.com\/hr\/wp-json\/wp\/v2\/product\/70172","targetHints":{"allow":["GET"]}}],"collection":[{"href":"https:\/\/www.dogmasocks.com\/hr\/wp-json\/wp\/v2\/product"}],"about":[{"href":"https:\/\/www.dogmasocks.com\/hr\/wp-json\/wp\/v2\/types\/product"}],"replies":[{"embeddable":true,"href":"https:\/\/www.dogmasocks.com\/hr\/wp-json\/wp\/v2\/comments?post=70172"}],"wp:featuredmedia":[{"embeddable":true,"href":"https:\/\/www.dogmasocks.com\/hr\/wp-json\/wp\/v2\/media\/690173"}],"wp:attachment":[{"href":"https:\/\/www.dogmasocks.com\/hr\/wp-json\/wp\/v2\/media?parent=70172"}],"wp:term":[{"taxonomy":"product_brand","embeddable":true,"href":"https:\/\/www.dogmasocks.com\/hr\/wp-json\/wp\/v2\/product_brand?post=70172"},{"taxonomy":"product_cat","embeddable":true,"href":"https:\/\/www.dogmasocks.com\/hr\/wp-json\/wp\/v2\/product_cat?post=70172"},{"taxonomy":"product_tag","embeddable":true,"href":"https:\/\/www.dogmasocks.com\/hr\/wp-json\/wp\/v2\/product_tag?post=70172"}],"curies":[{"name":"wp","href":"https:\/\/api.w.org\/{rel}","templated":true}]}}