{"id":69891,"date":"2019-05-16T00:33:13","date_gmt":"2019-05-15T22:33:13","guid":{"rendered":"https:\/\/www.dogmasocks.com\/product\/snow-fox-worms-blue\/"},"modified":"2019-11-19T18:26:27","modified_gmt":"2019-11-19T17:26:27","slug":"snow-fox-worms-blue","status":"publish","type":"product","link":"https:\/\/www.dogmasocks.com\/hr\/proizvod\/snow-fox-worms-blue\/","title":{"rendered":"Snow Fox Worms Blue"},"content":{"rendered":"<p>Snow Fox \u010darapa je istodobno nje\u017ena i jaka. Napravljena od mekane i nje\u017ene merino vune u kombinaciji s funkcionalnim materijalima za cjelodnevnu udobnost. Srednja kompresija \u010darape pru\u017ea savr\u0161eno pristajanje, bolji oporavak mi\u0161i\u0107a i najva\u017enije &#8211; ne\u0107e padati. Sna\u017eno pojastu\u010denje pru\u017ea lak\u0161i kontakt izme\u0111u cipele i noge i manje reaktivnom prijenosu energije. Istodobno osigurava visoku razinu topline i za\u0161tite. Dizajnirane za sve atleti\u010dare koji \u017eele preciznost i kontrolu, bez gubljenja na udobnosti i stilu. Ako vam je stalno hladno, imate osjetljivu ko\u017eu i stopala, Snow Fox \u010darape su zasigurno va\u0161e prvo oru\u017eje odabira.<\/p>\n<p><strong>TEHNOLOGIJE:<\/strong><\/p>\n<p>\u2022 Savr\u0161en spoj tehni\u010dkih materijala, merino vune i polipropilana s termoreguliraju\u010dim zna\u010dajkama<br \/>\n\u2022 Optimalna kompresija<br \/>\n\u2022 Tehnologija za\u0161tite tetitve<br \/>\n\u2022 Ventilacijski kanali za bolju propusnost zraka<br \/>\n\u2022 Jaka pojastu\u010denja<\/p>\n","protected":false},"excerpt":{"rendered":"<p>Snow Fox \u010darapa je istodobno nje\u017ena i jaka. Napravljena od mekane i nje\u017ene merino vune u kombinaciji s funkcionalnim materijalima za cjelodnevnu udobnost. Srednja kompresija \u010darape pru\u017ea savr\u0161eno pristajanje, bolji oporavak mi\u0161i\u0107a i najva\u017enije &#8211; ne\u0107e padati. Sna\u017eno pojastu\u010denje pru\u017ea lak\u0161i kontakt izme\u0111u cipele i noge i manje reaktivnom prijenosu energije. Istodobno osigurava visoku razinu topline i za\u0161tite. Dizajnirane za sve atleti\u010dare koji \u017eele preciznost i kontrolu, bez gubljenja na udobnosti i stilu. Ako vam je stalno hladno, imate osjetljivu ko\u017eu i stopala, Snow Fox \u010darape su zasigurno va\u0161e prvo oru\u017eje odabira.<\/p>\n<p>&nbsp;<\/p>\n<p>&nbsp;<\/p>\n","protected":false},"featured_media":56784,"comment_status":"open","ping_status":"closed","template":"","meta":{"_acf_changed":false},"product_brand":[],"product_cat":[822],"product_tag":[854,894,869,878,860,916],"class_list":{"0":"post-69891","1":"product","2":"type-product","3":"status-publish","4":"has-post-thumbnail","6":"product_cat-outlet-hr","7":"product_tag-ahilov-stit","8":"product_tag-besavnost","9":"product_tag-bez-zuljeva","10":"product_tag-moc-kompresije","11":"product_tag-stitnik-za-glezanj","12":"product_tag-zastita-cjevanice","14":"first","15":"instock","16":"taxable","17":"shipping-taxable","18":"purchasable","19":"product-type-simple"},"acf":[],"yoast_head":"<!-- This site is optimized with the Yoast SEO plugin v24.2 - https:\/\/yoast.com\/wordpress\/plugins\/seo\/ -->\n<title>Snow Fox Worms Blue | Dogma Socks - Extreme Design For Your Feet<\/title>\n<meta name=\"robots\" content=\"index, follow, max-snippet:-1, max-image-preview:large, max-video-preview:-1\" \/>\n<link rel=\"canonical\" href=\"https:\/\/www.dogmasocks.com\/hr\/proizvod\/snow-fox-worms-blue\/\" \/>\n<meta property=\"og:locale\" content=\"hr_HR\" \/>\n<meta property=\"og:type\" content=\"article\" \/>\n<meta property=\"og:title\" content=\"Snow Fox Worms Blue | Dogma Socks - Extreme Design For Your Feet\" \/>\n<meta property=\"og:description\" content=\"Snow Fox \u010darapa je istodobno nje\u017ena i jaka. Napravljena od mekane i nje\u017ene merino vune u kombinaciji s funkcionalnim materijalima za cjelodnevnu udobnost. Srednja kompresija \u010darape pru\u017ea savr\u0161eno pristajanje, bolji oporavak mi\u0161i\u0107a i najva\u017enije - ne\u0107e padati. Sna\u017eno pojastu\u010denje pru\u017ea lak\u0161i kontakt izme\u0111u cipele i noge i manje reaktivnom prijenosu energije. Istodobno osigurava visoku razinu topline i za\u0161tite. Dizajnirane za sve atleti\u010dare koji \u017eele preciznost i kontrolu, bez gubljenja na udobnosti i stilu. Ako vam je stalno hladno, imate osjetljivu ko\u017eu i stopala, Snow Fox \u010darape su zasigurno va\u0161e prvo oru\u017eje odabira.  &nbsp;  &nbsp;\" \/>\n<meta property=\"og:url\" content=\"https:\/\/www.dogmasocks.com\/hr\/proizvod\/snow-fox-worms-blue\/\" \/>\n<meta property=\"og:site_name\" content=\"Dogma Socks\" \/>\n<meta property=\"article:publisher\" content=\"https:\/\/www.facebook.com\/dogmasocks\/\" \/>\n<meta property=\"article:modified_time\" content=\"2019-11-19T17:26:27+00:00\" \/>\n<meta property=\"og:image\" content=\"http:\/\/www.dogmasocks.com\/wp-content\/uploads\/2019\/05\/dogmasocks-snow-snow-fox-worms-blue-1.jpg\" \/>\n\t<meta property=\"og:image:width\" content=\"903\" \/>\n\t<meta property=\"og:image:height\" content=\"1355\" \/>\n\t<meta property=\"og:image:type\" content=\"image\/jpeg\" \/>\n<meta name=\"twitter:card\" content=\"summary_large_image\" \/>\n<meta name=\"twitter:label1\" content=\"Procijenjeno vrijeme \u010ditanja\" \/>\n\t<meta name=\"twitter:data1\" content=\"1 minuta\" \/>\n<script type=\"application\/ld+json\" class=\"yoast-schema-graph\">{\"@context\":\"https:\/\/schema.org\",\"@graph\":[{\"@type\":\"WebPage\",\"@id\":\"https:\/\/www.dogmasocks.com\/hr\/proizvod\/snow-fox-worms-blue\/\",\"url\":\"https:\/\/www.dogmasocks.com\/hr\/proizvod\/snow-fox-worms-blue\/\",\"name\":\"Snow Fox Worms Blue | Dogma Socks - Extreme Design For Your Feet\",\"isPartOf\":{\"@id\":\"https:\/\/www.dogmasocks.com\/hr\/#website\"},\"primaryImageOfPage\":{\"@id\":\"https:\/\/www.dogmasocks.com\/hr\/proizvod\/snow-fox-worms-blue\/#primaryimage\"},\"image\":{\"@id\":\"https:\/\/www.dogmasocks.com\/hr\/proizvod\/snow-fox-worms-blue\/#primaryimage\"},\"thumbnailUrl\":\"https:\/\/www.dogmasocks.com\/wp-content\/uploads\/2019\/05\/dogmasocks-snow-snow-fox-worms-blue-1.jpg\",\"datePublished\":\"2019-05-15T22:33:13+00:00\",\"dateModified\":\"2019-11-19T17:26:27+00:00\",\"breadcrumb\":{\"@id\":\"https:\/\/www.dogmasocks.com\/hr\/proizvod\/snow-fox-worms-blue\/#breadcrumb\"},\"inLanguage\":\"hr\",\"potentialAction\":[{\"@type\":\"ReadAction\",\"target\":[\"https:\/\/www.dogmasocks.com\/hr\/proizvod\/snow-fox-worms-blue\/\"]}]},{\"@type\":\"ImageObject\",\"inLanguage\":\"hr\",\"@id\":\"https:\/\/www.dogmasocks.com\/hr\/proizvod\/snow-fox-worms-blue\/#primaryimage\",\"url\":\"https:\/\/www.dogmasocks.com\/wp-content\/uploads\/2019\/05\/dogmasocks-snow-snow-fox-worms-blue-1.jpg\",\"contentUrl\":\"https:\/\/www.dogmasocks.com\/wp-content\/uploads\/2019\/05\/dogmasocks-snow-snow-fox-worms-blue-1.jpg\",\"width\":903,\"height\":1355},{\"@type\":\"BreadcrumbList\",\"@id\":\"https:\/\/www.dogmasocks.com\/hr\/proizvod\/snow-fox-worms-blue\/#breadcrumb\",\"itemListElement\":[{\"@type\":\"ListItem\",\"position\":1,\"name\":\"Home\",\"item\":\"https:\/\/www.dogmasocks.com\/hr\/\"},{\"@type\":\"ListItem\",\"position\":2,\"name\":\"Shop\",\"item\":\"http:\/\/www.dogmasocks.com\/hr\/shop\/\"},{\"@type\":\"ListItem\",\"position\":3,\"name\":\"Snow Fox Worms Blue\"}]},{\"@type\":\"WebSite\",\"@id\":\"https:\/\/www.dogmasocks.com\/hr\/#website\",\"url\":\"https:\/\/www.dogmasocks.com\/hr\/\",\"name\":\"Dogma Socks\",\"description\":\"eXtreme design for your feet.\",\"potentialAction\":[{\"@type\":\"SearchAction\",\"target\":{\"@type\":\"EntryPoint\",\"urlTemplate\":\"https:\/\/www.dogmasocks.com\/hr\/?s={search_term_string}\"},\"query-input\":{\"@type\":\"PropertyValueSpecification\",\"valueRequired\":true,\"valueName\":\"search_term_string\"}}],\"inLanguage\":\"hr\"}]}<\/script>\n<!-- \/ Yoast SEO plugin. -->","yoast_head_json":{"title":"Snow Fox Worms Blue | Dogma Socks - Extreme Design For Your Feet","robots":{"index":"index","follow":"follow","max-snippet":"max-snippet:-1","max-image-preview":"max-image-preview:large","max-video-preview":"max-video-preview:-1"},"canonical":"https:\/\/www.dogmasocks.com\/hr\/proizvod\/snow-fox-worms-blue\/","og_locale":"hr_HR","og_type":"article","og_title":"Snow Fox Worms Blue | Dogma Socks - Extreme Design For Your Feet","og_description":"Snow Fox \u010darapa je istodobno nje\u017ena i jaka. Napravljena od mekane i nje\u017ene merino vune u kombinaciji s funkcionalnim materijalima za cjelodnevnu udobnost. Srednja kompresija \u010darape pru\u017ea savr\u0161eno pristajanje, bolji oporavak mi\u0161i\u0107a i najva\u017enije - ne\u0107e padati. Sna\u017eno pojastu\u010denje pru\u017ea lak\u0161i kontakt izme\u0111u cipele i noge i manje reaktivnom prijenosu energije. Istodobno osigurava visoku razinu topline i za\u0161tite. Dizajnirane za sve atleti\u010dare koji \u017eele preciznost i kontrolu, bez gubljenja na udobnosti i stilu. Ako vam je stalno hladno, imate osjetljivu ko\u017eu i stopala, Snow Fox \u010darape su zasigurno va\u0161e prvo oru\u017eje odabira.  &nbsp;  &nbsp;","og_url":"https:\/\/www.dogmasocks.com\/hr\/proizvod\/snow-fox-worms-blue\/","og_site_name":"Dogma Socks","article_publisher":"https:\/\/www.facebook.com\/dogmasocks\/","article_modified_time":"2019-11-19T17:26:27+00:00","og_image":[{"width":903,"height":1355,"url":"http:\/\/www.dogmasocks.com\/wp-content\/uploads\/2019\/05\/dogmasocks-snow-snow-fox-worms-blue-1.jpg","type":"image\/jpeg"}],"twitter_card":"summary_large_image","twitter_misc":{"Procijenjeno vrijeme \u010ditanja":"1 minuta"},"schema":{"@context":"https:\/\/schema.org","@graph":[{"@type":"WebPage","@id":"https:\/\/www.dogmasocks.com\/hr\/proizvod\/snow-fox-worms-blue\/","url":"https:\/\/www.dogmasocks.com\/hr\/proizvod\/snow-fox-worms-blue\/","name":"Snow Fox Worms Blue | Dogma Socks - Extreme Design For Your Feet","isPartOf":{"@id":"https:\/\/www.dogmasocks.com\/hr\/#website"},"primaryImageOfPage":{"@id":"https:\/\/www.dogmasocks.com\/hr\/proizvod\/snow-fox-worms-blue\/#primaryimage"},"image":{"@id":"https:\/\/www.dogmasocks.com\/hr\/proizvod\/snow-fox-worms-blue\/#primaryimage"},"thumbnailUrl":"https:\/\/www.dogmasocks.com\/wp-content\/uploads\/2019\/05\/dogmasocks-snow-snow-fox-worms-blue-1.jpg","datePublished":"2019-05-15T22:33:13+00:00","dateModified":"2019-11-19T17:26:27+00:00","breadcrumb":{"@id":"https:\/\/www.dogmasocks.com\/hr\/proizvod\/snow-fox-worms-blue\/#breadcrumb"},"inLanguage":"hr","potentialAction":[{"@type":"ReadAction","target":["https:\/\/www.dogmasocks.com\/hr\/proizvod\/snow-fox-worms-blue\/"]}]},{"@type":"ImageObject","inLanguage":"hr","@id":"https:\/\/www.dogmasocks.com\/hr\/proizvod\/snow-fox-worms-blue\/#primaryimage","url":"https:\/\/www.dogmasocks.com\/wp-content\/uploads\/2019\/05\/dogmasocks-snow-snow-fox-worms-blue-1.jpg","contentUrl":"https:\/\/www.dogmasocks.com\/wp-content\/uploads\/2019\/05\/dogmasocks-snow-snow-fox-worms-blue-1.jpg","width":903,"height":1355},{"@type":"BreadcrumbList","@id":"https:\/\/www.dogmasocks.com\/hr\/proizvod\/snow-fox-worms-blue\/#breadcrumb","itemListElement":[{"@type":"ListItem","position":1,"name":"Home","item":"https:\/\/www.dogmasocks.com\/hr\/"},{"@type":"ListItem","position":2,"name":"Shop","item":"http:\/\/www.dogmasocks.com\/hr\/shop\/"},{"@type":"ListItem","position":3,"name":"Snow Fox Worms Blue"}]},{"@type":"WebSite","@id":"https:\/\/www.dogmasocks.com\/hr\/#website","url":"https:\/\/www.dogmasocks.com\/hr\/","name":"Dogma Socks","description":"eXtreme design for your feet.","potentialAction":[{"@type":"SearchAction","target":{"@type":"EntryPoint","urlTemplate":"https:\/\/www.dogmasocks.com\/hr\/?s={search_term_string}"},"query-input":{"@type":"PropertyValueSpecification","valueRequired":true,"valueName":"search_term_string"}}],"inLanguage":"hr"}]}},"_links":{"self":[{"href":"https:\/\/www.dogmasocks.com\/hr\/wp-json\/wp\/v2\/product\/69891","targetHints":{"allow":["GET"]}}],"collection":[{"href":"https:\/\/www.dogmasocks.com\/hr\/wp-json\/wp\/v2\/product"}],"about":[{"href":"https:\/\/www.dogmasocks.com\/hr\/wp-json\/wp\/v2\/types\/product"}],"replies":[{"embeddable":true,"href":"https:\/\/www.dogmasocks.com\/hr\/wp-json\/wp\/v2\/comments?post=69891"}],"wp:featuredmedia":[{"embeddable":true,"href":"https:\/\/www.dogmasocks.com\/hr\/wp-json\/wp\/v2\/media\/56784"}],"wp:attachment":[{"href":"https:\/\/www.dogmasocks.com\/hr\/wp-json\/wp\/v2\/media?parent=69891"}],"wp:term":[{"taxonomy":"product_brand","embeddable":true,"href":"https:\/\/www.dogmasocks.com\/hr\/wp-json\/wp\/v2\/product_brand?post=69891"},{"taxonomy":"product_cat","embeddable":true,"href":"https:\/\/www.dogmasocks.com\/hr\/wp-json\/wp\/v2\/product_cat?post=69891"},{"taxonomy":"product_tag","embeddable":true,"href":"https:\/\/www.dogmasocks.com\/hr\/wp-json\/wp\/v2\/product_tag?post=69891"}],"curies":[{"name":"wp","href":"https:\/\/api.w.org\/{rel}","templated":true}]}}