{"id":69735,"date":"2021-09-09T11:34:36","date_gmt":"2019-04-19T09:34:36","guid":{"rendered":"https:\/\/www.dogmasocks.com\/product\/bandana-black-mamba\/"},"modified":"2021-09-09T10:04:32","modified_gmt":"2021-09-09T08:04:32","slug":"bandana-black-mosaic","status":"publish","type":"product","link":"https:\/\/www.dogmasocks.com\/hr\/proizvod\/bandana-black-mosaic\/","title":{"rendered":"Bandana Black Mosaic"},"content":{"rendered":"<p>Savr\u0161ena za\u0161tita od prirodnih elemenata za sve va\u0161e vanjske aktivnosti. Bilo da se radi o zimskim sportovima, kilometarskim vo\u017enjama, planinarenjem na prekrasnim planinama ili samo trenirate za maraton, ova multifunkcionalna bandana za\u0161titi \u0107e vas i pomo\u0107i da trenirate du\u017ee. Multifunkcionalna i prakti\u010dna za upotrebu, bandana se mo\u017ee nositi kao traka za kosu, grija\u010d za vrat, bandana, traka za zape\u0161\u010de\u2026Mekana mikrofibra sprje\u010dava trenje i odr\u017eava va\u0161u ko\u017eu glatkom, dok \u0107e vas za\u0161tita od UV zraka za\u0161tititi od \u0161tetnih zraka, a brzosu\u0161e\u0107i materijali \u0107e vas odr\u017eavati suhima i svje\u017eima cijeli dan.<\/p>\n<p><strong>TEHNOLOGIJE:<\/strong><\/p>\n<p>\u2022 Lagana, mekana i be\u0161avna mikrofibra<br \/>\n\u2022 Materijali koji se brzo su\u0161e i pru\u017eaju termoregulaciju<br \/>\n\u2022 Za\u0161ita od UV zraka<br \/>\n\u2022 Multifunkcionalna<\/p>\n","protected":false},"excerpt":{"rendered":"<p>Savr\u0161ena za\u0161tita od prirodnih elemenata za sve va\u0161e vanjske aktivnosti. Bilo da se radi o zimskim sportovima, kilometarskim vo\u017enjama, planinarenjem na prekrasnim planinama ili samo trenirate za maraton, ova multifunkcionalna bandana za\u0161titi \u0107e vas i pomo\u0107i da trenirate du\u017ee. Multifunkcionalna i prakti\u010dna za upotrebu, bandana se mo\u017ee nositi kao traka za kosu, grija\u010d za vrat, bandana, traka za zape\u0161\u010de\u2026Mekana mikrofibra sprje\u010dava trenje i odr\u017eava va\u0161u ko\u017eu glatkom, dok \u0107e vas za\u0161tita od UV zraka za\u0161tititi od \u0161tetnih zraka, a brzosu\u0161e\u0107i materijali \u0107e vas odr\u017eavati suhima i svje\u017eima cijeli dan.<\/p>\n","protected":false},"featured_media":1473718,"comment_status":"open","ping_status":"closed","template":"","meta":{"_acf_changed":false},"product_brand":[],"product_cat":[824,827,833,840,813,814],"product_tag":[915,905,901,902,904,891,918,933,889,912,940,909,884],"class_list":{"0":"post-69735","1":"product","2":"type-product","3":"status-publish","4":"has-post-thumbnail","6":"product_cat-bicikliranje","7":"product_cat-planinarenje","8":"product_cat-trcanje","9":"product_cat-zimski-sportovi","10":"product_cat-dodaci","11":"product_cat-bandane","12":"product_tag-bez-savova","13":"product_tag-grijac-vrata","14":"product_tag-mikrofibra","15":"product_tag-mikrofibra-hr","16":"product_tag-multifunkcionalne","17":"product_tag-planinarenje","18":"product_tag-skijati","19":"product_tag-termalna-zastita","20":"product_tag-traka-za-glavu","21":"product_tag-trcanje","22":"product_tag-uv-zastita","23":"product_tag-vanjski","24":"product_tag-voznja-bicikla","26":"first","27":"instock","28":"featured","29":"taxable","30":"shipping-taxable","31":"purchasable","32":"product-type-variable"},"acf":[],"yoast_head":"<!-- This site is optimized with the Yoast SEO plugin v24.2 - https:\/\/yoast.com\/wordpress\/plugins\/seo\/ -->\n<title>Bandana Black Mosaic | Dogma Socks - Extreme Design For Your Feet<\/title>\n<meta name=\"robots\" content=\"index, follow, max-snippet:-1, max-image-preview:large, max-video-preview:-1\" \/>\n<link rel=\"canonical\" href=\"https:\/\/www.dogmasocks.com\/hr\/proizvod\/bandana-black-mosaic\/\" \/>\n<meta property=\"og:locale\" content=\"hr_HR\" \/>\n<meta property=\"og:type\" content=\"article\" \/>\n<meta property=\"og:title\" content=\"Bandana Black Mosaic | Dogma Socks - Extreme Design For Your Feet\" \/>\n<meta property=\"og:description\" content=\"Savr\u0161ena za\u0161tita od prirodnih elemenata za sve va\u0161e vanjske aktivnosti. Bilo da se radi o zimskim sportovima, kilometarskim vo\u017enjama, planinarenjem na prekrasnim planinama ili samo trenirate za maraton, ova multifunkcionalna bandana za\u0161titi \u0107e vas i pomo\u0107i da trenirate du\u017ee. Multifunkcionalna i prakti\u010dna za upotrebu, bandana se mo\u017ee nositi kao traka za kosu, grija\u010d za vrat, bandana, traka za zape\u0161\u010de\u2026Mekana mikrofibra sprje\u010dava trenje i odr\u017eava va\u0161u ko\u017eu glatkom, dok \u0107e vas za\u0161tita od UV zraka za\u0161tititi od \u0161tetnih zraka, a brzosu\u0161e\u0107i materijali \u0107e vas odr\u017eavati suhima i svje\u017eima cijeli dan.\" \/>\n<meta property=\"og:url\" content=\"https:\/\/www.dogmasocks.com\/hr\/proizvod\/bandana-black-mosaic\/\" \/>\n<meta property=\"og:site_name\" content=\"Dogma Socks\" \/>\n<meta property=\"article:publisher\" content=\"https:\/\/www.facebook.com\/dogmasocks\/\" \/>\n<meta property=\"article:modified_time\" content=\"2021-09-09T08:04:32+00:00\" \/>\n<meta property=\"og:image\" content=\"http:\/\/www.dogmasocks.com\/wp-content\/uploads\/2021\/09\/Bandana_2.jpg\" \/>\n\t<meta property=\"og:image:width\" content=\"1800\" \/>\n\t<meta property=\"og:image:height\" content=\"1800\" \/>\n\t<meta property=\"og:image:type\" content=\"image\/jpeg\" \/>\n<meta name=\"twitter:card\" content=\"summary_large_image\" \/>\n<meta name=\"twitter:label1\" content=\"Procijenjeno vrijeme \u010ditanja\" \/>\n\t<meta name=\"twitter:data1\" content=\"1 minuta\" \/>\n<script type=\"application\/ld+json\" class=\"yoast-schema-graph\">{\"@context\":\"https:\/\/schema.org\",\"@graph\":[{\"@type\":\"WebPage\",\"@id\":\"https:\/\/www.dogmasocks.com\/hr\/proizvod\/bandana-black-mosaic\/\",\"url\":\"https:\/\/www.dogmasocks.com\/hr\/proizvod\/bandana-black-mosaic\/\",\"name\":\"Bandana Black Mosaic | Dogma Socks - Extreme Design For Your Feet\",\"isPartOf\":{\"@id\":\"https:\/\/www.dogmasocks.com\/hr\/#website\"},\"primaryImageOfPage\":{\"@id\":\"https:\/\/www.dogmasocks.com\/hr\/proizvod\/bandana-black-mosaic\/#primaryimage\"},\"image\":{\"@id\":\"https:\/\/www.dogmasocks.com\/hr\/proizvod\/bandana-black-mosaic\/#primaryimage\"},\"thumbnailUrl\":\"https:\/\/www.dogmasocks.com\/wp-content\/uploads\/2021\/09\/Bandana_2.jpg\",\"datePublished\":\"2019-04-19T09:34:36+00:00\",\"dateModified\":\"2021-09-09T08:04:32+00:00\",\"breadcrumb\":{\"@id\":\"https:\/\/www.dogmasocks.com\/hr\/proizvod\/bandana-black-mosaic\/#breadcrumb\"},\"inLanguage\":\"hr\",\"potentialAction\":[{\"@type\":\"ReadAction\",\"target\":[\"https:\/\/www.dogmasocks.com\/hr\/proizvod\/bandana-black-mosaic\/\"]}]},{\"@type\":\"ImageObject\",\"inLanguage\":\"hr\",\"@id\":\"https:\/\/www.dogmasocks.com\/hr\/proizvod\/bandana-black-mosaic\/#primaryimage\",\"url\":\"https:\/\/www.dogmasocks.com\/wp-content\/uploads\/2021\/09\/Bandana_2.jpg\",\"contentUrl\":\"https:\/\/www.dogmasocks.com\/wp-content\/uploads\/2021\/09\/Bandana_2.jpg\",\"width\":1800,\"height\":1800},{\"@type\":\"BreadcrumbList\",\"@id\":\"https:\/\/www.dogmasocks.com\/hr\/proizvod\/bandana-black-mosaic\/#breadcrumb\",\"itemListElement\":[{\"@type\":\"ListItem\",\"position\":1,\"name\":\"Home\",\"item\":\"https:\/\/www.dogmasocks.com\/hr\/\"},{\"@type\":\"ListItem\",\"position\":2,\"name\":\"Shop\",\"item\":\"http:\/\/www.dogmasocks.com\/hr\/shop\/\"},{\"@type\":\"ListItem\",\"position\":3,\"name\":\"Bandana Black Mosaic\"}]},{\"@type\":\"WebSite\",\"@id\":\"https:\/\/www.dogmasocks.com\/hr\/#website\",\"url\":\"https:\/\/www.dogmasocks.com\/hr\/\",\"name\":\"Dogma Socks\",\"description\":\"eXtreme design for your feet.\",\"potentialAction\":[{\"@type\":\"SearchAction\",\"target\":{\"@type\":\"EntryPoint\",\"urlTemplate\":\"https:\/\/www.dogmasocks.com\/hr\/?s={search_term_string}\"},\"query-input\":{\"@type\":\"PropertyValueSpecification\",\"valueRequired\":true,\"valueName\":\"search_term_string\"}}],\"inLanguage\":\"hr\"}]}<\/script>\n<!-- \/ Yoast SEO plugin. -->","yoast_head_json":{"title":"Bandana Black Mosaic | Dogma Socks - Extreme Design For Your Feet","robots":{"index":"index","follow":"follow","max-snippet":"max-snippet:-1","max-image-preview":"max-image-preview:large","max-video-preview":"max-video-preview:-1"},"canonical":"https:\/\/www.dogmasocks.com\/hr\/proizvod\/bandana-black-mosaic\/","og_locale":"hr_HR","og_type":"article","og_title":"Bandana Black Mosaic | Dogma Socks - Extreme Design For Your Feet","og_description":"Savr\u0161ena za\u0161tita od prirodnih elemenata za sve va\u0161e vanjske aktivnosti. Bilo da se radi o zimskim sportovima, kilometarskim vo\u017enjama, planinarenjem na prekrasnim planinama ili samo trenirate za maraton, ova multifunkcionalna bandana za\u0161titi \u0107e vas i pomo\u0107i da trenirate du\u017ee. Multifunkcionalna i prakti\u010dna za upotrebu, bandana se mo\u017ee nositi kao traka za kosu, grija\u010d za vrat, bandana, traka za zape\u0161\u010de\u2026Mekana mikrofibra sprje\u010dava trenje i odr\u017eava va\u0161u ko\u017eu glatkom, dok \u0107e vas za\u0161tita od UV zraka za\u0161tititi od \u0161tetnih zraka, a brzosu\u0161e\u0107i materijali \u0107e vas odr\u017eavati suhima i svje\u017eima cijeli dan.","og_url":"https:\/\/www.dogmasocks.com\/hr\/proizvod\/bandana-black-mosaic\/","og_site_name":"Dogma Socks","article_publisher":"https:\/\/www.facebook.com\/dogmasocks\/","article_modified_time":"2021-09-09T08:04:32+00:00","og_image":[{"width":1800,"height":1800,"url":"http:\/\/www.dogmasocks.com\/wp-content\/uploads\/2021\/09\/Bandana_2.jpg","type":"image\/jpeg"}],"twitter_card":"summary_large_image","twitter_misc":{"Procijenjeno vrijeme \u010ditanja":"1 minuta"},"schema":{"@context":"https:\/\/schema.org","@graph":[{"@type":"WebPage","@id":"https:\/\/www.dogmasocks.com\/hr\/proizvod\/bandana-black-mosaic\/","url":"https:\/\/www.dogmasocks.com\/hr\/proizvod\/bandana-black-mosaic\/","name":"Bandana Black Mosaic | Dogma Socks - Extreme Design For Your Feet","isPartOf":{"@id":"https:\/\/www.dogmasocks.com\/hr\/#website"},"primaryImageOfPage":{"@id":"https:\/\/www.dogmasocks.com\/hr\/proizvod\/bandana-black-mosaic\/#primaryimage"},"image":{"@id":"https:\/\/www.dogmasocks.com\/hr\/proizvod\/bandana-black-mosaic\/#primaryimage"},"thumbnailUrl":"https:\/\/www.dogmasocks.com\/wp-content\/uploads\/2021\/09\/Bandana_2.jpg","datePublished":"2019-04-19T09:34:36+00:00","dateModified":"2021-09-09T08:04:32+00:00","breadcrumb":{"@id":"https:\/\/www.dogmasocks.com\/hr\/proizvod\/bandana-black-mosaic\/#breadcrumb"},"inLanguage":"hr","potentialAction":[{"@type":"ReadAction","target":["https:\/\/www.dogmasocks.com\/hr\/proizvod\/bandana-black-mosaic\/"]}]},{"@type":"ImageObject","inLanguage":"hr","@id":"https:\/\/www.dogmasocks.com\/hr\/proizvod\/bandana-black-mosaic\/#primaryimage","url":"https:\/\/www.dogmasocks.com\/wp-content\/uploads\/2021\/09\/Bandana_2.jpg","contentUrl":"https:\/\/www.dogmasocks.com\/wp-content\/uploads\/2021\/09\/Bandana_2.jpg","width":1800,"height":1800},{"@type":"BreadcrumbList","@id":"https:\/\/www.dogmasocks.com\/hr\/proizvod\/bandana-black-mosaic\/#breadcrumb","itemListElement":[{"@type":"ListItem","position":1,"name":"Home","item":"https:\/\/www.dogmasocks.com\/hr\/"},{"@type":"ListItem","position":2,"name":"Shop","item":"http:\/\/www.dogmasocks.com\/hr\/shop\/"},{"@type":"ListItem","position":3,"name":"Bandana Black Mosaic"}]},{"@type":"WebSite","@id":"https:\/\/www.dogmasocks.com\/hr\/#website","url":"https:\/\/www.dogmasocks.com\/hr\/","name":"Dogma Socks","description":"eXtreme design for your feet.","potentialAction":[{"@type":"SearchAction","target":{"@type":"EntryPoint","urlTemplate":"https:\/\/www.dogmasocks.com\/hr\/?s={search_term_string}"},"query-input":{"@type":"PropertyValueSpecification","valueRequired":true,"valueName":"search_term_string"}}],"inLanguage":"hr"}]}},"_links":{"self":[{"href":"https:\/\/www.dogmasocks.com\/hr\/wp-json\/wp\/v2\/product\/69735","targetHints":{"allow":["GET"]}}],"collection":[{"href":"https:\/\/www.dogmasocks.com\/hr\/wp-json\/wp\/v2\/product"}],"about":[{"href":"https:\/\/www.dogmasocks.com\/hr\/wp-json\/wp\/v2\/types\/product"}],"replies":[{"embeddable":true,"href":"https:\/\/www.dogmasocks.com\/hr\/wp-json\/wp\/v2\/comments?post=69735"}],"wp:featuredmedia":[{"embeddable":true,"href":"https:\/\/www.dogmasocks.com\/hr\/wp-json\/wp\/v2\/media\/1473718"}],"wp:attachment":[{"href":"https:\/\/www.dogmasocks.com\/hr\/wp-json\/wp\/v2\/media?parent=69735"}],"wp:term":[{"taxonomy":"product_brand","embeddable":true,"href":"https:\/\/www.dogmasocks.com\/hr\/wp-json\/wp\/v2\/product_brand?post=69735"},{"taxonomy":"product_cat","embeddable":true,"href":"https:\/\/www.dogmasocks.com\/hr\/wp-json\/wp\/v2\/product_cat?post=69735"},{"taxonomy":"product_tag","embeddable":true,"href":"https:\/\/www.dogmasocks.com\/hr\/wp-json\/wp\/v2\/product_tag?post=69735"}],"curies":[{"name":"wp","href":"https:\/\/api.w.org\/{rel}","templated":true}]}}