{"id":69675,"date":"2019-04-26T00:18:13","date_gmt":"2019-04-25T22:18:13","guid":{"rendered":"https:\/\/www.dogmasocks.com\/product\/bike-velocity-green\/"},"modified":"2019-08-28T13:15:09","modified_gmt":"2019-08-28T11:15:09","slug":"bike-velocity-green","status":"publish","type":"product","link":"https:\/\/www.dogmasocks.com\/hr\/proizvod\/bike-velocity-green\/","title":{"rendered":"Bike Velocity Green"},"content":{"rendered":"<p>Dok ih ne isprobate ne\u0107ete znati da ih trebate. Tankog tkanja, savr\u0161eno \u0107e pristajati tenisicama i osigurati dobar kontakt me\u0111u njima i prijenos energije. Prozra\u010dni mre\u017easti predio pru\u017ea ventilaciju i svje\u017einu direktno prema stopalu i time preventira pretjerano grijanje stopala za vrijeme pedaliranja.<\/p>\n<p><strong>TEHNOLOGIJE:<\/strong><\/p>\n<p>\u2022 Mre\u017easti predio za bolju ventilaciju i prozra\u010dnost u zoni stopala<br \/>\n\u2022 Elasti\u010dna potpora za bolje prianjanje<br \/>\n\u2022 Super lagane i prozra\u010dne<br \/>\n\u2022 Prirodni tanki pamuk<\/p>\n<p><strong>SASTAV:<\/strong><\/p>\n<p>\u2022 Mekani pamuk \u2013 72%<br \/>\n\u2022 Poliamid \u2013 19%<br \/>\n\u2022 Elastin \u2013 9%<\/p>\n","protected":false},"excerpt":{"rendered":"<p>Dok ih ne isprobate ne\u0107ete znati da ih trebate. Tankog tkanja, savr\u0161eno \u0107e pristajati tenisicama i osigurati dobar kontakt me\u0111u njima i prijenos energije. Prozra\u010dni mre\u017easti predio pru\u017ea ventilaciju i svje\u017einu direktno prema stopalu i time preventira pretjerano grijanje stopala za vrijeme pedaliranja.<\/p>\n","protected":false},"featured_media":56489,"comment_status":"open","ping_status":"closed","template":"","meta":{"_acf_changed":false},"product_brand":[],"product_cat":[822],"product_tag":[856,867,929,871,888,934,941,855,884],"class_list":{"0":"post-69675","1":"product","2":"type-product","3":"status-publish","4":"has-post-thumbnail","6":"product_cat-outlet-hr","7":"product_tag-aircon-tech-hr","8":"product_tag-bicikliranje","9":"product_tag-ljeto","10":"product_tag-prozracne","11":"product_tag-ravno","12":"product_tag-tanko","13":"product_tag-ventilacija","14":"product_tag-ventilacijski-kanalici","15":"product_tag-voznja-bicikla","17":"first","18":"instock","19":"sale","20":"taxable","21":"shipping-taxable","22":"product-type-variable"},"acf":[],"yoast_head":"<!-- This site is optimized with the Yoast SEO plugin v24.2 - https:\/\/yoast.com\/wordpress\/plugins\/seo\/ -->\n<title>Bike Velocity Green | Dogma Socks - Extreme Design For Your Feet<\/title>\n<meta name=\"robots\" content=\"index, follow, max-snippet:-1, max-image-preview:large, max-video-preview:-1\" \/>\n<link rel=\"canonical\" href=\"https:\/\/www.dogmasocks.com\/hr\/proizvod\/bike-velocity-green\/\" \/>\n<meta property=\"og:locale\" content=\"hr_HR\" \/>\n<meta property=\"og:type\" content=\"article\" \/>\n<meta property=\"og:title\" content=\"Bike Velocity Green | Dogma Socks - Extreme Design For Your Feet\" \/>\n<meta property=\"og:description\" content=\"Dok ih ne isprobate ne\u0107ete znati da ih trebate. Tankog tkanja, savr\u0161eno \u0107e pristajati tenisicama i osigurati dobar kontakt me\u0111u njima i prijenos energije. Prozra\u010dni mre\u017easti predio pru\u017ea ventilaciju i svje\u017einu direktno prema stopalu i time preventira pretjerano grijanje stopala za vrijeme pedaliranja.\" \/>\n<meta property=\"og:url\" content=\"https:\/\/www.dogmasocks.com\/hr\/proizvod\/bike-velocity-green\/\" \/>\n<meta property=\"og:site_name\" content=\"Dogma Socks\" \/>\n<meta property=\"article:publisher\" content=\"https:\/\/www.facebook.com\/dogmasocks\/\" \/>\n<meta property=\"article:modified_time\" content=\"2019-08-28T11:15:09+00:00\" \/>\n<meta property=\"og:image\" content=\"https:\/\/www.dogmasocks.com\/wp-content\/uploads\/2019\/04\/dogmasocks-BIKE-velocity-blk-green-2.jpg\" \/>\n\t<meta property=\"og:image:width\" content=\"1920\" \/>\n\t<meta property=\"og:image:height\" content=\"1280\" \/>\n\t<meta property=\"og:image:type\" content=\"image\/jpeg\" \/>\n<meta name=\"twitter:card\" content=\"summary_large_image\" \/>\n<script type=\"application\/ld+json\" class=\"yoast-schema-graph\">{\"@context\":\"https:\/\/schema.org\",\"@graph\":[{\"@type\":\"WebPage\",\"@id\":\"https:\/\/www.dogmasocks.com\/hr\/proizvod\/bike-velocity-green\/\",\"url\":\"https:\/\/www.dogmasocks.com\/hr\/proizvod\/bike-velocity-green\/\",\"name\":\"Bike Velocity Green | Dogma Socks - Extreme Design For Your Feet\",\"isPartOf\":{\"@id\":\"https:\/\/www.dogmasocks.com\/hr\/#website\"},\"primaryImageOfPage\":{\"@id\":\"https:\/\/www.dogmasocks.com\/hr\/proizvod\/bike-velocity-green\/#primaryimage\"},\"image\":{\"@id\":\"https:\/\/www.dogmasocks.com\/hr\/proizvod\/bike-velocity-green\/#primaryimage\"},\"thumbnailUrl\":\"https:\/\/www.dogmasocks.com\/wp-content\/uploads\/2019\/04\/dogmasocks-BIKE-velocity-blk-green-2.jpg\",\"datePublished\":\"2019-04-25T22:18:13+00:00\",\"dateModified\":\"2019-08-28T11:15:09+00:00\",\"breadcrumb\":{\"@id\":\"https:\/\/www.dogmasocks.com\/hr\/proizvod\/bike-velocity-green\/#breadcrumb\"},\"inLanguage\":\"hr\",\"potentialAction\":[{\"@type\":\"ReadAction\",\"target\":[\"https:\/\/www.dogmasocks.com\/hr\/proizvod\/bike-velocity-green\/\"]}]},{\"@type\":\"ImageObject\",\"inLanguage\":\"hr\",\"@id\":\"https:\/\/www.dogmasocks.com\/hr\/proizvod\/bike-velocity-green\/#primaryimage\",\"url\":\"https:\/\/www.dogmasocks.com\/wp-content\/uploads\/2019\/04\/dogmasocks-BIKE-velocity-blk-green-2.jpg\",\"contentUrl\":\"https:\/\/www.dogmasocks.com\/wp-content\/uploads\/2019\/04\/dogmasocks-BIKE-velocity-blk-green-2.jpg\",\"width\":1920,\"height\":1280},{\"@type\":\"BreadcrumbList\",\"@id\":\"https:\/\/www.dogmasocks.com\/hr\/proizvod\/bike-velocity-green\/#breadcrumb\",\"itemListElement\":[{\"@type\":\"ListItem\",\"position\":1,\"name\":\"Home\",\"item\":\"https:\/\/www.dogmasocks.com\/hr\/\"},{\"@type\":\"ListItem\",\"position\":2,\"name\":\"Shop\",\"item\":\"http:\/\/www.dogmasocks.com\/hr\/shop\/\"},{\"@type\":\"ListItem\",\"position\":3,\"name\":\"Bike Velocity Green\"}]},{\"@type\":\"WebSite\",\"@id\":\"https:\/\/www.dogmasocks.com\/hr\/#website\",\"url\":\"https:\/\/www.dogmasocks.com\/hr\/\",\"name\":\"Dogma Socks\",\"description\":\"eXtreme design for your feet.\",\"potentialAction\":[{\"@type\":\"SearchAction\",\"target\":{\"@type\":\"EntryPoint\",\"urlTemplate\":\"https:\/\/www.dogmasocks.com\/hr\/?s={search_term_string}\"},\"query-input\":{\"@type\":\"PropertyValueSpecification\",\"valueRequired\":true,\"valueName\":\"search_term_string\"}}],\"inLanguage\":\"hr\"}]}<\/script>\n<!-- \/ Yoast SEO plugin. -->","yoast_head_json":{"title":"Bike Velocity Green | Dogma Socks - Extreme Design For Your Feet","robots":{"index":"index","follow":"follow","max-snippet":"max-snippet:-1","max-image-preview":"max-image-preview:large","max-video-preview":"max-video-preview:-1"},"canonical":"https:\/\/www.dogmasocks.com\/hr\/proizvod\/bike-velocity-green\/","og_locale":"hr_HR","og_type":"article","og_title":"Bike Velocity Green | Dogma Socks - Extreme Design For Your Feet","og_description":"Dok ih ne isprobate ne\u0107ete znati da ih trebate. Tankog tkanja, savr\u0161eno \u0107e pristajati tenisicama i osigurati dobar kontakt me\u0111u njima i prijenos energije. Prozra\u010dni mre\u017easti predio pru\u017ea ventilaciju i svje\u017einu direktno prema stopalu i time preventira pretjerano grijanje stopala za vrijeme pedaliranja.","og_url":"https:\/\/www.dogmasocks.com\/hr\/proizvod\/bike-velocity-green\/","og_site_name":"Dogma Socks","article_publisher":"https:\/\/www.facebook.com\/dogmasocks\/","article_modified_time":"2019-08-28T11:15:09+00:00","og_image":[{"width":1920,"height":1280,"url":"https:\/\/www.dogmasocks.com\/wp-content\/uploads\/2019\/04\/dogmasocks-BIKE-velocity-blk-green-2.jpg","type":"image\/jpeg"}],"twitter_card":"summary_large_image","schema":{"@context":"https:\/\/schema.org","@graph":[{"@type":"WebPage","@id":"https:\/\/www.dogmasocks.com\/hr\/proizvod\/bike-velocity-green\/","url":"https:\/\/www.dogmasocks.com\/hr\/proizvod\/bike-velocity-green\/","name":"Bike Velocity Green | Dogma Socks - Extreme Design For Your Feet","isPartOf":{"@id":"https:\/\/www.dogmasocks.com\/hr\/#website"},"primaryImageOfPage":{"@id":"https:\/\/www.dogmasocks.com\/hr\/proizvod\/bike-velocity-green\/#primaryimage"},"image":{"@id":"https:\/\/www.dogmasocks.com\/hr\/proizvod\/bike-velocity-green\/#primaryimage"},"thumbnailUrl":"https:\/\/www.dogmasocks.com\/wp-content\/uploads\/2019\/04\/dogmasocks-BIKE-velocity-blk-green-2.jpg","datePublished":"2019-04-25T22:18:13+00:00","dateModified":"2019-08-28T11:15:09+00:00","breadcrumb":{"@id":"https:\/\/www.dogmasocks.com\/hr\/proizvod\/bike-velocity-green\/#breadcrumb"},"inLanguage":"hr","potentialAction":[{"@type":"ReadAction","target":["https:\/\/www.dogmasocks.com\/hr\/proizvod\/bike-velocity-green\/"]}]},{"@type":"ImageObject","inLanguage":"hr","@id":"https:\/\/www.dogmasocks.com\/hr\/proizvod\/bike-velocity-green\/#primaryimage","url":"https:\/\/www.dogmasocks.com\/wp-content\/uploads\/2019\/04\/dogmasocks-BIKE-velocity-blk-green-2.jpg","contentUrl":"https:\/\/www.dogmasocks.com\/wp-content\/uploads\/2019\/04\/dogmasocks-BIKE-velocity-blk-green-2.jpg","width":1920,"height":1280},{"@type":"BreadcrumbList","@id":"https:\/\/www.dogmasocks.com\/hr\/proizvod\/bike-velocity-green\/#breadcrumb","itemListElement":[{"@type":"ListItem","position":1,"name":"Home","item":"https:\/\/www.dogmasocks.com\/hr\/"},{"@type":"ListItem","position":2,"name":"Shop","item":"http:\/\/www.dogmasocks.com\/hr\/shop\/"},{"@type":"ListItem","position":3,"name":"Bike Velocity Green"}]},{"@type":"WebSite","@id":"https:\/\/www.dogmasocks.com\/hr\/#website","url":"https:\/\/www.dogmasocks.com\/hr\/","name":"Dogma Socks","description":"eXtreme design for your feet.","potentialAction":[{"@type":"SearchAction","target":{"@type":"EntryPoint","urlTemplate":"https:\/\/www.dogmasocks.com\/hr\/?s={search_term_string}"},"query-input":{"@type":"PropertyValueSpecification","valueRequired":true,"valueName":"search_term_string"}}],"inLanguage":"hr"}]}},"_links":{"self":[{"href":"https:\/\/www.dogmasocks.com\/hr\/wp-json\/wp\/v2\/product\/69675","targetHints":{"allow":["GET"]}}],"collection":[{"href":"https:\/\/www.dogmasocks.com\/hr\/wp-json\/wp\/v2\/product"}],"about":[{"href":"https:\/\/www.dogmasocks.com\/hr\/wp-json\/wp\/v2\/types\/product"}],"replies":[{"embeddable":true,"href":"https:\/\/www.dogmasocks.com\/hr\/wp-json\/wp\/v2\/comments?post=69675"}],"wp:featuredmedia":[{"embeddable":true,"href":"https:\/\/www.dogmasocks.com\/hr\/wp-json\/wp\/v2\/media\/56489"}],"wp:attachment":[{"href":"https:\/\/www.dogmasocks.com\/hr\/wp-json\/wp\/v2\/media?parent=69675"}],"wp:term":[{"taxonomy":"product_brand","embeddable":true,"href":"https:\/\/www.dogmasocks.com\/hr\/wp-json\/wp\/v2\/product_brand?post=69675"},{"taxonomy":"product_cat","embeddable":true,"href":"https:\/\/www.dogmasocks.com\/hr\/wp-json\/wp\/v2\/product_cat?post=69675"},{"taxonomy":"product_tag","embeddable":true,"href":"https:\/\/www.dogmasocks.com\/hr\/wp-json\/wp\/v2\/product_tag?post=69675"}],"curies":[{"name":"wp","href":"https:\/\/api.w.org\/{rel}","templated":true}]}}