{"id":624010,"date":"2020-04-01T17:23:34","date_gmt":"2020-04-01T15:23:35","guid":{"rendered":"https:\/\/www.dogmasocks.com\/?post_type=product&#038;p=624010"},"modified":"2024-11-03T08:20:05","modified_gmt":"2024-11-03T07:20:05","slug":"gazelle-zig-grey","status":"publish","type":"product","link":"https:\/\/www.dogmasocks.com\/hr\/proizvod\/gazelle-zig-grey\/","title":{"rendered":"Gazelle Zig Grey"},"content":{"rendered":"<div class=\"woo_before-summary\">\n<div class=\"woocommerce-product-gallery woocommerce-product-gallery--with-images woocommerce-product-gallery--columns-4 images\" data-columns=\"4\">\n<div class=\"flex-viewport\">\n<p class=\"AppleOriginalContents\"><span style=\"font-family: SourceSansPro-Regular;\">\u201cThe Gazelle\u201d kompresijske \u010darape su savr\u0161ene za trka\u010de koji tra\u017ee dodatnu kompresijsku potporu pomo\u0107u koje se mi\u0161i\u0107i br\u017ee oporavljaju. Stupnjevita kompresijska tehnologija omogu\u0107ava\u00a0bolju cirkulaciju krvi, \u010dime se smanjuje mogu\u0107nost nastanka edema kao posljedica sportskih aktivnosti. Kompresijska tehnologija umanjuje i vibracije mi\u0161i\u0107a i time umanjuje mogu\u0107nost umora a potom i ozljeda.<\/span><\/p>\n<p class=\"AppleOriginalContents\"><span style=\"font-family: SourceSansPro-Regular;\">Prozra\u010dni, brzosu\u0161e\u0107i materijali \u010dine Gazellu pogodnom za no\u0161enje u raznim vremenskim uvjetima. Lagano ojastu\u010denje u predjelu prstiju, pete i Ahilove\u00a0tetive osigurat \u0107e za\u0161titu i dodatnu apsorpciju vibracija i tako unaprijediti va\u0161e performanse. Ravni \u0161av i anatomski oblik stopala umanjuju mogu\u0107nost nastanka \u017euljeva. Gazelle \u0107e pru\u017eiti optimalan prijenos energije i dugoro\u010dno pogodovat \u0107e pobolj\u0161anju sportskih performansi.<\/span><span style=\"font-family: SourceSansPro-Regular;\">Pogodne su i za trail tr\u010danje, gdje umanjuju mogu\u0107nost ogrebotina i ozljeda.<\/span><\/p>\n<p class=\"product_title entry-title\"><strong>TEHNOLOGIJA:<\/strong><\/p>\n<p class=\"product_title entry-title\">\u2022 Srednja stupnjevita kompresija za bolji oporavak mi\u0161i\u0107a 15-20 mmHg<br \/>\n\u2022 Strate\u0161ki dizajnirano ojastu\u010denje u zoni stopala smanjuje vibracije i sprje\u010dava nastajanje \u017euljeva<br \/>\n\u2022 Anatomski oblik<br \/>\n\u2022 Materijali koji se brzo su\u0161e i osiguravaju ventilaciju<br \/>\n\u2022 Za\u0161tita Ahilove tetive<\/p>\n<p><strong>MATERIJALI:<\/strong><\/p>\n<ul>\n<li>Tehni\u010dki poliester 51,9%<\/li>\n<li>Elastan 39,3%<\/li>\n<li>Poliamid 8,8%<\/li>\n<\/ul>\n<\/div>\n<\/div>\n<\/div>\n","protected":false},"excerpt":{"rendered":"<p class=\"AppleOriginalContents\"><span style=\"font-family: SourceSansPro-Regular;\">\u201cThe Gazelle\u201d kompresijske \u010darape su savr\u0161ene za trka\u010de koji tra\u017ee dodatnu kompresijsku potporu pomo\u0107u koje se mi\u0161i\u0107i br\u017ee oporavljaju. Stupnjevita kompresijska tehnologija omogu\u0107ava\u00a0bolju cirkulaciju krvi, \u010dime se smanjuje mogu\u0107nost nastanka edema kao posljedica sportskih aktivnosti. Kompresijska tehnologija umanjuje i vibracije mi\u0161i\u0107a i time umanjuje mogu\u0107nost umora a potom i ozljeda.<\/span><\/p>\n<p class=\"AppleOriginalContents\"><span style=\"font-family: SourceSansPro-Regular;\">Prozra\u010dni, brzosu\u0161e\u0107i materijali \u010dine Gazellu pogodnom za no\u0161enje u raznim vremenskim uvjetima. Lagano ojastu\u010denje u predjelu prstiju, pete i Ahilove\u00a0tetive osigurat \u0107e za\u0161titu i dodatnu apsorpciju vibracija i tako unaprijediti va\u0161e performanse. Ravni \u0161av i anatomski oblik stopala umanjuju mogu\u0107nost nastanka \u017euljeva. Gazelle \u0107e pru\u017eiti optimalan prijenos energije i dugoro\u010dno pogodovat \u0107e pobolj\u0161anju sportskih performansi.<\/span><span style=\"font-family: SourceSansPro-Regular;\">Pogodne su i za trail tr\u010danje, gdje umanjuju mogu\u0107nost ogrebotina i ozljeda.<\/span><\/p>\n<p class=\"product_title entry-title\">\n","protected":false},"featured_media":617722,"comment_status":"open","ping_status":"closed","template":"","meta":{"_acf_changed":false},"product_brand":[],"product_cat":[833,822],"product_tag":[857,887,914,878,882,912,896],"class_list":{"0":"post-624010","1":"product","2":"type-product","3":"status-publish","4":"has-post-thumbnail","6":"product_cat-trcanje","7":"product_cat-outlet-hr","8":"product_tag-anatomske","9":"product_tag-brzo-susenje","10":"product_tag-carape-za-trcanje-hr","11":"product_tag-moc-kompresije","12":"product_tag-podstava","13":"product_tag-trcanje","14":"product_tag-visina-koljena","16":"first","17":"instock","18":"sale","19":"taxable","20":"shipping-taxable","21":"purchasable","22":"product-type-variable","23":"has-default-attributes"},"acf":[],"yoast_head":"<!-- This site is optimized with the Yoast SEO plugin v24.2 - https:\/\/yoast.com\/wordpress\/plugins\/seo\/ -->\n<title>Gazelle Zig Grey | Dogma Socks - Extreme Design For Your Feet<\/title>\n<meta name=\"robots\" content=\"index, follow, max-snippet:-1, max-image-preview:large, max-video-preview:-1\" \/>\n<link rel=\"canonical\" href=\"https:\/\/www.dogmasocks.com\/hr\/proizvod\/gazelle-zig-grey\/\" \/>\n<meta property=\"og:locale\" content=\"hr_HR\" \/>\n<meta property=\"og:type\" content=\"article\" \/>\n<meta property=\"og:title\" content=\"Gazelle Zig Grey | Dogma Socks - Extreme Design For Your Feet\" \/>\n<meta property=\"og:description\" content=\"\u201cThe Gazelle\u201d kompresijske \u010darape su savr\u0161ene za trka\u010de koji tra\u017ee dodatnu kompresijsku potporu pomo\u0107u koje se mi\u0161i\u0107i br\u017ee oporavljaju. Stupnjevita kompresijska tehnologija omogu\u0107ava\u00a0bolju cirkulaciju krvi, \u010dime se smanjuje mogu\u0107nost nastanka edema kao posljedica sportskih aktivnosti. Kompresijska tehnologija umanjuje i vibracije mi\u0161i\u0107a i time umanjuje mogu\u0107nost umora a potom i ozljeda. Prozra\u010dni, brzosu\u0161e\u0107i materijali \u010dine Gazellu pogodnom za no\u0161enje u raznim vremenskim uvjetima. Lagano ojastu\u010denje u predjelu prstiju, pete i Ahilove\u00a0tetive osigurat \u0107e za\u0161titu i dodatnu apsorpciju vibracija i tako unaprijediti va\u0161e performanse. Ravni \u0161av i anatomski oblik stopala umanjuju mogu\u0107nost nastanka \u017euljeva. Gazelle \u0107e pru\u017eiti optimalan prijenos energije i dugoro\u010dno pogodovat \u0107e pobolj\u0161anju sportskih performansi.Pogodne su i za trail tr\u010danje, gdje umanjuju mogu\u0107nost ogrebotina i ozljeda.\" \/>\n<meta property=\"og:url\" content=\"https:\/\/www.dogmasocks.com\/hr\/proizvod\/gazelle-zig-grey\/\" \/>\n<meta property=\"og:site_name\" content=\"Dogma Socks\" \/>\n<meta property=\"article:publisher\" content=\"https:\/\/www.facebook.com\/dogmasocks\/\" \/>\n<meta property=\"article:modified_time\" content=\"2024-11-03T07:20:05+00:00\" \/>\n<meta property=\"og:image\" content=\"https:\/\/www.dogmasocks.com\/wp-content\/uploads\/2020\/03\/Gazelle_3_1.jpg\" \/>\n\t<meta property=\"og:image:width\" content=\"1200\" \/>\n\t<meta property=\"og:image:height\" content=\"1200\" \/>\n\t<meta property=\"og:image:type\" content=\"image\/jpeg\" \/>\n<meta name=\"twitter:card\" content=\"summary_large_image\" \/>\n<meta name=\"twitter:label1\" content=\"Procijenjeno vrijeme \u010ditanja\" \/>\n\t<meta name=\"twitter:data1\" content=\"1 minuta\" \/>\n<script type=\"application\/ld+json\" class=\"yoast-schema-graph\">{\"@context\":\"https:\/\/schema.org\",\"@graph\":[{\"@type\":\"WebPage\",\"@id\":\"https:\/\/www.dogmasocks.com\/hr\/proizvod\/gazelle-zig-grey\/\",\"url\":\"https:\/\/www.dogmasocks.com\/hr\/proizvod\/gazelle-zig-grey\/\",\"name\":\"Gazelle Zig Grey | Dogma Socks - Extreme Design For Your Feet\",\"isPartOf\":{\"@id\":\"https:\/\/www.dogmasocks.com\/hr\/#website\"},\"primaryImageOfPage\":{\"@id\":\"https:\/\/www.dogmasocks.com\/hr\/proizvod\/gazelle-zig-grey\/#primaryimage\"},\"image\":{\"@id\":\"https:\/\/www.dogmasocks.com\/hr\/proizvod\/gazelle-zig-grey\/#primaryimage\"},\"thumbnailUrl\":\"https:\/\/www.dogmasocks.com\/wp-content\/uploads\/2020\/03\/Gazelle_3_1.jpg\",\"datePublished\":\"2020-04-01T15:23:35+00:00\",\"dateModified\":\"2024-11-03T07:20:05+00:00\",\"breadcrumb\":{\"@id\":\"https:\/\/www.dogmasocks.com\/hr\/proizvod\/gazelle-zig-grey\/#breadcrumb\"},\"inLanguage\":\"hr\",\"potentialAction\":[{\"@type\":\"ReadAction\",\"target\":[\"https:\/\/www.dogmasocks.com\/hr\/proizvod\/gazelle-zig-grey\/\"]}]},{\"@type\":\"ImageObject\",\"inLanguage\":\"hr\",\"@id\":\"https:\/\/www.dogmasocks.com\/hr\/proizvod\/gazelle-zig-grey\/#primaryimage\",\"url\":\"https:\/\/www.dogmasocks.com\/wp-content\/uploads\/2020\/03\/Gazelle_3_1.jpg\",\"contentUrl\":\"https:\/\/www.dogmasocks.com\/wp-content\/uploads\/2020\/03\/Gazelle_3_1.jpg\",\"width\":1200,\"height\":1200,\"caption\":\"Grey compression socks with small details in yellow color\"},{\"@type\":\"BreadcrumbList\",\"@id\":\"https:\/\/www.dogmasocks.com\/hr\/proizvod\/gazelle-zig-grey\/#breadcrumb\",\"itemListElement\":[{\"@type\":\"ListItem\",\"position\":1,\"name\":\"Home\",\"item\":\"https:\/\/www.dogmasocks.com\/hr\/\"},{\"@type\":\"ListItem\",\"position\":2,\"name\":\"Shop\",\"item\":\"http:\/\/www.dogmasocks.com\/hr\/shop\/\"},{\"@type\":\"ListItem\",\"position\":3,\"name\":\"Gazelle Zig Grey\"}]},{\"@type\":\"WebSite\",\"@id\":\"https:\/\/www.dogmasocks.com\/hr\/#website\",\"url\":\"https:\/\/www.dogmasocks.com\/hr\/\",\"name\":\"Dogma Socks\",\"description\":\"eXtreme design for your feet.\",\"potentialAction\":[{\"@type\":\"SearchAction\",\"target\":{\"@type\":\"EntryPoint\",\"urlTemplate\":\"https:\/\/www.dogmasocks.com\/hr\/?s={search_term_string}\"},\"query-input\":{\"@type\":\"PropertyValueSpecification\",\"valueRequired\":true,\"valueName\":\"search_term_string\"}}],\"inLanguage\":\"hr\"}]}<\/script>\n<!-- \/ Yoast SEO plugin. -->","yoast_head_json":{"title":"Gazelle Zig Grey | Dogma Socks - Extreme Design For Your Feet","robots":{"index":"index","follow":"follow","max-snippet":"max-snippet:-1","max-image-preview":"max-image-preview:large","max-video-preview":"max-video-preview:-1"},"canonical":"https:\/\/www.dogmasocks.com\/hr\/proizvod\/gazelle-zig-grey\/","og_locale":"hr_HR","og_type":"article","og_title":"Gazelle Zig Grey | Dogma Socks - Extreme Design For Your Feet","og_description":"\u201cThe Gazelle\u201d kompresijske \u010darape su savr\u0161ene za trka\u010de koji tra\u017ee dodatnu kompresijsku potporu pomo\u0107u koje se mi\u0161i\u0107i br\u017ee oporavljaju. Stupnjevita kompresijska tehnologija omogu\u0107ava\u00a0bolju cirkulaciju krvi, \u010dime se smanjuje mogu\u0107nost nastanka edema kao posljedica sportskih aktivnosti. Kompresijska tehnologija umanjuje i vibracije mi\u0161i\u0107a i time umanjuje mogu\u0107nost umora a potom i ozljeda. Prozra\u010dni, brzosu\u0161e\u0107i materijali \u010dine Gazellu pogodnom za no\u0161enje u raznim vremenskim uvjetima. Lagano ojastu\u010denje u predjelu prstiju, pete i Ahilove\u00a0tetive osigurat \u0107e za\u0161titu i dodatnu apsorpciju vibracija i tako unaprijediti va\u0161e performanse. Ravni \u0161av i anatomski oblik stopala umanjuju mogu\u0107nost nastanka \u017euljeva. Gazelle \u0107e pru\u017eiti optimalan prijenos energije i dugoro\u010dno pogodovat \u0107e pobolj\u0161anju sportskih performansi.Pogodne su i za trail tr\u010danje, gdje umanjuju mogu\u0107nost ogrebotina i ozljeda.","og_url":"https:\/\/www.dogmasocks.com\/hr\/proizvod\/gazelle-zig-grey\/","og_site_name":"Dogma Socks","article_publisher":"https:\/\/www.facebook.com\/dogmasocks\/","article_modified_time":"2024-11-03T07:20:05+00:00","og_image":[{"width":1200,"height":1200,"url":"https:\/\/www.dogmasocks.com\/wp-content\/uploads\/2020\/03\/Gazelle_3_1.jpg","type":"image\/jpeg"}],"twitter_card":"summary_large_image","twitter_misc":{"Procijenjeno vrijeme \u010ditanja":"1 minuta"},"schema":{"@context":"https:\/\/schema.org","@graph":[{"@type":"WebPage","@id":"https:\/\/www.dogmasocks.com\/hr\/proizvod\/gazelle-zig-grey\/","url":"https:\/\/www.dogmasocks.com\/hr\/proizvod\/gazelle-zig-grey\/","name":"Gazelle Zig Grey | Dogma Socks - Extreme Design For Your Feet","isPartOf":{"@id":"https:\/\/www.dogmasocks.com\/hr\/#website"},"primaryImageOfPage":{"@id":"https:\/\/www.dogmasocks.com\/hr\/proizvod\/gazelle-zig-grey\/#primaryimage"},"image":{"@id":"https:\/\/www.dogmasocks.com\/hr\/proizvod\/gazelle-zig-grey\/#primaryimage"},"thumbnailUrl":"https:\/\/www.dogmasocks.com\/wp-content\/uploads\/2020\/03\/Gazelle_3_1.jpg","datePublished":"2020-04-01T15:23:35+00:00","dateModified":"2024-11-03T07:20:05+00:00","breadcrumb":{"@id":"https:\/\/www.dogmasocks.com\/hr\/proizvod\/gazelle-zig-grey\/#breadcrumb"},"inLanguage":"hr","potentialAction":[{"@type":"ReadAction","target":["https:\/\/www.dogmasocks.com\/hr\/proizvod\/gazelle-zig-grey\/"]}]},{"@type":"ImageObject","inLanguage":"hr","@id":"https:\/\/www.dogmasocks.com\/hr\/proizvod\/gazelle-zig-grey\/#primaryimage","url":"https:\/\/www.dogmasocks.com\/wp-content\/uploads\/2020\/03\/Gazelle_3_1.jpg","contentUrl":"https:\/\/www.dogmasocks.com\/wp-content\/uploads\/2020\/03\/Gazelle_3_1.jpg","width":1200,"height":1200,"caption":"Grey compression socks with small details in yellow color"},{"@type":"BreadcrumbList","@id":"https:\/\/www.dogmasocks.com\/hr\/proizvod\/gazelle-zig-grey\/#breadcrumb","itemListElement":[{"@type":"ListItem","position":1,"name":"Home","item":"https:\/\/www.dogmasocks.com\/hr\/"},{"@type":"ListItem","position":2,"name":"Shop","item":"http:\/\/www.dogmasocks.com\/hr\/shop\/"},{"@type":"ListItem","position":3,"name":"Gazelle Zig Grey"}]},{"@type":"WebSite","@id":"https:\/\/www.dogmasocks.com\/hr\/#website","url":"https:\/\/www.dogmasocks.com\/hr\/","name":"Dogma Socks","description":"eXtreme design for your feet.","potentialAction":[{"@type":"SearchAction","target":{"@type":"EntryPoint","urlTemplate":"https:\/\/www.dogmasocks.com\/hr\/?s={search_term_string}"},"query-input":{"@type":"PropertyValueSpecification","valueRequired":true,"valueName":"search_term_string"}}],"inLanguage":"hr"}]}},"_links":{"self":[{"href":"https:\/\/www.dogmasocks.com\/hr\/wp-json\/wp\/v2\/product\/624010","targetHints":{"allow":["GET"]}}],"collection":[{"href":"https:\/\/www.dogmasocks.com\/hr\/wp-json\/wp\/v2\/product"}],"about":[{"href":"https:\/\/www.dogmasocks.com\/hr\/wp-json\/wp\/v2\/types\/product"}],"replies":[{"embeddable":true,"href":"https:\/\/www.dogmasocks.com\/hr\/wp-json\/wp\/v2\/comments?post=624010"}],"wp:featuredmedia":[{"embeddable":true,"href":"https:\/\/www.dogmasocks.com\/hr\/wp-json\/wp\/v2\/media\/617722"}],"wp:attachment":[{"href":"https:\/\/www.dogmasocks.com\/hr\/wp-json\/wp\/v2\/media?parent=624010"}],"wp:term":[{"taxonomy":"product_brand","embeddable":true,"href":"https:\/\/www.dogmasocks.com\/hr\/wp-json\/wp\/v2\/product_brand?post=624010"},{"taxonomy":"product_cat","embeddable":true,"href":"https:\/\/www.dogmasocks.com\/hr\/wp-json\/wp\/v2\/product_cat?post=624010"},{"taxonomy":"product_tag","embeddable":true,"href":"https:\/\/www.dogmasocks.com\/hr\/wp-json\/wp\/v2\/product_tag?post=624010"}],"curies":[{"name":"wp","href":"https:\/\/api.w.org\/{rel}","templated":true}]}}