{"id":61639,"date":"2019-04-17T21:30:42","date_gmt":"2019-04-17T19:30:42","guid":{"rendered":"https:\/\/www.dogmasocks.com\/product\/falcon-neon\/"},"modified":"2020-04-03T11:45:56","modified_gmt":"2020-04-03T09:45:56","slug":"falcon-neon","status":"publish","type":"product","link":"https:\/\/www.dogmasocks.com\/hr\/proizvod\/falcon-neon\/","title":{"rendered":"Falcon Neon"},"content":{"rendered":"<p>Falcon \u010darape za tr\u010danje napravljene su tako da je njihovo pojastu\u010denje u potpunosti ravno u kombinaciji s ultra laganim funkcionalnim materijalima. Ovakva kombinacija osigurava vam brzinu i reakciju za vrijeme tr\u010danja. Falcon \u010darape su idealne za trka\u010de koji prefriraju brzinu i osje\u0107aj lako\u0107e u nogama. Tako\u0111er, kontakt izme\u0111u visokih tenisica i bolje kori\u0161tenja energije za vrijeme Falcon \u010darapa su od visoke va\u017enosti. Umetci od mre\u017ee odr\u017eavaju stopala hladnima i ventiliranima za vrijeme vru\u0107ih ljetnih mjeseci.<\/p>\n<p><strong>TEHNOLOGIJE:<\/strong><\/p>\n<p>\u2022 Prednji i stra\u017enji easti\u010dni potporanj spre\u010davaju grebanje koje mo\u017ee nastati od tenisica<br \/>\n\u2022 Mre\u017easta zona za bolju ventilaciju i regulaciju temperature<br \/>\n\u2022 Elasti\u010dna guma za bolju stabilnost \u010darape<br \/>\n\u2022 Brzosu\u0161e\u0107i materijali osiguravaju bolju absorpciju vla\u017enosti<br \/>\n\u2022 Anatomski oblik \u010darape<br \/>\n\u2022 Ultra lagane \u010darape koje omogu\u0107avanje disanje ko\u017ee<\/p>\n<p><strong>SASTAV:<\/strong><\/p>\n<p>\u2022 Tehni\u010dki poliester \u2013 61%<br \/>\n\u2022 Elastin \u2013 21,8%<br \/>\n\u2022 Poliamid \u2013 17,2%<\/p>\n<p>&nbsp;<\/p>\n","protected":false},"excerpt":{"rendered":"<p>Falcon \u010darape za tr\u010danje napravljene su tako da je njihovo pojastu\u010denje u potpunosti ravno u kombinaciji s ultra laganim funkcionalnim materijalima. Ovakva kombinacija osigurava vam brzinu i reakciju za vrijeme tr\u010danja. Falcon \u010darape su idealne za trka\u010de koji prefriraju brzinu i osje\u0107aj lako\u0107e u nogama. Tako\u0111er, kontakt izme\u0111u visokih tenisica i bolje kori\u0161tenja energije za vrijeme Falcon \u010darapa su od visoke va\u017enosti. Umetci od mre\u017ee odr\u017eavaju stopala hladnima i ventiliranima za vrijeme vru\u0107ih ljetnih mjeseci.<\/p>\n","protected":false},"featured_media":56401,"comment_status":"open","ping_status":"closed","template":"","meta":{"_acf_changed":false},"product_brand":[],"product_cat":[822],"product_tag":[914,886,900,871,934,912,911,939,881],"class_list":{"0":"post-61639","1":"product","2":"type-product","3":"status-publish","4":"has-post-thumbnail","6":"product_cat-outlet-hr","7":"product_tag-carape-za-trcanje-hr","8":"product_tag-falcon-hr","9":"product_tag-mrezasti-umetak","10":"product_tag-prozracne","11":"product_tag-tanko","12":"product_tag-trcanje","13":"product_tag-trcati","14":"product_tag-ultra-lagano","15":"product_tag-zastitni-umetak-hr","17":"first","18":"instock","19":"sale","20":"taxable","21":"shipping-taxable","22":"purchasable","23":"product-type-variable"},"acf":[],"yoast_head":"<!-- This site is optimized with the Yoast SEO plugin v24.2 - https:\/\/yoast.com\/wordpress\/plugins\/seo\/ -->\n<title>Falcon Neon | Dogma Socks - Extreme Design For Your Feet<\/title>\n<meta name=\"robots\" content=\"index, follow, max-snippet:-1, max-image-preview:large, max-video-preview:-1\" \/>\n<link rel=\"canonical\" href=\"https:\/\/www.dogmasocks.com\/hr\/proizvod\/falcon-neon\/\" \/>\n<meta property=\"og:locale\" content=\"hr_HR\" \/>\n<meta property=\"og:type\" content=\"article\" \/>\n<meta property=\"og:title\" content=\"Falcon Neon | Dogma Socks - Extreme Design For Your Feet\" \/>\n<meta property=\"og:description\" content=\"Falcon \u010darape za tr\u010danje napravljene su tako da je njihovo pojastu\u010denje u potpunosti ravno u kombinaciji s ultra laganim funkcionalnim materijalima. Ovakva kombinacija osigurava vam brzinu i reakciju za vrijeme tr\u010danja. Falcon \u010darape su idealne za trka\u010de koji prefriraju brzinu i osje\u0107aj lako\u0107e u nogama. Tako\u0111er, kontakt izme\u0111u visokih tenisica i bolje kori\u0161tenja energije za vrijeme Falcon \u010darapa su od visoke va\u017enosti. Umetci od mre\u017ee odr\u017eavaju stopala hladnima i ventiliranima za vrijeme vru\u0107ih ljetnih mjeseci.\" \/>\n<meta property=\"og:url\" content=\"https:\/\/www.dogmasocks.com\/hr\/proizvod\/falcon-neon\/\" \/>\n<meta property=\"og:site_name\" content=\"Dogma Socks\" \/>\n<meta property=\"article:publisher\" content=\"https:\/\/www.facebook.com\/dogmasocks\/\" \/>\n<meta property=\"article:modified_time\" content=\"2020-04-03T09:45:56+00:00\" \/>\n<meta property=\"og:image\" content=\"https:\/\/www.dogmasocks.com\/wp-content\/uploads\/2019\/04\/dogmasocks-RUN-falcon-neon-3.jpg\" \/>\n\t<meta property=\"og:image:width\" content=\"1920\" \/>\n\t<meta property=\"og:image:height\" content=\"1280\" \/>\n\t<meta property=\"og:image:type\" content=\"image\/jpeg\" \/>\n<meta name=\"twitter:card\" content=\"summary_large_image\" \/>\n<meta name=\"twitter:label1\" content=\"Procijenjeno vrijeme \u010ditanja\" \/>\n\t<meta name=\"twitter:data1\" content=\"1 minuta\" \/>\n<script type=\"application\/ld+json\" class=\"yoast-schema-graph\">{\"@context\":\"https:\/\/schema.org\",\"@graph\":[{\"@type\":\"WebPage\",\"@id\":\"https:\/\/www.dogmasocks.com\/hr\/proizvod\/falcon-neon\/\",\"url\":\"https:\/\/www.dogmasocks.com\/hr\/proizvod\/falcon-neon\/\",\"name\":\"Falcon Neon | Dogma Socks - Extreme Design For Your Feet\",\"isPartOf\":{\"@id\":\"https:\/\/www.dogmasocks.com\/hr\/#website\"},\"primaryImageOfPage\":{\"@id\":\"https:\/\/www.dogmasocks.com\/hr\/proizvod\/falcon-neon\/#primaryimage\"},\"image\":{\"@id\":\"https:\/\/www.dogmasocks.com\/hr\/proizvod\/falcon-neon\/#primaryimage\"},\"thumbnailUrl\":\"https:\/\/www.dogmasocks.com\/wp-content\/uploads\/2019\/04\/dogmasocks-RUN-falcon-neon-3.jpg\",\"datePublished\":\"2019-04-17T19:30:42+00:00\",\"dateModified\":\"2020-04-03T09:45:56+00:00\",\"breadcrumb\":{\"@id\":\"https:\/\/www.dogmasocks.com\/hr\/proizvod\/falcon-neon\/#breadcrumb\"},\"inLanguage\":\"hr\",\"potentialAction\":[{\"@type\":\"ReadAction\",\"target\":[\"https:\/\/www.dogmasocks.com\/hr\/proizvod\/falcon-neon\/\"]}]},{\"@type\":\"ImageObject\",\"inLanguage\":\"hr\",\"@id\":\"https:\/\/www.dogmasocks.com\/hr\/proizvod\/falcon-neon\/#primaryimage\",\"url\":\"https:\/\/www.dogmasocks.com\/wp-content\/uploads\/2019\/04\/dogmasocks-RUN-falcon-neon-3.jpg\",\"contentUrl\":\"https:\/\/www.dogmasocks.com\/wp-content\/uploads\/2019\/04\/dogmasocks-RUN-falcon-neon-3.jpg\",\"width\":1920,\"height\":1280},{\"@type\":\"BreadcrumbList\",\"@id\":\"https:\/\/www.dogmasocks.com\/hr\/proizvod\/falcon-neon\/#breadcrumb\",\"itemListElement\":[{\"@type\":\"ListItem\",\"position\":1,\"name\":\"Home\",\"item\":\"https:\/\/www.dogmasocks.com\/hr\/\"},{\"@type\":\"ListItem\",\"position\":2,\"name\":\"Shop\",\"item\":\"http:\/\/www.dogmasocks.com\/hr\/shop\/\"},{\"@type\":\"ListItem\",\"position\":3,\"name\":\"Falcon Neon\"}]},{\"@type\":\"WebSite\",\"@id\":\"https:\/\/www.dogmasocks.com\/hr\/#website\",\"url\":\"https:\/\/www.dogmasocks.com\/hr\/\",\"name\":\"Dogma Socks\",\"description\":\"eXtreme design for your feet.\",\"potentialAction\":[{\"@type\":\"SearchAction\",\"target\":{\"@type\":\"EntryPoint\",\"urlTemplate\":\"https:\/\/www.dogmasocks.com\/hr\/?s={search_term_string}\"},\"query-input\":{\"@type\":\"PropertyValueSpecification\",\"valueRequired\":true,\"valueName\":\"search_term_string\"}}],\"inLanguage\":\"hr\"}]}<\/script>\n<!-- \/ Yoast SEO plugin. -->","yoast_head_json":{"title":"Falcon Neon | Dogma Socks - Extreme Design For Your Feet","robots":{"index":"index","follow":"follow","max-snippet":"max-snippet:-1","max-image-preview":"max-image-preview:large","max-video-preview":"max-video-preview:-1"},"canonical":"https:\/\/www.dogmasocks.com\/hr\/proizvod\/falcon-neon\/","og_locale":"hr_HR","og_type":"article","og_title":"Falcon Neon | Dogma Socks - Extreme Design For Your Feet","og_description":"Falcon \u010darape za tr\u010danje napravljene su tako da je njihovo pojastu\u010denje u potpunosti ravno u kombinaciji s ultra laganim funkcionalnim materijalima. Ovakva kombinacija osigurava vam brzinu i reakciju za vrijeme tr\u010danja. Falcon \u010darape su idealne za trka\u010de koji prefriraju brzinu i osje\u0107aj lako\u0107e u nogama. Tako\u0111er, kontakt izme\u0111u visokih tenisica i bolje kori\u0161tenja energije za vrijeme Falcon \u010darapa su od visoke va\u017enosti. Umetci od mre\u017ee odr\u017eavaju stopala hladnima i ventiliranima za vrijeme vru\u0107ih ljetnih mjeseci.","og_url":"https:\/\/www.dogmasocks.com\/hr\/proizvod\/falcon-neon\/","og_site_name":"Dogma Socks","article_publisher":"https:\/\/www.facebook.com\/dogmasocks\/","article_modified_time":"2020-04-03T09:45:56+00:00","og_image":[{"width":1920,"height":1280,"url":"https:\/\/www.dogmasocks.com\/wp-content\/uploads\/2019\/04\/dogmasocks-RUN-falcon-neon-3.jpg","type":"image\/jpeg"}],"twitter_card":"summary_large_image","twitter_misc":{"Procijenjeno vrijeme \u010ditanja":"1 minuta"},"schema":{"@context":"https:\/\/schema.org","@graph":[{"@type":"WebPage","@id":"https:\/\/www.dogmasocks.com\/hr\/proizvod\/falcon-neon\/","url":"https:\/\/www.dogmasocks.com\/hr\/proizvod\/falcon-neon\/","name":"Falcon Neon | Dogma Socks - Extreme Design For Your Feet","isPartOf":{"@id":"https:\/\/www.dogmasocks.com\/hr\/#website"},"primaryImageOfPage":{"@id":"https:\/\/www.dogmasocks.com\/hr\/proizvod\/falcon-neon\/#primaryimage"},"image":{"@id":"https:\/\/www.dogmasocks.com\/hr\/proizvod\/falcon-neon\/#primaryimage"},"thumbnailUrl":"https:\/\/www.dogmasocks.com\/wp-content\/uploads\/2019\/04\/dogmasocks-RUN-falcon-neon-3.jpg","datePublished":"2019-04-17T19:30:42+00:00","dateModified":"2020-04-03T09:45:56+00:00","breadcrumb":{"@id":"https:\/\/www.dogmasocks.com\/hr\/proizvod\/falcon-neon\/#breadcrumb"},"inLanguage":"hr","potentialAction":[{"@type":"ReadAction","target":["https:\/\/www.dogmasocks.com\/hr\/proizvod\/falcon-neon\/"]}]},{"@type":"ImageObject","inLanguage":"hr","@id":"https:\/\/www.dogmasocks.com\/hr\/proizvod\/falcon-neon\/#primaryimage","url":"https:\/\/www.dogmasocks.com\/wp-content\/uploads\/2019\/04\/dogmasocks-RUN-falcon-neon-3.jpg","contentUrl":"https:\/\/www.dogmasocks.com\/wp-content\/uploads\/2019\/04\/dogmasocks-RUN-falcon-neon-3.jpg","width":1920,"height":1280},{"@type":"BreadcrumbList","@id":"https:\/\/www.dogmasocks.com\/hr\/proizvod\/falcon-neon\/#breadcrumb","itemListElement":[{"@type":"ListItem","position":1,"name":"Home","item":"https:\/\/www.dogmasocks.com\/hr\/"},{"@type":"ListItem","position":2,"name":"Shop","item":"http:\/\/www.dogmasocks.com\/hr\/shop\/"},{"@type":"ListItem","position":3,"name":"Falcon Neon"}]},{"@type":"WebSite","@id":"https:\/\/www.dogmasocks.com\/hr\/#website","url":"https:\/\/www.dogmasocks.com\/hr\/","name":"Dogma Socks","description":"eXtreme design for your feet.","potentialAction":[{"@type":"SearchAction","target":{"@type":"EntryPoint","urlTemplate":"https:\/\/www.dogmasocks.com\/hr\/?s={search_term_string}"},"query-input":{"@type":"PropertyValueSpecification","valueRequired":true,"valueName":"search_term_string"}}],"inLanguage":"hr"}]}},"_links":{"self":[{"href":"https:\/\/www.dogmasocks.com\/hr\/wp-json\/wp\/v2\/product\/61639","targetHints":{"allow":["GET"]}}],"collection":[{"href":"https:\/\/www.dogmasocks.com\/hr\/wp-json\/wp\/v2\/product"}],"about":[{"href":"https:\/\/www.dogmasocks.com\/hr\/wp-json\/wp\/v2\/types\/product"}],"replies":[{"embeddable":true,"href":"https:\/\/www.dogmasocks.com\/hr\/wp-json\/wp\/v2\/comments?post=61639"}],"wp:featuredmedia":[{"embeddable":true,"href":"https:\/\/www.dogmasocks.com\/hr\/wp-json\/wp\/v2\/media\/56401"}],"wp:attachment":[{"href":"https:\/\/www.dogmasocks.com\/hr\/wp-json\/wp\/v2\/media?parent=61639"}],"wp:term":[{"taxonomy":"product_brand","embeddable":true,"href":"https:\/\/www.dogmasocks.com\/hr\/wp-json\/wp\/v2\/product_brand?post=61639"},{"taxonomy":"product_cat","embeddable":true,"href":"https:\/\/www.dogmasocks.com\/hr\/wp-json\/wp\/v2\/product_cat?post=61639"},{"taxonomy":"product_tag","embeddable":true,"href":"https:\/\/www.dogmasocks.com\/hr\/wp-json\/wp\/v2\/product_tag?post=61639"}],"curies":[{"name":"wp","href":"https:\/\/api.w.org\/{rel}","templated":true}]}}