{"id":61338,"date":"2019-05-17T18:25:36","date_gmt":"2019-05-17T16:25:36","guid":{"rendered":"https:\/\/www.dogmasocks.com\/product\/mountain-lion-green\/"},"modified":"2024-10-02T13:24:13","modified_gmt":"2024-10-02T11:24:13","slug":"mountain-lion-stripe","status":"publish","type":"product","link":"https:\/\/www.dogmasocks.com\/hr\/proizvod\/mountain-lion-stripe\/","title":{"rendered":"Mountain Lion Stripe"},"content":{"rendered":"<p>Lav ima sve \u2013 dobru izolaciju i podstavu te kontrolu temperature i ojastu\u010denja. Standardna visina mekane elasti\u010dne sare s posebnim zonama ojastu\u010denja \u00a0sprje\u010dava nastajanje modrica i iritacija koju mogu nastati zbog grubih planinarskih gojzerica. Obo\u017eavati \u0107ete se planinariti satima i istra\u017eivati zahtjevan teren \u2013 od o\u0161trih stijena do planinskih gle\u010dera. Htjet \u0107ete gurati svoje limite i iza\u0107i iz vlastite komfor zone<\/p>\n<p><strong><u>MATERIJALI<\/u><\/strong><\/p>\n<ul>\n<li>Merino vuna 40,86%<\/li>\n<li>Polipropilen 27,24%<\/li>\n<li>Elastan 28,1 %<\/li>\n<li>Poliamid 3,8%<\/li>\n<\/ul>\n<p><strong>TEHNOLOGIJA<\/strong>:<\/p>\n<ul>\n<li>Savr\u0161en spoj tehno\u010dkih materijala,, merino vune i polipropilena s termoregulatornim karakteristikama.<\/li>\n<li>Slojevito zonalno pletenje<\/li>\n<li>Lagana kompresija umanjuje bol u mi\u0161i\u0107ima<\/li>\n<li>Anatomski ojastu\u010deno stopalo<\/li>\n<li>Za\u0161tita ahilove tetive<\/li>\n<li>Za\u0161tita gle\u017enja<\/li>\n<li>Ravni \u0161av sprje\u010dava nastajanje \u017euljeva<\/li>\n<\/ul>\n","protected":false},"excerpt":{"rendered":"<p>Lav ima sve \u2013 dobru izolaciju i podstavu te kontrolu klimatizacije i pojastu\u010denje. Standardna visina elasti\u010dne potpore s umetnutim zonama pojastu\u010denja preventiraju nastajanje modrica i iritacija koju mogu nastati za vrijeme no\u0161enja \u010dizama za planinarenje. Obo\u017eavati \u0107ete se planinariti satima i istra\u017eivati zahtjevan teren \u2013 od o\u0161trih stijena do planinskih gle\u010dera. Htjet \u0107ete gurati svoje limite i iza\u0107i iz vlastite komfor zone.<\/p>\n","protected":false},"featured_media":1285600,"comment_status":"closed","ping_status":"closed","template":"","meta":{"_acf_changed":false},"product_brand":[],"product_cat":[830,822],"product_tag":[869,877,899,878,882],"class_list":{"0":"post-61338","1":"product","2":"type-product","3":"status-publish","4":"has-post-thumbnail","6":"product_cat-mountain-lion-hr","7":"product_cat-outlet-hr","8":"product_tag-bez-zuljeva","9":"product_tag-kompresijske-carape","10":"product_tag-merino-vuna","11":"product_tag-moc-kompresije","12":"product_tag-podstava","14":"first","15":"instock","16":"sale","17":"taxable","18":"shipping-taxable","19":"purchasable","20":"product-type-variable"},"acf":[],"yoast_head":"<!-- This site is optimized with the Yoast SEO plugin v24.2 - https:\/\/yoast.com\/wordpress\/plugins\/seo\/ -->\n<title>Mountain Lion Stripe | Dogma Socks - Extreme Design For Your Feet<\/title>\n<meta name=\"robots\" content=\"index, follow, max-snippet:-1, max-image-preview:large, max-video-preview:-1\" \/>\n<link rel=\"canonical\" href=\"https:\/\/www.dogmasocks.com\/hr\/proizvod\/mountain-lion-stripe\/\" \/>\n<meta property=\"og:locale\" content=\"hr_HR\" \/>\n<meta property=\"og:type\" content=\"article\" \/>\n<meta property=\"og:title\" content=\"Mountain Lion Stripe | Dogma Socks - Extreme Design For Your Feet\" \/>\n<meta property=\"og:description\" content=\"Lav ima sve \u2013 dobru izolaciju i podstavu te kontrolu klimatizacije i pojastu\u010denje. Standardna visina elasti\u010dne potpore s umetnutim zonama pojastu\u010denja preventiraju nastajanje modrica i iritacija koju mogu nastati za vrijeme no\u0161enja \u010dizama za planinarenje. Obo\u017eavati \u0107ete se planinariti satima i istra\u017eivati zahtjevan teren \u2013 od o\u0161trih stijena do planinskih gle\u010dera. Htjet \u0107ete gurati svoje limite i iza\u0107i iz vlastite komfor zone.\" \/>\n<meta property=\"og:url\" content=\"https:\/\/www.dogmasocks.com\/hr\/proizvod\/mountain-lion-stripe\/\" \/>\n<meta property=\"og:site_name\" content=\"Dogma Socks\" \/>\n<meta property=\"article:publisher\" content=\"https:\/\/www.facebook.com\/dogmasocks\/\" \/>\n<meta property=\"article:modified_time\" content=\"2024-10-02T11:24:13+00:00\" \/>\n<meta property=\"og:image\" content=\"https:\/\/www.dogmasocks.com\/wp-content\/uploads\/2020\/07\/Mountain_Lion_2_1.jpg\" \/>\n\t<meta property=\"og:image:width\" content=\"1200\" \/>\n\t<meta property=\"og:image:height\" content=\"1200\" \/>\n\t<meta property=\"og:image:type\" content=\"image\/jpeg\" \/>\n<meta name=\"twitter:card\" content=\"summary_large_image\" \/>\n<meta name=\"twitter:label1\" content=\"Procijenjeno vrijeme \u010ditanja\" \/>\n\t<meta name=\"twitter:data1\" content=\"1 minuta\" \/>\n<script type=\"application\/ld+json\" class=\"yoast-schema-graph\">{\"@context\":\"https:\/\/schema.org\",\"@graph\":[{\"@type\":\"WebPage\",\"@id\":\"https:\/\/www.dogmasocks.com\/hr\/proizvod\/mountain-lion-stripe\/\",\"url\":\"https:\/\/www.dogmasocks.com\/hr\/proizvod\/mountain-lion-stripe\/\",\"name\":\"Mountain Lion Stripe | Dogma Socks - Extreme Design For Your Feet\",\"isPartOf\":{\"@id\":\"https:\/\/www.dogmasocks.com\/hr\/#website\"},\"primaryImageOfPage\":{\"@id\":\"https:\/\/www.dogmasocks.com\/hr\/proizvod\/mountain-lion-stripe\/#primaryimage\"},\"image\":{\"@id\":\"https:\/\/www.dogmasocks.com\/hr\/proizvod\/mountain-lion-stripe\/#primaryimage\"},\"thumbnailUrl\":\"https:\/\/www.dogmasocks.com\/wp-content\/uploads\/2020\/07\/Mountain_Lion_2_1.jpg\",\"datePublished\":\"2019-05-17T16:25:36+00:00\",\"dateModified\":\"2024-10-02T11:24:13+00:00\",\"breadcrumb\":{\"@id\":\"https:\/\/www.dogmasocks.com\/hr\/proizvod\/mountain-lion-stripe\/#breadcrumb\"},\"inLanguage\":\"hr\",\"potentialAction\":[{\"@type\":\"ReadAction\",\"target\":[\"https:\/\/www.dogmasocks.com\/hr\/proizvod\/mountain-lion-stripe\/\"]}]},{\"@type\":\"ImageObject\",\"inLanguage\":\"hr\",\"@id\":\"https:\/\/www.dogmasocks.com\/hr\/proizvod\/mountain-lion-stripe\/#primaryimage\",\"url\":\"https:\/\/www.dogmasocks.com\/wp-content\/uploads\/2020\/07\/Mountain_Lion_2_1.jpg\",\"contentUrl\":\"https:\/\/www.dogmasocks.com\/wp-content\/uploads\/2020\/07\/Mountain_Lion_2_1.jpg\",\"width\":1200,\"height\":1200},{\"@type\":\"BreadcrumbList\",\"@id\":\"https:\/\/www.dogmasocks.com\/hr\/proizvod\/mountain-lion-stripe\/#breadcrumb\",\"itemListElement\":[{\"@type\":\"ListItem\",\"position\":1,\"name\":\"Home\",\"item\":\"https:\/\/www.dogmasocks.com\/hr\/\"},{\"@type\":\"ListItem\",\"position\":2,\"name\":\"Shop\",\"item\":\"http:\/\/www.dogmasocks.com\/hr\/shop\/\"},{\"@type\":\"ListItem\",\"position\":3,\"name\":\"Mountain Lion Stripe\"}]},{\"@type\":\"WebSite\",\"@id\":\"https:\/\/www.dogmasocks.com\/hr\/#website\",\"url\":\"https:\/\/www.dogmasocks.com\/hr\/\",\"name\":\"Dogma Socks\",\"description\":\"eXtreme design for your feet.\",\"potentialAction\":[{\"@type\":\"SearchAction\",\"target\":{\"@type\":\"EntryPoint\",\"urlTemplate\":\"https:\/\/www.dogmasocks.com\/hr\/?s={search_term_string}\"},\"query-input\":{\"@type\":\"PropertyValueSpecification\",\"valueRequired\":true,\"valueName\":\"search_term_string\"}}],\"inLanguage\":\"hr\"}]}<\/script>\n<!-- \/ Yoast SEO plugin. -->","yoast_head_json":{"title":"Mountain Lion Stripe | Dogma Socks - Extreme Design For Your Feet","robots":{"index":"index","follow":"follow","max-snippet":"max-snippet:-1","max-image-preview":"max-image-preview:large","max-video-preview":"max-video-preview:-1"},"canonical":"https:\/\/www.dogmasocks.com\/hr\/proizvod\/mountain-lion-stripe\/","og_locale":"hr_HR","og_type":"article","og_title":"Mountain Lion Stripe | Dogma Socks - Extreme Design For Your Feet","og_description":"Lav ima sve \u2013 dobru izolaciju i podstavu te kontrolu klimatizacije i pojastu\u010denje. Standardna visina elasti\u010dne potpore s umetnutim zonama pojastu\u010denja preventiraju nastajanje modrica i iritacija koju mogu nastati za vrijeme no\u0161enja \u010dizama za planinarenje. Obo\u017eavati \u0107ete se planinariti satima i istra\u017eivati zahtjevan teren \u2013 od o\u0161trih stijena do planinskih gle\u010dera. Htjet \u0107ete gurati svoje limite i iza\u0107i iz vlastite komfor zone.","og_url":"https:\/\/www.dogmasocks.com\/hr\/proizvod\/mountain-lion-stripe\/","og_site_name":"Dogma Socks","article_publisher":"https:\/\/www.facebook.com\/dogmasocks\/","article_modified_time":"2024-10-02T11:24:13+00:00","og_image":[{"width":1200,"height":1200,"url":"https:\/\/www.dogmasocks.com\/wp-content\/uploads\/2020\/07\/Mountain_Lion_2_1.jpg","type":"image\/jpeg"}],"twitter_card":"summary_large_image","twitter_misc":{"Procijenjeno vrijeme \u010ditanja":"1 minuta"},"schema":{"@context":"https:\/\/schema.org","@graph":[{"@type":"WebPage","@id":"https:\/\/www.dogmasocks.com\/hr\/proizvod\/mountain-lion-stripe\/","url":"https:\/\/www.dogmasocks.com\/hr\/proizvod\/mountain-lion-stripe\/","name":"Mountain Lion Stripe | Dogma Socks - Extreme Design For Your Feet","isPartOf":{"@id":"https:\/\/www.dogmasocks.com\/hr\/#website"},"primaryImageOfPage":{"@id":"https:\/\/www.dogmasocks.com\/hr\/proizvod\/mountain-lion-stripe\/#primaryimage"},"image":{"@id":"https:\/\/www.dogmasocks.com\/hr\/proizvod\/mountain-lion-stripe\/#primaryimage"},"thumbnailUrl":"https:\/\/www.dogmasocks.com\/wp-content\/uploads\/2020\/07\/Mountain_Lion_2_1.jpg","datePublished":"2019-05-17T16:25:36+00:00","dateModified":"2024-10-02T11:24:13+00:00","breadcrumb":{"@id":"https:\/\/www.dogmasocks.com\/hr\/proizvod\/mountain-lion-stripe\/#breadcrumb"},"inLanguage":"hr","potentialAction":[{"@type":"ReadAction","target":["https:\/\/www.dogmasocks.com\/hr\/proizvod\/mountain-lion-stripe\/"]}]},{"@type":"ImageObject","inLanguage":"hr","@id":"https:\/\/www.dogmasocks.com\/hr\/proizvod\/mountain-lion-stripe\/#primaryimage","url":"https:\/\/www.dogmasocks.com\/wp-content\/uploads\/2020\/07\/Mountain_Lion_2_1.jpg","contentUrl":"https:\/\/www.dogmasocks.com\/wp-content\/uploads\/2020\/07\/Mountain_Lion_2_1.jpg","width":1200,"height":1200},{"@type":"BreadcrumbList","@id":"https:\/\/www.dogmasocks.com\/hr\/proizvod\/mountain-lion-stripe\/#breadcrumb","itemListElement":[{"@type":"ListItem","position":1,"name":"Home","item":"https:\/\/www.dogmasocks.com\/hr\/"},{"@type":"ListItem","position":2,"name":"Shop","item":"http:\/\/www.dogmasocks.com\/hr\/shop\/"},{"@type":"ListItem","position":3,"name":"Mountain Lion Stripe"}]},{"@type":"WebSite","@id":"https:\/\/www.dogmasocks.com\/hr\/#website","url":"https:\/\/www.dogmasocks.com\/hr\/","name":"Dogma Socks","description":"eXtreme design for your feet.","potentialAction":[{"@type":"SearchAction","target":{"@type":"EntryPoint","urlTemplate":"https:\/\/www.dogmasocks.com\/hr\/?s={search_term_string}"},"query-input":{"@type":"PropertyValueSpecification","valueRequired":true,"valueName":"search_term_string"}}],"inLanguage":"hr"}]}},"_links":{"self":[{"href":"https:\/\/www.dogmasocks.com\/hr\/wp-json\/wp\/v2\/product\/61338","targetHints":{"allow":["GET"]}}],"collection":[{"href":"https:\/\/www.dogmasocks.com\/hr\/wp-json\/wp\/v2\/product"}],"about":[{"href":"https:\/\/www.dogmasocks.com\/hr\/wp-json\/wp\/v2\/types\/product"}],"replies":[{"embeddable":true,"href":"https:\/\/www.dogmasocks.com\/hr\/wp-json\/wp\/v2\/comments?post=61338"}],"wp:featuredmedia":[{"embeddable":true,"href":"https:\/\/www.dogmasocks.com\/hr\/wp-json\/wp\/v2\/media\/1285600"}],"wp:attachment":[{"href":"https:\/\/www.dogmasocks.com\/hr\/wp-json\/wp\/v2\/media?parent=61338"}],"wp:term":[{"taxonomy":"product_brand","embeddable":true,"href":"https:\/\/www.dogmasocks.com\/hr\/wp-json\/wp\/v2\/product_brand?post=61338"},{"taxonomy":"product_cat","embeddable":true,"href":"https:\/\/www.dogmasocks.com\/hr\/wp-json\/wp\/v2\/product_cat?post=61338"},{"taxonomy":"product_tag","embeddable":true,"href":"https:\/\/www.dogmasocks.com\/hr\/wp-json\/wp\/v2\/product_tag?post=61338"}],"curies":[{"name":"wp","href":"https:\/\/api.w.org\/{rel}","templated":true}]}}