{"id":61304,"date":"2019-05-08T01:01:55","date_gmt":"2019-05-07T23:01:55","guid":{"rendered":"https:\/\/www.dogmasocks.com\/product\/yeti-black-m1\/"},"modified":"2020-04-29T11:26:22","modified_gmt":"2020-04-29T09:26:22","slug":"yeti-black-m1","status":"publish","type":"product","link":"https:\/\/www.dogmasocks.com\/hr\/proizvod\/yeti-black-m1\/","title":{"rendered":"Yeti Black M1"},"content":{"rendered":"<p>Yeti pru\u017ea savr\u0161en spoj materijala koji se brzo su\u0161e i mekane merino vune. Pojastu\u010deni tabani daju stopalima bolji osje\u0107aj i ve\u0107u razinu topline. Du\u017ea elasti\u010dna potpora preventira iritacije koje mogu nastati za vrijeme no\u0161enja \u010dizama za planinarenje dok tehnologija za\u0161tite tetive \u0161titi osjetljiva stopala. Yeti \u010darape dizajnirane su za sve moderne avanturiste i profesionalce koji vole planinariti tokom cijele godine \u0161to ih \u010dini savr\u0161enim cjelogodi\u0161njim planinarskim \u010darapama.<\/p>\n<p><strong>TEHNOLOGIJE:<\/strong><\/p>\n<p>\u2022 Savr\u0161eni spoj tehni\u010dkih materijala, merino vune i polipropilena s termoreguloraju\u0107im karakteristikama<br \/>\n\u2022 Slojevito tkanje zona<br \/>\n\u2022 Pojastu\u010deni tabani<br \/>\n\u2022 Za\u0161tita ahilove tetive<\/p>\n<p><strong>SASTAV:<\/strong><\/p>\n<p>\u2022 Funkcionalni poliester \u2013 51,4%<br \/>\n\u2022 Merino vuna \u2013 22,1%<br \/>\n\u2022 Elastin \u2013 17,7%<br \/>\n\u2022 Poliamid \u2013 8,8%<\/p>\n","protected":false},"excerpt":{"rendered":"<p>Yeti pru\u017ea savr\u0161en spoj materijala koji se brzo su\u0161e i mekane merino vune. Pojastu\u010deni tabani daju stopalima bolji osje\u0107aj i ve\u0107u razinu topline. Du\u017ea elasti\u010dna potpora preventira iritacije koje mogu nastati za vrijeme no\u0161enja \u010dizama za planinarenje dok tehnologija za\u0161tite tetive \u0161titi osjetljiva stopala. Yeti \u010darape dizajnirane su za sve moderne avanturiste i profesionalce koji vole planinariti tokom cijele godine \u0161to ih \u010dini savr\u0161enim cjelogodi\u0161njim planinarskim \u010darapama.<\/p>\n","protected":false},"featured_media":690164,"comment_status":"open","ping_status":"closed","template":"","meta":{"_acf_changed":false},"product_brand":[],"product_cat":[823,827,832],"product_tag":[854,856,892,899,891,926,883,909,946,870],"class_list":{"0":"post-61304","1":"product","2":"type-product","3":"status-publish","4":"has-post-thumbnail","6":"product_cat-carape","7":"product_cat-planinarenje","8":"product_cat-yeti-hr","9":"product_tag-ahilov-stit","10":"product_tag-aircon-tech-hr","11":"product_tag-carape-za-planinarenje","12":"product_tag-merino-vuna","13":"product_tag-planinarenje","14":"product_tag-sock-lock-duo-hr","15":"product_tag-tehnologija-pojastucenja","16":"product_tag-vanjski","17":"product_tag-yeti-hr","18":"product_tag-zastita-od-zuljeva","20":"first","21":"instock","22":"taxable","23":"shipping-taxable","24":"product-type-variable"},"acf":[],"yoast_head":"<!-- This site is optimized with the Yoast SEO plugin v24.2 - https:\/\/yoast.com\/wordpress\/plugins\/seo\/ -->\n<title>Yeti Black M1 | Dogma Socks - Extreme Design For Your Feet<\/title>\n<meta name=\"robots\" content=\"index, follow, max-snippet:-1, max-image-preview:large, max-video-preview:-1\" \/>\n<link rel=\"canonical\" href=\"https:\/\/www.dogmasocks.com\/hr\/proizvod\/yeti-black-m1\/\" \/>\n<meta property=\"og:locale\" content=\"hr_HR\" \/>\n<meta property=\"og:type\" content=\"article\" \/>\n<meta property=\"og:title\" content=\"Yeti Black M1 | Dogma Socks - Extreme Design For Your Feet\" \/>\n<meta property=\"og:description\" content=\"Yeti pru\u017ea savr\u0161en spoj materijala koji se brzo su\u0161e i mekane merino vune. Pojastu\u010deni tabani daju stopalima bolji osje\u0107aj i ve\u0107u razinu topline. Du\u017ea elasti\u010dna potpora preventira iritacije koje mogu nastati za vrijeme no\u0161enja \u010dizama za planinarenje dok tehnologija za\u0161tite tetive \u0161titi osjetljiva stopala. Yeti \u010darape dizajnirane su za sve moderne avanturiste i profesionalce koji vole planinariti tokom cijele godine \u0161to ih \u010dini savr\u0161enim cjelogodi\u0161njim planinarskim \u010darapama.\" \/>\n<meta property=\"og:url\" content=\"https:\/\/www.dogmasocks.com\/hr\/proizvod\/yeti-black-m1\/\" \/>\n<meta property=\"og:site_name\" content=\"Dogma Socks\" \/>\n<meta property=\"article:publisher\" content=\"https:\/\/www.facebook.com\/dogmasocks\/\" \/>\n<meta property=\"article:modified_time\" content=\"2020-04-29T09:26:22+00:00\" \/>\n<meta property=\"og:image\" content=\"https:\/\/www.dogmasocks.com\/wp-content\/uploads\/2020\/04\/Yeti_1_1.jpg\" \/>\n\t<meta property=\"og:image:width\" content=\"1200\" \/>\n\t<meta property=\"og:image:height\" content=\"1200\" \/>\n\t<meta property=\"og:image:type\" content=\"image\/jpeg\" \/>\n<meta name=\"twitter:card\" content=\"summary_large_image\" \/>\n<meta name=\"twitter:label1\" content=\"Procijenjeno vrijeme \u010ditanja\" \/>\n\t<meta name=\"twitter:data1\" content=\"1 minuta\" \/>\n<script type=\"application\/ld+json\" class=\"yoast-schema-graph\">{\"@context\":\"https:\/\/schema.org\",\"@graph\":[{\"@type\":\"WebPage\",\"@id\":\"https:\/\/www.dogmasocks.com\/hr\/proizvod\/yeti-black-m1\/\",\"url\":\"https:\/\/www.dogmasocks.com\/hr\/proizvod\/yeti-black-m1\/\",\"name\":\"Yeti Black M1 | Dogma Socks - Extreme Design For Your Feet\",\"isPartOf\":{\"@id\":\"https:\/\/www.dogmasocks.com\/hr\/#website\"},\"primaryImageOfPage\":{\"@id\":\"https:\/\/www.dogmasocks.com\/hr\/proizvod\/yeti-black-m1\/#primaryimage\"},\"image\":{\"@id\":\"https:\/\/www.dogmasocks.com\/hr\/proizvod\/yeti-black-m1\/#primaryimage\"},\"thumbnailUrl\":\"https:\/\/www.dogmasocks.com\/wp-content\/uploads\/2020\/04\/Yeti_1_1.jpg\",\"datePublished\":\"2019-05-07T23:01:55+00:00\",\"dateModified\":\"2020-04-29T09:26:22+00:00\",\"breadcrumb\":{\"@id\":\"https:\/\/www.dogmasocks.com\/hr\/proizvod\/yeti-black-m1\/#breadcrumb\"},\"inLanguage\":\"hr\",\"potentialAction\":[{\"@type\":\"ReadAction\",\"target\":[\"https:\/\/www.dogmasocks.com\/hr\/proizvod\/yeti-black-m1\/\"]}]},{\"@type\":\"ImageObject\",\"inLanguage\":\"hr\",\"@id\":\"https:\/\/www.dogmasocks.com\/hr\/proizvod\/yeti-black-m1\/#primaryimage\",\"url\":\"https:\/\/www.dogmasocks.com\/wp-content\/uploads\/2020\/04\/Yeti_1_1.jpg\",\"contentUrl\":\"https:\/\/www.dogmasocks.com\/wp-content\/uploads\/2020\/04\/Yeti_1_1.jpg\",\"width\":1200,\"height\":1200},{\"@type\":\"BreadcrumbList\",\"@id\":\"https:\/\/www.dogmasocks.com\/hr\/proizvod\/yeti-black-m1\/#breadcrumb\",\"itemListElement\":[{\"@type\":\"ListItem\",\"position\":1,\"name\":\"Home\",\"item\":\"https:\/\/www.dogmasocks.com\/hr\/\"},{\"@type\":\"ListItem\",\"position\":2,\"name\":\"Shop\",\"item\":\"http:\/\/www.dogmasocks.com\/hr\/shop\/\"},{\"@type\":\"ListItem\",\"position\":3,\"name\":\"Yeti Black M1\"}]},{\"@type\":\"WebSite\",\"@id\":\"https:\/\/www.dogmasocks.com\/hr\/#website\",\"url\":\"https:\/\/www.dogmasocks.com\/hr\/\",\"name\":\"Dogma Socks\",\"description\":\"eXtreme design for your feet.\",\"potentialAction\":[{\"@type\":\"SearchAction\",\"target\":{\"@type\":\"EntryPoint\",\"urlTemplate\":\"https:\/\/www.dogmasocks.com\/hr\/?s={search_term_string}\"},\"query-input\":{\"@type\":\"PropertyValueSpecification\",\"valueRequired\":true,\"valueName\":\"search_term_string\"}}],\"inLanguage\":\"hr\"}]}<\/script>\n<!-- \/ Yoast SEO plugin. -->","yoast_head_json":{"title":"Yeti Black M1 | Dogma Socks - Extreme Design For Your Feet","robots":{"index":"index","follow":"follow","max-snippet":"max-snippet:-1","max-image-preview":"max-image-preview:large","max-video-preview":"max-video-preview:-1"},"canonical":"https:\/\/www.dogmasocks.com\/hr\/proizvod\/yeti-black-m1\/","og_locale":"hr_HR","og_type":"article","og_title":"Yeti Black M1 | Dogma Socks - Extreme Design For Your Feet","og_description":"Yeti pru\u017ea savr\u0161en spoj materijala koji se brzo su\u0161e i mekane merino vune. Pojastu\u010deni tabani daju stopalima bolji osje\u0107aj i ve\u0107u razinu topline. Du\u017ea elasti\u010dna potpora preventira iritacije koje mogu nastati za vrijeme no\u0161enja \u010dizama za planinarenje dok tehnologija za\u0161tite tetive \u0161titi osjetljiva stopala. Yeti \u010darape dizajnirane su za sve moderne avanturiste i profesionalce koji vole planinariti tokom cijele godine \u0161to ih \u010dini savr\u0161enim cjelogodi\u0161njim planinarskim \u010darapama.","og_url":"https:\/\/www.dogmasocks.com\/hr\/proizvod\/yeti-black-m1\/","og_site_name":"Dogma Socks","article_publisher":"https:\/\/www.facebook.com\/dogmasocks\/","article_modified_time":"2020-04-29T09:26:22+00:00","og_image":[{"width":1200,"height":1200,"url":"https:\/\/www.dogmasocks.com\/wp-content\/uploads\/2020\/04\/Yeti_1_1.jpg","type":"image\/jpeg"}],"twitter_card":"summary_large_image","twitter_misc":{"Procijenjeno vrijeme \u010ditanja":"1 minuta"},"schema":{"@context":"https:\/\/schema.org","@graph":[{"@type":"WebPage","@id":"https:\/\/www.dogmasocks.com\/hr\/proizvod\/yeti-black-m1\/","url":"https:\/\/www.dogmasocks.com\/hr\/proizvod\/yeti-black-m1\/","name":"Yeti Black M1 | Dogma Socks - Extreme Design For Your Feet","isPartOf":{"@id":"https:\/\/www.dogmasocks.com\/hr\/#website"},"primaryImageOfPage":{"@id":"https:\/\/www.dogmasocks.com\/hr\/proizvod\/yeti-black-m1\/#primaryimage"},"image":{"@id":"https:\/\/www.dogmasocks.com\/hr\/proizvod\/yeti-black-m1\/#primaryimage"},"thumbnailUrl":"https:\/\/www.dogmasocks.com\/wp-content\/uploads\/2020\/04\/Yeti_1_1.jpg","datePublished":"2019-05-07T23:01:55+00:00","dateModified":"2020-04-29T09:26:22+00:00","breadcrumb":{"@id":"https:\/\/www.dogmasocks.com\/hr\/proizvod\/yeti-black-m1\/#breadcrumb"},"inLanguage":"hr","potentialAction":[{"@type":"ReadAction","target":["https:\/\/www.dogmasocks.com\/hr\/proizvod\/yeti-black-m1\/"]}]},{"@type":"ImageObject","inLanguage":"hr","@id":"https:\/\/www.dogmasocks.com\/hr\/proizvod\/yeti-black-m1\/#primaryimage","url":"https:\/\/www.dogmasocks.com\/wp-content\/uploads\/2020\/04\/Yeti_1_1.jpg","contentUrl":"https:\/\/www.dogmasocks.com\/wp-content\/uploads\/2020\/04\/Yeti_1_1.jpg","width":1200,"height":1200},{"@type":"BreadcrumbList","@id":"https:\/\/www.dogmasocks.com\/hr\/proizvod\/yeti-black-m1\/#breadcrumb","itemListElement":[{"@type":"ListItem","position":1,"name":"Home","item":"https:\/\/www.dogmasocks.com\/hr\/"},{"@type":"ListItem","position":2,"name":"Shop","item":"http:\/\/www.dogmasocks.com\/hr\/shop\/"},{"@type":"ListItem","position":3,"name":"Yeti Black M1"}]},{"@type":"WebSite","@id":"https:\/\/www.dogmasocks.com\/hr\/#website","url":"https:\/\/www.dogmasocks.com\/hr\/","name":"Dogma Socks","description":"eXtreme design for your feet.","potentialAction":[{"@type":"SearchAction","target":{"@type":"EntryPoint","urlTemplate":"https:\/\/www.dogmasocks.com\/hr\/?s={search_term_string}"},"query-input":{"@type":"PropertyValueSpecification","valueRequired":true,"valueName":"search_term_string"}}],"inLanguage":"hr"}]}},"_links":{"self":[{"href":"https:\/\/www.dogmasocks.com\/hr\/wp-json\/wp\/v2\/product\/61304","targetHints":{"allow":["GET"]}}],"collection":[{"href":"https:\/\/www.dogmasocks.com\/hr\/wp-json\/wp\/v2\/product"}],"about":[{"href":"https:\/\/www.dogmasocks.com\/hr\/wp-json\/wp\/v2\/types\/product"}],"replies":[{"embeddable":true,"href":"https:\/\/www.dogmasocks.com\/hr\/wp-json\/wp\/v2\/comments?post=61304"}],"wp:featuredmedia":[{"embeddable":true,"href":"https:\/\/www.dogmasocks.com\/hr\/wp-json\/wp\/v2\/media\/690164"}],"wp:attachment":[{"href":"https:\/\/www.dogmasocks.com\/hr\/wp-json\/wp\/v2\/media?parent=61304"}],"wp:term":[{"taxonomy":"product_brand","embeddable":true,"href":"https:\/\/www.dogmasocks.com\/hr\/wp-json\/wp\/v2\/product_brand?post=61304"},{"taxonomy":"product_cat","embeddable":true,"href":"https:\/\/www.dogmasocks.com\/hr\/wp-json\/wp\/v2\/product_cat?post=61304"},{"taxonomy":"product_tag","embeddable":true,"href":"https:\/\/www.dogmasocks.com\/hr\/wp-json\/wp\/v2\/product_tag?post=61304"}],"curies":[{"name":"wp","href":"https:\/\/api.w.org\/{rel}","templated":true}]}}