{"id":58393,"date":"2020-04-15T01:39:53","date_gmt":"2019-05-03T23:39:53","guid":{"rendered":"https:\/\/www.dogmasocks.com\/product\/mountain-goat-grey-m\/"},"modified":"2022-08-16T13:50:19","modified_gmt":"2022-08-16T11:50:19","slug":"mountain-goat-grey-m","status":"publish","type":"product","link":"https:\/\/www.dogmasocks.com\/hr\/proizvod\/mountain-goat-grey-m\/","title":{"rendered":"Mountain Goat Grey M"},"content":{"rendered":"<p>Dizajnirane s kra\u0107om elasti\u010dnom sarom i prozra\u010dnijim tkanjem, Mountain Goat \u010darape savr\u0161ene su za sve one koji vole planinariti ljeti. Mekana i rastezljiva sara osigurava stabilnost \u010darape bez spadanja, a brzosu\u0161e\u0107i materijali odr\u017eavat \u0107e va\u0161a stopala suhima. Umetci od merino vune na podru\u010dju prstiju osiguravaju pravilnu termoregulaciju stopala. Ojastu\u010dena zona pete, prstiju i Ahilove tetive sprje\u010dava nastajanje \u017euljeva i omogu\u0107ava duge i bezbri\u017ene \u0161etnje prirodom.<\/p>\n<p><strong>TEHNOLOGIJA:<\/strong><\/p>\n<ul>\n<li>Savr\u0161en spoj materijala koji se brzo su\u0161e i mekane merino vune za termoregulaciju<\/li>\n<li>Lagano ojastu\u010denje u podru\u010dju pete, prstiju i Ahilove tetive za umanjenje mogu\u0107nosti nastajanja \u017euljeva<\/li>\n<li>Slojevito tkanje za bolji osje\u0107aj<\/li>\n<li>Kra\u0107a elasti\u010dna sara pogodna za ni\u017ee gojzerice i toplije dane<\/li>\n<li>Elasti\u010dna traka u stopalu umanjuje mogu\u0107nost gu\u017evanja i spadanja \u010darape<\/li>\n<\/ul>\n<p><strong>SASTAV:<\/strong><br \/>\n\u2022 FUNKCIONALNI POLIESTER \u2013 44,9%<br \/>\n\u2022 MERINO VUNA \u2013 18,5%<br \/>\n\u2022 ELASTIN \u2013 27%<br \/>\n\u2022 POLIAMID \u2013 9,6%<\/p>\n","protected":false},"excerpt":{"rendered":"<p>Dizajnirane s kra\u0107om elasti\u010dnom sarom i prozra\u010dnijim tkanjem, Mountain Goat \u010darape savr\u0161ene su za sve one koji vole planinariti ljeti. Mekana i rastezljiva sara osigurava stabilnost \u010darape bez spadanja, a brzosu\u0161e\u0107i materijali odr\u017eavat \u0107e va\u0161a stopala suhima. Umetci od merino vune na podru\u010dju prstiju osiguravaju pravilnu termoregulaciju stopala. Ojastu\u010dena zona pete, prstiju i Ahilove tetive sprje\u010dava nastajanje \u017euljeva i omogu\u0107ava duge i bezbri\u017ene \u0161etnje prirodom.<\/p>\n","protected":false},"featured_media":689938,"comment_status":"open","ping_status":"closed","template":"","meta":{"_acf_changed":false},"product_brand":[],"product_cat":[822],"product_tag":[856,869,887,892,937,897,899,891,890,882,883,936],"class_list":{"0":"post-58393","1":"product","2":"type-product","3":"status-publish","4":"has-post-thumbnail","6":"product_cat-outlet-hr","7":"product_tag-aircon-tech-hr","8":"product_tag-bez-zuljeva","9":"product_tag-brzo-susenje","10":"product_tag-carape-za-planinarenje","11":"product_tag-carape-za-trekking","12":"product_tag-lagano","13":"product_tag-merino-vuna","14":"product_tag-planinarenje","15":"product_tag-planinariti","16":"product_tag-podstava","17":"product_tag-tehnologija-pojastucenja","18":"product_tag-trekking-hr","20":"first","21":"instock","22":"sale","23":"taxable","24":"shipping-taxable","25":"purchasable","26":"product-type-variable"},"acf":[],"yoast_head":"<!-- This site is optimized with the Yoast SEO plugin v24.2 - https:\/\/yoast.com\/wordpress\/plugins\/seo\/ -->\n<title>Mountain Goat Grey M | Dogma Socks - Extreme Design For Your Feet<\/title>\n<meta name=\"robots\" content=\"index, follow, max-snippet:-1, max-image-preview:large, max-video-preview:-1\" \/>\n<link rel=\"canonical\" href=\"https:\/\/www.dogmasocks.com\/hr\/proizvod\/mountain-goat-grey-m\/\" \/>\n<meta property=\"og:locale\" content=\"hr_HR\" \/>\n<meta property=\"og:type\" content=\"article\" \/>\n<meta property=\"og:title\" content=\"Mountain Goat Grey M | Dogma Socks - Extreme Design For Your Feet\" \/>\n<meta property=\"og:description\" content=\"Dizajnirane s kra\u0107om elasti\u010dnom sarom i prozra\u010dnijim tkanjem, Mountain Goat \u010darape savr\u0161ene su za sve one koji vole planinariti ljeti. Mekana i rastezljiva sara osigurava stabilnost \u010darape bez spadanja, a brzosu\u0161e\u0107i materijali odr\u017eavat \u0107e va\u0161a stopala suhima. Umetci od merino vune na podru\u010dju prstiju osiguravaju pravilnu termoregulaciju stopala. Ojastu\u010dena zona pete, prstiju i Ahilove tetive sprje\u010dava nastajanje \u017euljeva i omogu\u0107ava duge i bezbri\u017ene \u0161etnje prirodom.\" \/>\n<meta property=\"og:url\" content=\"https:\/\/www.dogmasocks.com\/hr\/proizvod\/mountain-goat-grey-m\/\" \/>\n<meta property=\"og:site_name\" content=\"Dogma Socks\" \/>\n<meta property=\"article:publisher\" content=\"https:\/\/www.facebook.com\/dogmasocks\/\" \/>\n<meta property=\"article:modified_time\" content=\"2022-08-16T11:50:19+00:00\" \/>\n<meta property=\"og:image\" content=\"https:\/\/www.dogmasocks.com\/wp-content\/uploads\/2020\/04\/Mountain_Lion_2_1.jpg\" \/>\n\t<meta property=\"og:image:width\" content=\"1200\" \/>\n\t<meta property=\"og:image:height\" content=\"1200\" \/>\n\t<meta property=\"og:image:type\" content=\"image\/jpeg\" \/>\n<meta name=\"twitter:card\" content=\"summary_large_image\" \/>\n<meta name=\"twitter:label1\" content=\"Procijenjeno vrijeme \u010ditanja\" \/>\n\t<meta name=\"twitter:data1\" content=\"1 minuta\" \/>\n<script type=\"application\/ld+json\" class=\"yoast-schema-graph\">{\"@context\":\"https:\/\/schema.org\",\"@graph\":[{\"@type\":\"WebPage\",\"@id\":\"https:\/\/www.dogmasocks.com\/hr\/proizvod\/mountain-goat-grey-m\/\",\"url\":\"https:\/\/www.dogmasocks.com\/hr\/proizvod\/mountain-goat-grey-m\/\",\"name\":\"Mountain Goat Grey M | Dogma Socks - Extreme Design For Your Feet\",\"isPartOf\":{\"@id\":\"https:\/\/www.dogmasocks.com\/hr\/#website\"},\"primaryImageOfPage\":{\"@id\":\"https:\/\/www.dogmasocks.com\/hr\/proizvod\/mountain-goat-grey-m\/#primaryimage\"},\"image\":{\"@id\":\"https:\/\/www.dogmasocks.com\/hr\/proizvod\/mountain-goat-grey-m\/#primaryimage\"},\"thumbnailUrl\":\"https:\/\/www.dogmasocks.com\/wp-content\/uploads\/2020\/04\/Mountain_Lion_2_1.jpg\",\"datePublished\":\"2019-05-03T23:39:53+00:00\",\"dateModified\":\"2022-08-16T11:50:19+00:00\",\"breadcrumb\":{\"@id\":\"https:\/\/www.dogmasocks.com\/hr\/proizvod\/mountain-goat-grey-m\/#breadcrumb\"},\"inLanguage\":\"hr\",\"potentialAction\":[{\"@type\":\"ReadAction\",\"target\":[\"https:\/\/www.dogmasocks.com\/hr\/proizvod\/mountain-goat-grey-m\/\"]}]},{\"@type\":\"ImageObject\",\"inLanguage\":\"hr\",\"@id\":\"https:\/\/www.dogmasocks.com\/hr\/proizvod\/mountain-goat-grey-m\/#primaryimage\",\"url\":\"https:\/\/www.dogmasocks.com\/wp-content\/uploads\/2020\/04\/Mountain_Lion_2_1.jpg\",\"contentUrl\":\"https:\/\/www.dogmasocks.com\/wp-content\/uploads\/2020\/04\/Mountain_Lion_2_1.jpg\",\"width\":1200,\"height\":1200,\"caption\":\"grey hiking socks\"},{\"@type\":\"BreadcrumbList\",\"@id\":\"https:\/\/www.dogmasocks.com\/hr\/proizvod\/mountain-goat-grey-m\/#breadcrumb\",\"itemListElement\":[{\"@type\":\"ListItem\",\"position\":1,\"name\":\"Home\",\"item\":\"https:\/\/www.dogmasocks.com\/hr\/\"},{\"@type\":\"ListItem\",\"position\":2,\"name\":\"Shop\",\"item\":\"http:\/\/www.dogmasocks.com\/hr\/shop\/\"},{\"@type\":\"ListItem\",\"position\":3,\"name\":\"Mountain Goat Grey M\"}]},{\"@type\":\"WebSite\",\"@id\":\"https:\/\/www.dogmasocks.com\/hr\/#website\",\"url\":\"https:\/\/www.dogmasocks.com\/hr\/\",\"name\":\"Dogma Socks\",\"description\":\"eXtreme design for your feet.\",\"potentialAction\":[{\"@type\":\"SearchAction\",\"target\":{\"@type\":\"EntryPoint\",\"urlTemplate\":\"https:\/\/www.dogmasocks.com\/hr\/?s={search_term_string}\"},\"query-input\":{\"@type\":\"PropertyValueSpecification\",\"valueRequired\":true,\"valueName\":\"search_term_string\"}}],\"inLanguage\":\"hr\"}]}<\/script>\n<!-- \/ Yoast SEO plugin. -->","yoast_head_json":{"title":"Mountain Goat Grey M | Dogma Socks - Extreme Design For Your Feet","robots":{"index":"index","follow":"follow","max-snippet":"max-snippet:-1","max-image-preview":"max-image-preview:large","max-video-preview":"max-video-preview:-1"},"canonical":"https:\/\/www.dogmasocks.com\/hr\/proizvod\/mountain-goat-grey-m\/","og_locale":"hr_HR","og_type":"article","og_title":"Mountain Goat Grey M | Dogma Socks - Extreme Design For Your Feet","og_description":"Dizajnirane s kra\u0107om elasti\u010dnom sarom i prozra\u010dnijim tkanjem, Mountain Goat \u010darape savr\u0161ene su za sve one koji vole planinariti ljeti. Mekana i rastezljiva sara osigurava stabilnost \u010darape bez spadanja, a brzosu\u0161e\u0107i materijali odr\u017eavat \u0107e va\u0161a stopala suhima. Umetci od merino vune na podru\u010dju prstiju osiguravaju pravilnu termoregulaciju stopala. Ojastu\u010dena zona pete, prstiju i Ahilove tetive sprje\u010dava nastajanje \u017euljeva i omogu\u0107ava duge i bezbri\u017ene \u0161etnje prirodom.","og_url":"https:\/\/www.dogmasocks.com\/hr\/proizvod\/mountain-goat-grey-m\/","og_site_name":"Dogma Socks","article_publisher":"https:\/\/www.facebook.com\/dogmasocks\/","article_modified_time":"2022-08-16T11:50:19+00:00","og_image":[{"width":1200,"height":1200,"url":"https:\/\/www.dogmasocks.com\/wp-content\/uploads\/2020\/04\/Mountain_Lion_2_1.jpg","type":"image\/jpeg"}],"twitter_card":"summary_large_image","twitter_misc":{"Procijenjeno vrijeme \u010ditanja":"1 minuta"},"schema":{"@context":"https:\/\/schema.org","@graph":[{"@type":"WebPage","@id":"https:\/\/www.dogmasocks.com\/hr\/proizvod\/mountain-goat-grey-m\/","url":"https:\/\/www.dogmasocks.com\/hr\/proizvod\/mountain-goat-grey-m\/","name":"Mountain Goat Grey M | Dogma Socks - Extreme Design For Your Feet","isPartOf":{"@id":"https:\/\/www.dogmasocks.com\/hr\/#website"},"primaryImageOfPage":{"@id":"https:\/\/www.dogmasocks.com\/hr\/proizvod\/mountain-goat-grey-m\/#primaryimage"},"image":{"@id":"https:\/\/www.dogmasocks.com\/hr\/proizvod\/mountain-goat-grey-m\/#primaryimage"},"thumbnailUrl":"https:\/\/www.dogmasocks.com\/wp-content\/uploads\/2020\/04\/Mountain_Lion_2_1.jpg","datePublished":"2019-05-03T23:39:53+00:00","dateModified":"2022-08-16T11:50:19+00:00","breadcrumb":{"@id":"https:\/\/www.dogmasocks.com\/hr\/proizvod\/mountain-goat-grey-m\/#breadcrumb"},"inLanguage":"hr","potentialAction":[{"@type":"ReadAction","target":["https:\/\/www.dogmasocks.com\/hr\/proizvod\/mountain-goat-grey-m\/"]}]},{"@type":"ImageObject","inLanguage":"hr","@id":"https:\/\/www.dogmasocks.com\/hr\/proizvod\/mountain-goat-grey-m\/#primaryimage","url":"https:\/\/www.dogmasocks.com\/wp-content\/uploads\/2020\/04\/Mountain_Lion_2_1.jpg","contentUrl":"https:\/\/www.dogmasocks.com\/wp-content\/uploads\/2020\/04\/Mountain_Lion_2_1.jpg","width":1200,"height":1200,"caption":"grey hiking socks"},{"@type":"BreadcrumbList","@id":"https:\/\/www.dogmasocks.com\/hr\/proizvod\/mountain-goat-grey-m\/#breadcrumb","itemListElement":[{"@type":"ListItem","position":1,"name":"Home","item":"https:\/\/www.dogmasocks.com\/hr\/"},{"@type":"ListItem","position":2,"name":"Shop","item":"http:\/\/www.dogmasocks.com\/hr\/shop\/"},{"@type":"ListItem","position":3,"name":"Mountain Goat Grey M"}]},{"@type":"WebSite","@id":"https:\/\/www.dogmasocks.com\/hr\/#website","url":"https:\/\/www.dogmasocks.com\/hr\/","name":"Dogma Socks","description":"eXtreme design for your feet.","potentialAction":[{"@type":"SearchAction","target":{"@type":"EntryPoint","urlTemplate":"https:\/\/www.dogmasocks.com\/hr\/?s={search_term_string}"},"query-input":{"@type":"PropertyValueSpecification","valueRequired":true,"valueName":"search_term_string"}}],"inLanguage":"hr"}]}},"_links":{"self":[{"href":"https:\/\/www.dogmasocks.com\/hr\/wp-json\/wp\/v2\/product\/58393","targetHints":{"allow":["GET"]}}],"collection":[{"href":"https:\/\/www.dogmasocks.com\/hr\/wp-json\/wp\/v2\/product"}],"about":[{"href":"https:\/\/www.dogmasocks.com\/hr\/wp-json\/wp\/v2\/types\/product"}],"replies":[{"embeddable":true,"href":"https:\/\/www.dogmasocks.com\/hr\/wp-json\/wp\/v2\/comments?post=58393"}],"wp:featuredmedia":[{"embeddable":true,"href":"https:\/\/www.dogmasocks.com\/hr\/wp-json\/wp\/v2\/media\/689938"}],"wp:attachment":[{"href":"https:\/\/www.dogmasocks.com\/hr\/wp-json\/wp\/v2\/media?parent=58393"}],"wp:term":[{"taxonomy":"product_brand","embeddable":true,"href":"https:\/\/www.dogmasocks.com\/hr\/wp-json\/wp\/v2\/product_brand?post=58393"},{"taxonomy":"product_cat","embeddable":true,"href":"https:\/\/www.dogmasocks.com\/hr\/wp-json\/wp\/v2\/product_cat?post=58393"},{"taxonomy":"product_tag","embeddable":true,"href":"https:\/\/www.dogmasocks.com\/hr\/wp-json\/wp\/v2\/product_tag?post=58393"}],"curies":[{"name":"wp","href":"https:\/\/api.w.org\/{rel}","templated":true}]}}