{"id":159978,"date":"2019-10-17T14:35:42","date_gmt":"2019-10-17T12:51:00","guid":{"rendered":"https:\/\/www.dogmasocks.com\/?post_type=product&#038;p=159978"},"modified":"2020-09-15T12:36:28","modified_gmt":"2020-09-15T10:36:28","slug":"aviator-grana-logo","status":"publish","type":"product","link":"https:\/\/www.dogmasocks.com\/hr\/proizvod\/aviator-grana-logo\/","title":{"rendered":"Aviator Grana Logo"},"content":{"rendered":"<p><span class=\"\"><span class=\"\" style=\"color: #171717; font-family: Source Sans Pro, sans-serif; font-size: medium;\">Putovanja nam pru\u017eaju nezaboravna iskustva koja na\u017ealost ponekad mogu biti i negativna.<\/span><\/span><span class=\"\"><span class=\"\" style=\"color: #171717; font-family: Source Sans Pro, sans-serif; font-size: medium;\">Dugi letovi su iscrpljuju\u0107i i mogu vas u\u010diniti nate\u010denima i umornima, umjesto energi\u010dnima za nova iskustva. Sa Aviator kompresijskim Travel \u010darapama sprje\u010dit \u0107ete neugodno oticanje nogu i zadr\u017eati svje\u017einu u nogama. Specijalnu tehnologiju &#8220;non odor\u201d\u00a0karakteriziraju prirodni pamu\u010dni materijale koji su posebnom tehnolo\u0161kom obradom dizajnirani da sprje\u010davaju razvoj neugodnih mirisa. \u010carape Aviator su pogodne i za \u017eene i mu\u0161karce koji puno i dugo putuju, bilo avionskim ili cestovnim prijevozom te za sve koji imaju probleme s venama i oticanjem nogu. Srednja gradualna kompresija, anatomski oblik, ravni \u0161av koji sprje\u010dava razvoj \u017euljeva i\u00a0\u201codor free\u201d tehnologija svakako \u0107e doprinjeti ugodnijem iskustvu putovanja. \u00a0Aviator dolazi u dvije diskretne boje, crnoj i bordo crvenoj koje dodatno karakterizira minimalisti\u010dki logo. <\/span><\/span><\/p>\n<p><span lang=\"hr\" tabindex=\"0\"><strong>Tehnologija:<\/strong> <\/span><\/p>\n<ul>\n<li><span lang=\"hr\" tabindex=\"0\">Srednja razina kompresije za spre\u010davanje oticanja i umora nogu <\/span><\/li>\n<li><span lang=\"hr\" tabindex=\"0\">Tehnologija bez mirisa sprje\u010dava razvoj lo\u0161eg mirisa <\/span><\/li>\n<li><span lang=\"hr\" tabindex=\"0\">Ravni \u0161av na prstima umanjuje mogu\u0107nost nastanka \u017euljeva <\/span><\/li>\n<li><span lang=\"hr\" tabindex=\"0\">Tanke i lagane za vrhunsku udobnost prilikom no\u0161enja<br \/>\n<\/span><\/li>\n<\/ul>\n<p>&nbsp;<\/p>\n<p><span lang=\"hr\" tabindex=\"0\"><strong>Materijal:<\/strong> <\/span><\/p>\n<ul>\n<li><span lang=\"hr\" tabindex=\"0\">Bez mirisa Drytex (pamuk) -63,6% <\/span><\/li>\n<li><span lang=\"hr\" tabindex=\"0\">Elastan: 27,8% <\/span><\/li>\n<li><span lang=\"hr\" tabindex=\"0\">Poliamid: 8,6%<\/span><\/li>\n<\/ul>\n","protected":false},"excerpt":{"rendered":"<p><span lang=\"hr\" tabindex=\"0\">Dugi letovi mogu biti iscrpljuju\u0107i i u\u010diniti vas nate\u010denima i umornima, umjesto da ste energi\u010dni za nova iskustva. Sa Aviator kompresijskim Travel \u010darapama sprje\u010dit \u0107ete oticanje plus zadr\u017eati svje\u017einu u nogama. Osim toga, tehnologija bez mirisa koja spre\u010dava razvoj lo\u0161ih mirisa mo\u017eda \u0107e koristiti va\u0161em dru\u0161tvenom \u017eivotu \u010dine\u0107i vas ugodnim osobama oko vas. <\/span><\/p>\n<p><span lang=\"hr\" tabindex=\"0\"><strong>Tehnologija:<\/strong> <\/span><\/p>\n<ul>\n<li style=\"list-style-type: none;\">\n<ul>\n<li><span lang=\"hr\" tabindex=\"0\">Srednja razina kompresije za spre\u010davanje oticanja i umora nogu <\/span><\/li>\n<li><span lang=\"hr\" tabindex=\"0\">Tehnologija bez mirisa sprje\u010dava razvoj lo\u0161eg mirisa <\/span><\/li>\n<li><span lang=\"hr\" tabindex=\"0\">Ravni \u0161av na prstima umanjuje mogu\u0107nost nastanka \u017euljeva <\/span><\/li>\n<li><span lang=\"hr\" tabindex=\"0\">Tanke i lagane za vrhunsku udobnost prilikom no\u0161enja<\/span><\/li>\n<\/ul>\n<\/li>\n<\/ul>\n<p>&nbsp;<\/p>\n<p><span lang=\"hr\" tabindex=\"0\"><strong>Materijal:<\/strong> <\/span><\/p>\n<ul>\n<li><span lang=\"hr\" tabindex=\"0\">Bez mirisa Drytex (pamuk) -63,6% <\/span><\/li>\n<li><span lang=\"hr\" tabindex=\"0\">Elastan: 27,8% <\/span><\/li>\n<li><span lang=\"hr\" tabindex=\"0\">Poliamid: 8,6%<\/span><\/li>\n<\/ul>\n","protected":false},"featured_media":689974,"comment_status":"closed","ping_status":"closed","template":"","meta":{"_acf_changed":false},"product_brand":[],"product_cat":[823,847,848],"product_tag":[894,907,876,878,888],"class_list":{"0":"post-159978","1":"product","2":"type-product","3":"status-publish","4":"has-post-thumbnail","6":"product_cat-carape","7":"product_cat-putovanje","8":"product_cat-aviator","9":"product_tag-besavnost","10":"product_tag-bez-mirisa-hr","11":"product_tag-kompresija","12":"product_tag-moc-kompresije","13":"product_tag-ravno","15":"first","16":"instock","17":"featured","18":"taxable","19":"shipping-taxable","20":"purchasable","21":"product-type-variable"},"acf":[],"yoast_head":"<!-- This site is optimized with the Yoast SEO plugin v24.2 - https:\/\/yoast.com\/wordpress\/plugins\/seo\/ -->\n<title>Aviator Grana Logo | Dogma Socks - Extreme Design For Your Feet<\/title>\n<meta name=\"robots\" content=\"index, follow, max-snippet:-1, max-image-preview:large, max-video-preview:-1\" \/>\n<link rel=\"canonical\" href=\"https:\/\/www.dogmasocks.com\/hr\/proizvod\/aviator-grana-logo\/\" \/>\n<meta property=\"og:locale\" content=\"hr_HR\" \/>\n<meta property=\"og:type\" content=\"article\" \/>\n<meta property=\"og:title\" content=\"Aviator Grana Logo | Dogma Socks - Extreme Design For Your Feet\" \/>\n<meta property=\"og:description\" content=\"Dugi letovi mogu biti iscrpljuju\u0107i i u\u010diniti vas nate\u010denima i umornima, umjesto da ste energi\u010dni za nova iskustva. Sa Aviator kompresijskim Travel \u010darapama sprje\u010dit \u0107ete oticanje plus zadr\u017eati svje\u017einu u nogama. Osim toga, tehnologija bez mirisa koja spre\u010dava razvoj lo\u0161ih mirisa mo\u017eda \u0107e koristiti va\u0161em dru\u0161tvenom \u017eivotu \u010dine\u0107i vas ugodnim osobama oko vas.   Tehnologija:       Srednja razina kompresije za spre\u010davanje oticanja i umora nogu   Tehnologija bez mirisa sprje\u010dava razvoj lo\u0161eg mirisa   Ravni \u0161av na prstima umanjuje mogu\u0107nost nastanka \u017euljeva   Tanke i lagane za vrhunsku udobnost prilikom no\u0161enja    &nbsp;  Materijal:    Bez mirisa Drytex (pamuk) -63,6%   Elastan: 27,8%   Poliamid: 8,6%\" \/>\n<meta property=\"og:url\" content=\"https:\/\/www.dogmasocks.com\/hr\/proizvod\/aviator-grana-logo\/\" \/>\n<meta property=\"og:site_name\" content=\"Dogma Socks\" \/>\n<meta property=\"article:publisher\" content=\"https:\/\/www.facebook.com\/dogmasocks\/\" \/>\n<meta property=\"article:modified_time\" content=\"2020-09-15T10:36:28+00:00\" \/>\n<meta property=\"og:image\" content=\"https:\/\/www.dogmasocks.com\/wp-content\/uploads\/2020\/04\/Travel_Long_1_1.jpg\" \/>\n\t<meta property=\"og:image:width\" content=\"1200\" \/>\n\t<meta property=\"og:image:height\" content=\"1200\" \/>\n\t<meta property=\"og:image:type\" content=\"image\/jpeg\" \/>\n<meta name=\"twitter:card\" content=\"summary_large_image\" \/>\n<meta name=\"twitter:label1\" content=\"Procijenjeno vrijeme \u010ditanja\" \/>\n\t<meta name=\"twitter:data1\" content=\"1 minuta\" \/>\n<script type=\"application\/ld+json\" class=\"yoast-schema-graph\">{\"@context\":\"https:\/\/schema.org\",\"@graph\":[{\"@type\":\"WebPage\",\"@id\":\"https:\/\/www.dogmasocks.com\/hr\/proizvod\/aviator-grana-logo\/\",\"url\":\"https:\/\/www.dogmasocks.com\/hr\/proizvod\/aviator-grana-logo\/\",\"name\":\"Aviator Grana Logo | Dogma Socks - Extreme Design For Your Feet\",\"isPartOf\":{\"@id\":\"https:\/\/www.dogmasocks.com\/hr\/#website\"},\"primaryImageOfPage\":{\"@id\":\"https:\/\/www.dogmasocks.com\/hr\/proizvod\/aviator-grana-logo\/#primaryimage\"},\"image\":{\"@id\":\"https:\/\/www.dogmasocks.com\/hr\/proizvod\/aviator-grana-logo\/#primaryimage\"},\"thumbnailUrl\":\"https:\/\/www.dogmasocks.com\/wp-content\/uploads\/2020\/04\/Travel_Long_1_1.jpg\",\"datePublished\":\"2019-10-17T12:51:00+00:00\",\"dateModified\":\"2020-09-15T10:36:28+00:00\",\"breadcrumb\":{\"@id\":\"https:\/\/www.dogmasocks.com\/hr\/proizvod\/aviator-grana-logo\/#breadcrumb\"},\"inLanguage\":\"hr\",\"potentialAction\":[{\"@type\":\"ReadAction\",\"target\":[\"https:\/\/www.dogmasocks.com\/hr\/proizvod\/aviator-grana-logo\/\"]}]},{\"@type\":\"ImageObject\",\"inLanguage\":\"hr\",\"@id\":\"https:\/\/www.dogmasocks.com\/hr\/proizvod\/aviator-grana-logo\/#primaryimage\",\"url\":\"https:\/\/www.dogmasocks.com\/wp-content\/uploads\/2020\/04\/Travel_Long_1_1.jpg\",\"contentUrl\":\"https:\/\/www.dogmasocks.com\/wp-content\/uploads\/2020\/04\/Travel_Long_1_1.jpg\",\"width\":1200,\"height\":1200,\"caption\":\"compression knee high socks for traveling in burgundy red color\"},{\"@type\":\"BreadcrumbList\",\"@id\":\"https:\/\/www.dogmasocks.com\/hr\/proizvod\/aviator-grana-logo\/#breadcrumb\",\"itemListElement\":[{\"@type\":\"ListItem\",\"position\":1,\"name\":\"Home\",\"item\":\"https:\/\/www.dogmasocks.com\/hr\/\"},{\"@type\":\"ListItem\",\"position\":2,\"name\":\"Shop\",\"item\":\"http:\/\/www.dogmasocks.com\/hr\/shop\/\"},{\"@type\":\"ListItem\",\"position\":3,\"name\":\"Aviator Grana Logo\"}]},{\"@type\":\"WebSite\",\"@id\":\"https:\/\/www.dogmasocks.com\/hr\/#website\",\"url\":\"https:\/\/www.dogmasocks.com\/hr\/\",\"name\":\"Dogma Socks\",\"description\":\"eXtreme design for your feet.\",\"potentialAction\":[{\"@type\":\"SearchAction\",\"target\":{\"@type\":\"EntryPoint\",\"urlTemplate\":\"https:\/\/www.dogmasocks.com\/hr\/?s={search_term_string}\"},\"query-input\":{\"@type\":\"PropertyValueSpecification\",\"valueRequired\":true,\"valueName\":\"search_term_string\"}}],\"inLanguage\":\"hr\"}]}<\/script>\n<!-- \/ Yoast SEO plugin. -->","yoast_head_json":{"title":"Aviator Grana Logo | Dogma Socks - Extreme Design For Your Feet","robots":{"index":"index","follow":"follow","max-snippet":"max-snippet:-1","max-image-preview":"max-image-preview:large","max-video-preview":"max-video-preview:-1"},"canonical":"https:\/\/www.dogmasocks.com\/hr\/proizvod\/aviator-grana-logo\/","og_locale":"hr_HR","og_type":"article","og_title":"Aviator Grana Logo | Dogma Socks - Extreme Design For Your Feet","og_description":"Dugi letovi mogu biti iscrpljuju\u0107i i u\u010diniti vas nate\u010denima i umornima, umjesto da ste energi\u010dni za nova iskustva. Sa Aviator kompresijskim Travel \u010darapama sprje\u010dit \u0107ete oticanje plus zadr\u017eati svje\u017einu u nogama. Osim toga, tehnologija bez mirisa koja spre\u010dava razvoj lo\u0161ih mirisa mo\u017eda \u0107e koristiti va\u0161em dru\u0161tvenom \u017eivotu \u010dine\u0107i vas ugodnim osobama oko vas.   Tehnologija:       Srednja razina kompresije za spre\u010davanje oticanja i umora nogu   Tehnologija bez mirisa sprje\u010dava razvoj lo\u0161eg mirisa   Ravni \u0161av na prstima umanjuje mogu\u0107nost nastanka \u017euljeva   Tanke i lagane za vrhunsku udobnost prilikom no\u0161enja    &nbsp;  Materijal:    Bez mirisa Drytex (pamuk) -63,6%   Elastan: 27,8%   Poliamid: 8,6%","og_url":"https:\/\/www.dogmasocks.com\/hr\/proizvod\/aviator-grana-logo\/","og_site_name":"Dogma Socks","article_publisher":"https:\/\/www.facebook.com\/dogmasocks\/","article_modified_time":"2020-09-15T10:36:28+00:00","og_image":[{"width":1200,"height":1200,"url":"https:\/\/www.dogmasocks.com\/wp-content\/uploads\/2020\/04\/Travel_Long_1_1.jpg","type":"image\/jpeg"}],"twitter_card":"summary_large_image","twitter_misc":{"Procijenjeno vrijeme \u010ditanja":"1 minuta"},"schema":{"@context":"https:\/\/schema.org","@graph":[{"@type":"WebPage","@id":"https:\/\/www.dogmasocks.com\/hr\/proizvod\/aviator-grana-logo\/","url":"https:\/\/www.dogmasocks.com\/hr\/proizvod\/aviator-grana-logo\/","name":"Aviator Grana Logo | Dogma Socks - Extreme Design For Your Feet","isPartOf":{"@id":"https:\/\/www.dogmasocks.com\/hr\/#website"},"primaryImageOfPage":{"@id":"https:\/\/www.dogmasocks.com\/hr\/proizvod\/aviator-grana-logo\/#primaryimage"},"image":{"@id":"https:\/\/www.dogmasocks.com\/hr\/proizvod\/aviator-grana-logo\/#primaryimage"},"thumbnailUrl":"https:\/\/www.dogmasocks.com\/wp-content\/uploads\/2020\/04\/Travel_Long_1_1.jpg","datePublished":"2019-10-17T12:51:00+00:00","dateModified":"2020-09-15T10:36:28+00:00","breadcrumb":{"@id":"https:\/\/www.dogmasocks.com\/hr\/proizvod\/aviator-grana-logo\/#breadcrumb"},"inLanguage":"hr","potentialAction":[{"@type":"ReadAction","target":["https:\/\/www.dogmasocks.com\/hr\/proizvod\/aviator-grana-logo\/"]}]},{"@type":"ImageObject","inLanguage":"hr","@id":"https:\/\/www.dogmasocks.com\/hr\/proizvod\/aviator-grana-logo\/#primaryimage","url":"https:\/\/www.dogmasocks.com\/wp-content\/uploads\/2020\/04\/Travel_Long_1_1.jpg","contentUrl":"https:\/\/www.dogmasocks.com\/wp-content\/uploads\/2020\/04\/Travel_Long_1_1.jpg","width":1200,"height":1200,"caption":"compression knee high socks for traveling in burgundy red color"},{"@type":"BreadcrumbList","@id":"https:\/\/www.dogmasocks.com\/hr\/proizvod\/aviator-grana-logo\/#breadcrumb","itemListElement":[{"@type":"ListItem","position":1,"name":"Home","item":"https:\/\/www.dogmasocks.com\/hr\/"},{"@type":"ListItem","position":2,"name":"Shop","item":"http:\/\/www.dogmasocks.com\/hr\/shop\/"},{"@type":"ListItem","position":3,"name":"Aviator Grana Logo"}]},{"@type":"WebSite","@id":"https:\/\/www.dogmasocks.com\/hr\/#website","url":"https:\/\/www.dogmasocks.com\/hr\/","name":"Dogma Socks","description":"eXtreme design for your feet.","potentialAction":[{"@type":"SearchAction","target":{"@type":"EntryPoint","urlTemplate":"https:\/\/www.dogmasocks.com\/hr\/?s={search_term_string}"},"query-input":{"@type":"PropertyValueSpecification","valueRequired":true,"valueName":"search_term_string"}}],"inLanguage":"hr"}]}},"_links":{"self":[{"href":"https:\/\/www.dogmasocks.com\/hr\/wp-json\/wp\/v2\/product\/159978","targetHints":{"allow":["GET"]}}],"collection":[{"href":"https:\/\/www.dogmasocks.com\/hr\/wp-json\/wp\/v2\/product"}],"about":[{"href":"https:\/\/www.dogmasocks.com\/hr\/wp-json\/wp\/v2\/types\/product"}],"replies":[{"embeddable":true,"href":"https:\/\/www.dogmasocks.com\/hr\/wp-json\/wp\/v2\/comments?post=159978"}],"wp:featuredmedia":[{"embeddable":true,"href":"https:\/\/www.dogmasocks.com\/hr\/wp-json\/wp\/v2\/media\/689974"}],"wp:attachment":[{"href":"https:\/\/www.dogmasocks.com\/hr\/wp-json\/wp\/v2\/media?parent=159978"}],"wp:term":[{"taxonomy":"product_brand","embeddable":true,"href":"https:\/\/www.dogmasocks.com\/hr\/wp-json\/wp\/v2\/product_brand?post=159978"},{"taxonomy":"product_cat","embeddable":true,"href":"https:\/\/www.dogmasocks.com\/hr\/wp-json\/wp\/v2\/product_cat?post=159978"},{"taxonomy":"product_tag","embeddable":true,"href":"https:\/\/www.dogmasocks.com\/hr\/wp-json\/wp\/v2\/product_tag?post=159978"}],"curies":[{"name":"wp","href":"https:\/\/api.w.org\/{rel}","templated":true}]}}