{"id":1479762,"date":"2025-12-03T14:16:15","date_gmt":"2025-12-03T13:16:17","guid":{"rendered":"https:\/\/www.dogmasocks.com\/?post_type=product&#038;p=1479762"},"modified":"2025-12-03T14:19:34","modified_gmt":"2025-12-03T13:19:34","slug":"falcon-magenta-w-lagane-quick-dry-carape-za-trcanje","status":"publish","type":"product","link":"https:\/\/www.dogmasocks.com\/hr\/proizvod\/falcon-magenta-w-lagane-quick-dry-carape-za-trcanje\/","title":{"rendered":"Falcon Magenta W-lagane &#8220;quick dry&#8221; \u010darape za tr\u010danje"},"content":{"rendered":"<p>Falcon \u010darape su napravljene od vrlo tankog i laganog pletiva \u00a0koje ima funkciju brzog su\u0161enja. Takav dizajn osigurava vam brzinu i dobru \u00a0reakciju za vrijeme tr\u010danja. Falcon \u010darape su idealne za trka\u010de koji preferiraju brzinu i osje\u0107aj lako\u0107e u nogama. \u00a0Mre\u017easti umetci na ristu odr\u017eavaju stopala hladnima i ventiliranima za vrijeme vru\u0107ih ljetnih mjeseci dok prednji i stra\u017enji jezi\u010dci \u00a0na vrhu \u010darape \u0161tite od iritacija i \u017euljeva.<\/p>\n<p><strong>TEHNOLOGIJA:<\/strong><\/p>\n<ol>\n<li>Prednji i stra\u017enji jezi\u010dci sprje\u010davaju iritacije koje mogu nastati od tenisica<\/li>\n<li>Velika mre\u017easta zona za bolju ventilaciju i regulaciju temperature<\/li>\n<li>Elasti\u010dna guma za bolju stabilnost \u010darape<\/li>\n<li>Brzosu\u0161e\u0107i materijali<\/li>\n<li>Anatomski oblik \u010darape<\/li>\n<li>Ultra lagane \u010darape koje osiguravaju prozra\u010dnost<\/li>\n<\/ol>\n<p><strong>SASTAV:<\/strong><\/p>\n<ol>\n<li>Tehni\u010dki poliester \u00a061%<\/li>\n<li>Elastin 21,8%<\/li>\n<li>Poliamid 17,2%<\/li>\n<\/ol>\n","protected":false},"excerpt":{"rendered":"<p>Falcon \u010darape su napravljene od vrlo tankog i laganog pletiva \u00a0koje ima funkciju brzog su\u0161enja. Takav dizajn osigurava vam brzinu i dobru \u00a0reakciju za vrijeme tr\u010danja. Falcon \u010darape su idealne za trka\u010de koji preferiraju brzinu i osje\u0107aj lako\u0107e u nogama. \u00a0Mre\u017easti umetci na ristu odr\u017eavaju stopala hladnima i ventiliranima za vrijeme vru\u0107ih ljetnih mjeseci dok prednji i stra\u017enji jezi\u010dci \u00a0na vrhu \u010darape \u0161tite od iritacija i \u017euljeva.<\/p>\n<p>&nbsp;<\/p>\n","protected":false},"featured_media":1479447,"comment_status":"open","ping_status":"closed","template":"","meta":{"_acf_changed":false},"product_brand":[],"product_cat":[823,833,837],"product_tag":[894,887,914,898,871,934,911,939,942,870,881],"class_list":{"0":"post-1479762","1":"product","2":"type-product","3":"status-publish","4":"has-post-thumbnail","6":"product_cat-carape","7":"product_cat-trcanje","8":"product_cat-falcon-hr","9":"product_tag-besavnost","10":"product_tag-brzo-susenje","11":"product_tag-carape-za-trcanje-hr","12":"product_tag-lagano-hr","13":"product_tag-prozracne","14":"product_tag-tanko","15":"product_tag-trcati","16":"product_tag-ultra-lagano","17":"product_tag-ventilacijski-kanali","18":"product_tag-zastita-od-zuljeva","19":"product_tag-zastitni-umetak-hr","21":"first","22":"instock","23":"featured","24":"taxable","25":"shipping-taxable","26":"purchasable","27":"product-type-variable"},"acf":[],"yoast_head":"<!-- This site is optimized with the Yoast SEO plugin v24.2 - https:\/\/yoast.com\/wordpress\/plugins\/seo\/ -->\n<title>Falcon Magenta W-lagane &quot;quick dry&quot; \u010darape za tr\u010danje | Dogma Socks - Extreme Design For Your Feet<\/title>\n<meta name=\"robots\" content=\"index, follow, max-snippet:-1, max-image-preview:large, max-video-preview:-1\" \/>\n<link rel=\"canonical\" href=\"https:\/\/www.dogmasocks.com\/hr\/proizvod\/falcon-magenta-w-lagane-quick-dry-carape-za-trcanje\/\" \/>\n<meta property=\"og:locale\" content=\"hr_HR\" \/>\n<meta property=\"og:type\" content=\"article\" \/>\n<meta property=\"og:title\" content=\"Falcon Magenta W-lagane &quot;quick dry&quot; \u010darape za tr\u010danje | Dogma Socks - Extreme Design For Your Feet\" \/>\n<meta property=\"og:description\" content=\"Falcon \u010darape su napravljene od vrlo tankog i laganog pletiva \u00a0koje ima funkciju brzog su\u0161enja. Takav dizajn osigurava vam brzinu i dobru \u00a0reakciju za vrijeme tr\u010danja. Falcon \u010darape su idealne za trka\u010de koji preferiraju brzinu i osje\u0107aj lako\u0107e u nogama. \u00a0Mre\u017easti umetci na ristu odr\u017eavaju stopala hladnima i ventiliranima za vrijeme vru\u0107ih ljetnih mjeseci dok prednji i stra\u017enji jezi\u010dci \u00a0na vrhu \u010darape \u0161tite od iritacija i \u017euljeva.  &nbsp;\" \/>\n<meta property=\"og:url\" content=\"https:\/\/www.dogmasocks.com\/hr\/proizvod\/falcon-magenta-w-lagane-quick-dry-carape-za-trcanje\/\" \/>\n<meta property=\"og:site_name\" content=\"Dogma Socks\" \/>\n<meta property=\"article:publisher\" content=\"https:\/\/www.facebook.com\/dogmasocks\/\" \/>\n<meta property=\"article:modified_time\" content=\"2025-12-03T13:19:34+00:00\" \/>\n<meta property=\"og:image\" content=\"https:\/\/www.dogmasocks.com\/wp-content\/uploads\/2025\/11\/17_1.jpg\" \/>\n\t<meta property=\"og:image:width\" content=\"1800\" \/>\n\t<meta property=\"og:image:height\" content=\"1800\" \/>\n\t<meta property=\"og:image:type\" content=\"image\/jpeg\" \/>\n<meta name=\"twitter:card\" content=\"summary_large_image\" \/>\n<meta name=\"twitter:label1\" content=\"Procijenjeno vrijeme \u010ditanja\" \/>\n\t<meta name=\"twitter:data1\" content=\"1 minuta\" \/>\n<script type=\"application\/ld+json\" class=\"yoast-schema-graph\">{\"@context\":\"https:\/\/schema.org\",\"@graph\":[{\"@type\":\"WebPage\",\"@id\":\"https:\/\/www.dogmasocks.com\/hr\/proizvod\/falcon-magenta-w-lagane-quick-dry-carape-za-trcanje\/\",\"url\":\"https:\/\/www.dogmasocks.com\/hr\/proizvod\/falcon-magenta-w-lagane-quick-dry-carape-za-trcanje\/\",\"name\":\"Falcon Magenta W-lagane \\\"quick dry\\\" \u010darape za tr\u010danje | Dogma Socks - Extreme Design For Your Feet\",\"isPartOf\":{\"@id\":\"https:\/\/www.dogmasocks.com\/hr\/#website\"},\"primaryImageOfPage\":{\"@id\":\"https:\/\/www.dogmasocks.com\/hr\/proizvod\/falcon-magenta-w-lagane-quick-dry-carape-za-trcanje\/#primaryimage\"},\"image\":{\"@id\":\"https:\/\/www.dogmasocks.com\/hr\/proizvod\/falcon-magenta-w-lagane-quick-dry-carape-za-trcanje\/#primaryimage\"},\"thumbnailUrl\":\"https:\/\/www.dogmasocks.com\/wp-content\/uploads\/2025\/11\/17_1.jpg\",\"datePublished\":\"2025-12-03T13:16:17+00:00\",\"dateModified\":\"2025-12-03T13:19:34+00:00\",\"breadcrumb\":{\"@id\":\"https:\/\/www.dogmasocks.com\/hr\/proizvod\/falcon-magenta-w-lagane-quick-dry-carape-za-trcanje\/#breadcrumb\"},\"inLanguage\":\"hr\",\"potentialAction\":[{\"@type\":\"ReadAction\",\"target\":[\"https:\/\/www.dogmasocks.com\/hr\/proizvod\/falcon-magenta-w-lagane-quick-dry-carape-za-trcanje\/\"]}]},{\"@type\":\"ImageObject\",\"inLanguage\":\"hr\",\"@id\":\"https:\/\/www.dogmasocks.com\/hr\/proizvod\/falcon-magenta-w-lagane-quick-dry-carape-za-trcanje\/#primaryimage\",\"url\":\"https:\/\/www.dogmasocks.com\/wp-content\/uploads\/2025\/11\/17_1.jpg\",\"contentUrl\":\"https:\/\/www.dogmasocks.com\/wp-content\/uploads\/2025\/11\/17_1.jpg\",\"width\":1800,\"height\":1800},{\"@type\":\"BreadcrumbList\",\"@id\":\"https:\/\/www.dogmasocks.com\/hr\/proizvod\/falcon-magenta-w-lagane-quick-dry-carape-za-trcanje\/#breadcrumb\",\"itemListElement\":[{\"@type\":\"ListItem\",\"position\":1,\"name\":\"Home\",\"item\":\"https:\/\/www.dogmasocks.com\/hr\/\"},{\"@type\":\"ListItem\",\"position\":2,\"name\":\"Shop\",\"item\":\"http:\/\/www.dogmasocks.com\/hr\/shop\/\"},{\"@type\":\"ListItem\",\"position\":3,\"name\":\"Falcon Magenta W-lagane &#8220;quick dry&#8221; \u010darape za tr\u010danje\"}]},{\"@type\":\"WebSite\",\"@id\":\"https:\/\/www.dogmasocks.com\/hr\/#website\",\"url\":\"https:\/\/www.dogmasocks.com\/hr\/\",\"name\":\"Dogma Socks\",\"description\":\"eXtreme design for your feet.\",\"potentialAction\":[{\"@type\":\"SearchAction\",\"target\":{\"@type\":\"EntryPoint\",\"urlTemplate\":\"https:\/\/www.dogmasocks.com\/hr\/?s={search_term_string}\"},\"query-input\":{\"@type\":\"PropertyValueSpecification\",\"valueRequired\":true,\"valueName\":\"search_term_string\"}}],\"inLanguage\":\"hr\"}]}<\/script>\n<!-- \/ Yoast SEO plugin. -->","yoast_head_json":{"title":"Falcon Magenta W-lagane \"quick dry\" \u010darape za tr\u010danje | Dogma Socks - Extreme Design For Your Feet","robots":{"index":"index","follow":"follow","max-snippet":"max-snippet:-1","max-image-preview":"max-image-preview:large","max-video-preview":"max-video-preview:-1"},"canonical":"https:\/\/www.dogmasocks.com\/hr\/proizvod\/falcon-magenta-w-lagane-quick-dry-carape-za-trcanje\/","og_locale":"hr_HR","og_type":"article","og_title":"Falcon Magenta W-lagane \"quick dry\" \u010darape za tr\u010danje | Dogma Socks - Extreme Design For Your Feet","og_description":"Falcon \u010darape su napravljene od vrlo tankog i laganog pletiva \u00a0koje ima funkciju brzog su\u0161enja. Takav dizajn osigurava vam brzinu i dobru \u00a0reakciju za vrijeme tr\u010danja. Falcon \u010darape su idealne za trka\u010de koji preferiraju brzinu i osje\u0107aj lako\u0107e u nogama. \u00a0Mre\u017easti umetci na ristu odr\u017eavaju stopala hladnima i ventiliranima za vrijeme vru\u0107ih ljetnih mjeseci dok prednji i stra\u017enji jezi\u010dci \u00a0na vrhu \u010darape \u0161tite od iritacija i \u017euljeva.  &nbsp;","og_url":"https:\/\/www.dogmasocks.com\/hr\/proizvod\/falcon-magenta-w-lagane-quick-dry-carape-za-trcanje\/","og_site_name":"Dogma Socks","article_publisher":"https:\/\/www.facebook.com\/dogmasocks\/","article_modified_time":"2025-12-03T13:19:34+00:00","og_image":[{"width":1800,"height":1800,"url":"https:\/\/www.dogmasocks.com\/wp-content\/uploads\/2025\/11\/17_1.jpg","type":"image\/jpeg"}],"twitter_card":"summary_large_image","twitter_misc":{"Procijenjeno vrijeme \u010ditanja":"1 minuta"},"schema":{"@context":"https:\/\/schema.org","@graph":[{"@type":"WebPage","@id":"https:\/\/www.dogmasocks.com\/hr\/proizvod\/falcon-magenta-w-lagane-quick-dry-carape-za-trcanje\/","url":"https:\/\/www.dogmasocks.com\/hr\/proizvod\/falcon-magenta-w-lagane-quick-dry-carape-za-trcanje\/","name":"Falcon Magenta W-lagane \"quick dry\" \u010darape za tr\u010danje | Dogma Socks - Extreme Design For Your Feet","isPartOf":{"@id":"https:\/\/www.dogmasocks.com\/hr\/#website"},"primaryImageOfPage":{"@id":"https:\/\/www.dogmasocks.com\/hr\/proizvod\/falcon-magenta-w-lagane-quick-dry-carape-za-trcanje\/#primaryimage"},"image":{"@id":"https:\/\/www.dogmasocks.com\/hr\/proizvod\/falcon-magenta-w-lagane-quick-dry-carape-za-trcanje\/#primaryimage"},"thumbnailUrl":"https:\/\/www.dogmasocks.com\/wp-content\/uploads\/2025\/11\/17_1.jpg","datePublished":"2025-12-03T13:16:17+00:00","dateModified":"2025-12-03T13:19:34+00:00","breadcrumb":{"@id":"https:\/\/www.dogmasocks.com\/hr\/proizvod\/falcon-magenta-w-lagane-quick-dry-carape-za-trcanje\/#breadcrumb"},"inLanguage":"hr","potentialAction":[{"@type":"ReadAction","target":["https:\/\/www.dogmasocks.com\/hr\/proizvod\/falcon-magenta-w-lagane-quick-dry-carape-za-trcanje\/"]}]},{"@type":"ImageObject","inLanguage":"hr","@id":"https:\/\/www.dogmasocks.com\/hr\/proizvod\/falcon-magenta-w-lagane-quick-dry-carape-za-trcanje\/#primaryimage","url":"https:\/\/www.dogmasocks.com\/wp-content\/uploads\/2025\/11\/17_1.jpg","contentUrl":"https:\/\/www.dogmasocks.com\/wp-content\/uploads\/2025\/11\/17_1.jpg","width":1800,"height":1800},{"@type":"BreadcrumbList","@id":"https:\/\/www.dogmasocks.com\/hr\/proizvod\/falcon-magenta-w-lagane-quick-dry-carape-za-trcanje\/#breadcrumb","itemListElement":[{"@type":"ListItem","position":1,"name":"Home","item":"https:\/\/www.dogmasocks.com\/hr\/"},{"@type":"ListItem","position":2,"name":"Shop","item":"http:\/\/www.dogmasocks.com\/hr\/shop\/"},{"@type":"ListItem","position":3,"name":"Falcon Magenta W-lagane &#8220;quick dry&#8221; \u010darape za tr\u010danje"}]},{"@type":"WebSite","@id":"https:\/\/www.dogmasocks.com\/hr\/#website","url":"https:\/\/www.dogmasocks.com\/hr\/","name":"Dogma Socks","description":"eXtreme design for your feet.","potentialAction":[{"@type":"SearchAction","target":{"@type":"EntryPoint","urlTemplate":"https:\/\/www.dogmasocks.com\/hr\/?s={search_term_string}"},"query-input":{"@type":"PropertyValueSpecification","valueRequired":true,"valueName":"search_term_string"}}],"inLanguage":"hr"}]}},"_links":{"self":[{"href":"https:\/\/www.dogmasocks.com\/hr\/wp-json\/wp\/v2\/product\/1479762","targetHints":{"allow":["GET"]}}],"collection":[{"href":"https:\/\/www.dogmasocks.com\/hr\/wp-json\/wp\/v2\/product"}],"about":[{"href":"https:\/\/www.dogmasocks.com\/hr\/wp-json\/wp\/v2\/types\/product"}],"replies":[{"embeddable":true,"href":"https:\/\/www.dogmasocks.com\/hr\/wp-json\/wp\/v2\/comments?post=1479762"}],"wp:featuredmedia":[{"embeddable":true,"href":"https:\/\/www.dogmasocks.com\/hr\/wp-json\/wp\/v2\/media\/1479447"}],"wp:attachment":[{"href":"https:\/\/www.dogmasocks.com\/hr\/wp-json\/wp\/v2\/media?parent=1479762"}],"wp:term":[{"taxonomy":"product_brand","embeddable":true,"href":"https:\/\/www.dogmasocks.com\/hr\/wp-json\/wp\/v2\/product_brand?post=1479762"},{"taxonomy":"product_cat","embeddable":true,"href":"https:\/\/www.dogmasocks.com\/hr\/wp-json\/wp\/v2\/product_cat?post=1479762"},{"taxonomy":"product_tag","embeddable":true,"href":"https:\/\/www.dogmasocks.com\/hr\/wp-json\/wp\/v2\/product_tag?post=1479762"}],"curies":[{"name":"wp","href":"https:\/\/api.w.org\/{rel}","templated":true}]}}