{"id":1478638,"date":"2025-01-30T12:36:05","date_gmt":"2025-01-30T11:36:04","guid":{"rendered":"https:\/\/www.dogmasocks.com\/?post_type=product&#038;p=1478638"},"modified":"2025-12-03T15:34:12","modified_gmt":"2025-12-03T14:34:12","slug":"running-socks-speedy-cheetah-black-w","status":"publish","type":"product","link":"https:\/\/www.dogmasocks.com\/hr\/proizvod\/running-socks-speedy-cheetah-black-w\/","title":{"rendered":"Speedy Cheetah Black W-podebljane &#8220;quick dry&#8221; \u010darape za tr\u010danje"},"content":{"rendered":"<p>Ako je tr\u010danje va\u0161a svakodnevna i cjelogodi\u0161nja aktivnost, onda je Speedy Cheetah \u010darapa koja \u0107e vam pomo\u0107i da postignete svoje trka\u010dke. Lagane razine ojastu\u010dneja osigurat \u0107e dobar kontakt s cipelom i brzu reakciju. Tako\u0111er, sprije\u010dit \u0107e \u017euljeve i neugodna o\u0161te\u0107enja ko\u017ee uz pomo\u0107 cushion tehnologije. Invisistitch tehnologija u prstima zna\u010di da postoji ravan \u0161av koji poma\u017ee u borbi protiv \u017euljeva. Brzo su\u0161e\u0107i i rashladni materijali odr\u017eat \u0107e vas svje\u017eima. A kada se stvari zagriju, ventilacijski kanali pomo\u0107i \u0107e pri protoku zraka i sniziti temperaturu. Za no\u0107no tr\u010danje, dodali smo i reflektivnu traku na vrhu \u010darape kako biste bili sihurniji u va\u0161im no\u0107nim pohodima.<\/p>\n<p><strong>\u00a0 \u00a0 \u00a0 \u00a0 TEHNOLOGIJA:<\/strong><\/p>\n<ul>\n<li>Tehni\u010dki materijal za upravljanje vlagom<\/li>\n<li>Za\u0161tita Ahilove tetive i pete<\/li>\n<li>Reflektivna traka na vrhu \u010darami za bolju vidljivost<\/li>\n<li>Zone apsorpcije udara u petama i prstima<\/li>\n<li>Mre\u017easti kanali za ventilaciju<\/li>\n<li>Funkcija brzog su\u0161enja\n<p><strong>MATERIJAL<\/strong><\/li>\n<li>Tehni\u010dki poliester 62,8 %<\/li>\n<li>Elastan 4,1 %<\/li>\n<li>Poliamid 33,1 %<\/li>\n<\/ul>\n","protected":false},"excerpt":{"rendered":"<p>Ako je tr\u010danje va\u0161a svakodnevna i cjelogodi\u0161nja aktivnost, onda je Speedy Cheetah \u010darapa koja \u0107e vam pomo\u0107i da postignete svoje trka\u010dke. Lagane razine ojastu\u010dneja osigurat \u0107e dobar kontakt s cipelom i brzu reakciju. Tako\u0111er, sprije\u010dit \u0107e \u017euljeve i neugodna o\u0161te\u0107enja ko\u017ee uz pomo\u0107 cushion tehnologije. Invisistitch tehnologija u prstima zna\u010di da postoji ravan \u0161av koji poma\u017ee u borbi protiv \u017euljeva. Brzo su\u0161e\u0107i i rashladni materijali odr\u017eat \u0107e vas svje\u017eima. A kada se stvari zagriju, ventilacijski kanali pomo\u0107i \u0107e pri protoku zraka i sniziti temperaturu. Za no\u0107no tr\u010danje, dodali smo i reflektivnu traku na vrhu \u010darape kako biste bili sihurniji u va\u0161im no\u0107nim pohodima.<\/p>\n<p>&nbsp;<\/p>\n","protected":false},"featured_media":1478535,"comment_status":"open","ping_status":"closed","template":"","meta":{"_acf_changed":false},"product_brand":[],"product_cat":[823,833,838],"product_tag":[914,882,912],"class_list":{"0":"post-1478638","1":"product","2":"type-product","3":"status-publish","4":"has-post-thumbnail","6":"product_cat-carape","7":"product_cat-trcanje","8":"product_cat-speedy-cheetah-hr","9":"product_tag-carape-za-trcanje-hr","10":"product_tag-podstava","11":"product_tag-trcanje","13":"first","14":"instock","15":"featured","16":"taxable","17":"shipping-taxable","18":"purchasable","19":"product-type-variable"},"acf":[],"yoast_head":"<!-- This site is optimized with the Yoast SEO plugin v24.2 - https:\/\/yoast.com\/wordpress\/plugins\/seo\/ -->\n<title>Speedy Cheetah Black W-podebljane &quot;quick dry&quot; \u010darape za tr\u010danje | Dogma Socks - Extreme Design For Your Feet<\/title>\n<meta name=\"robots\" content=\"index, follow, max-snippet:-1, max-image-preview:large, max-video-preview:-1\" \/>\n<link rel=\"canonical\" href=\"https:\/\/www.dogmasocks.com\/hr\/proizvod\/running-socks-speedy-cheetah-black-w\/\" \/>\n<meta property=\"og:locale\" content=\"hr_HR\" \/>\n<meta property=\"og:type\" content=\"article\" \/>\n<meta property=\"og:title\" content=\"Speedy Cheetah Black W-podebljane &quot;quick dry&quot; \u010darape za tr\u010danje | Dogma Socks - Extreme Design For Your Feet\" \/>\n<meta property=\"og:description\" content=\"Ako je tr\u010danje va\u0161a svakodnevna i cjelogodi\u0161nja aktivnost, onda je Speedy Cheetah \u010darapa koja \u0107e vam pomo\u0107i da postignete svoje trka\u010dke. Lagane razine ojastu\u010dneja osigurat \u0107e dobar kontakt s cipelom i brzu reakciju. Tako\u0111er, sprije\u010dit \u0107e \u017euljeve i neugodna o\u0161te\u0107enja ko\u017ee uz pomo\u0107 cushion tehnologije. Invisistitch tehnologija u prstima zna\u010di da postoji ravan \u0161av koji poma\u017ee u borbi protiv \u017euljeva. Brzo su\u0161e\u0107i i rashladni materijali odr\u017eat \u0107e vas svje\u017eima. A kada se stvari zagriju, ventilacijski kanali pomo\u0107i \u0107e pri protoku zraka i sniziti temperaturu. Za no\u0107no tr\u010danje, dodali smo i reflektivnu traku na vrhu \u010darape kako biste bili sihurniji u va\u0161im no\u0107nim pohodima.  &nbsp;\" \/>\n<meta property=\"og:url\" content=\"https:\/\/www.dogmasocks.com\/hr\/proizvod\/running-socks-speedy-cheetah-black-w\/\" \/>\n<meta property=\"og:site_name\" content=\"Dogma Socks\" \/>\n<meta property=\"article:publisher\" content=\"https:\/\/www.facebook.com\/dogmasocks\/\" \/>\n<meta property=\"article:modified_time\" content=\"2025-12-03T14:34:12+00:00\" \/>\n<meta property=\"og:image\" content=\"https:\/\/www.dogmasocks.com\/wp-content\/uploads\/2025\/01\/3_1.jpg\" \/>\n\t<meta property=\"og:image:width\" content=\"1800\" \/>\n\t<meta property=\"og:image:height\" content=\"1800\" \/>\n\t<meta property=\"og:image:type\" content=\"image\/jpeg\" \/>\n<meta name=\"twitter:card\" content=\"summary_large_image\" \/>\n<meta name=\"twitter:label1\" content=\"Procijenjeno vrijeme \u010ditanja\" \/>\n\t<meta name=\"twitter:data1\" content=\"1 minuta\" \/>\n<script type=\"application\/ld+json\" class=\"yoast-schema-graph\">{\"@context\":\"https:\/\/schema.org\",\"@graph\":[{\"@type\":\"WebPage\",\"@id\":\"https:\/\/www.dogmasocks.com\/hr\/proizvod\/running-socks-speedy-cheetah-black-w\/\",\"url\":\"https:\/\/www.dogmasocks.com\/hr\/proizvod\/running-socks-speedy-cheetah-black-w\/\",\"name\":\"Speedy Cheetah Black W-podebljane \\\"quick dry\\\" \u010darape za tr\u010danje | Dogma Socks - Extreme Design For Your Feet\",\"isPartOf\":{\"@id\":\"https:\/\/www.dogmasocks.com\/hr\/#website\"},\"primaryImageOfPage\":{\"@id\":\"https:\/\/www.dogmasocks.com\/hr\/proizvod\/running-socks-speedy-cheetah-black-w\/#primaryimage\"},\"image\":{\"@id\":\"https:\/\/www.dogmasocks.com\/hr\/proizvod\/running-socks-speedy-cheetah-black-w\/#primaryimage\"},\"thumbnailUrl\":\"https:\/\/www.dogmasocks.com\/wp-content\/uploads\/2025\/01\/3_1.jpg\",\"datePublished\":\"2025-01-30T11:36:04+00:00\",\"dateModified\":\"2025-12-03T14:34:12+00:00\",\"breadcrumb\":{\"@id\":\"https:\/\/www.dogmasocks.com\/hr\/proizvod\/running-socks-speedy-cheetah-black-w\/#breadcrumb\"},\"inLanguage\":\"hr\",\"potentialAction\":[{\"@type\":\"ReadAction\",\"target\":[\"https:\/\/www.dogmasocks.com\/hr\/proizvod\/running-socks-speedy-cheetah-black-w\/\"]}]},{\"@type\":\"ImageObject\",\"inLanguage\":\"hr\",\"@id\":\"https:\/\/www.dogmasocks.com\/hr\/proizvod\/running-socks-speedy-cheetah-black-w\/#primaryimage\",\"url\":\"https:\/\/www.dogmasocks.com\/wp-content\/uploads\/2025\/01\/3_1.jpg\",\"contentUrl\":\"https:\/\/www.dogmasocks.com\/wp-content\/uploads\/2025\/01\/3_1.jpg\",\"width\":1800,\"height\":1800},{\"@type\":\"BreadcrumbList\",\"@id\":\"https:\/\/www.dogmasocks.com\/hr\/proizvod\/running-socks-speedy-cheetah-black-w\/#breadcrumb\",\"itemListElement\":[{\"@type\":\"ListItem\",\"position\":1,\"name\":\"Home\",\"item\":\"https:\/\/www.dogmasocks.com\/hr\/\"},{\"@type\":\"ListItem\",\"position\":2,\"name\":\"Shop\",\"item\":\"http:\/\/www.dogmasocks.com\/hr\/shop\/\"},{\"@type\":\"ListItem\",\"position\":3,\"name\":\"Speedy Cheetah Black W-podebljane &#8220;quick dry&#8221; \u010darape za tr\u010danje\"}]},{\"@type\":\"WebSite\",\"@id\":\"https:\/\/www.dogmasocks.com\/hr\/#website\",\"url\":\"https:\/\/www.dogmasocks.com\/hr\/\",\"name\":\"Dogma Socks\",\"description\":\"eXtreme design for your feet.\",\"potentialAction\":[{\"@type\":\"SearchAction\",\"target\":{\"@type\":\"EntryPoint\",\"urlTemplate\":\"https:\/\/www.dogmasocks.com\/hr\/?s={search_term_string}\"},\"query-input\":{\"@type\":\"PropertyValueSpecification\",\"valueRequired\":true,\"valueName\":\"search_term_string\"}}],\"inLanguage\":\"hr\"}]}<\/script>\n<!-- \/ Yoast SEO plugin. -->","yoast_head_json":{"title":"Speedy Cheetah Black W-podebljane \"quick dry\" \u010darape za tr\u010danje | Dogma Socks - Extreme Design For Your Feet","robots":{"index":"index","follow":"follow","max-snippet":"max-snippet:-1","max-image-preview":"max-image-preview:large","max-video-preview":"max-video-preview:-1"},"canonical":"https:\/\/www.dogmasocks.com\/hr\/proizvod\/running-socks-speedy-cheetah-black-w\/","og_locale":"hr_HR","og_type":"article","og_title":"Speedy Cheetah Black W-podebljane \"quick dry\" \u010darape za tr\u010danje | Dogma Socks - Extreme Design For Your Feet","og_description":"Ako je tr\u010danje va\u0161a svakodnevna i cjelogodi\u0161nja aktivnost, onda je Speedy Cheetah \u010darapa koja \u0107e vam pomo\u0107i da postignete svoje trka\u010dke. Lagane razine ojastu\u010dneja osigurat \u0107e dobar kontakt s cipelom i brzu reakciju. Tako\u0111er, sprije\u010dit \u0107e \u017euljeve i neugodna o\u0161te\u0107enja ko\u017ee uz pomo\u0107 cushion tehnologije. Invisistitch tehnologija u prstima zna\u010di da postoji ravan \u0161av koji poma\u017ee u borbi protiv \u017euljeva. Brzo su\u0161e\u0107i i rashladni materijali odr\u017eat \u0107e vas svje\u017eima. A kada se stvari zagriju, ventilacijski kanali pomo\u0107i \u0107e pri protoku zraka i sniziti temperaturu. Za no\u0107no tr\u010danje, dodali smo i reflektivnu traku na vrhu \u010darape kako biste bili sihurniji u va\u0161im no\u0107nim pohodima.  &nbsp;","og_url":"https:\/\/www.dogmasocks.com\/hr\/proizvod\/running-socks-speedy-cheetah-black-w\/","og_site_name":"Dogma Socks","article_publisher":"https:\/\/www.facebook.com\/dogmasocks\/","article_modified_time":"2025-12-03T14:34:12+00:00","og_image":[{"width":1800,"height":1800,"url":"https:\/\/www.dogmasocks.com\/wp-content\/uploads\/2025\/01\/3_1.jpg","type":"image\/jpeg"}],"twitter_card":"summary_large_image","twitter_misc":{"Procijenjeno vrijeme \u010ditanja":"1 minuta"},"schema":{"@context":"https:\/\/schema.org","@graph":[{"@type":"WebPage","@id":"https:\/\/www.dogmasocks.com\/hr\/proizvod\/running-socks-speedy-cheetah-black-w\/","url":"https:\/\/www.dogmasocks.com\/hr\/proizvod\/running-socks-speedy-cheetah-black-w\/","name":"Speedy Cheetah Black W-podebljane \"quick dry\" \u010darape za tr\u010danje | Dogma Socks - Extreme Design For Your Feet","isPartOf":{"@id":"https:\/\/www.dogmasocks.com\/hr\/#website"},"primaryImageOfPage":{"@id":"https:\/\/www.dogmasocks.com\/hr\/proizvod\/running-socks-speedy-cheetah-black-w\/#primaryimage"},"image":{"@id":"https:\/\/www.dogmasocks.com\/hr\/proizvod\/running-socks-speedy-cheetah-black-w\/#primaryimage"},"thumbnailUrl":"https:\/\/www.dogmasocks.com\/wp-content\/uploads\/2025\/01\/3_1.jpg","datePublished":"2025-01-30T11:36:04+00:00","dateModified":"2025-12-03T14:34:12+00:00","breadcrumb":{"@id":"https:\/\/www.dogmasocks.com\/hr\/proizvod\/running-socks-speedy-cheetah-black-w\/#breadcrumb"},"inLanguage":"hr","potentialAction":[{"@type":"ReadAction","target":["https:\/\/www.dogmasocks.com\/hr\/proizvod\/running-socks-speedy-cheetah-black-w\/"]}]},{"@type":"ImageObject","inLanguage":"hr","@id":"https:\/\/www.dogmasocks.com\/hr\/proizvod\/running-socks-speedy-cheetah-black-w\/#primaryimage","url":"https:\/\/www.dogmasocks.com\/wp-content\/uploads\/2025\/01\/3_1.jpg","contentUrl":"https:\/\/www.dogmasocks.com\/wp-content\/uploads\/2025\/01\/3_1.jpg","width":1800,"height":1800},{"@type":"BreadcrumbList","@id":"https:\/\/www.dogmasocks.com\/hr\/proizvod\/running-socks-speedy-cheetah-black-w\/#breadcrumb","itemListElement":[{"@type":"ListItem","position":1,"name":"Home","item":"https:\/\/www.dogmasocks.com\/hr\/"},{"@type":"ListItem","position":2,"name":"Shop","item":"http:\/\/www.dogmasocks.com\/hr\/shop\/"},{"@type":"ListItem","position":3,"name":"Speedy Cheetah Black W-podebljane &#8220;quick dry&#8221; \u010darape za tr\u010danje"}]},{"@type":"WebSite","@id":"https:\/\/www.dogmasocks.com\/hr\/#website","url":"https:\/\/www.dogmasocks.com\/hr\/","name":"Dogma Socks","description":"eXtreme design for your feet.","potentialAction":[{"@type":"SearchAction","target":{"@type":"EntryPoint","urlTemplate":"https:\/\/www.dogmasocks.com\/hr\/?s={search_term_string}"},"query-input":{"@type":"PropertyValueSpecification","valueRequired":true,"valueName":"search_term_string"}}],"inLanguage":"hr"}]}},"_links":{"self":[{"href":"https:\/\/www.dogmasocks.com\/hr\/wp-json\/wp\/v2\/product\/1478638","targetHints":{"allow":["GET"]}}],"collection":[{"href":"https:\/\/www.dogmasocks.com\/hr\/wp-json\/wp\/v2\/product"}],"about":[{"href":"https:\/\/www.dogmasocks.com\/hr\/wp-json\/wp\/v2\/types\/product"}],"replies":[{"embeddable":true,"href":"https:\/\/www.dogmasocks.com\/hr\/wp-json\/wp\/v2\/comments?post=1478638"}],"wp:featuredmedia":[{"embeddable":true,"href":"https:\/\/www.dogmasocks.com\/hr\/wp-json\/wp\/v2\/media\/1478535"}],"wp:attachment":[{"href":"https:\/\/www.dogmasocks.com\/hr\/wp-json\/wp\/v2\/media?parent=1478638"}],"wp:term":[{"taxonomy":"product_brand","embeddable":true,"href":"https:\/\/www.dogmasocks.com\/hr\/wp-json\/wp\/v2\/product_brand?post=1478638"},{"taxonomy":"product_cat","embeddable":true,"href":"https:\/\/www.dogmasocks.com\/hr\/wp-json\/wp\/v2\/product_cat?post=1478638"},{"taxonomy":"product_tag","embeddable":true,"href":"https:\/\/www.dogmasocks.com\/hr\/wp-json\/wp\/v2\/product_tag?post=1478638"}],"curies":[{"name":"wp","href":"https:\/\/api.w.org\/{rel}","templated":true}]}}