{"id":1478494,"date":"2025-01-27T13:10:44","date_gmt":"2025-01-27T12:10:46","guid":{"rendered":"https:\/\/www.dogmasocks.com\/?post_type=product&#038;p=1478494"},"modified":"2025-01-27T13:13:26","modified_gmt":"2025-01-27T12:13:26","slug":"yeti-grana","status":"publish","type":"product","link":"https:\/\/www.dogmasocks.com\/hr\/proizvod\/yeti-grana\/","title":{"rendered":"Yeti Grana"},"content":{"rendered":"<div class=\"page\" title=\"Page 14\">\n<div class=\"layoutArea\">\n<div class=\"column\">\n<p>Yeti pru\u017ea savr\u0161en spoj materijala koji se brzo su\u0161e i mekane merino vune. Ojastu\u010deni tabani daju stopalima bolji osje\u0107aj i ve\u0107u razinu topline. Du\u017ea, mekana,elasti\u010dna sara umanjuje iritacije koje mogu nastati za vrijeme no\u0161enja visokih gojzerica. Yeti \u010darape dizajnirane su za sve moderne avanturiste i profesionalce koji vole planinariti tokom cijele godine \u0161to ih \u010dini savr\u0161enim cjelogodi\u0161njim planinarskim \u010darapama.<\/p>\n<p><strong>TEHNOLOGIJE:<\/strong><\/p>\n<ul>\n<li>Savr\u0161eni spoj tehni\u010dkih materijala, merino vune i polipropilena s termoreguliraju\u0107im karakteristikama<\/li>\n<li>Slojevito tkanje zona<\/li>\n<li>Ojastu\u010deni tabani<\/li>\n<li>Za\u0161tita ahilove tetive<\/li>\n<\/ul>\n<p>&nbsp;<\/p>\n<p><strong>SASTAV:<\/strong><\/p>\n<ul>\n<li>Funkcionalni poliester \u2013 51,4%<\/li>\n<li>Merino vuna \u2013 22,1%<\/li>\n<li>Elastin \u2013 17,7%<\/li>\n<li>Poliamid \u2013 8,8%<\/li>\n<\/ul>\n<\/div>\n<\/div>\n<\/div>\n","protected":false},"excerpt":{"rendered":"<p>Yeti pru\u017ea savr\u0161en spoj materijala koji se brzo su\u0161e i mekane merino vune. Ojastu\u010deni tabani daju stopalima bolji osje\u0107aj i ve\u0107u razinu topline. Du\u017ea, mekana,elasti\u010dna sara umanjuje iritacije koje mogu nastati za vrijeme no\u0161enja visokih gojzerica. Yeti \u010darape dizajnirane su za sve moderne avanturiste i profesionalce koji vole planinariti tokom cijele godine \u0161to ih \u010dini savr\u0161enim cjelogodi\u0161njim planinarskim \u010darapama.<\/p>\n<p><span class=\"Y2IQFc\" lang=\"hr\"><strong>TEHNOLOGIJA:<\/strong> <\/span><\/p>\n<ul>\n<li><span class=\"Y2IQFc\" lang=\"hr\">Savr\u0161en spoj tehni\u010dkih materijala, merino vune i polipropilena s termoregulacijskim svojstvima <\/span><\/li>\n<li><span class=\"Y2IQFc\" lang=\"hr\">Slojevito zonalno pletenje <\/span><\/li>\n<li><span class=\"Y2IQFc\" lang=\"hr\">Podebljano stopalo s pastime i petom<\/span><\/li>\n<li><span class=\"Y2IQFc\" lang=\"hr\">Za\u0161tita Ahilove tetive<br \/>\n<\/span><span class=\"Y2IQFc\" lang=\"hr\"><strong><span class=\"Y2IQFc\" lang=\"hr\"><br \/>\nSASTAV:<\/span><\/strong><br \/>\n<\/span><\/li>\n<li><span class=\"Y2IQFc\" lang=\"hr\">Funkcionalni poliester &#8211; 49,3% <\/span><\/li>\n<li><span class=\"Y2IQFc\" lang=\"hr\">Merino vuna &#8211; 21,7% <\/span><\/li>\n<li><span class=\"Y2IQFc\" lang=\"hr\">Elastan &#8211; 24,3% <\/span><\/li>\n<li><span class=\"Y2IQFc\" lang=\"hr\">Poliamid &#8211; 4,8%<\/span><\/li>\n<\/ul>\n<p>&nbsp;<\/p>\n<p>&nbsp;<\/p>\n","protected":false},"featured_media":1477141,"comment_status":"open","ping_status":"closed","template":"","meta":{"_acf_changed":false},"product_brand":[],"product_cat":[823,827,832],"product_tag":[854,856,892,899,891,883,909,941,870],"class_list":{"0":"post-1478494","1":"product","2":"type-product","3":"status-publish","4":"has-post-thumbnail","6":"product_cat-carape","7":"product_cat-planinarenje","8":"product_cat-yeti-hr","9":"product_tag-ahilov-stit","10":"product_tag-aircon-tech-hr","11":"product_tag-carape-za-planinarenje","12":"product_tag-merino-vuna","13":"product_tag-planinarenje","14":"product_tag-tehnologija-pojastucenja","15":"product_tag-vanjski","16":"product_tag-ventilacija","17":"product_tag-zastita-od-zuljeva","19":"first","20":"instock","21":"featured","22":"taxable","23":"shipping-taxable","24":"purchasable","25":"product-type-variable","26":"has-default-attributes"},"acf":[],"yoast_head":"<!-- This site is optimized with the Yoast SEO plugin v24.2 - https:\/\/yoast.com\/wordpress\/plugins\/seo\/ -->\n<title>Yeti Grana | Dogma Socks - Extreme Design For Your Feet<\/title>\n<meta name=\"robots\" content=\"index, follow, max-snippet:-1, max-image-preview:large, max-video-preview:-1\" \/>\n<link rel=\"canonical\" href=\"https:\/\/www.dogmasocks.com\/hr\/proizvod\/yeti-grana\/\" \/>\n<meta property=\"og:locale\" content=\"hr_HR\" \/>\n<meta property=\"og:type\" content=\"article\" \/>\n<meta property=\"og:title\" content=\"Yeti Grana | Dogma Socks - Extreme Design For Your Feet\" \/>\n<meta property=\"og:description\" content=\"Yeti pru\u017ea savr\u0161en spoj materijala koji se brzo su\u0161e i mekane merino vune. Ojastu\u010deni tabani daju stopalima bolji osje\u0107aj i ve\u0107u razinu topline. Du\u017ea, mekana,elasti\u010dna sara umanjuje iritacije koje mogu nastati za vrijeme no\u0161enja visokih gojzerica. Yeti \u010darape dizajnirane su za sve moderne avanturiste i profesionalce koji vole planinariti tokom cijele godine \u0161to ih \u010dini savr\u0161enim cjelogodi\u0161njim planinarskim \u010darapama.  TEHNOLOGIJA:    Savr\u0161en spoj tehni\u010dkih materijala, merino vune i polipropilena s termoregulacijskim svojstvima   Slojevito zonalno pletenje   Podebljano stopalo s pastime i petom  Za\u0161tita Ahilove tetive  SASTAV:   Funkcionalni poliester - 49,3%   Merino vuna - 21,7%   Elastan - 24,3%   Poliamid - 4,8%  &nbsp;  &nbsp;\" \/>\n<meta property=\"og:url\" content=\"https:\/\/www.dogmasocks.com\/hr\/proizvod\/yeti-grana\/\" \/>\n<meta property=\"og:site_name\" content=\"Dogma Socks\" \/>\n<meta property=\"article:publisher\" content=\"https:\/\/www.facebook.com\/dogmasocks\/\" \/>\n<meta property=\"article:modified_time\" content=\"2025-01-27T12:13:26+00:00\" \/>\n<meta property=\"og:image\" content=\"https:\/\/www.dogmasocks.com\/wp-content\/uploads\/2024\/11\/7_1.jpg\" \/>\n\t<meta property=\"og:image:width\" content=\"1800\" \/>\n\t<meta property=\"og:image:height\" content=\"1800\" \/>\n\t<meta property=\"og:image:type\" content=\"image\/jpeg\" \/>\n<meta name=\"twitter:card\" content=\"summary_large_image\" \/>\n<meta name=\"twitter:label1\" content=\"Procijenjeno vrijeme \u010ditanja\" \/>\n\t<meta name=\"twitter:data1\" content=\"1 minuta\" \/>\n<script type=\"application\/ld+json\" class=\"yoast-schema-graph\">{\"@context\":\"https:\/\/schema.org\",\"@graph\":[{\"@type\":\"WebPage\",\"@id\":\"https:\/\/www.dogmasocks.com\/hr\/proizvod\/yeti-grana\/\",\"url\":\"https:\/\/www.dogmasocks.com\/hr\/proizvod\/yeti-grana\/\",\"name\":\"Yeti Grana | Dogma Socks - Extreme Design For Your Feet\",\"isPartOf\":{\"@id\":\"https:\/\/www.dogmasocks.com\/hr\/#website\"},\"primaryImageOfPage\":{\"@id\":\"https:\/\/www.dogmasocks.com\/hr\/proizvod\/yeti-grana\/#primaryimage\"},\"image\":{\"@id\":\"https:\/\/www.dogmasocks.com\/hr\/proizvod\/yeti-grana\/#primaryimage\"},\"thumbnailUrl\":\"https:\/\/www.dogmasocks.com\/wp-content\/uploads\/2024\/11\/7_1.jpg\",\"datePublished\":\"2025-01-27T12:10:46+00:00\",\"dateModified\":\"2025-01-27T12:13:26+00:00\",\"breadcrumb\":{\"@id\":\"https:\/\/www.dogmasocks.com\/hr\/proizvod\/yeti-grana\/#breadcrumb\"},\"inLanguage\":\"hr\",\"potentialAction\":[{\"@type\":\"ReadAction\",\"target\":[\"https:\/\/www.dogmasocks.com\/hr\/proizvod\/yeti-grana\/\"]}]},{\"@type\":\"ImageObject\",\"inLanguage\":\"hr\",\"@id\":\"https:\/\/www.dogmasocks.com\/hr\/proizvod\/yeti-grana\/#primaryimage\",\"url\":\"https:\/\/www.dogmasocks.com\/wp-content\/uploads\/2024\/11\/7_1.jpg\",\"contentUrl\":\"https:\/\/www.dogmasocks.com\/wp-content\/uploads\/2024\/11\/7_1.jpg\",\"width\":1800,\"height\":1800},{\"@type\":\"BreadcrumbList\",\"@id\":\"https:\/\/www.dogmasocks.com\/hr\/proizvod\/yeti-grana\/#breadcrumb\",\"itemListElement\":[{\"@type\":\"ListItem\",\"position\":1,\"name\":\"Home\",\"item\":\"https:\/\/www.dogmasocks.com\/hr\/\"},{\"@type\":\"ListItem\",\"position\":2,\"name\":\"Shop\",\"item\":\"http:\/\/www.dogmasocks.com\/hr\/shop\/\"},{\"@type\":\"ListItem\",\"position\":3,\"name\":\"Yeti Grana\"}]},{\"@type\":\"WebSite\",\"@id\":\"https:\/\/www.dogmasocks.com\/hr\/#website\",\"url\":\"https:\/\/www.dogmasocks.com\/hr\/\",\"name\":\"Dogma Socks\",\"description\":\"eXtreme design for your feet.\",\"potentialAction\":[{\"@type\":\"SearchAction\",\"target\":{\"@type\":\"EntryPoint\",\"urlTemplate\":\"https:\/\/www.dogmasocks.com\/hr\/?s={search_term_string}\"},\"query-input\":{\"@type\":\"PropertyValueSpecification\",\"valueRequired\":true,\"valueName\":\"search_term_string\"}}],\"inLanguage\":\"hr\"}]}<\/script>\n<!-- \/ Yoast SEO plugin. -->","yoast_head_json":{"title":"Yeti Grana | Dogma Socks - Extreme Design For Your Feet","robots":{"index":"index","follow":"follow","max-snippet":"max-snippet:-1","max-image-preview":"max-image-preview:large","max-video-preview":"max-video-preview:-1"},"canonical":"https:\/\/www.dogmasocks.com\/hr\/proizvod\/yeti-grana\/","og_locale":"hr_HR","og_type":"article","og_title":"Yeti Grana | Dogma Socks - Extreme Design For Your Feet","og_description":"Yeti pru\u017ea savr\u0161en spoj materijala koji se brzo su\u0161e i mekane merino vune. Ojastu\u010deni tabani daju stopalima bolji osje\u0107aj i ve\u0107u razinu topline. Du\u017ea, mekana,elasti\u010dna sara umanjuje iritacije koje mogu nastati za vrijeme no\u0161enja visokih gojzerica. Yeti \u010darape dizajnirane su za sve moderne avanturiste i profesionalce koji vole planinariti tokom cijele godine \u0161to ih \u010dini savr\u0161enim cjelogodi\u0161njim planinarskim \u010darapama.  TEHNOLOGIJA:    Savr\u0161en spoj tehni\u010dkih materijala, merino vune i polipropilena s termoregulacijskim svojstvima   Slojevito zonalno pletenje   Podebljano stopalo s pastime i petom  Za\u0161tita Ahilove tetive  SASTAV:   Funkcionalni poliester - 49,3%   Merino vuna - 21,7%   Elastan - 24,3%   Poliamid - 4,8%  &nbsp;  &nbsp;","og_url":"https:\/\/www.dogmasocks.com\/hr\/proizvod\/yeti-grana\/","og_site_name":"Dogma Socks","article_publisher":"https:\/\/www.facebook.com\/dogmasocks\/","article_modified_time":"2025-01-27T12:13:26+00:00","og_image":[{"width":1800,"height":1800,"url":"https:\/\/www.dogmasocks.com\/wp-content\/uploads\/2024\/11\/7_1.jpg","type":"image\/jpeg"}],"twitter_card":"summary_large_image","twitter_misc":{"Procijenjeno vrijeme \u010ditanja":"1 minuta"},"schema":{"@context":"https:\/\/schema.org","@graph":[{"@type":"WebPage","@id":"https:\/\/www.dogmasocks.com\/hr\/proizvod\/yeti-grana\/","url":"https:\/\/www.dogmasocks.com\/hr\/proizvod\/yeti-grana\/","name":"Yeti Grana | Dogma Socks - Extreme Design For Your Feet","isPartOf":{"@id":"https:\/\/www.dogmasocks.com\/hr\/#website"},"primaryImageOfPage":{"@id":"https:\/\/www.dogmasocks.com\/hr\/proizvod\/yeti-grana\/#primaryimage"},"image":{"@id":"https:\/\/www.dogmasocks.com\/hr\/proizvod\/yeti-grana\/#primaryimage"},"thumbnailUrl":"https:\/\/www.dogmasocks.com\/wp-content\/uploads\/2024\/11\/7_1.jpg","datePublished":"2025-01-27T12:10:46+00:00","dateModified":"2025-01-27T12:13:26+00:00","breadcrumb":{"@id":"https:\/\/www.dogmasocks.com\/hr\/proizvod\/yeti-grana\/#breadcrumb"},"inLanguage":"hr","potentialAction":[{"@type":"ReadAction","target":["https:\/\/www.dogmasocks.com\/hr\/proizvod\/yeti-grana\/"]}]},{"@type":"ImageObject","inLanguage":"hr","@id":"https:\/\/www.dogmasocks.com\/hr\/proizvod\/yeti-grana\/#primaryimage","url":"https:\/\/www.dogmasocks.com\/wp-content\/uploads\/2024\/11\/7_1.jpg","contentUrl":"https:\/\/www.dogmasocks.com\/wp-content\/uploads\/2024\/11\/7_1.jpg","width":1800,"height":1800},{"@type":"BreadcrumbList","@id":"https:\/\/www.dogmasocks.com\/hr\/proizvod\/yeti-grana\/#breadcrumb","itemListElement":[{"@type":"ListItem","position":1,"name":"Home","item":"https:\/\/www.dogmasocks.com\/hr\/"},{"@type":"ListItem","position":2,"name":"Shop","item":"http:\/\/www.dogmasocks.com\/hr\/shop\/"},{"@type":"ListItem","position":3,"name":"Yeti Grana"}]},{"@type":"WebSite","@id":"https:\/\/www.dogmasocks.com\/hr\/#website","url":"https:\/\/www.dogmasocks.com\/hr\/","name":"Dogma Socks","description":"eXtreme design for your feet.","potentialAction":[{"@type":"SearchAction","target":{"@type":"EntryPoint","urlTemplate":"https:\/\/www.dogmasocks.com\/hr\/?s={search_term_string}"},"query-input":{"@type":"PropertyValueSpecification","valueRequired":true,"valueName":"search_term_string"}}],"inLanguage":"hr"}]}},"_links":{"self":[{"href":"https:\/\/www.dogmasocks.com\/hr\/wp-json\/wp\/v2\/product\/1478494","targetHints":{"allow":["GET"]}}],"collection":[{"href":"https:\/\/www.dogmasocks.com\/hr\/wp-json\/wp\/v2\/product"}],"about":[{"href":"https:\/\/www.dogmasocks.com\/hr\/wp-json\/wp\/v2\/types\/product"}],"replies":[{"embeddable":true,"href":"https:\/\/www.dogmasocks.com\/hr\/wp-json\/wp\/v2\/comments?post=1478494"}],"wp:featuredmedia":[{"embeddable":true,"href":"https:\/\/www.dogmasocks.com\/hr\/wp-json\/wp\/v2\/media\/1477141"}],"wp:attachment":[{"href":"https:\/\/www.dogmasocks.com\/hr\/wp-json\/wp\/v2\/media?parent=1478494"}],"wp:term":[{"taxonomy":"product_brand","embeddable":true,"href":"https:\/\/www.dogmasocks.com\/hr\/wp-json\/wp\/v2\/product_brand?post=1478494"},{"taxonomy":"product_cat","embeddable":true,"href":"https:\/\/www.dogmasocks.com\/hr\/wp-json\/wp\/v2\/product_cat?post=1478494"},{"taxonomy":"product_tag","embeddable":true,"href":"https:\/\/www.dogmasocks.com\/hr\/wp-json\/wp\/v2\/product_tag?post=1478494"}],"curies":[{"name":"wp","href":"https:\/\/api.w.org\/{rel}","templated":true}]}}