{"id":1475856,"date":"2023-05-05T11:33:06","date_gmt":"2023-05-05T09:33:08","guid":{"rendered":"https:\/\/www.dogmasocks.com\/?post_type=product&#038;p=1475856"},"modified":"2023-05-05T12:05:25","modified_gmt":"2023-05-05T10:05:25","slug":"marmot-grey-ultra-tehnilcke-lagane-merino-carape-za-planinarenje-i-trekking","status":"publish","type":"product","link":"https:\/\/www.dogmasocks.com\/hr\/proizvod\/marmot-grey-ultra-tehnilcke-lagane-merino-carape-za-planinarenje-i-trekking\/","title":{"rendered":"Marmot Grey-Ultra tehnil\u010dke lagane merino \u010darape za planinarenje i trekking"},"content":{"rendered":"<p><span class=\"Y2IQFc\" lang=\"hr\">Marmot je tanka i lagana merino \u010darapa za planinarenje i planinarenje u toplijim mjesecima. Zbog termoregulacijskih svojstava merino vune ostat \u0107ete suhi i bez neugodnih mirisa tijekom najzahtjevnijih aktivnosti. Najnovija mekana man\u0161eta ravnomjerno raspore\u0111uje pritisak tako da ne\u0107ete osje\u0107ati nikakve to\u010dke pritiska i mo\u0107i \u0107ete hodati satima bez ote\u010denih stopala. Ravni \u0161av na prstima sprije\u010dit \u0107e stvaranje \u017euljeva, a velike mre\u017easte plo\u010de pomo\u0107i \u0107e u ventilaciji zraka.<\/span><\/p>\n<p><strong>TEHNOLOGIJA:<\/strong><\/p>\n<ul>\n<li><span class=\"Y2IQFc\" lang=\"hr\">Novi mekani zavr\u0161etak ubla\u017eava to\u010dke pritiska na nogama <\/span><\/li>\n<li><span class=\"Y2IQFc\" lang=\"hr\">Merino vuna osigurava termoregulaciju<\/span><\/li>\n<li><span class=\"Y2IQFc\" lang=\"hr\">Veliki mre\u017easti umetci omogu\u0107uju protok zraka i ventilaciju <\/span><\/li>\n<li><span class=\"Y2IQFc\" lang=\"hr\">Ravni \u0161av na prstima sprje\u010dava pojavu \u017euljeva <\/span><\/li>\n<li><span class=\"Y2IQFc\" lang=\"hr\"><span class=\"Y2IQFc\" lang=\"hr\">Elasti\u010dna traka u stopalu sprje\u010dava klizanje \u010darape<br \/>\n<\/span><\/span>MATERIJAL:<\/li>\n<li><span class=\"Y2IQFc\" lang=\"hr\">Merino vuna 40%<\/span><\/li>\n<li><span class=\"Y2IQFc\" lang=\"hr\">Elastan 20%<\/span><\/li>\n<li><span class=\"Y2IQFc\" lang=\"hr\">Poliamid 10%<\/span><\/li>\n<li><span class=\"Y2IQFc\" lang=\"hr\">Spandeks 30%<\/span><\/li>\n<\/ul>\n","protected":false},"excerpt":{"rendered":"<p><span class=\"Y2IQFc\" lang=\"hr\">Marmot je tanka i lagana merino \u010darapa za planinarenje i planinarenje u toplijim mjesecima. Zbog termoregulacijskih svojstava merino vune ostat \u0107ete suhi i bez neugodnih mirisa tijekom najzahtjevnijih aktivnosti. Najnovija mekana man\u0161eta ravnomjerno raspore\u0111uje pritisak tako da ne\u0107ete osje\u0107ati nikakve to\u010dke pritiska i mo\u0107i \u0107ete hodati satima bez ote\u010denih stopala. Ravni \u0161av na prstima sprije\u010dit \u0107e stvaranje \u017euljeva, a velike mre\u017easte plo\u010de pomo\u0107i \u0107e u ventilaciji zraka.<br \/>\n<\/span><\/p>\n","protected":false},"featured_media":1475806,"comment_status":"closed","ping_status":"closed","template":"","meta":{"_acf_changed":false},"product_brand":[],"product_cat":[823,827],"product_tag":[937,897,899,891,871,934,936,939],"class_list":{"0":"post-1475856","1":"product","2":"type-product","3":"status-publish","4":"has-post-thumbnail","6":"product_cat-carape","7":"product_cat-planinarenje","8":"product_tag-carape-za-trekking","9":"product_tag-lagano","10":"product_tag-merino-vuna","11":"product_tag-planinarenje","12":"product_tag-prozracne","13":"product_tag-tanko","14":"product_tag-trekking-hr","15":"product_tag-ultra-lagano","17":"first","18":"instock","19":"featured","20":"taxable","21":"shipping-taxable","22":"purchasable","23":"product-type-variable","24":"has-default-attributes"},"acf":[],"yoast_head":"<!-- This site is optimized with the Yoast SEO plugin v24.2 - https:\/\/yoast.com\/wordpress\/plugins\/seo\/ -->\n<title>Marmot Grey-Ultra tehnil\u010dke lagane merino \u010darape za planinarenje i trekking | Dogma Socks - Extreme Design For Your Feet<\/title>\n<meta name=\"robots\" content=\"index, follow, max-snippet:-1, max-image-preview:large, max-video-preview:-1\" \/>\n<link rel=\"canonical\" href=\"https:\/\/www.dogmasocks.com\/hr\/proizvod\/marmot-grey-ultra-tehnilcke-lagane-merino-carape-za-planinarenje-i-trekking\/\" \/>\n<meta property=\"og:locale\" content=\"hr_HR\" \/>\n<meta property=\"og:type\" content=\"article\" \/>\n<meta property=\"og:title\" content=\"Marmot Grey-Ultra tehnil\u010dke lagane merino \u010darape za planinarenje i trekking | Dogma Socks - Extreme Design For Your Feet\" \/>\n<meta property=\"og:description\" content=\"Marmot je tanka i lagana merino \u010darapa za planinarenje i planinarenje u toplijim mjesecima. Zbog termoregulacijskih svojstava merino vune ostat \u0107ete suhi i bez neugodnih mirisa tijekom najzahtjevnijih aktivnosti. Najnovija mekana man\u0161eta ravnomjerno raspore\u0111uje pritisak tako da ne\u0107ete osje\u0107ati nikakve to\u010dke pritiska i mo\u0107i \u0107ete hodati satima bez ote\u010denih stopala. Ravni \u0161av na prstima sprije\u010dit \u0107e stvaranje \u017euljeva, a velike mre\u017easte plo\u010de pomo\u0107i \u0107e u ventilaciji zraka.\" \/>\n<meta property=\"og:url\" content=\"https:\/\/www.dogmasocks.com\/hr\/proizvod\/marmot-grey-ultra-tehnilcke-lagane-merino-carape-za-planinarenje-i-trekking\/\" \/>\n<meta property=\"og:site_name\" content=\"Dogma Socks\" \/>\n<meta property=\"article:publisher\" content=\"https:\/\/www.facebook.com\/dogmasocks\/\" \/>\n<meta property=\"article:modified_time\" content=\"2023-05-05T10:05:25+00:00\" \/>\n<meta property=\"og:image\" content=\"https:\/\/www.dogmasocks.com\/wp-content\/uploads\/2023\/05\/5-1.jpg\" \/>\n\t<meta property=\"og:image:width\" content=\"1800\" \/>\n\t<meta property=\"og:image:height\" content=\"1800\" \/>\n\t<meta property=\"og:image:type\" content=\"image\/jpeg\" \/>\n<meta name=\"twitter:card\" content=\"summary_large_image\" \/>\n<meta name=\"twitter:label1\" content=\"Procijenjeno vrijeme \u010ditanja\" \/>\n\t<meta name=\"twitter:data1\" content=\"1 minuta\" \/>\n<script type=\"application\/ld+json\" class=\"yoast-schema-graph\">{\"@context\":\"https:\/\/schema.org\",\"@graph\":[{\"@type\":\"WebPage\",\"@id\":\"https:\/\/www.dogmasocks.com\/hr\/proizvod\/marmot-grey-ultra-tehnilcke-lagane-merino-carape-za-planinarenje-i-trekking\/\",\"url\":\"https:\/\/www.dogmasocks.com\/hr\/proizvod\/marmot-grey-ultra-tehnilcke-lagane-merino-carape-za-planinarenje-i-trekking\/\",\"name\":\"Marmot Grey-Ultra tehnil\u010dke lagane merino \u010darape za planinarenje i trekking | Dogma Socks - Extreme Design For Your Feet\",\"isPartOf\":{\"@id\":\"https:\/\/www.dogmasocks.com\/hr\/#website\"},\"primaryImageOfPage\":{\"@id\":\"https:\/\/www.dogmasocks.com\/hr\/proizvod\/marmot-grey-ultra-tehnilcke-lagane-merino-carape-za-planinarenje-i-trekking\/#primaryimage\"},\"image\":{\"@id\":\"https:\/\/www.dogmasocks.com\/hr\/proizvod\/marmot-grey-ultra-tehnilcke-lagane-merino-carape-za-planinarenje-i-trekking\/#primaryimage\"},\"thumbnailUrl\":\"https:\/\/www.dogmasocks.com\/wp-content\/uploads\/2023\/05\/5-1.jpg\",\"datePublished\":\"2023-05-05T09:33:08+00:00\",\"dateModified\":\"2023-05-05T10:05:25+00:00\",\"breadcrumb\":{\"@id\":\"https:\/\/www.dogmasocks.com\/hr\/proizvod\/marmot-grey-ultra-tehnilcke-lagane-merino-carape-za-planinarenje-i-trekking\/#breadcrumb\"},\"inLanguage\":\"hr\",\"potentialAction\":[{\"@type\":\"ReadAction\",\"target\":[\"https:\/\/www.dogmasocks.com\/hr\/proizvod\/marmot-grey-ultra-tehnilcke-lagane-merino-carape-za-planinarenje-i-trekking\/\"]}]},{\"@type\":\"ImageObject\",\"inLanguage\":\"hr\",\"@id\":\"https:\/\/www.dogmasocks.com\/hr\/proizvod\/marmot-grey-ultra-tehnilcke-lagane-merino-carape-za-planinarenje-i-trekking\/#primaryimage\",\"url\":\"https:\/\/www.dogmasocks.com\/wp-content\/uploads\/2023\/05\/5-1.jpg\",\"contentUrl\":\"https:\/\/www.dogmasocks.com\/wp-content\/uploads\/2023\/05\/5-1.jpg\",\"width\":1800,\"height\":1800},{\"@type\":\"BreadcrumbList\",\"@id\":\"https:\/\/www.dogmasocks.com\/hr\/proizvod\/marmot-grey-ultra-tehnilcke-lagane-merino-carape-za-planinarenje-i-trekking\/#breadcrumb\",\"itemListElement\":[{\"@type\":\"ListItem\",\"position\":1,\"name\":\"Home\",\"item\":\"https:\/\/www.dogmasocks.com\/hr\/\"},{\"@type\":\"ListItem\",\"position\":2,\"name\":\"Shop\",\"item\":\"http:\/\/www.dogmasocks.com\/hr\/shop\/\"},{\"@type\":\"ListItem\",\"position\":3,\"name\":\"Marmot Grey-Ultra tehnil\u010dke lagane merino \u010darape za planinarenje i trekking\"}]},{\"@type\":\"WebSite\",\"@id\":\"https:\/\/www.dogmasocks.com\/hr\/#website\",\"url\":\"https:\/\/www.dogmasocks.com\/hr\/\",\"name\":\"Dogma Socks\",\"description\":\"eXtreme design for your feet.\",\"potentialAction\":[{\"@type\":\"SearchAction\",\"target\":{\"@type\":\"EntryPoint\",\"urlTemplate\":\"https:\/\/www.dogmasocks.com\/hr\/?s={search_term_string}\"},\"query-input\":{\"@type\":\"PropertyValueSpecification\",\"valueRequired\":true,\"valueName\":\"search_term_string\"}}],\"inLanguage\":\"hr\"}]}<\/script>\n<!-- \/ Yoast SEO plugin. -->","yoast_head_json":{"title":"Marmot Grey-Ultra tehnil\u010dke lagane merino \u010darape za planinarenje i trekking | Dogma Socks - Extreme Design For Your Feet","robots":{"index":"index","follow":"follow","max-snippet":"max-snippet:-1","max-image-preview":"max-image-preview:large","max-video-preview":"max-video-preview:-1"},"canonical":"https:\/\/www.dogmasocks.com\/hr\/proizvod\/marmot-grey-ultra-tehnilcke-lagane-merino-carape-za-planinarenje-i-trekking\/","og_locale":"hr_HR","og_type":"article","og_title":"Marmot Grey-Ultra tehnil\u010dke lagane merino \u010darape za planinarenje i trekking | Dogma Socks - Extreme Design For Your Feet","og_description":"Marmot je tanka i lagana merino \u010darapa za planinarenje i planinarenje u toplijim mjesecima. Zbog termoregulacijskih svojstava merino vune ostat \u0107ete suhi i bez neugodnih mirisa tijekom najzahtjevnijih aktivnosti. Najnovija mekana man\u0161eta ravnomjerno raspore\u0111uje pritisak tako da ne\u0107ete osje\u0107ati nikakve to\u010dke pritiska i mo\u0107i \u0107ete hodati satima bez ote\u010denih stopala. Ravni \u0161av na prstima sprije\u010dit \u0107e stvaranje \u017euljeva, a velike mre\u017easte plo\u010de pomo\u0107i \u0107e u ventilaciji zraka.","og_url":"https:\/\/www.dogmasocks.com\/hr\/proizvod\/marmot-grey-ultra-tehnilcke-lagane-merino-carape-za-planinarenje-i-trekking\/","og_site_name":"Dogma Socks","article_publisher":"https:\/\/www.facebook.com\/dogmasocks\/","article_modified_time":"2023-05-05T10:05:25+00:00","og_image":[{"width":1800,"height":1800,"url":"https:\/\/www.dogmasocks.com\/wp-content\/uploads\/2023\/05\/5-1.jpg","type":"image\/jpeg"}],"twitter_card":"summary_large_image","twitter_misc":{"Procijenjeno vrijeme \u010ditanja":"1 minuta"},"schema":{"@context":"https:\/\/schema.org","@graph":[{"@type":"WebPage","@id":"https:\/\/www.dogmasocks.com\/hr\/proizvod\/marmot-grey-ultra-tehnilcke-lagane-merino-carape-za-planinarenje-i-trekking\/","url":"https:\/\/www.dogmasocks.com\/hr\/proizvod\/marmot-grey-ultra-tehnilcke-lagane-merino-carape-za-planinarenje-i-trekking\/","name":"Marmot Grey-Ultra tehnil\u010dke lagane merino \u010darape za planinarenje i trekking | Dogma Socks - Extreme Design For Your Feet","isPartOf":{"@id":"https:\/\/www.dogmasocks.com\/hr\/#website"},"primaryImageOfPage":{"@id":"https:\/\/www.dogmasocks.com\/hr\/proizvod\/marmot-grey-ultra-tehnilcke-lagane-merino-carape-za-planinarenje-i-trekking\/#primaryimage"},"image":{"@id":"https:\/\/www.dogmasocks.com\/hr\/proizvod\/marmot-grey-ultra-tehnilcke-lagane-merino-carape-za-planinarenje-i-trekking\/#primaryimage"},"thumbnailUrl":"https:\/\/www.dogmasocks.com\/wp-content\/uploads\/2023\/05\/5-1.jpg","datePublished":"2023-05-05T09:33:08+00:00","dateModified":"2023-05-05T10:05:25+00:00","breadcrumb":{"@id":"https:\/\/www.dogmasocks.com\/hr\/proizvod\/marmot-grey-ultra-tehnilcke-lagane-merino-carape-za-planinarenje-i-trekking\/#breadcrumb"},"inLanguage":"hr","potentialAction":[{"@type":"ReadAction","target":["https:\/\/www.dogmasocks.com\/hr\/proizvod\/marmot-grey-ultra-tehnilcke-lagane-merino-carape-za-planinarenje-i-trekking\/"]}]},{"@type":"ImageObject","inLanguage":"hr","@id":"https:\/\/www.dogmasocks.com\/hr\/proizvod\/marmot-grey-ultra-tehnilcke-lagane-merino-carape-za-planinarenje-i-trekking\/#primaryimage","url":"https:\/\/www.dogmasocks.com\/wp-content\/uploads\/2023\/05\/5-1.jpg","contentUrl":"https:\/\/www.dogmasocks.com\/wp-content\/uploads\/2023\/05\/5-1.jpg","width":1800,"height":1800},{"@type":"BreadcrumbList","@id":"https:\/\/www.dogmasocks.com\/hr\/proizvod\/marmot-grey-ultra-tehnilcke-lagane-merino-carape-za-planinarenje-i-trekking\/#breadcrumb","itemListElement":[{"@type":"ListItem","position":1,"name":"Home","item":"https:\/\/www.dogmasocks.com\/hr\/"},{"@type":"ListItem","position":2,"name":"Shop","item":"http:\/\/www.dogmasocks.com\/hr\/shop\/"},{"@type":"ListItem","position":3,"name":"Marmot Grey-Ultra tehnil\u010dke lagane merino \u010darape za planinarenje i trekking"}]},{"@type":"WebSite","@id":"https:\/\/www.dogmasocks.com\/hr\/#website","url":"https:\/\/www.dogmasocks.com\/hr\/","name":"Dogma Socks","description":"eXtreme design for your feet.","potentialAction":[{"@type":"SearchAction","target":{"@type":"EntryPoint","urlTemplate":"https:\/\/www.dogmasocks.com\/hr\/?s={search_term_string}"},"query-input":{"@type":"PropertyValueSpecification","valueRequired":true,"valueName":"search_term_string"}}],"inLanguage":"hr"}]}},"_links":{"self":[{"href":"https:\/\/www.dogmasocks.com\/hr\/wp-json\/wp\/v2\/product\/1475856","targetHints":{"allow":["GET"]}}],"collection":[{"href":"https:\/\/www.dogmasocks.com\/hr\/wp-json\/wp\/v2\/product"}],"about":[{"href":"https:\/\/www.dogmasocks.com\/hr\/wp-json\/wp\/v2\/types\/product"}],"replies":[{"embeddable":true,"href":"https:\/\/www.dogmasocks.com\/hr\/wp-json\/wp\/v2\/comments?post=1475856"}],"wp:featuredmedia":[{"embeddable":true,"href":"https:\/\/www.dogmasocks.com\/hr\/wp-json\/wp\/v2\/media\/1475806"}],"wp:attachment":[{"href":"https:\/\/www.dogmasocks.com\/hr\/wp-json\/wp\/v2\/media?parent=1475856"}],"wp:term":[{"taxonomy":"product_brand","embeddable":true,"href":"https:\/\/www.dogmasocks.com\/hr\/wp-json\/wp\/v2\/product_brand?post=1475856"},{"taxonomy":"product_cat","embeddable":true,"href":"https:\/\/www.dogmasocks.com\/hr\/wp-json\/wp\/v2\/product_cat?post=1475856"},{"taxonomy":"product_tag","embeddable":true,"href":"https:\/\/www.dogmasocks.com\/hr\/wp-json\/wp\/v2\/product_tag?post=1475856"}],"curies":[{"name":"wp","href":"https:\/\/api.w.org\/{rel}","templated":true}]}}