{"id":1475561,"date":"2022-11-08T11:40:08","date_gmt":"2022-11-08T10:45:05","guid":{"rendered":"https:\/\/www.dogmasocks.com\/?post_type=product&#038;p=1475561"},"modified":"2022-11-08T15:18:25","modified_gmt":"2022-11-08T14:18:25","slug":"lynx-black-m-antislip","status":"publish","type":"product","link":"https:\/\/www.dogmasocks.com\/hr\/proizvod\/lynx-black-m-antislip\/","title":{"rendered":"Lynx Black M-Antislip"},"content":{"rendered":"<p><span class=\"Y2IQFc\" lang=\"hr\">Lynx je tehni\u010dka \u010darapa za ljubitelje snijega koji tra\u017ee vrhunsko prianjanje, tanak osje\u0107aj, savr\u0161eno pristajanje i visoku razinu reakcije. PROTUKLIZNE zone u podru\u010dju prstiju i pete sprije\u010dit \u0107e iritantno pomicanje stopala i dr\u017eati \u0107e va\u0161a stopala na mjestu. Ova tehni\u010dka \u010darapa s tehnologijom lagane stupnjevite kompresije, ravnim \u0161avom na prstima i merino vunom savr\u0161en je izbor za free ride skija\u0161e, split bordere, alpine skija\u0161e, free ridere i ljubitelje snijega koji tra\u017ee tehni\u010dke merino \u010darape s tankim pletivom. Nema klizanja, nema gu\u017evanja, nema pregrijavanja, nema brige.<\/span><\/p>\n<p><strong>TEHNOLOGIJA<\/strong>:<\/p>\n<ul>\n<li><span class=\"Y2IQFc\" lang=\"hr\">Savr\u0161en spoj tehni\u010dkih materijala, merino vune i polipropilena s termoregulacijskim karakteristikama <\/span><\/li>\n<li><span class=\"Y2IQFc\" lang=\"hr\">Optimalan u\u010dinak stupnjevite kompresije za du\u017eu vo\u017enju i bolji oporavak mi\u0161i\u0107a <\/span><\/li>\n<li><span class=\"Y2IQFc\" lang=\"hr\">Anatomski oblik za bolje pristajanje <\/span><\/li>\n<li><span class=\"Y2IQFc\" lang=\"hr\">Protuklizne zone u podru\u010dju prstiju i pete <\/span><\/li>\n<li><span class=\"Y2IQFc\" lang=\"hr\">Tanak dizajn za lagani osje\u0107aj <\/span><\/li>\n<li><span class=\"Y2IQFc\" lang=\"hr\"><span class=\"Y2IQFc\" lang=\"hr\">Invisistitch tehnologija za sprje\u010davanje \u017euljeva\n<p><\/span><\/span><strong>MATERIJAL <\/strong><\/li>\n<li><span class=\"Y2IQFc\" lang=\"hr\"> Ekstra fina merino vuna 36 % <\/span><\/li>\n<li><span class=\"Y2IQFc\" lang=\"hr\">polipropilen 24 % <\/span><\/li>\n<li><span class=\"Y2IQFc\" lang=\"hr\">Elastan 6 % <\/span><\/li>\n<li><span class=\"Y2IQFc\" lang=\"hr\">Poliamid 26,7 % <\/span><\/li>\n<li><span class=\"Y2IQFc\" lang=\"hr\">Poliester protiv klizanja 7,3 %<\/span><\/li>\n<\/ul>\n","protected":false},"excerpt":{"rendered":"<p><span class=\"Y2IQFc\" lang=\"hr\">Lynx je tehni\u010dka \u010darapa za ljubitelje snijega koji tra\u017ee vrhunsko prianjanje, tanak osje\u0107aj, savr\u0161eno pristajanje i visoku razinu reakcije. PROTUKLIZNE zone u podru\u010dju prstiju i pete sprije\u010dit \u0107e dosadno kretanje stopala i dr\u017eati va\u0161a stopala na mjestu.<\/span><\/p>\n","protected":false},"featured_media":1475550,"comment_status":"closed","ping_status":"closed","template":"","meta":{"_acf_changed":false},"product_brand":[],"product_cat":[823,840,1410],"product_tag":[919,923,876,899,878],"class_list":{"0":"post-1475561","1":"product","2":"type-product","3":"status-publish","4":"has-post-thumbnail","6":"product_cat-carape","7":"product_cat-zimski-sportovi","8":"product_cat-lynx-hr","9":"product_tag-carape-za-skijanje","10":"product_tag-carape-za-snowboarding","11":"product_tag-kompresija","12":"product_tag-merino-vuna","13":"product_tag-moc-kompresije","15":"first","16":"instock","17":"featured","18":"taxable","19":"shipping-taxable","20":"purchasable","21":"product-type-variable"},"acf":[],"yoast_head":"<!-- This site is optimized with the Yoast SEO plugin v24.2 - https:\/\/yoast.com\/wordpress\/plugins\/seo\/ -->\n<title>Lynx Black M-Antislip | Dogma Socks - Extreme Design For Your Feet<\/title>\n<meta name=\"robots\" content=\"index, follow, max-snippet:-1, max-image-preview:large, max-video-preview:-1\" \/>\n<link rel=\"canonical\" href=\"https:\/\/www.dogmasocks.com\/hr\/proizvod\/lynx-black-m-antislip\/\" \/>\n<meta property=\"og:locale\" content=\"hr_HR\" \/>\n<meta property=\"og:type\" content=\"article\" \/>\n<meta property=\"og:title\" content=\"Lynx Black M-Antislip | Dogma Socks - Extreme Design For Your Feet\" \/>\n<meta property=\"og:description\" content=\"Lynx je tehni\u010dka \u010darapa za ljubitelje snijega koji tra\u017ee vrhunsko prianjanje, tanak osje\u0107aj, savr\u0161eno pristajanje i visoku razinu reakcije. PROTUKLIZNE zone u podru\u010dju prstiju i pete sprije\u010dit \u0107e dosadno kretanje stopala i dr\u017eati va\u0161a stopala na mjestu.\" \/>\n<meta property=\"og:url\" content=\"https:\/\/www.dogmasocks.com\/hr\/proizvod\/lynx-black-m-antislip\/\" \/>\n<meta property=\"og:site_name\" content=\"Dogma Socks\" \/>\n<meta property=\"article:publisher\" content=\"https:\/\/www.facebook.com\/dogmasocks\/\" \/>\n<meta property=\"article:modified_time\" content=\"2022-11-08T14:18:25+00:00\" \/>\n<meta property=\"og:image\" content=\"http:\/\/www.dogmasocks.com\/wp-content\/uploads\/2022\/11\/20_1.jpg\" \/>\n\t<meta property=\"og:image:width\" content=\"1800\" \/>\n\t<meta property=\"og:image:height\" content=\"1800\" \/>\n\t<meta property=\"og:image:type\" content=\"image\/jpeg\" \/>\n<meta name=\"twitter:card\" content=\"summary_large_image\" \/>\n<meta name=\"twitter:label1\" content=\"Procijenjeno vrijeme \u010ditanja\" \/>\n\t<meta name=\"twitter:data1\" content=\"1 minuta\" \/>\n<script type=\"application\/ld+json\" class=\"yoast-schema-graph\">{\"@context\":\"https:\/\/schema.org\",\"@graph\":[{\"@type\":\"WebPage\",\"@id\":\"https:\/\/www.dogmasocks.com\/hr\/proizvod\/lynx-black-m-antislip\/\",\"url\":\"https:\/\/www.dogmasocks.com\/hr\/proizvod\/lynx-black-m-antislip\/\",\"name\":\"Lynx Black M-Antislip | Dogma Socks - Extreme Design For Your Feet\",\"isPartOf\":{\"@id\":\"https:\/\/www.dogmasocks.com\/hr\/#website\"},\"primaryImageOfPage\":{\"@id\":\"https:\/\/www.dogmasocks.com\/hr\/proizvod\/lynx-black-m-antislip\/#primaryimage\"},\"image\":{\"@id\":\"https:\/\/www.dogmasocks.com\/hr\/proizvod\/lynx-black-m-antislip\/#primaryimage\"},\"thumbnailUrl\":\"https:\/\/www.dogmasocks.com\/wp-content\/uploads\/2022\/11\/20_1.jpg\",\"datePublished\":\"2022-11-08T10:45:05+00:00\",\"dateModified\":\"2022-11-08T14:18:25+00:00\",\"breadcrumb\":{\"@id\":\"https:\/\/www.dogmasocks.com\/hr\/proizvod\/lynx-black-m-antislip\/#breadcrumb\"},\"inLanguage\":\"hr\",\"potentialAction\":[{\"@type\":\"ReadAction\",\"target\":[\"https:\/\/www.dogmasocks.com\/hr\/proizvod\/lynx-black-m-antislip\/\"]}]},{\"@type\":\"ImageObject\",\"inLanguage\":\"hr\",\"@id\":\"https:\/\/www.dogmasocks.com\/hr\/proizvod\/lynx-black-m-antislip\/#primaryimage\",\"url\":\"https:\/\/www.dogmasocks.com\/wp-content\/uploads\/2022\/11\/20_1.jpg\",\"contentUrl\":\"https:\/\/www.dogmasocks.com\/wp-content\/uploads\/2022\/11\/20_1.jpg\",\"width\":1800,\"height\":1800},{\"@type\":\"BreadcrumbList\",\"@id\":\"https:\/\/www.dogmasocks.com\/hr\/proizvod\/lynx-black-m-antislip\/#breadcrumb\",\"itemListElement\":[{\"@type\":\"ListItem\",\"position\":1,\"name\":\"Home\",\"item\":\"https:\/\/www.dogmasocks.com\/hr\/\"},{\"@type\":\"ListItem\",\"position\":2,\"name\":\"Shop\",\"item\":\"http:\/\/www.dogmasocks.com\/hr\/shop\/\"},{\"@type\":\"ListItem\",\"position\":3,\"name\":\"Lynx Black M-Antislip\"}]},{\"@type\":\"WebSite\",\"@id\":\"https:\/\/www.dogmasocks.com\/hr\/#website\",\"url\":\"https:\/\/www.dogmasocks.com\/hr\/\",\"name\":\"Dogma Socks\",\"description\":\"eXtreme design for your feet.\",\"potentialAction\":[{\"@type\":\"SearchAction\",\"target\":{\"@type\":\"EntryPoint\",\"urlTemplate\":\"https:\/\/www.dogmasocks.com\/hr\/?s={search_term_string}\"},\"query-input\":{\"@type\":\"PropertyValueSpecification\",\"valueRequired\":true,\"valueName\":\"search_term_string\"}}],\"inLanguage\":\"hr\"}]}<\/script>\n<!-- \/ Yoast SEO plugin. -->","yoast_head_json":{"title":"Lynx Black M-Antislip | Dogma Socks - Extreme Design For Your Feet","robots":{"index":"index","follow":"follow","max-snippet":"max-snippet:-1","max-image-preview":"max-image-preview:large","max-video-preview":"max-video-preview:-1"},"canonical":"https:\/\/www.dogmasocks.com\/hr\/proizvod\/lynx-black-m-antislip\/","og_locale":"hr_HR","og_type":"article","og_title":"Lynx Black M-Antislip | Dogma Socks - Extreme Design For Your Feet","og_description":"Lynx je tehni\u010dka \u010darapa za ljubitelje snijega koji tra\u017ee vrhunsko prianjanje, tanak osje\u0107aj, savr\u0161eno pristajanje i visoku razinu reakcije. PROTUKLIZNE zone u podru\u010dju prstiju i pete sprije\u010dit \u0107e dosadno kretanje stopala i dr\u017eati va\u0161a stopala na mjestu.","og_url":"https:\/\/www.dogmasocks.com\/hr\/proizvod\/lynx-black-m-antislip\/","og_site_name":"Dogma Socks","article_publisher":"https:\/\/www.facebook.com\/dogmasocks\/","article_modified_time":"2022-11-08T14:18:25+00:00","og_image":[{"width":1800,"height":1800,"url":"http:\/\/www.dogmasocks.com\/wp-content\/uploads\/2022\/11\/20_1.jpg","type":"image\/jpeg"}],"twitter_card":"summary_large_image","twitter_misc":{"Procijenjeno vrijeme \u010ditanja":"1 minuta"},"schema":{"@context":"https:\/\/schema.org","@graph":[{"@type":"WebPage","@id":"https:\/\/www.dogmasocks.com\/hr\/proizvod\/lynx-black-m-antislip\/","url":"https:\/\/www.dogmasocks.com\/hr\/proizvod\/lynx-black-m-antislip\/","name":"Lynx Black M-Antislip | Dogma Socks - Extreme Design For Your Feet","isPartOf":{"@id":"https:\/\/www.dogmasocks.com\/hr\/#website"},"primaryImageOfPage":{"@id":"https:\/\/www.dogmasocks.com\/hr\/proizvod\/lynx-black-m-antislip\/#primaryimage"},"image":{"@id":"https:\/\/www.dogmasocks.com\/hr\/proizvod\/lynx-black-m-antislip\/#primaryimage"},"thumbnailUrl":"https:\/\/www.dogmasocks.com\/wp-content\/uploads\/2022\/11\/20_1.jpg","datePublished":"2022-11-08T10:45:05+00:00","dateModified":"2022-11-08T14:18:25+00:00","breadcrumb":{"@id":"https:\/\/www.dogmasocks.com\/hr\/proizvod\/lynx-black-m-antislip\/#breadcrumb"},"inLanguage":"hr","potentialAction":[{"@type":"ReadAction","target":["https:\/\/www.dogmasocks.com\/hr\/proizvod\/lynx-black-m-antislip\/"]}]},{"@type":"ImageObject","inLanguage":"hr","@id":"https:\/\/www.dogmasocks.com\/hr\/proizvod\/lynx-black-m-antislip\/#primaryimage","url":"https:\/\/www.dogmasocks.com\/wp-content\/uploads\/2022\/11\/20_1.jpg","contentUrl":"https:\/\/www.dogmasocks.com\/wp-content\/uploads\/2022\/11\/20_1.jpg","width":1800,"height":1800},{"@type":"BreadcrumbList","@id":"https:\/\/www.dogmasocks.com\/hr\/proizvod\/lynx-black-m-antislip\/#breadcrumb","itemListElement":[{"@type":"ListItem","position":1,"name":"Home","item":"https:\/\/www.dogmasocks.com\/hr\/"},{"@type":"ListItem","position":2,"name":"Shop","item":"http:\/\/www.dogmasocks.com\/hr\/shop\/"},{"@type":"ListItem","position":3,"name":"Lynx Black M-Antislip"}]},{"@type":"WebSite","@id":"https:\/\/www.dogmasocks.com\/hr\/#website","url":"https:\/\/www.dogmasocks.com\/hr\/","name":"Dogma Socks","description":"eXtreme design for your feet.","potentialAction":[{"@type":"SearchAction","target":{"@type":"EntryPoint","urlTemplate":"https:\/\/www.dogmasocks.com\/hr\/?s={search_term_string}"},"query-input":{"@type":"PropertyValueSpecification","valueRequired":true,"valueName":"search_term_string"}}],"inLanguage":"hr"}]}},"_links":{"self":[{"href":"https:\/\/www.dogmasocks.com\/hr\/wp-json\/wp\/v2\/product\/1475561","targetHints":{"allow":["GET"]}}],"collection":[{"href":"https:\/\/www.dogmasocks.com\/hr\/wp-json\/wp\/v2\/product"}],"about":[{"href":"https:\/\/www.dogmasocks.com\/hr\/wp-json\/wp\/v2\/types\/product"}],"replies":[{"embeddable":true,"href":"https:\/\/www.dogmasocks.com\/hr\/wp-json\/wp\/v2\/comments?post=1475561"}],"wp:featuredmedia":[{"embeddable":true,"href":"https:\/\/www.dogmasocks.com\/hr\/wp-json\/wp\/v2\/media\/1475550"}],"wp:attachment":[{"href":"https:\/\/www.dogmasocks.com\/hr\/wp-json\/wp\/v2\/media?parent=1475561"}],"wp:term":[{"taxonomy":"product_brand","embeddable":true,"href":"https:\/\/www.dogmasocks.com\/hr\/wp-json\/wp\/v2\/product_brand?post=1475561"},{"taxonomy":"product_cat","embeddable":true,"href":"https:\/\/www.dogmasocks.com\/hr\/wp-json\/wp\/v2\/product_cat?post=1475561"},{"taxonomy":"product_tag","embeddable":true,"href":"https:\/\/www.dogmasocks.com\/hr\/wp-json\/wp\/v2\/product_tag?post=1475561"}],"curies":[{"name":"wp","href":"https:\/\/api.w.org\/{rel}","templated":true}]}}