{"id":1475504,"date":"2022-11-07T10:28:11","date_gmt":"2022-11-07T09:28:14","guid":{"rendered":"https:\/\/www.dogmasocks.com\/?post_type=product&#038;p=1475504"},"modified":"2022-11-07T10:35:00","modified_gmt":"2022-11-07T09:35:00","slug":"snow-eater-salmo-lines","status":"publish","type":"product","link":"https:\/\/www.dogmasocks.com\/hr\/proizvod\/snow-eater-salmo-lines\/","title":{"rendered":"Snow Eater Salmo Lines"},"content":{"rendered":"<p>Snow Eater je savr\u0161ena \u010darapa za sve zahtjevne skija\u0161e i bordere koji trebaju dobar kontakt izme\u0111u obu\u0107e i stopala bez gubljenja osje\u0107aja topline. Postepena kompresija u podru\u010dju noge daje dobru potporu i odr\u017eava mi\u0161i\u0107e kompaktnima i spremnima za akciju. Srednji nivo ojastu\u010denja osigurava optimalan kontakt izme\u0111u cipele i stopala i pridonosi optimalnoj dozi prijenosa energije i topline. Odli\u010dan izbor cjelogodi\u0161nje \u010darape!<\/p>\n<p><strong>TEHNOLOGIJA:<\/strong><\/p>\n<p>\u2022 Savr\u0161en spoj tehni\u010dkih materijala, merino vune i poliestera s termoreguliraju\u0107im zna\u010dajkama<br \/>\n\u2022 Strate\u0161ki dizajnirana podstava kroz \u010darapu<br \/>\n\u2022 Optimalna kompresija za du\u017ee vo\u017enje i bolji oporavak mi\u0161i\u0107a<br \/>\n\u2022 Anatomski oblik<br \/>\n\u2022 Tehnologija za\u0161tite ahilove tetive<br \/>\n\u2022 Tehnologija za\u0161tite potkoljenice<br \/>\n\u2022 Tehnologija za\u0161tite lista<\/p>\n<p>&nbsp;<\/p>\n<p><strong>MATERIJAL<\/strong><\/p>\n<ul>\n<li>Merino vuna: 11,1%<\/li>\n<li>Tehnicki poliester<\/li>\n<li>Elastan: 21,4%<\/li>\n<li>Poliamid: 10,5%<\/li>\n<\/ul>\n<p>&nbsp;<\/p>\n","protected":false},"excerpt":{"rendered":"<p>Snow Eater je savr\u0161ena \u010darapa za sve zahtjevne skija\u0161e i bordere koji trebaju dobar kontakt izme\u0111u obu\u0107e i stopala bez gubljenja osje\u0107aja topline. Postepena kompresija u podru\u010dju noge daje dobru potporu i odr\u017eava mi\u0161i\u0107e kompaktnima i spremnima za akciju. Srednji nivo ojastu\u010denja osigurava optimalan kontakt izme\u0111u cipele i stopala i pridonosi optimalnoj dozi prijenosa energije i topline. Odli\u010dan izbor cjelogodi\u0161nje \u010darape!<\/p>\n","protected":false},"featured_media":1475508,"comment_status":"open","ping_status":"closed","template":"","meta":{"_acf_changed":false},"product_brand":[],"product_cat":[823,840,844],"product_tag":[858,894,919,923,878,917,920,883],"class_list":{"0":"post-1475504","1":"product","2":"type-product","3":"status-publish","4":"has-post-thumbnail","6":"product_cat-carape","7":"product_cat-zimski-sportovi","8":"product_cat-snow-eater-hr","9":"product_tag-anatomski-dizajn","10":"product_tag-besavnost","11":"product_tag-carape-za-skijanje","12":"product_tag-carape-za-snowboarding","13":"product_tag-moc-kompresije","14":"product_tag-skijanje","15":"product_tag-snijeg","16":"product_tag-tehnologija-pojastucenja","18":"first","19":"instock","20":"taxable","21":"shipping-taxable","22":"purchasable","23":"product-type-variable"},"acf":[],"yoast_head":"<!-- This site is optimized with the Yoast SEO plugin v24.2 - https:\/\/yoast.com\/wordpress\/plugins\/seo\/ -->\n<title>Snow Eater Salmo Lines | Dogma Socks - Extreme Design For Your Feet<\/title>\n<meta name=\"robots\" content=\"index, follow, max-snippet:-1, max-image-preview:large, max-video-preview:-1\" \/>\n<link rel=\"canonical\" href=\"https:\/\/www.dogmasocks.com\/hr\/proizvod\/snow-eater-salmo-lines\/\" \/>\n<meta property=\"og:locale\" content=\"hr_HR\" \/>\n<meta property=\"og:type\" content=\"article\" \/>\n<meta property=\"og:title\" content=\"Snow Eater Salmo Lines | Dogma Socks - Extreme Design For Your Feet\" \/>\n<meta property=\"og:description\" content=\"Snow Eater je savr\u0161ena \u010darapa za sve zahtjevne skija\u0161e i bordere koji trebaju dobar kontakt izme\u0111u obu\u0107e i stopala bez gubljenja osje\u0107aja topline. Postepena kompresija u podru\u010dju noge daje dobru potporu i odr\u017eava mi\u0161i\u0107e kompaktnima i spremnima za akciju. Srednji nivo ojastu\u010denja osigurava optimalan kontakt izme\u0111u cipele i stopala i pridonosi optimalnoj dozi prijenosa energije i topline. Odli\u010dan izbor cjelogodi\u0161nje \u010darape!\" \/>\n<meta property=\"og:url\" content=\"https:\/\/www.dogmasocks.com\/hr\/proizvod\/snow-eater-salmo-lines\/\" \/>\n<meta property=\"og:site_name\" content=\"Dogma Socks\" \/>\n<meta property=\"article:publisher\" content=\"https:\/\/www.facebook.com\/dogmasocks\/\" \/>\n<meta property=\"article:modified_time\" content=\"2022-11-07T09:35:00+00:00\" \/>\n<meta property=\"og:image\" content=\"https:\/\/www.dogmasocks.com\/wp-content\/uploads\/2022\/11\/17_1-1.jpg\" \/>\n\t<meta property=\"og:image:width\" content=\"1800\" \/>\n\t<meta property=\"og:image:height\" content=\"1800\" \/>\n\t<meta property=\"og:image:type\" content=\"image\/jpeg\" \/>\n<meta name=\"twitter:card\" content=\"summary_large_image\" \/>\n<meta name=\"twitter:label1\" content=\"Procijenjeno vrijeme \u010ditanja\" \/>\n\t<meta name=\"twitter:data1\" content=\"1 minuta\" \/>\n<script type=\"application\/ld+json\" class=\"yoast-schema-graph\">{\"@context\":\"https:\/\/schema.org\",\"@graph\":[{\"@type\":\"WebPage\",\"@id\":\"https:\/\/www.dogmasocks.com\/hr\/proizvod\/snow-eater-salmo-lines\/\",\"url\":\"https:\/\/www.dogmasocks.com\/hr\/proizvod\/snow-eater-salmo-lines\/\",\"name\":\"Snow Eater Salmo Lines | Dogma Socks - Extreme Design For Your Feet\",\"isPartOf\":{\"@id\":\"https:\/\/www.dogmasocks.com\/hr\/#website\"},\"primaryImageOfPage\":{\"@id\":\"https:\/\/www.dogmasocks.com\/hr\/proizvod\/snow-eater-salmo-lines\/#primaryimage\"},\"image\":{\"@id\":\"https:\/\/www.dogmasocks.com\/hr\/proizvod\/snow-eater-salmo-lines\/#primaryimage\"},\"thumbnailUrl\":\"https:\/\/www.dogmasocks.com\/wp-content\/uploads\/2022\/11\/17_1-1.jpg\",\"datePublished\":\"2022-11-07T09:28:14+00:00\",\"dateModified\":\"2022-11-07T09:35:00+00:00\",\"breadcrumb\":{\"@id\":\"https:\/\/www.dogmasocks.com\/hr\/proizvod\/snow-eater-salmo-lines\/#breadcrumb\"},\"inLanguage\":\"hr\",\"potentialAction\":[{\"@type\":\"ReadAction\",\"target\":[\"https:\/\/www.dogmasocks.com\/hr\/proizvod\/snow-eater-salmo-lines\/\"]}]},{\"@type\":\"ImageObject\",\"inLanguage\":\"hr\",\"@id\":\"https:\/\/www.dogmasocks.com\/hr\/proizvod\/snow-eater-salmo-lines\/#primaryimage\",\"url\":\"https:\/\/www.dogmasocks.com\/wp-content\/uploads\/2022\/11\/17_1-1.jpg\",\"contentUrl\":\"https:\/\/www.dogmasocks.com\/wp-content\/uploads\/2022\/11\/17_1-1.jpg\",\"width\":1800,\"height\":1800},{\"@type\":\"BreadcrumbList\",\"@id\":\"https:\/\/www.dogmasocks.com\/hr\/proizvod\/snow-eater-salmo-lines\/#breadcrumb\",\"itemListElement\":[{\"@type\":\"ListItem\",\"position\":1,\"name\":\"Home\",\"item\":\"https:\/\/www.dogmasocks.com\/hr\/\"},{\"@type\":\"ListItem\",\"position\":2,\"name\":\"Shop\",\"item\":\"http:\/\/www.dogmasocks.com\/hr\/shop\/\"},{\"@type\":\"ListItem\",\"position\":3,\"name\":\"Snow Eater Salmo Lines\"}]},{\"@type\":\"WebSite\",\"@id\":\"https:\/\/www.dogmasocks.com\/hr\/#website\",\"url\":\"https:\/\/www.dogmasocks.com\/hr\/\",\"name\":\"Dogma Socks\",\"description\":\"eXtreme design for your feet.\",\"potentialAction\":[{\"@type\":\"SearchAction\",\"target\":{\"@type\":\"EntryPoint\",\"urlTemplate\":\"https:\/\/www.dogmasocks.com\/hr\/?s={search_term_string}\"},\"query-input\":{\"@type\":\"PropertyValueSpecification\",\"valueRequired\":true,\"valueName\":\"search_term_string\"}}],\"inLanguage\":\"hr\"}]}<\/script>\n<!-- \/ Yoast SEO plugin. -->","yoast_head_json":{"title":"Snow Eater Salmo Lines | Dogma Socks - Extreme Design For Your Feet","robots":{"index":"index","follow":"follow","max-snippet":"max-snippet:-1","max-image-preview":"max-image-preview:large","max-video-preview":"max-video-preview:-1"},"canonical":"https:\/\/www.dogmasocks.com\/hr\/proizvod\/snow-eater-salmo-lines\/","og_locale":"hr_HR","og_type":"article","og_title":"Snow Eater Salmo Lines | Dogma Socks - Extreme Design For Your Feet","og_description":"Snow Eater je savr\u0161ena \u010darapa za sve zahtjevne skija\u0161e i bordere koji trebaju dobar kontakt izme\u0111u obu\u0107e i stopala bez gubljenja osje\u0107aja topline. Postepena kompresija u podru\u010dju noge daje dobru potporu i odr\u017eava mi\u0161i\u0107e kompaktnima i spremnima za akciju. Srednji nivo ojastu\u010denja osigurava optimalan kontakt izme\u0111u cipele i stopala i pridonosi optimalnoj dozi prijenosa energije i topline. Odli\u010dan izbor cjelogodi\u0161nje \u010darape!","og_url":"https:\/\/www.dogmasocks.com\/hr\/proizvod\/snow-eater-salmo-lines\/","og_site_name":"Dogma Socks","article_publisher":"https:\/\/www.facebook.com\/dogmasocks\/","article_modified_time":"2022-11-07T09:35:00+00:00","og_image":[{"width":1800,"height":1800,"url":"https:\/\/www.dogmasocks.com\/wp-content\/uploads\/2022\/11\/17_1-1.jpg","type":"image\/jpeg"}],"twitter_card":"summary_large_image","twitter_misc":{"Procijenjeno vrijeme \u010ditanja":"1 minuta"},"schema":{"@context":"https:\/\/schema.org","@graph":[{"@type":"WebPage","@id":"https:\/\/www.dogmasocks.com\/hr\/proizvod\/snow-eater-salmo-lines\/","url":"https:\/\/www.dogmasocks.com\/hr\/proizvod\/snow-eater-salmo-lines\/","name":"Snow Eater Salmo Lines | Dogma Socks - Extreme Design For Your Feet","isPartOf":{"@id":"https:\/\/www.dogmasocks.com\/hr\/#website"},"primaryImageOfPage":{"@id":"https:\/\/www.dogmasocks.com\/hr\/proizvod\/snow-eater-salmo-lines\/#primaryimage"},"image":{"@id":"https:\/\/www.dogmasocks.com\/hr\/proizvod\/snow-eater-salmo-lines\/#primaryimage"},"thumbnailUrl":"https:\/\/www.dogmasocks.com\/wp-content\/uploads\/2022\/11\/17_1-1.jpg","datePublished":"2022-11-07T09:28:14+00:00","dateModified":"2022-11-07T09:35:00+00:00","breadcrumb":{"@id":"https:\/\/www.dogmasocks.com\/hr\/proizvod\/snow-eater-salmo-lines\/#breadcrumb"},"inLanguage":"hr","potentialAction":[{"@type":"ReadAction","target":["https:\/\/www.dogmasocks.com\/hr\/proizvod\/snow-eater-salmo-lines\/"]}]},{"@type":"ImageObject","inLanguage":"hr","@id":"https:\/\/www.dogmasocks.com\/hr\/proizvod\/snow-eater-salmo-lines\/#primaryimage","url":"https:\/\/www.dogmasocks.com\/wp-content\/uploads\/2022\/11\/17_1-1.jpg","contentUrl":"https:\/\/www.dogmasocks.com\/wp-content\/uploads\/2022\/11\/17_1-1.jpg","width":1800,"height":1800},{"@type":"BreadcrumbList","@id":"https:\/\/www.dogmasocks.com\/hr\/proizvod\/snow-eater-salmo-lines\/#breadcrumb","itemListElement":[{"@type":"ListItem","position":1,"name":"Home","item":"https:\/\/www.dogmasocks.com\/hr\/"},{"@type":"ListItem","position":2,"name":"Shop","item":"http:\/\/www.dogmasocks.com\/hr\/shop\/"},{"@type":"ListItem","position":3,"name":"Snow Eater Salmo Lines"}]},{"@type":"WebSite","@id":"https:\/\/www.dogmasocks.com\/hr\/#website","url":"https:\/\/www.dogmasocks.com\/hr\/","name":"Dogma Socks","description":"eXtreme design for your feet.","potentialAction":[{"@type":"SearchAction","target":{"@type":"EntryPoint","urlTemplate":"https:\/\/www.dogmasocks.com\/hr\/?s={search_term_string}"},"query-input":{"@type":"PropertyValueSpecification","valueRequired":true,"valueName":"search_term_string"}}],"inLanguage":"hr"}]}},"_links":{"self":[{"href":"https:\/\/www.dogmasocks.com\/hr\/wp-json\/wp\/v2\/product\/1475504","targetHints":{"allow":["GET"]}}],"collection":[{"href":"https:\/\/www.dogmasocks.com\/hr\/wp-json\/wp\/v2\/product"}],"about":[{"href":"https:\/\/www.dogmasocks.com\/hr\/wp-json\/wp\/v2\/types\/product"}],"replies":[{"embeddable":true,"href":"https:\/\/www.dogmasocks.com\/hr\/wp-json\/wp\/v2\/comments?post=1475504"}],"wp:featuredmedia":[{"embeddable":true,"href":"https:\/\/www.dogmasocks.com\/hr\/wp-json\/wp\/v2\/media\/1475508"}],"wp:attachment":[{"href":"https:\/\/www.dogmasocks.com\/hr\/wp-json\/wp\/v2\/media?parent=1475504"}],"wp:term":[{"taxonomy":"product_brand","embeddable":true,"href":"https:\/\/www.dogmasocks.com\/hr\/wp-json\/wp\/v2\/product_brand?post=1475504"},{"taxonomy":"product_cat","embeddable":true,"href":"https:\/\/www.dogmasocks.com\/hr\/wp-json\/wp\/v2\/product_cat?post=1475504"},{"taxonomy":"product_tag","embeddable":true,"href":"https:\/\/www.dogmasocks.com\/hr\/wp-json\/wp\/v2\/product_tag?post=1475504"}],"curies":[{"name":"wp","href":"https:\/\/api.w.org\/{rel}","templated":true}]}}