{"id":1474561,"date":"2022-03-20T17:02:38","date_gmt":"2022-03-20T16:02:40","guid":{"rendered":"https:\/\/www.dogmasocks.com\/?post_type=product&#038;p=1474561"},"modified":"2022-03-20T20:28:02","modified_gmt":"2022-03-20T19:28:02","slug":"mountain-goat-negre-w","status":"publish","type":"product","link":"https:\/\/www.dogmasocks.com\/hr\/proizvod\/mountain-goat-negre-w\/","title":{"rendered":"Mountain Goat Negre W"},"content":{"rendered":"<div class=\"woo_before-summary\">\n<div class=\"woocommerce-product-gallery woocommerce-product-gallery--with-images woocommerce-product-gallery--columns-4 images\" data-columns=\"4\">\n<div class=\"woo_before-summary\">\n<div class=\"woocommerce-product-gallery woocommerce-product-gallery--with-images woocommerce-product-gallery--columns-4 images\" data-columns=\"4\">\n<div class=\"flex-viewport\">Mountain Goat je planinarska \u010darapa dizajnirana za toplije mjesece i vi\u0161lje temperature. Mekana rastezljiva Sara osigurava dobru stabilnost \u010darape bez klizanja.<span class=\"\"><span class=\"\" style=\"color: #171717; font-family: Source Sans Pro, sans-serif;\">\u00a0Brzo su\u0161e\u0107i materijali osiguravaju svje\u017einu stopala dok umetci od merino vune u stopalu slu\u017ee za termoregulaciju. Ojastu\u010dena peta i prsti s ravnim \u0161avom sprje\u010davaju nastanak ru\u017enih \u017euljeva i osiguravaju duge i sretne \u0161etnje u prirodi.<\/span><\/span><\/div>\n<div><\/div>\n<div class=\"flex-viewport\"><strong>TECHNOLOGIJA:<\/strong><\/div>\n<\/div>\n<\/div>\n<ol>\n<li>Savr\u0161en spoj materijala koji se brzo su\u0161e<\/li>\n<li>Umetci od merino vune za termoregulaciju<\/li>\n<li>Lagano ojastu\u010denje u podru\u010dju stopala<\/li>\n<li>Za\u0161tita Ahilove tetive<\/li>\n<li>Zonalno pletivom za ugodniji osje\u0107aj<\/li>\n<li>Ravni \u0161av sprje\u010dava nastanak \u017euljeva<\/li>\n<\/ol>\n<p>&nbsp;<\/p>\n<p><strong>MATERIAL:<\/strong><\/p>\n<ol>\n<li>Funkcionalni poliester 63,5 %<\/li>\n<li>Merino vuna 4,6 %<\/li>\n<li>Elastan 21,4 %<\/li>\n<li>Poliamid 9 ,6%<\/li>\n<\/ol>\n<\/div>\n<\/div>\n<p>&nbsp;<\/p>\n","protected":false},"excerpt":{"rendered":"<p>Mountain Goat je planinarska \u010darapa dizajnirana za toplije mjesece i vi\u0161lje temperature. Mekana rastezljiva Sara osigurava dobru stabilnost \u010darape bez klizanja.<span class=\"\"><span class=\"\" style=\"color: #171717; font-family: Source Sans Pro, sans-serif;\">\u00a0Brzo su\u0161e\u0107i materijali osiguravaju svje\u017einu stopala dok umetci od merino vune u stopalu slu\u017ee za termoregulaciju. Ojastu\u010dena peta i prsti s ravnim \u0161avom sprje\u010davaju nastanak ru\u017enih \u017euljeva i osiguravaju duge i sretne \u0161etnje u prirodi.<\/span><\/span><\/p>\n","protected":false},"featured_media":1474565,"comment_status":"open","ping_status":"closed","template":"","meta":{"_acf_changed":false},"product_brand":[],"product_cat":[827,829],"product_tag":[854,856,894,892,937,899,891,890,882,883,936,909],"class_list":{"0":"post-1474561","1":"product","2":"type-product","3":"status-publish","4":"has-post-thumbnail","6":"product_cat-planinarenje","7":"product_cat-mountain-goat-hr","8":"product_tag-ahilov-stit","9":"product_tag-aircon-tech-hr","10":"product_tag-besavnost","11":"product_tag-carape-za-planinarenje","12":"product_tag-carape-za-trekking","13":"product_tag-merino-vuna","14":"product_tag-planinarenje","15":"product_tag-planinariti","16":"product_tag-podstava","17":"product_tag-tehnologija-pojastucenja","18":"product_tag-trekking-hr","19":"product_tag-vanjski","21":"first","22":"instock","23":"featured","24":"taxable","25":"shipping-taxable","26":"purchasable","27":"product-type-variable"},"acf":[],"yoast_head":"<!-- This site is optimized with the Yoast SEO plugin v24.2 - https:\/\/yoast.com\/wordpress\/plugins\/seo\/ -->\n<title>Mountain Goat Negre W | Dogma Socks - Extreme Design For Your Feet<\/title>\n<meta name=\"robots\" content=\"index, follow, max-snippet:-1, max-image-preview:large, max-video-preview:-1\" \/>\n<link rel=\"canonical\" href=\"https:\/\/www.dogmasocks.com\/hr\/proizvod\/mountain-goat-negre-w\/\" \/>\n<meta property=\"og:locale\" content=\"hr_HR\" \/>\n<meta property=\"og:type\" content=\"article\" \/>\n<meta property=\"og:title\" content=\"Mountain Goat Negre W | Dogma Socks - Extreme Design For Your Feet\" \/>\n<meta property=\"og:description\" content=\"Mountain Goat je planinarska \u010darapa dizajnirana za toplije mjesece i vi\u0161lje temperature. Mekana rastezljiva Sara osigurava dobru stabilnost \u010darape bez klizanja.\u00a0Brzo su\u0161e\u0107i materijali osiguravaju svje\u017einu stopala dok umetci od merino vune u stopalu slu\u017ee za termoregulaciju. Ojastu\u010dena peta i prsti s ravnim \u0161avom sprje\u010davaju nastanak ru\u017enih \u017euljeva i osiguravaju duge i sretne \u0161etnje u prirodi.\" \/>\n<meta property=\"og:url\" content=\"https:\/\/www.dogmasocks.com\/hr\/proizvod\/mountain-goat-negre-w\/\" \/>\n<meta property=\"og:site_name\" content=\"Dogma Socks\" \/>\n<meta property=\"article:publisher\" content=\"https:\/\/www.facebook.com\/dogmasocks\/\" \/>\n<meta property=\"article:modified_time\" content=\"2022-03-20T19:28:02+00:00\" \/>\n<meta property=\"og:image\" content=\"https:\/\/www.dogmasocks.com\/wp-content\/uploads\/2022\/03\/Hike_2_1.jpg\" \/>\n\t<meta property=\"og:image:width\" content=\"1800\" \/>\n\t<meta property=\"og:image:height\" content=\"1800\" \/>\n\t<meta property=\"og:image:type\" content=\"image\/jpeg\" \/>\n<meta name=\"twitter:card\" content=\"summary_large_image\" \/>\n<meta name=\"twitter:label1\" content=\"Procijenjeno vrijeme \u010ditanja\" \/>\n\t<meta name=\"twitter:data1\" content=\"1 minuta\" \/>\n<script type=\"application\/ld+json\" class=\"yoast-schema-graph\">{\"@context\":\"https:\/\/schema.org\",\"@graph\":[{\"@type\":\"WebPage\",\"@id\":\"https:\/\/www.dogmasocks.com\/hr\/proizvod\/mountain-goat-negre-w\/\",\"url\":\"https:\/\/www.dogmasocks.com\/hr\/proizvod\/mountain-goat-negre-w\/\",\"name\":\"Mountain Goat Negre W | Dogma Socks - Extreme Design For Your Feet\",\"isPartOf\":{\"@id\":\"https:\/\/www.dogmasocks.com\/hr\/#website\"},\"primaryImageOfPage\":{\"@id\":\"https:\/\/www.dogmasocks.com\/hr\/proizvod\/mountain-goat-negre-w\/#primaryimage\"},\"image\":{\"@id\":\"https:\/\/www.dogmasocks.com\/hr\/proizvod\/mountain-goat-negre-w\/#primaryimage\"},\"thumbnailUrl\":\"https:\/\/www.dogmasocks.com\/wp-content\/uploads\/2022\/03\/Hike_2_1.jpg\",\"datePublished\":\"2022-03-20T16:02:40+00:00\",\"dateModified\":\"2022-03-20T19:28:02+00:00\",\"breadcrumb\":{\"@id\":\"https:\/\/www.dogmasocks.com\/hr\/proizvod\/mountain-goat-negre-w\/#breadcrumb\"},\"inLanguage\":\"hr\",\"potentialAction\":[{\"@type\":\"ReadAction\",\"target\":[\"https:\/\/www.dogmasocks.com\/hr\/proizvod\/mountain-goat-negre-w\/\"]}]},{\"@type\":\"ImageObject\",\"inLanguage\":\"hr\",\"@id\":\"https:\/\/www.dogmasocks.com\/hr\/proizvod\/mountain-goat-negre-w\/#primaryimage\",\"url\":\"https:\/\/www.dogmasocks.com\/wp-content\/uploads\/2022\/03\/Hike_2_1.jpg\",\"contentUrl\":\"https:\/\/www.dogmasocks.com\/wp-content\/uploads\/2022\/03\/Hike_2_1.jpg\",\"width\":1800,\"height\":1800},{\"@type\":\"BreadcrumbList\",\"@id\":\"https:\/\/www.dogmasocks.com\/hr\/proizvod\/mountain-goat-negre-w\/#breadcrumb\",\"itemListElement\":[{\"@type\":\"ListItem\",\"position\":1,\"name\":\"Home\",\"item\":\"https:\/\/www.dogmasocks.com\/hr\/\"},{\"@type\":\"ListItem\",\"position\":2,\"name\":\"Shop\",\"item\":\"http:\/\/www.dogmasocks.com\/hr\/shop\/\"},{\"@type\":\"ListItem\",\"position\":3,\"name\":\"Mountain Goat Negre W\"}]},{\"@type\":\"WebSite\",\"@id\":\"https:\/\/www.dogmasocks.com\/hr\/#website\",\"url\":\"https:\/\/www.dogmasocks.com\/hr\/\",\"name\":\"Dogma Socks\",\"description\":\"eXtreme design for your feet.\",\"potentialAction\":[{\"@type\":\"SearchAction\",\"target\":{\"@type\":\"EntryPoint\",\"urlTemplate\":\"https:\/\/www.dogmasocks.com\/hr\/?s={search_term_string}\"},\"query-input\":{\"@type\":\"PropertyValueSpecification\",\"valueRequired\":true,\"valueName\":\"search_term_string\"}}],\"inLanguage\":\"hr\"}]}<\/script>\n<!-- \/ Yoast SEO plugin. -->","yoast_head_json":{"title":"Mountain Goat Negre W | Dogma Socks - Extreme Design For Your Feet","robots":{"index":"index","follow":"follow","max-snippet":"max-snippet:-1","max-image-preview":"max-image-preview:large","max-video-preview":"max-video-preview:-1"},"canonical":"https:\/\/www.dogmasocks.com\/hr\/proizvod\/mountain-goat-negre-w\/","og_locale":"hr_HR","og_type":"article","og_title":"Mountain Goat Negre W | Dogma Socks - Extreme Design For Your Feet","og_description":"Mountain Goat je planinarska \u010darapa dizajnirana za toplije mjesece i vi\u0161lje temperature. Mekana rastezljiva Sara osigurava dobru stabilnost \u010darape bez klizanja.\u00a0Brzo su\u0161e\u0107i materijali osiguravaju svje\u017einu stopala dok umetci od merino vune u stopalu slu\u017ee za termoregulaciju. Ojastu\u010dena peta i prsti s ravnim \u0161avom sprje\u010davaju nastanak ru\u017enih \u017euljeva i osiguravaju duge i sretne \u0161etnje u prirodi.","og_url":"https:\/\/www.dogmasocks.com\/hr\/proizvod\/mountain-goat-negre-w\/","og_site_name":"Dogma Socks","article_publisher":"https:\/\/www.facebook.com\/dogmasocks\/","article_modified_time":"2022-03-20T19:28:02+00:00","og_image":[{"width":1800,"height":1800,"url":"https:\/\/www.dogmasocks.com\/wp-content\/uploads\/2022\/03\/Hike_2_1.jpg","type":"image\/jpeg"}],"twitter_card":"summary_large_image","twitter_misc":{"Procijenjeno vrijeme \u010ditanja":"1 minuta"},"schema":{"@context":"https:\/\/schema.org","@graph":[{"@type":"WebPage","@id":"https:\/\/www.dogmasocks.com\/hr\/proizvod\/mountain-goat-negre-w\/","url":"https:\/\/www.dogmasocks.com\/hr\/proizvod\/mountain-goat-negre-w\/","name":"Mountain Goat Negre W | Dogma Socks - Extreme Design For Your Feet","isPartOf":{"@id":"https:\/\/www.dogmasocks.com\/hr\/#website"},"primaryImageOfPage":{"@id":"https:\/\/www.dogmasocks.com\/hr\/proizvod\/mountain-goat-negre-w\/#primaryimage"},"image":{"@id":"https:\/\/www.dogmasocks.com\/hr\/proizvod\/mountain-goat-negre-w\/#primaryimage"},"thumbnailUrl":"https:\/\/www.dogmasocks.com\/wp-content\/uploads\/2022\/03\/Hike_2_1.jpg","datePublished":"2022-03-20T16:02:40+00:00","dateModified":"2022-03-20T19:28:02+00:00","breadcrumb":{"@id":"https:\/\/www.dogmasocks.com\/hr\/proizvod\/mountain-goat-negre-w\/#breadcrumb"},"inLanguage":"hr","potentialAction":[{"@type":"ReadAction","target":["https:\/\/www.dogmasocks.com\/hr\/proizvod\/mountain-goat-negre-w\/"]}]},{"@type":"ImageObject","inLanguage":"hr","@id":"https:\/\/www.dogmasocks.com\/hr\/proizvod\/mountain-goat-negre-w\/#primaryimage","url":"https:\/\/www.dogmasocks.com\/wp-content\/uploads\/2022\/03\/Hike_2_1.jpg","contentUrl":"https:\/\/www.dogmasocks.com\/wp-content\/uploads\/2022\/03\/Hike_2_1.jpg","width":1800,"height":1800},{"@type":"BreadcrumbList","@id":"https:\/\/www.dogmasocks.com\/hr\/proizvod\/mountain-goat-negre-w\/#breadcrumb","itemListElement":[{"@type":"ListItem","position":1,"name":"Home","item":"https:\/\/www.dogmasocks.com\/hr\/"},{"@type":"ListItem","position":2,"name":"Shop","item":"http:\/\/www.dogmasocks.com\/hr\/shop\/"},{"@type":"ListItem","position":3,"name":"Mountain Goat Negre W"}]},{"@type":"WebSite","@id":"https:\/\/www.dogmasocks.com\/hr\/#website","url":"https:\/\/www.dogmasocks.com\/hr\/","name":"Dogma Socks","description":"eXtreme design for your feet.","potentialAction":[{"@type":"SearchAction","target":{"@type":"EntryPoint","urlTemplate":"https:\/\/www.dogmasocks.com\/hr\/?s={search_term_string}"},"query-input":{"@type":"PropertyValueSpecification","valueRequired":true,"valueName":"search_term_string"}}],"inLanguage":"hr"}]}},"_links":{"self":[{"href":"https:\/\/www.dogmasocks.com\/hr\/wp-json\/wp\/v2\/product\/1474561","targetHints":{"allow":["GET"]}}],"collection":[{"href":"https:\/\/www.dogmasocks.com\/hr\/wp-json\/wp\/v2\/product"}],"about":[{"href":"https:\/\/www.dogmasocks.com\/hr\/wp-json\/wp\/v2\/types\/product"}],"replies":[{"embeddable":true,"href":"https:\/\/www.dogmasocks.com\/hr\/wp-json\/wp\/v2\/comments?post=1474561"}],"wp:featuredmedia":[{"embeddable":true,"href":"https:\/\/www.dogmasocks.com\/hr\/wp-json\/wp\/v2\/media\/1474565"}],"wp:attachment":[{"href":"https:\/\/www.dogmasocks.com\/hr\/wp-json\/wp\/v2\/media?parent=1474561"}],"wp:term":[{"taxonomy":"product_brand","embeddable":true,"href":"https:\/\/www.dogmasocks.com\/hr\/wp-json\/wp\/v2\/product_brand?post=1474561"},{"taxonomy":"product_cat","embeddable":true,"href":"https:\/\/www.dogmasocks.com\/hr\/wp-json\/wp\/v2\/product_cat?post=1474561"},{"taxonomy":"product_tag","embeddable":true,"href":"https:\/\/www.dogmasocks.com\/hr\/wp-json\/wp\/v2\/product_tag?post=1474561"}],"curies":[{"name":"wp","href":"https:\/\/api.w.org\/{rel}","templated":true}]}}