{"id":1474472,"date":"2022-03-20T16:37:55","date_gmt":"2022-03-20T15:37:57","guid":{"rendered":"https:\/\/www.dogmasocks.com\/?post_type=product&#038;p=1474472"},"modified":"2022-03-20T16:42:00","modified_gmt":"2022-03-20T15:42:00","slug":"rider-salmo","status":"publish","type":"product","link":"https:\/\/www.dogmasocks.com\/hr\/proizvod\/rider-salmo\/","title":{"rendered":"Rider Salmo"},"content":{"rendered":"<div class=\"\">\n<div class=\"\">Rider je tehni\u010dka \u010darapa napravljena za sve ljubitelje biciklizma od MTB-a do cestovnih fanatika.<\/div>\n<div class=\"\">Ostanite ventilirani uz pomo\u0107 zra\u010dnih kanali\u0107a i suhi uz pomo\u0107 tehni\u010dkog brzo su\u0161e\u0107eg materijala.<\/div>\n<div class=\"\">Ova \u010darapa \u0107e ostati na mjestu i za vrijeme najve\u0107ih skokova u biciklisti\u010dkom parku zato \u0161to sock-lock duo tehnologija sprje\u010dava pomake i klizanje \u010darape.<\/div>\n<div class=\"\">U\u017eivajte u vo\u017enji!<\/div>\n<p><strong>TEHNOLOGIJA:<\/strong><\/p>\n<\/div>\n<ol>\n<li>Mre\u017easto tehni\u010dko vlako koje se brzo su\u0161i<\/li>\n<li>Tanko pletivo omogu\u0107uje direktni prijenos energije sa stopala na pedale<\/li>\n<li>Veliki zra\u010dni kanali u zoni stopala osiguravaju ventilaciju i svje\u017einu<\/li>\n<li>Ravni \u0161av sprje\u010dava nasztanak \u017euljev<\/li>\n<li>Ravni \u0161av sprje\u010dava nasztanak \u017euljeva<\/li>\n<li>Sock-lock duo tehnologija sprje\u010dava pomicanje \u010darape<\/li>\n<\/ol>\n<p><strong>SASTAV:<\/strong><\/p>\n<ol>\n<li>\n<div class=\"\">Tehni\u010dki poliester: 75 %<\/div>\n<\/li>\n<li>\n<div class=\"\">Poliamid 2,9 %<\/div>\n<\/li>\n<li>\n<div class=\"\">Elastan: 22,1%<\/div>\n<\/li>\n<\/ol>\n<p>&nbsp;<\/p>\n<p>&nbsp;<\/p>\n","protected":false},"excerpt":{"rendered":"<div class=\"\">Rider je tehni\u010dka \u010darapa napravljena za sve ljubitelje biciklizma od MTB-a do cestovnih fanatika.<\/div>\n<div class=\"\">Ostanite ventilirani uz pomo\u0107 zra\u010dnih kanali\u0107a i suhi uz pomo\u0107 tehni\u010dkog brzo su\u0161e\u0107eg materijala.<\/div>\n<div class=\"\">Ova \u010darapa \u0107e ostati na mjestu i za vrijeme najve\u0107ih skokova u biciklisti\u010dkom parku zato \u0161to sock-lock duo tehnologija sprje\u010dava pomake i klizanje \u010darape.<\/div>\n<div class=\"\">U\u017eivajte u vo\u017enji!<\/div>\n","protected":false},"featured_media":1474477,"comment_status":"open","ping_status":"closed","template":"","meta":{"_acf_changed":false},"product_brand":[],"product_cat":[823,824,826],"product_tag":[867,929,900,926,934,942,884],"class_list":{"0":"post-1474472","1":"product","2":"type-product","3":"status-publish","4":"has-post-thumbnail","6":"product_cat-carape","7":"product_cat-bicikliranje","8":"product_cat-rider-hr","9":"product_tag-bicikliranje","10":"product_tag-ljeto","11":"product_tag-mrezasti-umetak","12":"product_tag-sock-lock-duo-hr","13":"product_tag-tanko","14":"product_tag-ventilacijski-kanali","15":"product_tag-voznja-bicikla","17":"first","18":"instock","19":"featured","20":"taxable","21":"shipping-taxable","22":"purchasable","23":"product-type-variable"},"acf":[],"yoast_head":"<!-- This site is optimized with the Yoast SEO plugin v24.2 - https:\/\/yoast.com\/wordpress\/plugins\/seo\/ -->\n<title>Rider Salmo | Dogma Socks - Extreme Design For Your Feet<\/title>\n<meta name=\"robots\" content=\"index, follow, max-snippet:-1, max-image-preview:large, max-video-preview:-1\" \/>\n<link rel=\"canonical\" href=\"https:\/\/www.dogmasocks.com\/hr\/proizvod\/rider-salmo\/\" \/>\n<meta property=\"og:locale\" content=\"hr_HR\" \/>\n<meta property=\"og:type\" content=\"article\" \/>\n<meta property=\"og:title\" content=\"Rider Salmo | Dogma Socks - Extreme Design For Your Feet\" \/>\n<meta property=\"og:description\" content=\"Rider je tehni\u010dka \u010darapa napravljena za sve ljubitelje biciklizma od MTB-a do cestovnih fanatika. Ostanite ventilirani uz pomo\u0107 zra\u010dnih kanali\u0107a i suhi uz pomo\u0107 tehni\u010dkog brzo su\u0161e\u0107eg materijala. Ova \u010darapa \u0107e ostati na mjestu i za vrijeme najve\u0107ih skokova u biciklisti\u010dkom parku zato \u0161to sock-lock duo tehnologija sprje\u010dava pomake i klizanje \u010darape. U\u017eivajte u vo\u017enji!\" \/>\n<meta property=\"og:url\" content=\"https:\/\/www.dogmasocks.com\/hr\/proizvod\/rider-salmo\/\" \/>\n<meta property=\"og:site_name\" content=\"Dogma Socks\" \/>\n<meta property=\"article:publisher\" content=\"https:\/\/www.facebook.com\/dogmasocks\/\" \/>\n<meta property=\"article:modified_time\" content=\"2022-03-20T15:42:00+00:00\" \/>\n<meta property=\"og:image\" content=\"https:\/\/www.dogmasocks.com\/wp-content\/uploads\/2022\/03\/Bike_1_1.jpg\" \/>\n\t<meta property=\"og:image:width\" content=\"1800\" \/>\n\t<meta property=\"og:image:height\" content=\"1800\" \/>\n\t<meta property=\"og:image:type\" content=\"image\/jpeg\" \/>\n<meta name=\"twitter:card\" content=\"summary_large_image\" \/>\n<meta name=\"twitter:label1\" content=\"Procijenjeno vrijeme \u010ditanja\" \/>\n\t<meta name=\"twitter:data1\" content=\"1 minuta\" \/>\n<script type=\"application\/ld+json\" class=\"yoast-schema-graph\">{\"@context\":\"https:\/\/schema.org\",\"@graph\":[{\"@type\":\"WebPage\",\"@id\":\"https:\/\/www.dogmasocks.com\/hr\/proizvod\/rider-salmo\/\",\"url\":\"https:\/\/www.dogmasocks.com\/hr\/proizvod\/rider-salmo\/\",\"name\":\"Rider Salmo | Dogma Socks - Extreme Design For Your Feet\",\"isPartOf\":{\"@id\":\"https:\/\/www.dogmasocks.com\/hr\/#website\"},\"primaryImageOfPage\":{\"@id\":\"https:\/\/www.dogmasocks.com\/hr\/proizvod\/rider-salmo\/#primaryimage\"},\"image\":{\"@id\":\"https:\/\/www.dogmasocks.com\/hr\/proizvod\/rider-salmo\/#primaryimage\"},\"thumbnailUrl\":\"https:\/\/www.dogmasocks.com\/wp-content\/uploads\/2022\/03\/Bike_1_1.jpg\",\"datePublished\":\"2022-03-20T15:37:57+00:00\",\"dateModified\":\"2022-03-20T15:42:00+00:00\",\"breadcrumb\":{\"@id\":\"https:\/\/www.dogmasocks.com\/hr\/proizvod\/rider-salmo\/#breadcrumb\"},\"inLanguage\":\"hr\",\"potentialAction\":[{\"@type\":\"ReadAction\",\"target\":[\"https:\/\/www.dogmasocks.com\/hr\/proizvod\/rider-salmo\/\"]}]},{\"@type\":\"ImageObject\",\"inLanguage\":\"hr\",\"@id\":\"https:\/\/www.dogmasocks.com\/hr\/proizvod\/rider-salmo\/#primaryimage\",\"url\":\"https:\/\/www.dogmasocks.com\/wp-content\/uploads\/2022\/03\/Bike_1_1.jpg\",\"contentUrl\":\"https:\/\/www.dogmasocks.com\/wp-content\/uploads\/2022\/03\/Bike_1_1.jpg\",\"width\":1800,\"height\":1800},{\"@type\":\"BreadcrumbList\",\"@id\":\"https:\/\/www.dogmasocks.com\/hr\/proizvod\/rider-salmo\/#breadcrumb\",\"itemListElement\":[{\"@type\":\"ListItem\",\"position\":1,\"name\":\"Home\",\"item\":\"https:\/\/www.dogmasocks.com\/hr\/\"},{\"@type\":\"ListItem\",\"position\":2,\"name\":\"Shop\",\"item\":\"http:\/\/www.dogmasocks.com\/hr\/shop\/\"},{\"@type\":\"ListItem\",\"position\":3,\"name\":\"Rider Salmo\"}]},{\"@type\":\"WebSite\",\"@id\":\"https:\/\/www.dogmasocks.com\/hr\/#website\",\"url\":\"https:\/\/www.dogmasocks.com\/hr\/\",\"name\":\"Dogma Socks\",\"description\":\"eXtreme design for your feet.\",\"potentialAction\":[{\"@type\":\"SearchAction\",\"target\":{\"@type\":\"EntryPoint\",\"urlTemplate\":\"https:\/\/www.dogmasocks.com\/hr\/?s={search_term_string}\"},\"query-input\":{\"@type\":\"PropertyValueSpecification\",\"valueRequired\":true,\"valueName\":\"search_term_string\"}}],\"inLanguage\":\"hr\"}]}<\/script>\n<!-- \/ Yoast SEO plugin. -->","yoast_head_json":{"title":"Rider Salmo | Dogma Socks - Extreme Design For Your Feet","robots":{"index":"index","follow":"follow","max-snippet":"max-snippet:-1","max-image-preview":"max-image-preview:large","max-video-preview":"max-video-preview:-1"},"canonical":"https:\/\/www.dogmasocks.com\/hr\/proizvod\/rider-salmo\/","og_locale":"hr_HR","og_type":"article","og_title":"Rider Salmo | Dogma Socks - Extreme Design For Your Feet","og_description":"Rider je tehni\u010dka \u010darapa napravljena za sve ljubitelje biciklizma od MTB-a do cestovnih fanatika. Ostanite ventilirani uz pomo\u0107 zra\u010dnih kanali\u0107a i suhi uz pomo\u0107 tehni\u010dkog brzo su\u0161e\u0107eg materijala. Ova \u010darapa \u0107e ostati na mjestu i za vrijeme najve\u0107ih skokova u biciklisti\u010dkom parku zato \u0161to sock-lock duo tehnologija sprje\u010dava pomake i klizanje \u010darape. U\u017eivajte u vo\u017enji!","og_url":"https:\/\/www.dogmasocks.com\/hr\/proizvod\/rider-salmo\/","og_site_name":"Dogma Socks","article_publisher":"https:\/\/www.facebook.com\/dogmasocks\/","article_modified_time":"2022-03-20T15:42:00+00:00","og_image":[{"width":1800,"height":1800,"url":"https:\/\/www.dogmasocks.com\/wp-content\/uploads\/2022\/03\/Bike_1_1.jpg","type":"image\/jpeg"}],"twitter_card":"summary_large_image","twitter_misc":{"Procijenjeno vrijeme \u010ditanja":"1 minuta"},"schema":{"@context":"https:\/\/schema.org","@graph":[{"@type":"WebPage","@id":"https:\/\/www.dogmasocks.com\/hr\/proizvod\/rider-salmo\/","url":"https:\/\/www.dogmasocks.com\/hr\/proizvod\/rider-salmo\/","name":"Rider Salmo | Dogma Socks - Extreme Design For Your Feet","isPartOf":{"@id":"https:\/\/www.dogmasocks.com\/hr\/#website"},"primaryImageOfPage":{"@id":"https:\/\/www.dogmasocks.com\/hr\/proizvod\/rider-salmo\/#primaryimage"},"image":{"@id":"https:\/\/www.dogmasocks.com\/hr\/proizvod\/rider-salmo\/#primaryimage"},"thumbnailUrl":"https:\/\/www.dogmasocks.com\/wp-content\/uploads\/2022\/03\/Bike_1_1.jpg","datePublished":"2022-03-20T15:37:57+00:00","dateModified":"2022-03-20T15:42:00+00:00","breadcrumb":{"@id":"https:\/\/www.dogmasocks.com\/hr\/proizvod\/rider-salmo\/#breadcrumb"},"inLanguage":"hr","potentialAction":[{"@type":"ReadAction","target":["https:\/\/www.dogmasocks.com\/hr\/proizvod\/rider-salmo\/"]}]},{"@type":"ImageObject","inLanguage":"hr","@id":"https:\/\/www.dogmasocks.com\/hr\/proizvod\/rider-salmo\/#primaryimage","url":"https:\/\/www.dogmasocks.com\/wp-content\/uploads\/2022\/03\/Bike_1_1.jpg","contentUrl":"https:\/\/www.dogmasocks.com\/wp-content\/uploads\/2022\/03\/Bike_1_1.jpg","width":1800,"height":1800},{"@type":"BreadcrumbList","@id":"https:\/\/www.dogmasocks.com\/hr\/proizvod\/rider-salmo\/#breadcrumb","itemListElement":[{"@type":"ListItem","position":1,"name":"Home","item":"https:\/\/www.dogmasocks.com\/hr\/"},{"@type":"ListItem","position":2,"name":"Shop","item":"http:\/\/www.dogmasocks.com\/hr\/shop\/"},{"@type":"ListItem","position":3,"name":"Rider Salmo"}]},{"@type":"WebSite","@id":"https:\/\/www.dogmasocks.com\/hr\/#website","url":"https:\/\/www.dogmasocks.com\/hr\/","name":"Dogma Socks","description":"eXtreme design for your feet.","potentialAction":[{"@type":"SearchAction","target":{"@type":"EntryPoint","urlTemplate":"https:\/\/www.dogmasocks.com\/hr\/?s={search_term_string}"},"query-input":{"@type":"PropertyValueSpecification","valueRequired":true,"valueName":"search_term_string"}}],"inLanguage":"hr"}]}},"_links":{"self":[{"href":"https:\/\/www.dogmasocks.com\/hr\/wp-json\/wp\/v2\/product\/1474472","targetHints":{"allow":["GET"]}}],"collection":[{"href":"https:\/\/www.dogmasocks.com\/hr\/wp-json\/wp\/v2\/product"}],"about":[{"href":"https:\/\/www.dogmasocks.com\/hr\/wp-json\/wp\/v2\/types\/product"}],"replies":[{"embeddable":true,"href":"https:\/\/www.dogmasocks.com\/hr\/wp-json\/wp\/v2\/comments?post=1474472"}],"wp:featuredmedia":[{"embeddable":true,"href":"https:\/\/www.dogmasocks.com\/hr\/wp-json\/wp\/v2\/media\/1474477"}],"wp:attachment":[{"href":"https:\/\/www.dogmasocks.com\/hr\/wp-json\/wp\/v2\/media?parent=1474472"}],"wp:term":[{"taxonomy":"product_brand","embeddable":true,"href":"https:\/\/www.dogmasocks.com\/hr\/wp-json\/wp\/v2\/product_brand?post=1474472"},{"taxonomy":"product_cat","embeddable":true,"href":"https:\/\/www.dogmasocks.com\/hr\/wp-json\/wp\/v2\/product_cat?post=1474472"},{"taxonomy":"product_tag","embeddable":true,"href":"https:\/\/www.dogmasocks.com\/hr\/wp-json\/wp\/v2\/product_tag?post=1474472"}],"curies":[{"name":"wp","href":"https:\/\/api.w.org\/{rel}","templated":true}]}}