{"id":1474234,"date":"2022-12-12T23:09:40","date_gmt":"2021-11-25T22:09:41","guid":{"rendered":"https:\/\/www.dogmasocks.com\/?post_type=product&#038;p=1474234"},"modified":"2022-12-13T11:33:47","modified_gmt":"2022-12-13T10:33:47","slug":"merino-kapa-violet","status":"publish","type":"product","link":"https:\/\/www.dogmasocks.com\/hr\/proizvod\/merino-kapa-violet\/","title":{"rendered":"Merino kapa violet"},"content":{"rendered":"<div id=\"x46286bb1bc9e48d\">\n<div class=\"\">\n<div class=\"\">\n<p><span class=\"Y2IQFc\" lang=\"hr\">Kapa od merino vune za sve va\u0161e aktivnosti na otvorenom. Koristite ju za skijanje, snowboard, vo\u017enju biciklom, planinarenje ili za le\u017eernu \u0161etnju gradom. Mekana i prozra\u010dna od super fine merino vune i polipropilena, ova kapa sprije\u010dit \u0107e nakupljanje topline i prenijeti vlagu s ko\u017ee.<\/span><\/p>\n<p><strong>\u00a0 \u00a0 \u00a0 \u00a0 \u00a0 TEHNOLOGIJA: <\/strong><\/p>\n<ul>\n<li><span class=\"Y2IQFc\" lang=\"hr\">dupli sloj <\/span><\/li>\n<li><span class=\"Y2IQFc\" lang=\"hr\">mekana i prozra\u010dna <\/span><\/li>\n<li><span class=\"Y2IQFc\" lang=\"hr\">brzo se su\u0161i <\/span><\/li>\n<li><span class=\"Y2IQFc\" lang=\"hr\">ne svrbi <\/span><\/li>\n<li><span class=\"Y2IQFc\" lang=\"hr\"><span class=\"Y2IQFc\" lang=\"hr\">prirodna antibakterijska svojstva merino vune<\/span><\/span><strong>MATERIJAL<\/strong>:<\/li>\n<li><span class=\"Y2IQFc\" lang=\"hr\">60% merino vuna <\/span><\/li>\n<li><span class=\"Y2IQFc\" lang=\"hr\">40% polipropilen<\/span><\/li>\n<\/ul>\n<\/div>\n<\/div>\n<\/div>\n","protected":false},"excerpt":{"rendered":"<div class=\"\"><span class=\"Y2IQFc\" lang=\"hr\">Kapa od merino vune za sve va\u0161e aktivnosti na otvorenom. Koristite ju za skijanje, snowboard, vo\u017enju biciklom, planinarenje ili za le\u017eernu \u0161etnju gradom. Mekana i prozra\u010dna od super fine merino vune i polipropilena, ova kapa sprije\u010dit \u0107e nakupljanje topline i prenijeti vlagu s ko\u017ee. <\/span><\/div>\n","protected":false},"featured_media":1475680,"comment_status":"closed","ping_status":"closed","template":"","meta":{"_acf_changed":false},"product_brand":[],"product_cat":[827,840,813,815],"product_tag":[852,874,866,899,891,920,922,909,884],"class_list":{"0":"post-1474234","1":"product","2":"type-product","3":"status-publish","4":"has-post-thumbnail","6":"product_cat-planinarenje","7":"product_cat-zimski-sportovi","8":"product_cat-dodaci","9":"product_cat-zimske-kapice","10":"product_tag-dodaci-hr","11":"product_tag-kapa","12":"product_tag-kapica","13":"product_tag-merino-vuna","14":"product_tag-planinarenje","15":"product_tag-snijeg","16":"product_tag-snowboardanje","17":"product_tag-vanjski","18":"product_tag-voznja-bicikla","20":"first","21":"instock","22":"featured","23":"taxable","24":"shipping-taxable","25":"purchasable","26":"product-type-variable"},"acf":[],"yoast_head":"<!-- This site is optimized with the Yoast SEO plugin v24.2 - https:\/\/yoast.com\/wordpress\/plugins\/seo\/ -->\n<title>Merino kapa violet | Dogma Socks - Extreme Design For Your Feet<\/title>\n<meta name=\"robots\" content=\"index, follow, max-snippet:-1, max-image-preview:large, max-video-preview:-1\" \/>\n<link rel=\"canonical\" href=\"https:\/\/www.dogmasocks.com\/hr\/proizvod\/merino-kapa-violet\/\" \/>\n<meta property=\"og:locale\" content=\"hr_HR\" \/>\n<meta property=\"og:type\" content=\"article\" \/>\n<meta property=\"og:title\" content=\"Merino kapa violet | Dogma Socks - Extreme Design For Your Feet\" \/>\n<meta property=\"og:description\" content=\"Kapa od merino vune za sve va\u0161e aktivnosti na otvorenom. Koristite ju za skijanje, snowboard, vo\u017enju biciklom, planinarenje ili za le\u017eernu \u0161etnju gradom. Mekana i prozra\u010dna od super fine merino vune i polipropilena, ova kapa sprije\u010dit \u0107e nakupljanje topline i prenijeti vlagu s ko\u017ee.\" \/>\n<meta property=\"og:url\" content=\"https:\/\/www.dogmasocks.com\/hr\/proizvod\/merino-kapa-violet\/\" \/>\n<meta property=\"og:site_name\" content=\"Dogma Socks\" \/>\n<meta property=\"article:publisher\" content=\"https:\/\/www.facebook.com\/dogmasocks\/\" \/>\n<meta property=\"article:modified_time\" content=\"2022-12-13T10:33:47+00:00\" \/>\n<meta property=\"og:image\" content=\"https:\/\/www.dogmasocks.com\/wp-content\/uploads\/2021\/11\/Dogma-beanie-violet.jpg\" \/>\n\t<meta property=\"og:image:width\" content=\"1960\" \/>\n\t<meta property=\"og:image:height\" content=\"1960\" \/>\n\t<meta property=\"og:image:type\" content=\"image\/jpeg\" \/>\n<meta name=\"twitter:card\" content=\"summary_large_image\" \/>\n<meta name=\"twitter:label1\" content=\"Procijenjeno vrijeme \u010ditanja\" \/>\n\t<meta name=\"twitter:data1\" content=\"1 minuta\" \/>\n<script type=\"application\/ld+json\" class=\"yoast-schema-graph\">{\"@context\":\"https:\/\/schema.org\",\"@graph\":[{\"@type\":\"WebPage\",\"@id\":\"https:\/\/www.dogmasocks.com\/hr\/proizvod\/merino-kapa-violet\/\",\"url\":\"https:\/\/www.dogmasocks.com\/hr\/proizvod\/merino-kapa-violet\/\",\"name\":\"Merino kapa violet | Dogma Socks - Extreme Design For Your Feet\",\"isPartOf\":{\"@id\":\"https:\/\/www.dogmasocks.com\/hr\/#website\"},\"primaryImageOfPage\":{\"@id\":\"https:\/\/www.dogmasocks.com\/hr\/proizvod\/merino-kapa-violet\/#primaryimage\"},\"image\":{\"@id\":\"https:\/\/www.dogmasocks.com\/hr\/proizvod\/merino-kapa-violet\/#primaryimage\"},\"thumbnailUrl\":\"https:\/\/www.dogmasocks.com\/wp-content\/uploads\/2021\/11\/Dogma-beanie-violet.jpg\",\"datePublished\":\"2021-11-25T22:09:41+00:00\",\"dateModified\":\"2022-12-13T10:33:47+00:00\",\"breadcrumb\":{\"@id\":\"https:\/\/www.dogmasocks.com\/hr\/proizvod\/merino-kapa-violet\/#breadcrumb\"},\"inLanguage\":\"hr\",\"potentialAction\":[{\"@type\":\"ReadAction\",\"target\":[\"https:\/\/www.dogmasocks.com\/hr\/proizvod\/merino-kapa-violet\/\"]}]},{\"@type\":\"ImageObject\",\"inLanguage\":\"hr\",\"@id\":\"https:\/\/www.dogmasocks.com\/hr\/proizvod\/merino-kapa-violet\/#primaryimage\",\"url\":\"https:\/\/www.dogmasocks.com\/wp-content\/uploads\/2021\/11\/Dogma-beanie-violet.jpg\",\"contentUrl\":\"https:\/\/www.dogmasocks.com\/wp-content\/uploads\/2021\/11\/Dogma-beanie-violet.jpg\",\"width\":1960,\"height\":1960},{\"@type\":\"BreadcrumbList\",\"@id\":\"https:\/\/www.dogmasocks.com\/hr\/proizvod\/merino-kapa-violet\/#breadcrumb\",\"itemListElement\":[{\"@type\":\"ListItem\",\"position\":1,\"name\":\"Home\",\"item\":\"https:\/\/www.dogmasocks.com\/hr\/\"},{\"@type\":\"ListItem\",\"position\":2,\"name\":\"Shop\",\"item\":\"http:\/\/www.dogmasocks.com\/hr\/shop\/\"},{\"@type\":\"ListItem\",\"position\":3,\"name\":\"Merino kapa violet\"}]},{\"@type\":\"WebSite\",\"@id\":\"https:\/\/www.dogmasocks.com\/hr\/#website\",\"url\":\"https:\/\/www.dogmasocks.com\/hr\/\",\"name\":\"Dogma Socks\",\"description\":\"eXtreme design for your feet.\",\"potentialAction\":[{\"@type\":\"SearchAction\",\"target\":{\"@type\":\"EntryPoint\",\"urlTemplate\":\"https:\/\/www.dogmasocks.com\/hr\/?s={search_term_string}\"},\"query-input\":{\"@type\":\"PropertyValueSpecification\",\"valueRequired\":true,\"valueName\":\"search_term_string\"}}],\"inLanguage\":\"hr\"}]}<\/script>\n<!-- \/ Yoast SEO plugin. -->","yoast_head_json":{"title":"Merino kapa violet | Dogma Socks - Extreme Design For Your Feet","robots":{"index":"index","follow":"follow","max-snippet":"max-snippet:-1","max-image-preview":"max-image-preview:large","max-video-preview":"max-video-preview:-1"},"canonical":"https:\/\/www.dogmasocks.com\/hr\/proizvod\/merino-kapa-violet\/","og_locale":"hr_HR","og_type":"article","og_title":"Merino kapa violet | Dogma Socks - Extreme Design For Your Feet","og_description":"Kapa od merino vune za sve va\u0161e aktivnosti na otvorenom. Koristite ju za skijanje, snowboard, vo\u017enju biciklom, planinarenje ili za le\u017eernu \u0161etnju gradom. Mekana i prozra\u010dna od super fine merino vune i polipropilena, ova kapa sprije\u010dit \u0107e nakupljanje topline i prenijeti vlagu s ko\u017ee.","og_url":"https:\/\/www.dogmasocks.com\/hr\/proizvod\/merino-kapa-violet\/","og_site_name":"Dogma Socks","article_publisher":"https:\/\/www.facebook.com\/dogmasocks\/","article_modified_time":"2022-12-13T10:33:47+00:00","og_image":[{"width":1960,"height":1960,"url":"https:\/\/www.dogmasocks.com\/wp-content\/uploads\/2021\/11\/Dogma-beanie-violet.jpg","type":"image\/jpeg"}],"twitter_card":"summary_large_image","twitter_misc":{"Procijenjeno vrijeme \u010ditanja":"1 minuta"},"schema":{"@context":"https:\/\/schema.org","@graph":[{"@type":"WebPage","@id":"https:\/\/www.dogmasocks.com\/hr\/proizvod\/merino-kapa-violet\/","url":"https:\/\/www.dogmasocks.com\/hr\/proizvod\/merino-kapa-violet\/","name":"Merino kapa violet | Dogma Socks - Extreme Design For Your Feet","isPartOf":{"@id":"https:\/\/www.dogmasocks.com\/hr\/#website"},"primaryImageOfPage":{"@id":"https:\/\/www.dogmasocks.com\/hr\/proizvod\/merino-kapa-violet\/#primaryimage"},"image":{"@id":"https:\/\/www.dogmasocks.com\/hr\/proizvod\/merino-kapa-violet\/#primaryimage"},"thumbnailUrl":"https:\/\/www.dogmasocks.com\/wp-content\/uploads\/2021\/11\/Dogma-beanie-violet.jpg","datePublished":"2021-11-25T22:09:41+00:00","dateModified":"2022-12-13T10:33:47+00:00","breadcrumb":{"@id":"https:\/\/www.dogmasocks.com\/hr\/proizvod\/merino-kapa-violet\/#breadcrumb"},"inLanguage":"hr","potentialAction":[{"@type":"ReadAction","target":["https:\/\/www.dogmasocks.com\/hr\/proizvod\/merino-kapa-violet\/"]}]},{"@type":"ImageObject","inLanguage":"hr","@id":"https:\/\/www.dogmasocks.com\/hr\/proizvod\/merino-kapa-violet\/#primaryimage","url":"https:\/\/www.dogmasocks.com\/wp-content\/uploads\/2021\/11\/Dogma-beanie-violet.jpg","contentUrl":"https:\/\/www.dogmasocks.com\/wp-content\/uploads\/2021\/11\/Dogma-beanie-violet.jpg","width":1960,"height":1960},{"@type":"BreadcrumbList","@id":"https:\/\/www.dogmasocks.com\/hr\/proizvod\/merino-kapa-violet\/#breadcrumb","itemListElement":[{"@type":"ListItem","position":1,"name":"Home","item":"https:\/\/www.dogmasocks.com\/hr\/"},{"@type":"ListItem","position":2,"name":"Shop","item":"http:\/\/www.dogmasocks.com\/hr\/shop\/"},{"@type":"ListItem","position":3,"name":"Merino kapa violet"}]},{"@type":"WebSite","@id":"https:\/\/www.dogmasocks.com\/hr\/#website","url":"https:\/\/www.dogmasocks.com\/hr\/","name":"Dogma Socks","description":"eXtreme design for your feet.","potentialAction":[{"@type":"SearchAction","target":{"@type":"EntryPoint","urlTemplate":"https:\/\/www.dogmasocks.com\/hr\/?s={search_term_string}"},"query-input":{"@type":"PropertyValueSpecification","valueRequired":true,"valueName":"search_term_string"}}],"inLanguage":"hr"}]}},"_links":{"self":[{"href":"https:\/\/www.dogmasocks.com\/hr\/wp-json\/wp\/v2\/product\/1474234","targetHints":{"allow":["GET"]}}],"collection":[{"href":"https:\/\/www.dogmasocks.com\/hr\/wp-json\/wp\/v2\/product"}],"about":[{"href":"https:\/\/www.dogmasocks.com\/hr\/wp-json\/wp\/v2\/types\/product"}],"replies":[{"embeddable":true,"href":"https:\/\/www.dogmasocks.com\/hr\/wp-json\/wp\/v2\/comments?post=1474234"}],"wp:featuredmedia":[{"embeddable":true,"href":"https:\/\/www.dogmasocks.com\/hr\/wp-json\/wp\/v2\/media\/1475680"}],"wp:attachment":[{"href":"https:\/\/www.dogmasocks.com\/hr\/wp-json\/wp\/v2\/media?parent=1474234"}],"wp:term":[{"taxonomy":"product_brand","embeddable":true,"href":"https:\/\/www.dogmasocks.com\/hr\/wp-json\/wp\/v2\/product_brand?post=1474234"},{"taxonomy":"product_cat","embeddable":true,"href":"https:\/\/www.dogmasocks.com\/hr\/wp-json\/wp\/v2\/product_cat?post=1474234"},{"taxonomy":"product_tag","embeddable":true,"href":"https:\/\/www.dogmasocks.com\/hr\/wp-json\/wp\/v2\/product_tag?post=1474234"}],"curies":[{"name":"wp","href":"https:\/\/api.w.org\/{rel}","templated":true}]}}