{"id":1473572,"date":"2021-05-16T22:08:54","date_gmt":"2021-05-16T20:08:56","guid":{"rendered":"https:\/\/www.dogmasocks.com\/?post_type=product&#038;p=1473572"},"modified":"2024-04-28T17:21:25","modified_gmt":"2024-04-28T15:21:25","slug":"barracuda-grey","status":"publish","type":"product","link":"https:\/\/www.dogmasocks.com\/hr\/proizvod\/barracuda-grey\/","title":{"rendered":"Barracuda Grey"},"content":{"rendered":"<p>Kratke \u010darape za tr\u010danje s srednjom \u00a0kompresijom. \u010cvr\u0161\u0107e prianjanje uz stopalo sprje\u010dava gu\u017evanje \u00a0\u010darape. Stra\u017enji jezi\u010dak \u010darape sprje\u010dava iritacije i nastanak \u017euljeva od tenisica za vrijeme dugotrajnog \u00a0tr\u010danja i trenja. Ravno ojastu\u010denje osigurava dobar prijenos energije i reakciju tijekom tr\u010danja. Drugim rije\u010dima, Barracuda \u010darape idealne su za sve \u201eagresivnije\u201c trka\u010de za vrijeme toplijih mjeseci.<\/p>\n<p><strong>TEHNOLOGIJE:<\/strong><\/p>\n<p>\u2022 Lagana kompresija za bolje prianjanje<br \/>\n\u2022 Anatomski oblik<br \/>\n\u2022 Stra\u017enji jezi\u010dak \u010darape za spre\u010davanje nastanka \u017euljeva<br \/>\n\u2022 Tanke i lagane za no\u0161enje<br \/>\n\u2022 Materijali koji se brzo su\u0161e odr\u017eavaju stopalo suhim i svje\u017eim<\/p>\n<p><strong>SASTAV:<\/strong><\/p>\n<p>\u2022 Funkcionalni poliester &#8211; 63,4%<br \/>\n\u2022 Elastan &#8211; 27,9%<br \/>\n\u2022 Poliamid &#8211; 9,6%<\/p>\n","protected":false},"excerpt":{"rendered":"<p>Kratke \u010darape za tr\u010danje s laganom kompresijom. \u010cvr\u0161\u0107e prianjanje uz stopalo spre\u010dava kli\u017eenje \u010darape. Stra\u017enji jezi\u010dak \u010darape sprje\u010dava iritacije peta za vrijeme tr\u010danja. Ravno pojastu\u010denje osigurava dobar prijenos energije i reakciju tijekom tr\u010danja. Drugim rije\u010dima, Barracuda \u010darape idealne su za sve \u201eagresivnije\u201c trka\u010de za vrijeme toplijih mjeseci.<\/p>\n","protected":false},"featured_media":1473511,"comment_status":"open","ping_status":"closed","template":"","meta":{"_acf_changed":false},"product_brand":[],"product_cat":[834,822],"product_tag":[857,894,887,914,876,912],"class_list":{"0":"post-1473572","1":"product","2":"type-product","3":"status-publish","4":"has-post-thumbnail","6":"product_cat-barracuda-hr","7":"product_cat-outlet-hr","8":"product_tag-anatomske","9":"product_tag-besavnost","10":"product_tag-brzo-susenje","11":"product_tag-carape-za-trcanje-hr","12":"product_tag-kompresija","13":"product_tag-trcanje","15":"first","16":"instock","17":"featured","18":"taxable","19":"shipping-taxable","20":"purchasable","21":"product-type-variable"},"acf":[],"yoast_head":"<!-- This site is optimized with the Yoast SEO plugin v24.2 - https:\/\/yoast.com\/wordpress\/plugins\/seo\/ -->\n<title>Barracuda Grey | Dogma Socks - Extreme Design For Your Feet<\/title>\n<meta name=\"robots\" content=\"index, follow, max-snippet:-1, max-image-preview:large, max-video-preview:-1\" \/>\n<link rel=\"canonical\" href=\"https:\/\/www.dogmasocks.com\/hr\/proizvod\/barracuda-grey\/\" \/>\n<meta property=\"og:locale\" content=\"hr_HR\" \/>\n<meta property=\"og:type\" content=\"article\" \/>\n<meta property=\"og:title\" content=\"Barracuda Grey | Dogma Socks - Extreme Design For Your Feet\" \/>\n<meta property=\"og:description\" content=\"Kratke \u010darape za tr\u010danje s laganom kompresijom. \u010cvr\u0161\u0107e prianjanje uz stopalo spre\u010dava kli\u017eenje \u010darape. Stra\u017enji jezi\u010dak \u010darape sprje\u010dava iritacije peta za vrijeme tr\u010danja. Ravno pojastu\u010denje osigurava dobar prijenos energije i reakciju tijekom tr\u010danja. Drugim rije\u010dima, Barracuda \u010darape idealne su za sve \u201eagresivnije\u201c trka\u010de za vrijeme toplijih mjeseci.\" \/>\n<meta property=\"og:url\" content=\"https:\/\/www.dogmasocks.com\/hr\/proizvod\/barracuda-grey\/\" \/>\n<meta property=\"og:site_name\" content=\"Dogma Socks\" \/>\n<meta property=\"article:publisher\" content=\"https:\/\/www.facebook.com\/dogmasocks\/\" \/>\n<meta property=\"article:modified_time\" content=\"2024-04-28T15:21:25+00:00\" \/>\n<meta property=\"og:image\" content=\"http:\/\/www.dogmasocks.com\/wp-content\/uploads\/2021\/05\/24_1.jpg\" \/>\n\t<meta property=\"og:image:width\" content=\"1800\" \/>\n\t<meta property=\"og:image:height\" content=\"1800\" \/>\n\t<meta property=\"og:image:type\" content=\"image\/jpeg\" \/>\n<meta name=\"twitter:card\" content=\"summary_large_image\" \/>\n<meta name=\"twitter:label1\" content=\"Procijenjeno vrijeme \u010ditanja\" \/>\n\t<meta name=\"twitter:data1\" content=\"1 minuta\" \/>\n<script type=\"application\/ld+json\" class=\"yoast-schema-graph\">{\"@context\":\"https:\/\/schema.org\",\"@graph\":[{\"@type\":\"WebPage\",\"@id\":\"https:\/\/www.dogmasocks.com\/hr\/proizvod\/barracuda-grey\/\",\"url\":\"https:\/\/www.dogmasocks.com\/hr\/proizvod\/barracuda-grey\/\",\"name\":\"Barracuda Grey | Dogma Socks - Extreme Design For Your Feet\",\"isPartOf\":{\"@id\":\"https:\/\/www.dogmasocks.com\/hr\/#website\"},\"primaryImageOfPage\":{\"@id\":\"https:\/\/www.dogmasocks.com\/hr\/proizvod\/barracuda-grey\/#primaryimage\"},\"image\":{\"@id\":\"https:\/\/www.dogmasocks.com\/hr\/proizvod\/barracuda-grey\/#primaryimage\"},\"thumbnailUrl\":\"https:\/\/www.dogmasocks.com\/wp-content\/uploads\/2021\/05\/24_1.jpg\",\"datePublished\":\"2021-05-16T20:08:56+00:00\",\"dateModified\":\"2024-04-28T15:21:25+00:00\",\"breadcrumb\":{\"@id\":\"https:\/\/www.dogmasocks.com\/hr\/proizvod\/barracuda-grey\/#breadcrumb\"},\"inLanguage\":\"hr\",\"potentialAction\":[{\"@type\":\"ReadAction\",\"target\":[\"https:\/\/www.dogmasocks.com\/hr\/proizvod\/barracuda-grey\/\"]}]},{\"@type\":\"ImageObject\",\"inLanguage\":\"hr\",\"@id\":\"https:\/\/www.dogmasocks.com\/hr\/proizvod\/barracuda-grey\/#primaryimage\",\"url\":\"https:\/\/www.dogmasocks.com\/wp-content\/uploads\/2021\/05\/24_1.jpg\",\"contentUrl\":\"https:\/\/www.dogmasocks.com\/wp-content\/uploads\/2021\/05\/24_1.jpg\",\"width\":1800,\"height\":1800},{\"@type\":\"BreadcrumbList\",\"@id\":\"https:\/\/www.dogmasocks.com\/hr\/proizvod\/barracuda-grey\/#breadcrumb\",\"itemListElement\":[{\"@type\":\"ListItem\",\"position\":1,\"name\":\"Home\",\"item\":\"https:\/\/www.dogmasocks.com\/hr\/\"},{\"@type\":\"ListItem\",\"position\":2,\"name\":\"Shop\",\"item\":\"http:\/\/www.dogmasocks.com\/hr\/shop\/\"},{\"@type\":\"ListItem\",\"position\":3,\"name\":\"Barracuda Grey\"}]},{\"@type\":\"WebSite\",\"@id\":\"https:\/\/www.dogmasocks.com\/hr\/#website\",\"url\":\"https:\/\/www.dogmasocks.com\/hr\/\",\"name\":\"Dogma Socks\",\"description\":\"eXtreme design for your feet.\",\"potentialAction\":[{\"@type\":\"SearchAction\",\"target\":{\"@type\":\"EntryPoint\",\"urlTemplate\":\"https:\/\/www.dogmasocks.com\/hr\/?s={search_term_string}\"},\"query-input\":{\"@type\":\"PropertyValueSpecification\",\"valueRequired\":true,\"valueName\":\"search_term_string\"}}],\"inLanguage\":\"hr\"}]}<\/script>\n<!-- \/ Yoast SEO plugin. -->","yoast_head_json":{"title":"Barracuda Grey | Dogma Socks - Extreme Design For Your Feet","robots":{"index":"index","follow":"follow","max-snippet":"max-snippet:-1","max-image-preview":"max-image-preview:large","max-video-preview":"max-video-preview:-1"},"canonical":"https:\/\/www.dogmasocks.com\/hr\/proizvod\/barracuda-grey\/","og_locale":"hr_HR","og_type":"article","og_title":"Barracuda Grey | Dogma Socks - Extreme Design For Your Feet","og_description":"Kratke \u010darape za tr\u010danje s laganom kompresijom. \u010cvr\u0161\u0107e prianjanje uz stopalo spre\u010dava kli\u017eenje \u010darape. Stra\u017enji jezi\u010dak \u010darape sprje\u010dava iritacije peta za vrijeme tr\u010danja. Ravno pojastu\u010denje osigurava dobar prijenos energije i reakciju tijekom tr\u010danja. Drugim rije\u010dima, Barracuda \u010darape idealne su za sve \u201eagresivnije\u201c trka\u010de za vrijeme toplijih mjeseci.","og_url":"https:\/\/www.dogmasocks.com\/hr\/proizvod\/barracuda-grey\/","og_site_name":"Dogma Socks","article_publisher":"https:\/\/www.facebook.com\/dogmasocks\/","article_modified_time":"2024-04-28T15:21:25+00:00","og_image":[{"width":1800,"height":1800,"url":"http:\/\/www.dogmasocks.com\/wp-content\/uploads\/2021\/05\/24_1.jpg","type":"image\/jpeg"}],"twitter_card":"summary_large_image","twitter_misc":{"Procijenjeno vrijeme \u010ditanja":"1 minuta"},"schema":{"@context":"https:\/\/schema.org","@graph":[{"@type":"WebPage","@id":"https:\/\/www.dogmasocks.com\/hr\/proizvod\/barracuda-grey\/","url":"https:\/\/www.dogmasocks.com\/hr\/proizvod\/barracuda-grey\/","name":"Barracuda Grey | Dogma Socks - Extreme Design For Your Feet","isPartOf":{"@id":"https:\/\/www.dogmasocks.com\/hr\/#website"},"primaryImageOfPage":{"@id":"https:\/\/www.dogmasocks.com\/hr\/proizvod\/barracuda-grey\/#primaryimage"},"image":{"@id":"https:\/\/www.dogmasocks.com\/hr\/proizvod\/barracuda-grey\/#primaryimage"},"thumbnailUrl":"https:\/\/www.dogmasocks.com\/wp-content\/uploads\/2021\/05\/24_1.jpg","datePublished":"2021-05-16T20:08:56+00:00","dateModified":"2024-04-28T15:21:25+00:00","breadcrumb":{"@id":"https:\/\/www.dogmasocks.com\/hr\/proizvod\/barracuda-grey\/#breadcrumb"},"inLanguage":"hr","potentialAction":[{"@type":"ReadAction","target":["https:\/\/www.dogmasocks.com\/hr\/proizvod\/barracuda-grey\/"]}]},{"@type":"ImageObject","inLanguage":"hr","@id":"https:\/\/www.dogmasocks.com\/hr\/proizvod\/barracuda-grey\/#primaryimage","url":"https:\/\/www.dogmasocks.com\/wp-content\/uploads\/2021\/05\/24_1.jpg","contentUrl":"https:\/\/www.dogmasocks.com\/wp-content\/uploads\/2021\/05\/24_1.jpg","width":1800,"height":1800},{"@type":"BreadcrumbList","@id":"https:\/\/www.dogmasocks.com\/hr\/proizvod\/barracuda-grey\/#breadcrumb","itemListElement":[{"@type":"ListItem","position":1,"name":"Home","item":"https:\/\/www.dogmasocks.com\/hr\/"},{"@type":"ListItem","position":2,"name":"Shop","item":"http:\/\/www.dogmasocks.com\/hr\/shop\/"},{"@type":"ListItem","position":3,"name":"Barracuda Grey"}]},{"@type":"WebSite","@id":"https:\/\/www.dogmasocks.com\/hr\/#website","url":"https:\/\/www.dogmasocks.com\/hr\/","name":"Dogma Socks","description":"eXtreme design for your feet.","potentialAction":[{"@type":"SearchAction","target":{"@type":"EntryPoint","urlTemplate":"https:\/\/www.dogmasocks.com\/hr\/?s={search_term_string}"},"query-input":{"@type":"PropertyValueSpecification","valueRequired":true,"valueName":"search_term_string"}}],"inLanguage":"hr"}]}},"_links":{"self":[{"href":"https:\/\/www.dogmasocks.com\/hr\/wp-json\/wp\/v2\/product\/1473572","targetHints":{"allow":["GET"]}}],"collection":[{"href":"https:\/\/www.dogmasocks.com\/hr\/wp-json\/wp\/v2\/product"}],"about":[{"href":"https:\/\/www.dogmasocks.com\/hr\/wp-json\/wp\/v2\/types\/product"}],"replies":[{"embeddable":true,"href":"https:\/\/www.dogmasocks.com\/hr\/wp-json\/wp\/v2\/comments?post=1473572"}],"wp:featuredmedia":[{"embeddable":true,"href":"https:\/\/www.dogmasocks.com\/hr\/wp-json\/wp\/v2\/media\/1473511"}],"wp:attachment":[{"href":"https:\/\/www.dogmasocks.com\/hr\/wp-json\/wp\/v2\/media?parent=1473572"}],"wp:term":[{"taxonomy":"product_brand","embeddable":true,"href":"https:\/\/www.dogmasocks.com\/hr\/wp-json\/wp\/v2\/product_brand?post=1473572"},{"taxonomy":"product_cat","embeddable":true,"href":"https:\/\/www.dogmasocks.com\/hr\/wp-json\/wp\/v2\/product_cat?post=1473572"},{"taxonomy":"product_tag","embeddable":true,"href":"https:\/\/www.dogmasocks.com\/hr\/wp-json\/wp\/v2\/product_tag?post=1473572"}],"curies":[{"name":"wp","href":"https:\/\/api.w.org\/{rel}","templated":true}]}}