{"id":135190,"date":"2019-10-06T17:15:18","date_gmt":"2019-10-06T15:15:21","guid":{"rendered":"https:\/\/www.dogmasocks.com\/?post_type=product&#038;p=135190"},"modified":"2024-11-23T22:27:59","modified_gmt":"2024-11-23T21:27:59","slug":"urban-explorer-nordic-grana","status":"publish","type":"product","link":"https:\/\/www.dogmasocks.com\/hr\/proizvod\/urban-explorer-nordic-grana\/","title":{"rendered":"Urban Explorer Nordic Grana"},"content":{"rendered":"<p>Urban Explorer \u010darape dizajnirane su za urbanu d\u017eunglu. I za asfalt trebate imati tehni\u010dku \u010darapu, tako\u0111er. Duge \u0161etnje mogu dovesti do toga da se stopalo oznoji \u0161to dovodi do neugodnih mirisa, a opcije pranja ponekad mogu biti limitiraju\u0107e kada ste na putu. Putujte i istra\u017eujte nova mjesta i gradove, ali bez neugodnih mirisa s ovim revolucionarnim \u010darapama. Odr\u017eite jednostavnost prilikom pakiranja s na\u0161im dizajnerskim \u010darapama za putovanje koje \u0107e vam pomo\u0107i da izgledate dobro kamo god po\u0161li. Bez neugodnih mirisa, bez znojenja, sklizenja \u010darape i bez briga!<\/p>\n<p><strong>TEHNOLOGIJE:<\/strong><\/p>\n<p>\u2022 \u201eNo odour\u201c tehnologija odr\u017eava va\u0161a stopala svje\u017eima i mirisnima<br \/>\n\u2022 Mre\u017easta zona za bolju ventilaciju i regulaciju temperature<br \/>\n\u2022 Elasti\u010dna guma na podru\u010dju stopala za bolju stabilnost \u010darape<br \/>\n\u2022 Tehnologija za\u0161tite tetive<br \/>\n\u2022 Pojastu\u010dene pete i prsti preventiraju nastanak \u017euljeva<\/p>\n<p><strong>SASTAV:<\/strong><\/p>\n<p>Non odour pamuk &#8211; 66%<br \/>\nElastin \u2013 21,9%<br \/>\nPoliamid \u2013 12,1%<\/p>\n","protected":false},"excerpt":{"rendered":"<p>Urban Explorer \u010darape dizajnirane su za urbanu d\u017eunglu. I za asfalt trebate imati tehni\u010dku \u010darapu, tako\u0111er. Duge \u0161etnje mogu dovesti do toga da se stopalo oznoji \u0161to dovodi do neugodnih mirisa, a opcije pranja ponekad mogu biti limitiraju\u0107e kada ste na putu. Putujte i istra\u017eujte nova mjesta i gradove, ali bez neugodnih mirisa s ovim revolucionarnim \u010darapama. Odr\u017eite jednostavnost prilikom pakiranja s na\u0161im dizajnerskim \u010darapama za putovanje koje \u0107e vam pomo\u0107i da izgledate dobro kamo god po\u0161li. Bez neugodnih mirisa, bez znojenja, sklizenja \u010darape i bez briga!<\/p>\n<p>&nbsp;<\/p>\n","protected":false},"featured_media":690126,"comment_status":"open","ping_status":"closed","template":"","meta":{"_acf_changed":false},"product_brand":[],"product_cat":[823,847,850],"product_tag":[854,906,907,869,935,882,871,942],"class_list":{"0":"post-135190","1":"product","2":"type-product","3":"status-publish","4":"has-post-thumbnail","6":"product_cat-carape","7":"product_cat-putovanje","8":"product_cat-urban-explorer-hr","9":"product_tag-ahilov-stit","10":"product_tag-bez-mirisa","11":"product_tag-bez-mirisa-hr","12":"product_tag-bez-zuljeva","13":"product_tag-carape-za-putovanje","14":"product_tag-podstava","15":"product_tag-prozracne","16":"product_tag-ventilacijski-kanali","18":"first","19":"instock","20":"taxable","21":"shipping-taxable","22":"purchasable","23":"product-type-variable"},"acf":[],"yoast_head":"<!-- This site is optimized with the Yoast SEO plugin v24.2 - https:\/\/yoast.com\/wordpress\/plugins\/seo\/ -->\n<title>Urban Explorer Nordic Grana | Dogma Socks - Extreme Design For Your Feet<\/title>\n<meta name=\"robots\" content=\"index, follow, max-snippet:-1, max-image-preview:large, max-video-preview:-1\" \/>\n<link rel=\"canonical\" href=\"https:\/\/www.dogmasocks.com\/hr\/proizvod\/urban-explorer-nordic-grana\/\" \/>\n<meta property=\"og:locale\" content=\"hr_HR\" \/>\n<meta property=\"og:type\" content=\"article\" \/>\n<meta property=\"og:title\" content=\"Urban Explorer Nordic Grana | Dogma Socks - Extreme Design For Your Feet\" \/>\n<meta property=\"og:description\" content=\"Urban Explorer \u010darape dizajnirane su za urbanu d\u017eunglu. I za asfalt trebate imati tehni\u010dku \u010darapu, tako\u0111er. Duge \u0161etnje mogu dovesti do toga da se stopalo oznoji \u0161to dovodi do neugodnih mirisa, a opcije pranja ponekad mogu biti limitiraju\u0107e kada ste na putu. Putujte i istra\u017eujte nova mjesta i gradove, ali bez neugodnih mirisa s ovim revolucionarnim \u010darapama. Odr\u017eite jednostavnost prilikom pakiranja s na\u0161im dizajnerskim \u010darapama za putovanje koje \u0107e vam pomo\u0107i da izgledate dobro kamo god po\u0161li. Bez neugodnih mirisa, bez znojenja, sklizenja \u010darape i bez briga!  &nbsp;\" \/>\n<meta property=\"og:url\" content=\"https:\/\/www.dogmasocks.com\/hr\/proizvod\/urban-explorer-nordic-grana\/\" \/>\n<meta property=\"og:site_name\" content=\"Dogma Socks\" \/>\n<meta property=\"article:publisher\" content=\"https:\/\/www.facebook.com\/dogmasocks\/\" \/>\n<meta property=\"article:modified_time\" content=\"2024-11-23T21:27:59+00:00\" \/>\n<meta property=\"og:image\" content=\"https:\/\/www.dogmasocks.com\/wp-content\/uploads\/2020\/04\/Urban_Explorer_7_1.jpg\" \/>\n\t<meta property=\"og:image:width\" content=\"1200\" \/>\n\t<meta property=\"og:image:height\" content=\"1200\" \/>\n\t<meta property=\"og:image:type\" content=\"image\/jpeg\" \/>\n<meta name=\"twitter:card\" content=\"summary_large_image\" \/>\n<meta name=\"twitter:label1\" content=\"Procijenjeno vrijeme \u010ditanja\" \/>\n\t<meta name=\"twitter:data1\" content=\"1 minuta\" \/>\n<script type=\"application\/ld+json\" class=\"yoast-schema-graph\">{\"@context\":\"https:\/\/schema.org\",\"@graph\":[{\"@type\":\"WebPage\",\"@id\":\"https:\/\/www.dogmasocks.com\/hr\/proizvod\/urban-explorer-nordic-grana\/\",\"url\":\"https:\/\/www.dogmasocks.com\/hr\/proizvod\/urban-explorer-nordic-grana\/\",\"name\":\"Urban Explorer Nordic Grana | Dogma Socks - Extreme Design For Your Feet\",\"isPartOf\":{\"@id\":\"https:\/\/www.dogmasocks.com\/hr\/#website\"},\"primaryImageOfPage\":{\"@id\":\"https:\/\/www.dogmasocks.com\/hr\/proizvod\/urban-explorer-nordic-grana\/#primaryimage\"},\"image\":{\"@id\":\"https:\/\/www.dogmasocks.com\/hr\/proizvod\/urban-explorer-nordic-grana\/#primaryimage\"},\"thumbnailUrl\":\"https:\/\/www.dogmasocks.com\/wp-content\/uploads\/2020\/04\/Urban_Explorer_7_1.jpg\",\"datePublished\":\"2019-10-06T15:15:21+00:00\",\"dateModified\":\"2024-11-23T21:27:59+00:00\",\"breadcrumb\":{\"@id\":\"https:\/\/www.dogmasocks.com\/hr\/proizvod\/urban-explorer-nordic-grana\/#breadcrumb\"},\"inLanguage\":\"hr\",\"potentialAction\":[{\"@type\":\"ReadAction\",\"target\":[\"https:\/\/www.dogmasocks.com\/hr\/proizvod\/urban-explorer-nordic-grana\/\"]}]},{\"@type\":\"ImageObject\",\"inLanguage\":\"hr\",\"@id\":\"https:\/\/www.dogmasocks.com\/hr\/proizvod\/urban-explorer-nordic-grana\/#primaryimage\",\"url\":\"https:\/\/www.dogmasocks.com\/wp-content\/uploads\/2020\/04\/Urban_Explorer_7_1.jpg\",\"contentUrl\":\"https:\/\/www.dogmasocks.com\/wp-content\/uploads\/2020\/04\/Urban_Explorer_7_1.jpg\",\"width\":1200,\"height\":1200,\"caption\":\"travel socks in burgundy color and nordic design\"},{\"@type\":\"BreadcrumbList\",\"@id\":\"https:\/\/www.dogmasocks.com\/hr\/proizvod\/urban-explorer-nordic-grana\/#breadcrumb\",\"itemListElement\":[{\"@type\":\"ListItem\",\"position\":1,\"name\":\"Home\",\"item\":\"https:\/\/www.dogmasocks.com\/hr\/\"},{\"@type\":\"ListItem\",\"position\":2,\"name\":\"Shop\",\"item\":\"http:\/\/www.dogmasocks.com\/hr\/shop\/\"},{\"@type\":\"ListItem\",\"position\":3,\"name\":\"Urban Explorer Nordic Grana\"}]},{\"@type\":\"WebSite\",\"@id\":\"https:\/\/www.dogmasocks.com\/hr\/#website\",\"url\":\"https:\/\/www.dogmasocks.com\/hr\/\",\"name\":\"Dogma Socks\",\"description\":\"eXtreme design for your feet.\",\"potentialAction\":[{\"@type\":\"SearchAction\",\"target\":{\"@type\":\"EntryPoint\",\"urlTemplate\":\"https:\/\/www.dogmasocks.com\/hr\/?s={search_term_string}\"},\"query-input\":{\"@type\":\"PropertyValueSpecification\",\"valueRequired\":true,\"valueName\":\"search_term_string\"}}],\"inLanguage\":\"hr\"}]}<\/script>\n<!-- \/ Yoast SEO plugin. -->","yoast_head_json":{"title":"Urban Explorer Nordic Grana | Dogma Socks - Extreme Design For Your Feet","robots":{"index":"index","follow":"follow","max-snippet":"max-snippet:-1","max-image-preview":"max-image-preview:large","max-video-preview":"max-video-preview:-1"},"canonical":"https:\/\/www.dogmasocks.com\/hr\/proizvod\/urban-explorer-nordic-grana\/","og_locale":"hr_HR","og_type":"article","og_title":"Urban Explorer Nordic Grana | Dogma Socks - Extreme Design For Your Feet","og_description":"Urban Explorer \u010darape dizajnirane su za urbanu d\u017eunglu. I za asfalt trebate imati tehni\u010dku \u010darapu, tako\u0111er. Duge \u0161etnje mogu dovesti do toga da se stopalo oznoji \u0161to dovodi do neugodnih mirisa, a opcije pranja ponekad mogu biti limitiraju\u0107e kada ste na putu. Putujte i istra\u017eujte nova mjesta i gradove, ali bez neugodnih mirisa s ovim revolucionarnim \u010darapama. Odr\u017eite jednostavnost prilikom pakiranja s na\u0161im dizajnerskim \u010darapama za putovanje koje \u0107e vam pomo\u0107i da izgledate dobro kamo god po\u0161li. Bez neugodnih mirisa, bez znojenja, sklizenja \u010darape i bez briga!  &nbsp;","og_url":"https:\/\/www.dogmasocks.com\/hr\/proizvod\/urban-explorer-nordic-grana\/","og_site_name":"Dogma Socks","article_publisher":"https:\/\/www.facebook.com\/dogmasocks\/","article_modified_time":"2024-11-23T21:27:59+00:00","og_image":[{"width":1200,"height":1200,"url":"https:\/\/www.dogmasocks.com\/wp-content\/uploads\/2020\/04\/Urban_Explorer_7_1.jpg","type":"image\/jpeg"}],"twitter_card":"summary_large_image","twitter_misc":{"Procijenjeno vrijeme \u010ditanja":"1 minuta"},"schema":{"@context":"https:\/\/schema.org","@graph":[{"@type":"WebPage","@id":"https:\/\/www.dogmasocks.com\/hr\/proizvod\/urban-explorer-nordic-grana\/","url":"https:\/\/www.dogmasocks.com\/hr\/proizvod\/urban-explorer-nordic-grana\/","name":"Urban Explorer Nordic Grana | Dogma Socks - Extreme Design For Your Feet","isPartOf":{"@id":"https:\/\/www.dogmasocks.com\/hr\/#website"},"primaryImageOfPage":{"@id":"https:\/\/www.dogmasocks.com\/hr\/proizvod\/urban-explorer-nordic-grana\/#primaryimage"},"image":{"@id":"https:\/\/www.dogmasocks.com\/hr\/proizvod\/urban-explorer-nordic-grana\/#primaryimage"},"thumbnailUrl":"https:\/\/www.dogmasocks.com\/wp-content\/uploads\/2020\/04\/Urban_Explorer_7_1.jpg","datePublished":"2019-10-06T15:15:21+00:00","dateModified":"2024-11-23T21:27:59+00:00","breadcrumb":{"@id":"https:\/\/www.dogmasocks.com\/hr\/proizvod\/urban-explorer-nordic-grana\/#breadcrumb"},"inLanguage":"hr","potentialAction":[{"@type":"ReadAction","target":["https:\/\/www.dogmasocks.com\/hr\/proizvod\/urban-explorer-nordic-grana\/"]}]},{"@type":"ImageObject","inLanguage":"hr","@id":"https:\/\/www.dogmasocks.com\/hr\/proizvod\/urban-explorer-nordic-grana\/#primaryimage","url":"https:\/\/www.dogmasocks.com\/wp-content\/uploads\/2020\/04\/Urban_Explorer_7_1.jpg","contentUrl":"https:\/\/www.dogmasocks.com\/wp-content\/uploads\/2020\/04\/Urban_Explorer_7_1.jpg","width":1200,"height":1200,"caption":"travel socks in burgundy color and nordic design"},{"@type":"BreadcrumbList","@id":"https:\/\/www.dogmasocks.com\/hr\/proizvod\/urban-explorer-nordic-grana\/#breadcrumb","itemListElement":[{"@type":"ListItem","position":1,"name":"Home","item":"https:\/\/www.dogmasocks.com\/hr\/"},{"@type":"ListItem","position":2,"name":"Shop","item":"http:\/\/www.dogmasocks.com\/hr\/shop\/"},{"@type":"ListItem","position":3,"name":"Urban Explorer Nordic Grana"}]},{"@type":"WebSite","@id":"https:\/\/www.dogmasocks.com\/hr\/#website","url":"https:\/\/www.dogmasocks.com\/hr\/","name":"Dogma Socks","description":"eXtreme design for your feet.","potentialAction":[{"@type":"SearchAction","target":{"@type":"EntryPoint","urlTemplate":"https:\/\/www.dogmasocks.com\/hr\/?s={search_term_string}"},"query-input":{"@type":"PropertyValueSpecification","valueRequired":true,"valueName":"search_term_string"}}],"inLanguage":"hr"}]}},"_links":{"self":[{"href":"https:\/\/www.dogmasocks.com\/hr\/wp-json\/wp\/v2\/product\/135190","targetHints":{"allow":["GET"]}}],"collection":[{"href":"https:\/\/www.dogmasocks.com\/hr\/wp-json\/wp\/v2\/product"}],"about":[{"href":"https:\/\/www.dogmasocks.com\/hr\/wp-json\/wp\/v2\/types\/product"}],"replies":[{"embeddable":true,"href":"https:\/\/www.dogmasocks.com\/hr\/wp-json\/wp\/v2\/comments?post=135190"}],"wp:featuredmedia":[{"embeddable":true,"href":"https:\/\/www.dogmasocks.com\/hr\/wp-json\/wp\/v2\/media\/690126"}],"wp:attachment":[{"href":"https:\/\/www.dogmasocks.com\/hr\/wp-json\/wp\/v2\/media?parent=135190"}],"wp:term":[{"taxonomy":"product_brand","embeddable":true,"href":"https:\/\/www.dogmasocks.com\/hr\/wp-json\/wp\/v2\/product_brand?post=135190"},{"taxonomy":"product_cat","embeddable":true,"href":"https:\/\/www.dogmasocks.com\/hr\/wp-json\/wp\/v2\/product_cat?post=135190"},{"taxonomy":"product_tag","embeddable":true,"href":"https:\/\/www.dogmasocks.com\/hr\/wp-json\/wp\/v2\/product_tag?post=135190"}],"curies":[{"name":"wp","href":"https:\/\/api.w.org\/{rel}","templated":true}]}}