{"id":53494,"date":"2019-03-01T17:05:35","date_gmt":"2019-03-01T16:05:35","guid":{"rendered":"https:\/\/www.dogmasocks.com\/technology-2\/"},"modified":"2019-09-17T11:09:46","modified_gmt":"2019-09-17T09:09:46","slug":"tehnologije","status":"publish","type":"page","link":"https:\/\/www.dogmasocks.com\/hr\/tehnologije\/","title":{"rendered":"Tehnologije"},"content":{"rendered":"\n<h2 class=\"wp-block-heading\" style=\"text-align:center\">Za\u0161to Dogma?<\/h2>\n\n\n\n<p style=\"text-align:center\"> U Dogmi smo posvetili svoje vrijeme tome da obi\u010dan proizvod pretvorimo u izvanredan. \u010carape su dugo vremena bile podcijenjene, a mi \u017eelimo pokazati kako tako jedan mali proizvod ima veliku mo\u0107 u performansama sporta\u0161a. <\/p>\n\n\n\n<p style=\"text-align:center\"> Zato smo prou\u010dili i razvili razli\u010dite tehnologije koje vam mogu pomo\u017eu da va\u0161e aktivnosti budu bolje, du\u017ee i ugodnije.  <\/p>\n\n\n\n<p style=\"text-align:center\">Kako biste saznali vi\u0161e o na\u0161im tehnologija, molimo vas da prou\u010dite listu.<\/p>\n","protected":false},"excerpt":{"rendered":"<p>Za\u0161to Dogma? U Dogmi smo posvetili svoje vrijeme tome da obi\u010dan proizvod pretvorimo u izvanredan. \u010carape su dugo vremena bile podcijenjene, a mi \u017eelimo pokazati kako tako jedan mali proizvod ima veliku mo\u0107 u performansama sporta\u0161a. Zato smo prou\u010dili i razvili razli\u010dite tehnologije koje vam mogu pomo\u017eu da va\u0161e aktivnosti budu bolje, du\u017ee i ugodnije. [&hellip;]<\/p>\n","protected":false},"author":1,"featured_media":53495,"parent":0,"menu_order":0,"comment_status":"closed","ping_status":"closed","template":"","meta":{"_acf_changed":false,"footnotes":""},"class_list":["post-53494","page","type-page","status-publish","has-post-thumbnail","hentry"],"acf":[],"yoast_head":"<!-- This site is optimized with the Yoast SEO plugin v24.2 - https:\/\/yoast.com\/wordpress\/plugins\/seo\/ -->\n<title>Tehnologije | Dogma Socks - Extreme Design For Your Feet<\/title>\n<meta name=\"robots\" content=\"noindex, nofollow\" \/>\n<meta property=\"og:locale\" content=\"hr_HR\" \/>\n<meta property=\"og:type\" content=\"article\" \/>\n<meta property=\"og:title\" content=\"Tehnologije | Dogma Socks - Extreme Design For Your Feet\" \/>\n<meta property=\"og:description\" content=\"Za\u0161to Dogma? U Dogmi smo posvetili svoje vrijeme tome da obi\u010dan proizvod pretvorimo u izvanredan. \u010carape su dugo vremena bile podcijenjene, a mi \u017eelimo pokazati kako tako jedan mali proizvod ima veliku mo\u0107 u performansama sporta\u0161a. Zato smo prou\u010dili i razvili razli\u010dite tehnologije koje vam mogu pomo\u017eu da va\u0161e aktivnosti budu bolje, du\u017ee i ugodnije. [&hellip;]\" \/>\n<meta property=\"og:url\" content=\"https:\/\/www.dogmasocks.com\/hr\/tehnologije\/\" \/>\n<meta property=\"og:site_name\" content=\"Dogma Socks\" \/>\n<meta property=\"article:publisher\" content=\"https:\/\/www.facebook.com\/dogmasocks\/\" \/>\n<meta property=\"article:modified_time\" content=\"2019-09-17T09:09:46+00:00\" \/>\n<meta property=\"og:image\" content=\"https:\/\/www.dogmasocks.com\/wp-content\/uploads\/2019\/05\/dogmasocks-technology-featured-image.jpg\" \/>\n\t<meta property=\"og:image:width\" content=\"1366\" \/>\n\t<meta property=\"og:image:height\" content=\"911\" \/>\n\t<meta property=\"og:image:type\" content=\"image\/jpeg\" \/>\n<meta name=\"twitter:card\" content=\"summary_large_image\" \/>\n<script type=\"application\/ld+json\" class=\"yoast-schema-graph\">{\"@context\":\"https:\/\/schema.org\",\"@graph\":[{\"@type\":\"WebPage\",\"@id\":\"https:\/\/www.dogmasocks.com\/hr\/tehnologije\/\",\"url\":\"https:\/\/www.dogmasocks.com\/hr\/tehnologije\/\",\"name\":\"Tehnologije | Dogma Socks - Extreme Design For Your Feet\",\"isPartOf\":{\"@id\":\"http:\/\/www.dogmasocks.com\/hr\/#website\"},\"primaryImageOfPage\":{\"@id\":\"https:\/\/www.dogmasocks.com\/hr\/tehnologije\/#primaryimage\"},\"image\":{\"@id\":\"https:\/\/www.dogmasocks.com\/hr\/tehnologije\/#primaryimage\"},\"thumbnailUrl\":\"https:\/\/www.dogmasocks.com\/wp-content\/uploads\/2019\/05\/dogmasocks-technology-featured-image.jpg\",\"datePublished\":\"2019-03-01T16:05:35+00:00\",\"dateModified\":\"2019-09-17T09:09:46+00:00\",\"breadcrumb\":{\"@id\":\"https:\/\/www.dogmasocks.com\/hr\/tehnologije\/#breadcrumb\"},\"inLanguage\":\"hr\",\"potentialAction\":[{\"@type\":\"ReadAction\",\"target\":[\"https:\/\/www.dogmasocks.com\/hr\/tehnologije\/\"]}]},{\"@type\":\"ImageObject\",\"inLanguage\":\"hr\",\"@id\":\"https:\/\/www.dogmasocks.com\/hr\/tehnologije\/#primaryimage\",\"url\":\"https:\/\/www.dogmasocks.com\/wp-content\/uploads\/2019\/05\/dogmasocks-technology-featured-image.jpg\",\"contentUrl\":\"https:\/\/www.dogmasocks.com\/wp-content\/uploads\/2019\/05\/dogmasocks-technology-featured-image.jpg\",\"width\":1366,\"height\":911},{\"@type\":\"BreadcrumbList\",\"@id\":\"https:\/\/www.dogmasocks.com\/hr\/tehnologije\/#breadcrumb\",\"itemListElement\":[{\"@type\":\"ListItem\",\"position\":1,\"name\":\"Home\",\"item\":\"http:\/\/www.dogmasocks.com\/hr\/\"},{\"@type\":\"ListItem\",\"position\":2,\"name\":\"Tehnologije\"}]},{\"@type\":\"WebSite\",\"@id\":\"http:\/\/www.dogmasocks.com\/hr\/#website\",\"url\":\"http:\/\/www.dogmasocks.com\/hr\/\",\"name\":\"Dogma Socks\",\"description\":\"eXtreme design for your feet.\",\"potentialAction\":[{\"@type\":\"SearchAction\",\"target\":{\"@type\":\"EntryPoint\",\"urlTemplate\":\"http:\/\/www.dogmasocks.com\/hr\/?s={search_term_string}\"},\"query-input\":{\"@type\":\"PropertyValueSpecification\",\"valueRequired\":true,\"valueName\":\"search_term_string\"}}],\"inLanguage\":\"hr\"}]}<\/script>\n<!-- \/ Yoast SEO plugin. -->","yoast_head_json":{"title":"Tehnologije | Dogma Socks - Extreme Design For Your Feet","robots":{"index":"noindex","follow":"nofollow"},"og_locale":"hr_HR","og_type":"article","og_title":"Tehnologije | Dogma Socks - Extreme Design For Your Feet","og_description":"Za\u0161to Dogma? U Dogmi smo posvetili svoje vrijeme tome da obi\u010dan proizvod pretvorimo u izvanredan. \u010carape su dugo vremena bile podcijenjene, a mi \u017eelimo pokazati kako tako jedan mali proizvod ima veliku mo\u0107 u performansama sporta\u0161a. Zato smo prou\u010dili i razvili razli\u010dite tehnologije koje vam mogu pomo\u017eu da va\u0161e aktivnosti budu bolje, du\u017ee i ugodnije. [&hellip;]","og_url":"https:\/\/www.dogmasocks.com\/hr\/tehnologije\/","og_site_name":"Dogma Socks","article_publisher":"https:\/\/www.facebook.com\/dogmasocks\/","article_modified_time":"2019-09-17T09:09:46+00:00","og_image":[{"width":1366,"height":911,"url":"https:\/\/www.dogmasocks.com\/wp-content\/uploads\/2019\/05\/dogmasocks-technology-featured-image.jpg","type":"image\/jpeg"}],"twitter_card":"summary_large_image","schema":{"@context":"https:\/\/schema.org","@graph":[{"@type":"WebPage","@id":"https:\/\/www.dogmasocks.com\/hr\/tehnologije\/","url":"https:\/\/www.dogmasocks.com\/hr\/tehnologije\/","name":"Tehnologije | Dogma Socks - Extreme Design For Your Feet","isPartOf":{"@id":"http:\/\/www.dogmasocks.com\/hr\/#website"},"primaryImageOfPage":{"@id":"https:\/\/www.dogmasocks.com\/hr\/tehnologije\/#primaryimage"},"image":{"@id":"https:\/\/www.dogmasocks.com\/hr\/tehnologije\/#primaryimage"},"thumbnailUrl":"https:\/\/www.dogmasocks.com\/wp-content\/uploads\/2019\/05\/dogmasocks-technology-featured-image.jpg","datePublished":"2019-03-01T16:05:35+00:00","dateModified":"2019-09-17T09:09:46+00:00","breadcrumb":{"@id":"https:\/\/www.dogmasocks.com\/hr\/tehnologije\/#breadcrumb"},"inLanguage":"hr","potentialAction":[{"@type":"ReadAction","target":["https:\/\/www.dogmasocks.com\/hr\/tehnologije\/"]}]},{"@type":"ImageObject","inLanguage":"hr","@id":"https:\/\/www.dogmasocks.com\/hr\/tehnologije\/#primaryimage","url":"https:\/\/www.dogmasocks.com\/wp-content\/uploads\/2019\/05\/dogmasocks-technology-featured-image.jpg","contentUrl":"https:\/\/www.dogmasocks.com\/wp-content\/uploads\/2019\/05\/dogmasocks-technology-featured-image.jpg","width":1366,"height":911},{"@type":"BreadcrumbList","@id":"https:\/\/www.dogmasocks.com\/hr\/tehnologije\/#breadcrumb","itemListElement":[{"@type":"ListItem","position":1,"name":"Home","item":"http:\/\/www.dogmasocks.com\/hr\/"},{"@type":"ListItem","position":2,"name":"Tehnologije"}]},{"@type":"WebSite","@id":"http:\/\/www.dogmasocks.com\/hr\/#website","url":"http:\/\/www.dogmasocks.com\/hr\/","name":"Dogma Socks","description":"eXtreme design for your feet.","potentialAction":[{"@type":"SearchAction","target":{"@type":"EntryPoint","urlTemplate":"http:\/\/www.dogmasocks.com\/hr\/?s={search_term_string}"},"query-input":{"@type":"PropertyValueSpecification","valueRequired":true,"valueName":"search_term_string"}}],"inLanguage":"hr"}]}},"_links":{"self":[{"href":"https:\/\/www.dogmasocks.com\/hr\/wp-json\/wp\/v2\/pages\/53494","targetHints":{"allow":["GET"]}}],"collection":[{"href":"https:\/\/www.dogmasocks.com\/hr\/wp-json\/wp\/v2\/pages"}],"about":[{"href":"https:\/\/www.dogmasocks.com\/hr\/wp-json\/wp\/v2\/types\/page"}],"author":[{"embeddable":true,"href":"https:\/\/www.dogmasocks.com\/hr\/wp-json\/wp\/v2\/users\/1"}],"replies":[{"embeddable":true,"href":"https:\/\/www.dogmasocks.com\/hr\/wp-json\/wp\/v2\/comments?post=53494"}],"version-history":[{"count":2,"href":"https:\/\/www.dogmasocks.com\/hr\/wp-json\/wp\/v2\/pages\/53494\/revisions"}],"predecessor-version":[{"id":97083,"href":"https:\/\/www.dogmasocks.com\/hr\/wp-json\/wp\/v2\/pages\/53494\/revisions\/97083"}],"wp:featuredmedia":[{"embeddable":true,"href":"https:\/\/www.dogmasocks.com\/hr\/wp-json\/wp\/v2\/media\/53495"}],"wp:attachment":[{"href":"https:\/\/www.dogmasocks.com\/hr\/wp-json\/wp\/v2\/media?parent=53494"}],"curies":[{"name":"wp","href":"https:\/\/api.w.org\/{rel}","templated":true}]}}