{"id":53491,"date":"2019-04-19T12:22:14","date_gmt":"2019-04-19T10:22:14","guid":{"rendered":"https:\/\/www.dogmasocks.com\/konkurentnost-i-kohezija\/"},"modified":"2019-08-16T22:36:32","modified_gmt":"2019-08-16T20:36:32","slug":"konkurentnost-i-kohezija","status":"publish","type":"page","link":"https:\/\/www.dogmasocks.com\/hr\/konkurentnost-i-kohezija\/","title":{"rendered":"Konkurentnost i kohezija"},"content":{"rendered":"\n<div class=\"wp-block-columns has-3-columns is-layout-flex wp-container-core-columns-is-layout-1 wp-block-columns-is-layout-flex\">\n<div class=\"wp-block-column is-layout-flow wp-block-column-is-layout-flow\">\n<figure class=\"wp-block-image\"><img loading=\"lazy\" decoding=\"async\" width=\"600\" height=\"161\" src=\"https:\/\/www.dogmasocks.com\/wp-content\/uploads\/2019\/04\/eu-logo.png\" alt=\"\" class=\"wp-image-678\"\/><\/figure>\n\n\n\n<p><\/p>\n<\/div>\n\n\n\n<div class=\"wp-block-column is-layout-flow wp-block-column-is-layout-flow\">\n<figure class=\"wp-block-image\"><img loading=\"lazy\" decoding=\"async\" width=\"1200\" height=\"322\" src=\"https:\/\/www.dogmasocks.com\/wp-content\/uploads\/2019\/04\/OPKK_boja_bez-pozadine_manji-1200x322.png\" alt=\"\" class=\"wp-image-685\" srcset=\"https:\/\/www.dogmasocks.com\/wp-content\/uploads\/2019\/04\/OPKK_boja_bez-pozadine_manji-1200x322.png 1200w, https:\/\/www.dogmasocks.com\/wp-content\/uploads\/2019\/04\/OPKK_boja_bez-pozadine_manji-600x161.png 600w, https:\/\/www.dogmasocks.com\/wp-content\/uploads\/2019\/04\/OPKK_boja_bez-pozadine_manji-768x206.png 768w, https:\/\/www.dogmasocks.com\/wp-content\/uploads\/2019\/04\/OPKK_boja_bez-pozadine_manji.png 1219w\" sizes=\"auto, (max-width: 1200px) 100vw, 1200px\" \/><\/figure>\n<\/div>\n\n\n\n<div class=\"wp-block-column is-layout-flow wp-block-column-is-layout-flow\">\n<figure class=\"wp-block-image\"><img loading=\"lazy\" decoding=\"async\" width=\"1200\" height=\"395\" src=\"https:\/\/www.dogmasocks.com\/wp-content\/uploads\/2019\/04\/ESI-logotip_boja_manji-1200x395.png\" alt=\"\" class=\"wp-image-687\" srcset=\"https:\/\/www.dogmasocks.com\/wp-content\/uploads\/2019\/04\/ESI-logotip_boja_manji-1200x395.png 1200w, https:\/\/www.dogmasocks.com\/wp-content\/uploads\/2019\/04\/ESI-logotip_boja_manji-600x197.png 600w, https:\/\/www.dogmasocks.com\/wp-content\/uploads\/2019\/04\/ESI-logotip_boja_manji-768x253.png 768w, https:\/\/www.dogmasocks.com\/wp-content\/uploads\/2019\/04\/ESI-logotip_boja_manji.png 1256w\" sizes=\"auto, (max-width: 1200px) 100vw, 1200px\" \/><\/figure>\n\n\n\n<p><\/p>\n<\/div>\n<\/div>\n\n\n\n<p><strong>Kvalitetu tvrtke Makar d.o.o.\nprepoznale su institucije Europske unije koje podupiru na\u0161 projekt pod nazivom:<\/strong><\/p>\n\n\n\n<p style=\"text-align:center\"><strong>\u201eUlaganje\nu brendiranje proizvoda tvrtke Makar\u201c<\/strong><\/p>\n\n\n\n<p>Projekt je sufinancirala Europska\nunija iz Europskih strukturnih i investicijskih fondova u financijskom\nrazdoblju 2014-2020, konkretno, iz Europskog fonda za regionalni razvoj kroz\nnatje\u010daj \u201e<em>WWW VAU\u010cERI ZA MSP-ove<\/em>\u201c.<\/p>\n\n\n\n<p>Projekt\nje odobren u smislu unapre\u0111enja poslovanja i osna\u017eivanja konkurentnosti tvrtke\nMakar kroz izradu web stranice, a sve kako bi se ostvarili definirani ciljevi. Konkretno,\npredmetnom investicijom tvrtka je ulo\u017eila u izradu web stranice s integriranim\nweb shopom. Cilj iste je bio pove\u0107ati vlastitu konkurentnost primjenom mre\u017enih\nmarketin\u0161kih rje\u0161enja \u010dime su se stvorili preduvjeti za rast fizi\u010dkog obujma\nposla \u0161to generira potrebu za zadr\u017eavanje postoje\u0107ih i otvaranje novih radnih\nmjesta, uz rast prihoda. Konkretno, uspje\u0161nom provedbom predmetnog ulaganja\ndo\u0161lo je do (izme\u0111u ostalog):<\/p>\n\n\n\n<ul class=\"wp-block-list\"><li>Stvaranja responzivne web stranice koja je\ndoprinijela pove\u0107anju broja posjetitelja.<\/li><li>Pove\u0107anja\nprihoda od prodaje i prihoda od\nizvoza.<\/li><li>O\u010duvanja\npostoje\u0107ih i otvaranja novih radnih mjesta.<\/li><li>Bolje funkcionalnosti i jednostavnije\nnavigacije web stranice s integriranim web shopom (sadr\u017ei kvalitetne i dostupne\ninformacije).<\/li><li>Jasne i sustavne brige o osiguranju sigurnosti\npodataka i servisa \u2013 sigurna online prodaja.<\/li><li>Pove\u0107anja produktivnosti za 20%.\n<\/li><\/ul>\n\n\n\n<p>Ukupna\nvrijednost projekta iznosi 145.600,00 kuna od kojih je 100.000,00 kn bespovratno.<\/p>\n\n\n\n<p>Razdoblje\nprovedbe projekta je od 11.10.2018.-11.10.2019.<\/p>\n\n\n\n<p>Korisnik: Makar d.o.o.<br>Adresa: Ul. grada Wirgesa 10, 10 430 Samobor<br>Kontakt osoba:<\/p>\n\n\n\n<ul class=\"wp-block-list\"><li><a href=\"mailto:info@makar.hr\">info@makar.hr<\/a> <\/li><\/ul>\n\n\n\n<p>Kontakt relevantnih institucija:<\/p>\n\n\n\n<ul class=\"wp-block-list\"><li><a href=\"https:\/\/strukturnifondovi.hr\/eu-fondovi\/\">https:\/\/strukturnifondovi.hr\/eu-fondovi\/<\/a><\/li><li><a href=\"https:\/\/www.mingo.hr\/public\/investicije\/OPKK_2014_2020_31316.pdf\">https:\/\/www.mingo.hr\/public\/investicije\/OPKK_2014_2020_31316.pdf<\/a> <\/li><\/ul>\n\n\n\n<p>Sadr\u017eaj ove publikacije isklju\u010diva je\nodgovornost <strong>Makar\nd.o.o<\/strong>.<\/p>\n","protected":false},"excerpt":{"rendered":"<p>Kvalitetu tvrtke Makar d.o.o. prepoznale su institucije Europske unije koje podupiru na\u0161 projekt pod nazivom: \u201eUlaganje u brendiranje proizvoda tvrtke Makar\u201c Projekt je sufinancirala Europska unija iz Europskih strukturnih i investicijskih fondova u financijskom razdoblju 2014-2020, konkretno, iz Europskog fonda za regionalni razvoj kroz natje\u010daj \u201eWWW VAU\u010cERI ZA MSP-ove\u201c. Projekt je odobren u smislu unapre\u0111enja [&hellip;]<\/p>\n","protected":false},"author":1,"featured_media":0,"parent":0,"menu_order":0,"comment_status":"closed","ping_status":"closed","template":"","meta":{"_acf_changed":false,"footnotes":""},"class_list":["post-53491","page","type-page","status-publish","hentry"],"acf":[],"yoast_head":"<!-- This site is optimized with the Yoast SEO plugin v24.2 - https:\/\/yoast.com\/wordpress\/plugins\/seo\/ -->\n<title>Konkurentnost i kohezija | Dogma Socks - Extreme Design For Your Feet<\/title>\n<meta name=\"robots\" content=\"noindex, nofollow\" \/>\n<meta property=\"og:locale\" content=\"hr_HR\" \/>\n<meta property=\"og:type\" content=\"article\" \/>\n<meta property=\"og:title\" content=\"Konkurentnost i kohezija | Dogma Socks - Extreme Design For Your Feet\" \/>\n<meta property=\"og:description\" content=\"Kvalitetu tvrtke Makar d.o.o. prepoznale su institucije Europske unije koje podupiru na\u0161 projekt pod nazivom: \u201eUlaganje u brendiranje proizvoda tvrtke Makar\u201c Projekt je sufinancirala Europska unija iz Europskih strukturnih i investicijskih fondova u financijskom razdoblju 2014-2020, konkretno, iz Europskog fonda za regionalni razvoj kroz natje\u010daj \u201eWWW VAU\u010cERI ZA MSP-ove\u201c. Projekt je odobren u smislu unapre\u0111enja [&hellip;]\" \/>\n<meta property=\"og:url\" content=\"https:\/\/www.dogmasocks.com\/hr\/konkurentnost-i-kohezija\/\" \/>\n<meta property=\"og:site_name\" content=\"Dogma Socks\" \/>\n<meta property=\"article:publisher\" content=\"https:\/\/www.facebook.com\/dogmasocks\/\" \/>\n<meta property=\"article:modified_time\" content=\"2019-08-16T20:36:32+00:00\" \/>\n<meta property=\"og:image\" content=\"https:\/\/www.dogmasocks.com\/wp-content\/uploads\/2019\/04\/eu-logo.png\" \/>\n<meta name=\"twitter:card\" content=\"summary_large_image\" \/>\n<meta name=\"twitter:label1\" content=\"Procijenjeno vrijeme \u010ditanja\" \/>\n\t<meta name=\"twitter:data1\" content=\"1 minuta\" \/>\n<script type=\"application\/ld+json\" class=\"yoast-schema-graph\">{\"@context\":\"https:\/\/schema.org\",\"@graph\":[{\"@type\":\"WebPage\",\"@id\":\"https:\/\/www.dogmasocks.com\/hr\/konkurentnost-i-kohezija\/\",\"url\":\"https:\/\/www.dogmasocks.com\/hr\/konkurentnost-i-kohezija\/\",\"name\":\"Konkurentnost i kohezija | Dogma Socks - Extreme Design For Your Feet\",\"isPartOf\":{\"@id\":\"https:\/\/www.dogmasocks.com\/hr\/#website\"},\"primaryImageOfPage\":{\"@id\":\"https:\/\/www.dogmasocks.com\/hr\/konkurentnost-i-kohezija\/#primaryimage\"},\"image\":{\"@id\":\"https:\/\/www.dogmasocks.com\/hr\/konkurentnost-i-kohezija\/#primaryimage\"},\"thumbnailUrl\":\"https:\/\/www.dogmasocks.com\/wp-content\/uploads\/2019\/04\/eu-logo.png\",\"datePublished\":\"2019-04-19T10:22:14+00:00\",\"dateModified\":\"2019-08-16T20:36:32+00:00\",\"breadcrumb\":{\"@id\":\"https:\/\/www.dogmasocks.com\/hr\/konkurentnost-i-kohezija\/#breadcrumb\"},\"inLanguage\":\"hr\",\"potentialAction\":[{\"@type\":\"ReadAction\",\"target\":[\"https:\/\/www.dogmasocks.com\/hr\/konkurentnost-i-kohezija\/\"]}]},{\"@type\":\"ImageObject\",\"inLanguage\":\"hr\",\"@id\":\"https:\/\/www.dogmasocks.com\/hr\/konkurentnost-i-kohezija\/#primaryimage\",\"url\":\"https:\/\/www.dogmasocks.com\/wp-content\/uploads\/2019\/04\/eu-logo.png\",\"contentUrl\":\"https:\/\/www.dogmasocks.com\/wp-content\/uploads\/2019\/04\/eu-logo.png\"},{\"@type\":\"BreadcrumbList\",\"@id\":\"https:\/\/www.dogmasocks.com\/hr\/konkurentnost-i-kohezija\/#breadcrumb\",\"itemListElement\":[{\"@type\":\"ListItem\",\"position\":1,\"name\":\"Home\",\"item\":\"https:\/\/www.dogmasocks.com\/hr\/\"},{\"@type\":\"ListItem\",\"position\":2,\"name\":\"Konkurentnost i kohezija\"}]},{\"@type\":\"WebSite\",\"@id\":\"https:\/\/www.dogmasocks.com\/hr\/#website\",\"url\":\"https:\/\/www.dogmasocks.com\/hr\/\",\"name\":\"Dogma Socks\",\"description\":\"eXtreme design for your feet.\",\"potentialAction\":[{\"@type\":\"SearchAction\",\"target\":{\"@type\":\"EntryPoint\",\"urlTemplate\":\"https:\/\/www.dogmasocks.com\/hr\/?s={search_term_string}\"},\"query-input\":{\"@type\":\"PropertyValueSpecification\",\"valueRequired\":true,\"valueName\":\"search_term_string\"}}],\"inLanguage\":\"hr\"}]}<\/script>\n<!-- \/ Yoast SEO plugin. -->","yoast_head_json":{"title":"Konkurentnost i kohezija | Dogma Socks - Extreme Design For Your Feet","robots":{"index":"noindex","follow":"nofollow"},"og_locale":"hr_HR","og_type":"article","og_title":"Konkurentnost i kohezija | Dogma Socks - Extreme Design For Your Feet","og_description":"Kvalitetu tvrtke Makar d.o.o. prepoznale su institucije Europske unije koje podupiru na\u0161 projekt pod nazivom: \u201eUlaganje u brendiranje proizvoda tvrtke Makar\u201c Projekt je sufinancirala Europska unija iz Europskih strukturnih i investicijskih fondova u financijskom razdoblju 2014-2020, konkretno, iz Europskog fonda za regionalni razvoj kroz natje\u010daj \u201eWWW VAU\u010cERI ZA MSP-ove\u201c. Projekt je odobren u smislu unapre\u0111enja [&hellip;]","og_url":"https:\/\/www.dogmasocks.com\/hr\/konkurentnost-i-kohezija\/","og_site_name":"Dogma Socks","article_publisher":"https:\/\/www.facebook.com\/dogmasocks\/","article_modified_time":"2019-08-16T20:36:32+00:00","og_image":[{"url":"https:\/\/www.dogmasocks.com\/wp-content\/uploads\/2019\/04\/eu-logo.png","type":"","width":"","height":""}],"twitter_card":"summary_large_image","twitter_misc":{"Procijenjeno vrijeme \u010ditanja":"1 minuta"},"schema":{"@context":"https:\/\/schema.org","@graph":[{"@type":"WebPage","@id":"https:\/\/www.dogmasocks.com\/hr\/konkurentnost-i-kohezija\/","url":"https:\/\/www.dogmasocks.com\/hr\/konkurentnost-i-kohezija\/","name":"Konkurentnost i kohezija | Dogma Socks - Extreme Design For Your Feet","isPartOf":{"@id":"https:\/\/www.dogmasocks.com\/hr\/#website"},"primaryImageOfPage":{"@id":"https:\/\/www.dogmasocks.com\/hr\/konkurentnost-i-kohezija\/#primaryimage"},"image":{"@id":"https:\/\/www.dogmasocks.com\/hr\/konkurentnost-i-kohezija\/#primaryimage"},"thumbnailUrl":"https:\/\/www.dogmasocks.com\/wp-content\/uploads\/2019\/04\/eu-logo.png","datePublished":"2019-04-19T10:22:14+00:00","dateModified":"2019-08-16T20:36:32+00:00","breadcrumb":{"@id":"https:\/\/www.dogmasocks.com\/hr\/konkurentnost-i-kohezija\/#breadcrumb"},"inLanguage":"hr","potentialAction":[{"@type":"ReadAction","target":["https:\/\/www.dogmasocks.com\/hr\/konkurentnost-i-kohezija\/"]}]},{"@type":"ImageObject","inLanguage":"hr","@id":"https:\/\/www.dogmasocks.com\/hr\/konkurentnost-i-kohezija\/#primaryimage","url":"https:\/\/www.dogmasocks.com\/wp-content\/uploads\/2019\/04\/eu-logo.png","contentUrl":"https:\/\/www.dogmasocks.com\/wp-content\/uploads\/2019\/04\/eu-logo.png"},{"@type":"BreadcrumbList","@id":"https:\/\/www.dogmasocks.com\/hr\/konkurentnost-i-kohezija\/#breadcrumb","itemListElement":[{"@type":"ListItem","position":1,"name":"Home","item":"https:\/\/www.dogmasocks.com\/hr\/"},{"@type":"ListItem","position":2,"name":"Konkurentnost i kohezija"}]},{"@type":"WebSite","@id":"https:\/\/www.dogmasocks.com\/hr\/#website","url":"https:\/\/www.dogmasocks.com\/hr\/","name":"Dogma Socks","description":"eXtreme design for your feet.","potentialAction":[{"@type":"SearchAction","target":{"@type":"EntryPoint","urlTemplate":"https:\/\/www.dogmasocks.com\/hr\/?s={search_term_string}"},"query-input":{"@type":"PropertyValueSpecification","valueRequired":true,"valueName":"search_term_string"}}],"inLanguage":"hr"}]}},"_links":{"self":[{"href":"https:\/\/www.dogmasocks.com\/hr\/wp-json\/wp\/v2\/pages\/53491","targetHints":{"allow":["GET"]}}],"collection":[{"href":"https:\/\/www.dogmasocks.com\/hr\/wp-json\/wp\/v2\/pages"}],"about":[{"href":"https:\/\/www.dogmasocks.com\/hr\/wp-json\/wp\/v2\/types\/page"}],"author":[{"embeddable":true,"href":"https:\/\/www.dogmasocks.com\/hr\/wp-json\/wp\/v2\/users\/1"}],"replies":[{"embeddable":true,"href":"https:\/\/www.dogmasocks.com\/hr\/wp-json\/wp\/v2\/comments?post=53491"}],"version-history":[{"count":1,"href":"https:\/\/www.dogmasocks.com\/hr\/wp-json\/wp\/v2\/pages\/53491\/revisions"}],"predecessor-version":[{"id":53492,"href":"https:\/\/www.dogmasocks.com\/hr\/wp-json\/wp\/v2\/pages\/53491\/revisions\/53492"}],"wp:attachment":[{"href":"https:\/\/www.dogmasocks.com\/hr\/wp-json\/wp\/v2\/media?parent=53491"}],"curies":[{"name":"wp","href":"https:\/\/api.w.org\/{rel}","templated":true}]}}