{"id":53412,"date":"2019-03-01T17:05:06","date_gmt":"2019-03-01T16:05:06","guid":{"rendered":"https:\/\/www.dogmasocks.com\/dogma-family\/"},"modified":"2019-09-05T13:42:00","modified_gmt":"2019-09-05T11:42:00","slug":"dogma-family","status":"publish","type":"page","link":"https:\/\/www.dogmasocks.com\/hr\/dogma-family\/","title":{"rendered":"Dogma obitelj"},"content":{"rendered":"\n<p style=\"text-align:center\">Dogma obitelj sastoji se od ljubitelja sporta koji dijele strast prema prirodi, zdravom na\u010dinu \u017eivota i sportskoj opremi. <\/p>\n\n\n\n<p style=\"text-align:center\">Blagoslovljeni smo razli\u010ditim osobnostima, zanimljivim \u017eivotnim pri\u010dama, dragocjenim \u017eivotnim iskustvima i sretni smo \u0161to ih mo\u017eemo podijeliti. Imamo \u201elude\u201c snowboarda\u0161e, ljubitelje prirode, profesionalne trka\u0107e, planinare i individualce koji te\u0161ko rade. Dogma je obitelj snova, strasti, te\u0161kog rada i motivacija koja nam svima pokazuje da trebamo i\u0107i za svojim snovima.<\/p>\n","protected":false},"excerpt":{"rendered":"<p>Dogma obitelj sastoji se od ljubitelja sporta koji dijele strast prema prirodi, zdravom na\u010dinu \u017eivota i sportskoj opremi. Blagoslovljeni smo razli\u010ditim osobnostima, zanimljivim \u017eivotnim pri\u010dama, dragocjenim \u017eivotnim iskustvima i sretni smo \u0161to ih mo\u017eemo podijeliti. Imamo \u201elude\u201c snowboarda\u0161e, ljubitelje prirode, profesionalne trka\u0107e, planinare i individualce koji te\u0161ko rade. Dogma je obitelj snova, strasti, te\u0161kog rada [&hellip;]<\/p>\n","protected":false},"author":1,"featured_media":53413,"parent":0,"menu_order":0,"comment_status":"closed","ping_status":"closed","template":"","meta":{"_acf_changed":false,"footnotes":""},"class_list":["post-53412","page","type-page","status-publish","has-post-thumbnail","hentry"],"acf":[],"yoast_head":"<!-- This site is optimized with the Yoast SEO plugin v24.2 - https:\/\/yoast.com\/wordpress\/plugins\/seo\/ -->\n<title>Dogma obitelj | Dogma Socks - Extreme Design For Your Feet<\/title>\n<meta name=\"robots\" content=\"noindex, nofollow\" \/>\n<meta property=\"og:locale\" content=\"hr_HR\" \/>\n<meta property=\"og:type\" content=\"article\" \/>\n<meta property=\"og:title\" content=\"Dogma obitelj | Dogma Socks - Extreme Design For Your Feet\" \/>\n<meta property=\"og:description\" content=\"Dogma obitelj sastoji se od ljubitelja sporta koji dijele strast prema prirodi, zdravom na\u010dinu \u017eivota i sportskoj opremi. Blagoslovljeni smo razli\u010ditim osobnostima, zanimljivim \u017eivotnim pri\u010dama, dragocjenim \u017eivotnim iskustvima i sretni smo \u0161to ih mo\u017eemo podijeliti. Imamo \u201elude\u201c snowboarda\u0161e, ljubitelje prirode, profesionalne trka\u0107e, planinare i individualce koji te\u0161ko rade. Dogma je obitelj snova, strasti, te\u0161kog rada [&hellip;]\" \/>\n<meta property=\"og:url\" content=\"https:\/\/www.dogmasocks.com\/hr\/dogma-family\/\" \/>\n<meta property=\"og:site_name\" content=\"Dogma Socks\" \/>\n<meta property=\"article:publisher\" content=\"https:\/\/www.facebook.com\/dogmasocks\/\" \/>\n<meta property=\"article:modified_time\" content=\"2019-09-05T11:42:00+00:00\" \/>\n<meta property=\"og:image\" content=\"https:\/\/www.dogmasocks.com\/wp-content\/uploads\/2019\/04\/dogmasocks-snow-snow-fox-foxy-salmon-1.jpg\" \/>\n\t<meta property=\"og:image:width\" content=\"1920\" \/>\n\t<meta property=\"og:image:height\" content=\"1266\" \/>\n\t<meta property=\"og:image:type\" content=\"image\/jpeg\" \/>\n<meta name=\"twitter:card\" content=\"summary_large_image\" \/>\n<script type=\"application\/ld+json\" class=\"yoast-schema-graph\">{\"@context\":\"https:\/\/schema.org\",\"@graph\":[{\"@type\":\"WebPage\",\"@id\":\"https:\/\/www.dogmasocks.com\/hr\/dogma-family\/\",\"url\":\"https:\/\/www.dogmasocks.com\/hr\/dogma-family\/\",\"name\":\"Dogma obitelj | Dogma Socks - Extreme Design For Your Feet\",\"isPartOf\":{\"@id\":\"http:\/\/www.dogmasocks.com\/hr\/#website\"},\"primaryImageOfPage\":{\"@id\":\"https:\/\/www.dogmasocks.com\/hr\/dogma-family\/#primaryimage\"},\"image\":{\"@id\":\"https:\/\/www.dogmasocks.com\/hr\/dogma-family\/#primaryimage\"},\"thumbnailUrl\":\"https:\/\/www.dogmasocks.com\/wp-content\/uploads\/2019\/04\/dogmasocks-snow-snow-fox-foxy-salmon-1.jpg\",\"datePublished\":\"2019-03-01T16:05:06+00:00\",\"dateModified\":\"2019-09-05T11:42:00+00:00\",\"breadcrumb\":{\"@id\":\"https:\/\/www.dogmasocks.com\/hr\/dogma-family\/#breadcrumb\"},\"inLanguage\":\"hr\",\"potentialAction\":[{\"@type\":\"ReadAction\",\"target\":[\"https:\/\/www.dogmasocks.com\/hr\/dogma-family\/\"]}]},{\"@type\":\"ImageObject\",\"inLanguage\":\"hr\",\"@id\":\"https:\/\/www.dogmasocks.com\/hr\/dogma-family\/#primaryimage\",\"url\":\"https:\/\/www.dogmasocks.com\/wp-content\/uploads\/2019\/04\/dogmasocks-snow-snow-fox-foxy-salmon-1.jpg\",\"contentUrl\":\"https:\/\/www.dogmasocks.com\/wp-content\/uploads\/2019\/04\/dogmasocks-snow-snow-fox-foxy-salmon-1.jpg\",\"width\":1920,\"height\":1266},{\"@type\":\"BreadcrumbList\",\"@id\":\"https:\/\/www.dogmasocks.com\/hr\/dogma-family\/#breadcrumb\",\"itemListElement\":[{\"@type\":\"ListItem\",\"position\":1,\"name\":\"Home\",\"item\":\"http:\/\/www.dogmasocks.com\/hr\/\"},{\"@type\":\"ListItem\",\"position\":2,\"name\":\"Dogma obitelj\"}]},{\"@type\":\"WebSite\",\"@id\":\"http:\/\/www.dogmasocks.com\/hr\/#website\",\"url\":\"http:\/\/www.dogmasocks.com\/hr\/\",\"name\":\"Dogma Socks\",\"description\":\"eXtreme design for your feet.\",\"potentialAction\":[{\"@type\":\"SearchAction\",\"target\":{\"@type\":\"EntryPoint\",\"urlTemplate\":\"http:\/\/www.dogmasocks.com\/hr\/?s={search_term_string}\"},\"query-input\":{\"@type\":\"PropertyValueSpecification\",\"valueRequired\":true,\"valueName\":\"search_term_string\"}}],\"inLanguage\":\"hr\"}]}<\/script>\n<!-- \/ Yoast SEO plugin. -->","yoast_head_json":{"title":"Dogma obitelj | Dogma Socks - Extreme Design For Your Feet","robots":{"index":"noindex","follow":"nofollow"},"og_locale":"hr_HR","og_type":"article","og_title":"Dogma obitelj | Dogma Socks - Extreme Design For Your Feet","og_description":"Dogma obitelj sastoji se od ljubitelja sporta koji dijele strast prema prirodi, zdravom na\u010dinu \u017eivota i sportskoj opremi. Blagoslovljeni smo razli\u010ditim osobnostima, zanimljivim \u017eivotnim pri\u010dama, dragocjenim \u017eivotnim iskustvima i sretni smo \u0161to ih mo\u017eemo podijeliti. Imamo \u201elude\u201c snowboarda\u0161e, ljubitelje prirode, profesionalne trka\u0107e, planinare i individualce koji te\u0161ko rade. Dogma je obitelj snova, strasti, te\u0161kog rada [&hellip;]","og_url":"https:\/\/www.dogmasocks.com\/hr\/dogma-family\/","og_site_name":"Dogma Socks","article_publisher":"https:\/\/www.facebook.com\/dogmasocks\/","article_modified_time":"2019-09-05T11:42:00+00:00","og_image":[{"width":1920,"height":1266,"url":"https:\/\/www.dogmasocks.com\/wp-content\/uploads\/2019\/04\/dogmasocks-snow-snow-fox-foxy-salmon-1.jpg","type":"image\/jpeg"}],"twitter_card":"summary_large_image","schema":{"@context":"https:\/\/schema.org","@graph":[{"@type":"WebPage","@id":"https:\/\/www.dogmasocks.com\/hr\/dogma-family\/","url":"https:\/\/www.dogmasocks.com\/hr\/dogma-family\/","name":"Dogma obitelj | Dogma Socks - Extreme Design For Your Feet","isPartOf":{"@id":"http:\/\/www.dogmasocks.com\/hr\/#website"},"primaryImageOfPage":{"@id":"https:\/\/www.dogmasocks.com\/hr\/dogma-family\/#primaryimage"},"image":{"@id":"https:\/\/www.dogmasocks.com\/hr\/dogma-family\/#primaryimage"},"thumbnailUrl":"https:\/\/www.dogmasocks.com\/wp-content\/uploads\/2019\/04\/dogmasocks-snow-snow-fox-foxy-salmon-1.jpg","datePublished":"2019-03-01T16:05:06+00:00","dateModified":"2019-09-05T11:42:00+00:00","breadcrumb":{"@id":"https:\/\/www.dogmasocks.com\/hr\/dogma-family\/#breadcrumb"},"inLanguage":"hr","potentialAction":[{"@type":"ReadAction","target":["https:\/\/www.dogmasocks.com\/hr\/dogma-family\/"]}]},{"@type":"ImageObject","inLanguage":"hr","@id":"https:\/\/www.dogmasocks.com\/hr\/dogma-family\/#primaryimage","url":"https:\/\/www.dogmasocks.com\/wp-content\/uploads\/2019\/04\/dogmasocks-snow-snow-fox-foxy-salmon-1.jpg","contentUrl":"https:\/\/www.dogmasocks.com\/wp-content\/uploads\/2019\/04\/dogmasocks-snow-snow-fox-foxy-salmon-1.jpg","width":1920,"height":1266},{"@type":"BreadcrumbList","@id":"https:\/\/www.dogmasocks.com\/hr\/dogma-family\/#breadcrumb","itemListElement":[{"@type":"ListItem","position":1,"name":"Home","item":"http:\/\/www.dogmasocks.com\/hr\/"},{"@type":"ListItem","position":2,"name":"Dogma obitelj"}]},{"@type":"WebSite","@id":"http:\/\/www.dogmasocks.com\/hr\/#website","url":"http:\/\/www.dogmasocks.com\/hr\/","name":"Dogma Socks","description":"eXtreme design for your feet.","potentialAction":[{"@type":"SearchAction","target":{"@type":"EntryPoint","urlTemplate":"http:\/\/www.dogmasocks.com\/hr\/?s={search_term_string}"},"query-input":{"@type":"PropertyValueSpecification","valueRequired":true,"valueName":"search_term_string"}}],"inLanguage":"hr"}]}},"_links":{"self":[{"href":"https:\/\/www.dogmasocks.com\/hr\/wp-json\/wp\/v2\/pages\/53412","targetHints":{"allow":["GET"]}}],"collection":[{"href":"https:\/\/www.dogmasocks.com\/hr\/wp-json\/wp\/v2\/pages"}],"about":[{"href":"https:\/\/www.dogmasocks.com\/hr\/wp-json\/wp\/v2\/types\/page"}],"author":[{"embeddable":true,"href":"https:\/\/www.dogmasocks.com\/hr\/wp-json\/wp\/v2\/users\/1"}],"replies":[{"embeddable":true,"href":"https:\/\/www.dogmasocks.com\/hr\/wp-json\/wp\/v2\/comments?post=53412"}],"version-history":[{"count":1,"href":"https:\/\/www.dogmasocks.com\/hr\/wp-json\/wp\/v2\/pages\/53412\/revisions"}],"predecessor-version":[{"id":53421,"href":"https:\/\/www.dogmasocks.com\/hr\/wp-json\/wp\/v2\/pages\/53412\/revisions\/53421"}],"wp:featuredmedia":[{"embeddable":true,"href":"https:\/\/www.dogmasocks.com\/hr\/wp-json\/wp\/v2\/media\/53413"}],"wp:attachment":[{"href":"https:\/\/www.dogmasocks.com\/hr\/wp-json\/wp\/v2\/media?parent=53412"}],"curies":[{"name":"wp","href":"https:\/\/api.w.org\/{rel}","templated":true}]}}