{"id":48322,"date":"2019-05-02T20:59:18","date_gmt":"2019-05-02T18:59:18","guid":{"rendered":"https:\/\/www.dogmasocks.com\/custom\/"},"modified":"2019-09-05T13:51:13","modified_gmt":"2019-09-05T11:51:13","slug":"posebno-dizajnirani-proizvodi","status":"publish","type":"page","link":"https:\/\/www.dogmasocks.com\/hr\/posebno-dizajnirani-proizvodi\/","title":{"rendered":"Posebno dizajnirani proizvodi"},"content":{"rendered":"\n<h2 class=\"wp-block-heading\" style=\"text-align:center\">Personalizirajte svoje Dogma \u010darape i ostale proizvode iz linije<\/h2>\n\n\n\n<p class=\"has-medium-font-size\">Bilo da \u017eelite \u010darape s Dogma kvalitetom za retail ili kao poklon za zaposlenike i poslovne partnere, nudimo vam usluge personaliziranja branda. Personalizirane \u010darape su uvijek lijep i prakti\u010dan poklon.<\/p>\n\n\n\n<p class=\"has-medium-font-size\">Mo\u017eete sami dizajnirati svoje \u010darape, personalizirati bilo koje Dogma \u010darape ili druge proizvode iz ponude sa svojim logom. Izaberite materijale, boje i vi\u0161e. Po\u0161aljite nam svoj logo i \u017eeljeni dizajn kako bismo vam mogli dati ponudu.<\/p>\n\n\n\n<ul class=\"wp-block-list\"><li><strong>PRILAGO\u0110ENI DIZAJN I PRISTUP<\/strong><\/li><li><strong>BRZI ROK ISPORUKE<\/strong><\/li><li><strong>VISOKA KVALITETA<\/strong><\/li><li><strong> KONTAKTIRAJTE NAS ZA PROCJENU : info@dogmasocks.com<\/strong><\/li><\/ul>\n\n\n\n<div class=\"wp-block-button aligncenter\"><a class=\"wp-block-button__link\" href=\"https:\/\/www.dogmasocks.com\/hr\/kontakt\/#kontakt\">Kontaktirajte nas<\/a><\/div>\n","protected":false},"excerpt":{"rendered":"<p>Personalizirajte svoje Dogma \u010darape i ostale proizvode iz linije Bilo da \u017eelite \u010darape s Dogma kvalitetom za retail ili kao poklon za zaposlenike i poslovne partnere, nudimo vam usluge personaliziranja branda. Personalizirane \u010darape su uvijek lijep i prakti\u010dan poklon. Mo\u017eete sami dizajnirati svoje \u010darape, personalizirati bilo koje Dogma \u010darape ili druge proizvode iz ponude sa [&hellip;]<\/p>\n","protected":false},"author":1,"featured_media":48323,"parent":0,"menu_order":0,"comment_status":"closed","ping_status":"closed","template":"","meta":{"_acf_changed":false,"footnotes":""},"class_list":["post-48322","page","type-page","status-publish","has-post-thumbnail","hentry"],"acf":[],"yoast_head":"<!-- This site is optimized with the Yoast SEO plugin v24.2 - https:\/\/yoast.com\/wordpress\/plugins\/seo\/ -->\n<title>Custom Products | Dogma Socks - Extreme Design For Your Feet<\/title>\n<meta name=\"description\" content=\"Zainteresirani za proizvode izra\u0111ene po mjeri? Ovdje u Dogmi nudimo usluge prilago\u0111enog i privatnog brandiranja. Dizajnirajte vlastite \u010darape i druge proizvode sa svojim logotipom.\" \/>\n<meta name=\"robots\" content=\"index, follow, max-snippet:-1, max-image-preview:large, max-video-preview:-1\" \/>\n<link rel=\"canonical\" href=\"https:\/\/www.dogmasocks.com\/hr\/posebno-dizajnirani-proizvodi\/\" \/>\n<meta property=\"og:locale\" content=\"hr_HR\" \/>\n<meta property=\"og:type\" content=\"article\" \/>\n<meta property=\"og:title\" content=\"Custom Products | Dogma Socks - Extreme Design For Your Feet\" \/>\n<meta property=\"og:description\" content=\"Zainteresirani za proizvode izra\u0111ene po mjeri? Ovdje u Dogmi nudimo usluge prilago\u0111enog i privatnog brandiranja. Dizajnirajte vlastite \u010darape i druge proizvode sa svojim logotipom.\" \/>\n<meta property=\"og:url\" content=\"https:\/\/www.dogmasocks.com\/hr\/posebno-dizajnirani-proizvodi\/\" \/>\n<meta property=\"og:site_name\" content=\"Dogma Socks\" \/>\n<meta property=\"article:publisher\" content=\"https:\/\/www.facebook.com\/dogmasocks\/\" \/>\n<meta property=\"article:modified_time\" content=\"2019-09-05T11:51:13+00:00\" \/>\n<meta property=\"og:image\" content=\"https:\/\/www.dogmasocks.com\/wp-content\/uploads\/2019\/05\/dogma_submarine_custom.jpg\" \/>\n\t<meta property=\"og:image:width\" content=\"1248\" \/>\n\t<meta property=\"og:image:height\" content=\"990\" \/>\n\t<meta property=\"og:image:type\" content=\"image\/jpeg\" \/>\n<meta name=\"twitter:card\" content=\"summary_large_image\" \/>\n<script type=\"application\/ld+json\" class=\"yoast-schema-graph\">{\"@context\":\"https:\/\/schema.org\",\"@graph\":[{\"@type\":\"WebPage\",\"@id\":\"https:\/\/www.dogmasocks.com\/hr\/posebno-dizajnirani-proizvodi\/\",\"url\":\"https:\/\/www.dogmasocks.com\/hr\/posebno-dizajnirani-proizvodi\/\",\"name\":\"Custom Products | Dogma Socks - Extreme Design For Your Feet\",\"isPartOf\":{\"@id\":\"https:\/\/www.dogmasocks.com\/hr\/#website\"},\"primaryImageOfPage\":{\"@id\":\"https:\/\/www.dogmasocks.com\/hr\/posebno-dizajnirani-proizvodi\/#primaryimage\"},\"image\":{\"@id\":\"https:\/\/www.dogmasocks.com\/hr\/posebno-dizajnirani-proizvodi\/#primaryimage\"},\"thumbnailUrl\":\"https:\/\/www.dogmasocks.com\/wp-content\/uploads\/2019\/05\/dogma_submarine_custom.jpg\",\"datePublished\":\"2019-05-02T18:59:18+00:00\",\"dateModified\":\"2019-09-05T11:51:13+00:00\",\"description\":\"Zainteresirani za proizvode izra\u0111ene po mjeri? Ovdje u Dogmi nudimo usluge prilago\u0111enog i privatnog brandiranja. Dizajnirajte vlastite \u010darape i druge proizvode sa svojim logotipom.\",\"breadcrumb\":{\"@id\":\"https:\/\/www.dogmasocks.com\/hr\/posebno-dizajnirani-proizvodi\/#breadcrumb\"},\"inLanguage\":\"hr\",\"potentialAction\":[{\"@type\":\"ReadAction\",\"target\":[\"https:\/\/www.dogmasocks.com\/hr\/posebno-dizajnirani-proizvodi\/\"]}]},{\"@type\":\"ImageObject\",\"inLanguage\":\"hr\",\"@id\":\"https:\/\/www.dogmasocks.com\/hr\/posebno-dizajnirani-proizvodi\/#primaryimage\",\"url\":\"https:\/\/www.dogmasocks.com\/wp-content\/uploads\/2019\/05\/dogma_submarine_custom.jpg\",\"contentUrl\":\"https:\/\/www.dogmasocks.com\/wp-content\/uploads\/2019\/05\/dogma_submarine_custom.jpg\",\"width\":1248,\"height\":990},{\"@type\":\"BreadcrumbList\",\"@id\":\"https:\/\/www.dogmasocks.com\/hr\/posebno-dizajnirani-proizvodi\/#breadcrumb\",\"itemListElement\":[{\"@type\":\"ListItem\",\"position\":1,\"name\":\"Home\",\"item\":\"https:\/\/www.dogmasocks.com\/hr\/\"},{\"@type\":\"ListItem\",\"position\":2,\"name\":\"Posebno dizajnirani proizvodi\"}]},{\"@type\":\"WebSite\",\"@id\":\"https:\/\/www.dogmasocks.com\/hr\/#website\",\"url\":\"https:\/\/www.dogmasocks.com\/hr\/\",\"name\":\"Dogma Socks\",\"description\":\"eXtreme design for your feet.\",\"potentialAction\":[{\"@type\":\"SearchAction\",\"target\":{\"@type\":\"EntryPoint\",\"urlTemplate\":\"https:\/\/www.dogmasocks.com\/hr\/?s={search_term_string}\"},\"query-input\":{\"@type\":\"PropertyValueSpecification\",\"valueRequired\":true,\"valueName\":\"search_term_string\"}}],\"inLanguage\":\"hr\"}]}<\/script>\n<!-- \/ Yoast SEO plugin. -->","yoast_head_json":{"title":"Custom Products | Dogma Socks - Extreme Design For Your Feet","description":"Zainteresirani za proizvode izra\u0111ene po mjeri? Ovdje u Dogmi nudimo usluge prilago\u0111enog i privatnog brandiranja. Dizajnirajte vlastite \u010darape i druge proizvode sa svojim logotipom.","robots":{"index":"index","follow":"follow","max-snippet":"max-snippet:-1","max-image-preview":"max-image-preview:large","max-video-preview":"max-video-preview:-1"},"canonical":"https:\/\/www.dogmasocks.com\/hr\/posebno-dizajnirani-proizvodi\/","og_locale":"hr_HR","og_type":"article","og_title":"Custom Products | Dogma Socks - Extreme Design For Your Feet","og_description":"Zainteresirani za proizvode izra\u0111ene po mjeri? Ovdje u Dogmi nudimo usluge prilago\u0111enog i privatnog brandiranja. Dizajnirajte vlastite \u010darape i druge proizvode sa svojim logotipom.","og_url":"https:\/\/www.dogmasocks.com\/hr\/posebno-dizajnirani-proizvodi\/","og_site_name":"Dogma Socks","article_publisher":"https:\/\/www.facebook.com\/dogmasocks\/","article_modified_time":"2019-09-05T11:51:13+00:00","og_image":[{"width":1248,"height":990,"url":"https:\/\/www.dogmasocks.com\/wp-content\/uploads\/2019\/05\/dogma_submarine_custom.jpg","type":"image\/jpeg"}],"twitter_card":"summary_large_image","schema":{"@context":"https:\/\/schema.org","@graph":[{"@type":"WebPage","@id":"https:\/\/www.dogmasocks.com\/hr\/posebno-dizajnirani-proizvodi\/","url":"https:\/\/www.dogmasocks.com\/hr\/posebno-dizajnirani-proizvodi\/","name":"Custom Products | Dogma Socks - Extreme Design For Your Feet","isPartOf":{"@id":"https:\/\/www.dogmasocks.com\/hr\/#website"},"primaryImageOfPage":{"@id":"https:\/\/www.dogmasocks.com\/hr\/posebno-dizajnirani-proizvodi\/#primaryimage"},"image":{"@id":"https:\/\/www.dogmasocks.com\/hr\/posebno-dizajnirani-proizvodi\/#primaryimage"},"thumbnailUrl":"https:\/\/www.dogmasocks.com\/wp-content\/uploads\/2019\/05\/dogma_submarine_custom.jpg","datePublished":"2019-05-02T18:59:18+00:00","dateModified":"2019-09-05T11:51:13+00:00","description":"Zainteresirani za proizvode izra\u0111ene po mjeri? Ovdje u Dogmi nudimo usluge prilago\u0111enog i privatnog brandiranja. Dizajnirajte vlastite \u010darape i druge proizvode sa svojim logotipom.","breadcrumb":{"@id":"https:\/\/www.dogmasocks.com\/hr\/posebno-dizajnirani-proizvodi\/#breadcrumb"},"inLanguage":"hr","potentialAction":[{"@type":"ReadAction","target":["https:\/\/www.dogmasocks.com\/hr\/posebno-dizajnirani-proizvodi\/"]}]},{"@type":"ImageObject","inLanguage":"hr","@id":"https:\/\/www.dogmasocks.com\/hr\/posebno-dizajnirani-proizvodi\/#primaryimage","url":"https:\/\/www.dogmasocks.com\/wp-content\/uploads\/2019\/05\/dogma_submarine_custom.jpg","contentUrl":"https:\/\/www.dogmasocks.com\/wp-content\/uploads\/2019\/05\/dogma_submarine_custom.jpg","width":1248,"height":990},{"@type":"BreadcrumbList","@id":"https:\/\/www.dogmasocks.com\/hr\/posebno-dizajnirani-proizvodi\/#breadcrumb","itemListElement":[{"@type":"ListItem","position":1,"name":"Home","item":"https:\/\/www.dogmasocks.com\/hr\/"},{"@type":"ListItem","position":2,"name":"Posebno dizajnirani proizvodi"}]},{"@type":"WebSite","@id":"https:\/\/www.dogmasocks.com\/hr\/#website","url":"https:\/\/www.dogmasocks.com\/hr\/","name":"Dogma Socks","description":"eXtreme design for your feet.","potentialAction":[{"@type":"SearchAction","target":{"@type":"EntryPoint","urlTemplate":"https:\/\/www.dogmasocks.com\/hr\/?s={search_term_string}"},"query-input":{"@type":"PropertyValueSpecification","valueRequired":true,"valueName":"search_term_string"}}],"inLanguage":"hr"}]}},"_links":{"self":[{"href":"https:\/\/www.dogmasocks.com\/hr\/wp-json\/wp\/v2\/pages\/48322","targetHints":{"allow":["GET"]}}],"collection":[{"href":"https:\/\/www.dogmasocks.com\/hr\/wp-json\/wp\/v2\/pages"}],"about":[{"href":"https:\/\/www.dogmasocks.com\/hr\/wp-json\/wp\/v2\/types\/page"}],"author":[{"embeddable":true,"href":"https:\/\/www.dogmasocks.com\/hr\/wp-json\/wp\/v2\/users\/1"}],"replies":[{"embeddable":true,"href":"https:\/\/www.dogmasocks.com\/hr\/wp-json\/wp\/v2\/comments?post=48322"}],"version-history":[{"count":2,"href":"https:\/\/www.dogmasocks.com\/hr\/wp-json\/wp\/v2\/pages\/48322\/revisions"}],"predecessor-version":[{"id":48325,"href":"https:\/\/www.dogmasocks.com\/hr\/wp-json\/wp\/v2\/pages\/48322\/revisions\/48325"}],"wp:featuredmedia":[{"embeddable":true,"href":"https:\/\/www.dogmasocks.com\/hr\/wp-json\/wp\/v2\/media\/48323"}],"wp:attachment":[{"href":"https:\/\/www.dogmasocks.com\/hr\/wp-json\/wp\/v2\/media?parent=48322"}],"curies":[{"name":"wp","href":"https:\/\/api.w.org\/{rel}","templated":true}]}}