{"id":626569,"date":"2020-04-02T09:59:30","date_gmt":"2020-04-02T07:59:30","guid":{"rendered":"https:\/\/www.dogmasocks.com\/?post_type=product&#038;p=626569"},"modified":"2020-09-15T10:24:26","modified_gmt":"2020-09-15T08:24:26","slug":"emu-stripe-w","status":"publish","type":"product","link":"https:\/\/www.dogmasocks.com\/de\/produkt\/emu-stripe-w\/","title":{"rendered":"Emu Stripe W"},"content":{"rendered":"<p>Die Kompressionsh\u00fclsen sind mit fortschrittlicher Kompressionstechnologie ausgestattet, die sich an Ihre Muskeln anpasst und ihnen hilft, sich nach anstrengender k\u00f6rperlicher Aktivit\u00e4t schneller zu erholen. Die Kraft der Kompression reduziert die Vibration der Muskeln und beugt so Verletzungen vor. Ideal f\u00fcr den Multisport &#8211; Laufen, Stra\u00dfe, Trail, Wandern, Fitnessstudio &#8230;<\/p>\n<p><strong>TECHNOLOGIE<\/strong><\/p>\n<p>Mittlere allm\u00e4hliche Kompression<br \/>\nEs reduziert Muskelschmerzen und Muskelvibrationen<br \/>\nStimuliert eine schnellere Erholung<br \/>\nGew\u00e4hrleistet eine optimale Durchblutung<br \/>\nLeicht und atmungsaktiv<\/p>\n<p><strong>MATERIALIEN<\/strong><\/p>\n<p>Technischer Polyester 53,9%<br \/>\nElasthan 37,3%<br \/>\nPolyamid 8,8%<\/p>\n<p>F\u00fcr die genaue Gr\u00f6\u00dfe bitte messen sie den Umfang der Wade um der breitesten Punkt.<\/p>\n","protected":false},"excerpt":{"rendered":"<p>Die Kompressionsh\u00fclsen sind mit fortschrittlicher Kompressionstechnologie ausgestattet, die sich an Ihre Muskeln anpasst und ihnen hilft, sich nach anstrengender k\u00f6rperlicher Aktivit\u00e4t schneller zu erholen. Die Kraft der Kompression reduziert die Vibration der Muskeln und beugt so Verletzungen vor. Ideal f\u00fcr den Multisport &#8211; Laufen, Stra\u00dfe, Trail, Wandern, Fitnessstudio &#8230;<\/p>\n","protected":false},"featured_media":617609,"comment_status":"open","ping_status":"closed","template":"","meta":{"_acf_changed":false},"product_brand":[],"product_cat":[448,469,472],"product_tag":[673,709,684,688],"class_list":{"0":"post-626569","1":"product","2":"type-product","3":"status-publish","4":"has-post-thumbnail","6":"product_cat-socken","7":"product_cat-laufen","8":"product_cat-emu-de","9":"product_tag-kompression","10":"product_tag-laufen","11":"product_tag-schnell-trocken","12":"product_tag-wandern","14":"first","15":"instock","16":"sale","17":"taxable","18":"shipping-taxable","19":"product-type-variable"},"acf":[],"yoast_head":"<!-- This site is optimized with the Yoast SEO plugin v24.2 - https:\/\/yoast.com\/wordpress\/plugins\/seo\/ -->\n<title>Emu Stripe W | Dogma Socks - Extreme Design For Your Feet<\/title>\n<meta name=\"robots\" content=\"index, follow, max-snippet:-1, max-image-preview:large, max-video-preview:-1\" \/>\n<link rel=\"canonical\" href=\"https:\/\/www.dogmasocks.com\/de\/produkt\/emu-stripe-w\/\" \/>\n<meta property=\"og:locale\" content=\"de_DE\" \/>\n<meta property=\"og:type\" content=\"article\" \/>\n<meta property=\"og:title\" content=\"Emu Stripe W | Dogma Socks - Extreme Design For Your Feet\" \/>\n<meta property=\"og:description\" content=\"Die Kompressionsh\u00fclsen sind mit fortschrittlicher Kompressionstechnologie ausgestattet, die sich an Ihre Muskeln anpasst und ihnen hilft, sich nach anstrengender k\u00f6rperlicher Aktivit\u00e4t schneller zu erholen. Die Kraft der Kompression reduziert die Vibration der Muskeln und beugt so Verletzungen vor. Ideal f\u00fcr den Multisport - Laufen, Stra\u00dfe, Trail, Wandern, Fitnessstudio ...\" \/>\n<meta property=\"og:url\" content=\"https:\/\/www.dogmasocks.com\/de\/produkt\/emu-stripe-w\/\" \/>\n<meta property=\"og:site_name\" content=\"Dogma Socks\" \/>\n<meta property=\"article:publisher\" content=\"https:\/\/www.facebook.com\/dogmasocks\/\" \/>\n<meta property=\"article:modified_time\" content=\"2020-09-15T08:24:26+00:00\" \/>\n<meta property=\"og:image\" content=\"http:\/\/www.dogmasocks.com\/wp-content\/uploads\/2020\/03\/Emu_2_1.jpg\" \/>\n\t<meta property=\"og:image:width\" content=\"1200\" \/>\n\t<meta property=\"og:image:height\" content=\"1200\" \/>\n\t<meta property=\"og:image:type\" content=\"image\/jpeg\" \/>\n<meta name=\"twitter:card\" content=\"summary_large_image\" \/>\n<script type=\"application\/ld+json\" class=\"yoast-schema-graph\">{\"@context\":\"https:\/\/schema.org\",\"@graph\":[{\"@type\":\"WebPage\",\"@id\":\"https:\/\/www.dogmasocks.com\/de\/produkt\/emu-stripe-w\/\",\"url\":\"https:\/\/www.dogmasocks.com\/de\/produkt\/emu-stripe-w\/\",\"name\":\"Emu Stripe W | Dogma Socks - Extreme Design For Your Feet\",\"isPartOf\":{\"@id\":\"http:\/\/www.dogmasocks.com\/de\/#website\"},\"primaryImageOfPage\":{\"@id\":\"https:\/\/www.dogmasocks.com\/de\/produkt\/emu-stripe-w\/#primaryimage\"},\"image\":{\"@id\":\"https:\/\/www.dogmasocks.com\/de\/produkt\/emu-stripe-w\/#primaryimage\"},\"thumbnailUrl\":\"https:\/\/www.dogmasocks.com\/wp-content\/uploads\/2020\/03\/Emu_2_1.jpg\",\"datePublished\":\"2020-04-02T07:59:30+00:00\",\"dateModified\":\"2020-09-15T08:24:26+00:00\",\"breadcrumb\":{\"@id\":\"https:\/\/www.dogmasocks.com\/de\/produkt\/emu-stripe-w\/#breadcrumb\"},\"inLanguage\":\"de\",\"potentialAction\":[{\"@type\":\"ReadAction\",\"target\":[\"https:\/\/www.dogmasocks.com\/de\/produkt\/emu-stripe-w\/\"]}]},{\"@type\":\"ImageObject\",\"inLanguage\":\"de\",\"@id\":\"https:\/\/www.dogmasocks.com\/de\/produkt\/emu-stripe-w\/#primaryimage\",\"url\":\"https:\/\/www.dogmasocks.com\/wp-content\/uploads\/2020\/03\/Emu_2_1.jpg\",\"contentUrl\":\"https:\/\/www.dogmasocks.com\/wp-content\/uploads\/2020\/03\/Emu_2_1.jpg\",\"width\":1200,\"height\":1200,\"caption\":\"compression sleeves in stripe blue design\"},{\"@type\":\"BreadcrumbList\",\"@id\":\"https:\/\/www.dogmasocks.com\/de\/produkt\/emu-stripe-w\/#breadcrumb\",\"itemListElement\":[{\"@type\":\"ListItem\",\"position\":1,\"name\":\"Home\",\"item\":\"http:\/\/www.dogmasocks.com\/de\/\"},{\"@type\":\"ListItem\",\"position\":2,\"name\":\"Shop\",\"item\":\"https:\/\/www.dogmasocks.com\/de\/shop\/\"},{\"@type\":\"ListItem\",\"position\":3,\"name\":\"Emu Stripe W\"}]},{\"@type\":\"WebSite\",\"@id\":\"http:\/\/www.dogmasocks.com\/de\/#website\",\"url\":\"http:\/\/www.dogmasocks.com\/de\/\",\"name\":\"Dogma Socks\",\"description\":\"eXtreme design for your feet.\",\"potentialAction\":[{\"@type\":\"SearchAction\",\"target\":{\"@type\":\"EntryPoint\",\"urlTemplate\":\"http:\/\/www.dogmasocks.com\/de\/?s={search_term_string}\"},\"query-input\":{\"@type\":\"PropertyValueSpecification\",\"valueRequired\":true,\"valueName\":\"search_term_string\"}}],\"inLanguage\":\"de\"}]}<\/script>\n<!-- \/ Yoast SEO plugin. -->","yoast_head_json":{"title":"Emu Stripe W | Dogma Socks - Extreme Design For Your Feet","robots":{"index":"index","follow":"follow","max-snippet":"max-snippet:-1","max-image-preview":"max-image-preview:large","max-video-preview":"max-video-preview:-1"},"canonical":"https:\/\/www.dogmasocks.com\/de\/produkt\/emu-stripe-w\/","og_locale":"de_DE","og_type":"article","og_title":"Emu Stripe W | Dogma Socks - Extreme Design For Your Feet","og_description":"Die Kompressionsh\u00fclsen sind mit fortschrittlicher Kompressionstechnologie ausgestattet, die sich an Ihre Muskeln anpasst und ihnen hilft, sich nach anstrengender k\u00f6rperlicher Aktivit\u00e4t schneller zu erholen. Die Kraft der Kompression reduziert die Vibration der Muskeln und beugt so Verletzungen vor. Ideal f\u00fcr den Multisport - Laufen, Stra\u00dfe, Trail, Wandern, Fitnessstudio ...","og_url":"https:\/\/www.dogmasocks.com\/de\/produkt\/emu-stripe-w\/","og_site_name":"Dogma Socks","article_publisher":"https:\/\/www.facebook.com\/dogmasocks\/","article_modified_time":"2020-09-15T08:24:26+00:00","og_image":[{"width":1200,"height":1200,"url":"http:\/\/www.dogmasocks.com\/wp-content\/uploads\/2020\/03\/Emu_2_1.jpg","type":"image\/jpeg"}],"twitter_card":"summary_large_image","schema":{"@context":"https:\/\/schema.org","@graph":[{"@type":"WebPage","@id":"https:\/\/www.dogmasocks.com\/de\/produkt\/emu-stripe-w\/","url":"https:\/\/www.dogmasocks.com\/de\/produkt\/emu-stripe-w\/","name":"Emu Stripe W | Dogma Socks - Extreme Design For Your Feet","isPartOf":{"@id":"http:\/\/www.dogmasocks.com\/de\/#website"},"primaryImageOfPage":{"@id":"https:\/\/www.dogmasocks.com\/de\/produkt\/emu-stripe-w\/#primaryimage"},"image":{"@id":"https:\/\/www.dogmasocks.com\/de\/produkt\/emu-stripe-w\/#primaryimage"},"thumbnailUrl":"https:\/\/www.dogmasocks.com\/wp-content\/uploads\/2020\/03\/Emu_2_1.jpg","datePublished":"2020-04-02T07:59:30+00:00","dateModified":"2020-09-15T08:24:26+00:00","breadcrumb":{"@id":"https:\/\/www.dogmasocks.com\/de\/produkt\/emu-stripe-w\/#breadcrumb"},"inLanguage":"de","potentialAction":[{"@type":"ReadAction","target":["https:\/\/www.dogmasocks.com\/de\/produkt\/emu-stripe-w\/"]}]},{"@type":"ImageObject","inLanguage":"de","@id":"https:\/\/www.dogmasocks.com\/de\/produkt\/emu-stripe-w\/#primaryimage","url":"https:\/\/www.dogmasocks.com\/wp-content\/uploads\/2020\/03\/Emu_2_1.jpg","contentUrl":"https:\/\/www.dogmasocks.com\/wp-content\/uploads\/2020\/03\/Emu_2_1.jpg","width":1200,"height":1200,"caption":"compression sleeves in stripe blue design"},{"@type":"BreadcrumbList","@id":"https:\/\/www.dogmasocks.com\/de\/produkt\/emu-stripe-w\/#breadcrumb","itemListElement":[{"@type":"ListItem","position":1,"name":"Home","item":"http:\/\/www.dogmasocks.com\/de\/"},{"@type":"ListItem","position":2,"name":"Shop","item":"https:\/\/www.dogmasocks.com\/de\/shop\/"},{"@type":"ListItem","position":3,"name":"Emu Stripe W"}]},{"@type":"WebSite","@id":"http:\/\/www.dogmasocks.com\/de\/#website","url":"http:\/\/www.dogmasocks.com\/de\/","name":"Dogma Socks","description":"eXtreme design for your feet.","potentialAction":[{"@type":"SearchAction","target":{"@type":"EntryPoint","urlTemplate":"http:\/\/www.dogmasocks.com\/de\/?s={search_term_string}"},"query-input":{"@type":"PropertyValueSpecification","valueRequired":true,"valueName":"search_term_string"}}],"inLanguage":"de"}]}},"_links":{"self":[{"href":"https:\/\/www.dogmasocks.com\/de\/wp-json\/wp\/v2\/product\/626569","targetHints":{"allow":["GET"]}}],"collection":[{"href":"https:\/\/www.dogmasocks.com\/de\/wp-json\/wp\/v2\/product"}],"about":[{"href":"https:\/\/www.dogmasocks.com\/de\/wp-json\/wp\/v2\/types\/product"}],"replies":[{"embeddable":true,"href":"https:\/\/www.dogmasocks.com\/de\/wp-json\/wp\/v2\/comments?post=626569"}],"wp:featuredmedia":[{"embeddable":true,"href":"https:\/\/www.dogmasocks.com\/de\/wp-json\/wp\/v2\/media\/617609"}],"wp:attachment":[{"href":"https:\/\/www.dogmasocks.com\/de\/wp-json\/wp\/v2\/media?parent=626569"}],"wp:term":[{"taxonomy":"product_brand","embeddable":true,"href":"https:\/\/www.dogmasocks.com\/de\/wp-json\/wp\/v2\/product_brand?post=626569"},{"taxonomy":"product_cat","embeddable":true,"href":"https:\/\/www.dogmasocks.com\/de\/wp-json\/wp\/v2\/product_cat?post=626569"},{"taxonomy":"product_tag","embeddable":true,"href":"https:\/\/www.dogmasocks.com\/de\/wp-json\/wp\/v2\/product_tag?post=626569"}],"curies":[{"name":"wp","href":"https:\/\/api.w.org\/{rel}","templated":true}]}}