{"id":626261,"date":"2020-04-02T08:49:43","date_gmt":"2020-04-02T06:49:43","guid":{"rendered":"https:\/\/www.dogmasocks.com\/?post_type=product&#038;p=626261"},"modified":"2020-09-11T11:55:12","modified_gmt":"2020-09-11T09:55:12","slug":"yeti-black-w1-2","status":"publish","type":"product","link":"https:\/\/www.dogmasocks.com\/de\/produkt\/yeti-black-w1-2\/","title":{"rendered":"Yeti Black W1"},"content":{"rendered":"<div class=\"page\" title=\"Page 14\">\n<div class=\"layoutArea\">\n<div class=\"column\">\n<p>Yeti bietet eine perfekte Mischung aus schnell trocknenden Materialien und weicher Merinowolle. Die voll gepolsterte Schuhsohle bietet ein besseres Gef\u00fchl und W\u00e4rme. Die l\u00e4ngere Manschette verhindert dabei Reizungen durch die Wanderschuhe, der Achillessehnenschutz sch\u00fctzt Ihre empfindlichen F\u00fc\u00dfe. Entworfen f\u00fcr moderne Abenteurer und Profis, die das ganze Jahr \u00fcber Wandern m\u00f6chten. Tolle Wandersocken f\u00fcr jede Saison.<\/p>\n<p><strong>ZUSAMMENSETZUNG:<\/strong><\/p>\n<ul>\n<li>Funktionspolyester &#8211; 51,4%<\/li>\n<li>Merinowolle &#8211; 22,1%<\/li>\n<li>Elasthan &#8211; 17,7%<\/li>\n<li>Polyamid &#8211; 8,8%<\/li>\n<\/ul>\n<\/div>\n<\/div>\n<\/div>\n","protected":false},"excerpt":{"rendered":"<p>Yeti bietet eine perfekte Mischung aus schnell trocknenden Materialien und weicher Merinowolle. Voll gepolsterte Schuhsohle bietet ein besseres Gef\u00fchl und W\u00e4rme. L\u00e4ngere Manschette verhindert Reizungen von Ihren Wanderschuhen und achillessehnenschutz sch\u00fctzt Ihre empfindlichen F\u00fc\u00dfe. Entworfen f\u00fcr moderne Abenteurer und Profis, die das ganze Jahr \u00fcber Wandern m\u00f6chten. Sicherlich, gro\u00dfe das ganze Jahr \u00fcber wandersocken.<\/p>\n","protected":false},"featured_media":617746,"comment_status":"open","ping_status":"closed","template":"","meta":{"_acf_changed":false},"product_brand":[],"product_cat":[468,459],"product_tag":[651,667,706,680,653,696,723,688,689,742],"class_list":{"0":"post-626261","1":"product","2":"type-product","3":"status-publish","4":"has-post-thumbnail","6":"product_cat-yeti-de","7":"product_cat-outlet-de","8":"product_tag-achilles-schild","9":"product_tag-blister-shield-de","10":"product_tag-draussen","11":"product_tag-kissen-tech","12":"product_tag-luftkanale-de","13":"product_tag-merino-wool-de","14":"product_tag-sock-lock-duo","15":"product_tag-wandern","16":"product_tag-wandersocken","17":"product_tag-yet-de","19":"first","20":"instock","21":"sale","22":"taxable","23":"shipping-taxable","24":"purchasable","25":"product-type-variable"},"acf":[],"yoast_head":"<!-- This site is optimized with the Yoast SEO plugin v24.2 - https:\/\/yoast.com\/wordpress\/plugins\/seo\/ -->\n<title>Yeti Black W1 | Dogma Socks - Extreme Design For Your Feet<\/title>\n<meta name=\"robots\" content=\"index, follow, max-snippet:-1, max-image-preview:large, max-video-preview:-1\" \/>\n<link rel=\"canonical\" href=\"https:\/\/www.dogmasocks.com\/de\/produkt\/yeti-black-w1-2\/\" \/>\n<meta property=\"og:locale\" content=\"de_DE\" \/>\n<meta property=\"og:type\" content=\"article\" \/>\n<meta property=\"og:title\" content=\"Yeti Black W1 | Dogma Socks - Extreme Design For Your Feet\" \/>\n<meta property=\"og:description\" content=\"Yeti bietet eine perfekte Mischung aus schnell trocknenden Materialien und weicher Merinowolle. Voll gepolsterte Schuhsohle bietet ein besseres Gef\u00fchl und W\u00e4rme. L\u00e4ngere Manschette verhindert Reizungen von Ihren Wanderschuhen und achillessehnenschutz sch\u00fctzt Ihre empfindlichen F\u00fc\u00dfe. Entworfen f\u00fcr moderne Abenteurer und Profis, die das ganze Jahr \u00fcber Wandern m\u00f6chten. Sicherlich, gro\u00dfe das ganze Jahr \u00fcber wandersocken.\" \/>\n<meta property=\"og:url\" content=\"https:\/\/www.dogmasocks.com\/de\/produkt\/yeti-black-w1-2\/\" \/>\n<meta property=\"og:site_name\" content=\"Dogma Socks\" \/>\n<meta property=\"article:publisher\" content=\"https:\/\/www.facebook.com\/dogmasocks\/\" \/>\n<meta property=\"article:modified_time\" content=\"2020-09-11T09:55:12+00:00\" \/>\n<meta property=\"og:image\" content=\"https:\/\/www.dogmasocks.com\/wp-content\/uploads\/2020\/03\/Yeti_2_1.jpg\" \/>\n\t<meta property=\"og:image:width\" content=\"1200\" \/>\n\t<meta property=\"og:image:height\" content=\"1200\" \/>\n\t<meta property=\"og:image:type\" content=\"image\/jpeg\" \/>\n<meta name=\"twitter:card\" content=\"summary_large_image\" \/>\n<script type=\"application\/ld+json\" class=\"yoast-schema-graph\">{\"@context\":\"https:\/\/schema.org\",\"@graph\":[{\"@type\":\"WebPage\",\"@id\":\"https:\/\/www.dogmasocks.com\/de\/produkt\/yeti-black-w1-2\/\",\"url\":\"https:\/\/www.dogmasocks.com\/de\/produkt\/yeti-black-w1-2\/\",\"name\":\"Yeti Black W1 | Dogma Socks - Extreme Design For Your Feet\",\"isPartOf\":{\"@id\":\"https:\/\/www.dogmasocks.com\/de\/#website\"},\"primaryImageOfPage\":{\"@id\":\"https:\/\/www.dogmasocks.com\/de\/produkt\/yeti-black-w1-2\/#primaryimage\"},\"image\":{\"@id\":\"https:\/\/www.dogmasocks.com\/de\/produkt\/yeti-black-w1-2\/#primaryimage\"},\"thumbnailUrl\":\"https:\/\/www.dogmasocks.com\/wp-content\/uploads\/2020\/03\/Yeti_2_1.jpg\",\"datePublished\":\"2020-04-02T06:49:43+00:00\",\"dateModified\":\"2020-09-11T09:55:12+00:00\",\"breadcrumb\":{\"@id\":\"https:\/\/www.dogmasocks.com\/de\/produkt\/yeti-black-w1-2\/#breadcrumb\"},\"inLanguage\":\"de\",\"potentialAction\":[{\"@type\":\"ReadAction\",\"target\":[\"https:\/\/www.dogmasocks.com\/de\/produkt\/yeti-black-w1-2\/\"]}]},{\"@type\":\"ImageObject\",\"inLanguage\":\"de\",\"@id\":\"https:\/\/www.dogmasocks.com\/de\/produkt\/yeti-black-w1-2\/#primaryimage\",\"url\":\"https:\/\/www.dogmasocks.com\/wp-content\/uploads\/2020\/03\/Yeti_2_1.jpg\",\"contentUrl\":\"https:\/\/www.dogmasocks.com\/wp-content\/uploads\/2020\/03\/Yeti_2_1.jpg\",\"width\":1200,\"height\":1200,\"caption\":\"black hiking socks with purple sole\"},{\"@type\":\"BreadcrumbList\",\"@id\":\"https:\/\/www.dogmasocks.com\/de\/produkt\/yeti-black-w1-2\/#breadcrumb\",\"itemListElement\":[{\"@type\":\"ListItem\",\"position\":1,\"name\":\"Home\",\"item\":\"https:\/\/www.dogmasocks.com\/de\/\"},{\"@type\":\"ListItem\",\"position\":2,\"name\":\"Shop\",\"item\":\"https:\/\/www.dogmasocks.com\/de\/shop\/\"},{\"@type\":\"ListItem\",\"position\":3,\"name\":\"Yeti Black W1\"}]},{\"@type\":\"WebSite\",\"@id\":\"https:\/\/www.dogmasocks.com\/de\/#website\",\"url\":\"https:\/\/www.dogmasocks.com\/de\/\",\"name\":\"Dogma Socks\",\"description\":\"eXtreme design for your feet.\",\"potentialAction\":[{\"@type\":\"SearchAction\",\"target\":{\"@type\":\"EntryPoint\",\"urlTemplate\":\"https:\/\/www.dogmasocks.com\/de\/?s={search_term_string}\"},\"query-input\":{\"@type\":\"PropertyValueSpecification\",\"valueRequired\":true,\"valueName\":\"search_term_string\"}}],\"inLanguage\":\"de\"}]}<\/script>\n<!-- \/ Yoast SEO plugin. -->","yoast_head_json":{"title":"Yeti Black W1 | Dogma Socks - Extreme Design For Your Feet","robots":{"index":"index","follow":"follow","max-snippet":"max-snippet:-1","max-image-preview":"max-image-preview:large","max-video-preview":"max-video-preview:-1"},"canonical":"https:\/\/www.dogmasocks.com\/de\/produkt\/yeti-black-w1-2\/","og_locale":"de_DE","og_type":"article","og_title":"Yeti Black W1 | Dogma Socks - Extreme Design For Your Feet","og_description":"Yeti bietet eine perfekte Mischung aus schnell trocknenden Materialien und weicher Merinowolle. Voll gepolsterte Schuhsohle bietet ein besseres Gef\u00fchl und W\u00e4rme. L\u00e4ngere Manschette verhindert Reizungen von Ihren Wanderschuhen und achillessehnenschutz sch\u00fctzt Ihre empfindlichen F\u00fc\u00dfe. Entworfen f\u00fcr moderne Abenteurer und Profis, die das ganze Jahr \u00fcber Wandern m\u00f6chten. Sicherlich, gro\u00dfe das ganze Jahr \u00fcber wandersocken.","og_url":"https:\/\/www.dogmasocks.com\/de\/produkt\/yeti-black-w1-2\/","og_site_name":"Dogma Socks","article_publisher":"https:\/\/www.facebook.com\/dogmasocks\/","article_modified_time":"2020-09-11T09:55:12+00:00","og_image":[{"width":1200,"height":1200,"url":"https:\/\/www.dogmasocks.com\/wp-content\/uploads\/2020\/03\/Yeti_2_1.jpg","type":"image\/jpeg"}],"twitter_card":"summary_large_image","schema":{"@context":"https:\/\/schema.org","@graph":[{"@type":"WebPage","@id":"https:\/\/www.dogmasocks.com\/de\/produkt\/yeti-black-w1-2\/","url":"https:\/\/www.dogmasocks.com\/de\/produkt\/yeti-black-w1-2\/","name":"Yeti Black W1 | Dogma Socks - Extreme Design For Your Feet","isPartOf":{"@id":"https:\/\/www.dogmasocks.com\/de\/#website"},"primaryImageOfPage":{"@id":"https:\/\/www.dogmasocks.com\/de\/produkt\/yeti-black-w1-2\/#primaryimage"},"image":{"@id":"https:\/\/www.dogmasocks.com\/de\/produkt\/yeti-black-w1-2\/#primaryimage"},"thumbnailUrl":"https:\/\/www.dogmasocks.com\/wp-content\/uploads\/2020\/03\/Yeti_2_1.jpg","datePublished":"2020-04-02T06:49:43+00:00","dateModified":"2020-09-11T09:55:12+00:00","breadcrumb":{"@id":"https:\/\/www.dogmasocks.com\/de\/produkt\/yeti-black-w1-2\/#breadcrumb"},"inLanguage":"de","potentialAction":[{"@type":"ReadAction","target":["https:\/\/www.dogmasocks.com\/de\/produkt\/yeti-black-w1-2\/"]}]},{"@type":"ImageObject","inLanguage":"de","@id":"https:\/\/www.dogmasocks.com\/de\/produkt\/yeti-black-w1-2\/#primaryimage","url":"https:\/\/www.dogmasocks.com\/wp-content\/uploads\/2020\/03\/Yeti_2_1.jpg","contentUrl":"https:\/\/www.dogmasocks.com\/wp-content\/uploads\/2020\/03\/Yeti_2_1.jpg","width":1200,"height":1200,"caption":"black hiking socks with purple sole"},{"@type":"BreadcrumbList","@id":"https:\/\/www.dogmasocks.com\/de\/produkt\/yeti-black-w1-2\/#breadcrumb","itemListElement":[{"@type":"ListItem","position":1,"name":"Home","item":"https:\/\/www.dogmasocks.com\/de\/"},{"@type":"ListItem","position":2,"name":"Shop","item":"https:\/\/www.dogmasocks.com\/de\/shop\/"},{"@type":"ListItem","position":3,"name":"Yeti Black W1"}]},{"@type":"WebSite","@id":"https:\/\/www.dogmasocks.com\/de\/#website","url":"https:\/\/www.dogmasocks.com\/de\/","name":"Dogma Socks","description":"eXtreme design for your feet.","potentialAction":[{"@type":"SearchAction","target":{"@type":"EntryPoint","urlTemplate":"https:\/\/www.dogmasocks.com\/de\/?s={search_term_string}"},"query-input":{"@type":"PropertyValueSpecification","valueRequired":true,"valueName":"search_term_string"}}],"inLanguage":"de"}]}},"_links":{"self":[{"href":"https:\/\/www.dogmasocks.com\/de\/wp-json\/wp\/v2\/product\/626261","targetHints":{"allow":["GET"]}}],"collection":[{"href":"https:\/\/www.dogmasocks.com\/de\/wp-json\/wp\/v2\/product"}],"about":[{"href":"https:\/\/www.dogmasocks.com\/de\/wp-json\/wp\/v2\/types\/product"}],"replies":[{"embeddable":true,"href":"https:\/\/www.dogmasocks.com\/de\/wp-json\/wp\/v2\/comments?post=626261"}],"wp:featuredmedia":[{"embeddable":true,"href":"https:\/\/www.dogmasocks.com\/de\/wp-json\/wp\/v2\/media\/617746"}],"wp:attachment":[{"href":"https:\/\/www.dogmasocks.com\/de\/wp-json\/wp\/v2\/media?parent=626261"}],"wp:term":[{"taxonomy":"product_brand","embeddable":true,"href":"https:\/\/www.dogmasocks.com\/de\/wp-json\/wp\/v2\/product_brand?post=626261"},{"taxonomy":"product_cat","embeddable":true,"href":"https:\/\/www.dogmasocks.com\/de\/wp-json\/wp\/v2\/product_cat?post=626261"},{"taxonomy":"product_tag","embeddable":true,"href":"https:\/\/www.dogmasocks.com\/de\/wp-json\/wp\/v2\/product_tag?post=626261"}],"curies":[{"name":"wp","href":"https:\/\/api.w.org\/{rel}","templated":true}]}}