{"id":579754,"date":"2020-03-19T21:10:22","date_gmt":"2020-03-19T20:10:23","guid":{"rendered":"https:\/\/www.dogmasocks.com\/?post_type=product&#038;p=579754"},"modified":"2020-09-11T11:01:20","modified_gmt":"2020-09-11T09:01:20","slug":"bike-shifter-mint","status":"publish","type":"product","link":"https:\/\/www.dogmasocks.com\/de\/produkt\/bike-shifter-mint\/","title":{"rendered":"Bike Shifter Mint"},"content":{"rendered":"<p>Solange Sie sie noch nicht probiert haben, werden Sie nicht wissen, dass Sie sie brauchen. Also versuchen Sie es und Sie werden es lieben. Sie sind sch\u00f6n und d\u00fcnn, und passen perfekt in Ihre Fahrradschuhe. Die Bike Socken sorgen f\u00fcr guten Kontakt und eine ad\u00e4quate Energie\u00fcbertragung. Super atmungsaktive Mesh-Eins\u00e4tze bieten Bel\u00fcftung und bringen frische Luft direkt an Ihre F\u00fc\u00dfe, was \u00dcberhitzung verhindert, wenn Sie mal kr\u00e4ftig in die Pedale treten.<\/p>\n<p><strong>TECHNOLOGIE:<\/strong><\/p>\n<ul>\n<li>Mesh-Eins\u00e4tze f\u00fcr bessere Bel\u00fcftung und Atmungsaktivit\u00e4t im Fu\u00dfbereich<\/li>\n<li>Elastisches Band f\u00fcr eine bessere Stabilit\u00e4t der Socke<\/li>\n<li>Superleicht und atmungsaktiv<\/li>\n<li>D\u00fcnne, nat\u00fcrliche gek\u00e4mmte Baumwolle<\/li>\n<\/ul>\n<p><strong>ZUSAMMENSETZUNG:<\/strong><\/p>\n<ul>\n<li>Weiche gek\u00e4mmte Baumwolle &#8211; 72%<\/li>\n<li>Polyamide &#8211; 19%<\/li>\n<li>Elasthan &#8211; 9%<\/li>\n<\/ul>\n<p>&nbsp;<\/p>\n","protected":false},"excerpt":{"rendered":"<p>Solange du es nicht probierst, werden Sie nicht wissen dass Sie es brauchen. Also Versuch es und du wirst es lieben. Sch\u00f6n und D\u00fcnn, passen Sie perfekt in Ihre Fahrradschuhe und sorgen f\u00fcr guten Kontakt und Energie\u00fcbertragung. Super atmungsaktive Mesh-Eins\u00e4tze bieten Bel\u00fcftung und bringen frische Luft direkt an Ihre F\u00fc\u00dfe, die \u00fcberhitzung verhindern, wenn Sie Pedale dr\u00fccken.<\/p>\n","protected":false},"featured_media":617505,"comment_status":"open","ping_status":"closed","template":"","meta":{"_acf_changed":false},"product_brand":[],"product_cat":[448,460],"product_tag":[668,738,731,685,664,652,653,681,726],"class_list":{"0":"post-579754","1":"product","2":"type-product","3":"status-publish","4":"has-post-thumbnail","6":"product_cat-socken","7":"product_cat-fahrrad","8":"product_tag-atmungsaktiv","9":"product_tag-beluftung","10":"product_tag-dunn","11":"product_tag-eben","12":"product_tag-fahrrad","13":"product_tag-luftkanale","14":"product_tag-luftkanale-de","15":"product_tag-radfahren","16":"product_tag-sommer","18":"first","19":"instock","20":"sale","21":"featured","22":"taxable","23":"shipping-taxable","24":"purchasable","25":"product-type-variable"},"acf":[],"yoast_head":"<!-- This site is optimized with the Yoast SEO plugin v24.2 - https:\/\/yoast.com\/wordpress\/plugins\/seo\/ -->\n<title>Bike Shifter Mint | Dogma Socks - Extreme Design For Your Feet<\/title>\n<meta name=\"robots\" content=\"index, follow, max-snippet:-1, max-image-preview:large, max-video-preview:-1\" \/>\n<link rel=\"canonical\" href=\"https:\/\/www.dogmasocks.com\/de\/produkt\/bike-shifter-mint\/\" \/>\n<meta property=\"og:locale\" content=\"de_DE\" \/>\n<meta property=\"og:type\" content=\"article\" \/>\n<meta property=\"og:title\" content=\"Bike Shifter Mint | Dogma Socks - Extreme Design For Your Feet\" \/>\n<meta property=\"og:description\" content=\"Solange du es nicht probierst, werden Sie nicht wissen dass Sie es brauchen. Also Versuch es und du wirst es lieben. Sch\u00f6n und D\u00fcnn, passen Sie perfekt in Ihre Fahrradschuhe und sorgen f\u00fcr guten Kontakt und Energie\u00fcbertragung. Super atmungsaktive Mesh-Eins\u00e4tze bieten Bel\u00fcftung und bringen frische Luft direkt an Ihre F\u00fc\u00dfe, die \u00fcberhitzung verhindern, wenn Sie Pedale dr\u00fccken.\" \/>\n<meta property=\"og:url\" content=\"https:\/\/www.dogmasocks.com\/de\/produkt\/bike-shifter-mint\/\" \/>\n<meta property=\"og:site_name\" content=\"Dogma Socks\" \/>\n<meta property=\"article:publisher\" content=\"https:\/\/www.facebook.com\/dogmasocks\/\" \/>\n<meta property=\"article:modified_time\" content=\"2020-09-11T09:01:20+00:00\" \/>\n<meta property=\"og:image\" content=\"https:\/\/www.dogmasocks.com\/wp-content\/uploads\/2020\/03\/Bike_2_1.jpg\" \/>\n\t<meta property=\"og:image:width\" content=\"1200\" \/>\n\t<meta property=\"og:image:height\" content=\"1200\" \/>\n\t<meta property=\"og:image:type\" content=\"image\/jpeg\" \/>\n<meta name=\"twitter:card\" content=\"summary_large_image\" \/>\n<meta name=\"twitter:label1\" content=\"Gesch\u00e4tzte Lesezeit\" \/>\n\t<meta name=\"twitter:data1\" content=\"1\u00a0Minute\" \/>\n<script type=\"application\/ld+json\" class=\"yoast-schema-graph\">{\"@context\":\"https:\/\/schema.org\",\"@graph\":[{\"@type\":\"WebPage\",\"@id\":\"https:\/\/www.dogmasocks.com\/de\/produkt\/bike-shifter-mint\/\",\"url\":\"https:\/\/www.dogmasocks.com\/de\/produkt\/bike-shifter-mint\/\",\"name\":\"Bike Shifter Mint | Dogma Socks - Extreme Design For Your Feet\",\"isPartOf\":{\"@id\":\"http:\/\/www.dogmasocks.com\/de\/#website\"},\"primaryImageOfPage\":{\"@id\":\"https:\/\/www.dogmasocks.com\/de\/produkt\/bike-shifter-mint\/#primaryimage\"},\"image\":{\"@id\":\"https:\/\/www.dogmasocks.com\/de\/produkt\/bike-shifter-mint\/#primaryimage\"},\"thumbnailUrl\":\"https:\/\/www.dogmasocks.com\/wp-content\/uploads\/2020\/03\/Bike_2_1.jpg\",\"datePublished\":\"2020-03-19T20:10:23+00:00\",\"dateModified\":\"2020-09-11T09:01:20+00:00\",\"breadcrumb\":{\"@id\":\"https:\/\/www.dogmasocks.com\/de\/produkt\/bike-shifter-mint\/#breadcrumb\"},\"inLanguage\":\"de\",\"potentialAction\":[{\"@type\":\"ReadAction\",\"target\":[\"https:\/\/www.dogmasocks.com\/de\/produkt\/bike-shifter-mint\/\"]}]},{\"@type\":\"ImageObject\",\"inLanguage\":\"de\",\"@id\":\"https:\/\/www.dogmasocks.com\/de\/produkt\/bike-shifter-mint\/#primaryimage\",\"url\":\"https:\/\/www.dogmasocks.com\/wp-content\/uploads\/2020\/03\/Bike_2_1.jpg\",\"contentUrl\":\"https:\/\/www.dogmasocks.com\/wp-content\/uploads\/2020\/03\/Bike_2_1.jpg\",\"width\":1200,\"height\":1200,\"caption\":\"mint green cycling socks\"},{\"@type\":\"BreadcrumbList\",\"@id\":\"https:\/\/www.dogmasocks.com\/de\/produkt\/bike-shifter-mint\/#breadcrumb\",\"itemListElement\":[{\"@type\":\"ListItem\",\"position\":1,\"name\":\"Home\",\"item\":\"http:\/\/www.dogmasocks.com\/de\/\"},{\"@type\":\"ListItem\",\"position\":2,\"name\":\"Shop\",\"item\":\"https:\/\/www.dogmasocks.com\/de\/shop\/\"},{\"@type\":\"ListItem\",\"position\":3,\"name\":\"Bike Shifter Mint\"}]},{\"@type\":\"WebSite\",\"@id\":\"http:\/\/www.dogmasocks.com\/de\/#website\",\"url\":\"http:\/\/www.dogmasocks.com\/de\/\",\"name\":\"Dogma Socks\",\"description\":\"eXtreme design for your feet.\",\"potentialAction\":[{\"@type\":\"SearchAction\",\"target\":{\"@type\":\"EntryPoint\",\"urlTemplate\":\"http:\/\/www.dogmasocks.com\/de\/?s={search_term_string}\"},\"query-input\":{\"@type\":\"PropertyValueSpecification\",\"valueRequired\":true,\"valueName\":\"search_term_string\"}}],\"inLanguage\":\"de\"}]}<\/script>\n<!-- \/ Yoast SEO plugin. -->","yoast_head_json":{"title":"Bike Shifter Mint | Dogma Socks - Extreme Design For Your Feet","robots":{"index":"index","follow":"follow","max-snippet":"max-snippet:-1","max-image-preview":"max-image-preview:large","max-video-preview":"max-video-preview:-1"},"canonical":"https:\/\/www.dogmasocks.com\/de\/produkt\/bike-shifter-mint\/","og_locale":"de_DE","og_type":"article","og_title":"Bike Shifter Mint | Dogma Socks - Extreme Design For Your Feet","og_description":"Solange du es nicht probierst, werden Sie nicht wissen dass Sie es brauchen. Also Versuch es und du wirst es lieben. Sch\u00f6n und D\u00fcnn, passen Sie perfekt in Ihre Fahrradschuhe und sorgen f\u00fcr guten Kontakt und Energie\u00fcbertragung. Super atmungsaktive Mesh-Eins\u00e4tze bieten Bel\u00fcftung und bringen frische Luft direkt an Ihre F\u00fc\u00dfe, die \u00fcberhitzung verhindern, wenn Sie Pedale dr\u00fccken.","og_url":"https:\/\/www.dogmasocks.com\/de\/produkt\/bike-shifter-mint\/","og_site_name":"Dogma Socks","article_publisher":"https:\/\/www.facebook.com\/dogmasocks\/","article_modified_time":"2020-09-11T09:01:20+00:00","og_image":[{"width":1200,"height":1200,"url":"https:\/\/www.dogmasocks.com\/wp-content\/uploads\/2020\/03\/Bike_2_1.jpg","type":"image\/jpeg"}],"twitter_card":"summary_large_image","twitter_misc":{"Gesch\u00e4tzte Lesezeit":"1\u00a0Minute"},"schema":{"@context":"https:\/\/schema.org","@graph":[{"@type":"WebPage","@id":"https:\/\/www.dogmasocks.com\/de\/produkt\/bike-shifter-mint\/","url":"https:\/\/www.dogmasocks.com\/de\/produkt\/bike-shifter-mint\/","name":"Bike Shifter Mint | Dogma Socks - Extreme Design For Your Feet","isPartOf":{"@id":"http:\/\/www.dogmasocks.com\/de\/#website"},"primaryImageOfPage":{"@id":"https:\/\/www.dogmasocks.com\/de\/produkt\/bike-shifter-mint\/#primaryimage"},"image":{"@id":"https:\/\/www.dogmasocks.com\/de\/produkt\/bike-shifter-mint\/#primaryimage"},"thumbnailUrl":"https:\/\/www.dogmasocks.com\/wp-content\/uploads\/2020\/03\/Bike_2_1.jpg","datePublished":"2020-03-19T20:10:23+00:00","dateModified":"2020-09-11T09:01:20+00:00","breadcrumb":{"@id":"https:\/\/www.dogmasocks.com\/de\/produkt\/bike-shifter-mint\/#breadcrumb"},"inLanguage":"de","potentialAction":[{"@type":"ReadAction","target":["https:\/\/www.dogmasocks.com\/de\/produkt\/bike-shifter-mint\/"]}]},{"@type":"ImageObject","inLanguage":"de","@id":"https:\/\/www.dogmasocks.com\/de\/produkt\/bike-shifter-mint\/#primaryimage","url":"https:\/\/www.dogmasocks.com\/wp-content\/uploads\/2020\/03\/Bike_2_1.jpg","contentUrl":"https:\/\/www.dogmasocks.com\/wp-content\/uploads\/2020\/03\/Bike_2_1.jpg","width":1200,"height":1200,"caption":"mint green cycling socks"},{"@type":"BreadcrumbList","@id":"https:\/\/www.dogmasocks.com\/de\/produkt\/bike-shifter-mint\/#breadcrumb","itemListElement":[{"@type":"ListItem","position":1,"name":"Home","item":"http:\/\/www.dogmasocks.com\/de\/"},{"@type":"ListItem","position":2,"name":"Shop","item":"https:\/\/www.dogmasocks.com\/de\/shop\/"},{"@type":"ListItem","position":3,"name":"Bike Shifter Mint"}]},{"@type":"WebSite","@id":"http:\/\/www.dogmasocks.com\/de\/#website","url":"http:\/\/www.dogmasocks.com\/de\/","name":"Dogma Socks","description":"eXtreme design for your feet.","potentialAction":[{"@type":"SearchAction","target":{"@type":"EntryPoint","urlTemplate":"http:\/\/www.dogmasocks.com\/de\/?s={search_term_string}"},"query-input":{"@type":"PropertyValueSpecification","valueRequired":true,"valueName":"search_term_string"}}],"inLanguage":"de"}]}},"_links":{"self":[{"href":"https:\/\/www.dogmasocks.com\/de\/wp-json\/wp\/v2\/product\/579754","targetHints":{"allow":["GET"]}}],"collection":[{"href":"https:\/\/www.dogmasocks.com\/de\/wp-json\/wp\/v2\/product"}],"about":[{"href":"https:\/\/www.dogmasocks.com\/de\/wp-json\/wp\/v2\/types\/product"}],"replies":[{"embeddable":true,"href":"https:\/\/www.dogmasocks.com\/de\/wp-json\/wp\/v2\/comments?post=579754"}],"wp:featuredmedia":[{"embeddable":true,"href":"https:\/\/www.dogmasocks.com\/de\/wp-json\/wp\/v2\/media\/617505"}],"wp:attachment":[{"href":"https:\/\/www.dogmasocks.com\/de\/wp-json\/wp\/v2\/media?parent=579754"}],"wp:term":[{"taxonomy":"product_brand","embeddable":true,"href":"https:\/\/www.dogmasocks.com\/de\/wp-json\/wp\/v2\/product_brand?post=579754"},{"taxonomy":"product_cat","embeddable":true,"href":"https:\/\/www.dogmasocks.com\/de\/wp-json\/wp\/v2\/product_cat?post=579754"},{"taxonomy":"product_tag","embeddable":true,"href":"https:\/\/www.dogmasocks.com\/de\/wp-json\/wp\/v2\/product_tag?post=579754"}],"curies":[{"name":"wp","href":"https:\/\/api.w.org\/{rel}","templated":true}]}}