{"id":36236,"date":"2019-12-05T10:23:56","date_gmt":"2019-05-20T08:23:56","guid":{"rendered":"https:\/\/www.dogmasocks.com\/product\/snow-fox-junior-stars-salmon\/"},"modified":"2020-09-11T12:49:21","modified_gmt":"2020-09-11T10:49:21","slug":"snow-fox-junior-stars-salmon","status":"publish","type":"product","link":"https:\/\/www.dogmasocks.com\/de\/produkt\/snow-fox-junior-stars-salmon\/","title":{"rendered":"Snow Fox Junior Stars Salmon"},"content":{"rendered":"<p>Junior ist eine kleinere Version seines gro\u00dfen Bruders, des Snow Fox. Es ist eine technische Socke, aber mit der D\u00e4mpfung und W\u00e4rme, die unsere Kleinen ben\u00f6tigen. Alle Tech-Funktionen, verpackt in einer kleineren Version, und das ohne Abstriche! St\u00e4rkere D\u00e4mpfung garantiert leichteren Schuhkontakt und weniger Energie\u00fcbertragung vom Untergrund. Gleichzeitig sorgt es f\u00fcr ein hohes Ma\u00df an W\u00e4rme und Schutz. \u201eCompress Tech\u201c h\u00e4lt die Socke an Ort und Stelle und verhindert ein Herunterrutschen. Den ganzen Tag, jeden Tag.<\/p>\n<p><strong>TECHNOLOGIE:<\/strong><\/p>\n<ul>\n<li>Perfekte Mischung aus technischen Materialien, Merinowolle und Polypropylen mit thermoregulatorischen Eigenschaften<\/li>\n<li>Optimaler gradueller Kompressionseffekt<\/li>\n<li>Achillessehnen-Schutz<\/li>\n<li>Kn\u00f6chel-Schutz<\/li>\n<li>L\u00fcftungskan\u00e4le f\u00fcr besseren Luftstrom<\/li>\n<li>Starke D\u00e4mpfung in der ganzen Socke<\/li>\n<\/ul>\n","protected":false},"excerpt":{"rendered":"<p>Junior ist eine kleinere version des gr\u00f6\u00dferen Geschwisters. Schnee Fuchs. Es ist eine technische Socke, aber mit viel D\u00e4mpfung und W\u00e4rme f\u00fcr die kleinen ben\u00f6tigt. Alle Tech-Funktionen, verpackt in kleinen, keine Opfer \u00fcberhaupt. St\u00e4rkere D\u00e4mpfung gibt Ihnen leichteren schuhkontakt und weniger reaktive \u00fcbertragung von Energie. Gleichzeitig sorgt es f\u00fcr ein hohes Ma\u00df an W\u00e4rme und Schutz. \u201eCompress Tech\u201c h\u00e4lt die Socke an Ort und Stelle und verhindern \u201eBulking\u201cden ganzen Tag, jeden Tag.<\/p>\n","protected":false},"featured_media":22021,"comment_status":"open","ping_status":"closed","template":"","meta":{"_acf_changed":false},"product_brand":[],"product_cat":[448,476,479],"product_tag":[692,680,675,674,696,679,714,716,720],"class_list":{"0":"post-36236","1":"product","2":"type-product","3":"status-publish","4":"has-post-thumbnail","6":"product_cat-socken","7":"product_cat-schnee","8":"product_cat-fox-junior-de","9":"product_tag-kinder","10":"product_tag-kissen-tech","11":"product_tag-kompression-leistung","12":"product_tag-kompressionssocken","13":"product_tag-merino-wool-de","14":"product_tag-polster","15":"product_tag-ski-de","16":"product_tag-skisocken","17":"product_tag-snowboard-socken","19":"first","20":"instock","21":"sale","22":"taxable","23":"shipping-taxable","24":"product-type-variable"},"acf":[],"yoast_head":"<!-- This site is optimized with the Yoast SEO plugin v24.2 - https:\/\/yoast.com\/wordpress\/plugins\/seo\/ -->\n<title>Snow Fox Junior Stars Salmon | Dogma Socks - Extreme Design For Your Feet<\/title>\n<meta name=\"robots\" content=\"index, follow, max-snippet:-1, max-image-preview:large, max-video-preview:-1\" \/>\n<link rel=\"canonical\" href=\"https:\/\/www.dogmasocks.com\/de\/produkt\/snow-fox-junior-stars-salmon\/\" \/>\n<meta property=\"og:locale\" content=\"de_DE\" \/>\n<meta property=\"og:type\" content=\"article\" \/>\n<meta property=\"og:title\" content=\"Snow Fox Junior Stars Salmon | Dogma Socks - Extreme Design For Your Feet\" \/>\n<meta property=\"og:description\" content=\"Junior ist eine kleinere version des gr\u00f6\u00dferen Geschwisters. Schnee Fuchs. Es ist eine technische Socke, aber mit viel D\u00e4mpfung und W\u00e4rme f\u00fcr die kleinen ben\u00f6tigt. Alle Tech-Funktionen, verpackt in kleinen, keine Opfer \u00fcberhaupt. St\u00e4rkere D\u00e4mpfung gibt Ihnen leichteren schuhkontakt und weniger reaktive \u00fcbertragung von Energie. Gleichzeitig sorgt es f\u00fcr ein hohes Ma\u00df an W\u00e4rme und Schutz. \u201eCompress Tech\u201c h\u00e4lt die Socke an Ort und Stelle und verhindern \u201eBulking\u201cden ganzen Tag, jeden Tag.\" \/>\n<meta property=\"og:url\" content=\"https:\/\/www.dogmasocks.com\/de\/produkt\/snow-fox-junior-stars-salmon\/\" \/>\n<meta property=\"og:site_name\" content=\"Dogma Socks\" \/>\n<meta property=\"article:publisher\" content=\"https:\/\/www.facebook.com\/dogmasocks\/\" \/>\n<meta property=\"article:modified_time\" content=\"2020-09-11T10:49:21+00:00\" \/>\n<meta property=\"og:image\" content=\"https:\/\/www.dogmasocks.com\/wp-content\/uploads\/2019\/04\/dogmasocks-snow-snow-fox-junior-stars-solmon-1.jpg\" \/>\n\t<meta property=\"og:image:width\" content=\"1307\" \/>\n\t<meta property=\"og:image:height\" content=\"1960\" \/>\n\t<meta property=\"og:image:type\" content=\"image\/jpeg\" \/>\n<meta name=\"twitter:card\" content=\"summary_large_image\" \/>\n<meta name=\"twitter:label1\" content=\"Gesch\u00e4tzte Lesezeit\" \/>\n\t<meta name=\"twitter:data1\" content=\"1\u00a0Minute\" \/>\n<script type=\"application\/ld+json\" class=\"yoast-schema-graph\">{\"@context\":\"https:\/\/schema.org\",\"@graph\":[{\"@type\":\"WebPage\",\"@id\":\"https:\/\/www.dogmasocks.com\/de\/produkt\/snow-fox-junior-stars-salmon\/\",\"url\":\"https:\/\/www.dogmasocks.com\/de\/produkt\/snow-fox-junior-stars-salmon\/\",\"name\":\"Snow Fox Junior Stars Salmon | Dogma Socks - Extreme Design For Your Feet\",\"isPartOf\":{\"@id\":\"https:\/\/www.dogmasocks.com\/de\/#website\"},\"primaryImageOfPage\":{\"@id\":\"https:\/\/www.dogmasocks.com\/de\/produkt\/snow-fox-junior-stars-salmon\/#primaryimage\"},\"image\":{\"@id\":\"https:\/\/www.dogmasocks.com\/de\/produkt\/snow-fox-junior-stars-salmon\/#primaryimage\"},\"thumbnailUrl\":\"https:\/\/www.dogmasocks.com\/wp-content\/uploads\/2019\/04\/dogmasocks-snow-snow-fox-junior-stars-solmon-1.jpg\",\"datePublished\":\"2019-05-20T08:23:56+00:00\",\"dateModified\":\"2020-09-11T10:49:21+00:00\",\"breadcrumb\":{\"@id\":\"https:\/\/www.dogmasocks.com\/de\/produkt\/snow-fox-junior-stars-salmon\/#breadcrumb\"},\"inLanguage\":\"de\",\"potentialAction\":[{\"@type\":\"ReadAction\",\"target\":[\"https:\/\/www.dogmasocks.com\/de\/produkt\/snow-fox-junior-stars-salmon\/\"]}]},{\"@type\":\"ImageObject\",\"inLanguage\":\"de\",\"@id\":\"https:\/\/www.dogmasocks.com\/de\/produkt\/snow-fox-junior-stars-salmon\/#primaryimage\",\"url\":\"https:\/\/www.dogmasocks.com\/wp-content\/uploads\/2019\/04\/dogmasocks-snow-snow-fox-junior-stars-solmon-1.jpg\",\"contentUrl\":\"https:\/\/www.dogmasocks.com\/wp-content\/uploads\/2019\/04\/dogmasocks-snow-snow-fox-junior-stars-solmon-1.jpg\",\"width\":1307,\"height\":1960},{\"@type\":\"BreadcrumbList\",\"@id\":\"https:\/\/www.dogmasocks.com\/de\/produkt\/snow-fox-junior-stars-salmon\/#breadcrumb\",\"itemListElement\":[{\"@type\":\"ListItem\",\"position\":1,\"name\":\"Home\",\"item\":\"https:\/\/www.dogmasocks.com\/de\/\"},{\"@type\":\"ListItem\",\"position\":2,\"name\":\"Shop\",\"item\":\"https:\/\/www.dogmasocks.com\/de\/shop\/\"},{\"@type\":\"ListItem\",\"position\":3,\"name\":\"Snow Fox Junior Stars Salmon\"}]},{\"@type\":\"WebSite\",\"@id\":\"https:\/\/www.dogmasocks.com\/de\/#website\",\"url\":\"https:\/\/www.dogmasocks.com\/de\/\",\"name\":\"Dogma Socks\",\"description\":\"eXtreme design for your feet.\",\"potentialAction\":[{\"@type\":\"SearchAction\",\"target\":{\"@type\":\"EntryPoint\",\"urlTemplate\":\"https:\/\/www.dogmasocks.com\/de\/?s={search_term_string}\"},\"query-input\":{\"@type\":\"PropertyValueSpecification\",\"valueRequired\":true,\"valueName\":\"search_term_string\"}}],\"inLanguage\":\"de\"}]}<\/script>\n<!-- \/ Yoast SEO plugin. -->","yoast_head_json":{"title":"Snow Fox Junior Stars Salmon | Dogma Socks - Extreme Design For Your Feet","robots":{"index":"index","follow":"follow","max-snippet":"max-snippet:-1","max-image-preview":"max-image-preview:large","max-video-preview":"max-video-preview:-1"},"canonical":"https:\/\/www.dogmasocks.com\/de\/produkt\/snow-fox-junior-stars-salmon\/","og_locale":"de_DE","og_type":"article","og_title":"Snow Fox Junior Stars Salmon | Dogma Socks - Extreme Design For Your Feet","og_description":"Junior ist eine kleinere version des gr\u00f6\u00dferen Geschwisters. Schnee Fuchs. Es ist eine technische Socke, aber mit viel D\u00e4mpfung und W\u00e4rme f\u00fcr die kleinen ben\u00f6tigt. Alle Tech-Funktionen, verpackt in kleinen, keine Opfer \u00fcberhaupt. St\u00e4rkere D\u00e4mpfung gibt Ihnen leichteren schuhkontakt und weniger reaktive \u00fcbertragung von Energie. Gleichzeitig sorgt es f\u00fcr ein hohes Ma\u00df an W\u00e4rme und Schutz. \u201eCompress Tech\u201c h\u00e4lt die Socke an Ort und Stelle und verhindern \u201eBulking\u201cden ganzen Tag, jeden Tag.","og_url":"https:\/\/www.dogmasocks.com\/de\/produkt\/snow-fox-junior-stars-salmon\/","og_site_name":"Dogma Socks","article_publisher":"https:\/\/www.facebook.com\/dogmasocks\/","article_modified_time":"2020-09-11T10:49:21+00:00","og_image":[{"width":1307,"height":1960,"url":"https:\/\/www.dogmasocks.com\/wp-content\/uploads\/2019\/04\/dogmasocks-snow-snow-fox-junior-stars-solmon-1.jpg","type":"image\/jpeg"}],"twitter_card":"summary_large_image","twitter_misc":{"Gesch\u00e4tzte Lesezeit":"1\u00a0Minute"},"schema":{"@context":"https:\/\/schema.org","@graph":[{"@type":"WebPage","@id":"https:\/\/www.dogmasocks.com\/de\/produkt\/snow-fox-junior-stars-salmon\/","url":"https:\/\/www.dogmasocks.com\/de\/produkt\/snow-fox-junior-stars-salmon\/","name":"Snow Fox Junior Stars Salmon | Dogma Socks - Extreme Design For Your Feet","isPartOf":{"@id":"https:\/\/www.dogmasocks.com\/de\/#website"},"primaryImageOfPage":{"@id":"https:\/\/www.dogmasocks.com\/de\/produkt\/snow-fox-junior-stars-salmon\/#primaryimage"},"image":{"@id":"https:\/\/www.dogmasocks.com\/de\/produkt\/snow-fox-junior-stars-salmon\/#primaryimage"},"thumbnailUrl":"https:\/\/www.dogmasocks.com\/wp-content\/uploads\/2019\/04\/dogmasocks-snow-snow-fox-junior-stars-solmon-1.jpg","datePublished":"2019-05-20T08:23:56+00:00","dateModified":"2020-09-11T10:49:21+00:00","breadcrumb":{"@id":"https:\/\/www.dogmasocks.com\/de\/produkt\/snow-fox-junior-stars-salmon\/#breadcrumb"},"inLanguage":"de","potentialAction":[{"@type":"ReadAction","target":["https:\/\/www.dogmasocks.com\/de\/produkt\/snow-fox-junior-stars-salmon\/"]}]},{"@type":"ImageObject","inLanguage":"de","@id":"https:\/\/www.dogmasocks.com\/de\/produkt\/snow-fox-junior-stars-salmon\/#primaryimage","url":"https:\/\/www.dogmasocks.com\/wp-content\/uploads\/2019\/04\/dogmasocks-snow-snow-fox-junior-stars-solmon-1.jpg","contentUrl":"https:\/\/www.dogmasocks.com\/wp-content\/uploads\/2019\/04\/dogmasocks-snow-snow-fox-junior-stars-solmon-1.jpg","width":1307,"height":1960},{"@type":"BreadcrumbList","@id":"https:\/\/www.dogmasocks.com\/de\/produkt\/snow-fox-junior-stars-salmon\/#breadcrumb","itemListElement":[{"@type":"ListItem","position":1,"name":"Home","item":"https:\/\/www.dogmasocks.com\/de\/"},{"@type":"ListItem","position":2,"name":"Shop","item":"https:\/\/www.dogmasocks.com\/de\/shop\/"},{"@type":"ListItem","position":3,"name":"Snow Fox Junior Stars Salmon"}]},{"@type":"WebSite","@id":"https:\/\/www.dogmasocks.com\/de\/#website","url":"https:\/\/www.dogmasocks.com\/de\/","name":"Dogma Socks","description":"eXtreme design for your feet.","potentialAction":[{"@type":"SearchAction","target":{"@type":"EntryPoint","urlTemplate":"https:\/\/www.dogmasocks.com\/de\/?s={search_term_string}"},"query-input":{"@type":"PropertyValueSpecification","valueRequired":true,"valueName":"search_term_string"}}],"inLanguage":"de"}]}},"_links":{"self":[{"href":"https:\/\/www.dogmasocks.com\/de\/wp-json\/wp\/v2\/product\/36236","targetHints":{"allow":["GET"]}}],"collection":[{"href":"https:\/\/www.dogmasocks.com\/de\/wp-json\/wp\/v2\/product"}],"about":[{"href":"https:\/\/www.dogmasocks.com\/de\/wp-json\/wp\/v2\/types\/product"}],"replies":[{"embeddable":true,"href":"https:\/\/www.dogmasocks.com\/de\/wp-json\/wp\/v2\/comments?post=36236"}],"wp:featuredmedia":[{"embeddable":true,"href":"https:\/\/www.dogmasocks.com\/de\/wp-json\/wp\/v2\/media\/22021"}],"wp:attachment":[{"href":"https:\/\/www.dogmasocks.com\/de\/wp-json\/wp\/v2\/media?parent=36236"}],"wp:term":[{"taxonomy":"product_brand","embeddable":true,"href":"https:\/\/www.dogmasocks.com\/de\/wp-json\/wp\/v2\/product_brand?post=36236"},{"taxonomy":"product_cat","embeddable":true,"href":"https:\/\/www.dogmasocks.com\/de\/wp-json\/wp\/v2\/product_cat?post=36236"},{"taxonomy":"product_tag","embeddable":true,"href":"https:\/\/www.dogmasocks.com\/de\/wp-json\/wp\/v2\/product_tag?post=36236"}],"curies":[{"name":"wp","href":"https:\/\/api.w.org\/{rel}","templated":true}]}}