{"id":272409,"date":"2021-09-09T11:03:27","date_gmt":"2019-12-02T10:03:28","guid":{"rendered":"https:\/\/www.dogmasocks.com\/?post_type=product&#038;p=272409"},"modified":"2021-09-09T10:11:27","modified_gmt":"2021-09-09T08:11:27","slug":"bandana-black-marble","status":"publish","type":"product","link":"https:\/\/www.dogmasocks.com\/de\/produkt\/bandana-black-marble\/","title":{"rendered":"Bandana Black"},"content":{"rendered":"<p>Perfekter Schutz vor den Elementen bei Ihren \u201eOutdoor\u201c Aktivit\u00e4ten. Ob Sie Wintersport betreiben, gerne und lang Fahrrad fahren, in die Berge wandern oder f\u00fcr einen Marathon trainieren, dieses multifunktionale Bandana sch\u00fctzt Sie und sorgt f\u00fcr eine l\u00e4ngere Performance. Multifunktional und praktisch in der Benutzung kann es als Stirnband, Nackenw\u00e4rmer, Bandana oder Armband getragen werden.<\/p>\n<p>Weiche Mikrofaser verhindert Scheuern und h\u00e4lt Ihre Haut weich, UV-Schutz h\u00e4lt die sch\u00e4dlichen Strahlen von der Haut ab und schnell trocknende Materialien halten Sie trocken und frisch den ganzen Tag lang.<\/p>\n<p><strong>TECHNOLOGIE:<\/strong><\/p>\n<ul>\n<li>Leichtes, weiches und nahtloses Mikrofasermaterial<\/li>\n<li>Schnell trocknend und W\u00e4rmeschutz<\/li>\n<li>Anti-UV-Schutz<\/li>\n<li>Multifunktional<\/li>\n<\/ul>\n","protected":false},"excerpt":{"rendered":"<p>Perfekter Schutz vor nat\u00fcrlichen Elementen in Ihren \u201eOutdoor\u201c Aktivit\u00e4ten. Ob Sie Wintersport treiben, lange Kilometern auf Ihrem Fahrrad machen, sch\u00f6ne Berge Wandern oder f\u00fcr Ihren marathon trainieren, das multifunktionale Bandana sch\u00fctzt Sie und macht Sie l\u00e4nger durchf\u00fchren. Multifunktional und praktisch zu bedienen kann als Stirnband, Nackenw\u00e4rmer, Bandana, Armband getragen werden&#8230;.<\/p>\n<p>Weiche Mikrofaser verhindert scheuern und h\u00e4lt Ihre Haut weich, UV-Schutz h\u00e4lt die sch\u00e4dlichen Strahlen Weg von der Haut und schnell trocknende Materialien halten Sie trocken und frisch den ganzen Tag lang.<\/p>\n","protected":false},"featured_media":1473722,"comment_status":"open","ping_status":"closed","template":"","meta":{"_acf_changed":false},"product_brand":[],"product_cat":[460,463,469,476,450,451],"product_tag":[706,709,698,699,701,702,712,681,715,686,737,688,730],"class_list":{"0":"post-272409","1":"product","2":"type-product","3":"status-publish","4":"has-post-thumbnail","6":"product_cat-fahrrad","7":"product_cat-wanderung","8":"product_cat-laufen","9":"product_cat-schnee","10":"product_cat-zubehor","11":"product_cat-bandanas-de","12":"product_tag-draussen","13":"product_tag-laufen","14":"product_tag-mikrofaser","15":"product_tag-mikrofaser-de","16":"product_tag-multifunktional","17":"product_tag-nackenwarmer","18":"product_tag-nahtlos","19":"product_tag-radfahren","20":"product_tag-skifahren","21":"product_tag-stirnband","22":"product_tag-uv-schutz","23":"product_tag-wandern","24":"product_tag-warmeschutz","26":"first","27":"instock","28":"featured","29":"taxable","30":"shipping-taxable","31":"purchasable","32":"product-type-simple"},"acf":[],"yoast_head":"<!-- This site is optimized with the Yoast SEO plugin v24.2 - https:\/\/yoast.com\/wordpress\/plugins\/seo\/ -->\n<title>Bandana Black | Dogma Socks - Extreme Design For Your Feet<\/title>\n<meta name=\"robots\" content=\"index, follow, max-snippet:-1, max-image-preview:large, max-video-preview:-1\" \/>\n<link rel=\"canonical\" href=\"https:\/\/www.dogmasocks.com\/de\/produkt\/bandana-black-marble\/\" \/>\n<meta property=\"og:locale\" content=\"de_DE\" \/>\n<meta property=\"og:type\" content=\"article\" \/>\n<meta property=\"og:title\" content=\"Bandana Black | Dogma Socks - Extreme Design For Your Feet\" \/>\n<meta property=\"og:description\" content=\"Perfekter Schutz vor nat\u00fcrlichen Elementen in Ihren \u201eOutdoor\u201c Aktivit\u00e4ten. Ob Sie Wintersport treiben, lange Kilometern auf Ihrem Fahrrad machen, sch\u00f6ne Berge Wandern oder f\u00fcr Ihren marathon trainieren, das multifunktionale Bandana sch\u00fctzt Sie und macht Sie l\u00e4nger durchf\u00fchren. Multifunktional und praktisch zu bedienen kann als Stirnband, Nackenw\u00e4rmer, Bandana, Armband getragen werden....  Weiche Mikrofaser verhindert scheuern und h\u00e4lt Ihre Haut weich, UV-Schutz h\u00e4lt die sch\u00e4dlichen Strahlen Weg von der Haut und schnell trocknende Materialien halten Sie trocken und frisch den ganzen Tag lang.\" \/>\n<meta property=\"og:url\" content=\"https:\/\/www.dogmasocks.com\/de\/produkt\/bandana-black-marble\/\" \/>\n<meta property=\"og:site_name\" content=\"Dogma Socks\" \/>\n<meta property=\"article:publisher\" content=\"https:\/\/www.facebook.com\/dogmasocks\/\" \/>\n<meta property=\"article:modified_time\" content=\"2021-09-09T08:11:27+00:00\" \/>\n<meta property=\"og:image\" content=\"http:\/\/www.dogmasocks.com\/wp-content\/uploads\/2021\/09\/Bandana_3.jpg\" \/>\n\t<meta property=\"og:image:width\" content=\"1800\" \/>\n\t<meta property=\"og:image:height\" content=\"1800\" \/>\n\t<meta property=\"og:image:type\" content=\"image\/jpeg\" \/>\n<meta name=\"twitter:card\" content=\"summary_large_image\" \/>\n<meta name=\"twitter:label1\" content=\"Gesch\u00e4tzte Lesezeit\" \/>\n\t<meta name=\"twitter:data1\" content=\"1\u00a0Minute\" \/>\n<script type=\"application\/ld+json\" class=\"yoast-schema-graph\">{\"@context\":\"https:\/\/schema.org\",\"@graph\":[{\"@type\":\"WebPage\",\"@id\":\"https:\/\/www.dogmasocks.com\/de\/produkt\/bandana-black-marble\/\",\"url\":\"https:\/\/www.dogmasocks.com\/de\/produkt\/bandana-black-marble\/\",\"name\":\"Bandana Black | Dogma Socks - Extreme Design For Your Feet\",\"isPartOf\":{\"@id\":\"https:\/\/www.dogmasocks.com\/de\/#website\"},\"primaryImageOfPage\":{\"@id\":\"https:\/\/www.dogmasocks.com\/de\/produkt\/bandana-black-marble\/#primaryimage\"},\"image\":{\"@id\":\"https:\/\/www.dogmasocks.com\/de\/produkt\/bandana-black-marble\/#primaryimage\"},\"thumbnailUrl\":\"https:\/\/www.dogmasocks.com\/wp-content\/uploads\/2021\/09\/Bandana_3.jpg\",\"datePublished\":\"2019-12-02T10:03:28+00:00\",\"dateModified\":\"2021-09-09T08:11:27+00:00\",\"breadcrumb\":{\"@id\":\"https:\/\/www.dogmasocks.com\/de\/produkt\/bandana-black-marble\/#breadcrumb\"},\"inLanguage\":\"de\",\"potentialAction\":[{\"@type\":\"ReadAction\",\"target\":[\"https:\/\/www.dogmasocks.com\/de\/produkt\/bandana-black-marble\/\"]}]},{\"@type\":\"ImageObject\",\"inLanguage\":\"de\",\"@id\":\"https:\/\/www.dogmasocks.com\/de\/produkt\/bandana-black-marble\/#primaryimage\",\"url\":\"https:\/\/www.dogmasocks.com\/wp-content\/uploads\/2021\/09\/Bandana_3.jpg\",\"contentUrl\":\"https:\/\/www.dogmasocks.com\/wp-content\/uploads\/2021\/09\/Bandana_3.jpg\",\"width\":1800,\"height\":1800},{\"@type\":\"BreadcrumbList\",\"@id\":\"https:\/\/www.dogmasocks.com\/de\/produkt\/bandana-black-marble\/#breadcrumb\",\"itemListElement\":[{\"@type\":\"ListItem\",\"position\":1,\"name\":\"Home\",\"item\":\"https:\/\/www.dogmasocks.com\/de\/\"},{\"@type\":\"ListItem\",\"position\":2,\"name\":\"Shop\",\"item\":\"https:\/\/www.dogmasocks.com\/de\/shop\/\"},{\"@type\":\"ListItem\",\"position\":3,\"name\":\"Bandana Black\"}]},{\"@type\":\"WebSite\",\"@id\":\"https:\/\/www.dogmasocks.com\/de\/#website\",\"url\":\"https:\/\/www.dogmasocks.com\/de\/\",\"name\":\"Dogma Socks\",\"description\":\"eXtreme design for your feet.\",\"potentialAction\":[{\"@type\":\"SearchAction\",\"target\":{\"@type\":\"EntryPoint\",\"urlTemplate\":\"https:\/\/www.dogmasocks.com\/de\/?s={search_term_string}\"},\"query-input\":{\"@type\":\"PropertyValueSpecification\",\"valueRequired\":true,\"valueName\":\"search_term_string\"}}],\"inLanguage\":\"de\"}]}<\/script>\n<!-- \/ Yoast SEO plugin. -->","yoast_head_json":{"title":"Bandana Black | Dogma Socks - Extreme Design For Your Feet","robots":{"index":"index","follow":"follow","max-snippet":"max-snippet:-1","max-image-preview":"max-image-preview:large","max-video-preview":"max-video-preview:-1"},"canonical":"https:\/\/www.dogmasocks.com\/de\/produkt\/bandana-black-marble\/","og_locale":"de_DE","og_type":"article","og_title":"Bandana Black | Dogma Socks - Extreme Design For Your Feet","og_description":"Perfekter Schutz vor nat\u00fcrlichen Elementen in Ihren \u201eOutdoor\u201c Aktivit\u00e4ten. Ob Sie Wintersport treiben, lange Kilometern auf Ihrem Fahrrad machen, sch\u00f6ne Berge Wandern oder f\u00fcr Ihren marathon trainieren, das multifunktionale Bandana sch\u00fctzt Sie und macht Sie l\u00e4nger durchf\u00fchren. Multifunktional und praktisch zu bedienen kann als Stirnband, Nackenw\u00e4rmer, Bandana, Armband getragen werden....  Weiche Mikrofaser verhindert scheuern und h\u00e4lt Ihre Haut weich, UV-Schutz h\u00e4lt die sch\u00e4dlichen Strahlen Weg von der Haut und schnell trocknende Materialien halten Sie trocken und frisch den ganzen Tag lang.","og_url":"https:\/\/www.dogmasocks.com\/de\/produkt\/bandana-black-marble\/","og_site_name":"Dogma Socks","article_publisher":"https:\/\/www.facebook.com\/dogmasocks\/","article_modified_time":"2021-09-09T08:11:27+00:00","og_image":[{"width":1800,"height":1800,"url":"http:\/\/www.dogmasocks.com\/wp-content\/uploads\/2021\/09\/Bandana_3.jpg","type":"image\/jpeg"}],"twitter_card":"summary_large_image","twitter_misc":{"Gesch\u00e4tzte Lesezeit":"1\u00a0Minute"},"schema":{"@context":"https:\/\/schema.org","@graph":[{"@type":"WebPage","@id":"https:\/\/www.dogmasocks.com\/de\/produkt\/bandana-black-marble\/","url":"https:\/\/www.dogmasocks.com\/de\/produkt\/bandana-black-marble\/","name":"Bandana Black | Dogma Socks - Extreme Design For Your Feet","isPartOf":{"@id":"https:\/\/www.dogmasocks.com\/de\/#website"},"primaryImageOfPage":{"@id":"https:\/\/www.dogmasocks.com\/de\/produkt\/bandana-black-marble\/#primaryimage"},"image":{"@id":"https:\/\/www.dogmasocks.com\/de\/produkt\/bandana-black-marble\/#primaryimage"},"thumbnailUrl":"https:\/\/www.dogmasocks.com\/wp-content\/uploads\/2021\/09\/Bandana_3.jpg","datePublished":"2019-12-02T10:03:28+00:00","dateModified":"2021-09-09T08:11:27+00:00","breadcrumb":{"@id":"https:\/\/www.dogmasocks.com\/de\/produkt\/bandana-black-marble\/#breadcrumb"},"inLanguage":"de","potentialAction":[{"@type":"ReadAction","target":["https:\/\/www.dogmasocks.com\/de\/produkt\/bandana-black-marble\/"]}]},{"@type":"ImageObject","inLanguage":"de","@id":"https:\/\/www.dogmasocks.com\/de\/produkt\/bandana-black-marble\/#primaryimage","url":"https:\/\/www.dogmasocks.com\/wp-content\/uploads\/2021\/09\/Bandana_3.jpg","contentUrl":"https:\/\/www.dogmasocks.com\/wp-content\/uploads\/2021\/09\/Bandana_3.jpg","width":1800,"height":1800},{"@type":"BreadcrumbList","@id":"https:\/\/www.dogmasocks.com\/de\/produkt\/bandana-black-marble\/#breadcrumb","itemListElement":[{"@type":"ListItem","position":1,"name":"Home","item":"https:\/\/www.dogmasocks.com\/de\/"},{"@type":"ListItem","position":2,"name":"Shop","item":"https:\/\/www.dogmasocks.com\/de\/shop\/"},{"@type":"ListItem","position":3,"name":"Bandana Black"}]},{"@type":"WebSite","@id":"https:\/\/www.dogmasocks.com\/de\/#website","url":"https:\/\/www.dogmasocks.com\/de\/","name":"Dogma Socks","description":"eXtreme design for your feet.","potentialAction":[{"@type":"SearchAction","target":{"@type":"EntryPoint","urlTemplate":"https:\/\/www.dogmasocks.com\/de\/?s={search_term_string}"},"query-input":{"@type":"PropertyValueSpecification","valueRequired":true,"valueName":"search_term_string"}}],"inLanguage":"de"}]}},"_links":{"self":[{"href":"https:\/\/www.dogmasocks.com\/de\/wp-json\/wp\/v2\/product\/272409","targetHints":{"allow":["GET"]}}],"collection":[{"href":"https:\/\/www.dogmasocks.com\/de\/wp-json\/wp\/v2\/product"}],"about":[{"href":"https:\/\/www.dogmasocks.com\/de\/wp-json\/wp\/v2\/types\/product"}],"replies":[{"embeddable":true,"href":"https:\/\/www.dogmasocks.com\/de\/wp-json\/wp\/v2\/comments?post=272409"}],"wp:featuredmedia":[{"embeddable":true,"href":"https:\/\/www.dogmasocks.com\/de\/wp-json\/wp\/v2\/media\/1473722"}],"wp:attachment":[{"href":"https:\/\/www.dogmasocks.com\/de\/wp-json\/wp\/v2\/media?parent=272409"}],"wp:term":[{"taxonomy":"product_brand","embeddable":true,"href":"https:\/\/www.dogmasocks.com\/de\/wp-json\/wp\/v2\/product_brand?post=272409"},{"taxonomy":"product_cat","embeddable":true,"href":"https:\/\/www.dogmasocks.com\/de\/wp-json\/wp\/v2\/product_cat?post=272409"},{"taxonomy":"product_tag","embeddable":true,"href":"https:\/\/www.dogmasocks.com\/de\/wp-json\/wp\/v2\/product_tag?post=272409"}],"curies":[{"name":"wp","href":"https:\/\/api.w.org\/{rel}","templated":true}]}}