{"id":1479889,"date":"2025-12-15T14:45:05","date_gmt":"2025-12-15T13:45:06","guid":{"rendered":"https:\/\/www.dogmasocks.com\/?post_type=product&#038;p=1479889"},"modified":"2025-12-15T14:49:16","modified_gmt":"2025-12-15T13:49:16","slug":"gazelle-violet-kompressionsocken","status":"publish","type":"product","link":"https:\/\/www.dogmasocks.com\/de\/produkt\/gazelle-violet-kompressionsocken\/","title":{"rendered":"Gazelle Violet- Kompressionsocken"},"content":{"rendered":"<div class=\"woo_before-summary\">\n<div class=\"woocommerce-product-gallery woocommerce-product-gallery--with-images woocommerce-product-gallery--columns-4 images\" data-columns=\"4\">\n<div class=\"flex-viewport\">\n<p>Lauf-Kompressionssocke.<\/p>\n<p>Die Gazelle ist perfekt f\u00fcr L\u00e4ufer und Sportler, die zus\u00e4tzliche Unterst\u00fctzung durch Kompressionstechnologie ben\u00f6tigen. Dank der Kompressionstechnik k\u00f6nnen sich Ihre Muskeln schneller wieder erholen. Dar\u00fcber hinaus werden leichte D\u00e4mpfungsebenen Ihre Leistung steigern. Sie garantieren eine optimale Energie\u00fcbertragung und verhindern St\u00f6\u00dfe und Prellungen. Die Kraft der Kompression spart Ihnen au\u00dferdem m\u00fchsame Kilometer, die stressig sein k\u00f6nnen und Ihre Muskeln und Ihren K\u00f6rper verletzen k\u00f6nnen. Au\u00dferdem sehen Sie dabei noch stilvoll aus und verhindern b\u00f6se Prellungen beim Trailrunning.<\/p>\n<p><strong>TECHNOLOGIE:<\/strong><\/p>\n<ul>\n<li>Starke graduelle Kompression f\u00fcr eine bessere Muskelerholung<\/li>\n<li>Strategisch gestaltete D\u00e4mpfung im Fu\u00dfbereich reduziert Vibrationen und beugt Blasen vor<\/li>\n<li>Anatomische Form f\u00fcr eine bessere Passform<\/li>\n<li>Feuchtigkeitsabsorbierendes und schnell trocknendes Material<\/li>\n<li>Achilles-Schild sch\u00fctzt die empfindliche Achillessehne<\/li>\n<\/ul>\n<\/div>\n<p><strong>MATERIALEN:<\/strong><\/p>\n<ul>\n<li>Technische poliester 51,9%<\/li>\n<li>Poliamid 8,8%<\/li>\n<li>Elastan 39,3%<\/li>\n<\/ul>\n<\/div>\n<\/div>\n<div class=\"summary entry-summary\"><\/div>\n<p>&nbsp;<\/p>\n","protected":false},"excerpt":{"rendered":"<p>Laufen Kompression Socke.<\/p>\n<p>Die Gazelle ist perfekt f\u00fcr L\u00e4ufer und Sportler, die zus\u00e4tzliche Unterst\u00fctzung mit Kompression Technologie ben\u00f6tigen. Mit Kompressionstechnik k\u00f6nnen sich Ihre Muskeln schneller erholen. Dar\u00fcber hinaus werden leichte d\u00e4mpfungsebenen Ihre Leistung steigern. Sie geben Ihnen eine optimale Energie\u00fcbertragung und verhindern St\u00f6\u00dfe und Prellungen. Durch das Komprimieren der Kraft sparen Sie sich m\u00fchsame Kilometer, die stress hinzuf\u00fcgen und Ihre Muskeln und K\u00f6rper verletzen. Au\u00dferdem sehen Sie stilvoll aus und verhindern b\u00f6se Prellungen beim Trailrunning.<\/p>\n","protected":false},"featured_media":1479557,"comment_status":"open","ping_status":"closed","template":"","meta":{"_acf_changed":false},"product_brand":[],"product_cat":[448,469,475],"product_tag":[654,693,675,709,679,684,711],"class_list":{"0":"post-1479889","1":"product","2":"type-product","3":"status-publish","4":"has-post-thumbnail","6":"product_cat-socken","7":"product_cat-laufen","8":"product_cat-the-gazelle-de","9":"product_tag-anatomisch","10":"product_tag-kniehoch","11":"product_tag-kompression-leistung","12":"product_tag-laufen","13":"product_tag-polster","14":"product_tag-schnell-trocken","15":"product_tag-socken-laufen","17":"first","18":"instock","19":"taxable","20":"shipping-taxable","21":"purchasable","22":"product-type-variable"},"acf":[],"yoast_head":"<!-- This site is optimized with the Yoast SEO plugin v24.2 - https:\/\/yoast.com\/wordpress\/plugins\/seo\/ -->\n<title>Gazelle Violet- Kompressionsocken | Dogma Socks - Extreme Design For Your Feet<\/title>\n<meta name=\"robots\" content=\"index, follow, max-snippet:-1, max-image-preview:large, max-video-preview:-1\" \/>\n<link rel=\"canonical\" href=\"https:\/\/www.dogmasocks.com\/de\/produkt\/gazelle-violet-kompressionsocken\/\" \/>\n<meta property=\"og:locale\" content=\"de_DE\" \/>\n<meta property=\"og:type\" content=\"article\" \/>\n<meta property=\"og:title\" content=\"Gazelle Violet- Kompressionsocken | Dogma Socks - Extreme Design For Your Feet\" \/>\n<meta property=\"og:description\" content=\"Laufen Kompression Socke.  Die Gazelle ist perfekt f\u00fcr L\u00e4ufer und Sportler, die zus\u00e4tzliche Unterst\u00fctzung mit Kompression Technologie ben\u00f6tigen. Mit Kompressionstechnik k\u00f6nnen sich Ihre Muskeln schneller erholen. Dar\u00fcber hinaus werden leichte d\u00e4mpfungsebenen Ihre Leistung steigern. Sie geben Ihnen eine optimale Energie\u00fcbertragung und verhindern St\u00f6\u00dfe und Prellungen. Durch das Komprimieren der Kraft sparen Sie sich m\u00fchsame Kilometer, die stress hinzuf\u00fcgen und Ihre Muskeln und K\u00f6rper verletzen. Au\u00dferdem sehen Sie stilvoll aus und verhindern b\u00f6se Prellungen beim Trailrunning.\" \/>\n<meta property=\"og:url\" content=\"https:\/\/www.dogmasocks.com\/de\/produkt\/gazelle-violet-kompressionsocken\/\" \/>\n<meta property=\"og:site_name\" content=\"Dogma Socks\" \/>\n<meta property=\"article:publisher\" content=\"https:\/\/www.facebook.com\/dogmasocks\/\" \/>\n<meta property=\"article:modified_time\" content=\"2025-12-15T13:49:16+00:00\" \/>\n<meta property=\"og:image\" content=\"https:\/\/www.dogmasocks.com\/wp-content\/uploads\/2025\/11\/29_1.jpg\" \/>\n\t<meta property=\"og:image:width\" content=\"1800\" \/>\n\t<meta property=\"og:image:height\" content=\"1800\" \/>\n\t<meta property=\"og:image:type\" content=\"image\/jpeg\" \/>\n<meta name=\"twitter:card\" content=\"summary_large_image\" \/>\n<meta name=\"twitter:label1\" content=\"Gesch\u00e4tzte Lesezeit\" \/>\n\t<meta name=\"twitter:data1\" content=\"1\u00a0Minute\" \/>\n<script type=\"application\/ld+json\" class=\"yoast-schema-graph\">{\"@context\":\"https:\/\/schema.org\",\"@graph\":[{\"@type\":\"WebPage\",\"@id\":\"https:\/\/www.dogmasocks.com\/de\/produkt\/gazelle-violet-kompressionsocken\/\",\"url\":\"https:\/\/www.dogmasocks.com\/de\/produkt\/gazelle-violet-kompressionsocken\/\",\"name\":\"Gazelle Violet- Kompressionsocken | Dogma Socks - Extreme Design For Your Feet\",\"isPartOf\":{\"@id\":\"https:\/\/www.dogmasocks.com\/de\/#website\"},\"primaryImageOfPage\":{\"@id\":\"https:\/\/www.dogmasocks.com\/de\/produkt\/gazelle-violet-kompressionsocken\/#primaryimage\"},\"image\":{\"@id\":\"https:\/\/www.dogmasocks.com\/de\/produkt\/gazelle-violet-kompressionsocken\/#primaryimage\"},\"thumbnailUrl\":\"https:\/\/www.dogmasocks.com\/wp-content\/uploads\/2025\/11\/29_1.jpg\",\"datePublished\":\"2025-12-15T13:45:06+00:00\",\"dateModified\":\"2025-12-15T13:49:16+00:00\",\"breadcrumb\":{\"@id\":\"https:\/\/www.dogmasocks.com\/de\/produkt\/gazelle-violet-kompressionsocken\/#breadcrumb\"},\"inLanguage\":\"de\",\"potentialAction\":[{\"@type\":\"ReadAction\",\"target\":[\"https:\/\/www.dogmasocks.com\/de\/produkt\/gazelle-violet-kompressionsocken\/\"]}]},{\"@type\":\"ImageObject\",\"inLanguage\":\"de\",\"@id\":\"https:\/\/www.dogmasocks.com\/de\/produkt\/gazelle-violet-kompressionsocken\/#primaryimage\",\"url\":\"https:\/\/www.dogmasocks.com\/wp-content\/uploads\/2025\/11\/29_1.jpg\",\"contentUrl\":\"https:\/\/www.dogmasocks.com\/wp-content\/uploads\/2025\/11\/29_1.jpg\",\"width\":1800,\"height\":1800},{\"@type\":\"BreadcrumbList\",\"@id\":\"https:\/\/www.dogmasocks.com\/de\/produkt\/gazelle-violet-kompressionsocken\/#breadcrumb\",\"itemListElement\":[{\"@type\":\"ListItem\",\"position\":1,\"name\":\"Home\",\"item\":\"https:\/\/www.dogmasocks.com\/de\/\"},{\"@type\":\"ListItem\",\"position\":2,\"name\":\"Shop\",\"item\":\"https:\/\/www.dogmasocks.com\/de\/shop\/\"},{\"@type\":\"ListItem\",\"position\":3,\"name\":\"Gazelle Violet- Kompressionsocken\"}]},{\"@type\":\"WebSite\",\"@id\":\"https:\/\/www.dogmasocks.com\/de\/#website\",\"url\":\"https:\/\/www.dogmasocks.com\/de\/\",\"name\":\"Dogma Socks\",\"description\":\"eXtreme design for your feet.\",\"potentialAction\":[{\"@type\":\"SearchAction\",\"target\":{\"@type\":\"EntryPoint\",\"urlTemplate\":\"https:\/\/www.dogmasocks.com\/de\/?s={search_term_string}\"},\"query-input\":{\"@type\":\"PropertyValueSpecification\",\"valueRequired\":true,\"valueName\":\"search_term_string\"}}],\"inLanguage\":\"de\"}]}<\/script>\n<!-- \/ Yoast SEO plugin. -->","yoast_head_json":{"title":"Gazelle Violet- Kompressionsocken | Dogma Socks - Extreme Design For Your Feet","robots":{"index":"index","follow":"follow","max-snippet":"max-snippet:-1","max-image-preview":"max-image-preview:large","max-video-preview":"max-video-preview:-1"},"canonical":"https:\/\/www.dogmasocks.com\/de\/produkt\/gazelle-violet-kompressionsocken\/","og_locale":"de_DE","og_type":"article","og_title":"Gazelle Violet- Kompressionsocken | Dogma Socks - Extreme Design For Your Feet","og_description":"Laufen Kompression Socke.  Die Gazelle ist perfekt f\u00fcr L\u00e4ufer und Sportler, die zus\u00e4tzliche Unterst\u00fctzung mit Kompression Technologie ben\u00f6tigen. Mit Kompressionstechnik k\u00f6nnen sich Ihre Muskeln schneller erholen. Dar\u00fcber hinaus werden leichte d\u00e4mpfungsebenen Ihre Leistung steigern. Sie geben Ihnen eine optimale Energie\u00fcbertragung und verhindern St\u00f6\u00dfe und Prellungen. Durch das Komprimieren der Kraft sparen Sie sich m\u00fchsame Kilometer, die stress hinzuf\u00fcgen und Ihre Muskeln und K\u00f6rper verletzen. Au\u00dferdem sehen Sie stilvoll aus und verhindern b\u00f6se Prellungen beim Trailrunning.","og_url":"https:\/\/www.dogmasocks.com\/de\/produkt\/gazelle-violet-kompressionsocken\/","og_site_name":"Dogma Socks","article_publisher":"https:\/\/www.facebook.com\/dogmasocks\/","article_modified_time":"2025-12-15T13:49:16+00:00","og_image":[{"width":1800,"height":1800,"url":"https:\/\/www.dogmasocks.com\/wp-content\/uploads\/2025\/11\/29_1.jpg","type":"image\/jpeg"}],"twitter_card":"summary_large_image","twitter_misc":{"Gesch\u00e4tzte Lesezeit":"1\u00a0Minute"},"schema":{"@context":"https:\/\/schema.org","@graph":[{"@type":"WebPage","@id":"https:\/\/www.dogmasocks.com\/de\/produkt\/gazelle-violet-kompressionsocken\/","url":"https:\/\/www.dogmasocks.com\/de\/produkt\/gazelle-violet-kompressionsocken\/","name":"Gazelle Violet- Kompressionsocken | Dogma Socks - Extreme Design For Your Feet","isPartOf":{"@id":"https:\/\/www.dogmasocks.com\/de\/#website"},"primaryImageOfPage":{"@id":"https:\/\/www.dogmasocks.com\/de\/produkt\/gazelle-violet-kompressionsocken\/#primaryimage"},"image":{"@id":"https:\/\/www.dogmasocks.com\/de\/produkt\/gazelle-violet-kompressionsocken\/#primaryimage"},"thumbnailUrl":"https:\/\/www.dogmasocks.com\/wp-content\/uploads\/2025\/11\/29_1.jpg","datePublished":"2025-12-15T13:45:06+00:00","dateModified":"2025-12-15T13:49:16+00:00","breadcrumb":{"@id":"https:\/\/www.dogmasocks.com\/de\/produkt\/gazelle-violet-kompressionsocken\/#breadcrumb"},"inLanguage":"de","potentialAction":[{"@type":"ReadAction","target":["https:\/\/www.dogmasocks.com\/de\/produkt\/gazelle-violet-kompressionsocken\/"]}]},{"@type":"ImageObject","inLanguage":"de","@id":"https:\/\/www.dogmasocks.com\/de\/produkt\/gazelle-violet-kompressionsocken\/#primaryimage","url":"https:\/\/www.dogmasocks.com\/wp-content\/uploads\/2025\/11\/29_1.jpg","contentUrl":"https:\/\/www.dogmasocks.com\/wp-content\/uploads\/2025\/11\/29_1.jpg","width":1800,"height":1800},{"@type":"BreadcrumbList","@id":"https:\/\/www.dogmasocks.com\/de\/produkt\/gazelle-violet-kompressionsocken\/#breadcrumb","itemListElement":[{"@type":"ListItem","position":1,"name":"Home","item":"https:\/\/www.dogmasocks.com\/de\/"},{"@type":"ListItem","position":2,"name":"Shop","item":"https:\/\/www.dogmasocks.com\/de\/shop\/"},{"@type":"ListItem","position":3,"name":"Gazelle Violet- Kompressionsocken"}]},{"@type":"WebSite","@id":"https:\/\/www.dogmasocks.com\/de\/#website","url":"https:\/\/www.dogmasocks.com\/de\/","name":"Dogma Socks","description":"eXtreme design for your feet.","potentialAction":[{"@type":"SearchAction","target":{"@type":"EntryPoint","urlTemplate":"https:\/\/www.dogmasocks.com\/de\/?s={search_term_string}"},"query-input":{"@type":"PropertyValueSpecification","valueRequired":true,"valueName":"search_term_string"}}],"inLanguage":"de"}]}},"_links":{"self":[{"href":"https:\/\/www.dogmasocks.com\/de\/wp-json\/wp\/v2\/product\/1479889","targetHints":{"allow":["GET"]}}],"collection":[{"href":"https:\/\/www.dogmasocks.com\/de\/wp-json\/wp\/v2\/product"}],"about":[{"href":"https:\/\/www.dogmasocks.com\/de\/wp-json\/wp\/v2\/types\/product"}],"replies":[{"embeddable":true,"href":"https:\/\/www.dogmasocks.com\/de\/wp-json\/wp\/v2\/comments?post=1479889"}],"wp:featuredmedia":[{"embeddable":true,"href":"https:\/\/www.dogmasocks.com\/de\/wp-json\/wp\/v2\/media\/1479557"}],"wp:attachment":[{"href":"https:\/\/www.dogmasocks.com\/de\/wp-json\/wp\/v2\/media?parent=1479889"}],"wp:term":[{"taxonomy":"product_brand","embeddable":true,"href":"https:\/\/www.dogmasocks.com\/de\/wp-json\/wp\/v2\/product_brand?post=1479889"},{"taxonomy":"product_cat","embeddable":true,"href":"https:\/\/www.dogmasocks.com\/de\/wp-json\/wp\/v2\/product_cat?post=1479889"},{"taxonomy":"product_tag","embeddable":true,"href":"https:\/\/www.dogmasocks.com\/de\/wp-json\/wp\/v2\/product_tag?post=1479889"}],"curies":[{"name":"wp","href":"https:\/\/api.w.org\/{rel}","templated":true}]}}