{"id":1479759,"date":"2025-12-03T14:16:15","date_gmt":"2025-12-03T13:16:16","guid":{"rendered":"https:\/\/www.dogmasocks.com\/?post_type=product&#038;p=1479759"},"modified":"2025-12-03T14:20:21","modified_gmt":"2025-12-03T13:20:21","slug":"falcon-magenta-w-leicht-quick-dry-lauf-socken","status":"publish","type":"product","link":"https:\/\/www.dogmasocks.com\/de\/produkt\/falcon-magenta-w-leicht-quick-dry-lauf-socken\/","title":{"rendered":"Falcon Magenta W-leicht &#8222;quick dry&#8220; lauf Socken"},"content":{"rendered":"<p>The Falcon bietet flache, atmungsaktive D\u00e4mpfungsebenen in Kombination mit ultraleichten Funktionsmaterialien. Diese Kombination sorgt daf\u00fcr, dass Sie weder auf Geschwindigkeit noch auf Reaktion verzichten m\u00fcssen. Falcon ist perfekt f\u00fcr L\u00e4ufer, die sich nicht zwischen Geschwindigkeit und Leichtigkeit entscheiden wollen. Auch ein guter Grip und ein hoher Schuhkontakt stehen hier an erster Stelle. Mesh-Eins\u00e4tze halten Ihre F\u00fc\u00dfe in hei\u00dfen Sommermonaten k\u00fchl und gut bel\u00fcftet.<\/p>\n<p><strong>TECHNOLOGIE:<\/strong><\/p>\n<ol>\n<li>Manschetten vorne und hinten verhindern scheuern von Schuhen<\/li>\n<li>Mesh-Eins\u00e4tze f\u00fcr bessere Bel\u00fcftung und Temperaturregelung<\/li>\n<li>Elastisches Band im Fu\u00df f\u00fcr eine bessere Stabilit\u00e4t der Socke<\/li>\n<li>Schnell trocknend und feuchtigkeitsabsorbierend<\/li>\n<li>Anatomische Form f\u00fcr eine bessere Passform<\/li>\n<li>Ultraleicht und atmungsaktiv<\/li>\n<\/ol>\n<p><strong>MATERIAL:<\/strong><\/p>\n<ol>\n<li>Technisches Polyester 61%<\/li>\n<li>Elasthan \u00a021,8%<\/li>\n<li>Polyamid \u00a017,2%<\/li>\n<\/ol>\n<p>&nbsp;<\/p>\n","protected":false},"excerpt":{"rendered":"<p>The Falcon bietet flache d\u00e4mpfungsebenen in Kombination mit ultraleichten Funktionsmaterialien. Diese Kombination sorgt daf\u00fcr, dass Sie Ihre Geschwindigkeit und Reaktion erhalten. Falcon ist perfekt f\u00fcr L\u00e4ufer, die Geschwindigkeit und Leichtigkeit in Ihren Beinen bevorzugen. Auch ein hoher schuhkontakt und ein besserer Energieverbrauch stehen hier an Erster Stelle. Mesh-Eins\u00e4tze halten Sie in hei\u00dfen Sommermonaten k\u00fchl und bel\u00fcftet<\/p>\n<h6><span style=\"color: #ff0000;\"><strong><em data-rich-text-format-boundary=\"true\">*FREE SHIPPING*<br \/>\n<\/em><\/strong><\/span><span style=\"color: #ff0000;\"><span style=\"color: #ff9900;\">Free standard shipping to Europe on all orders over \u20ac50 (all orders over \u20ac100 to the rest of the world<br \/>\n<\/span><\/span><a style=\"color: #ff9900;\" href=\"https:\/\/www.dogmasocks.com\/shipping-information\/\">SHIPPING CONDITIONS<\/a><\/h6>\n<h6><strong><em data-rich-text-format-boundary=\"true\"><span style=\"color: #ff0000;\">SHIPPING TIMING<\/span><br \/>\n<\/em><\/strong>Usually we ship within one day. However, during peak times it may take up to 3 days from your order.<br \/>\nEstimated delivery time to Europe is 5-7 working days (7-10 working days to the rest of the world<\/h6>\n<h6><strong><em data-rich-text-format-boundary=\"true\"><span style=\"color: #ff0000;\">PAYMENT METHOD<\/span><\/em><\/strong><br \/>\nFor your convenience we accept all major payment methods<br \/>\n<img loading=\"lazy\" decoding=\"async\" class=\"alignnone wp-image-1469435\" src=\"https:\/\/www.dogmasocks.com\/wp-content\/uploads\/2019\/05\/29bb4ece-a216-4d47-be4e-76a4acb1f376.jpg\" alt=\"\" width=\"237\" height=\"34\" \/><\/h6>\n<p>&nbsp;<\/p>\n<p>&nbsp;<\/p>\n<p>&nbsp;<\/p>\n","protected":false},"featured_media":1479449,"comment_status":"open","ping_status":"closed","template":"","meta":{"_acf_changed":false},"product_brand":[],"product_cat":[448,469,473],"product_tag":[668,667,678,731,691,708,695,739,684,711,736],"class_list":{"0":"post-1479759","1":"product","2":"type-product","3":"status-publish","4":"has-post-thumbnail","6":"product_cat-socken","7":"product_cat-laufen","8":"product_cat-falcon-de","9":"product_tag-atmungsaktiv","10":"product_tag-blister-shield-de","11":"product_tag-cuff-tabs-de","12":"product_tag-dunn","13":"product_tag-invisistitch-de","14":"product_tag-lauf","15":"product_tag-leicht","16":"product_tag-luftungskanale","17":"product_tag-schnell-trocken","18":"product_tag-socken-laufen","19":"product_tag-ultraleicht","21":"first","22":"instock","23":"featured","24":"taxable","25":"shipping-taxable","26":"purchasable","27":"product-type-variable"},"acf":[],"yoast_head":"<!-- This site is optimized with the Yoast SEO plugin v24.2 - https:\/\/yoast.com\/wordpress\/plugins\/seo\/ -->\n<title>Falcon Magenta W-leicht &quot;quick dry&quot; lauf Socken | Dogma Socks - Extreme Design For Your Feet<\/title>\n<meta name=\"robots\" content=\"index, follow, max-snippet:-1, max-image-preview:large, max-video-preview:-1\" \/>\n<link rel=\"canonical\" href=\"https:\/\/www.dogmasocks.com\/de\/produkt\/falcon-magenta-w-leicht-quick-dry-lauf-socken\/\" \/>\n<meta property=\"og:locale\" content=\"de_DE\" \/>\n<meta property=\"og:type\" content=\"article\" \/>\n<meta property=\"og:title\" content=\"Falcon Magenta W-leicht &quot;quick dry&quot; lauf Socken | Dogma Socks - Extreme Design For Your Feet\" \/>\n<meta property=\"og:description\" content=\"The Falcon bietet flache d\u00e4mpfungsebenen in Kombination mit ultraleichten Funktionsmaterialien. Diese Kombination sorgt daf\u00fcr, dass Sie Ihre Geschwindigkeit und Reaktion erhalten. Falcon ist perfekt f\u00fcr L\u00e4ufer, die Geschwindigkeit und Leichtigkeit in Ihren Beinen bevorzugen. Auch ein hoher schuhkontakt und ein besserer Energieverbrauch stehen hier an Erster Stelle. Mesh-Eins\u00e4tze halten Sie in hei\u00dfen Sommermonaten k\u00fchl und bel\u00fcftet *FREE SHIPPING* Free standard shipping to Europe on all orders over \u20ac50 (all orders over \u20ac100 to the rest of the world SHIPPING CONDITIONS SHIPPING TIMING Usually we ship within one day. However, during peak times it may take up to 3 days from your order. Estimated delivery time to Europe is 5-7 working days (7-10 working days to the rest of the world PAYMENT METHOD For your convenience we accept all major payment methods  &nbsp;  &nbsp;  &nbsp;\" \/>\n<meta property=\"og:url\" content=\"https:\/\/www.dogmasocks.com\/de\/produkt\/falcon-magenta-w-leicht-quick-dry-lauf-socken\/\" \/>\n<meta property=\"og:site_name\" content=\"Dogma Socks\" \/>\n<meta property=\"article:publisher\" content=\"https:\/\/www.facebook.com\/dogmasocks\/\" \/>\n<meta property=\"article:modified_time\" content=\"2025-12-03T13:20:21+00:00\" \/>\n<meta property=\"og:image\" content=\"https:\/\/www.dogmasocks.com\/wp-content\/uploads\/2025\/11\/17_1.jpg\" \/>\n\t<meta property=\"og:image:width\" content=\"1800\" \/>\n\t<meta property=\"og:image:height\" content=\"1800\" \/>\n\t<meta property=\"og:image:type\" content=\"image\/jpeg\" \/>\n<meta name=\"twitter:card\" content=\"summary_large_image\" \/>\n<meta name=\"twitter:label1\" content=\"Gesch\u00e4tzte Lesezeit\" \/>\n\t<meta name=\"twitter:data1\" content=\"1\u00a0Minute\" \/>\n<script type=\"application\/ld+json\" class=\"yoast-schema-graph\">{\"@context\":\"https:\/\/schema.org\",\"@graph\":[{\"@type\":\"WebPage\",\"@id\":\"https:\/\/www.dogmasocks.com\/de\/produkt\/falcon-magenta-w-leicht-quick-dry-lauf-socken\/\",\"url\":\"https:\/\/www.dogmasocks.com\/de\/produkt\/falcon-magenta-w-leicht-quick-dry-lauf-socken\/\",\"name\":\"Falcon Magenta W-leicht \\\"quick dry\\\" lauf Socken | Dogma Socks - Extreme Design For Your Feet\",\"isPartOf\":{\"@id\":\"https:\/\/www.dogmasocks.com\/de\/#website\"},\"primaryImageOfPage\":{\"@id\":\"https:\/\/www.dogmasocks.com\/de\/produkt\/falcon-magenta-w-leicht-quick-dry-lauf-socken\/#primaryimage\"},\"image\":{\"@id\":\"https:\/\/www.dogmasocks.com\/de\/produkt\/falcon-magenta-w-leicht-quick-dry-lauf-socken\/#primaryimage\"},\"thumbnailUrl\":\"https:\/\/www.dogmasocks.com\/wp-content\/uploads\/2025\/11\/17_1.jpg\",\"datePublished\":\"2025-12-03T13:16:16+00:00\",\"dateModified\":\"2025-12-03T13:20:21+00:00\",\"breadcrumb\":{\"@id\":\"https:\/\/www.dogmasocks.com\/de\/produkt\/falcon-magenta-w-leicht-quick-dry-lauf-socken\/#breadcrumb\"},\"inLanguage\":\"de\",\"potentialAction\":[{\"@type\":\"ReadAction\",\"target\":[\"https:\/\/www.dogmasocks.com\/de\/produkt\/falcon-magenta-w-leicht-quick-dry-lauf-socken\/\"]}]},{\"@type\":\"ImageObject\",\"inLanguage\":\"de\",\"@id\":\"https:\/\/www.dogmasocks.com\/de\/produkt\/falcon-magenta-w-leicht-quick-dry-lauf-socken\/#primaryimage\",\"url\":\"https:\/\/www.dogmasocks.com\/wp-content\/uploads\/2025\/11\/17_1.jpg\",\"contentUrl\":\"https:\/\/www.dogmasocks.com\/wp-content\/uploads\/2025\/11\/17_1.jpg\",\"width\":1800,\"height\":1800},{\"@type\":\"BreadcrumbList\",\"@id\":\"https:\/\/www.dogmasocks.com\/de\/produkt\/falcon-magenta-w-leicht-quick-dry-lauf-socken\/#breadcrumb\",\"itemListElement\":[{\"@type\":\"ListItem\",\"position\":1,\"name\":\"Home\",\"item\":\"https:\/\/www.dogmasocks.com\/de\/\"},{\"@type\":\"ListItem\",\"position\":2,\"name\":\"Shop\",\"item\":\"https:\/\/www.dogmasocks.com\/de\/shop\/\"},{\"@type\":\"ListItem\",\"position\":3,\"name\":\"Falcon Magenta W-leicht &#8222;quick dry&#8220; lauf Socken\"}]},{\"@type\":\"WebSite\",\"@id\":\"https:\/\/www.dogmasocks.com\/de\/#website\",\"url\":\"https:\/\/www.dogmasocks.com\/de\/\",\"name\":\"Dogma Socks\",\"description\":\"eXtreme design for your feet.\",\"potentialAction\":[{\"@type\":\"SearchAction\",\"target\":{\"@type\":\"EntryPoint\",\"urlTemplate\":\"https:\/\/www.dogmasocks.com\/de\/?s={search_term_string}\"},\"query-input\":{\"@type\":\"PropertyValueSpecification\",\"valueRequired\":true,\"valueName\":\"search_term_string\"}}],\"inLanguage\":\"de\"}]}<\/script>\n<!-- \/ Yoast SEO plugin. -->","yoast_head_json":{"title":"Falcon Magenta W-leicht \"quick dry\" lauf Socken | Dogma Socks - Extreme Design For Your Feet","robots":{"index":"index","follow":"follow","max-snippet":"max-snippet:-1","max-image-preview":"max-image-preview:large","max-video-preview":"max-video-preview:-1"},"canonical":"https:\/\/www.dogmasocks.com\/de\/produkt\/falcon-magenta-w-leicht-quick-dry-lauf-socken\/","og_locale":"de_DE","og_type":"article","og_title":"Falcon Magenta W-leicht \"quick dry\" lauf Socken | Dogma Socks - Extreme Design For Your Feet","og_description":"The Falcon bietet flache d\u00e4mpfungsebenen in Kombination mit ultraleichten Funktionsmaterialien. Diese Kombination sorgt daf\u00fcr, dass Sie Ihre Geschwindigkeit und Reaktion erhalten. Falcon ist perfekt f\u00fcr L\u00e4ufer, die Geschwindigkeit und Leichtigkeit in Ihren Beinen bevorzugen. Auch ein hoher schuhkontakt und ein besserer Energieverbrauch stehen hier an Erster Stelle. Mesh-Eins\u00e4tze halten Sie in hei\u00dfen Sommermonaten k\u00fchl und bel\u00fcftet *FREE SHIPPING* Free standard shipping to Europe on all orders over \u20ac50 (all orders over \u20ac100 to the rest of the world SHIPPING CONDITIONS SHIPPING TIMING Usually we ship within one day. However, during peak times it may take up to 3 days from your order. Estimated delivery time to Europe is 5-7 working days (7-10 working days to the rest of the world PAYMENT METHOD For your convenience we accept all major payment methods  &nbsp;  &nbsp;  &nbsp;","og_url":"https:\/\/www.dogmasocks.com\/de\/produkt\/falcon-magenta-w-leicht-quick-dry-lauf-socken\/","og_site_name":"Dogma Socks","article_publisher":"https:\/\/www.facebook.com\/dogmasocks\/","article_modified_time":"2025-12-03T13:20:21+00:00","og_image":[{"width":1800,"height":1800,"url":"https:\/\/www.dogmasocks.com\/wp-content\/uploads\/2025\/11\/17_1.jpg","type":"image\/jpeg"}],"twitter_card":"summary_large_image","twitter_misc":{"Gesch\u00e4tzte Lesezeit":"1\u00a0Minute"},"schema":{"@context":"https:\/\/schema.org","@graph":[{"@type":"WebPage","@id":"https:\/\/www.dogmasocks.com\/de\/produkt\/falcon-magenta-w-leicht-quick-dry-lauf-socken\/","url":"https:\/\/www.dogmasocks.com\/de\/produkt\/falcon-magenta-w-leicht-quick-dry-lauf-socken\/","name":"Falcon Magenta W-leicht \"quick dry\" lauf Socken | Dogma Socks - Extreme Design For Your Feet","isPartOf":{"@id":"https:\/\/www.dogmasocks.com\/de\/#website"},"primaryImageOfPage":{"@id":"https:\/\/www.dogmasocks.com\/de\/produkt\/falcon-magenta-w-leicht-quick-dry-lauf-socken\/#primaryimage"},"image":{"@id":"https:\/\/www.dogmasocks.com\/de\/produkt\/falcon-magenta-w-leicht-quick-dry-lauf-socken\/#primaryimage"},"thumbnailUrl":"https:\/\/www.dogmasocks.com\/wp-content\/uploads\/2025\/11\/17_1.jpg","datePublished":"2025-12-03T13:16:16+00:00","dateModified":"2025-12-03T13:20:21+00:00","breadcrumb":{"@id":"https:\/\/www.dogmasocks.com\/de\/produkt\/falcon-magenta-w-leicht-quick-dry-lauf-socken\/#breadcrumb"},"inLanguage":"de","potentialAction":[{"@type":"ReadAction","target":["https:\/\/www.dogmasocks.com\/de\/produkt\/falcon-magenta-w-leicht-quick-dry-lauf-socken\/"]}]},{"@type":"ImageObject","inLanguage":"de","@id":"https:\/\/www.dogmasocks.com\/de\/produkt\/falcon-magenta-w-leicht-quick-dry-lauf-socken\/#primaryimage","url":"https:\/\/www.dogmasocks.com\/wp-content\/uploads\/2025\/11\/17_1.jpg","contentUrl":"https:\/\/www.dogmasocks.com\/wp-content\/uploads\/2025\/11\/17_1.jpg","width":1800,"height":1800},{"@type":"BreadcrumbList","@id":"https:\/\/www.dogmasocks.com\/de\/produkt\/falcon-magenta-w-leicht-quick-dry-lauf-socken\/#breadcrumb","itemListElement":[{"@type":"ListItem","position":1,"name":"Home","item":"https:\/\/www.dogmasocks.com\/de\/"},{"@type":"ListItem","position":2,"name":"Shop","item":"https:\/\/www.dogmasocks.com\/de\/shop\/"},{"@type":"ListItem","position":3,"name":"Falcon Magenta W-leicht &#8222;quick dry&#8220; lauf Socken"}]},{"@type":"WebSite","@id":"https:\/\/www.dogmasocks.com\/de\/#website","url":"https:\/\/www.dogmasocks.com\/de\/","name":"Dogma Socks","description":"eXtreme design for your feet.","potentialAction":[{"@type":"SearchAction","target":{"@type":"EntryPoint","urlTemplate":"https:\/\/www.dogmasocks.com\/de\/?s={search_term_string}"},"query-input":{"@type":"PropertyValueSpecification","valueRequired":true,"valueName":"search_term_string"}}],"inLanguage":"de"}]}},"_links":{"self":[{"href":"https:\/\/www.dogmasocks.com\/de\/wp-json\/wp\/v2\/product\/1479759","targetHints":{"allow":["GET"]}}],"collection":[{"href":"https:\/\/www.dogmasocks.com\/de\/wp-json\/wp\/v2\/product"}],"about":[{"href":"https:\/\/www.dogmasocks.com\/de\/wp-json\/wp\/v2\/types\/product"}],"replies":[{"embeddable":true,"href":"https:\/\/www.dogmasocks.com\/de\/wp-json\/wp\/v2\/comments?post=1479759"}],"wp:featuredmedia":[{"embeddable":true,"href":"https:\/\/www.dogmasocks.com\/de\/wp-json\/wp\/v2\/media\/1479449"}],"wp:attachment":[{"href":"https:\/\/www.dogmasocks.com\/de\/wp-json\/wp\/v2\/media?parent=1479759"}],"wp:term":[{"taxonomy":"product_brand","embeddable":true,"href":"https:\/\/www.dogmasocks.com\/de\/wp-json\/wp\/v2\/product_brand?post=1479759"},{"taxonomy":"product_cat","embeddable":true,"href":"https:\/\/www.dogmasocks.com\/de\/wp-json\/wp\/v2\/product_cat?post=1479759"},{"taxonomy":"product_tag","embeddable":true,"href":"https:\/\/www.dogmasocks.com\/de\/wp-json\/wp\/v2\/product_tag?post=1479759"}],"curies":[{"name":"wp","href":"https:\/\/api.w.org\/{rel}","templated":true}]}}