{"id":1478617,"date":"2025-01-30T12:15:22","date_gmt":"2025-01-30T11:15:24","guid":{"rendered":"https:\/\/www.dogmasocks.com\/?post_type=product&#038;p=1478617"},"modified":"2025-01-30T12:24:28","modified_gmt":"2025-01-30T11:24:28","slug":"running-socks-speedy-cheetah-grey","status":"publish","type":"product","link":"https:\/\/www.dogmasocks.com\/de\/produkt\/running-socks-speedy-cheetah-grey\/","title":{"rendered":"Running socks Speedy Cheetah Grey"},"content":{"rendered":"<p>Wenn Laufen Ihre t\u00e4gliche und ganzj\u00e4hrige Aktivit\u00e4t ist, dann ist Speedy Cheetah eine Socke, die Ihnen hilft, Ihre Laufziele zu erreichen. Leichte D\u00e4mpfungsstufen sorgen f\u00fcr guten Schuhkontakt und schnelle Reaktion. Au\u00dferdem beugen sie mit der Cushion-Technologie Blasen und unangenehmen Hautsch\u00e4den vor. Die Invisistitch-Technologie an den Zehen bedeutet, dass es eine flache Zehennaht gibt, die hilft, Blasen zu bek\u00e4mpfen. Schnell trocknende und k\u00fchlende Materialien halten Sie lange frisch und am Laufen. Und wenn es hei\u00df wird, helfen Bel\u00fcftungskan\u00e4le bei der Luftzirkulation und k\u00fchlen die Temperatur ab. <span class=\"Y2IQFc\" lang=\"de\">F\u00fcr den Nachtlauf haben wir oben auf den Socken eine reflektierende Linie angebracht, damit Sie beim Laufen sicherer sind.<\/span><\/p>\n<p><strong>TECHNOLOGIE:<\/strong><\/p>\n<ul>\n<li>Technisches Material f\u00fcr Feuchtigkeitsmanagement<\/li>\n<li>Achillessehnen- und Fersenschutz<\/li>\n<li><span class=\"Y2IQFc\" lang=\"de\">Reflektierende Linie fur besseres Sicherheit beim Nachtlaufen<\/span><\/li>\n<li>Sto\u00dfd\u00e4mpfungszonen in Fersen und Zehen<\/li>\n<li>Mesh-Kan\u00e4le zur Bel\u00fcftung<\/li>\n<li>Schnell trocknendes Garn<strong>MATERIAL:<\/strong><\/li>\n<li>Technischer Polyester 85 %<\/li>\n<li>Elasthan 12,1 %<\/li>\n<li>Polyamid 2,9 %<\/li>\n<\/ul>\n","protected":false},"excerpt":{"rendered":"<p>Wenn Laufen Ihre t\u00e4gliche und ganzj\u00e4hrige Aktivit\u00e4t ist, dann ist Speedy Cheetah eine Socke, die Ihnen hilft, Ihre Laufziele zu erreichen. Leichte D\u00e4mpfungsstufen sorgen f\u00fcr guten Schuhkontakt und schnelle Reaktion. Au\u00dferdem beugen sie mit der Cushion-Technologie Blasen und unangenehmen Hautsch\u00e4den vor. Die Invisistitch-Technologie an den Zehen bedeutet, dass es eine flache Zehennaht gibt, die hilft, Blasen zu bek\u00e4mpfen. Schnell trocknende und k\u00fchlende Materialien halten Sie lange frisch und am Laufen. Und wenn es hei\u00df wird, helfen Bel\u00fcftungskan\u00e4le bei der Luftzirkulation und k\u00fchlen die Temperatur ab. <span class=\"Y2IQFc\" lang=\"de\">F\u00fcr den Nachtlauf haben wir oben auf den Socken eine reflektierende Linie angebracht, damit Sie beim Laufen sicherer sind.<\/span><\/p>\n<p>&nbsp;<\/p>\n","protected":false},"featured_media":1478554,"comment_status":"open","ping_status":"closed","template":"","meta":{"_acf_changed":false},"product_brand":[],"product_cat":[448,469,474],"product_tag":[709,679,711],"class_list":{"0":"post-1478617","1":"product","2":"type-product","3":"status-publish","4":"has-post-thumbnail","6":"product_cat-socken","7":"product_cat-laufen","8":"product_cat-speedy-cheetah-de","9":"product_tag-laufen","10":"product_tag-polster","11":"product_tag-socken-laufen","13":"first","14":"instock","15":"featured","16":"taxable","17":"shipping-taxable","18":"purchasable","19":"product-type-variable"},"acf":[],"yoast_head":"<!-- This site is optimized with the Yoast SEO plugin v24.2 - https:\/\/yoast.com\/wordpress\/plugins\/seo\/ -->\n<title>Running socks Speedy Cheetah Grey | Dogma Socks - Extreme Design For Your Feet<\/title>\n<meta name=\"robots\" content=\"index, follow, max-snippet:-1, max-image-preview:large, max-video-preview:-1\" \/>\n<link rel=\"canonical\" href=\"https:\/\/www.dogmasocks.com\/de\/produkt\/running-socks-speedy-cheetah-grey\/\" \/>\n<meta property=\"og:locale\" content=\"de_DE\" \/>\n<meta property=\"og:type\" content=\"article\" \/>\n<meta property=\"og:title\" content=\"Running socks Speedy Cheetah Grey | Dogma Socks - Extreme Design For Your Feet\" \/>\n<meta property=\"og:description\" content=\"Wenn Laufen Ihre t\u00e4gliche und ganzj\u00e4hrige Aktivit\u00e4t ist, dann ist Speedy Cheetah eine Socke, die Ihnen hilft, Ihre Laufziele zu erreichen. Leichte D\u00e4mpfungsstufen sorgen f\u00fcr guten Schuhkontakt und schnelle Reaktion. Au\u00dferdem beugen sie mit der Cushion-Technologie Blasen und unangenehmen Hautsch\u00e4den vor. Die Invisistitch-Technologie an den Zehen bedeutet, dass es eine flache Zehennaht gibt, die hilft, Blasen zu bek\u00e4mpfen. Schnell trocknende und k\u00fchlende Materialien halten Sie lange frisch und am Laufen. Und wenn es hei\u00df wird, helfen Bel\u00fcftungskan\u00e4le bei der Luftzirkulation und k\u00fchlen die Temperatur ab. F\u00fcr den Nachtlauf haben wir oben auf den Socken eine reflektierende Linie angebracht, damit Sie beim Laufen sicherer sind.  &nbsp;\" \/>\n<meta property=\"og:url\" content=\"https:\/\/www.dogmasocks.com\/de\/produkt\/running-socks-speedy-cheetah-grey\/\" \/>\n<meta property=\"og:site_name\" content=\"Dogma Socks\" \/>\n<meta property=\"article:publisher\" content=\"https:\/\/www.facebook.com\/dogmasocks\/\" \/>\n<meta property=\"article:modified_time\" content=\"2025-01-30T11:24:28+00:00\" \/>\n<meta property=\"og:image\" content=\"http:\/\/www.dogmasocks.com\/wp-content\/uploads\/2025\/01\/5_1.jpg\" \/>\n\t<meta property=\"og:image:width\" content=\"1800\" \/>\n\t<meta property=\"og:image:height\" content=\"1800\" \/>\n\t<meta property=\"og:image:type\" content=\"image\/jpeg\" \/>\n<meta name=\"twitter:card\" content=\"summary_large_image\" \/>\n<meta name=\"twitter:label1\" content=\"Gesch\u00e4tzte Lesezeit\" \/>\n\t<meta name=\"twitter:data1\" content=\"1\u00a0Minute\" \/>\n<script type=\"application\/ld+json\" class=\"yoast-schema-graph\">{\"@context\":\"https:\/\/schema.org\",\"@graph\":[{\"@type\":\"WebPage\",\"@id\":\"https:\/\/www.dogmasocks.com\/de\/produkt\/running-socks-speedy-cheetah-grey\/\",\"url\":\"https:\/\/www.dogmasocks.com\/de\/produkt\/running-socks-speedy-cheetah-grey\/\",\"name\":\"Running socks Speedy Cheetah Grey | Dogma Socks - Extreme Design For Your Feet\",\"isPartOf\":{\"@id\":\"https:\/\/www.dogmasocks.com\/de\/#website\"},\"primaryImageOfPage\":{\"@id\":\"https:\/\/www.dogmasocks.com\/de\/produkt\/running-socks-speedy-cheetah-grey\/#primaryimage\"},\"image\":{\"@id\":\"https:\/\/www.dogmasocks.com\/de\/produkt\/running-socks-speedy-cheetah-grey\/#primaryimage\"},\"thumbnailUrl\":\"https:\/\/www.dogmasocks.com\/wp-content\/uploads\/2025\/01\/5_1.jpg\",\"datePublished\":\"2025-01-30T11:15:24+00:00\",\"dateModified\":\"2025-01-30T11:24:28+00:00\",\"breadcrumb\":{\"@id\":\"https:\/\/www.dogmasocks.com\/de\/produkt\/running-socks-speedy-cheetah-grey\/#breadcrumb\"},\"inLanguage\":\"de\",\"potentialAction\":[{\"@type\":\"ReadAction\",\"target\":[\"https:\/\/www.dogmasocks.com\/de\/produkt\/running-socks-speedy-cheetah-grey\/\"]}]},{\"@type\":\"ImageObject\",\"inLanguage\":\"de\",\"@id\":\"https:\/\/www.dogmasocks.com\/de\/produkt\/running-socks-speedy-cheetah-grey\/#primaryimage\",\"url\":\"https:\/\/www.dogmasocks.com\/wp-content\/uploads\/2025\/01\/5_1.jpg\",\"contentUrl\":\"https:\/\/www.dogmasocks.com\/wp-content\/uploads\/2025\/01\/5_1.jpg\",\"width\":1800,\"height\":1800},{\"@type\":\"BreadcrumbList\",\"@id\":\"https:\/\/www.dogmasocks.com\/de\/produkt\/running-socks-speedy-cheetah-grey\/#breadcrumb\",\"itemListElement\":[{\"@type\":\"ListItem\",\"position\":1,\"name\":\"Home\",\"item\":\"https:\/\/www.dogmasocks.com\/de\/\"},{\"@type\":\"ListItem\",\"position\":2,\"name\":\"Shop\",\"item\":\"https:\/\/www.dogmasocks.com\/de\/shop\/\"},{\"@type\":\"ListItem\",\"position\":3,\"name\":\"Running socks Speedy Cheetah Grey\"}]},{\"@type\":\"WebSite\",\"@id\":\"https:\/\/www.dogmasocks.com\/de\/#website\",\"url\":\"https:\/\/www.dogmasocks.com\/de\/\",\"name\":\"Dogma Socks\",\"description\":\"eXtreme design for your feet.\",\"potentialAction\":[{\"@type\":\"SearchAction\",\"target\":{\"@type\":\"EntryPoint\",\"urlTemplate\":\"https:\/\/www.dogmasocks.com\/de\/?s={search_term_string}\"},\"query-input\":{\"@type\":\"PropertyValueSpecification\",\"valueRequired\":true,\"valueName\":\"search_term_string\"}}],\"inLanguage\":\"de\"}]}<\/script>\n<!-- \/ Yoast SEO plugin. -->","yoast_head_json":{"title":"Running socks Speedy Cheetah Grey | Dogma Socks - Extreme Design For Your Feet","robots":{"index":"index","follow":"follow","max-snippet":"max-snippet:-1","max-image-preview":"max-image-preview:large","max-video-preview":"max-video-preview:-1"},"canonical":"https:\/\/www.dogmasocks.com\/de\/produkt\/running-socks-speedy-cheetah-grey\/","og_locale":"de_DE","og_type":"article","og_title":"Running socks Speedy Cheetah Grey | Dogma Socks - Extreme Design For Your Feet","og_description":"Wenn Laufen Ihre t\u00e4gliche und ganzj\u00e4hrige Aktivit\u00e4t ist, dann ist Speedy Cheetah eine Socke, die Ihnen hilft, Ihre Laufziele zu erreichen. Leichte D\u00e4mpfungsstufen sorgen f\u00fcr guten Schuhkontakt und schnelle Reaktion. Au\u00dferdem beugen sie mit der Cushion-Technologie Blasen und unangenehmen Hautsch\u00e4den vor. Die Invisistitch-Technologie an den Zehen bedeutet, dass es eine flache Zehennaht gibt, die hilft, Blasen zu bek\u00e4mpfen. Schnell trocknende und k\u00fchlende Materialien halten Sie lange frisch und am Laufen. Und wenn es hei\u00df wird, helfen Bel\u00fcftungskan\u00e4le bei der Luftzirkulation und k\u00fchlen die Temperatur ab. F\u00fcr den Nachtlauf haben wir oben auf den Socken eine reflektierende Linie angebracht, damit Sie beim Laufen sicherer sind.  &nbsp;","og_url":"https:\/\/www.dogmasocks.com\/de\/produkt\/running-socks-speedy-cheetah-grey\/","og_site_name":"Dogma Socks","article_publisher":"https:\/\/www.facebook.com\/dogmasocks\/","article_modified_time":"2025-01-30T11:24:28+00:00","og_image":[{"width":1800,"height":1800,"url":"http:\/\/www.dogmasocks.com\/wp-content\/uploads\/2025\/01\/5_1.jpg","type":"image\/jpeg"}],"twitter_card":"summary_large_image","twitter_misc":{"Gesch\u00e4tzte Lesezeit":"1\u00a0Minute"},"schema":{"@context":"https:\/\/schema.org","@graph":[{"@type":"WebPage","@id":"https:\/\/www.dogmasocks.com\/de\/produkt\/running-socks-speedy-cheetah-grey\/","url":"https:\/\/www.dogmasocks.com\/de\/produkt\/running-socks-speedy-cheetah-grey\/","name":"Running socks Speedy Cheetah Grey | Dogma Socks - Extreme Design For Your Feet","isPartOf":{"@id":"https:\/\/www.dogmasocks.com\/de\/#website"},"primaryImageOfPage":{"@id":"https:\/\/www.dogmasocks.com\/de\/produkt\/running-socks-speedy-cheetah-grey\/#primaryimage"},"image":{"@id":"https:\/\/www.dogmasocks.com\/de\/produkt\/running-socks-speedy-cheetah-grey\/#primaryimage"},"thumbnailUrl":"https:\/\/www.dogmasocks.com\/wp-content\/uploads\/2025\/01\/5_1.jpg","datePublished":"2025-01-30T11:15:24+00:00","dateModified":"2025-01-30T11:24:28+00:00","breadcrumb":{"@id":"https:\/\/www.dogmasocks.com\/de\/produkt\/running-socks-speedy-cheetah-grey\/#breadcrumb"},"inLanguage":"de","potentialAction":[{"@type":"ReadAction","target":["https:\/\/www.dogmasocks.com\/de\/produkt\/running-socks-speedy-cheetah-grey\/"]}]},{"@type":"ImageObject","inLanguage":"de","@id":"https:\/\/www.dogmasocks.com\/de\/produkt\/running-socks-speedy-cheetah-grey\/#primaryimage","url":"https:\/\/www.dogmasocks.com\/wp-content\/uploads\/2025\/01\/5_1.jpg","contentUrl":"https:\/\/www.dogmasocks.com\/wp-content\/uploads\/2025\/01\/5_1.jpg","width":1800,"height":1800},{"@type":"BreadcrumbList","@id":"https:\/\/www.dogmasocks.com\/de\/produkt\/running-socks-speedy-cheetah-grey\/#breadcrumb","itemListElement":[{"@type":"ListItem","position":1,"name":"Home","item":"https:\/\/www.dogmasocks.com\/de\/"},{"@type":"ListItem","position":2,"name":"Shop","item":"https:\/\/www.dogmasocks.com\/de\/shop\/"},{"@type":"ListItem","position":3,"name":"Running socks Speedy Cheetah Grey"}]},{"@type":"WebSite","@id":"https:\/\/www.dogmasocks.com\/de\/#website","url":"https:\/\/www.dogmasocks.com\/de\/","name":"Dogma Socks","description":"eXtreme design for your feet.","potentialAction":[{"@type":"SearchAction","target":{"@type":"EntryPoint","urlTemplate":"https:\/\/www.dogmasocks.com\/de\/?s={search_term_string}"},"query-input":{"@type":"PropertyValueSpecification","valueRequired":true,"valueName":"search_term_string"}}],"inLanguage":"de"}]}},"_links":{"self":[{"href":"https:\/\/www.dogmasocks.com\/de\/wp-json\/wp\/v2\/product\/1478617","targetHints":{"allow":["GET"]}}],"collection":[{"href":"https:\/\/www.dogmasocks.com\/de\/wp-json\/wp\/v2\/product"}],"about":[{"href":"https:\/\/www.dogmasocks.com\/de\/wp-json\/wp\/v2\/types\/product"}],"replies":[{"embeddable":true,"href":"https:\/\/www.dogmasocks.com\/de\/wp-json\/wp\/v2\/comments?post=1478617"}],"wp:featuredmedia":[{"embeddable":true,"href":"https:\/\/www.dogmasocks.com\/de\/wp-json\/wp\/v2\/media\/1478554"}],"wp:attachment":[{"href":"https:\/\/www.dogmasocks.com\/de\/wp-json\/wp\/v2\/media?parent=1478617"}],"wp:term":[{"taxonomy":"product_brand","embeddable":true,"href":"https:\/\/www.dogmasocks.com\/de\/wp-json\/wp\/v2\/product_brand?post=1478617"},{"taxonomy":"product_cat","embeddable":true,"href":"https:\/\/www.dogmasocks.com\/de\/wp-json\/wp\/v2\/product_cat?post=1478617"},{"taxonomy":"product_tag","embeddable":true,"href":"https:\/\/www.dogmasocks.com\/de\/wp-json\/wp\/v2\/product_tag?post=1478617"}],"curies":[{"name":"wp","href":"https:\/\/api.w.org\/{rel}","templated":true}]}}