{"id":1478435,"date":"2025-01-27T11:47:57","date_gmt":"2025-01-27T10:47:58","guid":{"rendered":"https:\/\/www.dogmasocks.com\/?post_type=product&#038;p=1478435"},"modified":"2025-01-27T12:27:53","modified_gmt":"2025-01-27T11:27:53","slug":"yeti-black","status":"publish","type":"product","link":"https:\/\/www.dogmasocks.com\/de\/produkt\/yeti-black\/","title":{"rendered":"Yeti Black"},"content":{"rendered":"<div class=\"page\" title=\"Page 14\">\n<div class=\"layoutArea\">\n<div class=\"column\">\n<p>Yeti bietet eine perfekte Mischung aus schnell trocknenden Materialien und weicher Merinowolle. Die voll gepolsterte Schuhsohle bietet ein besseres Gef\u00fchl und W\u00e4rme. Die l\u00e4ngere Manschette verhindert dabei Reizungen durch die Wanderschuhe, der Achillessehnenschutz sch\u00fctzt Ihre empfindlichen F\u00fc\u00dfe. Entworfen f\u00fcr moderne Abenteurer und Profis, die das ganze Jahr \u00fcber Wandern m\u00f6chten. Tolle Wandersocken f\u00fcr jede Saison.<\/p>\n<div class=\"layoutArea\">\n<div class=\"column\"><\/div>\n<p><strong>TECHNOLOGIE:<\/strong><\/p>\n<ul>\n<li id=\"tw-target-text\" class=\"tw-data-text tw-text-large tw-ta\" dir=\"ltr\" data-placeholder=\"Translation\" data-ved=\"2ahUKEwiXpYLE45WLAxUH87sIHZrvEugQ3ewLegQICBAV\" aria-label=\"Translated text: Perfekte Mischung aus technischen Materialien, Merinowolle und Polypropylen mit thermoregulierenden Eigenschaften\nMehrlagiges Zonenstricken\nVollst\u00e4ndig gepolsterte Sohle, Zehen und Ferse\nAchillesschild\nOberer Fu\u00dfteil aus Mesh f\u00fcr zus\u00e4tzliche Bel\u00fcftung\nWeiche Manschette ohne Druck\"><span class=\"Y2IQFc\" lang=\"de\">Perfekte Mischung aus technischen Materialien, Merinowolle und Polyester mit thermoregulierenden Eigenschaften <\/span><\/li>\n<li class=\"tw-data-text tw-text-large tw-ta\" dir=\"ltr\" data-placeholder=\"Translation\" data-ved=\"2ahUKEwiXpYLE45WLAxUH87sIHZrvEugQ3ewLegQICBAV\" aria-label=\"Translated text: Perfekte Mischung aus technischen Materialien, Merinowolle und Polypropylen mit thermoregulierenden Eigenschaften\nMehrlagiges Zonenstricken\nVollst\u00e4ndig gepolsterte Sohle, Zehen und Ferse\nAchillesschild\nOberer Fu\u00dfteil aus Mesh f\u00fcr zus\u00e4tzliche Bel\u00fcftung\nWeiche Manschette ohne Druck\"><span class=\"Y2IQFc\" lang=\"de\">Mehrlagiges Zonenstricken <\/span><\/li>\n<li class=\"tw-data-text tw-text-large tw-ta\" dir=\"ltr\" data-placeholder=\"Translation\" data-ved=\"2ahUKEwiXpYLE45WLAxUH87sIHZrvEugQ3ewLegQICBAV\" aria-label=\"Translated text: Perfekte Mischung aus technischen Materialien, Merinowolle und Polypropylen mit thermoregulierenden Eigenschaften\nMehrlagiges Zonenstricken\nVollst\u00e4ndig gepolsterte Sohle, Zehen und Ferse\nAchillesschild\nOberer Fu\u00dfteil aus Mesh f\u00fcr zus\u00e4tzliche Bel\u00fcftung\nWeiche Manschette ohne Druck\"><span class=\"Y2IQFc\" lang=\"de\">Vollst\u00e4ndig gepolsterte Sohle, Zehen und Ferse <\/span><\/li>\n<li class=\"tw-data-text tw-text-large tw-ta\" dir=\"ltr\" data-placeholder=\"Translation\" data-ved=\"2ahUKEwiXpYLE45WLAxUH87sIHZrvEugQ3ewLegQICBAV\" aria-label=\"Translated text: Perfekte Mischung aus technischen Materialien, Merinowolle und Polypropylen mit thermoregulierenden Eigenschaften\nMehrlagiges Zonenstricken\nVollst\u00e4ndig gepolsterte Sohle, Zehen und Ferse\nAchillesschild\nOberer Fu\u00dfteil aus Mesh f\u00fcr zus\u00e4tzliche Bel\u00fcftung\nWeiche Manschette ohne Druck\"><span class=\"Y2IQFc\" lang=\"de\">Achillesschild <\/span><\/li>\n<li class=\"tw-data-text tw-text-large tw-ta\" dir=\"ltr\" data-placeholder=\"Translation\" data-ved=\"2ahUKEwiXpYLE45WLAxUH87sIHZrvEugQ3ewLegQICBAV\" aria-label=\"Translated text: Perfekte Mischung aus technischen Materialien, Merinowolle und Polypropylen mit thermoregulierenden Eigenschaften\nMehrlagiges Zonenstricken\nVollst\u00e4ndig gepolsterte Sohle, Zehen und Ferse\nAchillesschild\nOberer Fu\u00dfteil aus Mesh f\u00fcr zus\u00e4tzliche Bel\u00fcftung\nWeiche Manschette ohne Druck\"><span class=\"Y2IQFc\" lang=\"de\">Oberer Fu\u00dfteil aus Mesh f\u00fcr zus\u00e4tzliche Bel\u00fcftung <\/span><\/li>\n<li class=\"tw-data-text tw-text-large tw-ta\" dir=\"ltr\" data-placeholder=\"Translation\" data-ved=\"2ahUKEwiXpYLE45WLAxUH87sIHZrvEugQ3ewLegQICBAV\" aria-label=\"Translated text: Perfekte Mischung aus technischen Materialien, Merinowolle und Polypropylen mit thermoregulierenden Eigenschaften\nMehrlagiges Zonenstricken\nVollst\u00e4ndig gepolsterte Sohle, Zehen und Ferse\nAchillesschild\nOberer Fu\u00dfteil aus Mesh f\u00fcr zus\u00e4tzliche Bel\u00fcftung\nWeiche Manschette ohne Druck\"><span class=\"Y2IQFc\" lang=\"de\">Weiche Manschette ohne Druck<\/span><\/li>\n<\/ul>\n<\/div>\n<div class=\"layoutArea\">\n<div class=\"column\">\n<p><strong>MATERIAL:<\/strong><\/p>\n<ul>\n<li>Funktionspolyester &#8211; 49,3%<\/li>\n<li>Merinowolle &#8211; 21,7%<\/li>\n<li>Elasthan &#8211; 24,3%<\/li>\n<li>Polyamid &#8211; 4,8%<\/li>\n<\/ul>\n<\/div>\n<\/div>\n<\/div>\n<\/div>\n<\/div>\n","protected":false},"excerpt":{"rendered":"<p>Yeti bietet eine perfekte Mischung aus schnell trocknenden Materialien und weicher Merinowolle. Voll gepolsterte Schuhsohle bietet ein besseres Gef\u00fchl und W\u00e4rme. L\u00e4ngere Manschette verhindert Reizungen von Ihren Wanderschuhen und achillessehnenschutz sch\u00fctzt Ihre empfindlichen F\u00fc\u00dfe. Entworfen f\u00fcr moderne Abenteurer und Profis, die das ganze Jahr \u00fcber Wandern m\u00f6chten. Sicherlich, gro\u00dfe das ganze Jahr \u00fcber wandersocken.<\/p>\n","protected":false},"featured_media":1477160,"comment_status":"open","ping_status":"closed","template":"","meta":{"_acf_changed":false},"product_brand":[],"product_cat":[448,463,468],"product_tag":[651,738,667,706,680,653,696,688,689],"class_list":{"0":"post-1478435","1":"product","2":"type-product","3":"status-publish","4":"has-post-thumbnail","6":"product_cat-socken","7":"product_cat-wanderung","8":"product_cat-yeti-de","9":"product_tag-achilles-schild","10":"product_tag-beluftung","11":"product_tag-blister-shield-de","12":"product_tag-draussen","13":"product_tag-kissen-tech","14":"product_tag-luftkanale-de","15":"product_tag-merino-wool-de","16":"product_tag-wandern","17":"product_tag-wandersocken","19":"first","20":"instock","21":"featured","22":"taxable","23":"shipping-taxable","24":"purchasable","25":"product-type-variable","26":"has-default-attributes"},"acf":[],"yoast_head":"<!-- This site is optimized with the Yoast SEO plugin v24.2 - https:\/\/yoast.com\/wordpress\/plugins\/seo\/ -->\n<title>Yeti Black | Dogma Socks - Extreme Design For Your Feet<\/title>\n<meta name=\"robots\" content=\"index, follow, max-snippet:-1, max-image-preview:large, max-video-preview:-1\" \/>\n<link rel=\"canonical\" href=\"https:\/\/www.dogmasocks.com\/de\/produkt\/yeti-black\/\" \/>\n<meta property=\"og:locale\" content=\"de_DE\" \/>\n<meta property=\"og:type\" content=\"article\" \/>\n<meta property=\"og:title\" content=\"Yeti Black | Dogma Socks - Extreme Design For Your Feet\" \/>\n<meta property=\"og:description\" content=\"Yeti bietet eine perfekte Mischung aus schnell trocknenden Materialien und weicher Merinowolle. Voll gepolsterte Schuhsohle bietet ein besseres Gef\u00fchl und W\u00e4rme. L\u00e4ngere Manschette verhindert Reizungen von Ihren Wanderschuhen und achillessehnenschutz sch\u00fctzt Ihre empfindlichen F\u00fc\u00dfe. Entworfen f\u00fcr moderne Abenteurer und Profis, die das ganze Jahr \u00fcber Wandern m\u00f6chten. Sicherlich, gro\u00dfe das ganze Jahr \u00fcber wandersocken.\" \/>\n<meta property=\"og:url\" content=\"https:\/\/www.dogmasocks.com\/de\/produkt\/yeti-black\/\" \/>\n<meta property=\"og:site_name\" content=\"Dogma Socks\" \/>\n<meta property=\"article:publisher\" content=\"https:\/\/www.facebook.com\/dogmasocks\/\" \/>\n<meta property=\"article:modified_time\" content=\"2025-01-27T11:27:53+00:00\" \/>\n<meta property=\"og:image\" content=\"https:\/\/www.dogmasocks.com\/wp-content\/uploads\/2024\/11\/9_1.jpg\" \/>\n\t<meta property=\"og:image:width\" content=\"1800\" \/>\n\t<meta property=\"og:image:height\" content=\"1800\" \/>\n\t<meta property=\"og:image:type\" content=\"image\/jpeg\" \/>\n<meta name=\"twitter:card\" content=\"summary_large_image\" \/>\n<meta name=\"twitter:label1\" content=\"Gesch\u00e4tzte Lesezeit\" \/>\n\t<meta name=\"twitter:data1\" content=\"1\u00a0Minute\" \/>\n<script type=\"application\/ld+json\" class=\"yoast-schema-graph\">{\"@context\":\"https:\/\/schema.org\",\"@graph\":[{\"@type\":\"WebPage\",\"@id\":\"https:\/\/www.dogmasocks.com\/de\/produkt\/yeti-black\/\",\"url\":\"https:\/\/www.dogmasocks.com\/de\/produkt\/yeti-black\/\",\"name\":\"Yeti Black | Dogma Socks - Extreme Design For Your Feet\",\"isPartOf\":{\"@id\":\"https:\/\/www.dogmasocks.com\/de\/#website\"},\"primaryImageOfPage\":{\"@id\":\"https:\/\/www.dogmasocks.com\/de\/produkt\/yeti-black\/#primaryimage\"},\"image\":{\"@id\":\"https:\/\/www.dogmasocks.com\/de\/produkt\/yeti-black\/#primaryimage\"},\"thumbnailUrl\":\"https:\/\/www.dogmasocks.com\/wp-content\/uploads\/2024\/11\/9_1.jpg\",\"datePublished\":\"2025-01-27T10:47:58+00:00\",\"dateModified\":\"2025-01-27T11:27:53+00:00\",\"breadcrumb\":{\"@id\":\"https:\/\/www.dogmasocks.com\/de\/produkt\/yeti-black\/#breadcrumb\"},\"inLanguage\":\"de\",\"potentialAction\":[{\"@type\":\"ReadAction\",\"target\":[\"https:\/\/www.dogmasocks.com\/de\/produkt\/yeti-black\/\"]}]},{\"@type\":\"ImageObject\",\"inLanguage\":\"de\",\"@id\":\"https:\/\/www.dogmasocks.com\/de\/produkt\/yeti-black\/#primaryimage\",\"url\":\"https:\/\/www.dogmasocks.com\/wp-content\/uploads\/2024\/11\/9_1.jpg\",\"contentUrl\":\"https:\/\/www.dogmasocks.com\/wp-content\/uploads\/2024\/11\/9_1.jpg\",\"width\":1800,\"height\":1800},{\"@type\":\"BreadcrumbList\",\"@id\":\"https:\/\/www.dogmasocks.com\/de\/produkt\/yeti-black\/#breadcrumb\",\"itemListElement\":[{\"@type\":\"ListItem\",\"position\":1,\"name\":\"Home\",\"item\":\"https:\/\/www.dogmasocks.com\/de\/\"},{\"@type\":\"ListItem\",\"position\":2,\"name\":\"Shop\",\"item\":\"https:\/\/www.dogmasocks.com\/de\/shop\/\"},{\"@type\":\"ListItem\",\"position\":3,\"name\":\"Yeti Black\"}]},{\"@type\":\"WebSite\",\"@id\":\"https:\/\/www.dogmasocks.com\/de\/#website\",\"url\":\"https:\/\/www.dogmasocks.com\/de\/\",\"name\":\"Dogma Socks\",\"description\":\"eXtreme design for your feet.\",\"potentialAction\":[{\"@type\":\"SearchAction\",\"target\":{\"@type\":\"EntryPoint\",\"urlTemplate\":\"https:\/\/www.dogmasocks.com\/de\/?s={search_term_string}\"},\"query-input\":{\"@type\":\"PropertyValueSpecification\",\"valueRequired\":true,\"valueName\":\"search_term_string\"}}],\"inLanguage\":\"de\"}]}<\/script>\n<!-- \/ Yoast SEO plugin. -->","yoast_head_json":{"title":"Yeti Black | Dogma Socks - Extreme Design For Your Feet","robots":{"index":"index","follow":"follow","max-snippet":"max-snippet:-1","max-image-preview":"max-image-preview:large","max-video-preview":"max-video-preview:-1"},"canonical":"https:\/\/www.dogmasocks.com\/de\/produkt\/yeti-black\/","og_locale":"de_DE","og_type":"article","og_title":"Yeti Black | Dogma Socks - Extreme Design For Your Feet","og_description":"Yeti bietet eine perfekte Mischung aus schnell trocknenden Materialien und weicher Merinowolle. Voll gepolsterte Schuhsohle bietet ein besseres Gef\u00fchl und W\u00e4rme. L\u00e4ngere Manschette verhindert Reizungen von Ihren Wanderschuhen und achillessehnenschutz sch\u00fctzt Ihre empfindlichen F\u00fc\u00dfe. Entworfen f\u00fcr moderne Abenteurer und Profis, die das ganze Jahr \u00fcber Wandern m\u00f6chten. Sicherlich, gro\u00dfe das ganze Jahr \u00fcber wandersocken.","og_url":"https:\/\/www.dogmasocks.com\/de\/produkt\/yeti-black\/","og_site_name":"Dogma Socks","article_publisher":"https:\/\/www.facebook.com\/dogmasocks\/","article_modified_time":"2025-01-27T11:27:53+00:00","og_image":[{"width":1800,"height":1800,"url":"https:\/\/www.dogmasocks.com\/wp-content\/uploads\/2024\/11\/9_1.jpg","type":"image\/jpeg"}],"twitter_card":"summary_large_image","twitter_misc":{"Gesch\u00e4tzte Lesezeit":"1\u00a0Minute"},"schema":{"@context":"https:\/\/schema.org","@graph":[{"@type":"WebPage","@id":"https:\/\/www.dogmasocks.com\/de\/produkt\/yeti-black\/","url":"https:\/\/www.dogmasocks.com\/de\/produkt\/yeti-black\/","name":"Yeti Black | Dogma Socks - Extreme Design For Your Feet","isPartOf":{"@id":"https:\/\/www.dogmasocks.com\/de\/#website"},"primaryImageOfPage":{"@id":"https:\/\/www.dogmasocks.com\/de\/produkt\/yeti-black\/#primaryimage"},"image":{"@id":"https:\/\/www.dogmasocks.com\/de\/produkt\/yeti-black\/#primaryimage"},"thumbnailUrl":"https:\/\/www.dogmasocks.com\/wp-content\/uploads\/2024\/11\/9_1.jpg","datePublished":"2025-01-27T10:47:58+00:00","dateModified":"2025-01-27T11:27:53+00:00","breadcrumb":{"@id":"https:\/\/www.dogmasocks.com\/de\/produkt\/yeti-black\/#breadcrumb"},"inLanguage":"de","potentialAction":[{"@type":"ReadAction","target":["https:\/\/www.dogmasocks.com\/de\/produkt\/yeti-black\/"]}]},{"@type":"ImageObject","inLanguage":"de","@id":"https:\/\/www.dogmasocks.com\/de\/produkt\/yeti-black\/#primaryimage","url":"https:\/\/www.dogmasocks.com\/wp-content\/uploads\/2024\/11\/9_1.jpg","contentUrl":"https:\/\/www.dogmasocks.com\/wp-content\/uploads\/2024\/11\/9_1.jpg","width":1800,"height":1800},{"@type":"BreadcrumbList","@id":"https:\/\/www.dogmasocks.com\/de\/produkt\/yeti-black\/#breadcrumb","itemListElement":[{"@type":"ListItem","position":1,"name":"Home","item":"https:\/\/www.dogmasocks.com\/de\/"},{"@type":"ListItem","position":2,"name":"Shop","item":"https:\/\/www.dogmasocks.com\/de\/shop\/"},{"@type":"ListItem","position":3,"name":"Yeti Black"}]},{"@type":"WebSite","@id":"https:\/\/www.dogmasocks.com\/de\/#website","url":"https:\/\/www.dogmasocks.com\/de\/","name":"Dogma Socks","description":"eXtreme design for your feet.","potentialAction":[{"@type":"SearchAction","target":{"@type":"EntryPoint","urlTemplate":"https:\/\/www.dogmasocks.com\/de\/?s={search_term_string}"},"query-input":{"@type":"PropertyValueSpecification","valueRequired":true,"valueName":"search_term_string"}}],"inLanguage":"de"}]}},"_links":{"self":[{"href":"https:\/\/www.dogmasocks.com\/de\/wp-json\/wp\/v2\/product\/1478435","targetHints":{"allow":["GET"]}}],"collection":[{"href":"https:\/\/www.dogmasocks.com\/de\/wp-json\/wp\/v2\/product"}],"about":[{"href":"https:\/\/www.dogmasocks.com\/de\/wp-json\/wp\/v2\/types\/product"}],"replies":[{"embeddable":true,"href":"https:\/\/www.dogmasocks.com\/de\/wp-json\/wp\/v2\/comments?post=1478435"}],"wp:featuredmedia":[{"embeddable":true,"href":"https:\/\/www.dogmasocks.com\/de\/wp-json\/wp\/v2\/media\/1477160"}],"wp:attachment":[{"href":"https:\/\/www.dogmasocks.com\/de\/wp-json\/wp\/v2\/media?parent=1478435"}],"wp:term":[{"taxonomy":"product_brand","embeddable":true,"href":"https:\/\/www.dogmasocks.com\/de\/wp-json\/wp\/v2\/product_brand?post=1478435"},{"taxonomy":"product_cat","embeddable":true,"href":"https:\/\/www.dogmasocks.com\/de\/wp-json\/wp\/v2\/product_cat?post=1478435"},{"taxonomy":"product_tag","embeddable":true,"href":"https:\/\/www.dogmasocks.com\/de\/wp-json\/wp\/v2\/product_tag?post=1478435"}],"curies":[{"name":"wp","href":"https:\/\/api.w.org\/{rel}","templated":true}]}}