{"id":1475849,"date":"2023-05-05T11:07:39","date_gmt":"2023-05-05T09:07:43","guid":{"rendered":"https:\/\/www.dogmasocks.com\/?post_type=product&#038;p=1475849"},"modified":"2023-05-05T12:04:24","modified_gmt":"2023-05-05T10:04:24","slug":"marmot-negre-ultra-technische-leichte-merino-socke-fur-wandern-und-trekking","status":"publish","type":"product","link":"https:\/\/www.dogmasocks.com\/de\/produkt\/marmot-negre-ultra-technische-leichte-merino-socke-fur-wandern-und-trekking\/","title":{"rendered":"Marmot Negre-Ultra technische leichte Merino Socke fur Wandern und Trekking"},"content":{"rendered":"<p><span class=\"Y2IQFc\" lang=\"de\">Marmot ist eine d\u00fcnne und leichte Merinosocke zum Wandern und Trekking in den w\u00e4rmeren Monaten. Aufgrund der thermoregulierenden Eigenschaften von Merinowolle bleiben Sie auch bei den anspruchsvollsten Aktivit\u00e4ten trocken und geruchsfrei. Die neueste Softmanschette verteilt den Druck gleichm\u00e4\u00dfig, sodass Sie keine Druckstellen sp\u00fcren und stundenlang ohne geschwollene F\u00fc\u00dfe laufen k\u00f6nnen. Die flache Naht an den Zehen verhindert Blasen und die gro\u00dfen Mesh-Eins\u00e4tze helfen bei der Bel\u00fcftung. <\/span><\/p>\n<p><span class=\"Y2IQFc\" lang=\"de\"><strong>TECHNOLOGIE:<\/strong> <\/span><\/p>\n<ul>\n<li><span class=\"Y2IQFc\" lang=\"de\">Die neue weiche Oberfl\u00e4che entlastet Druckstellen an den Beinen <\/span><\/li>\n<li><span class=\"Y2IQFc\" lang=\"de\">Merinowolle sorgt f\u00fcr Thermoregulation <\/span><\/li>\n<li><span class=\"Y2IQFc\" lang=\"de\">Gro\u00dfe Mesh-Eins\u00e4tze erm\u00f6glichen Luftzirkulation und Bel\u00fcftung <\/span><\/li>\n<li><span class=\"Y2IQFc\" lang=\"de\">Die Flachnaht an den Fingern verhindert das Auftreten von Blasen <\/span><\/li>\n<li><span class=\"Y2IQFc\" lang=\"de\"><span class=\"Y2IQFc\" lang=\"de\">Der Gummizug im Fu\u00df verhindert ein Verrutschen der Socke<\/span><\/span><strong>MATERIAL<\/strong>:<\/li>\n<li><span class=\"Y2IQFc\" lang=\"de\">Merinowolle 40% <\/span><\/li>\n<li><span class=\"Y2IQFc\" lang=\"de\">Elastisch 20% <\/span><\/li>\n<li><span class=\"Y2IQFc\" lang=\"de\">Polyamid 10% S<\/span><\/li>\n<li><span class=\"Y2IQFc\" lang=\"de\">pandex 30%<\/span><\/li>\n<\/ul>\n","protected":false},"excerpt":{"rendered":"<p><span class=\"Y2IQFc\" lang=\"de\">Marmot ist eine d\u00fcnne und leichte Merinosocke zum Wandern und Trekking in den w\u00e4rmeren Monaten. Aufgrund der thermoregulierenden Eigenschaften von Merinowolle bleiben Sie auch bei den anspruchsvollsten Aktivit\u00e4ten trocken und geruchsfrei. Die neueste Softmanschette verteilt den Druck gleichm\u00e4\u00dfig, sodass Sie keine Druckstellen sp\u00fcren und stundenlang ohne geschwollene F\u00fc\u00dfe laufen k\u00f6nnen. Die flache Naht an den Zehen verhindert Blasen und die gro\u00dfen Mesh-Eins\u00e4tze helfen bei der Bel\u00fcftung.<\/span><\/p>\n","protected":false},"featured_media":1475798,"comment_status":"closed","ping_status":"closed","template":"","meta":{"_acf_changed":false},"product_brand":[],"product_cat":[448,463,1415],"product_tag":[668,731,694,696,733,734,736,688],"class_list":{"0":"post-1475849","1":"product","2":"type-product","3":"status-publish","4":"has-post-thumbnail","6":"product_cat-socken","7":"product_cat-wanderung","8":"product_cat-marmot-de","9":"product_tag-atmungsaktiv","10":"product_tag-dunn","11":"product_tag-licht","12":"product_tag-merino-wool-de","13":"product_tag-trekking-de","14":"product_tag-trekkingsocken","15":"product_tag-ultraleicht","16":"product_tag-wandern","18":"first","19":"instock","20":"featured","21":"taxable","22":"shipping-taxable","23":"purchasable","24":"product-type-variable"},"acf":[],"yoast_head":"<!-- This site is optimized with the Yoast SEO plugin v24.2 - https:\/\/yoast.com\/wordpress\/plugins\/seo\/ -->\n<title>Marmot Negre-Ultra technische leichte Merino Socke fur Wandern und Trekking | Dogma Socks - Extreme Design For Your Feet<\/title>\n<meta name=\"robots\" content=\"index, follow, max-snippet:-1, max-image-preview:large, max-video-preview:-1\" \/>\n<link rel=\"canonical\" href=\"https:\/\/www.dogmasocks.com\/de\/produkt\/marmot-negre-ultra-technische-leichte-merino-socke-fur-wandern-und-trekking\/\" \/>\n<meta property=\"og:locale\" content=\"de_DE\" \/>\n<meta property=\"og:type\" content=\"article\" \/>\n<meta property=\"og:title\" content=\"Marmot Negre-Ultra technische leichte Merino Socke fur Wandern und Trekking | Dogma Socks - Extreme Design For Your Feet\" \/>\n<meta property=\"og:description\" content=\"Marmot ist eine d\u00fcnne und leichte Merinosocke zum Wandern und Trekking in den w\u00e4rmeren Monaten. Aufgrund der thermoregulierenden Eigenschaften von Merinowolle bleiben Sie auch bei den anspruchsvollsten Aktivit\u00e4ten trocken und geruchsfrei. Die neueste Softmanschette verteilt den Druck gleichm\u00e4\u00dfig, sodass Sie keine Druckstellen sp\u00fcren und stundenlang ohne geschwollene F\u00fc\u00dfe laufen k\u00f6nnen. Die flache Naht an den Zehen verhindert Blasen und die gro\u00dfen Mesh-Eins\u00e4tze helfen bei der Bel\u00fcftung.\" \/>\n<meta property=\"og:url\" content=\"https:\/\/www.dogmasocks.com\/de\/produkt\/marmot-negre-ultra-technische-leichte-merino-socke-fur-wandern-und-trekking\/\" \/>\n<meta property=\"og:site_name\" content=\"Dogma Socks\" \/>\n<meta property=\"article:publisher\" content=\"https:\/\/www.facebook.com\/dogmasocks\/\" \/>\n<meta property=\"article:modified_time\" content=\"2023-05-05T10:04:24+00:00\" \/>\n<meta property=\"og:image\" content=\"https:\/\/www.dogmasocks.com\/wp-content\/uploads\/2023\/05\/4-1.jpg\" \/>\n\t<meta property=\"og:image:width\" content=\"1800\" \/>\n\t<meta property=\"og:image:height\" content=\"1800\" \/>\n\t<meta property=\"og:image:type\" content=\"image\/jpeg\" \/>\n<meta name=\"twitter:card\" content=\"summary_large_image\" \/>\n<meta name=\"twitter:label1\" content=\"Gesch\u00e4tzte Lesezeit\" \/>\n\t<meta name=\"twitter:data1\" content=\"1\u00a0Minute\" \/>\n<script type=\"application\/ld+json\" class=\"yoast-schema-graph\">{\"@context\":\"https:\/\/schema.org\",\"@graph\":[{\"@type\":\"WebPage\",\"@id\":\"https:\/\/www.dogmasocks.com\/de\/produkt\/marmot-negre-ultra-technische-leichte-merino-socke-fur-wandern-und-trekking\/\",\"url\":\"https:\/\/www.dogmasocks.com\/de\/produkt\/marmot-negre-ultra-technische-leichte-merino-socke-fur-wandern-und-trekking\/\",\"name\":\"Marmot Negre-Ultra technische leichte Merino Socke fur Wandern und Trekking | Dogma Socks - Extreme Design For Your Feet\",\"isPartOf\":{\"@id\":\"https:\/\/www.dogmasocks.com\/de\/#website\"},\"primaryImageOfPage\":{\"@id\":\"https:\/\/www.dogmasocks.com\/de\/produkt\/marmot-negre-ultra-technische-leichte-merino-socke-fur-wandern-und-trekking\/#primaryimage\"},\"image\":{\"@id\":\"https:\/\/www.dogmasocks.com\/de\/produkt\/marmot-negre-ultra-technische-leichte-merino-socke-fur-wandern-und-trekking\/#primaryimage\"},\"thumbnailUrl\":\"https:\/\/www.dogmasocks.com\/wp-content\/uploads\/2023\/05\/4-1.jpg\",\"datePublished\":\"2023-05-05T09:07:43+00:00\",\"dateModified\":\"2023-05-05T10:04:24+00:00\",\"breadcrumb\":{\"@id\":\"https:\/\/www.dogmasocks.com\/de\/produkt\/marmot-negre-ultra-technische-leichte-merino-socke-fur-wandern-und-trekking\/#breadcrumb\"},\"inLanguage\":\"de\",\"potentialAction\":[{\"@type\":\"ReadAction\",\"target\":[\"https:\/\/www.dogmasocks.com\/de\/produkt\/marmot-negre-ultra-technische-leichte-merino-socke-fur-wandern-und-trekking\/\"]}]},{\"@type\":\"ImageObject\",\"inLanguage\":\"de\",\"@id\":\"https:\/\/www.dogmasocks.com\/de\/produkt\/marmot-negre-ultra-technische-leichte-merino-socke-fur-wandern-und-trekking\/#primaryimage\",\"url\":\"https:\/\/www.dogmasocks.com\/wp-content\/uploads\/2023\/05\/4-1.jpg\",\"contentUrl\":\"https:\/\/www.dogmasocks.com\/wp-content\/uploads\/2023\/05\/4-1.jpg\",\"width\":1800,\"height\":1800},{\"@type\":\"BreadcrumbList\",\"@id\":\"https:\/\/www.dogmasocks.com\/de\/produkt\/marmot-negre-ultra-technische-leichte-merino-socke-fur-wandern-und-trekking\/#breadcrumb\",\"itemListElement\":[{\"@type\":\"ListItem\",\"position\":1,\"name\":\"Home\",\"item\":\"https:\/\/www.dogmasocks.com\/de\/\"},{\"@type\":\"ListItem\",\"position\":2,\"name\":\"Shop\",\"item\":\"https:\/\/www.dogmasocks.com\/de\/shop\/\"},{\"@type\":\"ListItem\",\"position\":3,\"name\":\"Marmot Negre-Ultra technische leichte Merino Socke fur Wandern und Trekking\"}]},{\"@type\":\"WebSite\",\"@id\":\"https:\/\/www.dogmasocks.com\/de\/#website\",\"url\":\"https:\/\/www.dogmasocks.com\/de\/\",\"name\":\"Dogma Socks\",\"description\":\"eXtreme design for your feet.\",\"potentialAction\":[{\"@type\":\"SearchAction\",\"target\":{\"@type\":\"EntryPoint\",\"urlTemplate\":\"https:\/\/www.dogmasocks.com\/de\/?s={search_term_string}\"},\"query-input\":{\"@type\":\"PropertyValueSpecification\",\"valueRequired\":true,\"valueName\":\"search_term_string\"}}],\"inLanguage\":\"de\"}]}<\/script>\n<!-- \/ Yoast SEO plugin. -->","yoast_head_json":{"title":"Marmot Negre-Ultra technische leichte Merino Socke fur Wandern und Trekking | Dogma Socks - Extreme Design For Your Feet","robots":{"index":"index","follow":"follow","max-snippet":"max-snippet:-1","max-image-preview":"max-image-preview:large","max-video-preview":"max-video-preview:-1"},"canonical":"https:\/\/www.dogmasocks.com\/de\/produkt\/marmot-negre-ultra-technische-leichte-merino-socke-fur-wandern-und-trekking\/","og_locale":"de_DE","og_type":"article","og_title":"Marmot Negre-Ultra technische leichte Merino Socke fur Wandern und Trekking | Dogma Socks - Extreme Design For Your Feet","og_description":"Marmot ist eine d\u00fcnne und leichte Merinosocke zum Wandern und Trekking in den w\u00e4rmeren Monaten. Aufgrund der thermoregulierenden Eigenschaften von Merinowolle bleiben Sie auch bei den anspruchsvollsten Aktivit\u00e4ten trocken und geruchsfrei. Die neueste Softmanschette verteilt den Druck gleichm\u00e4\u00dfig, sodass Sie keine Druckstellen sp\u00fcren und stundenlang ohne geschwollene F\u00fc\u00dfe laufen k\u00f6nnen. Die flache Naht an den Zehen verhindert Blasen und die gro\u00dfen Mesh-Eins\u00e4tze helfen bei der Bel\u00fcftung.","og_url":"https:\/\/www.dogmasocks.com\/de\/produkt\/marmot-negre-ultra-technische-leichte-merino-socke-fur-wandern-und-trekking\/","og_site_name":"Dogma Socks","article_publisher":"https:\/\/www.facebook.com\/dogmasocks\/","article_modified_time":"2023-05-05T10:04:24+00:00","og_image":[{"width":1800,"height":1800,"url":"https:\/\/www.dogmasocks.com\/wp-content\/uploads\/2023\/05\/4-1.jpg","type":"image\/jpeg"}],"twitter_card":"summary_large_image","twitter_misc":{"Gesch\u00e4tzte Lesezeit":"1\u00a0Minute"},"schema":{"@context":"https:\/\/schema.org","@graph":[{"@type":"WebPage","@id":"https:\/\/www.dogmasocks.com\/de\/produkt\/marmot-negre-ultra-technische-leichte-merino-socke-fur-wandern-und-trekking\/","url":"https:\/\/www.dogmasocks.com\/de\/produkt\/marmot-negre-ultra-technische-leichte-merino-socke-fur-wandern-und-trekking\/","name":"Marmot Negre-Ultra technische leichte Merino Socke fur Wandern und Trekking | Dogma Socks - Extreme Design For Your Feet","isPartOf":{"@id":"https:\/\/www.dogmasocks.com\/de\/#website"},"primaryImageOfPage":{"@id":"https:\/\/www.dogmasocks.com\/de\/produkt\/marmot-negre-ultra-technische-leichte-merino-socke-fur-wandern-und-trekking\/#primaryimage"},"image":{"@id":"https:\/\/www.dogmasocks.com\/de\/produkt\/marmot-negre-ultra-technische-leichte-merino-socke-fur-wandern-und-trekking\/#primaryimage"},"thumbnailUrl":"https:\/\/www.dogmasocks.com\/wp-content\/uploads\/2023\/05\/4-1.jpg","datePublished":"2023-05-05T09:07:43+00:00","dateModified":"2023-05-05T10:04:24+00:00","breadcrumb":{"@id":"https:\/\/www.dogmasocks.com\/de\/produkt\/marmot-negre-ultra-technische-leichte-merino-socke-fur-wandern-und-trekking\/#breadcrumb"},"inLanguage":"de","potentialAction":[{"@type":"ReadAction","target":["https:\/\/www.dogmasocks.com\/de\/produkt\/marmot-negre-ultra-technische-leichte-merino-socke-fur-wandern-und-trekking\/"]}]},{"@type":"ImageObject","inLanguage":"de","@id":"https:\/\/www.dogmasocks.com\/de\/produkt\/marmot-negre-ultra-technische-leichte-merino-socke-fur-wandern-und-trekking\/#primaryimage","url":"https:\/\/www.dogmasocks.com\/wp-content\/uploads\/2023\/05\/4-1.jpg","contentUrl":"https:\/\/www.dogmasocks.com\/wp-content\/uploads\/2023\/05\/4-1.jpg","width":1800,"height":1800},{"@type":"BreadcrumbList","@id":"https:\/\/www.dogmasocks.com\/de\/produkt\/marmot-negre-ultra-technische-leichte-merino-socke-fur-wandern-und-trekking\/#breadcrumb","itemListElement":[{"@type":"ListItem","position":1,"name":"Home","item":"https:\/\/www.dogmasocks.com\/de\/"},{"@type":"ListItem","position":2,"name":"Shop","item":"https:\/\/www.dogmasocks.com\/de\/shop\/"},{"@type":"ListItem","position":3,"name":"Marmot Negre-Ultra technische leichte Merino Socke fur Wandern und Trekking"}]},{"@type":"WebSite","@id":"https:\/\/www.dogmasocks.com\/de\/#website","url":"https:\/\/www.dogmasocks.com\/de\/","name":"Dogma Socks","description":"eXtreme design for your feet.","potentialAction":[{"@type":"SearchAction","target":{"@type":"EntryPoint","urlTemplate":"https:\/\/www.dogmasocks.com\/de\/?s={search_term_string}"},"query-input":{"@type":"PropertyValueSpecification","valueRequired":true,"valueName":"search_term_string"}}],"inLanguage":"de"}]}},"_links":{"self":[{"href":"https:\/\/www.dogmasocks.com\/de\/wp-json\/wp\/v2\/product\/1475849","targetHints":{"allow":["GET"]}}],"collection":[{"href":"https:\/\/www.dogmasocks.com\/de\/wp-json\/wp\/v2\/product"}],"about":[{"href":"https:\/\/www.dogmasocks.com\/de\/wp-json\/wp\/v2\/types\/product"}],"replies":[{"embeddable":true,"href":"https:\/\/www.dogmasocks.com\/de\/wp-json\/wp\/v2\/comments?post=1475849"}],"wp:featuredmedia":[{"embeddable":true,"href":"https:\/\/www.dogmasocks.com\/de\/wp-json\/wp\/v2\/media\/1475798"}],"wp:attachment":[{"href":"https:\/\/www.dogmasocks.com\/de\/wp-json\/wp\/v2\/media?parent=1475849"}],"wp:term":[{"taxonomy":"product_brand","embeddable":true,"href":"https:\/\/www.dogmasocks.com\/de\/wp-json\/wp\/v2\/product_brand?post=1475849"},{"taxonomy":"product_cat","embeddable":true,"href":"https:\/\/www.dogmasocks.com\/de\/wp-json\/wp\/v2\/product_cat?post=1475849"},{"taxonomy":"product_tag","embeddable":true,"href":"https:\/\/www.dogmasocks.com\/de\/wp-json\/wp\/v2\/product_tag?post=1475849"}],"curies":[{"name":"wp","href":"https:\/\/api.w.org\/{rel}","templated":true}]}}