{"id":1475842,"date":"2023-05-05T10:53:50","date_gmt":"2023-05-05T08:53:53","guid":{"rendered":"https:\/\/www.dogmasocks.com\/?post_type=product&#038;p=1475842"},"modified":"2023-05-05T11:06:19","modified_gmt":"2023-05-05T09:06:19","slug":"ibex-black-ultratechnische-socke-mit-kupfer-fur-wandern-und-trekking-copy","status":"publish","type":"product","link":"https:\/\/www.dogmasocks.com\/de\/produkt\/ibex-black-ultratechnische-socke-mit-kupfer-fur-wandern-und-trekking-copy\/","title":{"rendered":"Ibex Grey-Ultratechnische Socke mit Kupfer fur Wandern und Trekking"},"content":{"rendered":"<p><span class=\"Y2IQFc\" lang=\"de\">Ibex ist eine ultratechnische Socke zum Wandern und Trekking in w\u00e4rmeren Klimazonen. Superd\u00fcnnes Garn h\u00e4lt Sie trocken und leitet den Schwei\u00df von der Haut, wenn das Wandern hart wird. Zehen und Fersenbereich sind mit antibakteriellem und antimykotischem Garn ausgestattet, das Ihre F\u00fc\u00dfe sch\u00fctzt. Kupferionen in Cupron-Fasern schaffen eine Schutzzone, die 99,9 % der Bakterien eliminiert, was durch wissenschaftliche Studien best\u00e4tigt wurde. Diese Technologie kann nicht weggesp\u00fclt werden.<\/span><\/p>\n<p><span class=\"Y2IQFc\" lang=\"de\"><strong> TECHNOLOGIE:<\/strong> <\/span><\/p>\n<ul>\n<li><span class=\"Y2IQFc\" lang=\"de\">Kupfer in Fersen und Zehen bietet antimykotische und antibakterielle Eigenschaften <\/span><\/li>\n<li><span class=\"Y2IQFc\" lang=\"de\">D\u00fcnnes und leichtes technisches Garn leitet die Feuchtigkeit vom K\u00f6rper weg <\/span><\/li>\n<li><span class=\"Y2IQFc\" lang=\"de\">H\u00e4lt Sie trocken <\/span><\/li>\n<li><span class=\"Y2IQFc\" lang=\"de\">Flache Zehennaht verhindert Blasen <\/span><\/li>\n<li><span class=\"Y2IQFc\" lang=\"de\">Mesh-Zonen sorgen f\u00fcr Bel\u00fcftung und Atmungsaktivit\u00e4t<br \/>\n<\/span>MATERIAL<span class=\"Y2IQFc\" lang=\"de\">:<br \/>\n<\/span><\/li>\n<li><span class=\"Y2IQFc\" lang=\"de\">Cupron 18% <\/span><\/li>\n<li><span class=\"Y2IQFc\" lang=\"de\">Polypropylen 35,4% <\/span><\/li>\n<li><span class=\"Y2IQFc\" lang=\"de\">Elasthan 28,6% <\/span><\/li>\n<li><span class=\"Y2IQFc\" lang=\"de\">Polyamid 18%<\/span><\/li>\n<\/ul>\n","protected":false},"excerpt":{"rendered":"<p><span class=\"Y2IQFc\" lang=\"de\">Ibex ist eine ultratechnische Socke zum Wandern und Trekking in w\u00e4rmeren Klimazonen. Superd\u00fcnnes Garn h\u00e4lt Sie trocken und leitet den Schwei\u00df von der Haut, wenn das Wandern hart wird. Zehen und Fersenbereich sind mit antibakteriellem und antimykotischem Garn ausgestattet, das Ihre F\u00fc\u00dfe sch\u00fctzt. Kupferionen in Cupron-Fasern schaffen eine Schutzzone, die 99,9 % der Bakterien eliminiert, was durch wissenschaftliche Studien best\u00e4tigt wurde. Diese Technologie kann nicht weggesp\u00fclt werden.kup<\/span><\/p>\n","protected":false},"featured_media":1475789,"comment_status":"closed","ping_status":"closed","template":"","meta":{"_acf_changed":false},"product_brand":[],"product_cat":[448,463,464],"product_tag":[668,731,694,733,734,736,688],"class_list":{"0":"post-1475842","1":"product","2":"type-product","3":"status-publish","4":"has-post-thumbnail","6":"product_cat-socken","7":"product_cat-wanderung","8":"product_cat-ibex-de","9":"product_tag-atmungsaktiv","10":"product_tag-dunn","11":"product_tag-licht","12":"product_tag-trekking-de","13":"product_tag-trekkingsocken","14":"product_tag-ultraleicht","15":"product_tag-wandern","17":"first","18":"instock","19":"featured","20":"taxable","21":"shipping-taxable","22":"purchasable","23":"product-type-variable"},"acf":[],"yoast_head":"<!-- This site is optimized with the Yoast SEO plugin v24.2 - https:\/\/yoast.com\/wordpress\/plugins\/seo\/ -->\n<title>Ibex Grey-Ultratechnische Socke mit Kupfer fur Wandern und Trekking | Dogma Socks - Extreme Design For Your Feet<\/title>\n<meta name=\"robots\" content=\"index, follow, max-snippet:-1, max-image-preview:large, max-video-preview:-1\" \/>\n<link rel=\"canonical\" href=\"https:\/\/www.dogmasocks.com\/de\/produkt\/ibex-black-ultratechnische-socke-mit-kupfer-fur-wandern-und-trekking-copy\/\" \/>\n<meta property=\"og:locale\" content=\"de_DE\" \/>\n<meta property=\"og:type\" content=\"article\" \/>\n<meta property=\"og:title\" content=\"Ibex Grey-Ultratechnische Socke mit Kupfer fur Wandern und Trekking | Dogma Socks - Extreme Design For Your Feet\" \/>\n<meta property=\"og:description\" content=\"Ibex ist eine ultratechnische Socke zum Wandern und Trekking in w\u00e4rmeren Klimazonen. Superd\u00fcnnes Garn h\u00e4lt Sie trocken und leitet den Schwei\u00df von der Haut, wenn das Wandern hart wird. Zehen und Fersenbereich sind mit antibakteriellem und antimykotischem Garn ausgestattet, das Ihre F\u00fc\u00dfe sch\u00fctzt. Kupferionen in Cupron-Fasern schaffen eine Schutzzone, die 99,9 % der Bakterien eliminiert, was durch wissenschaftliche Studien best\u00e4tigt wurde. Diese Technologie kann nicht weggesp\u00fclt werden.kup\" \/>\n<meta property=\"og:url\" content=\"https:\/\/www.dogmasocks.com\/de\/produkt\/ibex-black-ultratechnische-socke-mit-kupfer-fur-wandern-und-trekking-copy\/\" \/>\n<meta property=\"og:site_name\" content=\"Dogma Socks\" \/>\n<meta property=\"article:publisher\" content=\"https:\/\/www.facebook.com\/dogmasocks\/\" \/>\n<meta property=\"article:modified_time\" content=\"2023-05-05T09:06:19+00:00\" \/>\n<meta property=\"og:image\" content=\"https:\/\/www.dogmasocks.com\/wp-content\/uploads\/2023\/05\/3-1.jpg\" \/>\n\t<meta property=\"og:image:width\" content=\"1800\" \/>\n\t<meta property=\"og:image:height\" content=\"1800\" \/>\n\t<meta property=\"og:image:type\" content=\"image\/jpeg\" \/>\n<meta name=\"twitter:card\" content=\"summary_large_image\" \/>\n<meta name=\"twitter:label1\" content=\"Gesch\u00e4tzte Lesezeit\" \/>\n\t<meta name=\"twitter:data1\" content=\"1\u00a0Minute\" \/>\n<script type=\"application\/ld+json\" class=\"yoast-schema-graph\">{\"@context\":\"https:\/\/schema.org\",\"@graph\":[{\"@type\":\"WebPage\",\"@id\":\"https:\/\/www.dogmasocks.com\/de\/produkt\/ibex-black-ultratechnische-socke-mit-kupfer-fur-wandern-und-trekking-copy\/\",\"url\":\"https:\/\/www.dogmasocks.com\/de\/produkt\/ibex-black-ultratechnische-socke-mit-kupfer-fur-wandern-und-trekking-copy\/\",\"name\":\"Ibex Grey-Ultratechnische Socke mit Kupfer fur Wandern und Trekking | Dogma Socks - Extreme Design For Your Feet\",\"isPartOf\":{\"@id\":\"https:\/\/www.dogmasocks.com\/de\/#website\"},\"primaryImageOfPage\":{\"@id\":\"https:\/\/www.dogmasocks.com\/de\/produkt\/ibex-black-ultratechnische-socke-mit-kupfer-fur-wandern-und-trekking-copy\/#primaryimage\"},\"image\":{\"@id\":\"https:\/\/www.dogmasocks.com\/de\/produkt\/ibex-black-ultratechnische-socke-mit-kupfer-fur-wandern-und-trekking-copy\/#primaryimage\"},\"thumbnailUrl\":\"https:\/\/www.dogmasocks.com\/wp-content\/uploads\/2023\/05\/3-1.jpg\",\"datePublished\":\"2023-05-05T08:53:53+00:00\",\"dateModified\":\"2023-05-05T09:06:19+00:00\",\"breadcrumb\":{\"@id\":\"https:\/\/www.dogmasocks.com\/de\/produkt\/ibex-black-ultratechnische-socke-mit-kupfer-fur-wandern-und-trekking-copy\/#breadcrumb\"},\"inLanguage\":\"de\",\"potentialAction\":[{\"@type\":\"ReadAction\",\"target\":[\"https:\/\/www.dogmasocks.com\/de\/produkt\/ibex-black-ultratechnische-socke-mit-kupfer-fur-wandern-und-trekking-copy\/\"]}]},{\"@type\":\"ImageObject\",\"inLanguage\":\"de\",\"@id\":\"https:\/\/www.dogmasocks.com\/de\/produkt\/ibex-black-ultratechnische-socke-mit-kupfer-fur-wandern-und-trekking-copy\/#primaryimage\",\"url\":\"https:\/\/www.dogmasocks.com\/wp-content\/uploads\/2023\/05\/3-1.jpg\",\"contentUrl\":\"https:\/\/www.dogmasocks.com\/wp-content\/uploads\/2023\/05\/3-1.jpg\",\"width\":1800,\"height\":1800},{\"@type\":\"BreadcrumbList\",\"@id\":\"https:\/\/www.dogmasocks.com\/de\/produkt\/ibex-black-ultratechnische-socke-mit-kupfer-fur-wandern-und-trekking-copy\/#breadcrumb\",\"itemListElement\":[{\"@type\":\"ListItem\",\"position\":1,\"name\":\"Home\",\"item\":\"https:\/\/www.dogmasocks.com\/de\/\"},{\"@type\":\"ListItem\",\"position\":2,\"name\":\"Shop\",\"item\":\"https:\/\/www.dogmasocks.com\/de\/shop\/\"},{\"@type\":\"ListItem\",\"position\":3,\"name\":\"Ibex Grey-Ultratechnische Socke mit Kupfer fur Wandern und Trekking\"}]},{\"@type\":\"WebSite\",\"@id\":\"https:\/\/www.dogmasocks.com\/de\/#website\",\"url\":\"https:\/\/www.dogmasocks.com\/de\/\",\"name\":\"Dogma Socks\",\"description\":\"eXtreme design for your feet.\",\"potentialAction\":[{\"@type\":\"SearchAction\",\"target\":{\"@type\":\"EntryPoint\",\"urlTemplate\":\"https:\/\/www.dogmasocks.com\/de\/?s={search_term_string}\"},\"query-input\":{\"@type\":\"PropertyValueSpecification\",\"valueRequired\":true,\"valueName\":\"search_term_string\"}}],\"inLanguage\":\"de\"}]}<\/script>\n<!-- \/ Yoast SEO plugin. -->","yoast_head_json":{"title":"Ibex Grey-Ultratechnische Socke mit Kupfer fur Wandern und Trekking | Dogma Socks - Extreme Design For Your Feet","robots":{"index":"index","follow":"follow","max-snippet":"max-snippet:-1","max-image-preview":"max-image-preview:large","max-video-preview":"max-video-preview:-1"},"canonical":"https:\/\/www.dogmasocks.com\/de\/produkt\/ibex-black-ultratechnische-socke-mit-kupfer-fur-wandern-und-trekking-copy\/","og_locale":"de_DE","og_type":"article","og_title":"Ibex Grey-Ultratechnische Socke mit Kupfer fur Wandern und Trekking | Dogma Socks - Extreme Design For Your Feet","og_description":"Ibex ist eine ultratechnische Socke zum Wandern und Trekking in w\u00e4rmeren Klimazonen. Superd\u00fcnnes Garn h\u00e4lt Sie trocken und leitet den Schwei\u00df von der Haut, wenn das Wandern hart wird. Zehen und Fersenbereich sind mit antibakteriellem und antimykotischem Garn ausgestattet, das Ihre F\u00fc\u00dfe sch\u00fctzt. Kupferionen in Cupron-Fasern schaffen eine Schutzzone, die 99,9 % der Bakterien eliminiert, was durch wissenschaftliche Studien best\u00e4tigt wurde. Diese Technologie kann nicht weggesp\u00fclt werden.kup","og_url":"https:\/\/www.dogmasocks.com\/de\/produkt\/ibex-black-ultratechnische-socke-mit-kupfer-fur-wandern-und-trekking-copy\/","og_site_name":"Dogma Socks","article_publisher":"https:\/\/www.facebook.com\/dogmasocks\/","article_modified_time":"2023-05-05T09:06:19+00:00","og_image":[{"width":1800,"height":1800,"url":"https:\/\/www.dogmasocks.com\/wp-content\/uploads\/2023\/05\/3-1.jpg","type":"image\/jpeg"}],"twitter_card":"summary_large_image","twitter_misc":{"Gesch\u00e4tzte Lesezeit":"1\u00a0Minute"},"schema":{"@context":"https:\/\/schema.org","@graph":[{"@type":"WebPage","@id":"https:\/\/www.dogmasocks.com\/de\/produkt\/ibex-black-ultratechnische-socke-mit-kupfer-fur-wandern-und-trekking-copy\/","url":"https:\/\/www.dogmasocks.com\/de\/produkt\/ibex-black-ultratechnische-socke-mit-kupfer-fur-wandern-und-trekking-copy\/","name":"Ibex Grey-Ultratechnische Socke mit Kupfer fur Wandern und Trekking | Dogma Socks - Extreme Design For Your Feet","isPartOf":{"@id":"https:\/\/www.dogmasocks.com\/de\/#website"},"primaryImageOfPage":{"@id":"https:\/\/www.dogmasocks.com\/de\/produkt\/ibex-black-ultratechnische-socke-mit-kupfer-fur-wandern-und-trekking-copy\/#primaryimage"},"image":{"@id":"https:\/\/www.dogmasocks.com\/de\/produkt\/ibex-black-ultratechnische-socke-mit-kupfer-fur-wandern-und-trekking-copy\/#primaryimage"},"thumbnailUrl":"https:\/\/www.dogmasocks.com\/wp-content\/uploads\/2023\/05\/3-1.jpg","datePublished":"2023-05-05T08:53:53+00:00","dateModified":"2023-05-05T09:06:19+00:00","breadcrumb":{"@id":"https:\/\/www.dogmasocks.com\/de\/produkt\/ibex-black-ultratechnische-socke-mit-kupfer-fur-wandern-und-trekking-copy\/#breadcrumb"},"inLanguage":"de","potentialAction":[{"@type":"ReadAction","target":["https:\/\/www.dogmasocks.com\/de\/produkt\/ibex-black-ultratechnische-socke-mit-kupfer-fur-wandern-und-trekking-copy\/"]}]},{"@type":"ImageObject","inLanguage":"de","@id":"https:\/\/www.dogmasocks.com\/de\/produkt\/ibex-black-ultratechnische-socke-mit-kupfer-fur-wandern-und-trekking-copy\/#primaryimage","url":"https:\/\/www.dogmasocks.com\/wp-content\/uploads\/2023\/05\/3-1.jpg","contentUrl":"https:\/\/www.dogmasocks.com\/wp-content\/uploads\/2023\/05\/3-1.jpg","width":1800,"height":1800},{"@type":"BreadcrumbList","@id":"https:\/\/www.dogmasocks.com\/de\/produkt\/ibex-black-ultratechnische-socke-mit-kupfer-fur-wandern-und-trekking-copy\/#breadcrumb","itemListElement":[{"@type":"ListItem","position":1,"name":"Home","item":"https:\/\/www.dogmasocks.com\/de\/"},{"@type":"ListItem","position":2,"name":"Shop","item":"https:\/\/www.dogmasocks.com\/de\/shop\/"},{"@type":"ListItem","position":3,"name":"Ibex Grey-Ultratechnische Socke mit Kupfer fur Wandern und Trekking"}]},{"@type":"WebSite","@id":"https:\/\/www.dogmasocks.com\/de\/#website","url":"https:\/\/www.dogmasocks.com\/de\/","name":"Dogma Socks","description":"eXtreme design for your feet.","potentialAction":[{"@type":"SearchAction","target":{"@type":"EntryPoint","urlTemplate":"https:\/\/www.dogmasocks.com\/de\/?s={search_term_string}"},"query-input":{"@type":"PropertyValueSpecification","valueRequired":true,"valueName":"search_term_string"}}],"inLanguage":"de"}]}},"_links":{"self":[{"href":"https:\/\/www.dogmasocks.com\/de\/wp-json\/wp\/v2\/product\/1475842","targetHints":{"allow":["GET"]}}],"collection":[{"href":"https:\/\/www.dogmasocks.com\/de\/wp-json\/wp\/v2\/product"}],"about":[{"href":"https:\/\/www.dogmasocks.com\/de\/wp-json\/wp\/v2\/types\/product"}],"replies":[{"embeddable":true,"href":"https:\/\/www.dogmasocks.com\/de\/wp-json\/wp\/v2\/comments?post=1475842"}],"wp:featuredmedia":[{"embeddable":true,"href":"https:\/\/www.dogmasocks.com\/de\/wp-json\/wp\/v2\/media\/1475789"}],"wp:attachment":[{"href":"https:\/\/www.dogmasocks.com\/de\/wp-json\/wp\/v2\/media?parent=1475842"}],"wp:term":[{"taxonomy":"product_brand","embeddable":true,"href":"https:\/\/www.dogmasocks.com\/de\/wp-json\/wp\/v2\/product_brand?post=1475842"},{"taxonomy":"product_cat","embeddable":true,"href":"https:\/\/www.dogmasocks.com\/de\/wp-json\/wp\/v2\/product_cat?post=1475842"},{"taxonomy":"product_tag","embeddable":true,"href":"https:\/\/www.dogmasocks.com\/de\/wp-json\/wp\/v2\/product_tag?post=1475842"}],"curies":[{"name":"wp","href":"https:\/\/api.w.org\/{rel}","templated":true}]}}