{"id":1475566,"date":"2022-11-08T11:40:08","date_gmt":"2022-11-08T14:00:46","guid":{"rendered":"https:\/\/www.dogmasocks.com\/?post_type=product&#038;p=1475566"},"modified":"2022-11-08T15:00:47","modified_gmt":"2022-11-08T14:00:47","slug":"lynx-black-m-antislip","status":"publish","type":"product","link":"https:\/\/www.dogmasocks.com\/de\/produkt\/lynx-black-m-antislip\/","title":{"rendered":"Lynx Black M-Antislip"},"content":{"rendered":"<p><span class=\"Y2IQFc\" lang=\"de\">Lynx ist eine technische Socke f\u00fcr Schneeliebhaber, die nach ultimativem Grip, d\u00fcnnem Gef\u00fchl, perfekter Passform und hoher Reaktionsf\u00e4higkeit suchen. ANTISLIP-Zonen im Zehen- und Fersenbereich verhindern st\u00f6rende Fu\u00dfbewegungen und halten Ihre F\u00fc\u00dfe an Ort und Stelle. Diese technische Socke mit leichter Kompressionstechnologie, flacher Zehennaht und Merinowolle ist die perfekte Wahl f\u00fcr Freeskier, Splitboarder, Skitourengeher, Freerider und Schneeliebhaber, die eine technische Merinosocke mit einem d\u00fcnnen Sockengef\u00fchl suchen. Kein Verrutschen, kein Bauschen, keine \u00dcberhitzung, keine Sorgen. <\/span><\/p>\n<p><span class=\"Y2IQFc\" lang=\"de\"><strong>\u00a0 \u00a0 \u00a0 \u00a0TECHNOLOGIE:<\/strong> <\/span><\/p>\n<ul>\n<li><span class=\"Y2IQFc\" lang=\"de\">Perfekte Mischung aus technischen Materialien, Merinowolle u Polypropylen mit thermoregulierenden Eigenschaften <\/span><\/li>\n<li><span class=\"Y2IQFc\" lang=\"de\">Optimale allm\u00e4hliche Kompressionswirkung f\u00fcr l\u00e4ngeres Fahren und bessere Muskelregeneration <\/span><\/li>\n<li><span class=\"Y2IQFc\" lang=\"de\">Anatomische Form f\u00fcr bessere Passform <\/span><\/li>\n<li><span class=\"Y2IQFc\" lang=\"de\">Antirutschzonen im Zehen- und Fersenbereich <\/span><\/li>\n<li><span class=\"Y2IQFc\" lang=\"de\">D\u00fcnnes Design f\u00fcr ein leichtes Gef\u00fchl <\/span><\/li>\n<li><span class=\"Y2IQFc\" lang=\"de\">Invisistitch-Technologie zur Vermeidung von Blasen<br \/>\n<\/span><span class=\"Y2IQFc\" lang=\"de\"><br \/>\n<\/span><span class=\"Y2IQFc\" lang=\"de\"><strong>MATERIAL<\/strong> <\/span><\/li>\n<li><span class=\"Y2IQFc\" lang=\"de\">Extra feine Merinowolle 36 % <\/span><\/li>\n<li><span class=\"Y2IQFc\" lang=\"de\">Polypropylen 24 % <\/span><\/li>\n<li><span class=\"Y2IQFc\" lang=\"de\">Elasthan 6 % <\/span><\/li>\n<li><span class=\"Y2IQFc\" lang=\"de\">Polyamid 26,7 % <\/span><\/li>\n<li><span class=\"Y2IQFc\" lang=\"de\">Polyester Antirutsch 7,3 %<\/span><\/li>\n<\/ul>\n","protected":false},"excerpt":{"rendered":"<p>Lynx ist eine technische Socke f\u00fcr Schneeliebhaber, die nach ultimativem Grip, d\u00fcnnem Gef\u00fchl, perfekter Passform und hoher Reaktionsf\u00e4higkeit suchen. ANTISLIP-Zonen im Zehen- und Fersenbereich verhindern st\u00f6rende Fu\u00dfbewegungen und halten Ihre F\u00fc\u00dfe an Ort und Stelle. Diese technische Socke mit leichter Kompressionstechnologie, flacher Zehennaht und Merinowolle ist die perfekte Wahl f\u00fcr Freeskier, Splitboarder, Skitourengeher, Freerider und [&hellip;]<\/p>\n","protected":false},"featured_media":1475551,"comment_status":"closed","ping_status":"closed","template":"","meta":{"_acf_changed":false},"product_brand":[],"product_cat":[448,476,1411],"product_tag":[673,675,696,716,720],"class_list":{"0":"post-1475566","1":"product","2":"type-product","3":"status-publish","4":"has-post-thumbnail","6":"product_cat-socken","7":"product_cat-schnee","8":"product_cat-lynx-de","9":"product_tag-kompression","10":"product_tag-kompression-leistung","11":"product_tag-merino-wool-de","12":"product_tag-skisocken","13":"product_tag-snowboard-socken","15":"first","16":"instock","17":"taxable","18":"shipping-taxable","19":"purchasable","20":"product-type-variable"},"acf":[],"yoast_head":"<!-- This site is optimized with the Yoast SEO plugin v24.2 - https:\/\/yoast.com\/wordpress\/plugins\/seo\/ -->\n<title>Lynx Black M-Antislip | Dogma Socks - Extreme Design For Your Feet<\/title>\n<meta name=\"robots\" content=\"index, follow, max-snippet:-1, max-image-preview:large, max-video-preview:-1\" \/>\n<link rel=\"canonical\" href=\"https:\/\/www.dogmasocks.com\/de\/produkt\/lynx-black-m-antislip\/\" \/>\n<meta property=\"og:locale\" content=\"de_DE\" \/>\n<meta property=\"og:type\" content=\"article\" \/>\n<meta property=\"og:title\" content=\"Lynx Black M-Antislip | Dogma Socks - Extreme Design For Your Feet\" \/>\n<meta property=\"og:description\" content=\"Lynx ist eine technische Socke f\u00fcr Schneeliebhaber, die nach ultimativem Grip, d\u00fcnnem Gef\u00fchl, perfekter Passform und hoher Reaktionsf\u00e4higkeit suchen. ANTISLIP-Zonen im Zehen- und Fersenbereich verhindern st\u00f6rende Fu\u00dfbewegungen und halten Ihre F\u00fc\u00dfe an Ort und Stelle. Diese technische Socke mit leichter Kompressionstechnologie, flacher Zehennaht und Merinowolle ist die perfekte Wahl f\u00fcr Freeskier, Splitboarder, Skitourengeher, Freerider und [&hellip;]\" \/>\n<meta property=\"og:url\" content=\"https:\/\/www.dogmasocks.com\/de\/produkt\/lynx-black-m-antislip\/\" \/>\n<meta property=\"og:site_name\" content=\"Dogma Socks\" \/>\n<meta property=\"article:publisher\" content=\"https:\/\/www.facebook.com\/dogmasocks\/\" \/>\n<meta property=\"article:modified_time\" content=\"2022-11-08T14:00:47+00:00\" \/>\n<meta property=\"og:image\" content=\"https:\/\/www.dogmasocks.com\/wp-content\/uploads\/2022\/11\/20_1.jpg\" \/>\n\t<meta property=\"og:image:width\" content=\"1800\" \/>\n\t<meta property=\"og:image:height\" content=\"1800\" \/>\n\t<meta property=\"og:image:type\" content=\"image\/jpeg\" \/>\n<meta name=\"twitter:card\" content=\"summary_large_image\" \/>\n<meta name=\"twitter:label1\" content=\"Gesch\u00e4tzte Lesezeit\" \/>\n\t<meta name=\"twitter:data1\" content=\"1\u00a0Minute\" \/>\n<script type=\"application\/ld+json\" class=\"yoast-schema-graph\">{\"@context\":\"https:\/\/schema.org\",\"@graph\":[{\"@type\":\"WebPage\",\"@id\":\"https:\/\/www.dogmasocks.com\/de\/produkt\/lynx-black-m-antislip\/\",\"url\":\"https:\/\/www.dogmasocks.com\/de\/produkt\/lynx-black-m-antislip\/\",\"name\":\"Lynx Black M-Antislip | Dogma Socks - Extreme Design For Your Feet\",\"isPartOf\":{\"@id\":\"https:\/\/www.dogmasocks.com\/de\/#website\"},\"primaryImageOfPage\":{\"@id\":\"https:\/\/www.dogmasocks.com\/de\/produkt\/lynx-black-m-antislip\/#primaryimage\"},\"image\":{\"@id\":\"https:\/\/www.dogmasocks.com\/de\/produkt\/lynx-black-m-antislip\/#primaryimage\"},\"thumbnailUrl\":\"https:\/\/www.dogmasocks.com\/wp-content\/uploads\/2022\/11\/20_1.jpg\",\"datePublished\":\"2022-11-08T14:00:46+00:00\",\"dateModified\":\"2022-11-08T14:00:47+00:00\",\"breadcrumb\":{\"@id\":\"https:\/\/www.dogmasocks.com\/de\/produkt\/lynx-black-m-antislip\/#breadcrumb\"},\"inLanguage\":\"de\",\"potentialAction\":[{\"@type\":\"ReadAction\",\"target\":[\"https:\/\/www.dogmasocks.com\/de\/produkt\/lynx-black-m-antislip\/\"]}]},{\"@type\":\"ImageObject\",\"inLanguage\":\"de\",\"@id\":\"https:\/\/www.dogmasocks.com\/de\/produkt\/lynx-black-m-antislip\/#primaryimage\",\"url\":\"https:\/\/www.dogmasocks.com\/wp-content\/uploads\/2022\/11\/20_1.jpg\",\"contentUrl\":\"https:\/\/www.dogmasocks.com\/wp-content\/uploads\/2022\/11\/20_1.jpg\",\"width\":1800,\"height\":1800},{\"@type\":\"BreadcrumbList\",\"@id\":\"https:\/\/www.dogmasocks.com\/de\/produkt\/lynx-black-m-antislip\/#breadcrumb\",\"itemListElement\":[{\"@type\":\"ListItem\",\"position\":1,\"name\":\"Home\",\"item\":\"https:\/\/www.dogmasocks.com\/de\/\"},{\"@type\":\"ListItem\",\"position\":2,\"name\":\"Shop\",\"item\":\"https:\/\/www.dogmasocks.com\/de\/shop\/\"},{\"@type\":\"ListItem\",\"position\":3,\"name\":\"Lynx Black M-Antislip\"}]},{\"@type\":\"WebSite\",\"@id\":\"https:\/\/www.dogmasocks.com\/de\/#website\",\"url\":\"https:\/\/www.dogmasocks.com\/de\/\",\"name\":\"Dogma Socks\",\"description\":\"eXtreme design for your feet.\",\"potentialAction\":[{\"@type\":\"SearchAction\",\"target\":{\"@type\":\"EntryPoint\",\"urlTemplate\":\"https:\/\/www.dogmasocks.com\/de\/?s={search_term_string}\"},\"query-input\":{\"@type\":\"PropertyValueSpecification\",\"valueRequired\":true,\"valueName\":\"search_term_string\"}}],\"inLanguage\":\"de\"}]}<\/script>\n<!-- \/ Yoast SEO plugin. -->","yoast_head_json":{"title":"Lynx Black M-Antislip | Dogma Socks - Extreme Design For Your Feet","robots":{"index":"index","follow":"follow","max-snippet":"max-snippet:-1","max-image-preview":"max-image-preview:large","max-video-preview":"max-video-preview:-1"},"canonical":"https:\/\/www.dogmasocks.com\/de\/produkt\/lynx-black-m-antislip\/","og_locale":"de_DE","og_type":"article","og_title":"Lynx Black M-Antislip | Dogma Socks - Extreme Design For Your Feet","og_description":"Lynx ist eine technische Socke f\u00fcr Schneeliebhaber, die nach ultimativem Grip, d\u00fcnnem Gef\u00fchl, perfekter Passform und hoher Reaktionsf\u00e4higkeit suchen. ANTISLIP-Zonen im Zehen- und Fersenbereich verhindern st\u00f6rende Fu\u00dfbewegungen und halten Ihre F\u00fc\u00dfe an Ort und Stelle. Diese technische Socke mit leichter Kompressionstechnologie, flacher Zehennaht und Merinowolle ist die perfekte Wahl f\u00fcr Freeskier, Splitboarder, Skitourengeher, Freerider und [&hellip;]","og_url":"https:\/\/www.dogmasocks.com\/de\/produkt\/lynx-black-m-antislip\/","og_site_name":"Dogma Socks","article_publisher":"https:\/\/www.facebook.com\/dogmasocks\/","article_modified_time":"2022-11-08T14:00:47+00:00","og_image":[{"width":1800,"height":1800,"url":"https:\/\/www.dogmasocks.com\/wp-content\/uploads\/2022\/11\/20_1.jpg","type":"image\/jpeg"}],"twitter_card":"summary_large_image","twitter_misc":{"Gesch\u00e4tzte Lesezeit":"1\u00a0Minute"},"schema":{"@context":"https:\/\/schema.org","@graph":[{"@type":"WebPage","@id":"https:\/\/www.dogmasocks.com\/de\/produkt\/lynx-black-m-antislip\/","url":"https:\/\/www.dogmasocks.com\/de\/produkt\/lynx-black-m-antislip\/","name":"Lynx Black M-Antislip | Dogma Socks - Extreme Design For Your Feet","isPartOf":{"@id":"https:\/\/www.dogmasocks.com\/de\/#website"},"primaryImageOfPage":{"@id":"https:\/\/www.dogmasocks.com\/de\/produkt\/lynx-black-m-antislip\/#primaryimage"},"image":{"@id":"https:\/\/www.dogmasocks.com\/de\/produkt\/lynx-black-m-antislip\/#primaryimage"},"thumbnailUrl":"https:\/\/www.dogmasocks.com\/wp-content\/uploads\/2022\/11\/20_1.jpg","datePublished":"2022-11-08T14:00:46+00:00","dateModified":"2022-11-08T14:00:47+00:00","breadcrumb":{"@id":"https:\/\/www.dogmasocks.com\/de\/produkt\/lynx-black-m-antislip\/#breadcrumb"},"inLanguage":"de","potentialAction":[{"@type":"ReadAction","target":["https:\/\/www.dogmasocks.com\/de\/produkt\/lynx-black-m-antislip\/"]}]},{"@type":"ImageObject","inLanguage":"de","@id":"https:\/\/www.dogmasocks.com\/de\/produkt\/lynx-black-m-antislip\/#primaryimage","url":"https:\/\/www.dogmasocks.com\/wp-content\/uploads\/2022\/11\/20_1.jpg","contentUrl":"https:\/\/www.dogmasocks.com\/wp-content\/uploads\/2022\/11\/20_1.jpg","width":1800,"height":1800},{"@type":"BreadcrumbList","@id":"https:\/\/www.dogmasocks.com\/de\/produkt\/lynx-black-m-antislip\/#breadcrumb","itemListElement":[{"@type":"ListItem","position":1,"name":"Home","item":"https:\/\/www.dogmasocks.com\/de\/"},{"@type":"ListItem","position":2,"name":"Shop","item":"https:\/\/www.dogmasocks.com\/de\/shop\/"},{"@type":"ListItem","position":3,"name":"Lynx Black M-Antislip"}]},{"@type":"WebSite","@id":"https:\/\/www.dogmasocks.com\/de\/#website","url":"https:\/\/www.dogmasocks.com\/de\/","name":"Dogma Socks","description":"eXtreme design for your feet.","potentialAction":[{"@type":"SearchAction","target":{"@type":"EntryPoint","urlTemplate":"https:\/\/www.dogmasocks.com\/de\/?s={search_term_string}"},"query-input":{"@type":"PropertyValueSpecification","valueRequired":true,"valueName":"search_term_string"}}],"inLanguage":"de"}]}},"_links":{"self":[{"href":"https:\/\/www.dogmasocks.com\/de\/wp-json\/wp\/v2\/product\/1475566","targetHints":{"allow":["GET"]}}],"collection":[{"href":"https:\/\/www.dogmasocks.com\/de\/wp-json\/wp\/v2\/product"}],"about":[{"href":"https:\/\/www.dogmasocks.com\/de\/wp-json\/wp\/v2\/types\/product"}],"replies":[{"embeddable":true,"href":"https:\/\/www.dogmasocks.com\/de\/wp-json\/wp\/v2\/comments?post=1475566"}],"wp:featuredmedia":[{"embeddable":true,"href":"https:\/\/www.dogmasocks.com\/de\/wp-json\/wp\/v2\/media\/1475551"}],"wp:attachment":[{"href":"https:\/\/www.dogmasocks.com\/de\/wp-json\/wp\/v2\/media?parent=1475566"}],"wp:term":[{"taxonomy":"product_brand","embeddable":true,"href":"https:\/\/www.dogmasocks.com\/de\/wp-json\/wp\/v2\/product_brand?post=1475566"},{"taxonomy":"product_cat","embeddable":true,"href":"https:\/\/www.dogmasocks.com\/de\/wp-json\/wp\/v2\/product_cat?post=1475566"},{"taxonomy":"product_tag","embeddable":true,"href":"https:\/\/www.dogmasocks.com\/de\/wp-json\/wp\/v2\/product_tag?post=1475566"}],"curies":[{"name":"wp","href":"https:\/\/api.w.org\/{rel}","templated":true}]}}