{"id":1475501,"date":"2022-11-07T10:28:11","date_gmt":"2022-11-07T09:28:13","guid":{"rendered":"https:\/\/www.dogmasocks.com\/?post_type=product&#038;p=1475501"},"modified":"2022-11-07T10:34:19","modified_gmt":"2022-11-07T09:34:19","slug":"snow-eater-salmo-lines","status":"publish","type":"product","link":"https:\/\/www.dogmasocks.com\/de\/produkt\/snow-eater-salmo-lines\/","title":{"rendered":"Snow Eater Salmo Lines"},"content":{"rendered":"<p>Der erstaunliche Snow Eater ist eine perfekte Allround-Socke f\u00fcr anspruchsvolle Fahrer, die guten Schuhkontakt brauchen, aber nicht auf W\u00e4rme verzichten wollen. Graduelle Kompressionstechnik im Beinbereich sorgt f\u00fcr guten Halt und h\u00e4lt Ihre Muskeln kompakt und einsatzbereit. Ein mittleres D\u00e4mpfungsniveau sorgt f\u00fcr optimalen Schuhkontakt und bietet ein Optimum an Energie\u00fcbertragung und W\u00e4rme. Eine tolle Socke f\u00fcr das ganze Jahr.<\/p>\n<p><strong>TECHNOLOGIE:<\/strong><\/p>\n<ul>\n<li>Perfekte Mischung aus technischen Materialien, Merinowolle und Polyester mit thermoregulatorischen Eigenschaften<\/li>\n<li>Strategisch konzipierte Polsterung in der ganzen Socke<\/li>\n<li>Optimale Kompressionswirkung f\u00fcr l\u00e4ngeres Fahren und bessere Muskelerholung<\/li>\n<li>Anatomische Passform<\/li>\n<li>Achillessehnen-Schutz<\/li>\n<li>Schienbein-Schutz<\/li>\n<li>Waden-Schutz<\/li>\n<\/ul>\n<p><strong>MATERIAL<\/strong><\/p>\n<ul>\n<li>Merino wolle: 11,1%<\/li>\n<li>Tech. poliester 57%<\/li>\n<li>Elastan: 21,4%<\/li>\n<li>Poliamid: 10,5%<\/li>\n<\/ul>\n<p>&nbsp;<\/p>\n<p>&nbsp;<\/p>\n","protected":false},"excerpt":{"rendered":"<p>Wenn Sie die Pisten mit Ihrer Carving-Technik beherrschen oder Ihre Freestyle-F\u00e4higkeiten im park verbessern m\u00f6chten, k\u00f6nnte diese Socke ein wenig helfen. Leichte D\u00e4mpfung sorgt f\u00fcr starken schuhkontakt und eine bessere, schnellere Reaktion. Anatomisch geformter Fu\u00df passt zu Ihren F\u00fc\u00dfen wie ein Handschuh. Diese Socke ist eine perfekte Wahl f\u00fcr aggressive Fahrer, die Geschwindigkeit, Reaktion und Pr\u00e4zision brauchen.<\/p>\n","protected":false},"featured_media":1475509,"comment_status":"open","ping_status":"closed","template":"","meta":{"_acf_changed":false},"product_brand":[],"product_cat":[448,476,480],"product_tag":[655,691,680,675,717,714,716,720],"class_list":{"0":"post-1475501","1":"product","2":"type-product","3":"status-publish","4":"has-post-thumbnail","6":"product_cat-socken","7":"product_cat-schnee","8":"product_cat-snow-eater-de","9":"product_tag-anatomisches-design","10":"product_tag-invisistitch-de","11":"product_tag-kissen-tech","12":"product_tag-kompression-leistung","13":"product_tag-schnee","14":"product_tag-ski-de","15":"product_tag-skisocken","16":"product_tag-snowboard-socken","18":"first","19":"instock","20":"taxable","21":"shipping-taxable","22":"purchasable","23":"product-type-variable"},"acf":[],"yoast_head":"<!-- This site is optimized with the Yoast SEO plugin v24.2 - https:\/\/yoast.com\/wordpress\/plugins\/seo\/ -->\n<title>Snow Eater Salmo Lines | Dogma Socks - Extreme Design For Your Feet<\/title>\n<meta name=\"robots\" content=\"index, follow, max-snippet:-1, max-image-preview:large, max-video-preview:-1\" \/>\n<link rel=\"canonical\" href=\"https:\/\/www.dogmasocks.com\/de\/produkt\/snow-eater-salmo-lines\/\" \/>\n<meta property=\"og:locale\" content=\"de_DE\" \/>\n<meta property=\"og:type\" content=\"article\" \/>\n<meta property=\"og:title\" content=\"Snow Eater Salmo Lines | Dogma Socks - Extreme Design For Your Feet\" \/>\n<meta property=\"og:description\" content=\"Wenn Sie die Pisten mit Ihrer Carving-Technik beherrschen oder Ihre Freestyle-F\u00e4higkeiten im park verbessern m\u00f6chten, k\u00f6nnte diese Socke ein wenig helfen. Leichte D\u00e4mpfung sorgt f\u00fcr starken schuhkontakt und eine bessere, schnellere Reaktion. Anatomisch geformter Fu\u00df passt zu Ihren F\u00fc\u00dfen wie ein Handschuh. Diese Socke ist eine perfekte Wahl f\u00fcr aggressive Fahrer, die Geschwindigkeit, Reaktion und Pr\u00e4zision brauchen.\" \/>\n<meta property=\"og:url\" content=\"https:\/\/www.dogmasocks.com\/de\/produkt\/snow-eater-salmo-lines\/\" \/>\n<meta property=\"og:site_name\" content=\"Dogma Socks\" \/>\n<meta property=\"article:publisher\" content=\"https:\/\/www.facebook.com\/dogmasocks\/\" \/>\n<meta property=\"article:modified_time\" content=\"2022-11-07T09:34:19+00:00\" \/>\n<meta property=\"og:image\" content=\"http:\/\/www.dogmasocks.com\/wp-content\/uploads\/2022\/11\/17_1-1.jpg\" \/>\n\t<meta property=\"og:image:width\" content=\"1800\" \/>\n\t<meta property=\"og:image:height\" content=\"1800\" \/>\n\t<meta property=\"og:image:type\" content=\"image\/jpeg\" \/>\n<meta name=\"twitter:card\" content=\"summary_large_image\" \/>\n<meta name=\"twitter:label1\" content=\"Gesch\u00e4tzte Lesezeit\" \/>\n\t<meta name=\"twitter:data1\" content=\"1\u00a0Minute\" \/>\n<script type=\"application\/ld+json\" class=\"yoast-schema-graph\">{\"@context\":\"https:\/\/schema.org\",\"@graph\":[{\"@type\":\"WebPage\",\"@id\":\"https:\/\/www.dogmasocks.com\/de\/produkt\/snow-eater-salmo-lines\/\",\"url\":\"https:\/\/www.dogmasocks.com\/de\/produkt\/snow-eater-salmo-lines\/\",\"name\":\"Snow Eater Salmo Lines | Dogma Socks - Extreme Design For Your Feet\",\"isPartOf\":{\"@id\":\"https:\/\/www.dogmasocks.com\/de\/#website\"},\"primaryImageOfPage\":{\"@id\":\"https:\/\/www.dogmasocks.com\/de\/produkt\/snow-eater-salmo-lines\/#primaryimage\"},\"image\":{\"@id\":\"https:\/\/www.dogmasocks.com\/de\/produkt\/snow-eater-salmo-lines\/#primaryimage\"},\"thumbnailUrl\":\"https:\/\/www.dogmasocks.com\/wp-content\/uploads\/2022\/11\/17_1-1.jpg\",\"datePublished\":\"2022-11-07T09:28:13+00:00\",\"dateModified\":\"2022-11-07T09:34:19+00:00\",\"breadcrumb\":{\"@id\":\"https:\/\/www.dogmasocks.com\/de\/produkt\/snow-eater-salmo-lines\/#breadcrumb\"},\"inLanguage\":\"de\",\"potentialAction\":[{\"@type\":\"ReadAction\",\"target\":[\"https:\/\/www.dogmasocks.com\/de\/produkt\/snow-eater-salmo-lines\/\"]}]},{\"@type\":\"ImageObject\",\"inLanguage\":\"de\",\"@id\":\"https:\/\/www.dogmasocks.com\/de\/produkt\/snow-eater-salmo-lines\/#primaryimage\",\"url\":\"https:\/\/www.dogmasocks.com\/wp-content\/uploads\/2022\/11\/17_1-1.jpg\",\"contentUrl\":\"https:\/\/www.dogmasocks.com\/wp-content\/uploads\/2022\/11\/17_1-1.jpg\",\"width\":1800,\"height\":1800},{\"@type\":\"BreadcrumbList\",\"@id\":\"https:\/\/www.dogmasocks.com\/de\/produkt\/snow-eater-salmo-lines\/#breadcrumb\",\"itemListElement\":[{\"@type\":\"ListItem\",\"position\":1,\"name\":\"Home\",\"item\":\"https:\/\/www.dogmasocks.com\/de\/\"},{\"@type\":\"ListItem\",\"position\":2,\"name\":\"Shop\",\"item\":\"https:\/\/www.dogmasocks.com\/de\/shop\/\"},{\"@type\":\"ListItem\",\"position\":3,\"name\":\"Snow Eater Salmo Lines\"}]},{\"@type\":\"WebSite\",\"@id\":\"https:\/\/www.dogmasocks.com\/de\/#website\",\"url\":\"https:\/\/www.dogmasocks.com\/de\/\",\"name\":\"Dogma Socks\",\"description\":\"eXtreme design for your feet.\",\"potentialAction\":[{\"@type\":\"SearchAction\",\"target\":{\"@type\":\"EntryPoint\",\"urlTemplate\":\"https:\/\/www.dogmasocks.com\/de\/?s={search_term_string}\"},\"query-input\":{\"@type\":\"PropertyValueSpecification\",\"valueRequired\":true,\"valueName\":\"search_term_string\"}}],\"inLanguage\":\"de\"}]}<\/script>\n<!-- \/ Yoast SEO plugin. -->","yoast_head_json":{"title":"Snow Eater Salmo Lines | Dogma Socks - Extreme Design For Your Feet","robots":{"index":"index","follow":"follow","max-snippet":"max-snippet:-1","max-image-preview":"max-image-preview:large","max-video-preview":"max-video-preview:-1"},"canonical":"https:\/\/www.dogmasocks.com\/de\/produkt\/snow-eater-salmo-lines\/","og_locale":"de_DE","og_type":"article","og_title":"Snow Eater Salmo Lines | Dogma Socks - Extreme Design For Your Feet","og_description":"Wenn Sie die Pisten mit Ihrer Carving-Technik beherrschen oder Ihre Freestyle-F\u00e4higkeiten im park verbessern m\u00f6chten, k\u00f6nnte diese Socke ein wenig helfen. Leichte D\u00e4mpfung sorgt f\u00fcr starken schuhkontakt und eine bessere, schnellere Reaktion. Anatomisch geformter Fu\u00df passt zu Ihren F\u00fc\u00dfen wie ein Handschuh. Diese Socke ist eine perfekte Wahl f\u00fcr aggressive Fahrer, die Geschwindigkeit, Reaktion und Pr\u00e4zision brauchen.","og_url":"https:\/\/www.dogmasocks.com\/de\/produkt\/snow-eater-salmo-lines\/","og_site_name":"Dogma Socks","article_publisher":"https:\/\/www.facebook.com\/dogmasocks\/","article_modified_time":"2022-11-07T09:34:19+00:00","og_image":[{"width":1800,"height":1800,"url":"http:\/\/www.dogmasocks.com\/wp-content\/uploads\/2022\/11\/17_1-1.jpg","type":"image\/jpeg"}],"twitter_card":"summary_large_image","twitter_misc":{"Gesch\u00e4tzte Lesezeit":"1\u00a0Minute"},"schema":{"@context":"https:\/\/schema.org","@graph":[{"@type":"WebPage","@id":"https:\/\/www.dogmasocks.com\/de\/produkt\/snow-eater-salmo-lines\/","url":"https:\/\/www.dogmasocks.com\/de\/produkt\/snow-eater-salmo-lines\/","name":"Snow Eater Salmo Lines | Dogma Socks - Extreme Design For Your Feet","isPartOf":{"@id":"https:\/\/www.dogmasocks.com\/de\/#website"},"primaryImageOfPage":{"@id":"https:\/\/www.dogmasocks.com\/de\/produkt\/snow-eater-salmo-lines\/#primaryimage"},"image":{"@id":"https:\/\/www.dogmasocks.com\/de\/produkt\/snow-eater-salmo-lines\/#primaryimage"},"thumbnailUrl":"https:\/\/www.dogmasocks.com\/wp-content\/uploads\/2022\/11\/17_1-1.jpg","datePublished":"2022-11-07T09:28:13+00:00","dateModified":"2022-11-07T09:34:19+00:00","breadcrumb":{"@id":"https:\/\/www.dogmasocks.com\/de\/produkt\/snow-eater-salmo-lines\/#breadcrumb"},"inLanguage":"de","potentialAction":[{"@type":"ReadAction","target":["https:\/\/www.dogmasocks.com\/de\/produkt\/snow-eater-salmo-lines\/"]}]},{"@type":"ImageObject","inLanguage":"de","@id":"https:\/\/www.dogmasocks.com\/de\/produkt\/snow-eater-salmo-lines\/#primaryimage","url":"https:\/\/www.dogmasocks.com\/wp-content\/uploads\/2022\/11\/17_1-1.jpg","contentUrl":"https:\/\/www.dogmasocks.com\/wp-content\/uploads\/2022\/11\/17_1-1.jpg","width":1800,"height":1800},{"@type":"BreadcrumbList","@id":"https:\/\/www.dogmasocks.com\/de\/produkt\/snow-eater-salmo-lines\/#breadcrumb","itemListElement":[{"@type":"ListItem","position":1,"name":"Home","item":"https:\/\/www.dogmasocks.com\/de\/"},{"@type":"ListItem","position":2,"name":"Shop","item":"https:\/\/www.dogmasocks.com\/de\/shop\/"},{"@type":"ListItem","position":3,"name":"Snow Eater Salmo Lines"}]},{"@type":"WebSite","@id":"https:\/\/www.dogmasocks.com\/de\/#website","url":"https:\/\/www.dogmasocks.com\/de\/","name":"Dogma Socks","description":"eXtreme design for your feet.","potentialAction":[{"@type":"SearchAction","target":{"@type":"EntryPoint","urlTemplate":"https:\/\/www.dogmasocks.com\/de\/?s={search_term_string}"},"query-input":{"@type":"PropertyValueSpecification","valueRequired":true,"valueName":"search_term_string"}}],"inLanguage":"de"}]}},"_links":{"self":[{"href":"https:\/\/www.dogmasocks.com\/de\/wp-json\/wp\/v2\/product\/1475501","targetHints":{"allow":["GET"]}}],"collection":[{"href":"https:\/\/www.dogmasocks.com\/de\/wp-json\/wp\/v2\/product"}],"about":[{"href":"https:\/\/www.dogmasocks.com\/de\/wp-json\/wp\/v2\/types\/product"}],"replies":[{"embeddable":true,"href":"https:\/\/www.dogmasocks.com\/de\/wp-json\/wp\/v2\/comments?post=1475501"}],"wp:featuredmedia":[{"embeddable":true,"href":"https:\/\/www.dogmasocks.com\/de\/wp-json\/wp\/v2\/media\/1475509"}],"wp:attachment":[{"href":"https:\/\/www.dogmasocks.com\/de\/wp-json\/wp\/v2\/media?parent=1475501"}],"wp:term":[{"taxonomy":"product_brand","embeddable":true,"href":"https:\/\/www.dogmasocks.com\/de\/wp-json\/wp\/v2\/product_brand?post=1475501"},{"taxonomy":"product_cat","embeddable":true,"href":"https:\/\/www.dogmasocks.com\/de\/wp-json\/wp\/v2\/product_cat?post=1475501"},{"taxonomy":"product_tag","embeddable":true,"href":"https:\/\/www.dogmasocks.com\/de\/wp-json\/wp\/v2\/product_tag?post=1475501"}],"curies":[{"name":"wp","href":"https:\/\/api.w.org\/{rel}","templated":true}]}}