{"id":1475200,"date":"2022-11-02T13:29:15","date_gmt":"2022-11-02T12:29:21","guid":{"rendered":"https:\/\/www.dogmasocks.com\/?post_type=product&#038;p=1475200"},"modified":"2022-11-02T21:52:51","modified_gmt":"2022-11-02T20:52:51","slug":"snow-fox-aztec-m","status":"publish","type":"product","link":"https:\/\/www.dogmasocks.com\/de\/produkt\/snow-fox-aztec-m\/","title":{"rendered":"Snow Fox Aztec M"},"content":{"rendered":"<p>Diese Socke ist gleichzeitig zart und stark. Sie bietet weiche, sanfte Merinowolle in Kombination mit funktionalen Materialien f\u00fcr Komfort den ganzen Tag. Mittelstarke Kompression garantiert eine perfekte Passform, effizientere Erholungszeiten und, am wichtigsten, es wird nichts rutschen. Die st\u00e4rkere D\u00e4mpfung erm\u00f6glicht einen leichteren Schuhkontakt und weniger Energie\u00fcbertragung vom Boden. Gleichzeitig sorgen sie f\u00fcr ein hohes Ma\u00df an W\u00e4rme und Schutz. Entworfen f\u00fcr Athleten, die Pr\u00e4zision und Kontrolle wollen, aber weder Komfort noch Stil daf\u00fcr opfern wollen. Wenn Ihnen immer kalt ist, oder Sie empfindliche Haut und F\u00fc\u00dfe haben, sollte diese Socke Abhilfe schaffen.<\/p>\n<p><strong>\u00a0 \u00a0 \u00a0 \u00a0 \u00a0TECHNOLOGIE:<\/strong><\/p>\n<ul>\n<li>Perfekte Mischung aus technischen Materialien, Merinowolle und Polyester mit thermoregulatorischen Eigenschaften<\/li>\n<li>Optimaler gradueller Kompressionseffekt<\/li>\n<li>Achillessehnen-Schutz<\/li>\n<li>Kn\u00f6chel-Schutz<\/li>\n<li>L\u00fcftungskan\u00e4le f\u00fcr besseren Luftstrom<\/li>\n<li>Starke D\u00e4mpfung in der ganzen Socke<\/li>\n<li>Anti-Rutsch Technik\n<p><strong>MATERIAL:<\/strong><\/li>\n<li>merino wolle 21,63%<\/li>\n<li>technische poliester 49,27%<\/li>\n<li>elastan 24,3%<\/li>\n<li>poliamid 4,8%<\/li>\n<\/ul>\n","protected":false},"excerpt":{"rendered":"<p>Diese Socke ist gleichzeitig zart und stark. Es bietet weiche und sanfte Merinowolle in Kombination mit funktionalen Materialien f\u00fcr den ganzen Tag Komfort. Mittlere Kompression gibt Ihnen perfekte Passform, bessere erholungszeiten und am wichtigsten, es wird nicht rutschen. St\u00e4rkere D\u00e4mpfung gibt Ihnen leichteren schuhkontakt und weniger reaktive \u00fcbertragung von Energie. Gleichzeitig sorgt es f\u00fcr ein hohes Ma\u00df an W\u00e4rme und Schutz. Entworfen f\u00fcr einen Athleten der Pr\u00e4zision und Kontrolle will, aber nicht um Komfort und Stil zu opfern. Wenn Sie immer kalt sind, empfindliche Haut und F\u00fc\u00dfe haben, sollte dies Ihre Waffe der Wahl sein.<\/p>\n","protected":false},"featured_media":1475276,"comment_status":"open","ping_status":"closed","template":"","meta":{"_acf_changed":false},"product_brand":[],"product_cat":[448,476,481],"product_tag":[651,666,656,675,674,653,696,713,714,716,718,721],"class_list":{"0":"post-1475200","1":"product","2":"type-product","3":"status-publish","4":"has-post-thumbnail","6":"product_cat-socken","7":"product_cat-schnee","8":"product_cat-snow-fox-de","9":"product_tag-achilles-schild","10":"product_tag-blister-free-de","11":"product_tag-knochelschutz","12":"product_tag-kompression-leistung","13":"product_tag-kompressionssocken","14":"product_tag-luftkanale-de","15":"product_tag-merino-wool-de","16":"product_tag-schienbeinschutz","17":"product_tag-ski-de","18":"product_tag-skisocken","19":"product_tag-snowboard-de","20":"product_tag-snowboard-socken-de","22":"first","23":"instock","24":"featured","25":"taxable","26":"shipping-taxable","27":"purchasable","28":"product-type-variable"},"acf":[],"yoast_head":"<!-- This site is optimized with the Yoast SEO plugin v24.2 - https:\/\/yoast.com\/wordpress\/plugins\/seo\/ -->\n<title>Snow Fox Aztec M | Dogma Socks - Extreme Design For Your Feet<\/title>\n<meta name=\"robots\" content=\"index, follow, max-snippet:-1, max-image-preview:large, max-video-preview:-1\" \/>\n<link rel=\"canonical\" href=\"https:\/\/www.dogmasocks.com\/de\/produkt\/snow-fox-aztec-m\/\" \/>\n<meta property=\"og:locale\" content=\"de_DE\" \/>\n<meta property=\"og:type\" content=\"article\" \/>\n<meta property=\"og:title\" content=\"Snow Fox Aztec M | Dogma Socks - Extreme Design For Your Feet\" \/>\n<meta property=\"og:description\" content=\"Diese Socke ist gleichzeitig zart und stark. Es bietet weiche und sanfte Merinowolle in Kombination mit funktionalen Materialien f\u00fcr den ganzen Tag Komfort. Mittlere Kompression gibt Ihnen perfekte Passform, bessere erholungszeiten und am wichtigsten, es wird nicht rutschen. St\u00e4rkere D\u00e4mpfung gibt Ihnen leichteren schuhkontakt und weniger reaktive \u00fcbertragung von Energie. Gleichzeitig sorgt es f\u00fcr ein hohes Ma\u00df an W\u00e4rme und Schutz. Entworfen f\u00fcr einen Athleten der Pr\u00e4zision und Kontrolle will, aber nicht um Komfort und Stil zu opfern. Wenn Sie immer kalt sind, empfindliche Haut und F\u00fc\u00dfe haben, sollte dies Ihre Waffe der Wahl sein.\" \/>\n<meta property=\"og:url\" content=\"https:\/\/www.dogmasocks.com\/de\/produkt\/snow-fox-aztec-m\/\" \/>\n<meta property=\"og:site_name\" content=\"Dogma Socks\" \/>\n<meta property=\"article:publisher\" content=\"https:\/\/www.facebook.com\/dogmasocks\/\" \/>\n<meta property=\"article:modified_time\" content=\"2022-11-02T20:52:51+00:00\" \/>\n<meta property=\"og:image\" content=\"http:\/\/www.dogmasocks.com\/wp-content\/uploads\/2022\/11\/4_1.jpg\" \/>\n\t<meta property=\"og:image:width\" content=\"1800\" \/>\n\t<meta property=\"og:image:height\" content=\"1800\" \/>\n\t<meta property=\"og:image:type\" content=\"image\/jpeg\" \/>\n<meta name=\"twitter:card\" content=\"summary_large_image\" \/>\n<meta name=\"twitter:label1\" content=\"Gesch\u00e4tzte Lesezeit\" \/>\n\t<meta name=\"twitter:data1\" content=\"1\u00a0Minute\" \/>\n<script type=\"application\/ld+json\" class=\"yoast-schema-graph\">{\"@context\":\"https:\/\/schema.org\",\"@graph\":[{\"@type\":\"WebPage\",\"@id\":\"https:\/\/www.dogmasocks.com\/de\/produkt\/snow-fox-aztec-m\/\",\"url\":\"https:\/\/www.dogmasocks.com\/de\/produkt\/snow-fox-aztec-m\/\",\"name\":\"Snow Fox Aztec M | Dogma Socks - Extreme Design For Your Feet\",\"isPartOf\":{\"@id\":\"https:\/\/www.dogmasocks.com\/de\/#website\"},\"primaryImageOfPage\":{\"@id\":\"https:\/\/www.dogmasocks.com\/de\/produkt\/snow-fox-aztec-m\/#primaryimage\"},\"image\":{\"@id\":\"https:\/\/www.dogmasocks.com\/de\/produkt\/snow-fox-aztec-m\/#primaryimage\"},\"thumbnailUrl\":\"https:\/\/www.dogmasocks.com\/wp-content\/uploads\/2022\/11\/4_1.jpg\",\"datePublished\":\"2022-11-02T12:29:21+00:00\",\"dateModified\":\"2022-11-02T20:52:51+00:00\",\"breadcrumb\":{\"@id\":\"https:\/\/www.dogmasocks.com\/de\/produkt\/snow-fox-aztec-m\/#breadcrumb\"},\"inLanguage\":\"de\",\"potentialAction\":[{\"@type\":\"ReadAction\",\"target\":[\"https:\/\/www.dogmasocks.com\/de\/produkt\/snow-fox-aztec-m\/\"]}]},{\"@type\":\"ImageObject\",\"inLanguage\":\"de\",\"@id\":\"https:\/\/www.dogmasocks.com\/de\/produkt\/snow-fox-aztec-m\/#primaryimage\",\"url\":\"https:\/\/www.dogmasocks.com\/wp-content\/uploads\/2022\/11\/4_1.jpg\",\"contentUrl\":\"https:\/\/www.dogmasocks.com\/wp-content\/uploads\/2022\/11\/4_1.jpg\",\"width\":1800,\"height\":1800},{\"@type\":\"BreadcrumbList\",\"@id\":\"https:\/\/www.dogmasocks.com\/de\/produkt\/snow-fox-aztec-m\/#breadcrumb\",\"itemListElement\":[{\"@type\":\"ListItem\",\"position\":1,\"name\":\"Home\",\"item\":\"https:\/\/www.dogmasocks.com\/de\/\"},{\"@type\":\"ListItem\",\"position\":2,\"name\":\"Shop\",\"item\":\"https:\/\/www.dogmasocks.com\/de\/shop\/\"},{\"@type\":\"ListItem\",\"position\":3,\"name\":\"Snow Fox Aztec M\"}]},{\"@type\":\"WebSite\",\"@id\":\"https:\/\/www.dogmasocks.com\/de\/#website\",\"url\":\"https:\/\/www.dogmasocks.com\/de\/\",\"name\":\"Dogma Socks\",\"description\":\"eXtreme design for your feet.\",\"potentialAction\":[{\"@type\":\"SearchAction\",\"target\":{\"@type\":\"EntryPoint\",\"urlTemplate\":\"https:\/\/www.dogmasocks.com\/de\/?s={search_term_string}\"},\"query-input\":{\"@type\":\"PropertyValueSpecification\",\"valueRequired\":true,\"valueName\":\"search_term_string\"}}],\"inLanguage\":\"de\"}]}<\/script>\n<!-- \/ Yoast SEO plugin. -->","yoast_head_json":{"title":"Snow Fox Aztec M | Dogma Socks - Extreme Design For Your Feet","robots":{"index":"index","follow":"follow","max-snippet":"max-snippet:-1","max-image-preview":"max-image-preview:large","max-video-preview":"max-video-preview:-1"},"canonical":"https:\/\/www.dogmasocks.com\/de\/produkt\/snow-fox-aztec-m\/","og_locale":"de_DE","og_type":"article","og_title":"Snow Fox Aztec M | Dogma Socks - Extreme Design For Your Feet","og_description":"Diese Socke ist gleichzeitig zart und stark. Es bietet weiche und sanfte Merinowolle in Kombination mit funktionalen Materialien f\u00fcr den ganzen Tag Komfort. Mittlere Kompression gibt Ihnen perfekte Passform, bessere erholungszeiten und am wichtigsten, es wird nicht rutschen. St\u00e4rkere D\u00e4mpfung gibt Ihnen leichteren schuhkontakt und weniger reaktive \u00fcbertragung von Energie. Gleichzeitig sorgt es f\u00fcr ein hohes Ma\u00df an W\u00e4rme und Schutz. Entworfen f\u00fcr einen Athleten der Pr\u00e4zision und Kontrolle will, aber nicht um Komfort und Stil zu opfern. Wenn Sie immer kalt sind, empfindliche Haut und F\u00fc\u00dfe haben, sollte dies Ihre Waffe der Wahl sein.","og_url":"https:\/\/www.dogmasocks.com\/de\/produkt\/snow-fox-aztec-m\/","og_site_name":"Dogma Socks","article_publisher":"https:\/\/www.facebook.com\/dogmasocks\/","article_modified_time":"2022-11-02T20:52:51+00:00","og_image":[{"width":1800,"height":1800,"url":"http:\/\/www.dogmasocks.com\/wp-content\/uploads\/2022\/11\/4_1.jpg","type":"image\/jpeg"}],"twitter_card":"summary_large_image","twitter_misc":{"Gesch\u00e4tzte Lesezeit":"1\u00a0Minute"},"schema":{"@context":"https:\/\/schema.org","@graph":[{"@type":"WebPage","@id":"https:\/\/www.dogmasocks.com\/de\/produkt\/snow-fox-aztec-m\/","url":"https:\/\/www.dogmasocks.com\/de\/produkt\/snow-fox-aztec-m\/","name":"Snow Fox Aztec M | Dogma Socks - Extreme Design For Your Feet","isPartOf":{"@id":"https:\/\/www.dogmasocks.com\/de\/#website"},"primaryImageOfPage":{"@id":"https:\/\/www.dogmasocks.com\/de\/produkt\/snow-fox-aztec-m\/#primaryimage"},"image":{"@id":"https:\/\/www.dogmasocks.com\/de\/produkt\/snow-fox-aztec-m\/#primaryimage"},"thumbnailUrl":"https:\/\/www.dogmasocks.com\/wp-content\/uploads\/2022\/11\/4_1.jpg","datePublished":"2022-11-02T12:29:21+00:00","dateModified":"2022-11-02T20:52:51+00:00","breadcrumb":{"@id":"https:\/\/www.dogmasocks.com\/de\/produkt\/snow-fox-aztec-m\/#breadcrumb"},"inLanguage":"de","potentialAction":[{"@type":"ReadAction","target":["https:\/\/www.dogmasocks.com\/de\/produkt\/snow-fox-aztec-m\/"]}]},{"@type":"ImageObject","inLanguage":"de","@id":"https:\/\/www.dogmasocks.com\/de\/produkt\/snow-fox-aztec-m\/#primaryimage","url":"https:\/\/www.dogmasocks.com\/wp-content\/uploads\/2022\/11\/4_1.jpg","contentUrl":"https:\/\/www.dogmasocks.com\/wp-content\/uploads\/2022\/11\/4_1.jpg","width":1800,"height":1800},{"@type":"BreadcrumbList","@id":"https:\/\/www.dogmasocks.com\/de\/produkt\/snow-fox-aztec-m\/#breadcrumb","itemListElement":[{"@type":"ListItem","position":1,"name":"Home","item":"https:\/\/www.dogmasocks.com\/de\/"},{"@type":"ListItem","position":2,"name":"Shop","item":"https:\/\/www.dogmasocks.com\/de\/shop\/"},{"@type":"ListItem","position":3,"name":"Snow Fox Aztec M"}]},{"@type":"WebSite","@id":"https:\/\/www.dogmasocks.com\/de\/#website","url":"https:\/\/www.dogmasocks.com\/de\/","name":"Dogma Socks","description":"eXtreme design for your feet.","potentialAction":[{"@type":"SearchAction","target":{"@type":"EntryPoint","urlTemplate":"https:\/\/www.dogmasocks.com\/de\/?s={search_term_string}"},"query-input":{"@type":"PropertyValueSpecification","valueRequired":true,"valueName":"search_term_string"}}],"inLanguage":"de"}]}},"_links":{"self":[{"href":"https:\/\/www.dogmasocks.com\/de\/wp-json\/wp\/v2\/product\/1475200","targetHints":{"allow":["GET"]}}],"collection":[{"href":"https:\/\/www.dogmasocks.com\/de\/wp-json\/wp\/v2\/product"}],"about":[{"href":"https:\/\/www.dogmasocks.com\/de\/wp-json\/wp\/v2\/types\/product"}],"replies":[{"embeddable":true,"href":"https:\/\/www.dogmasocks.com\/de\/wp-json\/wp\/v2\/comments?post=1475200"}],"wp:featuredmedia":[{"embeddable":true,"href":"https:\/\/www.dogmasocks.com\/de\/wp-json\/wp\/v2\/media\/1475276"}],"wp:attachment":[{"href":"https:\/\/www.dogmasocks.com\/de\/wp-json\/wp\/v2\/media?parent=1475200"}],"wp:term":[{"taxonomy":"product_brand","embeddable":true,"href":"https:\/\/www.dogmasocks.com\/de\/wp-json\/wp\/v2\/product_brand?post=1475200"},{"taxonomy":"product_cat","embeddable":true,"href":"https:\/\/www.dogmasocks.com\/de\/wp-json\/wp\/v2\/product_cat?post=1475200"},{"taxonomy":"product_tag","embeddable":true,"href":"https:\/\/www.dogmasocks.com\/de\/wp-json\/wp\/v2\/product_tag?post=1475200"}],"curies":[{"name":"wp","href":"https:\/\/api.w.org\/{rel}","templated":true}]}}