{"id":1474736,"date":"2022-03-20T23:06:14","date_gmt":"2022-03-20T22:11:35","guid":{"rendered":"https:\/\/www.dogmasocks.com\/?post_type=product&#038;p=1474736"},"modified":"2022-03-20T23:11:36","modified_gmt":"2022-03-20T22:11:36","slug":"friends-dont-count-chromosomes","status":"publish","type":"product","link":"https:\/\/www.dogmasocks.com\/de\/produkt\/friends-dont-count-chromosomes\/","title":{"rendered":"Friends don&#8217;t count chromosomes"},"content":{"rendered":"<p><span class=\"Y2IQFc\" lang=\"de\"><span style=\"font-family: georgia, palatino, serif;\">Nicht \u00fcbereinstimmende Socken, die einen Welt-Down-Syndrom-Tag darstellen. Der 21. M\u00e4rz wurde ausgew\u00e4hlt, um die Einzigartigkeit der Verdreifachung des 21. Chromosoms zu kennzeichnen, die das Down-Syndrom verursacht Der gesamte Erl\u00f6s dieser Socken, die in Zusammenarbeit mit Submarine Burgers hergestellt wurden, wird an die kroatische Down-Syndrom-Vereinigung gespendet. Socken sind aus feinster, weich gek\u00e4mmter Baumwollmischung. Leichte und atmungsaktive, elastische Fasern sorgen f\u00fcr optimale Passform.<\/span><\/span><\/p>\n<p><strong><span class=\"Y2IQFc\" lang=\"de\"> <span style=\"font-family: georgia, palatino, serif;\"> MATERIAL: <\/span><\/span><\/strong><\/p>\n<ol>\n<li><span class=\"Y2IQFc\" lang=\"de\"><span style=\"font-family: georgia, palatino, serif;\">80 % Baumwolle <\/span><\/span><\/li>\n<li><span class=\"Y2IQFc\" lang=\"de\"><span style=\"font-family: georgia, palatino, serif;\">18 % Polyamid <\/span><\/span><\/li>\n<li><span class=\"Y2IQFc\" lang=\"de\"><span style=\"font-family: georgia, palatino, serif;\">2 % Elastan<\/span><\/span><\/li>\n<\/ol>\n","protected":false},"excerpt":{"rendered":"<p><span class=\"Y2IQFc\" lang=\"de\"><span style=\"font-family: georgia, palatino, serif;\">Nicht \u00fcbereinstimmende Socken, die einen Welt-Down-Syndrom-Tag darstellen. Der 21. M\u00e4rz wurde ausgew\u00e4hlt, um die Einzigartigkeit der Verdreifachung des 21. Chromosoms zu kennzeichnen, die das Down-Syndrom verursacht Der gesamte Erl\u00f6s dieser Socken, die in Zusammenarbeit mit Submarine Burgers hergestellt wurden, wird an die kroatische Down-Syndrom-Vereinigung gespendet. Socken sind aus feinster, weich gek\u00e4mmter Baumwollmischung. Leichte und atmungsaktive, elastische Fasern sorgen f\u00fcr optimale Passform.<\/span><\/span><\/p>\n","protected":false},"featured_media":1474740,"comment_status":"closed","ping_status":"closed","template":"","meta":{"_acf_changed":false},"product_brand":[],"product_cat":[448],"product_tag":[668,676,694],"class_list":{"0":"post-1474736","1":"product","2":"type-product","3":"status-publish","4":"has-post-thumbnail","6":"product_cat-socken","7":"product_tag-atmungsaktiv","8":"product_tag-cotton-de","9":"product_tag-licht","11":"first","12":"instock","13":"taxable","14":"shipping-taxable","15":"purchasable","16":"product-type-variable"},"acf":[],"yoast_head":"<!-- This site is optimized with the Yoast SEO plugin v24.2 - https:\/\/yoast.com\/wordpress\/plugins\/seo\/ -->\n<title>Friends don&#039;t count chromosomes | Dogma Socks - Extreme Design For Your Feet<\/title>\n<meta name=\"robots\" content=\"index, follow, max-snippet:-1, max-image-preview:large, max-video-preview:-1\" \/>\n<link rel=\"canonical\" href=\"https:\/\/www.dogmasocks.com\/de\/produkt\/friends-dont-count-chromosomes\/\" \/>\n<meta property=\"og:locale\" content=\"de_DE\" \/>\n<meta property=\"og:type\" content=\"article\" \/>\n<meta property=\"og:title\" content=\"Friends don&#039;t count chromosomes | Dogma Socks - Extreme Design For Your Feet\" \/>\n<meta property=\"og:description\" content=\"Nicht \u00fcbereinstimmende Socken, die einen Welt-Down-Syndrom-Tag darstellen. Der 21. M\u00e4rz wurde ausgew\u00e4hlt, um die Einzigartigkeit der Verdreifachung des 21. Chromosoms zu kennzeichnen, die das Down-Syndrom verursacht Der gesamte Erl\u00f6s dieser Socken, die in Zusammenarbeit mit Submarine Burgers hergestellt wurden, wird an die kroatische Down-Syndrom-Vereinigung gespendet. Socken sind aus feinster, weich gek\u00e4mmter Baumwollmischung. Leichte und atmungsaktive, elastische Fasern sorgen f\u00fcr optimale Passform.\" \/>\n<meta property=\"og:url\" content=\"https:\/\/www.dogmasocks.com\/de\/produkt\/friends-dont-count-chromosomes\/\" \/>\n<meta property=\"og:site_name\" content=\"Dogma Socks\" \/>\n<meta property=\"article:publisher\" content=\"https:\/\/www.facebook.com\/dogmasocks\/\" \/>\n<meta property=\"article:modified_time\" content=\"2022-03-20T22:11:36+00:00\" \/>\n<meta property=\"og:image\" content=\"https:\/\/www.dogmasocks.com\/wp-content\/uploads\/2022\/03\/DSC01269-2.jpg\" \/>\n\t<meta property=\"og:image:width\" content=\"1960\" \/>\n\t<meta property=\"og:image:height\" content=\"1960\" \/>\n\t<meta property=\"og:image:type\" content=\"image\/jpeg\" \/>\n<meta name=\"twitter:card\" content=\"summary_large_image\" \/>\n<meta name=\"twitter:label1\" content=\"Gesch\u00e4tzte Lesezeit\" \/>\n\t<meta name=\"twitter:data1\" content=\"1\u00a0Minute\" \/>\n<script type=\"application\/ld+json\" class=\"yoast-schema-graph\">{\"@context\":\"https:\/\/schema.org\",\"@graph\":[{\"@type\":\"WebPage\",\"@id\":\"https:\/\/www.dogmasocks.com\/de\/produkt\/friends-dont-count-chromosomes\/\",\"url\":\"https:\/\/www.dogmasocks.com\/de\/produkt\/friends-dont-count-chromosomes\/\",\"name\":\"Friends don't count chromosomes | Dogma Socks - Extreme Design For Your Feet\",\"isPartOf\":{\"@id\":\"https:\/\/www.dogmasocks.com\/de\/#website\"},\"primaryImageOfPage\":{\"@id\":\"https:\/\/www.dogmasocks.com\/de\/produkt\/friends-dont-count-chromosomes\/#primaryimage\"},\"image\":{\"@id\":\"https:\/\/www.dogmasocks.com\/de\/produkt\/friends-dont-count-chromosomes\/#primaryimage\"},\"thumbnailUrl\":\"https:\/\/www.dogmasocks.com\/wp-content\/uploads\/2022\/03\/DSC01269-2.jpg\",\"datePublished\":\"2022-03-20T22:11:35+00:00\",\"dateModified\":\"2022-03-20T22:11:36+00:00\",\"breadcrumb\":{\"@id\":\"https:\/\/www.dogmasocks.com\/de\/produkt\/friends-dont-count-chromosomes\/#breadcrumb\"},\"inLanguage\":\"de\",\"potentialAction\":[{\"@type\":\"ReadAction\",\"target\":[\"https:\/\/www.dogmasocks.com\/de\/produkt\/friends-dont-count-chromosomes\/\"]}]},{\"@type\":\"ImageObject\",\"inLanguage\":\"de\",\"@id\":\"https:\/\/www.dogmasocks.com\/de\/produkt\/friends-dont-count-chromosomes\/#primaryimage\",\"url\":\"https:\/\/www.dogmasocks.com\/wp-content\/uploads\/2022\/03\/DSC01269-2.jpg\",\"contentUrl\":\"https:\/\/www.dogmasocks.com\/wp-content\/uploads\/2022\/03\/DSC01269-2.jpg\",\"width\":1960,\"height\":1960},{\"@type\":\"BreadcrumbList\",\"@id\":\"https:\/\/www.dogmasocks.com\/de\/produkt\/friends-dont-count-chromosomes\/#breadcrumb\",\"itemListElement\":[{\"@type\":\"ListItem\",\"position\":1,\"name\":\"Home\",\"item\":\"https:\/\/www.dogmasocks.com\/de\/\"},{\"@type\":\"ListItem\",\"position\":2,\"name\":\"Shop\",\"item\":\"https:\/\/www.dogmasocks.com\/de\/shop\/\"},{\"@type\":\"ListItem\",\"position\":3,\"name\":\"Friends don&#8217;t count chromosomes\"}]},{\"@type\":\"WebSite\",\"@id\":\"https:\/\/www.dogmasocks.com\/de\/#website\",\"url\":\"https:\/\/www.dogmasocks.com\/de\/\",\"name\":\"Dogma Socks\",\"description\":\"eXtreme design for your feet.\",\"potentialAction\":[{\"@type\":\"SearchAction\",\"target\":{\"@type\":\"EntryPoint\",\"urlTemplate\":\"https:\/\/www.dogmasocks.com\/de\/?s={search_term_string}\"},\"query-input\":{\"@type\":\"PropertyValueSpecification\",\"valueRequired\":true,\"valueName\":\"search_term_string\"}}],\"inLanguage\":\"de\"}]}<\/script>\n<!-- \/ Yoast SEO plugin. -->","yoast_head_json":{"title":"Friends don't count chromosomes | Dogma Socks - Extreme Design For Your Feet","robots":{"index":"index","follow":"follow","max-snippet":"max-snippet:-1","max-image-preview":"max-image-preview:large","max-video-preview":"max-video-preview:-1"},"canonical":"https:\/\/www.dogmasocks.com\/de\/produkt\/friends-dont-count-chromosomes\/","og_locale":"de_DE","og_type":"article","og_title":"Friends don't count chromosomes | Dogma Socks - Extreme Design For Your Feet","og_description":"Nicht \u00fcbereinstimmende Socken, die einen Welt-Down-Syndrom-Tag darstellen. Der 21. M\u00e4rz wurde ausgew\u00e4hlt, um die Einzigartigkeit der Verdreifachung des 21. Chromosoms zu kennzeichnen, die das Down-Syndrom verursacht Der gesamte Erl\u00f6s dieser Socken, die in Zusammenarbeit mit Submarine Burgers hergestellt wurden, wird an die kroatische Down-Syndrom-Vereinigung gespendet. Socken sind aus feinster, weich gek\u00e4mmter Baumwollmischung. Leichte und atmungsaktive, elastische Fasern sorgen f\u00fcr optimale Passform.","og_url":"https:\/\/www.dogmasocks.com\/de\/produkt\/friends-dont-count-chromosomes\/","og_site_name":"Dogma Socks","article_publisher":"https:\/\/www.facebook.com\/dogmasocks\/","article_modified_time":"2022-03-20T22:11:36+00:00","og_image":[{"width":1960,"height":1960,"url":"https:\/\/www.dogmasocks.com\/wp-content\/uploads\/2022\/03\/DSC01269-2.jpg","type":"image\/jpeg"}],"twitter_card":"summary_large_image","twitter_misc":{"Gesch\u00e4tzte Lesezeit":"1\u00a0Minute"},"schema":{"@context":"https:\/\/schema.org","@graph":[{"@type":"WebPage","@id":"https:\/\/www.dogmasocks.com\/de\/produkt\/friends-dont-count-chromosomes\/","url":"https:\/\/www.dogmasocks.com\/de\/produkt\/friends-dont-count-chromosomes\/","name":"Friends don't count chromosomes | Dogma Socks - Extreme Design For Your Feet","isPartOf":{"@id":"https:\/\/www.dogmasocks.com\/de\/#website"},"primaryImageOfPage":{"@id":"https:\/\/www.dogmasocks.com\/de\/produkt\/friends-dont-count-chromosomes\/#primaryimage"},"image":{"@id":"https:\/\/www.dogmasocks.com\/de\/produkt\/friends-dont-count-chromosomes\/#primaryimage"},"thumbnailUrl":"https:\/\/www.dogmasocks.com\/wp-content\/uploads\/2022\/03\/DSC01269-2.jpg","datePublished":"2022-03-20T22:11:35+00:00","dateModified":"2022-03-20T22:11:36+00:00","breadcrumb":{"@id":"https:\/\/www.dogmasocks.com\/de\/produkt\/friends-dont-count-chromosomes\/#breadcrumb"},"inLanguage":"de","potentialAction":[{"@type":"ReadAction","target":["https:\/\/www.dogmasocks.com\/de\/produkt\/friends-dont-count-chromosomes\/"]}]},{"@type":"ImageObject","inLanguage":"de","@id":"https:\/\/www.dogmasocks.com\/de\/produkt\/friends-dont-count-chromosomes\/#primaryimage","url":"https:\/\/www.dogmasocks.com\/wp-content\/uploads\/2022\/03\/DSC01269-2.jpg","contentUrl":"https:\/\/www.dogmasocks.com\/wp-content\/uploads\/2022\/03\/DSC01269-2.jpg","width":1960,"height":1960},{"@type":"BreadcrumbList","@id":"https:\/\/www.dogmasocks.com\/de\/produkt\/friends-dont-count-chromosomes\/#breadcrumb","itemListElement":[{"@type":"ListItem","position":1,"name":"Home","item":"https:\/\/www.dogmasocks.com\/de\/"},{"@type":"ListItem","position":2,"name":"Shop","item":"https:\/\/www.dogmasocks.com\/de\/shop\/"},{"@type":"ListItem","position":3,"name":"Friends don&#8217;t count chromosomes"}]},{"@type":"WebSite","@id":"https:\/\/www.dogmasocks.com\/de\/#website","url":"https:\/\/www.dogmasocks.com\/de\/","name":"Dogma Socks","description":"eXtreme design for your feet.","potentialAction":[{"@type":"SearchAction","target":{"@type":"EntryPoint","urlTemplate":"https:\/\/www.dogmasocks.com\/de\/?s={search_term_string}"},"query-input":{"@type":"PropertyValueSpecification","valueRequired":true,"valueName":"search_term_string"}}],"inLanguage":"de"}]}},"_links":{"self":[{"href":"https:\/\/www.dogmasocks.com\/de\/wp-json\/wp\/v2\/product\/1474736","targetHints":{"allow":["GET"]}}],"collection":[{"href":"https:\/\/www.dogmasocks.com\/de\/wp-json\/wp\/v2\/product"}],"about":[{"href":"https:\/\/www.dogmasocks.com\/de\/wp-json\/wp\/v2\/types\/product"}],"replies":[{"embeddable":true,"href":"https:\/\/www.dogmasocks.com\/de\/wp-json\/wp\/v2\/comments?post=1474736"}],"wp:featuredmedia":[{"embeddable":true,"href":"https:\/\/www.dogmasocks.com\/de\/wp-json\/wp\/v2\/media\/1474740"}],"wp:attachment":[{"href":"https:\/\/www.dogmasocks.com\/de\/wp-json\/wp\/v2\/media?parent=1474736"}],"wp:term":[{"taxonomy":"product_brand","embeddable":true,"href":"https:\/\/www.dogmasocks.com\/de\/wp-json\/wp\/v2\/product_brand?post=1474736"},{"taxonomy":"product_cat","embeddable":true,"href":"https:\/\/www.dogmasocks.com\/de\/wp-json\/wp\/v2\/product_cat?post=1474736"},{"taxonomy":"product_tag","embeddable":true,"href":"https:\/\/www.dogmasocks.com\/de\/wp-json\/wp\/v2\/product_tag?post=1474736"}],"curies":[{"name":"wp","href":"https:\/\/api.w.org\/{rel}","templated":true}]}}