{"id":1474590,"date":"2022-03-20T20:38:06","date_gmt":"2022-03-20T19:38:08","guid":{"rendered":"https:\/\/www.dogmasocks.com\/?post_type=product&#038;p=1474590"},"modified":"2022-03-20T20:46:26","modified_gmt":"2022-03-20T19:46:26","slug":"mountain-goat-grana","status":"publish","type":"product","link":"https:\/\/www.dogmasocks.com\/de\/produkt\/mountain-goat-grana\/","title":{"rendered":"Mountain Goat Grana"},"content":{"rendered":"<div class=\"woo_before-summary\">\n<div class=\"woocommerce-product-gallery woocommerce-product-gallery--with-images woocommerce-product-gallery--columns-4 images\" data-columns=\"4\">\n<div class=\"flex-viewport\">\n<pre id=\"tw-target-text\" class=\"tw-data-text tw-text-large tw-ta\" dir=\"ltr\" data-placeholder=\"Translation\"><span class=\"Y2IQFc\" lang=\"de\" style=\"font-family: georgia, palatino, serif;\">Mountain Goat ist eine Wandersocke f\u00fcr die w\u00e4rmeren Monate und h\u00f6heren Temperaturen. Weiches, dehnbares B\u00fcndchen sorgt f\u00fcr gute Stabilit\u00e4t der Socken, ohne herunterzurutschen. Schnell trocknende Materialien halten Ihre F\u00fc\u00dfe frisch und Merinowolle Elementen im Fu\u00dfbersorgen fur Thermoregulation . Gepolsterte Fersen und Zehen in Kombination mit einer flachen Zehennaht verhindern unangenehme Blasen und erm\u00f6glichen lange, gl\u00fcckliche Spazierg\u00e4nge in der Natur.<\/span><\/pre>\n<p><strong>TECHNOLOGIE:<\/strong><\/p>\n<ol>\n<li id=\"tw-target-text\" class=\"tw-data-text tw-text-large tw-ta\" dir=\"ltr\" data-placeholder=\"Translation\"><span class=\"Y2IQFc\" lang=\"de\" style=\"font-family: georgia, palatino, serif;\">Perfekte Mischung aus schnell trocknenden technischen MaterialienEins\u00e4tze aus Merinowolle zur Thermoregulierung<\/span><\/li>\n<li class=\"tw-data-text tw-text-large tw-ta\" dir=\"ltr\" data-placeholder=\"Translation\"><span style=\"font-family: georgia, palatino, serif;\">Leichte D\u00e4mpfung im Fu\u00dfbereich<\/span><\/li>\n<li class=\"tw-data-text tw-text-large tw-ta\" dir=\"ltr\" data-placeholder=\"Translation\"><span class=\"Y2IQFc\" lang=\"de\" style=\"font-family: georgia, palatino, serif;\">Achillessehnenschutz Lagenstrick f\u00fcr besseres Tragegef\u00fchl <\/span><\/li>\n<li class=\"tw-data-text tw-text-large tw-ta\" dir=\"ltr\" data-placeholder=\"Translation\"><span class=\"Y2IQFc\" lang=\"de\" style=\"font-family: georgia, palatino, serif;\">Flache Zehennaht verhindert Blasen<\/span><\/li>\n<\/ol>\n<p><strong>MATERIAL:<\/strong><\/p>\n<ul>\n<li>Funktionspolyester \u00a063,5 %<\/li>\n<li>Merinowolle 4,6 %<\/li>\n<li>Elasthan 21,4 %<\/li>\n<li>Polyamid 9, 6%<\/li>\n<\/ul>\n<\/div>\n<\/div>\n<\/div>\n","protected":false},"excerpt":{"rendered":"<div class=\"woo_before-summary\">\n<div class=\"woocommerce-product-gallery woocommerce-product-gallery--with-images woocommerce-product-gallery--columns-4 images\" data-columns=\"4\">\n<div class=\"flex-viewport\"><span class=\"Y2IQFc\" lang=\"de\" style=\"font-family: georgia, palatino, serif;\">Mountain Goat ist eine Wandersocke f\u00fcr die w\u00e4rmeren Monate und h\u00f6heren Temperaturen. Weiches, dehnbares B\u00fcndchen sorgt f\u00fcr gute Stabilit\u00e4t der Socken, ohne herunterzurutschen. Schnell trocknende Materialien halten Ihre F\u00fc\u00dfe frisch und Merinowolle Elementen im Fu\u00dfbersorgen fur Thermoregulation . Gepolsterte Fersen und Zehen in Kombination mit einer flachen Zehennaht verhindern unangenehme Blasen und erm\u00f6glichen lange, gl\u00fcckliche Spazierg\u00e4nge in der Natur.<\/span><\/div>\n<\/div>\n<\/div>\n","protected":false},"featured_media":1474598,"comment_status":"open","ping_status":"closed","template":"","meta":{"_acf_changed":false},"product_brand":[],"product_cat":[463,465],"product_tag":[651,706,691,680,653,696,679,733,734,688,689,687],"class_list":{"0":"post-1474590","1":"product","2":"type-product","3":"status-publish","4":"has-post-thumbnail","6":"product_cat-wanderung","7":"product_cat-mountain-goat-de","8":"product_tag-achilles-schild","9":"product_tag-draussen","10":"product_tag-invisistitch-de","11":"product_tag-kissen-tech","12":"product_tag-luftkanale-de","13":"product_tag-merino-wool-de","14":"product_tag-polster","15":"product_tag-trekking-de","16":"product_tag-trekkingsocken","17":"product_tag-wandern","18":"product_tag-wandersocken","19":"product_tag-wanderung","21":"first","22":"instock","23":"featured","24":"taxable","25":"shipping-taxable","26":"purchasable","27":"product-type-variable"},"acf":[],"yoast_head":"<!-- This site is optimized with the Yoast SEO plugin v24.2 - https:\/\/yoast.com\/wordpress\/plugins\/seo\/ -->\n<title>Mountain Goat Grana | Dogma Socks - Extreme Design For Your Feet<\/title>\n<meta name=\"robots\" content=\"index, follow, max-snippet:-1, max-image-preview:large, max-video-preview:-1\" \/>\n<link rel=\"canonical\" href=\"https:\/\/www.dogmasocks.com\/de\/produkt\/mountain-goat-grana\/\" \/>\n<meta property=\"og:locale\" content=\"de_DE\" \/>\n<meta property=\"og:type\" content=\"article\" \/>\n<meta property=\"og:title\" content=\"Mountain Goat Grana | Dogma Socks - Extreme Design For Your Feet\" \/>\n<meta property=\"og:description\" content=\"Mountain Goat ist eine Wandersocke f\u00fcr die w\u00e4rmeren Monate und h\u00f6heren Temperaturen. Weiches, dehnbares B\u00fcndchen sorgt f\u00fcr gute Stabilit\u00e4t der Socken, ohne herunterzurutschen. Schnell trocknende Materialien halten Ihre F\u00fc\u00dfe frisch und Merinowolle Elementen im Fu\u00dfbersorgen fur Thermoregulation . Gepolsterte Fersen und Zehen in Kombination mit einer flachen Zehennaht verhindern unangenehme Blasen und erm\u00f6glichen lange, gl\u00fcckliche Spazierg\u00e4nge in der Natur.\" \/>\n<meta property=\"og:url\" content=\"https:\/\/www.dogmasocks.com\/de\/produkt\/mountain-goat-grana\/\" \/>\n<meta property=\"og:site_name\" content=\"Dogma Socks\" \/>\n<meta property=\"article:publisher\" content=\"https:\/\/www.facebook.com\/dogmasocks\/\" \/>\n<meta property=\"article:modified_time\" content=\"2022-03-20T19:46:26+00:00\" \/>\n<meta property=\"og:image\" content=\"https:\/\/www.dogmasocks.com\/wp-content\/uploads\/2022\/03\/Hike_1_1.jpg\" \/>\n\t<meta property=\"og:image:width\" content=\"1800\" \/>\n\t<meta property=\"og:image:height\" content=\"1800\" \/>\n\t<meta property=\"og:image:type\" content=\"image\/jpeg\" \/>\n<meta name=\"twitter:card\" content=\"summary_large_image\" \/>\n<meta name=\"twitter:label1\" content=\"Gesch\u00e4tzte Lesezeit\" \/>\n\t<meta name=\"twitter:data1\" content=\"1\u00a0Minute\" \/>\n<script type=\"application\/ld+json\" class=\"yoast-schema-graph\">{\"@context\":\"https:\/\/schema.org\",\"@graph\":[{\"@type\":\"WebPage\",\"@id\":\"https:\/\/www.dogmasocks.com\/de\/produkt\/mountain-goat-grana\/\",\"url\":\"https:\/\/www.dogmasocks.com\/de\/produkt\/mountain-goat-grana\/\",\"name\":\"Mountain Goat Grana | Dogma Socks - Extreme Design For Your Feet\",\"isPartOf\":{\"@id\":\"https:\/\/www.dogmasocks.com\/de\/#website\"},\"primaryImageOfPage\":{\"@id\":\"https:\/\/www.dogmasocks.com\/de\/produkt\/mountain-goat-grana\/#primaryimage\"},\"image\":{\"@id\":\"https:\/\/www.dogmasocks.com\/de\/produkt\/mountain-goat-grana\/#primaryimage\"},\"thumbnailUrl\":\"https:\/\/www.dogmasocks.com\/wp-content\/uploads\/2022\/03\/Hike_1_1.jpg\",\"datePublished\":\"2022-03-20T19:38:08+00:00\",\"dateModified\":\"2022-03-20T19:46:26+00:00\",\"breadcrumb\":{\"@id\":\"https:\/\/www.dogmasocks.com\/de\/produkt\/mountain-goat-grana\/#breadcrumb\"},\"inLanguage\":\"de\",\"potentialAction\":[{\"@type\":\"ReadAction\",\"target\":[\"https:\/\/www.dogmasocks.com\/de\/produkt\/mountain-goat-grana\/\"]}]},{\"@type\":\"ImageObject\",\"inLanguage\":\"de\",\"@id\":\"https:\/\/www.dogmasocks.com\/de\/produkt\/mountain-goat-grana\/#primaryimage\",\"url\":\"https:\/\/www.dogmasocks.com\/wp-content\/uploads\/2022\/03\/Hike_1_1.jpg\",\"contentUrl\":\"https:\/\/www.dogmasocks.com\/wp-content\/uploads\/2022\/03\/Hike_1_1.jpg\",\"width\":1800,\"height\":1800},{\"@type\":\"BreadcrumbList\",\"@id\":\"https:\/\/www.dogmasocks.com\/de\/produkt\/mountain-goat-grana\/#breadcrumb\",\"itemListElement\":[{\"@type\":\"ListItem\",\"position\":1,\"name\":\"Home\",\"item\":\"https:\/\/www.dogmasocks.com\/de\/\"},{\"@type\":\"ListItem\",\"position\":2,\"name\":\"Shop\",\"item\":\"https:\/\/www.dogmasocks.com\/de\/shop\/\"},{\"@type\":\"ListItem\",\"position\":3,\"name\":\"Mountain Goat Grana\"}]},{\"@type\":\"WebSite\",\"@id\":\"https:\/\/www.dogmasocks.com\/de\/#website\",\"url\":\"https:\/\/www.dogmasocks.com\/de\/\",\"name\":\"Dogma Socks\",\"description\":\"eXtreme design for your feet.\",\"potentialAction\":[{\"@type\":\"SearchAction\",\"target\":{\"@type\":\"EntryPoint\",\"urlTemplate\":\"https:\/\/www.dogmasocks.com\/de\/?s={search_term_string}\"},\"query-input\":{\"@type\":\"PropertyValueSpecification\",\"valueRequired\":true,\"valueName\":\"search_term_string\"}}],\"inLanguage\":\"de\"}]}<\/script>\n<!-- \/ Yoast SEO plugin. -->","yoast_head_json":{"title":"Mountain Goat Grana | Dogma Socks - Extreme Design For Your Feet","robots":{"index":"index","follow":"follow","max-snippet":"max-snippet:-1","max-image-preview":"max-image-preview:large","max-video-preview":"max-video-preview:-1"},"canonical":"https:\/\/www.dogmasocks.com\/de\/produkt\/mountain-goat-grana\/","og_locale":"de_DE","og_type":"article","og_title":"Mountain Goat Grana | Dogma Socks - Extreme Design For Your Feet","og_description":"Mountain Goat ist eine Wandersocke f\u00fcr die w\u00e4rmeren Monate und h\u00f6heren Temperaturen. Weiches, dehnbares B\u00fcndchen sorgt f\u00fcr gute Stabilit\u00e4t der Socken, ohne herunterzurutschen. Schnell trocknende Materialien halten Ihre F\u00fc\u00dfe frisch und Merinowolle Elementen im Fu\u00dfbersorgen fur Thermoregulation . Gepolsterte Fersen und Zehen in Kombination mit einer flachen Zehennaht verhindern unangenehme Blasen und erm\u00f6glichen lange, gl\u00fcckliche Spazierg\u00e4nge in der Natur.","og_url":"https:\/\/www.dogmasocks.com\/de\/produkt\/mountain-goat-grana\/","og_site_name":"Dogma Socks","article_publisher":"https:\/\/www.facebook.com\/dogmasocks\/","article_modified_time":"2022-03-20T19:46:26+00:00","og_image":[{"width":1800,"height":1800,"url":"https:\/\/www.dogmasocks.com\/wp-content\/uploads\/2022\/03\/Hike_1_1.jpg","type":"image\/jpeg"}],"twitter_card":"summary_large_image","twitter_misc":{"Gesch\u00e4tzte Lesezeit":"1\u00a0Minute"},"schema":{"@context":"https:\/\/schema.org","@graph":[{"@type":"WebPage","@id":"https:\/\/www.dogmasocks.com\/de\/produkt\/mountain-goat-grana\/","url":"https:\/\/www.dogmasocks.com\/de\/produkt\/mountain-goat-grana\/","name":"Mountain Goat Grana | Dogma Socks - Extreme Design For Your Feet","isPartOf":{"@id":"https:\/\/www.dogmasocks.com\/de\/#website"},"primaryImageOfPage":{"@id":"https:\/\/www.dogmasocks.com\/de\/produkt\/mountain-goat-grana\/#primaryimage"},"image":{"@id":"https:\/\/www.dogmasocks.com\/de\/produkt\/mountain-goat-grana\/#primaryimage"},"thumbnailUrl":"https:\/\/www.dogmasocks.com\/wp-content\/uploads\/2022\/03\/Hike_1_1.jpg","datePublished":"2022-03-20T19:38:08+00:00","dateModified":"2022-03-20T19:46:26+00:00","breadcrumb":{"@id":"https:\/\/www.dogmasocks.com\/de\/produkt\/mountain-goat-grana\/#breadcrumb"},"inLanguage":"de","potentialAction":[{"@type":"ReadAction","target":["https:\/\/www.dogmasocks.com\/de\/produkt\/mountain-goat-grana\/"]}]},{"@type":"ImageObject","inLanguage":"de","@id":"https:\/\/www.dogmasocks.com\/de\/produkt\/mountain-goat-grana\/#primaryimage","url":"https:\/\/www.dogmasocks.com\/wp-content\/uploads\/2022\/03\/Hike_1_1.jpg","contentUrl":"https:\/\/www.dogmasocks.com\/wp-content\/uploads\/2022\/03\/Hike_1_1.jpg","width":1800,"height":1800},{"@type":"BreadcrumbList","@id":"https:\/\/www.dogmasocks.com\/de\/produkt\/mountain-goat-grana\/#breadcrumb","itemListElement":[{"@type":"ListItem","position":1,"name":"Home","item":"https:\/\/www.dogmasocks.com\/de\/"},{"@type":"ListItem","position":2,"name":"Shop","item":"https:\/\/www.dogmasocks.com\/de\/shop\/"},{"@type":"ListItem","position":3,"name":"Mountain Goat Grana"}]},{"@type":"WebSite","@id":"https:\/\/www.dogmasocks.com\/de\/#website","url":"https:\/\/www.dogmasocks.com\/de\/","name":"Dogma Socks","description":"eXtreme design for your feet.","potentialAction":[{"@type":"SearchAction","target":{"@type":"EntryPoint","urlTemplate":"https:\/\/www.dogmasocks.com\/de\/?s={search_term_string}"},"query-input":{"@type":"PropertyValueSpecification","valueRequired":true,"valueName":"search_term_string"}}],"inLanguage":"de"}]}},"_links":{"self":[{"href":"https:\/\/www.dogmasocks.com\/de\/wp-json\/wp\/v2\/product\/1474590","targetHints":{"allow":["GET"]}}],"collection":[{"href":"https:\/\/www.dogmasocks.com\/de\/wp-json\/wp\/v2\/product"}],"about":[{"href":"https:\/\/www.dogmasocks.com\/de\/wp-json\/wp\/v2\/types\/product"}],"replies":[{"embeddable":true,"href":"https:\/\/www.dogmasocks.com\/de\/wp-json\/wp\/v2\/comments?post=1474590"}],"wp:featuredmedia":[{"embeddable":true,"href":"https:\/\/www.dogmasocks.com\/de\/wp-json\/wp\/v2\/media\/1474598"}],"wp:attachment":[{"href":"https:\/\/www.dogmasocks.com\/de\/wp-json\/wp\/v2\/media?parent=1474590"}],"wp:term":[{"taxonomy":"product_brand","embeddable":true,"href":"https:\/\/www.dogmasocks.com\/de\/wp-json\/wp\/v2\/product_brand?post=1474590"},{"taxonomy":"product_cat","embeddable":true,"href":"https:\/\/www.dogmasocks.com\/de\/wp-json\/wp\/v2\/product_cat?post=1474590"},{"taxonomy":"product_tag","embeddable":true,"href":"https:\/\/www.dogmasocks.com\/de\/wp-json\/wp\/v2\/product_tag?post=1474590"}],"curies":[{"name":"wp","href":"https:\/\/api.w.org\/{rel}","templated":true}]}}