{"id":1474522,"date":"2022-03-20T16:52:29","date_gmt":"2022-03-20T15:52:30","guid":{"rendered":"https:\/\/www.dogmasocks.com\/?post_type=product&#038;p=1474522"},"modified":"2022-04-07T23:01:53","modified_gmt":"2022-04-07T21:01:53","slug":"rider-blue","status":"publish","type":"product","link":"https:\/\/www.dogmasocks.com\/de\/produkt\/rider-blue\/","title":{"rendered":"Rider Blue"},"content":{"rendered":"<pre id=\"tw-target-text\" class=\"tw-data-text tw-text-large tw-ta\" dir=\"ltr\" data-placeholder=\"Translation\"><span class=\"Y2IQFc\" lang=\"de\">Rider ist eine technische Socke f\u00fcr alle Fahrradliebhaber, vom MTB- bis zum Stra\u00dfenfanatiker.\r\nBleiben Sie mit Luftstr\u00f6mungskan\u00e4len bel\u00fcftet und trocken mit unserem technischen, schnell trocknenden Garn.\r\nDiese Socke bleibt auch bei gro\u00dfen Spr\u00fcngen im Bikepark am Platz, weil die sock-lock duo Technologie Verrutschen der Socke verhindert\r\nGenie\u00dfen Sie Ihre Fahrt!<\/span><\/pre>\n<p><strong>TECHNOLOGIE:<\/strong><\/p>\n<ol>\n<li><span style=\"font-family: Consolas, Monaco, monospace;\">Atmungsaktives technisches Garn trocknet schnell<\/span><\/li>\n<li><span style=\"font-family: Consolas, Monaco, monospace;\">Das d\u00fcnne Sockendesign erm\u00f6glicht eine direkte Kraft\u00fcbertragung von Ihren F\u00fc\u00dfen auf die Pedale<\/span><\/li>\n<li><span style=\"font-family: Consolas, Monaco, monospace;\">Gro\u00dfe Luftstr\u00f6mungskan\u00e4le im Fu\u00dfbereich halten Ihre F\u00fc\u00dfe bel\u00fcftet und frisch<\/span><\/li>\n<li><span style=\"font-family: Consolas, Monaco, monospace;\">Flache Zehennaht verhindert Blasen<\/span><\/li>\n<li><span style=\"font-family: Consolas, Monaco, monospace;\">Die Sock Lock Duo-Technologie verhindert ein Verrutschen der Socken<\/span><\/li>\n<\/ol>\n<p><strong>MATERIAL:<\/strong><\/p>\n<ol>\n<li><span style=\"font-family: Consolas, Monaco, monospace;\">Technisches Polyester 75%<\/span><\/li>\n<li>Polyamide 2,9%<\/li>\n<li>Elasthan \u00a022,1%<\/li>\n<\/ol>\n<p>&nbsp;<\/p>\n","protected":false},"excerpt":{"rendered":"<p><span class=\"Y2IQFc\" lang=\"de\">Rider ist eine technische Socke f\u00fcr alle Fahrradliebhaber, vom MTB- bis zum Stra\u00dfenfanatiker. Bleiben Sie mit Luftstr\u00f6mungskan\u00e4len bel\u00fcftet und trocken mit unserem technischen, schnell trocknenden Garn. Diese Socke bleibt auch bei gro\u00dfen Spr\u00fcngen im Bikepark am Platz, weil die sock-lock duo Technologie Verrutschen der Socke verhindert Genie\u00dfen Sie Ihre Fahrt!<\/span><\/p>\n","protected":false},"featured_media":1474505,"comment_status":"open","ping_status":"closed","template":"","meta":{"_acf_changed":false},"product_brand":[],"product_cat":[448,460,462],"product_tag":[731,664,739,697,681,1280,726],"class_list":{"0":"post-1474522","1":"product","2":"type-product","3":"status-publish","4":"has-post-thumbnail","6":"product_cat-socken","7":"product_cat-fahrrad","8":"product_cat-rider","9":"product_tag-dunn","10":"product_tag-fahrrad","11":"product_tag-luftungskanale","12":"product_tag-maschenweite-einsatze","13":"product_tag-radfahren","14":"product_tag-sock-lock-duo-de","15":"product_tag-sommer","17":"first","18":"instock","19":"featured","20":"taxable","21":"shipping-taxable","22":"purchasable","23":"product-type-variable"},"acf":[],"yoast_head":"<!-- This site is optimized with the Yoast SEO plugin v24.2 - https:\/\/yoast.com\/wordpress\/plugins\/seo\/ -->\n<title>Rider Blue | Dogma Socks - Extreme Design For Your Feet<\/title>\n<meta name=\"robots\" content=\"index, follow, max-snippet:-1, max-image-preview:large, max-video-preview:-1\" \/>\n<link rel=\"canonical\" href=\"https:\/\/www.dogmasocks.com\/de\/produkt\/rider-blue\/\" \/>\n<meta property=\"og:locale\" content=\"de_DE\" \/>\n<meta property=\"og:type\" content=\"article\" \/>\n<meta property=\"og:title\" content=\"Rider Blue | Dogma Socks - Extreme Design For Your Feet\" \/>\n<meta property=\"og:description\" content=\"Rider ist eine technische Socke f\u00fcr alle Fahrradliebhaber, vom MTB- bis zum Stra\u00dfenfanatiker. Bleiben Sie mit Luftstr\u00f6mungskan\u00e4len bel\u00fcftet und trocken mit unserem technischen, schnell trocknenden Garn. Diese Socke bleibt auch bei gro\u00dfen Spr\u00fcngen im Bikepark am Platz, weil die sock-lock duo Technologie Verrutschen der Socke verhindert Genie\u00dfen Sie Ihre Fahrt!\" \/>\n<meta property=\"og:url\" content=\"https:\/\/www.dogmasocks.com\/de\/produkt\/rider-blue\/\" \/>\n<meta property=\"og:site_name\" content=\"Dogma Socks\" \/>\n<meta property=\"article:publisher\" content=\"https:\/\/www.facebook.com\/dogmasocks\/\" \/>\n<meta property=\"article:modified_time\" content=\"2022-04-07T21:01:53+00:00\" \/>\n<meta property=\"og:image\" content=\"http:\/\/www.dogmasocks.com\/wp-content\/uploads\/2022\/03\/Bike_3_1.jpg\" \/>\n\t<meta property=\"og:image:width\" content=\"1800\" \/>\n\t<meta property=\"og:image:height\" content=\"1800\" \/>\n\t<meta property=\"og:image:type\" content=\"image\/jpeg\" \/>\n<meta name=\"twitter:card\" content=\"summary_large_image\" \/>\n<meta name=\"twitter:label1\" content=\"Gesch\u00e4tzte Lesezeit\" \/>\n\t<meta name=\"twitter:data1\" content=\"1\u00a0Minute\" \/>\n<script type=\"application\/ld+json\" class=\"yoast-schema-graph\">{\"@context\":\"https:\/\/schema.org\",\"@graph\":[{\"@type\":\"WebPage\",\"@id\":\"https:\/\/www.dogmasocks.com\/de\/produkt\/rider-blue\/\",\"url\":\"https:\/\/www.dogmasocks.com\/de\/produkt\/rider-blue\/\",\"name\":\"Rider Blue | Dogma Socks - Extreme Design For Your Feet\",\"isPartOf\":{\"@id\":\"http:\/\/www.dogmasocks.com\/de\/#website\"},\"primaryImageOfPage\":{\"@id\":\"https:\/\/www.dogmasocks.com\/de\/produkt\/rider-blue\/#primaryimage\"},\"image\":{\"@id\":\"https:\/\/www.dogmasocks.com\/de\/produkt\/rider-blue\/#primaryimage\"},\"thumbnailUrl\":\"https:\/\/www.dogmasocks.com\/wp-content\/uploads\/2022\/03\/Bike_3_1.jpg\",\"datePublished\":\"2022-03-20T15:52:30+00:00\",\"dateModified\":\"2022-04-07T21:01:53+00:00\",\"breadcrumb\":{\"@id\":\"https:\/\/www.dogmasocks.com\/de\/produkt\/rider-blue\/#breadcrumb\"},\"inLanguage\":\"de\",\"potentialAction\":[{\"@type\":\"ReadAction\",\"target\":[\"https:\/\/www.dogmasocks.com\/de\/produkt\/rider-blue\/\"]}]},{\"@type\":\"ImageObject\",\"inLanguage\":\"de\",\"@id\":\"https:\/\/www.dogmasocks.com\/de\/produkt\/rider-blue\/#primaryimage\",\"url\":\"https:\/\/www.dogmasocks.com\/wp-content\/uploads\/2022\/03\/Bike_3_1.jpg\",\"contentUrl\":\"https:\/\/www.dogmasocks.com\/wp-content\/uploads\/2022\/03\/Bike_3_1.jpg\",\"width\":1800,\"height\":1800},{\"@type\":\"BreadcrumbList\",\"@id\":\"https:\/\/www.dogmasocks.com\/de\/produkt\/rider-blue\/#breadcrumb\",\"itemListElement\":[{\"@type\":\"ListItem\",\"position\":1,\"name\":\"Home\",\"item\":\"http:\/\/www.dogmasocks.com\/de\/\"},{\"@type\":\"ListItem\",\"position\":2,\"name\":\"Shop\",\"item\":\"https:\/\/www.dogmasocks.com\/de\/shop\/\"},{\"@type\":\"ListItem\",\"position\":3,\"name\":\"Rider Blue\"}]},{\"@type\":\"WebSite\",\"@id\":\"http:\/\/www.dogmasocks.com\/de\/#website\",\"url\":\"http:\/\/www.dogmasocks.com\/de\/\",\"name\":\"Dogma Socks\",\"description\":\"eXtreme design for your feet.\",\"potentialAction\":[{\"@type\":\"SearchAction\",\"target\":{\"@type\":\"EntryPoint\",\"urlTemplate\":\"http:\/\/www.dogmasocks.com\/de\/?s={search_term_string}\"},\"query-input\":{\"@type\":\"PropertyValueSpecification\",\"valueRequired\":true,\"valueName\":\"search_term_string\"}}],\"inLanguage\":\"de\"}]}<\/script>\n<!-- \/ Yoast SEO plugin. -->","yoast_head_json":{"title":"Rider Blue | Dogma Socks - Extreme Design For Your Feet","robots":{"index":"index","follow":"follow","max-snippet":"max-snippet:-1","max-image-preview":"max-image-preview:large","max-video-preview":"max-video-preview:-1"},"canonical":"https:\/\/www.dogmasocks.com\/de\/produkt\/rider-blue\/","og_locale":"de_DE","og_type":"article","og_title":"Rider Blue | Dogma Socks - Extreme Design For Your Feet","og_description":"Rider ist eine technische Socke f\u00fcr alle Fahrradliebhaber, vom MTB- bis zum Stra\u00dfenfanatiker. Bleiben Sie mit Luftstr\u00f6mungskan\u00e4len bel\u00fcftet und trocken mit unserem technischen, schnell trocknenden Garn. Diese Socke bleibt auch bei gro\u00dfen Spr\u00fcngen im Bikepark am Platz, weil die sock-lock duo Technologie Verrutschen der Socke verhindert Genie\u00dfen Sie Ihre Fahrt!","og_url":"https:\/\/www.dogmasocks.com\/de\/produkt\/rider-blue\/","og_site_name":"Dogma Socks","article_publisher":"https:\/\/www.facebook.com\/dogmasocks\/","article_modified_time":"2022-04-07T21:01:53+00:00","og_image":[{"width":1800,"height":1800,"url":"http:\/\/www.dogmasocks.com\/wp-content\/uploads\/2022\/03\/Bike_3_1.jpg","type":"image\/jpeg"}],"twitter_card":"summary_large_image","twitter_misc":{"Gesch\u00e4tzte Lesezeit":"1\u00a0Minute"},"schema":{"@context":"https:\/\/schema.org","@graph":[{"@type":"WebPage","@id":"https:\/\/www.dogmasocks.com\/de\/produkt\/rider-blue\/","url":"https:\/\/www.dogmasocks.com\/de\/produkt\/rider-blue\/","name":"Rider Blue | Dogma Socks - Extreme Design For Your Feet","isPartOf":{"@id":"http:\/\/www.dogmasocks.com\/de\/#website"},"primaryImageOfPage":{"@id":"https:\/\/www.dogmasocks.com\/de\/produkt\/rider-blue\/#primaryimage"},"image":{"@id":"https:\/\/www.dogmasocks.com\/de\/produkt\/rider-blue\/#primaryimage"},"thumbnailUrl":"https:\/\/www.dogmasocks.com\/wp-content\/uploads\/2022\/03\/Bike_3_1.jpg","datePublished":"2022-03-20T15:52:30+00:00","dateModified":"2022-04-07T21:01:53+00:00","breadcrumb":{"@id":"https:\/\/www.dogmasocks.com\/de\/produkt\/rider-blue\/#breadcrumb"},"inLanguage":"de","potentialAction":[{"@type":"ReadAction","target":["https:\/\/www.dogmasocks.com\/de\/produkt\/rider-blue\/"]}]},{"@type":"ImageObject","inLanguage":"de","@id":"https:\/\/www.dogmasocks.com\/de\/produkt\/rider-blue\/#primaryimage","url":"https:\/\/www.dogmasocks.com\/wp-content\/uploads\/2022\/03\/Bike_3_1.jpg","contentUrl":"https:\/\/www.dogmasocks.com\/wp-content\/uploads\/2022\/03\/Bike_3_1.jpg","width":1800,"height":1800},{"@type":"BreadcrumbList","@id":"https:\/\/www.dogmasocks.com\/de\/produkt\/rider-blue\/#breadcrumb","itemListElement":[{"@type":"ListItem","position":1,"name":"Home","item":"http:\/\/www.dogmasocks.com\/de\/"},{"@type":"ListItem","position":2,"name":"Shop","item":"https:\/\/www.dogmasocks.com\/de\/shop\/"},{"@type":"ListItem","position":3,"name":"Rider Blue"}]},{"@type":"WebSite","@id":"http:\/\/www.dogmasocks.com\/de\/#website","url":"http:\/\/www.dogmasocks.com\/de\/","name":"Dogma Socks","description":"eXtreme design for your feet.","potentialAction":[{"@type":"SearchAction","target":{"@type":"EntryPoint","urlTemplate":"http:\/\/www.dogmasocks.com\/de\/?s={search_term_string}"},"query-input":{"@type":"PropertyValueSpecification","valueRequired":true,"valueName":"search_term_string"}}],"inLanguage":"de"}]}},"_links":{"self":[{"href":"https:\/\/www.dogmasocks.com\/de\/wp-json\/wp\/v2\/product\/1474522","targetHints":{"allow":["GET"]}}],"collection":[{"href":"https:\/\/www.dogmasocks.com\/de\/wp-json\/wp\/v2\/product"}],"about":[{"href":"https:\/\/www.dogmasocks.com\/de\/wp-json\/wp\/v2\/types\/product"}],"replies":[{"embeddable":true,"href":"https:\/\/www.dogmasocks.com\/de\/wp-json\/wp\/v2\/comments?post=1474522"}],"wp:featuredmedia":[{"embeddable":true,"href":"https:\/\/www.dogmasocks.com\/de\/wp-json\/wp\/v2\/media\/1474505"}],"wp:attachment":[{"href":"https:\/\/www.dogmasocks.com\/de\/wp-json\/wp\/v2\/media?parent=1474522"}],"wp:term":[{"taxonomy":"product_brand","embeddable":true,"href":"https:\/\/www.dogmasocks.com\/de\/wp-json\/wp\/v2\/product_brand?post=1474522"},{"taxonomy":"product_cat","embeddable":true,"href":"https:\/\/www.dogmasocks.com\/de\/wp-json\/wp\/v2\/product_cat?post=1474522"},{"taxonomy":"product_tag","embeddable":true,"href":"https:\/\/www.dogmasocks.com\/de\/wp-json\/wp\/v2\/product_tag?post=1474522"}],"curies":[{"name":"wp","href":"https:\/\/api.w.org\/{rel}","templated":true}]}}