{"id":1474246,"date":"2021-11-25T23:14:15","date_gmt":"2021-11-25T22:14:16","guid":{"rendered":"https:\/\/www.dogmasocks.com\/?post_type=product&#038;p=1474246"},"modified":"2021-11-25T23:16:12","modified_gmt":"2021-11-25T22:16:12","slug":"merino-mutze-teal-2","status":"publish","type":"product","link":"https:\/\/www.dogmasocks.com\/de\/produkt\/merino-mutze-teal-2\/","title":{"rendered":"Merino Mutze teal"},"content":{"rendered":"<div id=\"x46286bb1bc9e48d\">\n<div class=\"\">\n<div class=\"\">\n<p><span class=\"Y2IQFc\" lang=\"de\">Beanie aus Merinowolle f\u00fcr alle Ihre Outdoor-Aktivit\u00e4ten. Verwenden Sie es zum Skifahren, Snowboarden, Radfahren, Wandern oder f\u00fcr einen gem\u00fctlichen Spaziergang in der Stadt. Weich und atmungsaktiv aus superfeiner Merinowolle und Polypropylen verhindert diese M\u00fctze einen W\u00e4rmestau und leitet die Feuchtigkeit von der Haut weg.<\/span><\/p>\n<p><span class=\"Y2IQFc\" lang=\"de\"><strong>\u00a0 \u00a0 \u00a0 \u00a0 \u00a0 TECHNOLOGIE:<\/strong><\/span><\/p>\n<ul>\n<li><span class=\"Y2IQFc\" lang=\"de\">Doppelschicht<\/span><\/li>\n<li><span class=\"Y2IQFc\" lang=\"de\">weich und atmungsaktiv <\/span><\/li>\n<li><span class=\"Y2IQFc\" lang=\"de\">trocknet schnell <\/span><\/li>\n<li><span class=\"Y2IQFc\" lang=\"de\">juckt nicht <\/span><\/li>\n<li><span class=\"Y2IQFc\" lang=\"de\"><span class=\"Y2IQFc\" lang=\"de\">nat\u00fcrliche antibakterielle Eigenschaften von Merinowolle<\/span><\/span><strong>MATERIAL<\/strong>:<\/li>\n<li><span class=\"Y2IQFc\" lang=\"de\">60% Merinowolle <\/span><\/li>\n<li><span class=\"Y2IQFc\" lang=\"de\">40% Polypropylen<\/span><\/li>\n<\/ul>\n<\/div>\n<\/div>\n<\/div>\n","protected":false},"excerpt":{"rendered":"<div class=\"\">\n<p><span class=\"Y2IQFc\" lang=\"de\">Beanie aus Merinowolle f\u00fcr alle Ihre Outdoor-Aktivit\u00e4ten. Verwenden Sie es zum Skifahren, Snowboarden, Radfahren, Wandern oder f\u00fcr einen gem\u00fctlichen Spaziergang in der Stadt. Weich und atmungsaktiv aus superfeiner Merinowolle und Polypropylen verhindert diese M\u00fctze einen W\u00e4rmestau und leitet die Feuchtigkeit von der Haut weg.<\/span><\/p>\n<\/div>\n","protected":false},"featured_media":1474277,"comment_status":"closed","ping_status":"closed","template":"","meta":{"_acf_changed":false},"product_brand":[],"product_cat":[463,476,450,452],"product_tag":[706,696,663,671,681,717,719,688,649],"class_list":{"0":"post-1474246","1":"product","2":"type-product","3":"status-publish","4":"has-post-thumbnail","6":"product_cat-wanderung","7":"product_cat-schnee","8":"product_cat-zubehor","9":"product_cat-mutzen","10":"product_tag-draussen","11":"product_tag-merino-wool-de","12":"product_tag-mutze","13":"product_tag-mutzel","14":"product_tag-radfahren","15":"product_tag-schnee","16":"product_tag-snowboarden","17":"product_tag-wandern","18":"product_tag-zubehor-de","20":"first","21":"instock","22":"taxable","23":"shipping-taxable","24":"purchasable","25":"product-type-variable"},"acf":[],"yoast_head":"<!-- This site is optimized with the Yoast SEO plugin v24.2 - https:\/\/yoast.com\/wordpress\/plugins\/seo\/ -->\n<title>Merino Mutze teal | Dogma Socks - Extreme Design For Your Feet<\/title>\n<meta name=\"robots\" content=\"index, follow, max-snippet:-1, max-image-preview:large, max-video-preview:-1\" \/>\n<link rel=\"canonical\" href=\"https:\/\/www.dogmasocks.com\/de\/produkt\/merino-mutze-teal-2\/\" \/>\n<meta property=\"og:locale\" content=\"de_DE\" \/>\n<meta property=\"og:type\" content=\"article\" \/>\n<meta property=\"og:title\" content=\"Merino Mutze teal | Dogma Socks - Extreme Design For Your Feet\" \/>\n<meta property=\"og:description\" content=\"Beanie aus Merinowolle f\u00fcr alle Ihre Outdoor-Aktivit\u00e4ten. Verwenden Sie es zum Skifahren, Snowboarden, Radfahren, Wandern oder f\u00fcr einen gem\u00fctlichen Spaziergang in der Stadt. Weich und atmungsaktiv aus superfeiner Merinowolle und Polypropylen verhindert diese M\u00fctze einen W\u00e4rmestau und leitet die Feuchtigkeit von der Haut weg.\" \/>\n<meta property=\"og:url\" content=\"https:\/\/www.dogmasocks.com\/de\/produkt\/merino-mutze-teal-2\/\" \/>\n<meta property=\"og:site_name\" content=\"Dogma Socks\" \/>\n<meta property=\"article:publisher\" content=\"https:\/\/www.facebook.com\/dogmasocks\/\" \/>\n<meta property=\"article:modified_time\" content=\"2021-11-25T22:16:12+00:00\" \/>\n<meta property=\"og:image\" content=\"https:\/\/www.dogmasocks.com\/wp-content\/uploads\/2021\/11\/kapa-dogma-beanie-teal.jpg\" \/>\n\t<meta property=\"og:image:width\" content=\"1800\" \/>\n\t<meta property=\"og:image:height\" content=\"1800\" \/>\n\t<meta property=\"og:image:type\" content=\"image\/jpeg\" \/>\n<meta name=\"twitter:card\" content=\"summary_large_image\" \/>\n<meta name=\"twitter:label1\" content=\"Gesch\u00e4tzte Lesezeit\" \/>\n\t<meta name=\"twitter:data1\" content=\"1\u00a0Minute\" \/>\n<script type=\"application\/ld+json\" class=\"yoast-schema-graph\">{\"@context\":\"https:\/\/schema.org\",\"@graph\":[{\"@type\":\"WebPage\",\"@id\":\"https:\/\/www.dogmasocks.com\/de\/produkt\/merino-mutze-teal-2\/\",\"url\":\"https:\/\/www.dogmasocks.com\/de\/produkt\/merino-mutze-teal-2\/\",\"name\":\"Merino Mutze teal | Dogma Socks - Extreme Design For Your Feet\",\"isPartOf\":{\"@id\":\"https:\/\/www.dogmasocks.com\/de\/#website\"},\"primaryImageOfPage\":{\"@id\":\"https:\/\/www.dogmasocks.com\/de\/produkt\/merino-mutze-teal-2\/#primaryimage\"},\"image\":{\"@id\":\"https:\/\/www.dogmasocks.com\/de\/produkt\/merino-mutze-teal-2\/#primaryimage\"},\"thumbnailUrl\":\"https:\/\/www.dogmasocks.com\/wp-content\/uploads\/2021\/11\/kapa-dogma-beanie-teal.jpg\",\"datePublished\":\"2021-11-25T22:14:16+00:00\",\"dateModified\":\"2021-11-25T22:16:12+00:00\",\"breadcrumb\":{\"@id\":\"https:\/\/www.dogmasocks.com\/de\/produkt\/merino-mutze-teal-2\/#breadcrumb\"},\"inLanguage\":\"de\",\"potentialAction\":[{\"@type\":\"ReadAction\",\"target\":[\"https:\/\/www.dogmasocks.com\/de\/produkt\/merino-mutze-teal-2\/\"]}]},{\"@type\":\"ImageObject\",\"inLanguage\":\"de\",\"@id\":\"https:\/\/www.dogmasocks.com\/de\/produkt\/merino-mutze-teal-2\/#primaryimage\",\"url\":\"https:\/\/www.dogmasocks.com\/wp-content\/uploads\/2021\/11\/kapa-dogma-beanie-teal.jpg\",\"contentUrl\":\"https:\/\/www.dogmasocks.com\/wp-content\/uploads\/2021\/11\/kapa-dogma-beanie-teal.jpg\",\"width\":1800,\"height\":1800},{\"@type\":\"BreadcrumbList\",\"@id\":\"https:\/\/www.dogmasocks.com\/de\/produkt\/merino-mutze-teal-2\/#breadcrumb\",\"itemListElement\":[{\"@type\":\"ListItem\",\"position\":1,\"name\":\"Home\",\"item\":\"https:\/\/www.dogmasocks.com\/de\/\"},{\"@type\":\"ListItem\",\"position\":2,\"name\":\"Shop\",\"item\":\"https:\/\/www.dogmasocks.com\/de\/shop\/\"},{\"@type\":\"ListItem\",\"position\":3,\"name\":\"Merino Mutze teal\"}]},{\"@type\":\"WebSite\",\"@id\":\"https:\/\/www.dogmasocks.com\/de\/#website\",\"url\":\"https:\/\/www.dogmasocks.com\/de\/\",\"name\":\"Dogma Socks\",\"description\":\"eXtreme design for your feet.\",\"potentialAction\":[{\"@type\":\"SearchAction\",\"target\":{\"@type\":\"EntryPoint\",\"urlTemplate\":\"https:\/\/www.dogmasocks.com\/de\/?s={search_term_string}\"},\"query-input\":{\"@type\":\"PropertyValueSpecification\",\"valueRequired\":true,\"valueName\":\"search_term_string\"}}],\"inLanguage\":\"de\"}]}<\/script>\n<!-- \/ Yoast SEO plugin. -->","yoast_head_json":{"title":"Merino Mutze teal | Dogma Socks - Extreme Design For Your Feet","robots":{"index":"index","follow":"follow","max-snippet":"max-snippet:-1","max-image-preview":"max-image-preview:large","max-video-preview":"max-video-preview:-1"},"canonical":"https:\/\/www.dogmasocks.com\/de\/produkt\/merino-mutze-teal-2\/","og_locale":"de_DE","og_type":"article","og_title":"Merino Mutze teal | Dogma Socks - Extreme Design For Your Feet","og_description":"Beanie aus Merinowolle f\u00fcr alle Ihre Outdoor-Aktivit\u00e4ten. Verwenden Sie es zum Skifahren, Snowboarden, Radfahren, Wandern oder f\u00fcr einen gem\u00fctlichen Spaziergang in der Stadt. Weich und atmungsaktiv aus superfeiner Merinowolle und Polypropylen verhindert diese M\u00fctze einen W\u00e4rmestau und leitet die Feuchtigkeit von der Haut weg.","og_url":"https:\/\/www.dogmasocks.com\/de\/produkt\/merino-mutze-teal-2\/","og_site_name":"Dogma Socks","article_publisher":"https:\/\/www.facebook.com\/dogmasocks\/","article_modified_time":"2021-11-25T22:16:12+00:00","og_image":[{"width":1800,"height":1800,"url":"https:\/\/www.dogmasocks.com\/wp-content\/uploads\/2021\/11\/kapa-dogma-beanie-teal.jpg","type":"image\/jpeg"}],"twitter_card":"summary_large_image","twitter_misc":{"Gesch\u00e4tzte Lesezeit":"1\u00a0Minute"},"schema":{"@context":"https:\/\/schema.org","@graph":[{"@type":"WebPage","@id":"https:\/\/www.dogmasocks.com\/de\/produkt\/merino-mutze-teal-2\/","url":"https:\/\/www.dogmasocks.com\/de\/produkt\/merino-mutze-teal-2\/","name":"Merino Mutze teal | Dogma Socks - Extreme Design For Your Feet","isPartOf":{"@id":"https:\/\/www.dogmasocks.com\/de\/#website"},"primaryImageOfPage":{"@id":"https:\/\/www.dogmasocks.com\/de\/produkt\/merino-mutze-teal-2\/#primaryimage"},"image":{"@id":"https:\/\/www.dogmasocks.com\/de\/produkt\/merino-mutze-teal-2\/#primaryimage"},"thumbnailUrl":"https:\/\/www.dogmasocks.com\/wp-content\/uploads\/2021\/11\/kapa-dogma-beanie-teal.jpg","datePublished":"2021-11-25T22:14:16+00:00","dateModified":"2021-11-25T22:16:12+00:00","breadcrumb":{"@id":"https:\/\/www.dogmasocks.com\/de\/produkt\/merino-mutze-teal-2\/#breadcrumb"},"inLanguage":"de","potentialAction":[{"@type":"ReadAction","target":["https:\/\/www.dogmasocks.com\/de\/produkt\/merino-mutze-teal-2\/"]}]},{"@type":"ImageObject","inLanguage":"de","@id":"https:\/\/www.dogmasocks.com\/de\/produkt\/merino-mutze-teal-2\/#primaryimage","url":"https:\/\/www.dogmasocks.com\/wp-content\/uploads\/2021\/11\/kapa-dogma-beanie-teal.jpg","contentUrl":"https:\/\/www.dogmasocks.com\/wp-content\/uploads\/2021\/11\/kapa-dogma-beanie-teal.jpg","width":1800,"height":1800},{"@type":"BreadcrumbList","@id":"https:\/\/www.dogmasocks.com\/de\/produkt\/merino-mutze-teal-2\/#breadcrumb","itemListElement":[{"@type":"ListItem","position":1,"name":"Home","item":"https:\/\/www.dogmasocks.com\/de\/"},{"@type":"ListItem","position":2,"name":"Shop","item":"https:\/\/www.dogmasocks.com\/de\/shop\/"},{"@type":"ListItem","position":3,"name":"Merino Mutze teal"}]},{"@type":"WebSite","@id":"https:\/\/www.dogmasocks.com\/de\/#website","url":"https:\/\/www.dogmasocks.com\/de\/","name":"Dogma Socks","description":"eXtreme design for your feet.","potentialAction":[{"@type":"SearchAction","target":{"@type":"EntryPoint","urlTemplate":"https:\/\/www.dogmasocks.com\/de\/?s={search_term_string}"},"query-input":{"@type":"PropertyValueSpecification","valueRequired":true,"valueName":"search_term_string"}}],"inLanguage":"de"}]}},"_links":{"self":[{"href":"https:\/\/www.dogmasocks.com\/de\/wp-json\/wp\/v2\/product\/1474246","targetHints":{"allow":["GET"]}}],"collection":[{"href":"https:\/\/www.dogmasocks.com\/de\/wp-json\/wp\/v2\/product"}],"about":[{"href":"https:\/\/www.dogmasocks.com\/de\/wp-json\/wp\/v2\/types\/product"}],"replies":[{"embeddable":true,"href":"https:\/\/www.dogmasocks.com\/de\/wp-json\/wp\/v2\/comments?post=1474246"}],"wp:featuredmedia":[{"embeddable":true,"href":"https:\/\/www.dogmasocks.com\/de\/wp-json\/wp\/v2\/media\/1474277"}],"wp:attachment":[{"href":"https:\/\/www.dogmasocks.com\/de\/wp-json\/wp\/v2\/media?parent=1474246"}],"wp:term":[{"taxonomy":"product_brand","embeddable":true,"href":"https:\/\/www.dogmasocks.com\/de\/wp-json\/wp\/v2\/product_brand?post=1474246"},{"taxonomy":"product_cat","embeddable":true,"href":"https:\/\/www.dogmasocks.com\/de\/wp-json\/wp\/v2\/product_cat?post=1474246"},{"taxonomy":"product_tag","embeddable":true,"href":"https:\/\/www.dogmasocks.com\/de\/wp-json\/wp\/v2\/product_tag?post=1474246"}],"curies":[{"name":"wp","href":"https:\/\/api.w.org\/{rel}","templated":true}]}}