{"id":1474048,"date":"2021-11-02T00:05:08","date_gmt":"2021-11-01T23:05:09","guid":{"rendered":"https:\/\/www.dogmasocks.com\/?post_type=product&#038;p=1474048"},"modified":"2021-11-02T00:16:21","modified_gmt":"2021-11-01T23:16:21","slug":"snow-leopard-triangle-combo","status":"publish","type":"product","link":"https:\/\/www.dogmasocks.com\/de\/produkt\/snow-leopard-triangle-combo\/","title":{"rendered":"Snow Leopard Triangle Combo"},"content":{"rendered":"<p>Wenn Sie mit Ihrer Carving-Technik die Pisten unsicher machen m\u00f6chten oder Ihre Freestyle-F\u00e4higkeiten im Park verbessern wollen, k\u00f6nnte diese Socke ein wenig helfen. Leichte D\u00e4mpfungsebenen sorgen f\u00fcr starken Grip am Schuh und bessere, schnellere Reaktion. Die anatomisch geformte Socke passt sich Ihren F\u00fc\u00dfen wie ein Handschuh an. Diese Socke ist die perfekte Wahl f\u00fcr aggressive Fahrer, die Geschwindigkeit, Reaktion und Pr\u00e4zision ben\u00f6tigen.<\/p>\n<p><strong>TECHNOLOGIE:<\/strong><\/p>\n<ul>\n<li>Perfekte Mischung aus technischen Materialien, Merinowolle und Polypropylen mit thermoregulatorischen Eigenschaften<\/li>\n<li>Strategisch konzipierte Polsterung in der ganzen Socke<\/li>\n<li>Optimale Kompressionswirkung f\u00fcr l\u00e4ngeres Fahren und bessere Muskelerholung<\/li>\n<li>Anatomische Form f\u00fcr bessere Passform<\/li>\n<li>Achillessehnen-Schutz<\/li>\n<li>Schienbein-Schutz<\/li>\n<li>Waden-Schutz<\/li>\n<\/ul>\n","protected":false},"excerpt":{"rendered":"<p>Wenn laufen jeden Tag und das ganze Jahr \u00fcber Ihre Aktivit\u00e4t ist, dann ist Snow Leopard eine Socke, die Ihnen hilft, Ihre laufziele zu erreichen. Leichte D\u00e4mpfung sorgt f\u00fcr besseren schuhkontakt und schnellere Reaktion. Au\u00dferdem verhindern Sie Blasen und b\u00f6se Hautsch\u00e4den mit gepolsterten Technologie. Schnell trocknende und k\u00fchlende Materialien halten Sie frisch und lange laufen.<\/p>\n","protected":false},"featured_media":1473916,"comment_status":"open","ping_status":"closed","template":"","meta":{"_acf_changed":false},"product_brand":[],"product_cat":[448,476,482],"product_tag":[655,680,673,674,653,696],"class_list":{"0":"post-1474048","1":"product","2":"type-product","3":"status-publish","4":"has-post-thumbnail","6":"product_cat-socken","7":"product_cat-schnee","8":"product_cat-snow-leopard-de","9":"product_tag-anatomisches-design","10":"product_tag-kissen-tech","11":"product_tag-kompression","12":"product_tag-kompressionssocken","13":"product_tag-luftkanale-de","14":"product_tag-merino-wool-de","16":"first","17":"instock","18":"featured","19":"taxable","20":"shipping-taxable","21":"purchasable","22":"product-type-variable"},"acf":[],"yoast_head":"<!-- This site is optimized with the Yoast SEO plugin v24.2 - https:\/\/yoast.com\/wordpress\/plugins\/seo\/ -->\n<title>Snow Leopard Triangle Combo | Dogma Socks - Extreme Design For Your Feet<\/title>\n<meta name=\"robots\" content=\"index, follow, max-snippet:-1, max-image-preview:large, max-video-preview:-1\" \/>\n<link rel=\"canonical\" href=\"https:\/\/www.dogmasocks.com\/de\/produkt\/snow-leopard-triangle-combo\/\" \/>\n<meta property=\"og:locale\" content=\"de_DE\" \/>\n<meta property=\"og:type\" content=\"article\" \/>\n<meta property=\"og:title\" content=\"Snow Leopard Triangle Combo | Dogma Socks - Extreme Design For Your Feet\" \/>\n<meta property=\"og:description\" content=\"Wenn laufen jeden Tag und das ganze Jahr \u00fcber Ihre Aktivit\u00e4t ist, dann ist Snow Leopard eine Socke, die Ihnen hilft, Ihre laufziele zu erreichen. Leichte D\u00e4mpfung sorgt f\u00fcr besseren schuhkontakt und schnellere Reaktion. Au\u00dferdem verhindern Sie Blasen und b\u00f6se Hautsch\u00e4den mit gepolsterten Technologie. Schnell trocknende und k\u00fchlende Materialien halten Sie frisch und lange laufen.\" \/>\n<meta property=\"og:url\" content=\"https:\/\/www.dogmasocks.com\/de\/produkt\/snow-leopard-triangle-combo\/\" \/>\n<meta property=\"og:site_name\" content=\"Dogma Socks\" \/>\n<meta property=\"article:publisher\" content=\"https:\/\/www.facebook.com\/dogmasocks\/\" \/>\n<meta property=\"article:modified_time\" content=\"2021-11-01T23:16:21+00:00\" \/>\n<meta property=\"og:image\" content=\"http:\/\/www.dogmasocks.com\/wp-content\/uploads\/2021\/10\/10_1.jpg\" \/>\n\t<meta property=\"og:image:width\" content=\"1800\" \/>\n\t<meta property=\"og:image:height\" content=\"1800\" \/>\n\t<meta property=\"og:image:type\" content=\"image\/jpeg\" \/>\n<meta name=\"twitter:card\" content=\"summary_large_image\" \/>\n<meta name=\"twitter:label1\" content=\"Gesch\u00e4tzte Lesezeit\" \/>\n\t<meta name=\"twitter:data1\" content=\"1\u00a0Minute\" \/>\n<script type=\"application\/ld+json\" class=\"yoast-schema-graph\">{\"@context\":\"https:\/\/schema.org\",\"@graph\":[{\"@type\":\"WebPage\",\"@id\":\"https:\/\/www.dogmasocks.com\/de\/produkt\/snow-leopard-triangle-combo\/\",\"url\":\"https:\/\/www.dogmasocks.com\/de\/produkt\/snow-leopard-triangle-combo\/\",\"name\":\"Snow Leopard Triangle Combo | Dogma Socks - Extreme Design For Your Feet\",\"isPartOf\":{\"@id\":\"https:\/\/www.dogmasocks.com\/de\/#website\"},\"primaryImageOfPage\":{\"@id\":\"https:\/\/www.dogmasocks.com\/de\/produkt\/snow-leopard-triangle-combo\/#primaryimage\"},\"image\":{\"@id\":\"https:\/\/www.dogmasocks.com\/de\/produkt\/snow-leopard-triangle-combo\/#primaryimage\"},\"thumbnailUrl\":\"https:\/\/www.dogmasocks.com\/wp-content\/uploads\/2021\/10\/10_1.jpg\",\"datePublished\":\"2021-11-01T23:05:09+00:00\",\"dateModified\":\"2021-11-01T23:16:21+00:00\",\"breadcrumb\":{\"@id\":\"https:\/\/www.dogmasocks.com\/de\/produkt\/snow-leopard-triangle-combo\/#breadcrumb\"},\"inLanguage\":\"de\",\"potentialAction\":[{\"@type\":\"ReadAction\",\"target\":[\"https:\/\/www.dogmasocks.com\/de\/produkt\/snow-leopard-triangle-combo\/\"]}]},{\"@type\":\"ImageObject\",\"inLanguage\":\"de\",\"@id\":\"https:\/\/www.dogmasocks.com\/de\/produkt\/snow-leopard-triangle-combo\/#primaryimage\",\"url\":\"https:\/\/www.dogmasocks.com\/wp-content\/uploads\/2021\/10\/10_1.jpg\",\"contentUrl\":\"https:\/\/www.dogmasocks.com\/wp-content\/uploads\/2021\/10\/10_1.jpg\",\"width\":1800,\"height\":1800},{\"@type\":\"BreadcrumbList\",\"@id\":\"https:\/\/www.dogmasocks.com\/de\/produkt\/snow-leopard-triangle-combo\/#breadcrumb\",\"itemListElement\":[{\"@type\":\"ListItem\",\"position\":1,\"name\":\"Home\",\"item\":\"https:\/\/www.dogmasocks.com\/de\/\"},{\"@type\":\"ListItem\",\"position\":2,\"name\":\"Shop\",\"item\":\"https:\/\/www.dogmasocks.com\/de\/shop\/\"},{\"@type\":\"ListItem\",\"position\":3,\"name\":\"Snow Leopard Triangle Combo\"}]},{\"@type\":\"WebSite\",\"@id\":\"https:\/\/www.dogmasocks.com\/de\/#website\",\"url\":\"https:\/\/www.dogmasocks.com\/de\/\",\"name\":\"Dogma Socks\",\"description\":\"eXtreme design for your feet.\",\"potentialAction\":[{\"@type\":\"SearchAction\",\"target\":{\"@type\":\"EntryPoint\",\"urlTemplate\":\"https:\/\/www.dogmasocks.com\/de\/?s={search_term_string}\"},\"query-input\":{\"@type\":\"PropertyValueSpecification\",\"valueRequired\":true,\"valueName\":\"search_term_string\"}}],\"inLanguage\":\"de\"}]}<\/script>\n<!-- \/ Yoast SEO plugin. -->","yoast_head_json":{"title":"Snow Leopard Triangle Combo | Dogma Socks - Extreme Design For Your Feet","robots":{"index":"index","follow":"follow","max-snippet":"max-snippet:-1","max-image-preview":"max-image-preview:large","max-video-preview":"max-video-preview:-1"},"canonical":"https:\/\/www.dogmasocks.com\/de\/produkt\/snow-leopard-triangle-combo\/","og_locale":"de_DE","og_type":"article","og_title":"Snow Leopard Triangle Combo | Dogma Socks - Extreme Design For Your Feet","og_description":"Wenn laufen jeden Tag und das ganze Jahr \u00fcber Ihre Aktivit\u00e4t ist, dann ist Snow Leopard eine Socke, die Ihnen hilft, Ihre laufziele zu erreichen. Leichte D\u00e4mpfung sorgt f\u00fcr besseren schuhkontakt und schnellere Reaktion. Au\u00dferdem verhindern Sie Blasen und b\u00f6se Hautsch\u00e4den mit gepolsterten Technologie. Schnell trocknende und k\u00fchlende Materialien halten Sie frisch und lange laufen.","og_url":"https:\/\/www.dogmasocks.com\/de\/produkt\/snow-leopard-triangle-combo\/","og_site_name":"Dogma Socks","article_publisher":"https:\/\/www.facebook.com\/dogmasocks\/","article_modified_time":"2021-11-01T23:16:21+00:00","og_image":[{"width":1800,"height":1800,"url":"http:\/\/www.dogmasocks.com\/wp-content\/uploads\/2021\/10\/10_1.jpg","type":"image\/jpeg"}],"twitter_card":"summary_large_image","twitter_misc":{"Gesch\u00e4tzte Lesezeit":"1\u00a0Minute"},"schema":{"@context":"https:\/\/schema.org","@graph":[{"@type":"WebPage","@id":"https:\/\/www.dogmasocks.com\/de\/produkt\/snow-leopard-triangle-combo\/","url":"https:\/\/www.dogmasocks.com\/de\/produkt\/snow-leopard-triangle-combo\/","name":"Snow Leopard Triangle Combo | Dogma Socks - Extreme Design For Your Feet","isPartOf":{"@id":"https:\/\/www.dogmasocks.com\/de\/#website"},"primaryImageOfPage":{"@id":"https:\/\/www.dogmasocks.com\/de\/produkt\/snow-leopard-triangle-combo\/#primaryimage"},"image":{"@id":"https:\/\/www.dogmasocks.com\/de\/produkt\/snow-leopard-triangle-combo\/#primaryimage"},"thumbnailUrl":"https:\/\/www.dogmasocks.com\/wp-content\/uploads\/2021\/10\/10_1.jpg","datePublished":"2021-11-01T23:05:09+00:00","dateModified":"2021-11-01T23:16:21+00:00","breadcrumb":{"@id":"https:\/\/www.dogmasocks.com\/de\/produkt\/snow-leopard-triangle-combo\/#breadcrumb"},"inLanguage":"de","potentialAction":[{"@type":"ReadAction","target":["https:\/\/www.dogmasocks.com\/de\/produkt\/snow-leopard-triangle-combo\/"]}]},{"@type":"ImageObject","inLanguage":"de","@id":"https:\/\/www.dogmasocks.com\/de\/produkt\/snow-leopard-triangle-combo\/#primaryimage","url":"https:\/\/www.dogmasocks.com\/wp-content\/uploads\/2021\/10\/10_1.jpg","contentUrl":"https:\/\/www.dogmasocks.com\/wp-content\/uploads\/2021\/10\/10_1.jpg","width":1800,"height":1800},{"@type":"BreadcrumbList","@id":"https:\/\/www.dogmasocks.com\/de\/produkt\/snow-leopard-triangle-combo\/#breadcrumb","itemListElement":[{"@type":"ListItem","position":1,"name":"Home","item":"https:\/\/www.dogmasocks.com\/de\/"},{"@type":"ListItem","position":2,"name":"Shop","item":"https:\/\/www.dogmasocks.com\/de\/shop\/"},{"@type":"ListItem","position":3,"name":"Snow Leopard Triangle Combo"}]},{"@type":"WebSite","@id":"https:\/\/www.dogmasocks.com\/de\/#website","url":"https:\/\/www.dogmasocks.com\/de\/","name":"Dogma Socks","description":"eXtreme design for your feet.","potentialAction":[{"@type":"SearchAction","target":{"@type":"EntryPoint","urlTemplate":"https:\/\/www.dogmasocks.com\/de\/?s={search_term_string}"},"query-input":{"@type":"PropertyValueSpecification","valueRequired":true,"valueName":"search_term_string"}}],"inLanguage":"de"}]}},"_links":{"self":[{"href":"https:\/\/www.dogmasocks.com\/de\/wp-json\/wp\/v2\/product\/1474048","targetHints":{"allow":["GET"]}}],"collection":[{"href":"https:\/\/www.dogmasocks.com\/de\/wp-json\/wp\/v2\/product"}],"about":[{"href":"https:\/\/www.dogmasocks.com\/de\/wp-json\/wp\/v2\/types\/product"}],"replies":[{"embeddable":true,"href":"https:\/\/www.dogmasocks.com\/de\/wp-json\/wp\/v2\/comments?post=1474048"}],"wp:featuredmedia":[{"embeddable":true,"href":"https:\/\/www.dogmasocks.com\/de\/wp-json\/wp\/v2\/media\/1473916"}],"wp:attachment":[{"href":"https:\/\/www.dogmasocks.com\/de\/wp-json\/wp\/v2\/media?parent=1474048"}],"wp:term":[{"taxonomy":"product_brand","embeddable":true,"href":"https:\/\/www.dogmasocks.com\/de\/wp-json\/wp\/v2\/product_brand?post=1474048"},{"taxonomy":"product_cat","embeddable":true,"href":"https:\/\/www.dogmasocks.com\/de\/wp-json\/wp\/v2\/product_cat?post=1474048"},{"taxonomy":"product_tag","embeddable":true,"href":"https:\/\/www.dogmasocks.com\/de\/wp-json\/wp\/v2\/product_tag?post=1474048"}],"curies":[{"name":"wp","href":"https:\/\/api.w.org\/{rel}","templated":true}]}}