{"id":1473661,"date":"2022-04-07T23:06:13","date_gmt":"2022-04-07T21:06:13","guid":{"rendered":"https:\/\/www.dogmasocks.com\/?post_type=product&#038;p=1473661"},"modified":"2022-04-07T23:59:51","modified_gmt":"2022-04-07T21:59:51","slug":"the-wiper-mikrofaserhandtuch-blue-mosaic","status":"publish","type":"product","link":"https:\/\/www.dogmasocks.com\/de\/produkt\/the-wiper-mikrofaserhandtuch-blue-mosaic\/","title":{"rendered":"The Wiper Mikrofaserhandtuch-Blue Mosaic"},"content":{"rendered":"<p><span class=\"Y2IQFc\" lang=\"de\" style=\"font-family: georgia, palatino, serif;\">Ultraleichtes und schnell trocknendes Mikrofasertuch \u2013 perfekt f\u00fcr Reisen, Strand, Camping, Fitnessstudio, Yoga. Klein, kompakt und schnell trocknend Sandfrei, denn Sand soll am Strand bleiben. XL-Gr\u00f6\u00dfe 180 x 90 cm, zusammengedr\u00fcckt und sehr klein verpackt. Zweiseitiges Design, eine schlichte f\u00fcr die konservative Seele in Ihnen und eine farbenfrohe Seite, wenn Sie ein Statement abgeben m\u00f6chten. <\/span><\/p>\n<p><span class=\"Y2IQFc\" lang=\"de\" style=\"font-family: georgia, palatino, serif;\"><strong>TECHNOLOGIE:<\/strong> <\/span><\/p>\n<ul>\n<li><span class=\"Y2IQFc\" lang=\"de\" style=\"font-family: georgia, palatino, serif;\">leicht &#8211; 320 Gramm <\/span><\/li>\n<li><span class=\"Y2IQFc\" lang=\"de\" style=\"font-family: georgia, palatino, serif;\">schnell trocknend \u2013 trocknet bis zu 4 mal schneller als ein normales Handtuch <\/span><\/li>\n<li><span class=\"Y2IQFc\" lang=\"de\" style=\"font-family: georgia, palatino, serif;\">Extra saugf\u00e4hig \u2013 nimmt bis zum 4-fachen seines Eigengewichts auf <strong><br \/>\n<\/strong><\/span><\/li>\n<\/ul>\n<p><span class=\"Y2IQFc\" lang=\"de\" style=\"font-family: georgia, palatino, serif;\"><strong>MATERIAL: <\/strong><\/span><\/p>\n<ul>\n<li><span class=\"Y2IQFc\" lang=\"de\" style=\"font-family: georgia, palatino, serif;\"> 80 % Polyester-Mikrofaser <\/span><\/li>\n<li><span class=\"Y2IQFc\" lang=\"de\" style=\"font-family: georgia, palatino, serif;\">20 % Polyamid<\/span><\/li>\n<\/ul>\n","protected":false},"excerpt":{"rendered":"<div class=\"\">\n<p>Sehr leicht, lassen sich klein verpacken, f\u00fchlen sich sehr weich auf der Haut an, k\u00f6nnen viel Fl\u00fcssigkeit aufsaugen und trocknen super schnell.<\/p>\n<p>XL Grosse 180&#215;90 cm<\/p>\n<\/div>\n","protected":false},"featured_media":1474913,"comment_status":"open","ping_status":"closed","template":"","meta":{"_acf_changed":false},"product_brand":[],"product_cat":[450,1339],"product_tag":[699],"class_list":{"0":"post-1473661","1":"product","2":"type-product","3":"status-publish","4":"has-post-thumbnail","6":"product_cat-zubehor","7":"product_cat-mikrofasertucher","8":"product_tag-mikrofaser-de","10":"first","11":"outofstock","12":"featured","13":"taxable","14":"shipping-taxable","15":"purchasable","16":"product-type-simple"},"acf":[],"yoast_head":"<!-- This site is optimized with the Yoast SEO plugin v24.2 - https:\/\/yoast.com\/wordpress\/plugins\/seo\/ -->\n<title>The Wiper Mikrofaserhandtuch-Blue Mosaic | Dogma Socks - Extreme Design For Your Feet<\/title>\n<meta name=\"robots\" content=\"index, follow, max-snippet:-1, max-image-preview:large, max-video-preview:-1\" \/>\n<link rel=\"canonical\" href=\"https:\/\/www.dogmasocks.com\/de\/produkt\/the-wiper-mikrofaserhandtuch-blue-mosaic\/\" \/>\n<meta property=\"og:locale\" content=\"de_DE\" \/>\n<meta property=\"og:type\" content=\"article\" \/>\n<meta property=\"og:title\" content=\"The Wiper Mikrofaserhandtuch-Blue Mosaic | Dogma Socks - Extreme Design For Your Feet\" \/>\n<meta property=\"og:description\" content=\"Sehr leicht, lassen sich klein verpacken, f\u00fchlen sich sehr weich auf der Haut an, k\u00f6nnen viel Fl\u00fcssigkeit aufsaugen und trocknen super schnell.  XL Grosse 180x90 cm\" \/>\n<meta property=\"og:url\" content=\"https:\/\/www.dogmasocks.com\/de\/produkt\/the-wiper-mikrofaserhandtuch-blue-mosaic\/\" \/>\n<meta property=\"og:site_name\" content=\"Dogma Socks\" \/>\n<meta property=\"article:publisher\" content=\"https:\/\/www.facebook.com\/dogmasocks\/\" \/>\n<meta property=\"article:modified_time\" content=\"2022-04-07T21:59:51+00:00\" \/>\n<meta property=\"og:image\" content=\"https:\/\/www.dogmasocks.com\/wp-content\/uploads\/2022\/04\/wiper-blue-mosaic.jpg\" \/>\n\t<meta property=\"og:image:width\" content=\"1800\" \/>\n\t<meta property=\"og:image:height\" content=\"1800\" \/>\n\t<meta property=\"og:image:type\" content=\"image\/jpeg\" \/>\n<meta name=\"twitter:card\" content=\"summary_large_image\" \/>\n<meta name=\"twitter:label1\" content=\"Gesch\u00e4tzte Lesezeit\" \/>\n\t<meta name=\"twitter:data1\" content=\"1\u00a0Minute\" \/>\n<script type=\"application\/ld+json\" class=\"yoast-schema-graph\">{\"@context\":\"https:\/\/schema.org\",\"@graph\":[{\"@type\":\"WebPage\",\"@id\":\"https:\/\/www.dogmasocks.com\/de\/produkt\/the-wiper-mikrofaserhandtuch-blue-mosaic\/\",\"url\":\"https:\/\/www.dogmasocks.com\/de\/produkt\/the-wiper-mikrofaserhandtuch-blue-mosaic\/\",\"name\":\"The Wiper Mikrofaserhandtuch-Blue Mosaic | Dogma Socks - Extreme Design For Your Feet\",\"isPartOf\":{\"@id\":\"https:\/\/www.dogmasocks.com\/de\/#website\"},\"primaryImageOfPage\":{\"@id\":\"https:\/\/www.dogmasocks.com\/de\/produkt\/the-wiper-mikrofaserhandtuch-blue-mosaic\/#primaryimage\"},\"image\":{\"@id\":\"https:\/\/www.dogmasocks.com\/de\/produkt\/the-wiper-mikrofaserhandtuch-blue-mosaic\/#primaryimage\"},\"thumbnailUrl\":\"https:\/\/www.dogmasocks.com\/wp-content\/uploads\/2022\/04\/wiper-blue-mosaic.jpg\",\"datePublished\":\"2022-04-07T21:06:13+00:00\",\"dateModified\":\"2022-04-07T21:59:51+00:00\",\"breadcrumb\":{\"@id\":\"https:\/\/www.dogmasocks.com\/de\/produkt\/the-wiper-mikrofaserhandtuch-blue-mosaic\/#breadcrumb\"},\"inLanguage\":\"de\",\"potentialAction\":[{\"@type\":\"ReadAction\",\"target\":[\"https:\/\/www.dogmasocks.com\/de\/produkt\/the-wiper-mikrofaserhandtuch-blue-mosaic\/\"]}]},{\"@type\":\"ImageObject\",\"inLanguage\":\"de\",\"@id\":\"https:\/\/www.dogmasocks.com\/de\/produkt\/the-wiper-mikrofaserhandtuch-blue-mosaic\/#primaryimage\",\"url\":\"https:\/\/www.dogmasocks.com\/wp-content\/uploads\/2022\/04\/wiper-blue-mosaic.jpg\",\"contentUrl\":\"https:\/\/www.dogmasocks.com\/wp-content\/uploads\/2022\/04\/wiper-blue-mosaic.jpg\",\"width\":1800,\"height\":1800},{\"@type\":\"BreadcrumbList\",\"@id\":\"https:\/\/www.dogmasocks.com\/de\/produkt\/the-wiper-mikrofaserhandtuch-blue-mosaic\/#breadcrumb\",\"itemListElement\":[{\"@type\":\"ListItem\",\"position\":1,\"name\":\"Home\",\"item\":\"https:\/\/www.dogmasocks.com\/de\/\"},{\"@type\":\"ListItem\",\"position\":2,\"name\":\"Shop\",\"item\":\"https:\/\/www.dogmasocks.com\/de\/shop\/\"},{\"@type\":\"ListItem\",\"position\":3,\"name\":\"The Wiper Mikrofaserhandtuch-Blue Mosaic\"}]},{\"@type\":\"WebSite\",\"@id\":\"https:\/\/www.dogmasocks.com\/de\/#website\",\"url\":\"https:\/\/www.dogmasocks.com\/de\/\",\"name\":\"Dogma Socks\",\"description\":\"eXtreme design for your feet.\",\"potentialAction\":[{\"@type\":\"SearchAction\",\"target\":{\"@type\":\"EntryPoint\",\"urlTemplate\":\"https:\/\/www.dogmasocks.com\/de\/?s={search_term_string}\"},\"query-input\":{\"@type\":\"PropertyValueSpecification\",\"valueRequired\":true,\"valueName\":\"search_term_string\"}}],\"inLanguage\":\"de\"}]}<\/script>\n<!-- \/ Yoast SEO plugin. -->","yoast_head_json":{"title":"The Wiper Mikrofaserhandtuch-Blue Mosaic | Dogma Socks - Extreme Design For Your Feet","robots":{"index":"index","follow":"follow","max-snippet":"max-snippet:-1","max-image-preview":"max-image-preview:large","max-video-preview":"max-video-preview:-1"},"canonical":"https:\/\/www.dogmasocks.com\/de\/produkt\/the-wiper-mikrofaserhandtuch-blue-mosaic\/","og_locale":"de_DE","og_type":"article","og_title":"The Wiper Mikrofaserhandtuch-Blue Mosaic | Dogma Socks - Extreme Design For Your Feet","og_description":"Sehr leicht, lassen sich klein verpacken, f\u00fchlen sich sehr weich auf der Haut an, k\u00f6nnen viel Fl\u00fcssigkeit aufsaugen und trocknen super schnell.  XL Grosse 180x90 cm","og_url":"https:\/\/www.dogmasocks.com\/de\/produkt\/the-wiper-mikrofaserhandtuch-blue-mosaic\/","og_site_name":"Dogma Socks","article_publisher":"https:\/\/www.facebook.com\/dogmasocks\/","article_modified_time":"2022-04-07T21:59:51+00:00","og_image":[{"width":1800,"height":1800,"url":"https:\/\/www.dogmasocks.com\/wp-content\/uploads\/2022\/04\/wiper-blue-mosaic.jpg","type":"image\/jpeg"}],"twitter_card":"summary_large_image","twitter_misc":{"Gesch\u00e4tzte Lesezeit":"1\u00a0Minute"},"schema":{"@context":"https:\/\/schema.org","@graph":[{"@type":"WebPage","@id":"https:\/\/www.dogmasocks.com\/de\/produkt\/the-wiper-mikrofaserhandtuch-blue-mosaic\/","url":"https:\/\/www.dogmasocks.com\/de\/produkt\/the-wiper-mikrofaserhandtuch-blue-mosaic\/","name":"The Wiper Mikrofaserhandtuch-Blue Mosaic | Dogma Socks - Extreme Design For Your Feet","isPartOf":{"@id":"https:\/\/www.dogmasocks.com\/de\/#website"},"primaryImageOfPage":{"@id":"https:\/\/www.dogmasocks.com\/de\/produkt\/the-wiper-mikrofaserhandtuch-blue-mosaic\/#primaryimage"},"image":{"@id":"https:\/\/www.dogmasocks.com\/de\/produkt\/the-wiper-mikrofaserhandtuch-blue-mosaic\/#primaryimage"},"thumbnailUrl":"https:\/\/www.dogmasocks.com\/wp-content\/uploads\/2022\/04\/wiper-blue-mosaic.jpg","datePublished":"2022-04-07T21:06:13+00:00","dateModified":"2022-04-07T21:59:51+00:00","breadcrumb":{"@id":"https:\/\/www.dogmasocks.com\/de\/produkt\/the-wiper-mikrofaserhandtuch-blue-mosaic\/#breadcrumb"},"inLanguage":"de","potentialAction":[{"@type":"ReadAction","target":["https:\/\/www.dogmasocks.com\/de\/produkt\/the-wiper-mikrofaserhandtuch-blue-mosaic\/"]}]},{"@type":"ImageObject","inLanguage":"de","@id":"https:\/\/www.dogmasocks.com\/de\/produkt\/the-wiper-mikrofaserhandtuch-blue-mosaic\/#primaryimage","url":"https:\/\/www.dogmasocks.com\/wp-content\/uploads\/2022\/04\/wiper-blue-mosaic.jpg","contentUrl":"https:\/\/www.dogmasocks.com\/wp-content\/uploads\/2022\/04\/wiper-blue-mosaic.jpg","width":1800,"height":1800},{"@type":"BreadcrumbList","@id":"https:\/\/www.dogmasocks.com\/de\/produkt\/the-wiper-mikrofaserhandtuch-blue-mosaic\/#breadcrumb","itemListElement":[{"@type":"ListItem","position":1,"name":"Home","item":"https:\/\/www.dogmasocks.com\/de\/"},{"@type":"ListItem","position":2,"name":"Shop","item":"https:\/\/www.dogmasocks.com\/de\/shop\/"},{"@type":"ListItem","position":3,"name":"The Wiper Mikrofaserhandtuch-Blue Mosaic"}]},{"@type":"WebSite","@id":"https:\/\/www.dogmasocks.com\/de\/#website","url":"https:\/\/www.dogmasocks.com\/de\/","name":"Dogma Socks","description":"eXtreme design for your feet.","potentialAction":[{"@type":"SearchAction","target":{"@type":"EntryPoint","urlTemplate":"https:\/\/www.dogmasocks.com\/de\/?s={search_term_string}"},"query-input":{"@type":"PropertyValueSpecification","valueRequired":true,"valueName":"search_term_string"}}],"inLanguage":"de"}]}},"_links":{"self":[{"href":"https:\/\/www.dogmasocks.com\/de\/wp-json\/wp\/v2\/product\/1473661","targetHints":{"allow":["GET"]}}],"collection":[{"href":"https:\/\/www.dogmasocks.com\/de\/wp-json\/wp\/v2\/product"}],"about":[{"href":"https:\/\/www.dogmasocks.com\/de\/wp-json\/wp\/v2\/types\/product"}],"replies":[{"embeddable":true,"href":"https:\/\/www.dogmasocks.com\/de\/wp-json\/wp\/v2\/comments?post=1473661"}],"wp:featuredmedia":[{"embeddable":true,"href":"https:\/\/www.dogmasocks.com\/de\/wp-json\/wp\/v2\/media\/1474913"}],"wp:attachment":[{"href":"https:\/\/www.dogmasocks.com\/de\/wp-json\/wp\/v2\/media?parent=1473661"}],"wp:term":[{"taxonomy":"product_brand","embeddable":true,"href":"https:\/\/www.dogmasocks.com\/de\/wp-json\/wp\/v2\/product_brand?post=1473661"},{"taxonomy":"product_cat","embeddable":true,"href":"https:\/\/www.dogmasocks.com\/de\/wp-json\/wp\/v2\/product_cat?post=1473661"},{"taxonomy":"product_tag","embeddable":true,"href":"https:\/\/www.dogmasocks.com\/de\/wp-json\/wp\/v2\/product_tag?post=1473661"}],"curies":[{"name":"wp","href":"https:\/\/api.w.org\/{rel}","templated":true}]}}