{"id":1473568,"date":"2021-05-16T22:08:54","date_gmt":"2021-05-16T20:08:55","guid":{"rendered":"https:\/\/www.dogmasocks.com\/?post_type=product&#038;p=1473568"},"modified":"2021-05-16T22:11:32","modified_gmt":"2021-05-16T20:11:32","slug":"barracuda-grey","status":"publish","type":"product","link":"https:\/\/www.dogmasocks.com\/de\/produkt\/barracuda-grey\/","title":{"rendered":"Barracuda Grey"},"content":{"rendered":"<p>Kurz laufende Socke mit leichte Kompression Technologie. Festerer Griff um den Fu\u00df verhindert sockenbewegung. Die hintere Polster verhindert Irritationen auf der Fersenseite, wenn Sie lange Kilometer laufen. Flache D\u00e4mpfung Ebenen sorgen f\u00fcr eine gute Energie\u00fcbertragung und Reaktion. Mit anderen Worten, diese Socke ist gut f\u00fcr aggressive L\u00e4ufer und w\u00e4rmere Monate.<\/p>\n<p><strong>TECHNOLOGIE:<\/strong><\/p>\n<p>\u2022 Optimaler Kompressionseffekt f\u00fcr besseren halt an den F\u00fc\u00dfen<br \/>\n\u2022 Anatomische Form f\u00fcr eine bessere Passform<br \/>\n\u2022 Fersenlasche f\u00fcr blisterschutz<br \/>\n\u2022 D\u00fcnn und leicht<br \/>\n\u2022 Schnell trocken<\/p>\n<p><strong>ZUSAMMENSETZUNG:<\/strong><\/p>\n<p>\u2022 Funktionspolyester &#8211; 63,4%<br \/>\n\u2022 Elasthan &#8211; 27,9%<br \/>\n\u2022 Polyamid &#8211; 9,6%<\/p>\n","protected":false},"excerpt":{"rendered":"<p>Kurz laufende Socke mit leichte Kompression Technologie. Festerer Griff um den Fu\u00df verhindert sockenbewegung. Die hintere Polster verhindert Irritationen auf der Fersenseite, wenn Sie lange Kilometer laufen. Flache D\u00e4mpfung Ebenen sorgen f\u00fcr eine gute Energie\u00fcbertragung und Reaktion. Mit anderen Worten, diese Socke ist gut f\u00fcr aggressive L\u00e4ufer und w\u00e4rmere Monate.<\/p>\n","protected":false},"featured_media":1473512,"comment_status":"open","ping_status":"closed","template":"","meta":{"_acf_changed":false},"product_brand":[],"product_cat":[470,459],"product_tag":[654,691,673,709,684,711],"class_list":{"0":"post-1473568","1":"product","2":"type-product","3":"status-publish","4":"has-post-thumbnail","6":"product_cat-barracuda-de","7":"product_cat-outlet-de","8":"product_tag-anatomisch","9":"product_tag-invisistitch-de","10":"product_tag-kompression","11":"product_tag-laufen","12":"product_tag-schnell-trocken","13":"product_tag-socken-laufen","15":"first","16":"instock","17":"featured","18":"taxable","19":"shipping-taxable","20":"purchasable","21":"product-type-variable"},"acf":[],"yoast_head":"<!-- This site is optimized with the Yoast SEO plugin v24.2 - https:\/\/yoast.com\/wordpress\/plugins\/seo\/ -->\n<title>Barracuda Grey | Dogma Socks - Extreme Design For Your Feet<\/title>\n<meta name=\"robots\" content=\"index, follow, max-snippet:-1, max-image-preview:large, max-video-preview:-1\" \/>\n<link rel=\"canonical\" href=\"https:\/\/www.dogmasocks.com\/de\/produkt\/barracuda-grey\/\" \/>\n<meta property=\"og:locale\" content=\"de_DE\" \/>\n<meta property=\"og:type\" content=\"article\" \/>\n<meta property=\"og:title\" content=\"Barracuda Grey | Dogma Socks - Extreme Design For Your Feet\" \/>\n<meta property=\"og:description\" content=\"Kurz laufende Socke mit leichte Kompression Technologie. Festerer Griff um den Fu\u00df verhindert sockenbewegung. Die hintere Polster verhindert Irritationen auf der Fersenseite, wenn Sie lange Kilometer laufen. Flache D\u00e4mpfung Ebenen sorgen f\u00fcr eine gute Energie\u00fcbertragung und Reaktion. Mit anderen Worten, diese Socke ist gut f\u00fcr aggressive L\u00e4ufer und w\u00e4rmere Monate.\" \/>\n<meta property=\"og:url\" content=\"https:\/\/www.dogmasocks.com\/de\/produkt\/barracuda-grey\/\" \/>\n<meta property=\"og:site_name\" content=\"Dogma Socks\" \/>\n<meta property=\"article:publisher\" content=\"https:\/\/www.facebook.com\/dogmasocks\/\" \/>\n<meta property=\"article:modified_time\" content=\"2021-05-16T20:11:32+00:00\" \/>\n<meta property=\"og:image\" content=\"https:\/\/www.dogmasocks.com\/wp-content\/uploads\/2021\/05\/24_1.jpg\" \/>\n\t<meta property=\"og:image:width\" content=\"1800\" \/>\n\t<meta property=\"og:image:height\" content=\"1800\" \/>\n\t<meta property=\"og:image:type\" content=\"image\/jpeg\" \/>\n<meta name=\"twitter:card\" content=\"summary_large_image\" \/>\n<script type=\"application\/ld+json\" class=\"yoast-schema-graph\">{\"@context\":\"https:\/\/schema.org\",\"@graph\":[{\"@type\":\"WebPage\",\"@id\":\"https:\/\/www.dogmasocks.com\/de\/produkt\/barracuda-grey\/\",\"url\":\"https:\/\/www.dogmasocks.com\/de\/produkt\/barracuda-grey\/\",\"name\":\"Barracuda Grey | Dogma Socks - Extreme Design For Your Feet\",\"isPartOf\":{\"@id\":\"https:\/\/www.dogmasocks.com\/de\/#website\"},\"primaryImageOfPage\":{\"@id\":\"https:\/\/www.dogmasocks.com\/de\/produkt\/barracuda-grey\/#primaryimage\"},\"image\":{\"@id\":\"https:\/\/www.dogmasocks.com\/de\/produkt\/barracuda-grey\/#primaryimage\"},\"thumbnailUrl\":\"https:\/\/www.dogmasocks.com\/wp-content\/uploads\/2021\/05\/24_1.jpg\",\"datePublished\":\"2021-05-16T20:08:55+00:00\",\"dateModified\":\"2021-05-16T20:11:32+00:00\",\"breadcrumb\":{\"@id\":\"https:\/\/www.dogmasocks.com\/de\/produkt\/barracuda-grey\/#breadcrumb\"},\"inLanguage\":\"de\",\"potentialAction\":[{\"@type\":\"ReadAction\",\"target\":[\"https:\/\/www.dogmasocks.com\/de\/produkt\/barracuda-grey\/\"]}]},{\"@type\":\"ImageObject\",\"inLanguage\":\"de\",\"@id\":\"https:\/\/www.dogmasocks.com\/de\/produkt\/barracuda-grey\/#primaryimage\",\"url\":\"https:\/\/www.dogmasocks.com\/wp-content\/uploads\/2021\/05\/24_1.jpg\",\"contentUrl\":\"https:\/\/www.dogmasocks.com\/wp-content\/uploads\/2021\/05\/24_1.jpg\",\"width\":1800,\"height\":1800},{\"@type\":\"BreadcrumbList\",\"@id\":\"https:\/\/www.dogmasocks.com\/de\/produkt\/barracuda-grey\/#breadcrumb\",\"itemListElement\":[{\"@type\":\"ListItem\",\"position\":1,\"name\":\"Home\",\"item\":\"https:\/\/www.dogmasocks.com\/de\/\"},{\"@type\":\"ListItem\",\"position\":2,\"name\":\"Shop\",\"item\":\"https:\/\/www.dogmasocks.com\/de\/shop\/\"},{\"@type\":\"ListItem\",\"position\":3,\"name\":\"Barracuda Grey\"}]},{\"@type\":\"WebSite\",\"@id\":\"https:\/\/www.dogmasocks.com\/de\/#website\",\"url\":\"https:\/\/www.dogmasocks.com\/de\/\",\"name\":\"Dogma Socks\",\"description\":\"eXtreme design for your feet.\",\"potentialAction\":[{\"@type\":\"SearchAction\",\"target\":{\"@type\":\"EntryPoint\",\"urlTemplate\":\"https:\/\/www.dogmasocks.com\/de\/?s={search_term_string}\"},\"query-input\":{\"@type\":\"PropertyValueSpecification\",\"valueRequired\":true,\"valueName\":\"search_term_string\"}}],\"inLanguage\":\"de\"}]}<\/script>\n<!-- \/ Yoast SEO plugin. -->","yoast_head_json":{"title":"Barracuda Grey | Dogma Socks - Extreme Design For Your Feet","robots":{"index":"index","follow":"follow","max-snippet":"max-snippet:-1","max-image-preview":"max-image-preview:large","max-video-preview":"max-video-preview:-1"},"canonical":"https:\/\/www.dogmasocks.com\/de\/produkt\/barracuda-grey\/","og_locale":"de_DE","og_type":"article","og_title":"Barracuda Grey | Dogma Socks - Extreme Design For Your Feet","og_description":"Kurz laufende Socke mit leichte Kompression Technologie. Festerer Griff um den Fu\u00df verhindert sockenbewegung. Die hintere Polster verhindert Irritationen auf der Fersenseite, wenn Sie lange Kilometer laufen. Flache D\u00e4mpfung Ebenen sorgen f\u00fcr eine gute Energie\u00fcbertragung und Reaktion. Mit anderen Worten, diese Socke ist gut f\u00fcr aggressive L\u00e4ufer und w\u00e4rmere Monate.","og_url":"https:\/\/www.dogmasocks.com\/de\/produkt\/barracuda-grey\/","og_site_name":"Dogma Socks","article_publisher":"https:\/\/www.facebook.com\/dogmasocks\/","article_modified_time":"2021-05-16T20:11:32+00:00","og_image":[{"width":1800,"height":1800,"url":"https:\/\/www.dogmasocks.com\/wp-content\/uploads\/2021\/05\/24_1.jpg","type":"image\/jpeg"}],"twitter_card":"summary_large_image","schema":{"@context":"https:\/\/schema.org","@graph":[{"@type":"WebPage","@id":"https:\/\/www.dogmasocks.com\/de\/produkt\/barracuda-grey\/","url":"https:\/\/www.dogmasocks.com\/de\/produkt\/barracuda-grey\/","name":"Barracuda Grey | Dogma Socks - Extreme Design For Your Feet","isPartOf":{"@id":"https:\/\/www.dogmasocks.com\/de\/#website"},"primaryImageOfPage":{"@id":"https:\/\/www.dogmasocks.com\/de\/produkt\/barracuda-grey\/#primaryimage"},"image":{"@id":"https:\/\/www.dogmasocks.com\/de\/produkt\/barracuda-grey\/#primaryimage"},"thumbnailUrl":"https:\/\/www.dogmasocks.com\/wp-content\/uploads\/2021\/05\/24_1.jpg","datePublished":"2021-05-16T20:08:55+00:00","dateModified":"2021-05-16T20:11:32+00:00","breadcrumb":{"@id":"https:\/\/www.dogmasocks.com\/de\/produkt\/barracuda-grey\/#breadcrumb"},"inLanguage":"de","potentialAction":[{"@type":"ReadAction","target":["https:\/\/www.dogmasocks.com\/de\/produkt\/barracuda-grey\/"]}]},{"@type":"ImageObject","inLanguage":"de","@id":"https:\/\/www.dogmasocks.com\/de\/produkt\/barracuda-grey\/#primaryimage","url":"https:\/\/www.dogmasocks.com\/wp-content\/uploads\/2021\/05\/24_1.jpg","contentUrl":"https:\/\/www.dogmasocks.com\/wp-content\/uploads\/2021\/05\/24_1.jpg","width":1800,"height":1800},{"@type":"BreadcrumbList","@id":"https:\/\/www.dogmasocks.com\/de\/produkt\/barracuda-grey\/#breadcrumb","itemListElement":[{"@type":"ListItem","position":1,"name":"Home","item":"https:\/\/www.dogmasocks.com\/de\/"},{"@type":"ListItem","position":2,"name":"Shop","item":"https:\/\/www.dogmasocks.com\/de\/shop\/"},{"@type":"ListItem","position":3,"name":"Barracuda Grey"}]},{"@type":"WebSite","@id":"https:\/\/www.dogmasocks.com\/de\/#website","url":"https:\/\/www.dogmasocks.com\/de\/","name":"Dogma Socks","description":"eXtreme design for your feet.","potentialAction":[{"@type":"SearchAction","target":{"@type":"EntryPoint","urlTemplate":"https:\/\/www.dogmasocks.com\/de\/?s={search_term_string}"},"query-input":{"@type":"PropertyValueSpecification","valueRequired":true,"valueName":"search_term_string"}}],"inLanguage":"de"}]}},"_links":{"self":[{"href":"https:\/\/www.dogmasocks.com\/de\/wp-json\/wp\/v2\/product\/1473568","targetHints":{"allow":["GET"]}}],"collection":[{"href":"https:\/\/www.dogmasocks.com\/de\/wp-json\/wp\/v2\/product"}],"about":[{"href":"https:\/\/www.dogmasocks.com\/de\/wp-json\/wp\/v2\/types\/product"}],"replies":[{"embeddable":true,"href":"https:\/\/www.dogmasocks.com\/de\/wp-json\/wp\/v2\/comments?post=1473568"}],"wp:featuredmedia":[{"embeddable":true,"href":"https:\/\/www.dogmasocks.com\/de\/wp-json\/wp\/v2\/media\/1473512"}],"wp:attachment":[{"href":"https:\/\/www.dogmasocks.com\/de\/wp-json\/wp\/v2\/media?parent=1473568"}],"wp:term":[{"taxonomy":"product_brand","embeddable":true,"href":"https:\/\/www.dogmasocks.com\/de\/wp-json\/wp\/v2\/product_brand?post=1473568"},{"taxonomy":"product_cat","embeddable":true,"href":"https:\/\/www.dogmasocks.com\/de\/wp-json\/wp\/v2\/product_cat?post=1473568"},{"taxonomy":"product_tag","embeddable":true,"href":"https:\/\/www.dogmasocks.com\/de\/wp-json\/wp\/v2\/product_tag?post=1473568"}],"curies":[{"name":"wp","href":"https:\/\/api.w.org\/{rel}","templated":true}]}}