{"id":135153,"date":"2019-10-06T17:00:20","date_gmt":"2019-10-06T15:00:21","guid":{"rendered":"https:\/\/www.dogmasocks.com\/?post_type=product&#038;p=135153"},"modified":"2020-10-19T19:33:30","modified_gmt":"2020-10-19T17:33:30","slug":"urban-explorer-africa-grana","status":"publish","type":"product","link":"https:\/\/www.dogmasocks.com\/de\/produkt\/urban-explorer-africa-grana\/","title":{"rendered":"Urban Explorer Africa Grana"},"content":{"rendered":"<p>Die Urban Explorer sind f\u00fcr den st\u00e4dtischen Dschungel gemacht. Sie brauchen auch f\u00fcr den Beton technische Socken. Lange Spazierg\u00e4nge k\u00f6nnen zu Stinkef\u00fc\u00dfen f\u00fchren und Waschm\u00f6glichkeiten sind auf Reisen meist begrenzt. Reisen und erkunden Sie neue Orte und St\u00e4dte, aber bleiben Sie geruchsfrei mit diesem Meisterwerk der Sockentechnologie. Nie wieder Kopfzerbrechen beim Kofferpacken mit unseren stilvollen Reisesocken, die Sie bei jedem Anlass gut aussehen lassen. Kein Geruch, kein Schwitzen, kein Rutschen, keine Sorgen.<\/p>\n<p><strong>TECHNOLOGIE:<\/strong><\/p>\n<ul>\n<li>Geruchfreie Technologie f\u00fcr langanhaltende Frische<\/li>\n<li>Mesh-Zone f\u00fcr bessere Bel\u00fcftung und Temperaturregulation<\/li>\n<li>Elastisches Band im Fu\u00df f\u00fcr bessere Stabilit\u00e4t der Socke<\/li>\n<li>Achillessehnenschutz<\/li>\n<li>Gepolsterte Ferse und Zehen zur Pr\u00e4vention von Blasen<\/li>\n<\/ul>\n<p><strong>ZUSAMMENSETZUNG:<\/strong><\/p>\n<ul>\n<li>Baumwolle geruchsneutral &#8211; 66%<\/li>\n<li>Elasthan &#8211; 21,9%<\/li>\n<li>Polyamid &#8211; 12,1%<\/li>\n<\/ul>\n","protected":false},"excerpt":{"rendered":"<p>Die Urban Explorer sind f\u00fcr den st\u00e4dtischen Dschungel gemacht. Sie brauchen auch f\u00fcr den Beton technische Socken. Lange Spazierg\u00e4nge k\u00f6nnen zu Stinkef\u00fc\u00dfen f\u00fchren und Waschm\u00f6glichkeiten sind auf Reisen meist begrenzt. Reisen und erkunden Sie neue Orte und St\u00e4dte, aber bleiben Sie geruchsfrei mit diesem Meisterwerk der Sockentechnologie. Nie wieder Kopfzerbrechen beim Kofferpacken mit unseren stilvollen Reisesocken, die Sie bei jedem Anlass gut aussehen lassen. Kein Geruch, kein Schwitzen, kein Rutschen, keine Sorgen.<\/p>\n<p>&nbsp;<\/p>\n","protected":false},"featured_media":690151,"comment_status":"open","ping_status":"closed","template":"","meta":{"_acf_changed":false},"product_brand":[],"product_cat":[448,483,486],"product_tag":[651,668,666,704,703,739,679,732],"class_list":{"0":"post-135153","1":"product","2":"type-product","3":"status-publish","4":"has-post-thumbnail","6":"product_cat-socken","7":"product_cat-reise","8":"product_cat-urban-explorer-de","9":"product_tag-achilles-schild","10":"product_tag-atmungsaktiv","11":"product_tag-blister-free-de","12":"product_tag-geruchsfrei","13":"product_tag-kein-geruch","14":"product_tag-luftungskanale","15":"product_tag-polster","16":"product_tag-reisesocken","18":"first","19":"instock","20":"taxable","21":"shipping-taxable","22":"purchasable","23":"product-type-variable"},"acf":[],"yoast_head":"<!-- This site is optimized with the Yoast SEO plugin v24.2 - https:\/\/yoast.com\/wordpress\/plugins\/seo\/ -->\n<title>Urban Explorer Africa Grana | Dogma Socks - Extreme Design For Your Feet<\/title>\n<meta name=\"robots\" content=\"index, follow, max-snippet:-1, max-image-preview:large, max-video-preview:-1\" \/>\n<link rel=\"canonical\" href=\"https:\/\/www.dogmasocks.com\/de\/produkt\/urban-explorer-africa-grana\/\" \/>\n<meta property=\"og:locale\" content=\"de_DE\" \/>\n<meta property=\"og:type\" content=\"article\" \/>\n<meta property=\"og:title\" content=\"Urban Explorer Africa Grana | Dogma Socks - Extreme Design For Your Feet\" \/>\n<meta property=\"og:description\" content=\"Die Urban Explorer sind f\u00fcr den st\u00e4dtischen Dschungel gemacht. Sie brauchen auch f\u00fcr den Beton technische Socken. Lange Spazierg\u00e4nge k\u00f6nnen zu Stinkef\u00fc\u00dfen f\u00fchren und Waschm\u00f6glichkeiten sind auf Reisen meist begrenzt. Reisen und erkunden Sie neue Orte und St\u00e4dte, aber bleiben Sie geruchsfrei mit diesem Meisterwerk der Sockentechnologie. Nie wieder Kopfzerbrechen beim Kofferpacken mit unseren stilvollen Reisesocken, die Sie bei jedem Anlass gut aussehen lassen. Kein Geruch, kein Schwitzen, kein Rutschen, keine Sorgen.  &nbsp;\" \/>\n<meta property=\"og:url\" content=\"https:\/\/www.dogmasocks.com\/de\/produkt\/urban-explorer-africa-grana\/\" \/>\n<meta property=\"og:site_name\" content=\"Dogma Socks\" \/>\n<meta property=\"article:publisher\" content=\"https:\/\/www.facebook.com\/dogmasocks\/\" \/>\n<meta property=\"article:modified_time\" content=\"2020-10-19T17:33:30+00:00\" \/>\n<meta property=\"og:image\" content=\"https:\/\/www.dogmasocks.com\/wp-content\/uploads\/2020\/04\/Urban_Explorer_10_1.jpg\" \/>\n\t<meta property=\"og:image:width\" content=\"1200\" \/>\n\t<meta property=\"og:image:height\" content=\"1200\" \/>\n\t<meta property=\"og:image:type\" content=\"image\/jpeg\" \/>\n<meta name=\"twitter:card\" content=\"summary_large_image\" \/>\n<meta name=\"twitter:label1\" content=\"Gesch\u00e4tzte Lesezeit\" \/>\n\t<meta name=\"twitter:data1\" content=\"1\u00a0Minute\" \/>\n<script type=\"application\/ld+json\" class=\"yoast-schema-graph\">{\"@context\":\"https:\/\/schema.org\",\"@graph\":[{\"@type\":\"WebPage\",\"@id\":\"https:\/\/www.dogmasocks.com\/de\/produkt\/urban-explorer-africa-grana\/\",\"url\":\"https:\/\/www.dogmasocks.com\/de\/produkt\/urban-explorer-africa-grana\/\",\"name\":\"Urban Explorer Africa Grana | Dogma Socks - Extreme Design For Your Feet\",\"isPartOf\":{\"@id\":\"https:\/\/www.dogmasocks.com\/de\/#website\"},\"primaryImageOfPage\":{\"@id\":\"https:\/\/www.dogmasocks.com\/de\/produkt\/urban-explorer-africa-grana\/#primaryimage\"},\"image\":{\"@id\":\"https:\/\/www.dogmasocks.com\/de\/produkt\/urban-explorer-africa-grana\/#primaryimage\"},\"thumbnailUrl\":\"https:\/\/www.dogmasocks.com\/wp-content\/uploads\/2020\/04\/Urban_Explorer_10_1.jpg\",\"datePublished\":\"2019-10-06T15:00:21+00:00\",\"dateModified\":\"2020-10-19T17:33:30+00:00\",\"breadcrumb\":{\"@id\":\"https:\/\/www.dogmasocks.com\/de\/produkt\/urban-explorer-africa-grana\/#breadcrumb\"},\"inLanguage\":\"de\",\"potentialAction\":[{\"@type\":\"ReadAction\",\"target\":[\"https:\/\/www.dogmasocks.com\/de\/produkt\/urban-explorer-africa-grana\/\"]}]},{\"@type\":\"ImageObject\",\"inLanguage\":\"de\",\"@id\":\"https:\/\/www.dogmasocks.com\/de\/produkt\/urban-explorer-africa-grana\/#primaryimage\",\"url\":\"https:\/\/www.dogmasocks.com\/wp-content\/uploads\/2020\/04\/Urban_Explorer_10_1.jpg\",\"contentUrl\":\"https:\/\/www.dogmasocks.com\/wp-content\/uploads\/2020\/04\/Urban_Explorer_10_1.jpg\",\"width\":1200,\"height\":1200},{\"@type\":\"BreadcrumbList\",\"@id\":\"https:\/\/www.dogmasocks.com\/de\/produkt\/urban-explorer-africa-grana\/#breadcrumb\",\"itemListElement\":[{\"@type\":\"ListItem\",\"position\":1,\"name\":\"Home\",\"item\":\"https:\/\/www.dogmasocks.com\/de\/\"},{\"@type\":\"ListItem\",\"position\":2,\"name\":\"Shop\",\"item\":\"https:\/\/www.dogmasocks.com\/de\/shop\/\"},{\"@type\":\"ListItem\",\"position\":3,\"name\":\"Urban Explorer Africa Grana\"}]},{\"@type\":\"WebSite\",\"@id\":\"https:\/\/www.dogmasocks.com\/de\/#website\",\"url\":\"https:\/\/www.dogmasocks.com\/de\/\",\"name\":\"Dogma Socks\",\"description\":\"eXtreme design for your feet.\",\"potentialAction\":[{\"@type\":\"SearchAction\",\"target\":{\"@type\":\"EntryPoint\",\"urlTemplate\":\"https:\/\/www.dogmasocks.com\/de\/?s={search_term_string}\"},\"query-input\":{\"@type\":\"PropertyValueSpecification\",\"valueRequired\":true,\"valueName\":\"search_term_string\"}}],\"inLanguage\":\"de\"}]}<\/script>\n<!-- \/ Yoast SEO plugin. -->","yoast_head_json":{"title":"Urban Explorer Africa Grana | Dogma Socks - Extreme Design For Your Feet","robots":{"index":"index","follow":"follow","max-snippet":"max-snippet:-1","max-image-preview":"max-image-preview:large","max-video-preview":"max-video-preview:-1"},"canonical":"https:\/\/www.dogmasocks.com\/de\/produkt\/urban-explorer-africa-grana\/","og_locale":"de_DE","og_type":"article","og_title":"Urban Explorer Africa Grana | Dogma Socks - Extreme Design For Your Feet","og_description":"Die Urban Explorer sind f\u00fcr den st\u00e4dtischen Dschungel gemacht. Sie brauchen auch f\u00fcr den Beton technische Socken. Lange Spazierg\u00e4nge k\u00f6nnen zu Stinkef\u00fc\u00dfen f\u00fchren und Waschm\u00f6glichkeiten sind auf Reisen meist begrenzt. Reisen und erkunden Sie neue Orte und St\u00e4dte, aber bleiben Sie geruchsfrei mit diesem Meisterwerk der Sockentechnologie. Nie wieder Kopfzerbrechen beim Kofferpacken mit unseren stilvollen Reisesocken, die Sie bei jedem Anlass gut aussehen lassen. Kein Geruch, kein Schwitzen, kein Rutschen, keine Sorgen.  &nbsp;","og_url":"https:\/\/www.dogmasocks.com\/de\/produkt\/urban-explorer-africa-grana\/","og_site_name":"Dogma Socks","article_publisher":"https:\/\/www.facebook.com\/dogmasocks\/","article_modified_time":"2020-10-19T17:33:30+00:00","og_image":[{"width":1200,"height":1200,"url":"https:\/\/www.dogmasocks.com\/wp-content\/uploads\/2020\/04\/Urban_Explorer_10_1.jpg","type":"image\/jpeg"}],"twitter_card":"summary_large_image","twitter_misc":{"Gesch\u00e4tzte Lesezeit":"1\u00a0Minute"},"schema":{"@context":"https:\/\/schema.org","@graph":[{"@type":"WebPage","@id":"https:\/\/www.dogmasocks.com\/de\/produkt\/urban-explorer-africa-grana\/","url":"https:\/\/www.dogmasocks.com\/de\/produkt\/urban-explorer-africa-grana\/","name":"Urban Explorer Africa Grana | Dogma Socks - Extreme Design For Your Feet","isPartOf":{"@id":"https:\/\/www.dogmasocks.com\/de\/#website"},"primaryImageOfPage":{"@id":"https:\/\/www.dogmasocks.com\/de\/produkt\/urban-explorer-africa-grana\/#primaryimage"},"image":{"@id":"https:\/\/www.dogmasocks.com\/de\/produkt\/urban-explorer-africa-grana\/#primaryimage"},"thumbnailUrl":"https:\/\/www.dogmasocks.com\/wp-content\/uploads\/2020\/04\/Urban_Explorer_10_1.jpg","datePublished":"2019-10-06T15:00:21+00:00","dateModified":"2020-10-19T17:33:30+00:00","breadcrumb":{"@id":"https:\/\/www.dogmasocks.com\/de\/produkt\/urban-explorer-africa-grana\/#breadcrumb"},"inLanguage":"de","potentialAction":[{"@type":"ReadAction","target":["https:\/\/www.dogmasocks.com\/de\/produkt\/urban-explorer-africa-grana\/"]}]},{"@type":"ImageObject","inLanguage":"de","@id":"https:\/\/www.dogmasocks.com\/de\/produkt\/urban-explorer-africa-grana\/#primaryimage","url":"https:\/\/www.dogmasocks.com\/wp-content\/uploads\/2020\/04\/Urban_Explorer_10_1.jpg","contentUrl":"https:\/\/www.dogmasocks.com\/wp-content\/uploads\/2020\/04\/Urban_Explorer_10_1.jpg","width":1200,"height":1200},{"@type":"BreadcrumbList","@id":"https:\/\/www.dogmasocks.com\/de\/produkt\/urban-explorer-africa-grana\/#breadcrumb","itemListElement":[{"@type":"ListItem","position":1,"name":"Home","item":"https:\/\/www.dogmasocks.com\/de\/"},{"@type":"ListItem","position":2,"name":"Shop","item":"https:\/\/www.dogmasocks.com\/de\/shop\/"},{"@type":"ListItem","position":3,"name":"Urban Explorer Africa Grana"}]},{"@type":"WebSite","@id":"https:\/\/www.dogmasocks.com\/de\/#website","url":"https:\/\/www.dogmasocks.com\/de\/","name":"Dogma Socks","description":"eXtreme design for your feet.","potentialAction":[{"@type":"SearchAction","target":{"@type":"EntryPoint","urlTemplate":"https:\/\/www.dogmasocks.com\/de\/?s={search_term_string}"},"query-input":{"@type":"PropertyValueSpecification","valueRequired":true,"valueName":"search_term_string"}}],"inLanguage":"de"}]}},"_links":{"self":[{"href":"https:\/\/www.dogmasocks.com\/de\/wp-json\/wp\/v2\/product\/135153","targetHints":{"allow":["GET"]}}],"collection":[{"href":"https:\/\/www.dogmasocks.com\/de\/wp-json\/wp\/v2\/product"}],"about":[{"href":"https:\/\/www.dogmasocks.com\/de\/wp-json\/wp\/v2\/types\/product"}],"replies":[{"embeddable":true,"href":"https:\/\/www.dogmasocks.com\/de\/wp-json\/wp\/v2\/comments?post=135153"}],"wp:featuredmedia":[{"embeddable":true,"href":"https:\/\/www.dogmasocks.com\/de\/wp-json\/wp\/v2\/media\/690151"}],"wp:attachment":[{"href":"https:\/\/www.dogmasocks.com\/de\/wp-json\/wp\/v2\/media?parent=135153"}],"wp:term":[{"taxonomy":"product_brand","embeddable":true,"href":"https:\/\/www.dogmasocks.com\/de\/wp-json\/wp\/v2\/product_brand?post=135153"},{"taxonomy":"product_cat","embeddable":true,"href":"https:\/\/www.dogmasocks.com\/de\/wp-json\/wp\/v2\/product_cat?post=135153"},{"taxonomy":"product_tag","embeddable":true,"href":"https:\/\/www.dogmasocks.com\/de\/wp-json\/wp\/v2\/product_tag?post=135153"}],"curies":[{"name":"wp","href":"https:\/\/api.w.org\/{rel}","templated":true}]}}