{"id":26536,"date":"2019-03-01T17:05:06","date_gmt":"2019-03-01T16:05:06","guid":{"rendered":"https:\/\/www.dogmasocks.com\/dogma-family\/"},"modified":"2020-10-02T13:17:16","modified_gmt":"2020-10-02T11:17:16","slug":"dogma-familie","status":"publish","type":"page","link":"https:\/\/www.dogmasocks.com\/de\/dogma-familie\/","title":{"rendered":"Dogma-familie"},"content":{"rendered":"\n<h2 class=\"has-text-align-center wp-block-heading\"><\/h2>\n\n\n\n<p class=\"has-text-align-center\">Die Dogma-Familie ist ein Zusammenschluss von Sport- und naturbegeisterten Menschen, die gro\u00dfen Wert auf eine gesunde Lebensweise und qualitative Sportausstattung legen.<\/p>\n\n\n\n<p class=\"has-text-align-center\">Wir sch\u00e4tzen uns gl\u00fccklich, hier bei Dogma eine Vielfalt von verschiedenen Pers\u00f6nlichkeiten mit interessanten Lebensgeschichten und wertvollen Lebenserfahrungen zu vereinen und m\u00f6chten Ihnen einige Familienmitglieder gerne n\u00e4her vorstellen. Darunter finden sich au\u00dfergew\u00f6hnliche Snowboarder, Naturliebhaber, professionelle L\u00e4ufer, Wanderer und hart arbeitende Individualisten. In der Dogma-Familie geht es um Traumerf\u00fcllung, Leidenschaft, harte Arbeit und Motivation, mit dem Ziel zu zeigen, dass es sich immer lohnt, f\u00fcr seine Tr\u00e4ume zu k\u00e4mpfen.<\/p>\n","protected":false},"excerpt":{"rendered":"<p>Die Dogma-Familie ist ein Zusammenschluss von Sport- und naturbegeisterten Menschen, die gro\u00dfen Wert auf eine gesunde Lebensweise und qualitative Sportausstattung legen. Wir sch\u00e4tzen uns gl\u00fccklich, hier bei Dogma eine Vielfalt von verschiedenen Pers\u00f6nlichkeiten mit interessanten Lebensgeschichten und wertvollen Lebenserfahrungen zu vereinen und m\u00f6chten Ihnen einige Familienmitglieder gerne n\u00e4her vorstellen. Darunter finden sich au\u00dfergew\u00f6hnliche Snowboarder, Naturliebhaber, [&hellip;]<\/p>\n","protected":false},"author":1,"featured_media":21974,"parent":0,"menu_order":0,"comment_status":"closed","ping_status":"closed","template":"","meta":{"_acf_changed":false,"footnotes":""},"class_list":["post-26536","page","type-page","status-publish","has-post-thumbnail","hentry"],"acf":[],"yoast_head":"<!-- This site is optimized with the Yoast SEO plugin v24.2 - https:\/\/yoast.com\/wordpress\/plugins\/seo\/ -->\n<title>Dogma-familie | Dogma Socks - Extreme Design For Your Feet<\/title>\n<meta name=\"robots\" content=\"noindex, nofollow\" \/>\n<meta property=\"og:locale\" content=\"de_DE\" \/>\n<meta property=\"og:type\" content=\"article\" \/>\n<meta property=\"og:title\" content=\"Dogma-familie | Dogma Socks - Extreme Design For Your Feet\" \/>\n<meta property=\"og:description\" content=\"Die Dogma-Familie ist ein Zusammenschluss von Sport- und naturbegeisterten Menschen, die gro\u00dfen Wert auf eine gesunde Lebensweise und qualitative Sportausstattung legen. Wir sch\u00e4tzen uns gl\u00fccklich, hier bei Dogma eine Vielfalt von verschiedenen Pers\u00f6nlichkeiten mit interessanten Lebensgeschichten und wertvollen Lebenserfahrungen zu vereinen und m\u00f6chten Ihnen einige Familienmitglieder gerne n\u00e4her vorstellen. Darunter finden sich au\u00dfergew\u00f6hnliche Snowboarder, Naturliebhaber, [&hellip;]\" \/>\n<meta property=\"og:url\" content=\"https:\/\/www.dogmasocks.com\/de\/dogma-familie\/\" \/>\n<meta property=\"og:site_name\" content=\"Dogma Socks\" \/>\n<meta property=\"article:publisher\" content=\"https:\/\/www.facebook.com\/dogmasocks\/\" \/>\n<meta property=\"article:modified_time\" content=\"2020-10-02T11:17:16+00:00\" \/>\n<meta property=\"og:image\" content=\"https:\/\/www.dogmasocks.com\/wp-content\/uploads\/2019\/04\/dogmasocks-snow-snow-fox-foxy-salmon-1.jpg\" \/>\n\t<meta property=\"og:image:width\" content=\"1920\" \/>\n\t<meta property=\"og:image:height\" content=\"1266\" \/>\n\t<meta property=\"og:image:type\" content=\"image\/jpeg\" \/>\n<meta name=\"twitter:card\" content=\"summary_large_image\" \/>\n<meta name=\"twitter:label1\" content=\"Gesch\u00e4tzte Lesezeit\" \/>\n\t<meta name=\"twitter:data1\" content=\"1\u00a0Minute\" \/>\n<script type=\"application\/ld+json\" class=\"yoast-schema-graph\">{\"@context\":\"https:\/\/schema.org\",\"@graph\":[{\"@type\":\"WebPage\",\"@id\":\"https:\/\/www.dogmasocks.com\/de\/dogma-familie\/\",\"url\":\"https:\/\/www.dogmasocks.com\/de\/dogma-familie\/\",\"name\":\"Dogma-familie | Dogma Socks - Extreme Design For Your Feet\",\"isPartOf\":{\"@id\":\"http:\/\/www.dogmasocks.com\/de\/#website\"},\"primaryImageOfPage\":{\"@id\":\"https:\/\/www.dogmasocks.com\/de\/dogma-familie\/#primaryimage\"},\"image\":{\"@id\":\"https:\/\/www.dogmasocks.com\/de\/dogma-familie\/#primaryimage\"},\"thumbnailUrl\":\"https:\/\/www.dogmasocks.com\/wp-content\/uploads\/2019\/04\/dogmasocks-snow-snow-fox-foxy-salmon-1.jpg\",\"datePublished\":\"2019-03-01T16:05:06+00:00\",\"dateModified\":\"2020-10-02T11:17:16+00:00\",\"breadcrumb\":{\"@id\":\"https:\/\/www.dogmasocks.com\/de\/dogma-familie\/#breadcrumb\"},\"inLanguage\":\"de\",\"potentialAction\":[{\"@type\":\"ReadAction\",\"target\":[\"https:\/\/www.dogmasocks.com\/de\/dogma-familie\/\"]}]},{\"@type\":\"ImageObject\",\"inLanguage\":\"de\",\"@id\":\"https:\/\/www.dogmasocks.com\/de\/dogma-familie\/#primaryimage\",\"url\":\"https:\/\/www.dogmasocks.com\/wp-content\/uploads\/2019\/04\/dogmasocks-snow-snow-fox-foxy-salmon-1.jpg\",\"contentUrl\":\"https:\/\/www.dogmasocks.com\/wp-content\/uploads\/2019\/04\/dogmasocks-snow-snow-fox-foxy-salmon-1.jpg\",\"width\":1920,\"height\":1266},{\"@type\":\"BreadcrumbList\",\"@id\":\"https:\/\/www.dogmasocks.com\/de\/dogma-familie\/#breadcrumb\",\"itemListElement\":[{\"@type\":\"ListItem\",\"position\":1,\"name\":\"Home\",\"item\":\"http:\/\/www.dogmasocks.com\/de\/\"},{\"@type\":\"ListItem\",\"position\":2,\"name\":\"Dogma-familie\"}]},{\"@type\":\"WebSite\",\"@id\":\"http:\/\/www.dogmasocks.com\/de\/#website\",\"url\":\"http:\/\/www.dogmasocks.com\/de\/\",\"name\":\"Dogma Socks\",\"description\":\"eXtreme design for your feet.\",\"potentialAction\":[{\"@type\":\"SearchAction\",\"target\":{\"@type\":\"EntryPoint\",\"urlTemplate\":\"http:\/\/www.dogmasocks.com\/de\/?s={search_term_string}\"},\"query-input\":{\"@type\":\"PropertyValueSpecification\",\"valueRequired\":true,\"valueName\":\"search_term_string\"}}],\"inLanguage\":\"de\"}]}<\/script>\n<!-- \/ Yoast SEO plugin. -->","yoast_head_json":{"title":"Dogma-familie | Dogma Socks - Extreme Design For Your Feet","robots":{"index":"noindex","follow":"nofollow"},"og_locale":"de_DE","og_type":"article","og_title":"Dogma-familie | Dogma Socks - Extreme Design For Your Feet","og_description":"Die Dogma-Familie ist ein Zusammenschluss von Sport- und naturbegeisterten Menschen, die gro\u00dfen Wert auf eine gesunde Lebensweise und qualitative Sportausstattung legen. Wir sch\u00e4tzen uns gl\u00fccklich, hier bei Dogma eine Vielfalt von verschiedenen Pers\u00f6nlichkeiten mit interessanten Lebensgeschichten und wertvollen Lebenserfahrungen zu vereinen und m\u00f6chten Ihnen einige Familienmitglieder gerne n\u00e4her vorstellen. Darunter finden sich au\u00dfergew\u00f6hnliche Snowboarder, Naturliebhaber, [&hellip;]","og_url":"https:\/\/www.dogmasocks.com\/de\/dogma-familie\/","og_site_name":"Dogma Socks","article_publisher":"https:\/\/www.facebook.com\/dogmasocks\/","article_modified_time":"2020-10-02T11:17:16+00:00","og_image":[{"width":1920,"height":1266,"url":"https:\/\/www.dogmasocks.com\/wp-content\/uploads\/2019\/04\/dogmasocks-snow-snow-fox-foxy-salmon-1.jpg","type":"image\/jpeg"}],"twitter_card":"summary_large_image","twitter_misc":{"Gesch\u00e4tzte Lesezeit":"1\u00a0Minute"},"schema":{"@context":"https:\/\/schema.org","@graph":[{"@type":"WebPage","@id":"https:\/\/www.dogmasocks.com\/de\/dogma-familie\/","url":"https:\/\/www.dogmasocks.com\/de\/dogma-familie\/","name":"Dogma-familie | Dogma Socks - Extreme Design For Your Feet","isPartOf":{"@id":"http:\/\/www.dogmasocks.com\/de\/#website"},"primaryImageOfPage":{"@id":"https:\/\/www.dogmasocks.com\/de\/dogma-familie\/#primaryimage"},"image":{"@id":"https:\/\/www.dogmasocks.com\/de\/dogma-familie\/#primaryimage"},"thumbnailUrl":"https:\/\/www.dogmasocks.com\/wp-content\/uploads\/2019\/04\/dogmasocks-snow-snow-fox-foxy-salmon-1.jpg","datePublished":"2019-03-01T16:05:06+00:00","dateModified":"2020-10-02T11:17:16+00:00","breadcrumb":{"@id":"https:\/\/www.dogmasocks.com\/de\/dogma-familie\/#breadcrumb"},"inLanguage":"de","potentialAction":[{"@type":"ReadAction","target":["https:\/\/www.dogmasocks.com\/de\/dogma-familie\/"]}]},{"@type":"ImageObject","inLanguage":"de","@id":"https:\/\/www.dogmasocks.com\/de\/dogma-familie\/#primaryimage","url":"https:\/\/www.dogmasocks.com\/wp-content\/uploads\/2019\/04\/dogmasocks-snow-snow-fox-foxy-salmon-1.jpg","contentUrl":"https:\/\/www.dogmasocks.com\/wp-content\/uploads\/2019\/04\/dogmasocks-snow-snow-fox-foxy-salmon-1.jpg","width":1920,"height":1266},{"@type":"BreadcrumbList","@id":"https:\/\/www.dogmasocks.com\/de\/dogma-familie\/#breadcrumb","itemListElement":[{"@type":"ListItem","position":1,"name":"Home","item":"http:\/\/www.dogmasocks.com\/de\/"},{"@type":"ListItem","position":2,"name":"Dogma-familie"}]},{"@type":"WebSite","@id":"http:\/\/www.dogmasocks.com\/de\/#website","url":"http:\/\/www.dogmasocks.com\/de\/","name":"Dogma Socks","description":"eXtreme design for your feet.","potentialAction":[{"@type":"SearchAction","target":{"@type":"EntryPoint","urlTemplate":"http:\/\/www.dogmasocks.com\/de\/?s={search_term_string}"},"query-input":{"@type":"PropertyValueSpecification","valueRequired":true,"valueName":"search_term_string"}}],"inLanguage":"de"}]}},"_links":{"self":[{"href":"https:\/\/www.dogmasocks.com\/de\/wp-json\/wp\/v2\/pages\/26536","targetHints":{"allow":["GET"]}}],"collection":[{"href":"https:\/\/www.dogmasocks.com\/de\/wp-json\/wp\/v2\/pages"}],"about":[{"href":"https:\/\/www.dogmasocks.com\/de\/wp-json\/wp\/v2\/types\/page"}],"author":[{"embeddable":true,"href":"https:\/\/www.dogmasocks.com\/de\/wp-json\/wp\/v2\/users\/1"}],"replies":[{"embeddable":true,"href":"https:\/\/www.dogmasocks.com\/de\/wp-json\/wp\/v2\/comments?post=26536"}],"version-history":[{"count":2,"href":"https:\/\/www.dogmasocks.com\/de\/wp-json\/wp\/v2\/pages\/26536\/revisions"}],"predecessor-version":[{"id":1469480,"href":"https:\/\/www.dogmasocks.com\/de\/wp-json\/wp\/v2\/pages\/26536\/revisions\/1469480"}],"wp:featuredmedia":[{"embeddable":true,"href":"https:\/\/www.dogmasocks.com\/de\/wp-json\/wp\/v2\/media\/21974"}],"wp:attachment":[{"href":"https:\/\/www.dogmasocks.com\/de\/wp-json\/wp\/v2\/media?parent=26536"}],"curies":[{"name":"wp","href":"https:\/\/api.w.org\/{rel}","templated":true}]}}