{"id":22823,"date":"2019-03-01T17:04:45","date_gmt":"2019-03-01T16:04:45","guid":{"rendered":"https:\/\/www.dogmasocks.com\/story\/"},"modified":"2020-10-02T15:01:07","modified_gmt":"2020-10-02T13:01:07","slug":"dogma-geschichte","status":"publish","type":"page","link":"https:\/\/www.dogmasocks.com\/de\/dogma-geschichte\/","title":{"rendered":"Firmengeschichte"},"content":{"rendered":"\n<p>Die Marke Dogma vereint k\u00fcnstlerischen Anspruch mit technologischem Fortschritt und wurde entwickelt, um die anspruchsvollsten Sportliebhaber der Welt zufrieden zu stellen.<br><\/p>\n\n\n\n<p>Unsere Philosophie basiert auf der \u00dcberzeugung, dass Socken gleichzeitig funktional und leistungsstark sowie kreativ gestaltet sein sollten, damit man sie am liebsten nicht mehr ausziehen m\u00f6chte.<\/p>\n\n\n\n<p class=\"has-text-align-center\"><strong>Unser Ziel ist es daher, hochwertige Produkte mit technischen Details und einer kreativen Note herzustellen, damit sowohl funktionale als auch optische Kriterien unserer Kunden erf\u00fcllt werden. Grunds\u00e4tzlich m\u00f6chten wir, dass die Socken hervorragend aussehen, ohne dabei ihre Zweckm\u00e4\u00dfigkeit zu verlieren.<\/strong><\/p>\n\n\n\n<p class=\"has-text-align-center\">Das Dogma Team hat es sich zur Aufgabe gemacht, ein relativ einfaches Produkt zu einem besonderen Produkt zu machen. Socken werden seit jeher untersch\u00e4tzt, weshalb wir zeigen m\u00f6chten, dass ein so unscheinbares Produkt eine wichtige Rolle bei der Leistungssteigerung von Sportlern spielen kann. Dabei sch\u00e4tzen wir \u00c4sthetik und Funktionalit\u00e4t gleicherma\u00dfen und m\u00f6chten hier das Beste herausholen.<\/p>\n\n\n\n<p class=\"has-text-align-center\">Wir sind ein naturbewusstes und umweltfreundliches Unternehmen, dem es wichtig ist, dass bei der Produktherstellung der Umwelt kein Schaden zugef\u00fcgt wird. Deshalb bestehen unsere Verpackungen aus wiederverwertbaren Materialien, w\u00e4hrend unsere Socken aus zertifizierten \u00f6kologischen Materialien hergestellt werden. Alle Dogma-Produkte werden in einer kleinen, malerischen, mittelalterlichen Stadt namens Samobor in Kroatien entworfen, hergestellt und verpackt. Es handelt sich dabei um ein Familienunternehmen, das nicht nur viel Liebe, sondern auch 28 Jahre Erfahrung in die Herstellung der Socken einbringt.<\/p>\n\n\n\n<p class=\"has-text-align-center\">Die Unternehmensgr\u00fcnderin Morena hatte das Gl\u00fcck, dass gewisse Lebensumst\u00e4nde es ihr m\u00f6glich machten, die Idee von Dogma in die Realit\u00e4t umzusetzen. Dazu z\u00e4hlten vor allem eine gute Freundin, eine bestehende Sockenfabrik und die Teilnahme an den Olympischen Spielen. Alles begann, als sie f\u00fcr ihre ersten Olympischen Winterspiele in Sotschi trainierte und ein Gespr\u00e4ch mit einem Freund zu sp\u00e4ter Stunde dazu f\u00fchrte, dass sie ihre Familie, die bereits eine Sockenfabrik besa\u00df, davon \u00fcberzeugte, eine eigene Sportsockenmarke zu entwerfen. Sie kombinierte ihre Fach- und Ausbildungskenntnisse, ihr Know-how in Sockenproduktion, ihre sportliche Expertise, ihre olympische Erfahrung und die Liebe zum Design und entwarf ein einzigartiges Produkt. Die Welt wurde so um Socken reicher, die jedes Training und Spiel erheblich verbessern k\u00f6nnen.<\/p>\n\n\n\n<p class=\"has-text-align-center\">\u2026 und die Marke Dogma war geboren\u2026.<\/p>\n","protected":false},"excerpt":{"rendered":"<p>Die Marke Dogma vereint k\u00fcnstlerischen Anspruch mit technologischem Fortschritt und wurde entwickelt, um die anspruchsvollsten Sportliebhaber der Welt zufrieden zu stellen. Unsere Philosophie basiert auf der \u00dcberzeugung, dass Socken gleichzeitig funktional und leistungsstark sowie kreativ gestaltet sein sollten, damit man sie am liebsten nicht mehr ausziehen m\u00f6chte. Unser Ziel ist es daher, hochwertige Produkte mit [&hellip;]<\/p>\n","protected":false},"author":1,"featured_media":1474416,"parent":0,"menu_order":0,"comment_status":"closed","ping_status":"closed","template":"","meta":{"_acf_changed":false,"footnotes":""},"class_list":["post-22823","page","type-page","status-publish","has-post-thumbnail","hentry"],"acf":[],"yoast_head":"<!-- This site is optimized with the Yoast SEO plugin v24.2 - https:\/\/yoast.com\/wordpress\/plugins\/seo\/ -->\n<title>Firmengeschichte | Dogma Socks - Extreme Design For Your Feet<\/title>\n<meta name=\"robots\" content=\"index, follow, max-snippet:-1, max-image-preview:large, max-video-preview:-1\" \/>\n<link rel=\"canonical\" href=\"https:\/\/www.dogmasocks.com\/de\/dogma-geschichte\/\" \/>\n<meta property=\"og:locale\" content=\"de_DE\" \/>\n<meta property=\"og:type\" content=\"article\" \/>\n<meta property=\"og:title\" content=\"Firmengeschichte | Dogma Socks - Extreme Design For Your Feet\" \/>\n<meta property=\"og:description\" content=\"Die Marke Dogma vereint k\u00fcnstlerischen Anspruch mit technologischem Fortschritt und wurde entwickelt, um die anspruchsvollsten Sportliebhaber der Welt zufrieden zu stellen. Unsere Philosophie basiert auf der \u00dcberzeugung, dass Socken gleichzeitig funktional und leistungsstark sowie kreativ gestaltet sein sollten, damit man sie am liebsten nicht mehr ausziehen m\u00f6chte. Unser Ziel ist es daher, hochwertige Produkte mit [&hellip;]\" \/>\n<meta property=\"og:url\" content=\"https:\/\/www.dogmasocks.com\/de\/dogma-geschichte\/\" \/>\n<meta property=\"og:site_name\" content=\"Dogma Socks\" \/>\n<meta property=\"article:publisher\" content=\"https:\/\/www.facebook.com\/dogmasocks\/\" \/>\n<meta property=\"article:modified_time\" content=\"2020-10-02T13:01:07+00:00\" \/>\n<meta property=\"og:image\" content=\"https:\/\/www.dogmasocks.com\/wp-content\/uploads\/2022\/01\/DSC_2188-e1667428038854.jpg\" \/>\n\t<meta property=\"og:image:width\" content=\"1960\" \/>\n\t<meta property=\"og:image:height\" content=\"1304\" \/>\n\t<meta property=\"og:image:type\" content=\"image\/jpeg\" \/>\n<meta name=\"twitter:card\" content=\"summary_large_image\" \/>\n<meta name=\"twitter:label1\" content=\"Gesch\u00e4tzte Lesezeit\" \/>\n\t<meta name=\"twitter:data1\" content=\"2\u00a0Minuten\" \/>\n<script type=\"application\/ld+json\" class=\"yoast-schema-graph\">{\"@context\":\"https:\/\/schema.org\",\"@graph\":[{\"@type\":\"WebPage\",\"@id\":\"https:\/\/www.dogmasocks.com\/de\/dogma-geschichte\/\",\"url\":\"https:\/\/www.dogmasocks.com\/de\/dogma-geschichte\/\",\"name\":\"Firmengeschichte | Dogma Socks - Extreme Design For Your Feet\",\"isPartOf\":{\"@id\":\"http:\/\/www.dogmasocks.com\/de\/#website\"},\"primaryImageOfPage\":{\"@id\":\"https:\/\/www.dogmasocks.com\/de\/dogma-geschichte\/#primaryimage\"},\"image\":{\"@id\":\"https:\/\/www.dogmasocks.com\/de\/dogma-geschichte\/#primaryimage\"},\"thumbnailUrl\":\"https:\/\/www.dogmasocks.com\/wp-content\/uploads\/2022\/01\/DSC_2188-e1667428038854.jpg\",\"datePublished\":\"2019-03-01T16:04:45+00:00\",\"dateModified\":\"2020-10-02T13:01:07+00:00\",\"breadcrumb\":{\"@id\":\"https:\/\/www.dogmasocks.com\/de\/dogma-geschichte\/#breadcrumb\"},\"inLanguage\":\"de\",\"potentialAction\":[{\"@type\":\"ReadAction\",\"target\":[\"https:\/\/www.dogmasocks.com\/de\/dogma-geschichte\/\"]}]},{\"@type\":\"ImageObject\",\"inLanguage\":\"de\",\"@id\":\"https:\/\/www.dogmasocks.com\/de\/dogma-geschichte\/#primaryimage\",\"url\":\"https:\/\/www.dogmasocks.com\/wp-content\/uploads\/2022\/01\/DSC_2188-e1667428038854.jpg\",\"contentUrl\":\"https:\/\/www.dogmasocks.com\/wp-content\/uploads\/2022\/01\/DSC_2188-e1667428038854.jpg\",\"width\":1960,\"height\":1304},{\"@type\":\"BreadcrumbList\",\"@id\":\"https:\/\/www.dogmasocks.com\/de\/dogma-geschichte\/#breadcrumb\",\"itemListElement\":[{\"@type\":\"ListItem\",\"position\":1,\"name\":\"Home\",\"item\":\"http:\/\/www.dogmasocks.com\/de\/\"},{\"@type\":\"ListItem\",\"position\":2,\"name\":\"Firmengeschichte\"}]},{\"@type\":\"WebSite\",\"@id\":\"http:\/\/www.dogmasocks.com\/de\/#website\",\"url\":\"http:\/\/www.dogmasocks.com\/de\/\",\"name\":\"Dogma Socks\",\"description\":\"eXtreme design for your feet.\",\"potentialAction\":[{\"@type\":\"SearchAction\",\"target\":{\"@type\":\"EntryPoint\",\"urlTemplate\":\"http:\/\/www.dogmasocks.com\/de\/?s={search_term_string}\"},\"query-input\":{\"@type\":\"PropertyValueSpecification\",\"valueRequired\":true,\"valueName\":\"search_term_string\"}}],\"inLanguage\":\"de\"}]}<\/script>\n<!-- \/ Yoast SEO plugin. -->","yoast_head_json":{"title":"Firmengeschichte | Dogma Socks - Extreme Design For Your Feet","robots":{"index":"index","follow":"follow","max-snippet":"max-snippet:-1","max-image-preview":"max-image-preview:large","max-video-preview":"max-video-preview:-1"},"canonical":"https:\/\/www.dogmasocks.com\/de\/dogma-geschichte\/","og_locale":"de_DE","og_type":"article","og_title":"Firmengeschichte | Dogma Socks - Extreme Design For Your Feet","og_description":"Die Marke Dogma vereint k\u00fcnstlerischen Anspruch mit technologischem Fortschritt und wurde entwickelt, um die anspruchsvollsten Sportliebhaber der Welt zufrieden zu stellen. Unsere Philosophie basiert auf der \u00dcberzeugung, dass Socken gleichzeitig funktional und leistungsstark sowie kreativ gestaltet sein sollten, damit man sie am liebsten nicht mehr ausziehen m\u00f6chte. Unser Ziel ist es daher, hochwertige Produkte mit [&hellip;]","og_url":"https:\/\/www.dogmasocks.com\/de\/dogma-geschichte\/","og_site_name":"Dogma Socks","article_publisher":"https:\/\/www.facebook.com\/dogmasocks\/","article_modified_time":"2020-10-02T13:01:07+00:00","og_image":[{"width":1960,"height":1304,"url":"https:\/\/www.dogmasocks.com\/wp-content\/uploads\/2022\/01\/DSC_2188-e1667428038854.jpg","type":"image\/jpeg"}],"twitter_card":"summary_large_image","twitter_misc":{"Gesch\u00e4tzte Lesezeit":"2\u00a0Minuten"},"schema":{"@context":"https:\/\/schema.org","@graph":[{"@type":"WebPage","@id":"https:\/\/www.dogmasocks.com\/de\/dogma-geschichte\/","url":"https:\/\/www.dogmasocks.com\/de\/dogma-geschichte\/","name":"Firmengeschichte | Dogma Socks - Extreme Design For Your Feet","isPartOf":{"@id":"http:\/\/www.dogmasocks.com\/de\/#website"},"primaryImageOfPage":{"@id":"https:\/\/www.dogmasocks.com\/de\/dogma-geschichte\/#primaryimage"},"image":{"@id":"https:\/\/www.dogmasocks.com\/de\/dogma-geschichte\/#primaryimage"},"thumbnailUrl":"https:\/\/www.dogmasocks.com\/wp-content\/uploads\/2022\/01\/DSC_2188-e1667428038854.jpg","datePublished":"2019-03-01T16:04:45+00:00","dateModified":"2020-10-02T13:01:07+00:00","breadcrumb":{"@id":"https:\/\/www.dogmasocks.com\/de\/dogma-geschichte\/#breadcrumb"},"inLanguage":"de","potentialAction":[{"@type":"ReadAction","target":["https:\/\/www.dogmasocks.com\/de\/dogma-geschichte\/"]}]},{"@type":"ImageObject","inLanguage":"de","@id":"https:\/\/www.dogmasocks.com\/de\/dogma-geschichte\/#primaryimage","url":"https:\/\/www.dogmasocks.com\/wp-content\/uploads\/2022\/01\/DSC_2188-e1667428038854.jpg","contentUrl":"https:\/\/www.dogmasocks.com\/wp-content\/uploads\/2022\/01\/DSC_2188-e1667428038854.jpg","width":1960,"height":1304},{"@type":"BreadcrumbList","@id":"https:\/\/www.dogmasocks.com\/de\/dogma-geschichte\/#breadcrumb","itemListElement":[{"@type":"ListItem","position":1,"name":"Home","item":"http:\/\/www.dogmasocks.com\/de\/"},{"@type":"ListItem","position":2,"name":"Firmengeschichte"}]},{"@type":"WebSite","@id":"http:\/\/www.dogmasocks.com\/de\/#website","url":"http:\/\/www.dogmasocks.com\/de\/","name":"Dogma Socks","description":"eXtreme design for your feet.","potentialAction":[{"@type":"SearchAction","target":{"@type":"EntryPoint","urlTemplate":"http:\/\/www.dogmasocks.com\/de\/?s={search_term_string}"},"query-input":{"@type":"PropertyValueSpecification","valueRequired":true,"valueName":"search_term_string"}}],"inLanguage":"de"}]}},"_links":{"self":[{"href":"https:\/\/www.dogmasocks.com\/de\/wp-json\/wp\/v2\/pages\/22823","targetHints":{"allow":["GET"]}}],"collection":[{"href":"https:\/\/www.dogmasocks.com\/de\/wp-json\/wp\/v2\/pages"}],"about":[{"href":"https:\/\/www.dogmasocks.com\/de\/wp-json\/wp\/v2\/types\/page"}],"author":[{"embeddable":true,"href":"https:\/\/www.dogmasocks.com\/de\/wp-json\/wp\/v2\/users\/1"}],"replies":[{"embeddable":true,"href":"https:\/\/www.dogmasocks.com\/de\/wp-json\/wp\/v2\/comments?post=22823"}],"version-history":[{"count":3,"href":"https:\/\/www.dogmasocks.com\/de\/wp-json\/wp\/v2\/pages\/22823\/revisions"}],"predecessor-version":[{"id":1469477,"href":"https:\/\/www.dogmasocks.com\/de\/wp-json\/wp\/v2\/pages\/22823\/revisions\/1469477"}],"wp:featuredmedia":[{"embeddable":true,"href":"https:\/\/www.dogmasocks.com\/de\/wp-json\/wp\/v2\/media\/1474416"}],"wp:attachment":[{"href":"https:\/\/www.dogmasocks.com\/de\/wp-json\/wp\/v2\/media?parent=22823"}],"curies":[{"name":"wp","href":"https:\/\/api.w.org\/{rel}","templated":true}]}}